{"id":9609,"date":"2021-04-28T21:06:56","date_gmt":"2021-04-28T19:06:56","guid":{"rendered":"https:\/\/www.swissfairtrade.ch\/?page_id=9609"},"modified":"2022-04-21T12:46:57","modified_gmt":"2022-04-21T10:46:57","slug":"il-consumo-e-le-sue-conseguenze","status":"publish","type":"page","link":"https:\/\/www.swissfairtrade.ch\/it\/argomenti-principali\/centro-di-competenze\/clima\/il-consumo-e-le-sue-conseguenze\/","title":{"rendered":"Il consumo e le sue conseguenze"},"content":{"rendered":"<div class=\"wpb-content-wrapper\"><p>[vc_row full_width=&#8221;stretch_row&#8221; content_placement=&#8221;bottom&#8221; parallax=&#8221;content-moving-fade&#8221; parallax_image=&#8221;2959&#8243; css=&#8221;.vc_custom_1619637106428{background: rgba(196,196,196,0.71) url(https:\/\/www.swissfairtrade.ch\/wp-content\/uploads\/pexels-erik-scheel-95425-1-scaled.jpg?id=9770);background-position: center;background-repeat: no-repeat !important;background-size: cover !important;*background-color: rgb(196,196,196) !important;}&#8221; el_class=&#8221;header&#8221;][vc_column][vc_column_text el_class=&#8221;txt-white&#8221;]<\/p>\n<div class=\"annot\">\n<div class=\"row-main\">\n<div class=\"text\">\n<h1>Clima<\/h1>\n<h2 class=\"big\">Il consumo e le sue conseguenze<\/h2>\n<\/div>\n<\/div>\n<\/div>\n<p>[\/vc_column_text][\/vc_column][\/vc_row][vc_row][vc_column][vc_column_text]<strong>Il consumo e le sue conseguenze<\/strong><\/p>\n<p>Se il consumo nei Paesi del Nord ha effetti notevoli per le produttrici e i produttori della filiera equa, il commercio equo presenta anche un altro vantaggio: ci consente di essere consumatrici e consumatori ecologicamente responsabili, dato che l\u2019agricoltura contadina \u00e8 particolarmente rispettosa del clima. Di norma, sono infatti la coltivazione e la trasformazione di un prodotto, e non il suo trasporto, a generare la maggior parte delle emissioni di CO<sub>2<\/sub>. La maggior parte dei prodotti del commercio equo sono trasportati via mare (\u00e8 il caso, per esempio, del caff\u00e8, del cacao e dei prodotti tessili); le rare eccezioni riguardano derrate a rapida deperibilit\u00e0 che sono importate per via aerea (in particolare le rose e gli ananas).<\/p>\n<p><a href=\"https:\/\/www.gebana.com\/fr\/\" target=\"_blank\" rel=\"noopener noreferrer\">Gebana<\/a>, che ha condotto una vasta ricerca per determinare quale modello di consumo di frutta e verdura genera meno emissioni di CO<sub>2<\/sub>, \u00e8 giunta alla conclusione che, contrariamente a quanto si potrebbe pensare, non \u00e8 la distanza geografica a essere determinante, ma il fatto di consumare frutta e verdura di stagione. Dal bilancio ecologico delle banane emerge, per esempio, che il 75\u00a0% delle emissioni sono prodotte gi\u00e0 nella fase di coltivazione, un dato che raggiunge addirittura il 90\u00a0% nel caso del caff\u00e8 e del riso. Il trasporto via mare ha certamente un impatto, ma le corrispondenti emissioni sono quasi insignificanti nel bilancio ecologico di un prodotto. Gebana ha elaborato un <a href=\"https:\/\/www.gebana.com\/shop\/de-ch\/saisonkalender\" target=\"_blank\" rel=\"noopener noreferrer\">calendario<\/a> molto utile per chi intende consumare in modo responsabile, che indica quali sono i prodotti stagionali nelle varie zone del pianeta e consente quindi a consumatrici e consumatori di contribuire a limitare le emissioni di CO<sub>2<\/sub>.<\/p>\n<p>Anche i marchi dei membri di Swiss Fair Trade aiutano a fare la scelta giusta. Il marchio <a href=\"https:\/\/www.biore.ch\/\" target=\"_blank\" rel=\"noopener noreferrer\">bioRe\u00ae<\/a> Sustainable Textiles, per esempio, contraddistingue i prodotti tessili in cotone biologico fabbricati in modo climaticamente neutro grazie a progetti di compensazione realizzati lungo la catena di fornitura. Lo si trova su diverse marche internazionali e, in Svizzera, soprattutto nella gamma <a href=\"https:\/\/www.coop.ch\/it\/ispirazioni-regali\/label\/naturaline-bio-fair\/c\/m_0879\" target=\"_blank\" rel=\"noopener noreferrer\">Coop Naturaline<\/a>.[\/vc_column_text][\/vc_column][\/vc_row][vc_row][vc_column][vc_empty_space height=&#8221;50px&#8221;][vc_separator][vc_column_text]<\/p>\n<h3>Altri temi<\/h3>\n<p>[\/vc_column_text][vc_basic_grid post_type=&#8221;page&#8221; max_items=&#8221;-1&#8243; gap=&#8221;10&#8243; orderby=&#8221;menu_order&#8221; order=&#8221;ASC&#8221; item=&#8221;1885&#8243; grid_id=&#8221;vc_gid:1619637097630-5d89a3c5-7460-8&#8243; taxonomies=&#8221;359&#8243;][\/vc_column][\/vc_row]<\/p>\n<\/div>","protected":false},"excerpt":{"rendered":"<p>Quando consumi prodotti del commercio equo e solidale, sostieni i agricoltori e promuovi la protezione del clima.<\/p>\n","protected":false},"author":3,"featured_media":9637,"parent":7505,"menu_order":3,"comment_status":"closed","ping_status":"closed","template":"","meta":{"generate_page_header":"","footnotes":"","_links_to":"","_links_to_target":""},"hauptseiten-kategorie":[359],"class_list":{"0":"post-9609","1":"page","2":"type-page","3":"status-publish","4":"has-post-thumbnail","6":"hauptseiten-kategorie-clima"},"yoast_head":"<!-- This site is optimized with the Yoast SEO plugin v26.2 - https:\/\/yoast.com\/wordpress\/plugins\/seo\/ -->\n<title>Il consumo e le sue conseguenze - Swiss Fair Trade<\/title>\n<meta name=\"robots\" content=\"index, follow, max-snippet:-1, max-image-preview:large, max-video-preview:-1\" \/>\n<link rel=\"canonical\" href=\"https:\/\/www.swissfairtrade.ch\/it\/argomenti-principali\/centro-di-competenze\/clima\/il-consumo-e-le-sue-conseguenze\/\" \/>\n<meta property=\"og:locale\" content=\"it_IT\" \/>\n<meta property=\"og:type\" content=\"article\" \/>\n<meta property=\"og:title\" content=\"Il consumo e le sue conseguenze - Swiss Fair Trade\" \/>\n<meta property=\"og:description\" content=\"Quando consumi prodotti del commercio equo e solidale, sostieni i agricoltori e promuovi la protezione del clima.\" \/>\n<meta property=\"og:url\" content=\"https:\/\/www.swissfairtrade.ch\/it\/argomenti-principali\/centro-di-competenze\/clima\/il-consumo-e-le-sue-conseguenze\/\" \/>\n<meta property=\"og:site_name\" content=\"Swiss Fair Trade\" \/>\n<meta property=\"article:modified_time\" content=\"2022-04-21T10:46:57+00:00\" \/>\n<meta property=\"og:image\" content=\"https:\/\/www.swissfairtrade.ch\/wp-content\/uploads\/pexels-erik-scheel-95425-scaled.jpg\" \/>\n\t<meta property=\"og:image:width\" content=\"2560\" \/>\n\t<meta property=\"og:image:height\" content=\"1707\" \/>\n\t<meta property=\"og:image:type\" content=\"image\/jpeg\" \/>\n<meta name=\"twitter:card\" content=\"summary_large_image\" \/>\n<meta name=\"twitter:label1\" content=\"Tempo di lettura stimato\" \/>\n\t<meta name=\"twitter:data1\" content=\"2 minuti\" \/>\n<script type=\"application\/ld+json\" class=\"yoast-schema-graph\">{\"@context\":\"https:\/\/schema.org\",\"@graph\":[{\"@type\":\"WebPage\",\"@id\":\"https:\/\/www.swissfairtrade.ch\/it\/argomenti-principali\/centro-di-competenze\/clima\/il-consumo-e-le-sue-conseguenze\/\",\"url\":\"https:\/\/www.swissfairtrade.ch\/it\/argomenti-principali\/centro-di-competenze\/clima\/il-consumo-e-le-sue-conseguenze\/\",\"name\":\"Il consumo e le sue conseguenze - Swiss Fair Trade\",\"isPartOf\":{\"@id\":\"https:\/\/www.swissfairtrade.ch\/it\/#website\"},\"primaryImageOfPage\":{\"@id\":\"https:\/\/www.swissfairtrade.ch\/it\/argomenti-principali\/centro-di-competenze\/clima\/il-consumo-e-le-sue-conseguenze\/#primaryimage\"},\"image\":{\"@id\":\"https:\/\/www.swissfairtrade.ch\/it\/argomenti-principali\/centro-di-competenze\/clima\/il-consumo-e-le-sue-conseguenze\/#primaryimage\"},\"thumbnailUrl\":\"https:\/\/www.swissfairtrade.ch\/wp-content\/uploads\/pexels-erik-scheel-95425-scaled.jpg\",\"datePublished\":\"2021-04-28T19:06:56+00:00\",\"dateModified\":\"2022-04-21T10:46:57+00:00\",\"breadcrumb\":{\"@id\":\"https:\/\/www.swissfairtrade.ch\/it\/argomenti-principali\/centro-di-competenze\/clima\/il-consumo-e-le-sue-conseguenze\/#breadcrumb\"},\"inLanguage\":\"it-IT\",\"potentialAction\":[{\"@type\":\"ReadAction\",\"target\":[\"https:\/\/www.swissfairtrade.ch\/it\/argomenti-principali\/centro-di-competenze\/clima\/il-consumo-e-le-sue-conseguenze\/\"]}]},{\"@type\":\"ImageObject\",\"inLanguage\":\"it-IT\",\"@id\":\"https:\/\/www.swissfairtrade.ch\/it\/argomenti-principali\/centro-di-competenze\/clima\/il-consumo-e-le-sue-conseguenze\/#primaryimage\",\"url\":\"https:\/\/www.swissfairtrade.ch\/wp-content\/uploads\/pexels-erik-scheel-95425-scaled.jpg\",\"contentUrl\":\"https:\/\/www.swissfairtrade.ch\/wp-content\/uploads\/pexels-erik-scheel-95425-scaled.jpg\",\"width\":2560,\"height\":1707},{\"@type\":\"BreadcrumbList\",\"@id\":\"https:\/\/www.swissfairtrade.ch\/it\/argomenti-principali\/centro-di-competenze\/clima\/il-consumo-e-le-sue-conseguenze\/#breadcrumb\",\"itemListElement\":[{\"@type\":\"ListItem\",\"position\":1,\"name\":\"Home\",\"item\":\"https:\/\/www.swissfairtrade.ch\/it\/\"},{\"@type\":\"ListItem\",\"position\":2,\"name\":\"Argomenti principali\",\"item\":\"https:\/\/www.swissfairtrade.ch\/it\/argomenti-principali\/\"},{\"@type\":\"ListItem\",\"position\":3,\"name\":\"Centro di competenze\",\"item\":\"https:\/\/www.swissfairtrade.ch\/it\/argomenti-principali\/centro-di-competenze\/\"},{\"@type\":\"ListItem\",\"position\":4,\"name\":\"Clima\",\"item\":\"https:\/\/www.swissfairtrade.ch\/it\/argomenti-principali\/centro-di-competenze\/clima\/\"},{\"@type\":\"ListItem\",\"position\":5,\"name\":\"Il consumo e le sue conseguenze\"}]},{\"@type\":\"WebSite\",\"@id\":\"https:\/\/www.swissfairtrade.ch\/it\/#website\",\"url\":\"https:\/\/www.swissfairtrade.ch\/it\/\",\"name\":\"Swiss Fair Trade\",\"description\":\"\",\"publisher\":{\"@id\":\"https:\/\/www.swissfairtrade.ch\/it\/#organization\"},\"potentialAction\":[{\"@type\":\"SearchAction\",\"target\":{\"@type\":\"EntryPoint\",\"urlTemplate\":\"https:\/\/www.swissfairtrade.ch\/it\/?s={search_term_string}\"},\"query-input\":{\"@type\":\"PropertyValueSpecification\",\"valueRequired\":true,\"valueName\":\"search_term_string\"}}],\"inLanguage\":\"it-IT\"},{\"@type\":\"Organization\",\"@id\":\"https:\/\/www.swissfairtrade.ch\/it\/#organization\",\"name\":\"Swiss Fair Trade\",\"url\":\"https:\/\/www.swissfairtrade.ch\/it\/\",\"logo\":{\"@type\":\"ImageObject\",\"inLanguage\":\"it-IT\",\"@id\":\"https:\/\/www.swissfairtrade.ch\/it\/#\/schema\/logo\/image\/\",\"url\":\"https:\/\/www.swissfairtrade.ch\/wp-content\/uploads\/SwissFairTrade-Logo-rgb-203.51.59-web.png\",\"contentUrl\":\"https:\/\/www.swissfairtrade.ch\/wp-content\/uploads\/SwissFairTrade-Logo-rgb-203.51.59-web.png\",\"width\":130,\"height\":115,\"caption\":\"Swiss Fair Trade\"},\"image\":{\"@id\":\"https:\/\/www.swissfairtrade.ch\/it\/#\/schema\/logo\/image\/\"}}]}<\/script>\n<!-- \/ Yoast SEO plugin. -->","yoast_head_json":{"title":"Il consumo e le sue conseguenze - Swiss Fair Trade","robots":{"index":"index","follow":"follow","max-snippet":"max-snippet:-1","max-image-preview":"max-image-preview:large","max-video-preview":"max-video-preview:-1"},"canonical":"https:\/\/www.swissfairtrade.ch\/it\/argomenti-principali\/centro-di-competenze\/clima\/il-consumo-e-le-sue-conseguenze\/","og_locale":"it_IT","og_type":"article","og_title":"Il consumo e le sue conseguenze - Swiss Fair Trade","og_description":"Quando consumi prodotti del commercio equo e solidale, sostieni i agricoltori e promuovi la protezione del clima.","og_url":"https:\/\/www.swissfairtrade.ch\/it\/argomenti-principali\/centro-di-competenze\/clima\/il-consumo-e-le-sue-conseguenze\/","og_site_name":"Swiss Fair Trade","article_modified_time":"2022-04-21T10:46:57+00:00","og_image":[{"width":2560,"height":1707,"url":"https:\/\/www.swissfairtrade.ch\/wp-content\/uploads\/pexels-erik-scheel-95425-scaled.jpg","type":"image\/jpeg"}],"twitter_card":"summary_large_image","twitter_misc":{"Tempo di lettura stimato":"2 minuti"},"schema":{"@context":"https:\/\/schema.org","@graph":[{"@type":"WebPage","@id":"https:\/\/www.swissfairtrade.ch\/it\/argomenti-principali\/centro-di-competenze\/clima\/il-consumo-e-le-sue-conseguenze\/","url":"https:\/\/www.swissfairtrade.ch\/it\/argomenti-principali\/centro-di-competenze\/clima\/il-consumo-e-le-sue-conseguenze\/","name":"Il consumo e le sue conseguenze - Swiss Fair Trade","isPartOf":{"@id":"https:\/\/www.swissfairtrade.ch\/it\/#website"},"primaryImageOfPage":{"@id":"https:\/\/www.swissfairtrade.ch\/it\/argomenti-principali\/centro-di-competenze\/clima\/il-consumo-e-le-sue-conseguenze\/#primaryimage"},"image":{"@id":"https:\/\/www.swissfairtrade.ch\/it\/argomenti-principali\/centro-di-competenze\/clima\/il-consumo-e-le-sue-conseguenze\/#primaryimage"},"thumbnailUrl":"https:\/\/www.swissfairtrade.ch\/wp-content\/uploads\/pexels-erik-scheel-95425-scaled.jpg","datePublished":"2021-04-28T19:06:56+00:00","dateModified":"2022-04-21T10:46:57+00:00","breadcrumb":{"@id":"https:\/\/www.swissfairtrade.ch\/it\/argomenti-principali\/centro-di-competenze\/clima\/il-consumo-e-le-sue-conseguenze\/#breadcrumb"},"inLanguage":"it-IT","potentialAction":[{"@type":"ReadAction","target":["https:\/\/www.swissfairtrade.ch\/it\/argomenti-principali\/centro-di-competenze\/clima\/il-consumo-e-le-sue-conseguenze\/"]}]},{"@type":"ImageObject","inLanguage":"it-IT","@id":"https:\/\/www.swissfairtrade.ch\/it\/argomenti-principali\/centro-di-competenze\/clima\/il-consumo-e-le-sue-conseguenze\/#primaryimage","url":"https:\/\/www.swissfairtrade.ch\/wp-content\/uploads\/pexels-erik-scheel-95425-scaled.jpg","contentUrl":"https:\/\/www.swissfairtrade.ch\/wp-content\/uploads\/pexels-erik-scheel-95425-scaled.jpg","width":2560,"height":1707},{"@type":"BreadcrumbList","@id":"https:\/\/www.swissfairtrade.ch\/it\/argomenti-principali\/centro-di-competenze\/clima\/il-consumo-e-le-sue-conseguenze\/#breadcrumb","itemListElement":[{"@type":"ListItem","position":1,"name":"Home","item":"https:\/\/www.swissfairtrade.ch\/it\/"},{"@type":"ListItem","position":2,"name":"Argomenti principali","item":"https:\/\/www.swissfairtrade.ch\/it\/argomenti-principali\/"},{"@type":"ListItem","position":3,"name":"Centro di competenze","item":"https:\/\/www.swissfairtrade.ch\/it\/argomenti-principali\/centro-di-competenze\/"},{"@type":"ListItem","position":4,"name":"Clima","item":"https:\/\/www.swissfairtrade.ch\/it\/argomenti-principali\/centro-di-competenze\/clima\/"},{"@type":"ListItem","position":5,"name":"Il consumo e le sue conseguenze"}]},{"@type":"WebSite","@id":"https:\/\/www.swissfairtrade.ch\/it\/#website","url":"https:\/\/www.swissfairtrade.ch\/it\/","name":"Swiss Fair Trade","description":"","publisher":{"@id":"https:\/\/www.swissfairtrade.ch\/it\/#organization"},"potentialAction":[{"@type":"SearchAction","target":{"@type":"EntryPoint","urlTemplate":"https:\/\/www.swissfairtrade.ch\/it\/?s={search_term_string}"},"query-input":{"@type":"PropertyValueSpecification","valueRequired":true,"valueName":"search_term_string"}}],"inLanguage":"it-IT"},{"@type":"Organization","@id":"https:\/\/www.swissfairtrade.ch\/it\/#organization","name":"Swiss Fair Trade","url":"https:\/\/www.swissfairtrade.ch\/it\/","logo":{"@type":"ImageObject","inLanguage":"it-IT","@id":"https:\/\/www.swissfairtrade.ch\/it\/#\/schema\/logo\/image\/","url":"https:\/\/www.swissfairtrade.ch\/wp-content\/uploads\/SwissFairTrade-Logo-rgb-203.51.59-web.png","contentUrl":"https:\/\/www.swissfairtrade.ch\/wp-content\/uploads\/SwissFairTrade-Logo-rgb-203.51.59-web.png","width":130,"height":115,"caption":"Swiss Fair Trade"},"image":{"@id":"https:\/\/www.swissfairtrade.ch\/it\/#\/schema\/logo\/image\/"}}]}},"_links":{"self":[{"href":"https:\/\/www.swissfairtrade.ch\/it\/wp-json\/wp\/v2\/pages\/9609","targetHints":{"allow":["GET"]}}],"collection":[{"href":"https:\/\/www.swissfairtrade.ch\/it\/wp-json\/wp\/v2\/pages"}],"about":[{"href":"https:\/\/www.swissfairtrade.ch\/it\/wp-json\/wp\/v2\/types\/page"}],"author":[{"embeddable":true,"href":"https:\/\/www.swissfairtrade.ch\/it\/wp-json\/wp\/v2\/users\/3"}],"replies":[{"embeddable":true,"href":"https:\/\/www.swissfairtrade.ch\/it\/wp-json\/wp\/v2\/comments?post=9609"}],"version-history":[{"count":0,"href":"https:\/\/www.swissfairtrade.ch\/it\/wp-json\/wp\/v2\/pages\/9609\/revisions"}],"up":[{"embeddable":true,"href":"https:\/\/www.swissfairtrade.ch\/it\/wp-json\/wp\/v2\/pages\/7505"}],"wp:featuredmedia":[{"embeddable":true,"href":"https:\/\/www.swissfairtrade.ch\/it\/wp-json\/wp\/v2\/media\/9637"}],"wp:attachment":[{"href":"https:\/\/www.swissfairtrade.ch\/it\/wp-json\/wp\/v2\/media?parent=9609"}],"wp:term":[{"taxonomy":"hauptseiten-kategorie","embeddable":true,"href":"https:\/\/www.swissfairtrade.ch\/it\/wp-json\/wp\/v2\/hauptseiten-kategorie?post=9609"}],"curies":[{"name":"wp","href":"https:\/\/api.w.org\/{rel}","templated":true}]}}