{"id":8457,"date":"2020-05-18T16:52:59","date_gmt":"2020-05-18T14:52:59","guid":{"rendered":"https:\/\/www.swissfairtrade.ch\/?page_id=8457"},"modified":"2020-05-18T16:52:59","modified_gmt":"2020-05-18T14:52:59","slug":"discriminazione-etnica-2","status":"publish","type":"page","link":"https:\/\/www.swissfairtrade.ch\/it\/argomenti-principali\/centro-di-competenze\/ridurre-le-disuguaglianze\/discriminazione-etnica-2\/","title":{"rendered":"Discriminazione etnica"},"content":{"rendered":"<div class=\"wpb-content-wrapper\"><p>[vc_row full_width=&#8221;stretch_row&#8221; content_placement=&#8221;bottom&#8221; parallax=&#8221;content-moving-fade&#8221; parallax_image=&#8221;2959&#8243; css=&#8221;.vc_custom_1588335205559{background: rgba(196,196,196,0.71) url(https:\/\/www.swissfairtrade.ch\/wp-content\/uploads\/ethnische-Diskriminierung.jpg?id=7880);background-position: center;background-repeat: no-repeat !important;background-size: cover !important;*background-color: rgb(196,196,196) !important;}&#8221; el_class=&#8221;header&#8221;][vc_column][vc_column_text el_class=&#8221;txt-white&#8221;]<\/p>\n<div class=\"annot\">\n<div class=\"row-main\">\n<div class=\"text\">\n<h1>Discriminazione etnica<\/h1>\n<h2 class=\"big\"><\/h2>\n<\/div>\n<\/div>\n<\/div>\n<p>[\/vc_column_text][\/vc_column][\/vc_row][vc_row][vc_column][vc_column_text]<strong>Non solo le donne corrono un grande rischio di essere discriminate, ma anche quei gruppi che per via di norme sociali, vengono trattati in modo ineguale in base al loro aspetto, al colore della pelle, all&#8217;origine, all&#8217;etnia o alla nazionalit\u00e0. <\/strong><span data-contrast=\"auto\">Quando <\/span><span data-contrast=\"auto\">persone vengono svantaggiate, umiliate o attaccate<\/span><span data-contrast=\"auto\"> sulla base di queste caratteristiche e vengono sminuite e\/o aggredite con parole o azioni, si parla di discriminazione razziale o etnica. <\/span><span data-contrast=\"auto\">La discriminazione e<\/span><span data-contrast=\"auto\">tnica<\/span><span data-contrast=\"auto\"> \u00e8 diffusa in molti Paesi ed \u00e8 causa di instabilit\u00e0 politica. <\/span><span data-contrast=\"auto\">Molto<\/span><span data-contrast=\"auto\"> spesso rende difficile l&#8217;accesso di que<\/span><span data-contrast=\"auto\">ste persone al commercio e alle attivit\u00e0 economiche<\/span><span data-contrast=\"auto\">, minacciando cos\u00ec la loro esistenza.\u00a0<\/span><span data-ccp-props=\"{}\">\u00a0<\/span><span data-ccp-props=\"{}\">\u00a0<\/span><\/p>\n<p><strong>Il commercio equo e solidale cerca di ridurre queste disuguaglianze e di promuovere le pari opportunit\u00e0\u00a0\u00a0\u00a0<\/strong><\/p>\n<ul>\n<li aria-setsize=\"-1\" data-aria-level=\"1\" data-aria-posinset=\"1\" data-listid=\"11\" data-font=\"Symbol\" data-leveltext=\"\uf0b7\"><b><span data-contrast=\"auto\">promuovendo pratiche economiche inclusive<\/span><\/b><span data-contrast=\"auto\">,<\/span><\/li>\n<li aria-setsize=\"-1\" data-aria-level=\"1\" data-aria-posinset=\"1\" data-listid=\"11\" data-font=\"Symbol\" data-leveltext=\"\uf0b7\"><b><span data-contrast=\"auto\">avviando progetti e partenariati commerciali<\/span><\/b><span data-contrast=\"auto\"> specificamente con gruppi di popolazione discriminati nei loro paesi.<\/span><span data-ccp-props=\"{&quot;134233279&quot;:true}\">\u00a0<\/span><\/li>\n<\/ul>\n<p>[\/vc_column_text][\/vc_column][\/vc_row][vc_row][vc_column][vc_separator][vc_column_text]Progetti die nostri membri:[\/vc_column_text][vc_basic_grid post_type=&#8221;page&#8221; max_items=&#8221;2&#8243; item=&#8221;1885&#8243; grid_id=&#8221;vc_gid:1589813489704-d46b41ba-b227-3&#8243; taxonomies=&#8221;349&#8243;][\/vc_column][\/vc_row]<\/p>\n<\/div>","protected":false},"excerpt":{"rendered":"<p>Quando persone vengono svantaggiate, umiliate o attaccate sulla base di queste caratteristiche e vengono sminuite e\/o aggredite con parole o azioni, si parla di discriminazione razziale o etnica<\/p>\n","protected":false},"author":3,"featured_media":8461,"parent":7756,"menu_order":5,"comment_status":"closed","ping_status":"closed","template":"","meta":{"generate_page_header":"","footnotes":"","_links_to":"","_links_to_target":""},"hauptseiten-kategorie":[342],"class_list":{"0":"post-8457","1":"page","2":"type-page","3":"status-publish","4":"has-post-thumbnail","6":"hauptseiten-kategorie-giornata-mondiale-del-commercio-equo"},"yoast_head":"<!-- This site is optimized with the Yoast SEO plugin v26.2 - https:\/\/yoast.com\/wordpress\/plugins\/seo\/ -->\n<title>Discriminazione etnica - Swiss Fair Trade<\/title>\n<meta name=\"robots\" content=\"index, follow, max-snippet:-1, max-image-preview:large, max-video-preview:-1\" \/>\n<link rel=\"canonical\" href=\"https:\/\/www.swissfairtrade.ch\/it\/argomenti-principali\/centro-di-competenze\/ridurre-le-disuguaglianze\/discriminazione-etnica-2\/\" \/>\n<meta property=\"og:locale\" content=\"it_IT\" \/>\n<meta property=\"og:type\" content=\"article\" \/>\n<meta property=\"og:title\" content=\"Discriminazione etnica - Swiss Fair Trade\" \/>\n<meta property=\"og:description\" content=\"Quando persone vengono svantaggiate, umiliate o attaccate sulla base di queste caratteristiche e vengono sminuite e\/o aggredite con parole o azioni, si parla di discriminazione razziale o etnica\" \/>\n<meta property=\"og:url\" content=\"https:\/\/www.swissfairtrade.ch\/it\/argomenti-principali\/centro-di-competenze\/ridurre-le-disuguaglianze\/discriminazione-etnica-2\/\" \/>\n<meta property=\"og:site_name\" content=\"Swiss Fair Trade\" \/>\n<meta property=\"og:image\" content=\"https:\/\/www.swissfairtrade.ch\/wp-content\/uploads\/Portrait_Bauer_BurkinaFaso-1024x683.jpg\" \/>\n\t<meta property=\"og:image:width\" content=\"1024\" \/>\n\t<meta property=\"og:image:height\" content=\"683\" \/>\n\t<meta property=\"og:image:type\" content=\"image\/jpeg\" \/>\n<meta name=\"twitter:card\" content=\"summary_large_image\" \/>\n<meta name=\"twitter:label1\" content=\"Tempo di lettura stimato\" \/>\n\t<meta name=\"twitter:data1\" content=\"1 minuto\" \/>\n<script type=\"application\/ld+json\" class=\"yoast-schema-graph\">{\"@context\":\"https:\/\/schema.org\",\"@graph\":[{\"@type\":\"WebPage\",\"@id\":\"https:\/\/www.swissfairtrade.ch\/it\/argomenti-principali\/centro-di-competenze\/ridurre-le-disuguaglianze\/discriminazione-etnica-2\/\",\"url\":\"https:\/\/www.swissfairtrade.ch\/it\/argomenti-principali\/centro-di-competenze\/ridurre-le-disuguaglianze\/discriminazione-etnica-2\/\",\"name\":\"Discriminazione etnica - Swiss Fair Trade\",\"isPartOf\":{\"@id\":\"https:\/\/www.swissfairtrade.ch\/it\/#website\"},\"primaryImageOfPage\":{\"@id\":\"https:\/\/www.swissfairtrade.ch\/it\/argomenti-principali\/centro-di-competenze\/ridurre-le-disuguaglianze\/discriminazione-etnica-2\/#primaryimage\"},\"image\":{\"@id\":\"https:\/\/www.swissfairtrade.ch\/it\/argomenti-principali\/centro-di-competenze\/ridurre-le-disuguaglianze\/discriminazione-etnica-2\/#primaryimage\"},\"thumbnailUrl\":\"https:\/\/www.swissfairtrade.ch\/wp-content\/uploads\/Portrait_Bauer_BurkinaFaso.jpg\",\"datePublished\":\"2020-05-18T14:52:59+00:00\",\"breadcrumb\":{\"@id\":\"https:\/\/www.swissfairtrade.ch\/it\/argomenti-principali\/centro-di-competenze\/ridurre-le-disuguaglianze\/discriminazione-etnica-2\/#breadcrumb\"},\"inLanguage\":\"it-IT\",\"potentialAction\":[{\"@type\":\"ReadAction\",\"target\":[\"https:\/\/www.swissfairtrade.ch\/it\/argomenti-principali\/centro-di-competenze\/ridurre-le-disuguaglianze\/discriminazione-etnica-2\/\"]}]},{\"@type\":\"ImageObject\",\"inLanguage\":\"it-IT\",\"@id\":\"https:\/\/www.swissfairtrade.ch\/it\/argomenti-principali\/centro-di-competenze\/ridurre-le-disuguaglianze\/discriminazione-etnica-2\/#primaryimage\",\"url\":\"https:\/\/www.swissfairtrade.ch\/wp-content\/uploads\/Portrait_Bauer_BurkinaFaso.jpg\",\"contentUrl\":\"https:\/\/www.swissfairtrade.ch\/wp-content\/uploads\/Portrait_Bauer_BurkinaFaso.jpg\",\"width\":5306,\"height\":3537},{\"@type\":\"BreadcrumbList\",\"@id\":\"https:\/\/www.swissfairtrade.ch\/it\/argomenti-principali\/centro-di-competenze\/ridurre-le-disuguaglianze\/discriminazione-etnica-2\/#breadcrumb\",\"itemListElement\":[{\"@type\":\"ListItem\",\"position\":1,\"name\":\"Home\",\"item\":\"https:\/\/www.swissfairtrade.ch\/it\/\"},{\"@type\":\"ListItem\",\"position\":2,\"name\":\"Argomenti principali\",\"item\":\"https:\/\/www.swissfairtrade.ch\/it\/argomenti-principali\/\"},{\"@type\":\"ListItem\",\"position\":3,\"name\":\"Centro di competenze\",\"item\":\"https:\/\/www.swissfairtrade.ch\/it\/argomenti-principali\/centro-di-competenze\/\"},{\"@type\":\"ListItem\",\"position\":4,\"name\":\"Ridurre le disuguaglianze\",\"item\":\"https:\/\/www.swissfairtrade.ch\/it\/argomenti-principali\/centro-di-competenze\/ridurre-le-disuguaglianze\/\"},{\"@type\":\"ListItem\",\"position\":5,\"name\":\"Discriminazione etnica\"}]},{\"@type\":\"WebSite\",\"@id\":\"https:\/\/www.swissfairtrade.ch\/it\/#website\",\"url\":\"https:\/\/www.swissfairtrade.ch\/it\/\",\"name\":\"Swiss Fair Trade\",\"description\":\"\",\"publisher\":{\"@id\":\"https:\/\/www.swissfairtrade.ch\/it\/#organization\"},\"potentialAction\":[{\"@type\":\"SearchAction\",\"target\":{\"@type\":\"EntryPoint\",\"urlTemplate\":\"https:\/\/www.swissfairtrade.ch\/it\/?s={search_term_string}\"},\"query-input\":{\"@type\":\"PropertyValueSpecification\",\"valueRequired\":true,\"valueName\":\"search_term_string\"}}],\"inLanguage\":\"it-IT\"},{\"@type\":\"Organization\",\"@id\":\"https:\/\/www.swissfairtrade.ch\/it\/#organization\",\"name\":\"Swiss Fair Trade\",\"url\":\"https:\/\/www.swissfairtrade.ch\/it\/\",\"logo\":{\"@type\":\"ImageObject\",\"inLanguage\":\"it-IT\",\"@id\":\"https:\/\/www.swissfairtrade.ch\/it\/#\/schema\/logo\/image\/\",\"url\":\"https:\/\/www.swissfairtrade.ch\/wp-content\/uploads\/SwissFairTrade-Logo-rgb-203.51.59-web.png\",\"contentUrl\":\"https:\/\/www.swissfairtrade.ch\/wp-content\/uploads\/SwissFairTrade-Logo-rgb-203.51.59-web.png\",\"width\":130,\"height\":115,\"caption\":\"Swiss Fair Trade\"},\"image\":{\"@id\":\"https:\/\/www.swissfairtrade.ch\/it\/#\/schema\/logo\/image\/\"}}]}<\/script>\n<!-- \/ Yoast SEO plugin. -->","yoast_head_json":{"title":"Discriminazione etnica - Swiss Fair Trade","robots":{"index":"index","follow":"follow","max-snippet":"max-snippet:-1","max-image-preview":"max-image-preview:large","max-video-preview":"max-video-preview:-1"},"canonical":"https:\/\/www.swissfairtrade.ch\/it\/argomenti-principali\/centro-di-competenze\/ridurre-le-disuguaglianze\/discriminazione-etnica-2\/","og_locale":"it_IT","og_type":"article","og_title":"Discriminazione etnica - Swiss Fair Trade","og_description":"Quando persone vengono svantaggiate, umiliate o attaccate sulla base di queste caratteristiche e vengono sminuite e\/o aggredite con parole o azioni, si parla di discriminazione razziale o etnica","og_url":"https:\/\/www.swissfairtrade.ch\/it\/argomenti-principali\/centro-di-competenze\/ridurre-le-disuguaglianze\/discriminazione-etnica-2\/","og_site_name":"Swiss Fair Trade","og_image":[{"width":1024,"height":683,"url":"https:\/\/www.swissfairtrade.ch\/wp-content\/uploads\/Portrait_Bauer_BurkinaFaso-1024x683.jpg","type":"image\/jpeg"}],"twitter_card":"summary_large_image","twitter_misc":{"Tempo di lettura stimato":"1 minuto"},"schema":{"@context":"https:\/\/schema.org","@graph":[{"@type":"WebPage","@id":"https:\/\/www.swissfairtrade.ch\/it\/argomenti-principali\/centro-di-competenze\/ridurre-le-disuguaglianze\/discriminazione-etnica-2\/","url":"https:\/\/www.swissfairtrade.ch\/it\/argomenti-principali\/centro-di-competenze\/ridurre-le-disuguaglianze\/discriminazione-etnica-2\/","name":"Discriminazione etnica - Swiss Fair Trade","isPartOf":{"@id":"https:\/\/www.swissfairtrade.ch\/it\/#website"},"primaryImageOfPage":{"@id":"https:\/\/www.swissfairtrade.ch\/it\/argomenti-principali\/centro-di-competenze\/ridurre-le-disuguaglianze\/discriminazione-etnica-2\/#primaryimage"},"image":{"@id":"https:\/\/www.swissfairtrade.ch\/it\/argomenti-principali\/centro-di-competenze\/ridurre-le-disuguaglianze\/discriminazione-etnica-2\/#primaryimage"},"thumbnailUrl":"https:\/\/www.swissfairtrade.ch\/wp-content\/uploads\/Portrait_Bauer_BurkinaFaso.jpg","datePublished":"2020-05-18T14:52:59+00:00","breadcrumb":{"@id":"https:\/\/www.swissfairtrade.ch\/it\/argomenti-principali\/centro-di-competenze\/ridurre-le-disuguaglianze\/discriminazione-etnica-2\/#breadcrumb"},"inLanguage":"it-IT","potentialAction":[{"@type":"ReadAction","target":["https:\/\/www.swissfairtrade.ch\/it\/argomenti-principali\/centro-di-competenze\/ridurre-le-disuguaglianze\/discriminazione-etnica-2\/"]}]},{"@type":"ImageObject","inLanguage":"it-IT","@id":"https:\/\/www.swissfairtrade.ch\/it\/argomenti-principali\/centro-di-competenze\/ridurre-le-disuguaglianze\/discriminazione-etnica-2\/#primaryimage","url":"https:\/\/www.swissfairtrade.ch\/wp-content\/uploads\/Portrait_Bauer_BurkinaFaso.jpg","contentUrl":"https:\/\/www.swissfairtrade.ch\/wp-content\/uploads\/Portrait_Bauer_BurkinaFaso.jpg","width":5306,"height":3537},{"@type":"BreadcrumbList","@id":"https:\/\/www.swissfairtrade.ch\/it\/argomenti-principali\/centro-di-competenze\/ridurre-le-disuguaglianze\/discriminazione-etnica-2\/#breadcrumb","itemListElement":[{"@type":"ListItem","position":1,"name":"Home","item":"https:\/\/www.swissfairtrade.ch\/it\/"},{"@type":"ListItem","position":2,"name":"Argomenti principali","item":"https:\/\/www.swissfairtrade.ch\/it\/argomenti-principali\/"},{"@type":"ListItem","position":3,"name":"Centro di competenze","item":"https:\/\/www.swissfairtrade.ch\/it\/argomenti-principali\/centro-di-competenze\/"},{"@type":"ListItem","position":4,"name":"Ridurre le disuguaglianze","item":"https:\/\/www.swissfairtrade.ch\/it\/argomenti-principali\/centro-di-competenze\/ridurre-le-disuguaglianze\/"},{"@type":"ListItem","position":5,"name":"Discriminazione etnica"}]},{"@type":"WebSite","@id":"https:\/\/www.swissfairtrade.ch\/it\/#website","url":"https:\/\/www.swissfairtrade.ch\/it\/","name":"Swiss Fair Trade","description":"","publisher":{"@id":"https:\/\/www.swissfairtrade.ch\/it\/#organization"},"potentialAction":[{"@type":"SearchAction","target":{"@type":"EntryPoint","urlTemplate":"https:\/\/www.swissfairtrade.ch\/it\/?s={search_term_string}"},"query-input":{"@type":"PropertyValueSpecification","valueRequired":true,"valueName":"search_term_string"}}],"inLanguage":"it-IT"},{"@type":"Organization","@id":"https:\/\/www.swissfairtrade.ch\/it\/#organization","name":"Swiss Fair Trade","url":"https:\/\/www.swissfairtrade.ch\/it\/","logo":{"@type":"ImageObject","inLanguage":"it-IT","@id":"https:\/\/www.swissfairtrade.ch\/it\/#\/schema\/logo\/image\/","url":"https:\/\/www.swissfairtrade.ch\/wp-content\/uploads\/SwissFairTrade-Logo-rgb-203.51.59-web.png","contentUrl":"https:\/\/www.swissfairtrade.ch\/wp-content\/uploads\/SwissFairTrade-Logo-rgb-203.51.59-web.png","width":130,"height":115,"caption":"Swiss Fair Trade"},"image":{"@id":"https:\/\/www.swissfairtrade.ch\/it\/#\/schema\/logo\/image\/"}}]}},"_links":{"self":[{"href":"https:\/\/www.swissfairtrade.ch\/it\/wp-json\/wp\/v2\/pages\/8457","targetHints":{"allow":["GET"]}}],"collection":[{"href":"https:\/\/www.swissfairtrade.ch\/it\/wp-json\/wp\/v2\/pages"}],"about":[{"href":"https:\/\/www.swissfairtrade.ch\/it\/wp-json\/wp\/v2\/types\/page"}],"author":[{"embeddable":true,"href":"https:\/\/www.swissfairtrade.ch\/it\/wp-json\/wp\/v2\/users\/3"}],"replies":[{"embeddable":true,"href":"https:\/\/www.swissfairtrade.ch\/it\/wp-json\/wp\/v2\/comments?post=8457"}],"version-history":[{"count":0,"href":"https:\/\/www.swissfairtrade.ch\/it\/wp-json\/wp\/v2\/pages\/8457\/revisions"}],"up":[{"embeddable":true,"href":"https:\/\/www.swissfairtrade.ch\/it\/wp-json\/wp\/v2\/pages\/7756"}],"wp:featuredmedia":[{"embeddable":true,"href":"https:\/\/www.swissfairtrade.ch\/it\/wp-json\/wp\/v2\/media\/8461"}],"wp:attachment":[{"href":"https:\/\/www.swissfairtrade.ch\/it\/wp-json\/wp\/v2\/media?parent=8457"}],"wp:term":[{"taxonomy":"hauptseiten-kategorie","embeddable":true,"href":"https:\/\/www.swissfairtrade.ch\/it\/wp-json\/wp\/v2\/hauptseiten-kategorie?post=8457"}],"curies":[{"name":"wp","href":"https:\/\/api.w.org\/{rel}","templated":true}]}}