{"id":8069,"date":"2020-05-15T10:09:31","date_gmt":"2020-05-15T08:09:31","guid":{"rendered":"https:\/\/www.swissfairtrade.ch\/?page_id=8069"},"modified":"2020-05-15T10:09:31","modified_gmt":"2020-05-15T08:09:31","slug":"yayra-glover-ltd-fairafric-it","status":"publish","type":"page","link":"https:\/\/www.swissfairtrade.ch\/it\/argomenti-principali\/centro-di-competenze\/ridurre-le-disuguaglianze\/discriminazione-nord-sud\/yayra-glover-ltd-fairafric-it\/","title":{"rendered":"Fairafric &#8211; cioccolato dal Ghana"},"content":{"rendered":"<div class=\"wpb-content-wrapper\"><p>[vc_row full_width=&#8221;stretch_row&#8221; content_placement=&#8221;bottom&#8221; parallax=&#8221;content-moving-fade&#8221; parallax_image=&#8221;2959&#8243; css=&#8221;.vc_custom_1589529437179{background: rgba(196,196,196,0.71) url(https:\/\/www.swissfairtrade.ch\/wp-content\/uploads\/CHOCOLATEMADE-IN-AFRICA2.png?id=8078);background-position: center;background-repeat: no-repeat !important;background-size: cover !important;*background-color: rgb(196,196,196) !important;}&#8221; el_class=&#8221;header&#8221;][vc_column][vc_column_text el_class=&#8221;txt-white&#8221;]<\/p>\n<div class=\"annot\">\n<div class=\"row-main\">\n<div class=\"text\">\n<h1>Discriminazione tra Nord e Sud<\/h1>\n<h2 class=\"big\">Fairafric &#8211; cioccolato dal Ghana<\/h2>\n<\/div>\n<\/div>\n<\/div>\n<p>[\/vc_column_text][\/vc_column][\/vc_row][vc_row][vc_column][vc_column_text]<strong>Il cioccolato Fairafric viene prodotto interamente in Ghana, dalla fava alla tavoletta! Perch\u00e9 la via d&#8217;uscita dalla povert\u00e0 \u00e8 la creazione di valore aggiunto a livello locale che stimola lo sviluppo economico di un&#8217;intera regione. Claro commercializza il cioccolato Fairafric sostenendone cos\u00ec la produzione.<\/strong><\/p>\n<p>In Ghana il salario minimo giornaliero \u00e8 di 10,65 cedis, che equivale ad uno stipendio mensile di circa 55 US$. Niche Cocoa Industry, partner di Fairafric, produce per essa il cioccolato in loco, dalle fave di cacao alla lastra confezionata. Lo stipendio iniziale dei dipendenti \u00e8 di circa 1.000 cedis al mese, che equivale a 225 US$. Con l&#8217;aumento dell&#8217;esperienza, aumenta anche il loro stipendio. Gli stipendi non sono solo significativamente pi\u00f9 alti del salario minimo, ma superano anche quelli di persone in posizioni comparabili e di aziende locali sul posto.<\/p>\n<p><strong>Il contributo del commercio equo<\/strong><\/p>\n<ul>\n<li><strong>Lavoro:<\/strong> attraverso la raccolta e la produzione direttamente in Ghana, il valore aggiunto rimane locale. Si creano posti di lavoro sicuri e a lungo termine.<\/li>\n<li><strong> Migliore accesso all&#8217;assistenza sanitaria:<\/strong> le famiglie dei dipendenti possono permettersi l&#8217;assistenza sanitaria. Non devono cos\u00ec rinunciare ai trattamenti necessari per mancanza di denaro.<\/li>\n<li><strong>Educazione:<\/strong> l&#8217;istruzione e la formazione sono costose. Mentre i piccoli agricoltori possono a malapena permettersi di mandare i loro figli alla scuola elementare, un lavoro qualificato permette ai bambini di essere istruiti fino al livello universitario.<\/li>\n<li><strong>Pari diritti:<\/strong> Met\u00e0 del consiglio di amministrazione di Niche Cocoa Industry \u00e8 composto da donne. Fairafric aiuta a sviluppare in modo sostenibile nuove fonti di reddito per le donne, ad esempio tramite workshop sulla produzione di sapone.<\/li>\n<li><strong>Competenze:<\/strong> La creazione di valore aggiunto in Africa \u00e8 difficilmente possibile a causa delle scarse infrastrutture. Con pi\u00f9 aziende come Fairafric, la qualit\u00e0 dei servizi e delle infrastrutture aumenta a livello locale, il che a sua volta attrae nuove aziende.<\/li>\n<li><strong>Sostenibilit\u00e0:<\/strong> Insieme ai partner Fairafric aiuta gli agricoltori a gestire le loro aziende agricole in modo pi\u00f9 sostenibile. Allo stesso tempo, lavorano costantemente anche all&#8217;ottimizzazione della propria sostenibilit\u00e0.<\/li>\n<\/ul>\n<p>Ulteriori informazioni su Yayra Glover Ltd. e Fairafric sono disponibili sul sito web di <a href=\"https:\/\/www.claro.ch\/fr\/producer\/514\" target=\"_blank\" rel=\"noopener noreferrer\">claro<\/a>.[\/vc_column_text][\/vc_column][\/vc_row][vc_row][vc_column][\/vc_column][\/vc_row]<\/p>\n<\/div>","protected":false},"excerpt":{"rendered":"<p>Il cioccolato fairafric viene prodotto interamente in Ghana, dalla fava alla tavoletta!<br \/>\nPerch\u00e9 la via d&#8217;uscita dalla povert\u00e0 \u00e8 la creazione di valore aggiunto a livello locale, claro commercializza il cioccolato Fairafric sostenendone la produzione.<\/p>\n","protected":false},"author":3,"featured_media":8078,"parent":7847,"menu_order":0,"comment_status":"closed","ping_status":"closed","template":"","meta":{"generate_page_header":"","footnotes":"","_links_to":"","_links_to_target":""},"hauptseiten-kategorie":[347],"class_list":{"0":"post-8069","1":"page","2":"type-page","3":"status-publish","4":"has-post-thumbnail","6":"hauptseiten-kategorie-discriminazione-tra-nord-e-sud"},"yoast_head":"<!-- This site is optimized with the Yoast SEO plugin v26.2 - https:\/\/yoast.com\/wordpress\/plugins\/seo\/ -->\n<title>Fairafric - cioccolato dal Ghana - Swiss Fair Trade<\/title>\n<meta name=\"robots\" content=\"index, follow, max-snippet:-1, max-image-preview:large, max-video-preview:-1\" \/>\n<link rel=\"canonical\" href=\"https:\/\/www.swissfairtrade.ch\/it\/argomenti-principali\/centro-di-competenze\/ridurre-le-disuguaglianze\/discriminazione-nord-sud\/yayra-glover-ltd-fairafric-it\/\" \/>\n<meta property=\"og:locale\" content=\"it_IT\" \/>\n<meta property=\"og:type\" content=\"article\" \/>\n<meta property=\"og:title\" content=\"Fairafric - cioccolato dal Ghana - Swiss Fair Trade\" \/>\n<meta property=\"og:description\" content=\"Il cioccolato fairafric viene prodotto interamente in Ghana, dalla fava alla tavoletta! Perch\u00e9 la via d&#039;uscita dalla povert\u00e0 \u00e8 la creazione di valore aggiunto a livello locale, claro commercializza il cioccolato Fairafric sostenendone la produzione.\" \/>\n<meta property=\"og:url\" content=\"https:\/\/www.swissfairtrade.ch\/it\/argomenti-principali\/centro-di-competenze\/ridurre-le-disuguaglianze\/discriminazione-nord-sud\/yayra-glover-ltd-fairafric-it\/\" \/>\n<meta property=\"og:site_name\" content=\"Swiss Fair Trade\" \/>\n<meta property=\"og:image\" content=\"https:\/\/www.swissfairtrade.ch\/wp-content\/uploads\/CHOCOLATEMADE-IN-AFRICA2.png\" \/>\n\t<meta property=\"og:image:width\" content=\"1079\" \/>\n\t<meta property=\"og:image:height\" content=\"429\" \/>\n\t<meta property=\"og:image:type\" content=\"image\/png\" \/>\n<meta name=\"twitter:card\" content=\"summary_large_image\" \/>\n<meta name=\"twitter:label1\" content=\"Tempo di lettura stimato\" \/>\n\t<meta name=\"twitter:data1\" content=\"2 minuti\" \/>\n<script type=\"application\/ld+json\" class=\"yoast-schema-graph\">{\"@context\":\"https:\/\/schema.org\",\"@graph\":[{\"@type\":\"WebPage\",\"@id\":\"https:\/\/www.swissfairtrade.ch\/it\/argomenti-principali\/centro-di-competenze\/ridurre-le-disuguaglianze\/discriminazione-nord-sud\/yayra-glover-ltd-fairafric-it\/\",\"url\":\"https:\/\/www.swissfairtrade.ch\/it\/argomenti-principali\/centro-di-competenze\/ridurre-le-disuguaglianze\/discriminazione-nord-sud\/yayra-glover-ltd-fairafric-it\/\",\"name\":\"Fairafric - cioccolato dal Ghana - Swiss Fair Trade\",\"isPartOf\":{\"@id\":\"https:\/\/www.swissfairtrade.ch\/it\/#website\"},\"primaryImageOfPage\":{\"@id\":\"https:\/\/www.swissfairtrade.ch\/it\/argomenti-principali\/centro-di-competenze\/ridurre-le-disuguaglianze\/discriminazione-nord-sud\/yayra-glover-ltd-fairafric-it\/#primaryimage\"},\"image\":{\"@id\":\"https:\/\/www.swissfairtrade.ch\/it\/argomenti-principali\/centro-di-competenze\/ridurre-le-disuguaglianze\/discriminazione-nord-sud\/yayra-glover-ltd-fairafric-it\/#primaryimage\"},\"thumbnailUrl\":\"https:\/\/www.swissfairtrade.ch\/wp-content\/uploads\/CHOCOLATEMADE-IN-AFRICA2.png\",\"datePublished\":\"2020-05-15T08:09:31+00:00\",\"breadcrumb\":{\"@id\":\"https:\/\/www.swissfairtrade.ch\/it\/argomenti-principali\/centro-di-competenze\/ridurre-le-disuguaglianze\/discriminazione-nord-sud\/yayra-glover-ltd-fairafric-it\/#breadcrumb\"},\"inLanguage\":\"it-IT\",\"potentialAction\":[{\"@type\":\"ReadAction\",\"target\":[\"https:\/\/www.swissfairtrade.ch\/it\/argomenti-principali\/centro-di-competenze\/ridurre-le-disuguaglianze\/discriminazione-nord-sud\/yayra-glover-ltd-fairafric-it\/\"]}]},{\"@type\":\"ImageObject\",\"inLanguage\":\"it-IT\",\"@id\":\"https:\/\/www.swissfairtrade.ch\/it\/argomenti-principali\/centro-di-competenze\/ridurre-le-disuguaglianze\/discriminazione-nord-sud\/yayra-glover-ltd-fairafric-it\/#primaryimage\",\"url\":\"https:\/\/www.swissfairtrade.ch\/wp-content\/uploads\/CHOCOLATEMADE-IN-AFRICA2.png\",\"contentUrl\":\"https:\/\/www.swissfairtrade.ch\/wp-content\/uploads\/CHOCOLATEMADE-IN-AFRICA2.png\",\"width\":1079,\"height\":429},{\"@type\":\"BreadcrumbList\",\"@id\":\"https:\/\/www.swissfairtrade.ch\/it\/argomenti-principali\/centro-di-competenze\/ridurre-le-disuguaglianze\/discriminazione-nord-sud\/yayra-glover-ltd-fairafric-it\/#breadcrumb\",\"itemListElement\":[{\"@type\":\"ListItem\",\"position\":1,\"name\":\"Home\",\"item\":\"https:\/\/www.swissfairtrade.ch\/it\/\"},{\"@type\":\"ListItem\",\"position\":2,\"name\":\"Argomenti principali\",\"item\":\"https:\/\/www.swissfairtrade.ch\/it\/argomenti-principali\/\"},{\"@type\":\"ListItem\",\"position\":3,\"name\":\"Centro di competenze\",\"item\":\"https:\/\/www.swissfairtrade.ch\/it\/argomenti-principali\/centro-di-competenze\/\"},{\"@type\":\"ListItem\",\"position\":4,\"name\":\"Ridurre le disuguaglianze\",\"item\":\"https:\/\/www.swissfairtrade.ch\/it\/argomenti-principali\/centro-di-competenze\/ridurre-le-disuguaglianze\/\"},{\"@type\":\"ListItem\",\"position\":5,\"name\":\"Discriminazione tra Nord e Sud\",\"item\":\"https:\/\/www.swissfairtrade.ch\/it\/argomenti-principali\/centro-di-competenze\/ridurre-le-disuguaglianze\/discriminazione-nord-sud\/\"},{\"@type\":\"ListItem\",\"position\":6,\"name\":\"Fairafric &#8211; cioccolato dal Ghana\"}]},{\"@type\":\"WebSite\",\"@id\":\"https:\/\/www.swissfairtrade.ch\/it\/#website\",\"url\":\"https:\/\/www.swissfairtrade.ch\/it\/\",\"name\":\"Swiss Fair Trade\",\"description\":\"\",\"publisher\":{\"@id\":\"https:\/\/www.swissfairtrade.ch\/it\/#organization\"},\"potentialAction\":[{\"@type\":\"SearchAction\",\"target\":{\"@type\":\"EntryPoint\",\"urlTemplate\":\"https:\/\/www.swissfairtrade.ch\/it\/?s={search_term_string}\"},\"query-input\":{\"@type\":\"PropertyValueSpecification\",\"valueRequired\":true,\"valueName\":\"search_term_string\"}}],\"inLanguage\":\"it-IT\"},{\"@type\":\"Organization\",\"@id\":\"https:\/\/www.swissfairtrade.ch\/it\/#organization\",\"name\":\"Swiss Fair Trade\",\"url\":\"https:\/\/www.swissfairtrade.ch\/it\/\",\"logo\":{\"@type\":\"ImageObject\",\"inLanguage\":\"it-IT\",\"@id\":\"https:\/\/www.swissfairtrade.ch\/it\/#\/schema\/logo\/image\/\",\"url\":\"https:\/\/www.swissfairtrade.ch\/wp-content\/uploads\/SwissFairTrade-Logo-rgb-203.51.59-web.png\",\"contentUrl\":\"https:\/\/www.swissfairtrade.ch\/wp-content\/uploads\/SwissFairTrade-Logo-rgb-203.51.59-web.png\",\"width\":130,\"height\":115,\"caption\":\"Swiss Fair Trade\"},\"image\":{\"@id\":\"https:\/\/www.swissfairtrade.ch\/it\/#\/schema\/logo\/image\/\"}}]}<\/script>\n<!-- \/ Yoast SEO plugin. -->","yoast_head_json":{"title":"Fairafric - cioccolato dal Ghana - Swiss Fair Trade","robots":{"index":"index","follow":"follow","max-snippet":"max-snippet:-1","max-image-preview":"max-image-preview:large","max-video-preview":"max-video-preview:-1"},"canonical":"https:\/\/www.swissfairtrade.ch\/it\/argomenti-principali\/centro-di-competenze\/ridurre-le-disuguaglianze\/discriminazione-nord-sud\/yayra-glover-ltd-fairafric-it\/","og_locale":"it_IT","og_type":"article","og_title":"Fairafric - cioccolato dal Ghana - Swiss Fair Trade","og_description":"Il cioccolato fairafric viene prodotto interamente in Ghana, dalla fava alla tavoletta! Perch\u00e9 la via d'uscita dalla povert\u00e0 \u00e8 la creazione di valore aggiunto a livello locale, claro commercializza il cioccolato Fairafric sostenendone la produzione.","og_url":"https:\/\/www.swissfairtrade.ch\/it\/argomenti-principali\/centro-di-competenze\/ridurre-le-disuguaglianze\/discriminazione-nord-sud\/yayra-glover-ltd-fairafric-it\/","og_site_name":"Swiss Fair Trade","og_image":[{"width":1079,"height":429,"url":"https:\/\/www.swissfairtrade.ch\/wp-content\/uploads\/CHOCOLATEMADE-IN-AFRICA2.png","type":"image\/png"}],"twitter_card":"summary_large_image","twitter_misc":{"Tempo di lettura stimato":"2 minuti"},"schema":{"@context":"https:\/\/schema.org","@graph":[{"@type":"WebPage","@id":"https:\/\/www.swissfairtrade.ch\/it\/argomenti-principali\/centro-di-competenze\/ridurre-le-disuguaglianze\/discriminazione-nord-sud\/yayra-glover-ltd-fairafric-it\/","url":"https:\/\/www.swissfairtrade.ch\/it\/argomenti-principali\/centro-di-competenze\/ridurre-le-disuguaglianze\/discriminazione-nord-sud\/yayra-glover-ltd-fairafric-it\/","name":"Fairafric - cioccolato dal Ghana - Swiss Fair Trade","isPartOf":{"@id":"https:\/\/www.swissfairtrade.ch\/it\/#website"},"primaryImageOfPage":{"@id":"https:\/\/www.swissfairtrade.ch\/it\/argomenti-principali\/centro-di-competenze\/ridurre-le-disuguaglianze\/discriminazione-nord-sud\/yayra-glover-ltd-fairafric-it\/#primaryimage"},"image":{"@id":"https:\/\/www.swissfairtrade.ch\/it\/argomenti-principali\/centro-di-competenze\/ridurre-le-disuguaglianze\/discriminazione-nord-sud\/yayra-glover-ltd-fairafric-it\/#primaryimage"},"thumbnailUrl":"https:\/\/www.swissfairtrade.ch\/wp-content\/uploads\/CHOCOLATEMADE-IN-AFRICA2.png","datePublished":"2020-05-15T08:09:31+00:00","breadcrumb":{"@id":"https:\/\/www.swissfairtrade.ch\/it\/argomenti-principali\/centro-di-competenze\/ridurre-le-disuguaglianze\/discriminazione-nord-sud\/yayra-glover-ltd-fairafric-it\/#breadcrumb"},"inLanguage":"it-IT","potentialAction":[{"@type":"ReadAction","target":["https:\/\/www.swissfairtrade.ch\/it\/argomenti-principali\/centro-di-competenze\/ridurre-le-disuguaglianze\/discriminazione-nord-sud\/yayra-glover-ltd-fairafric-it\/"]}]},{"@type":"ImageObject","inLanguage":"it-IT","@id":"https:\/\/www.swissfairtrade.ch\/it\/argomenti-principali\/centro-di-competenze\/ridurre-le-disuguaglianze\/discriminazione-nord-sud\/yayra-glover-ltd-fairafric-it\/#primaryimage","url":"https:\/\/www.swissfairtrade.ch\/wp-content\/uploads\/CHOCOLATEMADE-IN-AFRICA2.png","contentUrl":"https:\/\/www.swissfairtrade.ch\/wp-content\/uploads\/CHOCOLATEMADE-IN-AFRICA2.png","width":1079,"height":429},{"@type":"BreadcrumbList","@id":"https:\/\/www.swissfairtrade.ch\/it\/argomenti-principali\/centro-di-competenze\/ridurre-le-disuguaglianze\/discriminazione-nord-sud\/yayra-glover-ltd-fairafric-it\/#breadcrumb","itemListElement":[{"@type":"ListItem","position":1,"name":"Home","item":"https:\/\/www.swissfairtrade.ch\/it\/"},{"@type":"ListItem","position":2,"name":"Argomenti principali","item":"https:\/\/www.swissfairtrade.ch\/it\/argomenti-principali\/"},{"@type":"ListItem","position":3,"name":"Centro di competenze","item":"https:\/\/www.swissfairtrade.ch\/it\/argomenti-principali\/centro-di-competenze\/"},{"@type":"ListItem","position":4,"name":"Ridurre le disuguaglianze","item":"https:\/\/www.swissfairtrade.ch\/it\/argomenti-principali\/centro-di-competenze\/ridurre-le-disuguaglianze\/"},{"@type":"ListItem","position":5,"name":"Discriminazione tra Nord e Sud","item":"https:\/\/www.swissfairtrade.ch\/it\/argomenti-principali\/centro-di-competenze\/ridurre-le-disuguaglianze\/discriminazione-nord-sud\/"},{"@type":"ListItem","position":6,"name":"Fairafric &#8211; cioccolato dal Ghana"}]},{"@type":"WebSite","@id":"https:\/\/www.swissfairtrade.ch\/it\/#website","url":"https:\/\/www.swissfairtrade.ch\/it\/","name":"Swiss Fair Trade","description":"","publisher":{"@id":"https:\/\/www.swissfairtrade.ch\/it\/#organization"},"potentialAction":[{"@type":"SearchAction","target":{"@type":"EntryPoint","urlTemplate":"https:\/\/www.swissfairtrade.ch\/it\/?s={search_term_string}"},"query-input":{"@type":"PropertyValueSpecification","valueRequired":true,"valueName":"search_term_string"}}],"inLanguage":"it-IT"},{"@type":"Organization","@id":"https:\/\/www.swissfairtrade.ch\/it\/#organization","name":"Swiss Fair Trade","url":"https:\/\/www.swissfairtrade.ch\/it\/","logo":{"@type":"ImageObject","inLanguage":"it-IT","@id":"https:\/\/www.swissfairtrade.ch\/it\/#\/schema\/logo\/image\/","url":"https:\/\/www.swissfairtrade.ch\/wp-content\/uploads\/SwissFairTrade-Logo-rgb-203.51.59-web.png","contentUrl":"https:\/\/www.swissfairtrade.ch\/wp-content\/uploads\/SwissFairTrade-Logo-rgb-203.51.59-web.png","width":130,"height":115,"caption":"Swiss Fair Trade"},"image":{"@id":"https:\/\/www.swissfairtrade.ch\/it\/#\/schema\/logo\/image\/"}}]}},"_links":{"self":[{"href":"https:\/\/www.swissfairtrade.ch\/it\/wp-json\/wp\/v2\/pages\/8069","targetHints":{"allow":["GET"]}}],"collection":[{"href":"https:\/\/www.swissfairtrade.ch\/it\/wp-json\/wp\/v2\/pages"}],"about":[{"href":"https:\/\/www.swissfairtrade.ch\/it\/wp-json\/wp\/v2\/types\/page"}],"author":[{"embeddable":true,"href":"https:\/\/www.swissfairtrade.ch\/it\/wp-json\/wp\/v2\/users\/3"}],"replies":[{"embeddable":true,"href":"https:\/\/www.swissfairtrade.ch\/it\/wp-json\/wp\/v2\/comments?post=8069"}],"version-history":[{"count":0,"href":"https:\/\/www.swissfairtrade.ch\/it\/wp-json\/wp\/v2\/pages\/8069\/revisions"}],"up":[{"embeddable":true,"href":"https:\/\/www.swissfairtrade.ch\/it\/wp-json\/wp\/v2\/pages\/7847"}],"wp:featuredmedia":[{"embeddable":true,"href":"https:\/\/www.swissfairtrade.ch\/it\/wp-json\/wp\/v2\/media\/8078"}],"wp:attachment":[{"href":"https:\/\/www.swissfairtrade.ch\/it\/wp-json\/wp\/v2\/media?parent=8069"}],"wp:term":[{"taxonomy":"hauptseiten-kategorie","embeddable":true,"href":"https:\/\/www.swissfairtrade.ch\/it\/wp-json\/wp\/v2\/hauptseiten-kategorie?post=8069"}],"curies":[{"name":"wp","href":"https:\/\/api.w.org\/{rel}","templated":true}]}}