{"id":6357,"date":"2019-04-20T16:33:56","date_gmt":"2019-04-20T14:33:56","guid":{"rendered":"https:\/\/www.swissfairtrade.ch\/argomenti-principali\/giornata-mondiale-commercio-equo\/aktivitaeten\/"},"modified":"2019-05-16T11:36:48","modified_gmt":"2019-05-16T09:36:48","slug":"attivita","status":"publish","type":"page","link":"https:\/\/www.swissfairtrade.ch\/it\/argomenti-principali\/giornata-mondiale-commercio-equo\/attivita\/","title":{"rendered":"Attivit\u00e0"},"content":{"rendered":"<div class=\"wpb-content-wrapper\"><p>[vc_row full_width=&#8221;stretch_row&#8221; content_placement=&#8221;bottom&#8221; parallax=&#8221;content-moving-fade&#8221; parallax_image=&#8221;2959&#8243; css=&#8221;.vc_custom_1557239633053{background: rgba(196,196,196,0.71) url(https:\/\/www.swissfairtrade.ch\/wp-content\/uploads\/Aktivit\u00e4ten_mit-Rahmen.png?id=6282);background-position: center;background-repeat: no-repeat !important;background-size: cover !important;*background-color: rgb(196,196,196) !important;}&#8221; el_class=&#8221;header&#8221;][vc_column][vc_column_text el_class=&#8221;txt-white&#8221;]<\/p>\n<div class=\"annot\">\n<div class=\"row-main\">\n<div class=\"text\">\n<h1>Attivit\u00e0 della Giornata Mondiale del Commercio Equo<\/h1>\n<h2 class=\"big\">Programma d&#8217;azione<\/h2>\n<\/div>\n<\/div>\n<\/div>\n<p>[\/vc_column_text][\/vc_column][\/vc_row][vc_row][vc_column width=&#8221;1\/2&#8243;][vc_column_text]<strong>Aarau, Samstag 11. Mai 2019<\/strong><\/p>\n<p><a href=\"http:\/\/claro-aarau.ch\/news.html\" target=\"_blank\" rel=\"noopener\">Fair Trade Waschtag<\/a> \u2013 Alles zum Thema Fair Waschen<br \/>\nmit Sirupdegustation von 1001 fleurs Bio Sirupe<br \/>\n9.00 \u2013 16.00 Uhr Metzgergasse 20<\/p>\n<p>&nbsp;<\/p>\n<p><strong>Amriswil, 11. Mai 2019<\/strong><\/p>\n<p>Fair Trade Kleider<br \/>\nab 13.00 Uhr Evang. Kirchgemeindehaus<br \/>\nFestwirtschaft \u2013 Talk mit Andreas Sallman, CEO von ISA Sallmann AG<br \/>\n15.00 Uhr Film &#8220;The True Cost<\/p>\n<p>&nbsp;<\/p>\n<p><strong>Baden, 11. Mai 2019<\/strong><\/p>\n<p><a href=\"http:\/\/pfadibaregg.ch\/wa_files\/fairtradeflyer.pdf\" target=\"_blank\" rel=\"noopener\">Kleidertausch &amp; Ideenrausch<\/a><br \/>\nab 14 Uhr Theaterplatz Baden<br \/>\nPfadi Baregg Baden<\/p>\n<p>&nbsp;<\/p>\n<p><strong>Belllinzona, 11 maggio 2019<\/strong><\/p>\n<p><em>\u00ab<\/em>Equalmente buona<em>\u00bb:<\/em><br \/>\nDegustazione e scambi di prodotti dalle 9.00 alle 13.00<br \/>\nAlla Bottega del Mondo di Bellinzona &amp; al negozio Quintorno di Monte Carasso<\/p>\n<p>Variazioni sul cioccolato:<em><br \/>\n<\/em>Degustazione di specialit\u00e0 Chocolat Stella<br \/>\nMercato di Bellinzona, dalle 8.00 alle 12.30 + presso il negozio in Stazione dalle 9.00 alle 19.00<\/p>\n<p>&nbsp;<\/p>\n<p><strong>Biasca, 11 maggio 2019<\/strong><\/p>\n<p>Degustazione \u2013 Dolci e speziate salse con formaggi nostrani<br \/>\nin Bottega tra le 10.30 e 12.30<br \/>\nLa Bottega del Mondo di Biasca e la Festuca<\/p>\n<p>&nbsp;<\/p>\n<p><strong>Birsfelden, 11. Mai 2019<\/strong><\/p>\n<p>Stand am Wildpflanzenmarkt<br \/>\n9 \u2013 15 Uhr Neben dem Teich im \u00abBiotop am Stausee\u00bb<\/p>\n<p>&nbsp;<\/p>\n<p><strong>B\u00fclach, Sonntag 19. Mai 2019<\/strong><\/p>\n<p>Film \u00abFair Traders\u00bbmit Patrick Hohlmann<br \/>\n11.15 Uhr Kino ABC<\/p>\n<p>&nbsp;<\/p>\n<p><strong>Burgdorf, 11. Mai 2019<\/strong><\/p>\n<p>Degustationsstand am \u201cBluemem\u00e4rit\u201d<br \/>\n8 Uhr- 17 Uhr<br \/>\nMit Kaffee aus der R\u00f6sterei in R\u00fcedisbach<\/p>\n<p>&nbsp;<\/p>\n<p><strong>Capriasca, 15 maggio 2019<\/strong><\/p>\n<p>Aperitivo per scambiare idee e esperienze all\u2019insegna del commercio equo e del consumo responsabile<br \/>\nalle 18.30, alla casa comunale di Tesserete<br \/>\nFair Trade Town Capriasca<\/p>\n<p>&nbsp;<\/p>\n<p><strong>Carouge, 13 \u2013 17 mai 2019<\/strong><\/p>\n<p>Semaine du commerce \u00e9quitable dans 6 \u00e9coles primaires<br \/>\nRepas avec produits locaux et du commere \u00e9quitable<br \/>\nGo\u00fbter \u00e9quitable tous les jours, animation sur le Commerce Equitable dans les \u00e9coles<\/p>\n<p>&nbsp;<\/p>\n<p><strong>Chur, 11. Mai 2019<\/strong><\/p>\n<p>Stand mit Degustation am Wochenmarkt<br \/>\nChurer Altstadt<br \/>\n10 \u2013 12 Uhr Spezial Fair Trade Town Info<\/p>\n<p>&nbsp;<\/p>\n<p><strong>Elgg, Samtag, 11. Mai 2019<\/strong><\/p>\n<p>Wochenmarkt Er\u00f6ffnung + Produktdegustation<br \/>\n08.30 \u2013 11.30 Uhr beim Claro Stand<\/p>\n<p>&nbsp;<\/p>\n<p><strong>Frutigen, 11. und 18 Mai 2019<\/strong><\/p>\n<p>11. Mai: Degustation im claro Laden<br \/>\n18. Mai: Stand am Mai Markt Frutigen \u00abFair Trade und Regional erg\u00e4nzen sich\u00bb<\/p>\n<p>&nbsp;<\/p>\n<p><strong>Gen\u00e8ve, le 11 mai 2019<\/strong><\/p>\n<p>Pain d\u2019ici et chocolat du commerce \u00e9quitable<br \/>\nToute la journ\u00e9e<br \/>\nAu Balafon, 2 rue de Villereuse<\/p>\n<p>&nbsp;<\/p>\n<p><strong>Giubiasco, 11 maggio 2019<\/strong><\/p>\n<p>\u00abIl giro del mondo in 4 birre\u00bb<br \/>\nBirre locali e specialit\u00e0 del commercio equo<br \/>\nDegustazione dalle 11.00 alle 13.00 alla Bottega del Mondo di Giubiasco<\/p>\n<p>&nbsp;<\/p>\n<p><strong>Gossau, 11. Mai 2019<\/strong><\/p>\n<p><a href=\"http:\/\/www.fair-trade-town-gossau.ch\/\" target=\"_blank\" rel=\"noopener\">Auszeichnungsfeier zur Fair Trade Town<\/a><br \/>\nGymnasiums Friedberg<br \/>\nAb 10.30 Uhr[\/vc_column_text][\/vc_column][vc_column width=&#8221;1\/2&#8243;][vc_column_text]<strong>H\u00e4gendorf, 11. Mai 2019<\/strong><\/p>\n<p>Bio Fair Trade Ap\u00e9ro im claro Laden<br \/>\nKurzvortrag von Gesch\u00e4ftsf\u00fchrer Swiss Fair Trade<br \/>\nab 10.00 Uhr, Bachstrasse 50<\/p>\n<p>&nbsp;<\/p>\n<p><strong>Horgen, 25. Mai 2019<\/strong><\/p>\n<p>Kaffeedegustation + Br\u00f6tchen vom Dorfb\u00e4cker mit Fairen Aufstrichen<br \/>\n9.00 &#8211; 17.00 Uhr im claro Horgen<\/p>\n<p>&nbsp;<\/p>\n<p><strong>K\u00f6niz, 11. Mai 2019<\/strong><\/p>\n<p>Fr\u00fchlingsneuheiten + Degustationen<br \/>\n9 \u2013 15 Uhr im claro Laden K\u00f6niz<br \/>\nLandorfstrasse 21<\/p>\n<p>&nbsp;<\/p>\n<p><strong>Langenthal, 15. Juni 2019<\/strong><\/p>\n<p>&#8220;Zmorge mit der Welt&#8221;<br \/>\n9.00 Uhr bis 13.00 Uhr<br \/>\nkatholische Kirchgemeindehaus<br \/>\nHasenmattstrasse 36<br \/>\nclaro Weltladen Langenthal<\/p>\n<p>&nbsp;<\/p>\n<p><strong>Locarno, 18 maggio 2019<\/strong><br \/>\n&#8220;Bottega a km Zaro&#8221;<br \/>\nIl negozio &#8220;Kilometro Zaro&#8221; della Fondazione Diamante cuciner\u00e0 il piattto del giorno con prodotti alimentari della Bottega del Mondo che esporr\u00e0 l&#8217;artigianato di Zaro.<\/p>\n<p>&nbsp;<\/p>\n<p><strong>Mendrisio, 11 maggio 2019<\/strong><\/p>\n<p>Dalla polenta del Val di Muggio alla quinoa boliviana<br \/>\nAperitivo dalle 10.30 alle 12.30<br \/>\nBottega del Mondo di Mendrisio<\/p>\n<p>&nbsp;<\/p>\n<p><strong>Rafz, 11. Mai 2019<\/strong><\/p>\n<p>Kaffeedegustation im Laden<br \/>\n9.00 \u2013 12.00 Uhr im Claro<br \/>\nM\u00e4rktgass 3<\/p>\n<p>&nbsp;<\/p>\n<p><strong>Rapperswil, Freitag 10. Mai 2019<\/strong><\/p>\n<p>claro Rapperswil am Wochenmarkt<br \/>\n07.30 \u2013 11 Uhr<\/p>\n<p>&nbsp;<\/p>\n<p><strong>Renens, 11 Mai 2019<\/strong><\/p>\n<p>D\u00e9gustation de caf\u00e9 torr\u00e9fi\u00e9 \u00e0 Renens et de fruits camerounais fournis par TerrEspoir<br \/>\n10.00 \u2013 14.00, Magasin de Pappy John<br \/>\nRue de la M\u00e8bre 1, pr\u00e8s de la gare de Renens<\/p>\n<p>&nbsp;<\/p>\n<p><strong>Schaffhausen, 11. Mai 2019<\/strong><\/p>\n<p>Aktion bei der claro Sitzbank<br \/>\n10. 00 \u2013 13.00 Uhr<br \/>\nAm Nachmittag stellt Maja Tappolet die feinen Linsen aus Wilchingen vor. inkl. Degustation<\/p>\n<p>&nbsp;<\/p>\n<p><strong>Sion, 11 Mai 2019<\/strong><\/p>\n<p>Brunch \u00e9quitable au Magasin du Monde<br \/>\n11.00 \u2013 13.30, Place de la Gare 3<br \/>\nInscription\u00a0: <a href=\"mailto:sion@mdm.ch\">sion@mdm.ch<\/a><\/p>\n<p>&nbsp;<\/p>\n<p><strong>St\u00e4fa, 11. Mai 2019<\/strong><\/p>\n<p>20 Jahre Jubil\u00e4um Fairmondo zum Tag des Fairen Handels<br \/>\nDegustation + Hausmesse von 10.30-15.00 Uhr<br \/>\nBahnhofswiese 11<\/p>\n<p>&nbsp;<\/p>\n<p><strong>Tesserete, 11 maggio 2019<\/strong><\/p>\n<p>Degustazione di caff\u00e8 e di biscotti del commercio equo<br \/>\ndalle 9.00 alle 12.00<br \/>\nBottega del Mondo di Tesserete<\/p>\n<p>&nbsp;<\/p>\n<p><strong>Uster, 11. Mai 2019<\/strong><\/p>\n<p>Bring &amp; Hol-Tag<br \/>\nFair Trade Degustationen<br \/>\n10.00 \u2013 15.00 Uhr Landihalle<\/p>\n<p>&nbsp;<\/p>\n<p><strong>Z\u00fcrich-Witikon, 16. Mai 2019<\/strong><\/p>\n<p>Mittagessen im Hoch3, Bistro der Evang.-ref. Kirchgemeinde<br \/>\nMit claro Fair Trade Produkten und frischem Gem\u00fcse<br \/>\nAb 11.45 Uhr,\u00a0Witikonerstrasse 286<\/p>\n<p>&nbsp;<\/p>\n<p><strong>Z\u00fcrich-Affoltern, Samstag 18. Mai 2019<\/strong><\/p>\n<p>Ap\u00e9ro im Laden zum Motto:<br \/>\n10 \u2013 14 Uhr<br \/>\nAlthoossteig 2<\/p>\n<p>&nbsp;<\/p>\n<p><strong>Zweisimmen, 7. \u2013 25. Mai 2019<\/strong><\/p>\n<p>7.-25. Mai: Austellung Seidekleider &amp; Accessoires von ideale Bern<br \/>\nim claro Weltladen<\/p>\n<p>11. Mai: Informationsanlass \u00fcber Projekte in Laos und Vietnam im claro Weltladen<br \/>\nmit Franziska Lack von ideale<\/p>\n<p>11. Mai: Restaurant zu Brasserie Simmen<br \/>\nRegionales und Faires auf dem Teller[\/vc_column_text][\/vc_column][\/vc_row][vc_row][vc_column][vc_empty_space height=&#8221;50px&#8221;][vc_separator][vc_column_text]<\/p>\n<h3>Altre notizie<\/h3>\n<p>[\/vc_column_text][vc_basic_grid post_type=&#8221;page&#8221; max_items=&#8221;-1&#8243; gap=&#8221;10&#8243; order=&#8221;ASC&#8221; item=&#8221;1885&#8243; grid_id=&#8221;vc_gid:1557999382906-76b389df-e439-5&#8243; taxonomies=&#8221;315&#8243;][\/vc_column][\/vc_row]<\/p>\n<\/div>","protected":false},"excerpt":{"rendered":"<p>In Svizzera, degustazioni pubbliche, bancarelle, fiere e altre attivit\u00e0 di informazione si svolgono in circa 70 citt\u00e0 e comuni. Vieni a trovarci!<\/p>\n","protected":false},"author":3,"featured_media":13354,"parent":5862,"menu_order":0,"comment_status":"closed","ping_status":"closed","template":"","meta":{"generate_page_header":"","footnotes":"","_links_to":"","_links_to_target":""},"hauptseiten-kategorie":[315],"class_list":{"0":"post-6357","1":"page","2":"type-page","3":"status-publish","4":"has-post-thumbnail","6":"hauptseiten-kategorie-world-fair-trade-day"},"yoast_head":"<!-- This site is optimized with the Yoast SEO plugin v26.2 - https:\/\/yoast.com\/wordpress\/plugins\/seo\/ -->\n<title>Attivit\u00e0 - Swiss Fair Trade<\/title>\n<meta name=\"robots\" content=\"index, follow, max-snippet:-1, max-image-preview:large, max-video-preview:-1\" \/>\n<link rel=\"canonical\" href=\"https:\/\/www.swissfairtrade.ch\/it\/argomenti-principali\/giornata-mondiale-commercio-equo\/attivita\/\" \/>\n<meta property=\"og:locale\" content=\"it_IT\" \/>\n<meta property=\"og:type\" content=\"article\" \/>\n<meta property=\"og:title\" content=\"Attivit\u00e0 - Swiss Fair Trade\" \/>\n<meta property=\"og:description\" content=\"In Svizzera, degustazioni pubbliche, bancarelle, fiere e altre attivit\u00e0 di informazione si svolgono in circa 70 citt\u00e0 e comuni. Vieni a trovarci!\" \/>\n<meta property=\"og:url\" content=\"https:\/\/www.swissfairtrade.ch\/it\/argomenti-principali\/giornata-mondiale-commercio-equo\/attivita\/\" \/>\n<meta property=\"og:site_name\" content=\"Swiss Fair Trade\" \/>\n<meta property=\"article:modified_time\" content=\"2019-05-16T09:36:48+00:00\" \/>\n<meta property=\"og:image\" content=\"https:\/\/www.swissfairtrade.ch\/wp-content\/uploads\/Aktivit\u00e4ten.jpeg\" \/>\n\t<meta property=\"og:image:width\" content=\"800\" \/>\n\t<meta property=\"og:image:height\" content=\"450\" \/>\n\t<meta property=\"og:image:type\" content=\"image\/jpeg\" \/>\n<meta name=\"twitter:card\" content=\"summary_large_image\" \/>\n<meta name=\"twitter:label1\" content=\"Tempo di lettura stimato\" \/>\n\t<meta name=\"twitter:data1\" content=\"4 minuti\" \/>\n<script type=\"application\/ld+json\" class=\"yoast-schema-graph\">{\"@context\":\"https:\/\/schema.org\",\"@graph\":[{\"@type\":\"WebPage\",\"@id\":\"https:\/\/www.swissfairtrade.ch\/it\/argomenti-principali\/giornata-mondiale-commercio-equo\/attivita\/\",\"url\":\"https:\/\/www.swissfairtrade.ch\/it\/argomenti-principali\/giornata-mondiale-commercio-equo\/attivita\/\",\"name\":\"Attivit\u00e0 - Swiss Fair Trade\",\"isPartOf\":{\"@id\":\"https:\/\/www.swissfairtrade.ch\/it\/#website\"},\"primaryImageOfPage\":{\"@id\":\"https:\/\/www.swissfairtrade.ch\/it\/argomenti-principali\/giornata-mondiale-commercio-equo\/attivita\/#primaryimage\"},\"image\":{\"@id\":\"https:\/\/www.swissfairtrade.ch\/it\/argomenti-principali\/giornata-mondiale-commercio-equo\/attivita\/#primaryimage\"},\"thumbnailUrl\":\"https:\/\/www.swissfairtrade.ch\/wp-content\/uploads\/Aktivit\u00e4ten.jpeg\",\"datePublished\":\"2019-04-20T14:33:56+00:00\",\"dateModified\":\"2019-05-16T09:36:48+00:00\",\"breadcrumb\":{\"@id\":\"https:\/\/www.swissfairtrade.ch\/it\/argomenti-principali\/giornata-mondiale-commercio-equo\/attivita\/#breadcrumb\"},\"inLanguage\":\"it-IT\",\"potentialAction\":[{\"@type\":\"ReadAction\",\"target\":[\"https:\/\/www.swissfairtrade.ch\/it\/argomenti-principali\/giornata-mondiale-commercio-equo\/attivita\/\"]}]},{\"@type\":\"ImageObject\",\"inLanguage\":\"it-IT\",\"@id\":\"https:\/\/www.swissfairtrade.ch\/it\/argomenti-principali\/giornata-mondiale-commercio-equo\/attivita\/#primaryimage\",\"url\":\"https:\/\/www.swissfairtrade.ch\/wp-content\/uploads\/Aktivit\u00e4ten.jpeg\",\"contentUrl\":\"https:\/\/www.swissfairtrade.ch\/wp-content\/uploads\/Aktivit\u00e4ten.jpeg\",\"width\":800,\"height\":450},{\"@type\":\"BreadcrumbList\",\"@id\":\"https:\/\/www.swissfairtrade.ch\/it\/argomenti-principali\/giornata-mondiale-commercio-equo\/attivita\/#breadcrumb\",\"itemListElement\":[{\"@type\":\"ListItem\",\"position\":1,\"name\":\"Home\",\"item\":\"https:\/\/www.swissfairtrade.ch\/it\/\"},{\"@type\":\"ListItem\",\"position\":2,\"name\":\"Argomenti principali\",\"item\":\"https:\/\/www.swissfairtrade.ch\/it\/argomenti-principali\/\"},{\"@type\":\"ListItem\",\"position\":3,\"name\":\"Privato: Giornata Mondiale commercio equo\",\"item\":\"https:\/\/www.swissfairtrade.ch\/it\/?page_id=5862\"},{\"@type\":\"ListItem\",\"position\":4,\"name\":\"Attivit\u00e0\"}]},{\"@type\":\"WebSite\",\"@id\":\"https:\/\/www.swissfairtrade.ch\/it\/#website\",\"url\":\"https:\/\/www.swissfairtrade.ch\/it\/\",\"name\":\"Swiss Fair Trade\",\"description\":\"\",\"publisher\":{\"@id\":\"https:\/\/www.swissfairtrade.ch\/it\/#organization\"},\"potentialAction\":[{\"@type\":\"SearchAction\",\"target\":{\"@type\":\"EntryPoint\",\"urlTemplate\":\"https:\/\/www.swissfairtrade.ch\/it\/?s={search_term_string}\"},\"query-input\":{\"@type\":\"PropertyValueSpecification\",\"valueRequired\":true,\"valueName\":\"search_term_string\"}}],\"inLanguage\":\"it-IT\"},{\"@type\":\"Organization\",\"@id\":\"https:\/\/www.swissfairtrade.ch\/it\/#organization\",\"name\":\"Swiss Fair Trade\",\"url\":\"https:\/\/www.swissfairtrade.ch\/it\/\",\"logo\":{\"@type\":\"ImageObject\",\"inLanguage\":\"it-IT\",\"@id\":\"https:\/\/www.swissfairtrade.ch\/it\/#\/schema\/logo\/image\/\",\"url\":\"https:\/\/www.swissfairtrade.ch\/wp-content\/uploads\/SwissFairTrade-Logo-rgb-203.51.59-web.png\",\"contentUrl\":\"https:\/\/www.swissfairtrade.ch\/wp-content\/uploads\/SwissFairTrade-Logo-rgb-203.51.59-web.png\",\"width\":130,\"height\":115,\"caption\":\"Swiss Fair Trade\"},\"image\":{\"@id\":\"https:\/\/www.swissfairtrade.ch\/it\/#\/schema\/logo\/image\/\"}}]}<\/script>\n<!-- \/ Yoast SEO plugin. -->","yoast_head_json":{"title":"Attivit\u00e0 - Swiss Fair Trade","robots":{"index":"index","follow":"follow","max-snippet":"max-snippet:-1","max-image-preview":"max-image-preview:large","max-video-preview":"max-video-preview:-1"},"canonical":"https:\/\/www.swissfairtrade.ch\/it\/argomenti-principali\/giornata-mondiale-commercio-equo\/attivita\/","og_locale":"it_IT","og_type":"article","og_title":"Attivit\u00e0 - Swiss Fair Trade","og_description":"In Svizzera, degustazioni pubbliche, bancarelle, fiere e altre attivit\u00e0 di informazione si svolgono in circa 70 citt\u00e0 e comuni. Vieni a trovarci!","og_url":"https:\/\/www.swissfairtrade.ch\/it\/argomenti-principali\/giornata-mondiale-commercio-equo\/attivita\/","og_site_name":"Swiss Fair Trade","article_modified_time":"2019-05-16T09:36:48+00:00","og_image":[{"width":800,"height":450,"url":"https:\/\/www.swissfairtrade.ch\/wp-content\/uploads\/Aktivit\u00e4ten.jpeg","type":"image\/jpeg"}],"twitter_card":"summary_large_image","twitter_misc":{"Tempo di lettura stimato":"4 minuti"},"schema":{"@context":"https:\/\/schema.org","@graph":[{"@type":"WebPage","@id":"https:\/\/www.swissfairtrade.ch\/it\/argomenti-principali\/giornata-mondiale-commercio-equo\/attivita\/","url":"https:\/\/www.swissfairtrade.ch\/it\/argomenti-principali\/giornata-mondiale-commercio-equo\/attivita\/","name":"Attivit\u00e0 - Swiss Fair Trade","isPartOf":{"@id":"https:\/\/www.swissfairtrade.ch\/it\/#website"},"primaryImageOfPage":{"@id":"https:\/\/www.swissfairtrade.ch\/it\/argomenti-principali\/giornata-mondiale-commercio-equo\/attivita\/#primaryimage"},"image":{"@id":"https:\/\/www.swissfairtrade.ch\/it\/argomenti-principali\/giornata-mondiale-commercio-equo\/attivita\/#primaryimage"},"thumbnailUrl":"https:\/\/www.swissfairtrade.ch\/wp-content\/uploads\/Aktivit\u00e4ten.jpeg","datePublished":"2019-04-20T14:33:56+00:00","dateModified":"2019-05-16T09:36:48+00:00","breadcrumb":{"@id":"https:\/\/www.swissfairtrade.ch\/it\/argomenti-principali\/giornata-mondiale-commercio-equo\/attivita\/#breadcrumb"},"inLanguage":"it-IT","potentialAction":[{"@type":"ReadAction","target":["https:\/\/www.swissfairtrade.ch\/it\/argomenti-principali\/giornata-mondiale-commercio-equo\/attivita\/"]}]},{"@type":"ImageObject","inLanguage":"it-IT","@id":"https:\/\/www.swissfairtrade.ch\/it\/argomenti-principali\/giornata-mondiale-commercio-equo\/attivita\/#primaryimage","url":"https:\/\/www.swissfairtrade.ch\/wp-content\/uploads\/Aktivit\u00e4ten.jpeg","contentUrl":"https:\/\/www.swissfairtrade.ch\/wp-content\/uploads\/Aktivit\u00e4ten.jpeg","width":800,"height":450},{"@type":"BreadcrumbList","@id":"https:\/\/www.swissfairtrade.ch\/it\/argomenti-principali\/giornata-mondiale-commercio-equo\/attivita\/#breadcrumb","itemListElement":[{"@type":"ListItem","position":1,"name":"Home","item":"https:\/\/www.swissfairtrade.ch\/it\/"},{"@type":"ListItem","position":2,"name":"Argomenti principali","item":"https:\/\/www.swissfairtrade.ch\/it\/argomenti-principali\/"},{"@type":"ListItem","position":3,"name":"Privato: Giornata Mondiale commercio equo","item":"https:\/\/www.swissfairtrade.ch\/it\/?page_id=5862"},{"@type":"ListItem","position":4,"name":"Attivit\u00e0"}]},{"@type":"WebSite","@id":"https:\/\/www.swissfairtrade.ch\/it\/#website","url":"https:\/\/www.swissfairtrade.ch\/it\/","name":"Swiss Fair Trade","description":"","publisher":{"@id":"https:\/\/www.swissfairtrade.ch\/it\/#organization"},"potentialAction":[{"@type":"SearchAction","target":{"@type":"EntryPoint","urlTemplate":"https:\/\/www.swissfairtrade.ch\/it\/?s={search_term_string}"},"query-input":{"@type":"PropertyValueSpecification","valueRequired":true,"valueName":"search_term_string"}}],"inLanguage":"it-IT"},{"@type":"Organization","@id":"https:\/\/www.swissfairtrade.ch\/it\/#organization","name":"Swiss Fair Trade","url":"https:\/\/www.swissfairtrade.ch\/it\/","logo":{"@type":"ImageObject","inLanguage":"it-IT","@id":"https:\/\/www.swissfairtrade.ch\/it\/#\/schema\/logo\/image\/","url":"https:\/\/www.swissfairtrade.ch\/wp-content\/uploads\/SwissFairTrade-Logo-rgb-203.51.59-web.png","contentUrl":"https:\/\/www.swissfairtrade.ch\/wp-content\/uploads\/SwissFairTrade-Logo-rgb-203.51.59-web.png","width":130,"height":115,"caption":"Swiss Fair Trade"},"image":{"@id":"https:\/\/www.swissfairtrade.ch\/it\/#\/schema\/logo\/image\/"}}]}},"_links":{"self":[{"href":"https:\/\/www.swissfairtrade.ch\/it\/wp-json\/wp\/v2\/pages\/6357","targetHints":{"allow":["GET"]}}],"collection":[{"href":"https:\/\/www.swissfairtrade.ch\/it\/wp-json\/wp\/v2\/pages"}],"about":[{"href":"https:\/\/www.swissfairtrade.ch\/it\/wp-json\/wp\/v2\/types\/page"}],"author":[{"embeddable":true,"href":"https:\/\/www.swissfairtrade.ch\/it\/wp-json\/wp\/v2\/users\/3"}],"replies":[{"embeddable":true,"href":"https:\/\/www.swissfairtrade.ch\/it\/wp-json\/wp\/v2\/comments?post=6357"}],"version-history":[{"count":0,"href":"https:\/\/www.swissfairtrade.ch\/it\/wp-json\/wp\/v2\/pages\/6357\/revisions"}],"up":[{"embeddable":true,"href":"https:\/\/www.swissfairtrade.ch\/it\/wp-json\/wp\/v2\/pages\/5862"}],"wp:featuredmedia":[{"embeddable":true,"href":"https:\/\/www.swissfairtrade.ch\/it\/wp-json\/wp\/v2\/media\/13354"}],"wp:attachment":[{"href":"https:\/\/www.swissfairtrade.ch\/it\/wp-json\/wp\/v2\/media?parent=6357"}],"wp:term":[{"taxonomy":"hauptseiten-kategorie","embeddable":true,"href":"https:\/\/www.swissfairtrade.ch\/it\/wp-json\/wp\/v2\/hauptseiten-kategorie?post=6357"}],"curies":[{"name":"wp","href":"https:\/\/api.w.org\/{rel}","templated":true}]}}