{"id":6185,"date":"2019-05-06T11:20:52","date_gmt":"2019-05-06T09:20:52","guid":{"rendered":"https:\/\/www.swissfairtrade.ch\/?page_id=6185"},"modified":"2019-05-06T14:21:22","modified_gmt":"2019-05-06T12:21:22","slug":"bella-esohana-tedihou","status":"publish","type":"page","link":"https:\/\/www.swissfairtrade.ch\/it\/argomenti-principali\/centro-di-competenze\/domestic-fair-trade\/contadine-e-contadini-qua-e-la\/bella-esohana-tedihou\/","title":{"rendered":"Bella Esohana Tedihou"},"content":{"rendered":"<div class=\"wpb-content-wrapper\"><p>[vc_row full_width=&#8221;stretch_row&#8221; content_placement=&#8221;bottom&#8221; parallax=&#8221;content-moving-fade&#8221; parallax_image=&#8221;2959&#8243; css=&#8221;.vc_custom_1556112923246{background: rgba(196,196,196,0.71) url(https:\/\/www.swissfairtrade.ch\/wp-content\/uploads\/pexels_wiese-ch.jpeg?id=5924);background-position: center;background-repeat: no-repeat !important;background-size: cover !important;*background-color: rgb(196,196,196) !important;}&#8221; el_class=&#8221;header&#8221;][vc_column][vc_column_text el_class=&#8221;txt-white&#8221;]<\/p>\n<div class=\"annot\">\n<div class=\"row-main\">\n<div class=\"text\">\n<h1><b>\u00abL\u2019olio di palma \u00e8 tutta mia vita\u00bb\u00a0<\/b><\/h1>\n<h2 class=\"big\">Bella Esohana Tedihou<\/h2>\n<\/div>\n<\/div>\n<\/div>\n<p>[\/vc_column_text][\/vc_column][\/vc_row][vc_row][vc_column width=&#8221;1\/6&#8243;][\/vc_column][vc_column width=&#8221;2\/3&#8243;][vc_column_text]<img loading=\"lazy\" decoding=\"async\" class=\"wp-image-5937 size-medium aligncenter\" src=\"https:\/\/www.swissfairtrade.ch\/wp-content\/uploads\/portrait_bella-420x280.jpg\" alt=\"\" width=\"420\" height=\"280\" srcset=\"https:\/\/www.swissfairtrade.ch\/wp-content\/uploads\/portrait_bella-420x280.jpg 420w, https:\/\/www.swissfairtrade.ch\/wp-content\/uploads\/portrait_bella-768x512.jpg 768w, https:\/\/www.swissfairtrade.ch\/wp-content\/uploads\/portrait_bella.jpg 800w\" sizes=\"auto, (max-width: 420px) 100vw, 420px\" \/><\/p>\n<p>\u00abMi chiamo Bella Esohana Tedihou. Ho 48 anni, sono sposata e ho tre figli. Come molte donne del mio paese, produco l&#8217;olio di palma rosso tradizionale, molto apprezzato in Togo e utilizzato in numerosi prodotti alimentari. Ho imparato il mestiere da mia madre che faceva questa attivit\u00e0 prima di me. L&#8217;olio di palma rosso \u00e8 la mia vita &#8211; mi permette di mantenermi.<\/p>\n<p>Grazie al progetto Robusta sostenuto dall&#8217;organizzazione\u00a0die Br\u00fccke &#8211; Le Pont, posso migliorare le mie capacit\u00e0 e aumentare il mio reddito. Ho frequentato corsi di teoria e di pratica &#8211; per esempio sui processi di qualit\u00e0, sul calcolo dei costi e dei margini di profitto e sulla determinazione del prezzo di vendita. Il contratto che ho potuto concludere con i produttori di noci di palma mi permette di acquistare frutta di buona qualit\u00e0.<\/p>\n<p><span style=\"color: #b20946;\">\u00ab<em>Bella produce olio di palma rosso tradizionale. Grazie al progetto Robusta, ora pu\u00f2 guadagnarsi da vivere dignitosamente.<\/em>\u00bb<\/span><\/p>\n<p>Il sostegno dell&#8217;organizzazione partner die Br\u00fccke \u2013 Le Pont \u00e8 un enorme vantaggio per la nostra cooperativa: sono stati rafforzati i controlli di qualit\u00e0 e i compiti amministrativi, cos\u00ec le vendite sono aumentate. Prima di unirmi al progetto, la mia vita era difficile: la qualit\u00e0 dei frutti era insufficiente, non riuscivo a rispettare le linee guida igieniche e il mio prezzo di vendita non sempre copriva i costi. Oggi posso puntare molto di pi\u00f9 sulla qualit\u00e0 e il prezzo che stabilisco tiene conto di tutte le spese, in modo da conoscere in anticipo i miei guadagni. Vendo molto pi\u00f9 olio di prima. Grazie a questo reddito posso mantenere la mia famiglia, pagare il cibo, l&#8217;abbigliamento e l&#8217;istruzione dei miei figli. E posso anche mettere da parte un po&#8217; di soldi.\u00bb[\/vc_column_text][\/vc_column][vc_column width=&#8221;1\/6&#8243;][\/vc_column][\/vc_row][vc_row][vc_column][vc_basic_grid post_type=&#8221;post&#8221; max_items=&#8221;10&#8243; grid_id=&#8221;vc_gid:1557145151196-cc147336-4743-1&#8243; taxonomies=&#8221;316&#8243;][\/vc_column][\/vc_row][vc_row][vc_column][vc_empty_space height=&#8221;50px&#8221;][vc_separator][vc_column_text]<\/p>\n<h3>Weitere Themen<\/h3>\n<p>[\/vc_column_text][vc_basic_grid post_type=&#8221;page&#8221; max_items=&#8221;-1&#8243; gap=&#8221;10&#8243; order=&#8221;ASC&#8221; item=&#8221;1885&#8243; grid_id=&#8221;vc_gid:1557145151198-d8cba165-ced3-7&#8243; taxonomies=&#8221;315&#8243;][\/vc_column][vc_column][\/vc_column][\/vc_row]<\/p>\n<\/div>","protected":false},"excerpt":{"rendered":"<p>Produttore di olio di palma<\/p>\n","protected":false},"author":3,"featured_media":5937,"parent":6181,"menu_order":1,"comment_status":"closed","ping_status":"closed","template":"","meta":{"generate_page_header":"","footnotes":"","_links_to":"","_links_to_target":""},"hauptseiten-kategorie":[316],"class_list":{"0":"post-6185","1":"page","2":"type-page","3":"status-publish","4":"has-post-thumbnail","6":"hauptseiten-kategorie-baeuerinnen-und-bauern-hier-und-dort"},"yoast_head":"<!-- This site is optimized with the Yoast SEO plugin v26.2 - https:\/\/yoast.com\/wordpress\/plugins\/seo\/ -->\n<title>Bella Esohana Tedihou - Swiss Fair Trade<\/title>\n<meta name=\"robots\" content=\"index, follow, max-snippet:-1, max-image-preview:large, max-video-preview:-1\" \/>\n<link rel=\"canonical\" href=\"https:\/\/www.swissfairtrade.ch\/it\/argomenti-principali\/centro-di-competenze\/domestic-fair-trade\/contadine-e-contadini-qua-e-la\/bella-esohana-tedihou\/\" \/>\n<meta property=\"og:locale\" content=\"it_IT\" \/>\n<meta property=\"og:type\" content=\"article\" \/>\n<meta property=\"og:title\" content=\"Bella Esohana Tedihou - Swiss Fair Trade\" \/>\n<meta property=\"og:description\" content=\"Produttore di olio di palma\" \/>\n<meta property=\"og:url\" content=\"https:\/\/www.swissfairtrade.ch\/it\/argomenti-principali\/centro-di-competenze\/domestic-fair-trade\/contadine-e-contadini-qua-e-la\/bella-esohana-tedihou\/\" \/>\n<meta property=\"og:site_name\" content=\"Swiss Fair Trade\" \/>\n<meta property=\"article:modified_time\" content=\"2019-05-06T12:21:22+00:00\" \/>\n<meta property=\"og:image\" content=\"https:\/\/www.swissfairtrade.ch\/wp-content\/uploads\/portrait_bella.jpg\" \/>\n\t<meta property=\"og:image:width\" content=\"800\" \/>\n\t<meta property=\"og:image:height\" content=\"533\" \/>\n\t<meta property=\"og:image:type\" content=\"image\/jpeg\" \/>\n<meta name=\"twitter:card\" content=\"summary_large_image\" \/>\n<meta name=\"twitter:label1\" content=\"Tempo di lettura stimato\" \/>\n\t<meta name=\"twitter:data1\" content=\"2 minuti\" \/>\n<script type=\"application\/ld+json\" class=\"yoast-schema-graph\">{\"@context\":\"https:\/\/schema.org\",\"@graph\":[{\"@type\":\"WebPage\",\"@id\":\"https:\/\/www.swissfairtrade.ch\/it\/argomenti-principali\/centro-di-competenze\/domestic-fair-trade\/contadine-e-contadini-qua-e-la\/bella-esohana-tedihou\/\",\"url\":\"https:\/\/www.swissfairtrade.ch\/it\/argomenti-principali\/centro-di-competenze\/domestic-fair-trade\/contadine-e-contadini-qua-e-la\/bella-esohana-tedihou\/\",\"name\":\"Bella Esohana Tedihou - Swiss Fair Trade\",\"isPartOf\":{\"@id\":\"https:\/\/www.swissfairtrade.ch\/it\/#website\"},\"primaryImageOfPage\":{\"@id\":\"https:\/\/www.swissfairtrade.ch\/it\/argomenti-principali\/centro-di-competenze\/domestic-fair-trade\/contadine-e-contadini-qua-e-la\/bella-esohana-tedihou\/#primaryimage\"},\"image\":{\"@id\":\"https:\/\/www.swissfairtrade.ch\/it\/argomenti-principali\/centro-di-competenze\/domestic-fair-trade\/contadine-e-contadini-qua-e-la\/bella-esohana-tedihou\/#primaryimage\"},\"thumbnailUrl\":\"https:\/\/www.swissfairtrade.ch\/wp-content\/uploads\/portrait_bella.jpg\",\"datePublished\":\"2019-05-06T09:20:52+00:00\",\"dateModified\":\"2019-05-06T12:21:22+00:00\",\"breadcrumb\":{\"@id\":\"https:\/\/www.swissfairtrade.ch\/it\/argomenti-principali\/centro-di-competenze\/domestic-fair-trade\/contadine-e-contadini-qua-e-la\/bella-esohana-tedihou\/#breadcrumb\"},\"inLanguage\":\"it-IT\",\"potentialAction\":[{\"@type\":\"ReadAction\",\"target\":[\"https:\/\/www.swissfairtrade.ch\/it\/argomenti-principali\/centro-di-competenze\/domestic-fair-trade\/contadine-e-contadini-qua-e-la\/bella-esohana-tedihou\/\"]}]},{\"@type\":\"ImageObject\",\"inLanguage\":\"it-IT\",\"@id\":\"https:\/\/www.swissfairtrade.ch\/it\/argomenti-principali\/centro-di-competenze\/domestic-fair-trade\/contadine-e-contadini-qua-e-la\/bella-esohana-tedihou\/#primaryimage\",\"url\":\"https:\/\/www.swissfairtrade.ch\/wp-content\/uploads\/portrait_bella.jpg\",\"contentUrl\":\"https:\/\/www.swissfairtrade.ch\/wp-content\/uploads\/portrait_bella.jpg\",\"width\":800,\"height\":533},{\"@type\":\"BreadcrumbList\",\"@id\":\"https:\/\/www.swissfairtrade.ch\/it\/argomenti-principali\/centro-di-competenze\/domestic-fair-trade\/contadine-e-contadini-qua-e-la\/bella-esohana-tedihou\/#breadcrumb\",\"itemListElement\":[{\"@type\":\"ListItem\",\"position\":1,\"name\":\"Home\",\"item\":\"https:\/\/www.swissfairtrade.ch\/it\/\"},{\"@type\":\"ListItem\",\"position\":2,\"name\":\"Argomenti principali\",\"item\":\"https:\/\/www.swissfairtrade.ch\/it\/argomenti-principali\/\"},{\"@type\":\"ListItem\",\"position\":3,\"name\":\"Centro di competenze\",\"item\":\"https:\/\/www.swissfairtrade.ch\/it\/argomenti-principali\/centro-di-competenze\/\"},{\"@type\":\"ListItem\",\"position\":4,\"name\":\"Domestic Fair Trade\",\"item\":\"https:\/\/www.swissfairtrade.ch\/it\/argomenti-principali\/centro-di-competenze\/domestic-fair-trade\/\"},{\"@type\":\"ListItem\",\"position\":5,\"name\":\"Contadine e contadini qua e l\u00e0\",\"item\":\"https:\/\/www.swissfairtrade.ch\/it\/argomenti-principali\/centro-di-competenze\/domestic-fair-trade\/contadine-e-contadini-qua-e-la\/\"},{\"@type\":\"ListItem\",\"position\":6,\"name\":\"Bella Esohana Tedihou\"}]},{\"@type\":\"WebSite\",\"@id\":\"https:\/\/www.swissfairtrade.ch\/it\/#website\",\"url\":\"https:\/\/www.swissfairtrade.ch\/it\/\",\"name\":\"Swiss Fair Trade\",\"description\":\"\",\"publisher\":{\"@id\":\"https:\/\/www.swissfairtrade.ch\/it\/#organization\"},\"potentialAction\":[{\"@type\":\"SearchAction\",\"target\":{\"@type\":\"EntryPoint\",\"urlTemplate\":\"https:\/\/www.swissfairtrade.ch\/it\/?s={search_term_string}\"},\"query-input\":{\"@type\":\"PropertyValueSpecification\",\"valueRequired\":true,\"valueName\":\"search_term_string\"}}],\"inLanguage\":\"it-IT\"},{\"@type\":\"Organization\",\"@id\":\"https:\/\/www.swissfairtrade.ch\/it\/#organization\",\"name\":\"Swiss Fair Trade\",\"url\":\"https:\/\/www.swissfairtrade.ch\/it\/\",\"logo\":{\"@type\":\"ImageObject\",\"inLanguage\":\"it-IT\",\"@id\":\"https:\/\/www.swissfairtrade.ch\/it\/#\/schema\/logo\/image\/\",\"url\":\"https:\/\/www.swissfairtrade.ch\/wp-content\/uploads\/SwissFairTrade-Logo-rgb-203.51.59-web.png\",\"contentUrl\":\"https:\/\/www.swissfairtrade.ch\/wp-content\/uploads\/SwissFairTrade-Logo-rgb-203.51.59-web.png\",\"width\":130,\"height\":115,\"caption\":\"Swiss Fair Trade\"},\"image\":{\"@id\":\"https:\/\/www.swissfairtrade.ch\/it\/#\/schema\/logo\/image\/\"}}]}<\/script>\n<!-- \/ Yoast SEO plugin. -->","yoast_head_json":{"title":"Bella Esohana Tedihou - Swiss Fair Trade","robots":{"index":"index","follow":"follow","max-snippet":"max-snippet:-1","max-image-preview":"max-image-preview:large","max-video-preview":"max-video-preview:-1"},"canonical":"https:\/\/www.swissfairtrade.ch\/it\/argomenti-principali\/centro-di-competenze\/domestic-fair-trade\/contadine-e-contadini-qua-e-la\/bella-esohana-tedihou\/","og_locale":"it_IT","og_type":"article","og_title":"Bella Esohana Tedihou - Swiss Fair Trade","og_description":"Produttore di olio di palma","og_url":"https:\/\/www.swissfairtrade.ch\/it\/argomenti-principali\/centro-di-competenze\/domestic-fair-trade\/contadine-e-contadini-qua-e-la\/bella-esohana-tedihou\/","og_site_name":"Swiss Fair Trade","article_modified_time":"2019-05-06T12:21:22+00:00","og_image":[{"width":800,"height":533,"url":"https:\/\/www.swissfairtrade.ch\/wp-content\/uploads\/portrait_bella.jpg","type":"image\/jpeg"}],"twitter_card":"summary_large_image","twitter_misc":{"Tempo di lettura stimato":"2 minuti"},"schema":{"@context":"https:\/\/schema.org","@graph":[{"@type":"WebPage","@id":"https:\/\/www.swissfairtrade.ch\/it\/argomenti-principali\/centro-di-competenze\/domestic-fair-trade\/contadine-e-contadini-qua-e-la\/bella-esohana-tedihou\/","url":"https:\/\/www.swissfairtrade.ch\/it\/argomenti-principali\/centro-di-competenze\/domestic-fair-trade\/contadine-e-contadini-qua-e-la\/bella-esohana-tedihou\/","name":"Bella Esohana Tedihou - Swiss Fair Trade","isPartOf":{"@id":"https:\/\/www.swissfairtrade.ch\/it\/#website"},"primaryImageOfPage":{"@id":"https:\/\/www.swissfairtrade.ch\/it\/argomenti-principali\/centro-di-competenze\/domestic-fair-trade\/contadine-e-contadini-qua-e-la\/bella-esohana-tedihou\/#primaryimage"},"image":{"@id":"https:\/\/www.swissfairtrade.ch\/it\/argomenti-principali\/centro-di-competenze\/domestic-fair-trade\/contadine-e-contadini-qua-e-la\/bella-esohana-tedihou\/#primaryimage"},"thumbnailUrl":"https:\/\/www.swissfairtrade.ch\/wp-content\/uploads\/portrait_bella.jpg","datePublished":"2019-05-06T09:20:52+00:00","dateModified":"2019-05-06T12:21:22+00:00","breadcrumb":{"@id":"https:\/\/www.swissfairtrade.ch\/it\/argomenti-principali\/centro-di-competenze\/domestic-fair-trade\/contadine-e-contadini-qua-e-la\/bella-esohana-tedihou\/#breadcrumb"},"inLanguage":"it-IT","potentialAction":[{"@type":"ReadAction","target":["https:\/\/www.swissfairtrade.ch\/it\/argomenti-principali\/centro-di-competenze\/domestic-fair-trade\/contadine-e-contadini-qua-e-la\/bella-esohana-tedihou\/"]}]},{"@type":"ImageObject","inLanguage":"it-IT","@id":"https:\/\/www.swissfairtrade.ch\/it\/argomenti-principali\/centro-di-competenze\/domestic-fair-trade\/contadine-e-contadini-qua-e-la\/bella-esohana-tedihou\/#primaryimage","url":"https:\/\/www.swissfairtrade.ch\/wp-content\/uploads\/portrait_bella.jpg","contentUrl":"https:\/\/www.swissfairtrade.ch\/wp-content\/uploads\/portrait_bella.jpg","width":800,"height":533},{"@type":"BreadcrumbList","@id":"https:\/\/www.swissfairtrade.ch\/it\/argomenti-principali\/centro-di-competenze\/domestic-fair-trade\/contadine-e-contadini-qua-e-la\/bella-esohana-tedihou\/#breadcrumb","itemListElement":[{"@type":"ListItem","position":1,"name":"Home","item":"https:\/\/www.swissfairtrade.ch\/it\/"},{"@type":"ListItem","position":2,"name":"Argomenti principali","item":"https:\/\/www.swissfairtrade.ch\/it\/argomenti-principali\/"},{"@type":"ListItem","position":3,"name":"Centro di competenze","item":"https:\/\/www.swissfairtrade.ch\/it\/argomenti-principali\/centro-di-competenze\/"},{"@type":"ListItem","position":4,"name":"Domestic Fair Trade","item":"https:\/\/www.swissfairtrade.ch\/it\/argomenti-principali\/centro-di-competenze\/domestic-fair-trade\/"},{"@type":"ListItem","position":5,"name":"Contadine e contadini qua e l\u00e0","item":"https:\/\/www.swissfairtrade.ch\/it\/argomenti-principali\/centro-di-competenze\/domestic-fair-trade\/contadine-e-contadini-qua-e-la\/"},{"@type":"ListItem","position":6,"name":"Bella Esohana Tedihou"}]},{"@type":"WebSite","@id":"https:\/\/www.swissfairtrade.ch\/it\/#website","url":"https:\/\/www.swissfairtrade.ch\/it\/","name":"Swiss Fair Trade","description":"","publisher":{"@id":"https:\/\/www.swissfairtrade.ch\/it\/#organization"},"potentialAction":[{"@type":"SearchAction","target":{"@type":"EntryPoint","urlTemplate":"https:\/\/www.swissfairtrade.ch\/it\/?s={search_term_string}"},"query-input":{"@type":"PropertyValueSpecification","valueRequired":true,"valueName":"search_term_string"}}],"inLanguage":"it-IT"},{"@type":"Organization","@id":"https:\/\/www.swissfairtrade.ch\/it\/#organization","name":"Swiss Fair Trade","url":"https:\/\/www.swissfairtrade.ch\/it\/","logo":{"@type":"ImageObject","inLanguage":"it-IT","@id":"https:\/\/www.swissfairtrade.ch\/it\/#\/schema\/logo\/image\/","url":"https:\/\/www.swissfairtrade.ch\/wp-content\/uploads\/SwissFairTrade-Logo-rgb-203.51.59-web.png","contentUrl":"https:\/\/www.swissfairtrade.ch\/wp-content\/uploads\/SwissFairTrade-Logo-rgb-203.51.59-web.png","width":130,"height":115,"caption":"Swiss Fair Trade"},"image":{"@id":"https:\/\/www.swissfairtrade.ch\/it\/#\/schema\/logo\/image\/"}}]}},"_links":{"self":[{"href":"https:\/\/www.swissfairtrade.ch\/it\/wp-json\/wp\/v2\/pages\/6185","targetHints":{"allow":["GET"]}}],"collection":[{"href":"https:\/\/www.swissfairtrade.ch\/it\/wp-json\/wp\/v2\/pages"}],"about":[{"href":"https:\/\/www.swissfairtrade.ch\/it\/wp-json\/wp\/v2\/types\/page"}],"author":[{"embeddable":true,"href":"https:\/\/www.swissfairtrade.ch\/it\/wp-json\/wp\/v2\/users\/3"}],"replies":[{"embeddable":true,"href":"https:\/\/www.swissfairtrade.ch\/it\/wp-json\/wp\/v2\/comments?post=6185"}],"version-history":[{"count":0,"href":"https:\/\/www.swissfairtrade.ch\/it\/wp-json\/wp\/v2\/pages\/6185\/revisions"}],"up":[{"embeddable":true,"href":"https:\/\/www.swissfairtrade.ch\/it\/wp-json\/wp\/v2\/pages\/6181"}],"wp:featuredmedia":[{"embeddable":true,"href":"https:\/\/www.swissfairtrade.ch\/it\/wp-json\/wp\/v2\/media\/5937"}],"wp:attachment":[{"href":"https:\/\/www.swissfairtrade.ch\/it\/wp-json\/wp\/v2\/media?parent=6185"}],"wp:term":[{"taxonomy":"hauptseiten-kategorie","embeddable":true,"href":"https:\/\/www.swissfairtrade.ch\/it\/wp-json\/wp\/v2\/hauptseiten-kategorie?post=6185"}],"curies":[{"name":"wp","href":"https:\/\/api.w.org\/{rel}","templated":true}]}}