{"id":6183,"date":"2019-05-06T11:20:42","date_gmt":"2019-05-06T09:20:42","guid":{"rendered":"https:\/\/www.swissfairtrade.ch\/?page_id=6183"},"modified":"2019-06-13T11:12:06","modified_gmt":"2019-06-13T09:12:06","slug":"tessa","status":"publish","type":"page","link":"https:\/\/www.swissfairtrade.ch\/it\/argomenti-principali\/centro-di-competenze\/domestic-fair-trade\/contadine-e-contadini-qua-e-la\/tessa\/","title":{"rendered":"Tessa"},"content":{"rendered":"<div class=\"wpb-content-wrapper\"><p>[vc_row full_width=&#8221;stretch_row&#8221; content_placement=&#8221;bottom&#8221; parallax=&#8221;content-moving-fade&#8221; parallax_image=&#8221;2959&#8243; css=&#8221;.vc_custom_1556112923246{background: rgba(196,196,196,0.71) url(https:\/\/www.swissfairtrade.ch\/wp-content\/uploads\/pexels_wiese-ch.jpeg?id=5924);background-position: center;background-repeat: no-repeat !important;background-size: cover !important;*background-color: rgb(196,196,196) !important;}&#8221; el_class=&#8221;header&#8221;][vc_column][vc_column_text el_class=&#8221;txt-white&#8221;]<\/p>\n<div class=\"annot\">\n<div class=\"row-main\">\n<div class=\"text\">\n<h1>Ritorno al futuro<\/h1>\n<h2 class=\"big\">Tessa Tognetti<\/h2>\n<\/div>\n<\/div>\n<\/div>\n<p>[\/vc_column_text][\/vc_column][\/vc_row][vc_row][vc_column width=&#8221;1\/6&#8243;][\/vc_column][vc_column width=&#8221;2\/3&#8243;][vc_column_text]<\/p>\n<p style=\"text-align: left;\"><strong><span lang=\"IT\">Gli agricoltori della Svizzera e del Sud del mondo hanno pi\u00f9 cose in comune di quanto si pensi. Quali sono le loro preoccupazioni e sfide? Cosa li motiva nella loro professione? E come vedono il futuro?<\/span><\/strong><\/p>\n<p style=\"text-align: left;\"><span lang=\"IT\">Tessa, cresciuta alla Colombera sul Piano di Magadino, ha deciso di inventarsi il futuro nella fattoria dei genitori. La posta in gioco e la vita quotidiana sono molto diverse di quelle della contadina togolese Bella. In comune hanno per\u00f2 la volont\u00e0 di vivere del proprio lavoro e offrire ai clienti prodotti di qualit\u00e0 nel rispetto della natura. Leggere il ritratto di Tessa e di Bella.<\/span><\/p>\n<p>[\/vc_column_text][vc_column_text]<img loading=\"lazy\" decoding=\"async\" class=\"aligncenter wp-image-5948\" src=\"https:\/\/www.swissfairtrade.ch\/wp-content\/uploads\/Portrait-Tessa-1024x768.jpg\" alt=\"\" width=\"550\" height=\"413\" srcset=\"https:\/\/www.swissfairtrade.ch\/wp-content\/uploads\/Portrait-Tessa-1024x768.jpg 1024w, https:\/\/www.swissfairtrade.ch\/wp-content\/uploads\/Portrait-Tessa-373x280.jpg 373w, https:\/\/www.swissfairtrade.ch\/wp-content\/uploads\/Portrait-Tessa-768x576.jpg 768w\" sizes=\"auto, (max-width: 550px) 100vw, 550px\" \/>[\/vc_column_text][vc_column_text css=&#8221;.vc_custom_1560417104059{background-color: rgba(229,78,78,0.08) !important;*background-color: rgb(229,78,78) !important;border-radius: 1px !important;}&#8221;]Dopo gli studi in storia e antropologia e un Erasmus in Spagna, Tessa ha deciso di rilevare l\u2019impresa di famiglia a S.Antonino, una delle prime aziende \u201cbio\u201d del Ticino: la Colombera, da anni attiva nella trasformazione del latte, con uno spiccato interesse per le energie rinnovabili (biogas) e l\u2019educazione ambientale. Non \u00e8 stata mica un\u2019impresa facile: affinch\u00e9 l\u2019operazione potesse svilupparsi a livello finanziario e umano andavano fissate le priorit\u00e0 e ridimensionati gli orientamenti. La 28enne ha per\u00f2 potuto contare sulle sorelle: avvocatessa e costumista teatrale, Valentina e Cecilia l\u2019hanno sostenuta senza abbandonare la loro professione\u2026 Che questa sia una nuova metodologia per un\u2019agricoltura a gestione familiare?<\/p>\n<p><span style=\"color: #b20946;\">\u00abNessuna di noi aveva pensato di ritirare l\u2019attivit\u00e0 di famiglia: troppe rinunce, troppi sacrifici \u2013 ricorda Tessa. Volevamo piuttosto crearci il nostro futuro e girare il mondo!\u00bb<\/span><\/p>\n<p>La nuova generazione ha cos\u00ec abbandonato la certificazione \u201cBio Suisse\u201d (ottenuta dai genitori) per lanciarsi nell\u2019agricoltura biodinamica, pi\u00f9 confacente ai suoi intenti poich\u00e9 incentrata sulla natura e sui suoi ritmi; il tutto senza dimenticare i principi bio!<\/p>\n<p>L\u2019intento \u00e8 piuttosto quello di sviluppare \u2013 nel limite del possibile \u2013 un concetto che unisca tutti i settori della produzione, seguendo alcuni accorgimenti eco-sostenibili come, ad esempio, limitare i rifiuti, abbandonare la plastica (a favore del vetro) e preferire\/privilegiare i prodotti a basso impatto ambientale. Rendere coerenti le proprie scelte in un\u2019ottica economica durevole \u00e8 quindi la sfida principale della nuova generazione della Colombera. Molti sono i progetti in cantiere e la transizione \u00e8 gi\u00e0 in corso![\/vc_column_text][\/vc_column][vc_column width=&#8221;1\/6&#8243;][\/vc_column][\/vc_row][vc_row][vc_column][vc_empty_space height=&#8221;50px&#8221;][vc_separator][vc_column_text]<\/p>\n<h3>Altre notizie<\/h3>\n<p>[\/vc_column_text][vc_basic_grid post_type=&#8221;page&#8221; max_items=&#8221;-1&#8243; gap=&#8221;10&#8243; order=&#8221;ASC&#8221; item=&#8221;1885&#8243; grid_id=&#8221;vc_gid:1560416605589-8f655574-6dfc-2&#8243; taxonomies=&#8221;315&#8243;][\/vc_column][vc_column][\/vc_column][\/vc_row]<\/p>\n<\/div>","protected":false},"excerpt":{"rendered":"<p>Contadine<\/p>\n","protected":false},"author":3,"featured_media":5948,"parent":6181,"menu_order":0,"comment_status":"closed","ping_status":"closed","template":"","meta":{"generate_page_header":"","footnotes":"","_links_to":"","_links_to_target":""},"hauptseiten-kategorie":[316],"class_list":{"0":"post-6183","1":"page","2":"type-page","3":"status-publish","4":"has-post-thumbnail","6":"hauptseiten-kategorie-baeuerinnen-und-bauern-hier-und-dort"},"yoast_head":"<!-- This site is optimized with the Yoast SEO plugin v26.2 - https:\/\/yoast.com\/wordpress\/plugins\/seo\/ -->\n<title>Tessa - Swiss Fair Trade<\/title>\n<meta name=\"robots\" content=\"index, follow, max-snippet:-1, max-image-preview:large, max-video-preview:-1\" \/>\n<link rel=\"canonical\" href=\"https:\/\/www.swissfairtrade.ch\/it\/argomenti-principali\/centro-di-competenze\/domestic-fair-trade\/contadine-e-contadini-qua-e-la\/tessa\/\" \/>\n<meta property=\"og:locale\" content=\"it_IT\" \/>\n<meta property=\"og:type\" content=\"article\" \/>\n<meta property=\"og:title\" content=\"Tessa - Swiss Fair Trade\" \/>\n<meta property=\"og:description\" content=\"Contadine\" \/>\n<meta property=\"og:url\" content=\"https:\/\/www.swissfairtrade.ch\/it\/argomenti-principali\/centro-di-competenze\/domestic-fair-trade\/contadine-e-contadini-qua-e-la\/tessa\/\" \/>\n<meta property=\"og:site_name\" content=\"Swiss Fair Trade\" \/>\n<meta property=\"article:modified_time\" content=\"2019-06-13T09:12:06+00:00\" \/>\n<meta property=\"og:image\" content=\"https:\/\/www.swissfairtrade.ch\/wp-content\/uploads\/Portrait-Tessa-1024x768.jpg\" \/>\n\t<meta property=\"og:image:width\" content=\"1024\" \/>\n\t<meta property=\"og:image:height\" content=\"768\" \/>\n\t<meta property=\"og:image:type\" content=\"image\/jpeg\" \/>\n<meta name=\"twitter:card\" content=\"summary_large_image\" \/>\n<meta name=\"twitter:label1\" content=\"Tempo di lettura stimato\" \/>\n\t<meta name=\"twitter:data1\" content=\"3 minuti\" \/>\n<script type=\"application\/ld+json\" class=\"yoast-schema-graph\">{\"@context\":\"https:\/\/schema.org\",\"@graph\":[{\"@type\":\"WebPage\",\"@id\":\"https:\/\/www.swissfairtrade.ch\/it\/argomenti-principali\/centro-di-competenze\/domestic-fair-trade\/contadine-e-contadini-qua-e-la\/tessa\/\",\"url\":\"https:\/\/www.swissfairtrade.ch\/it\/argomenti-principali\/centro-di-competenze\/domestic-fair-trade\/contadine-e-contadini-qua-e-la\/tessa\/\",\"name\":\"Tessa - Swiss Fair Trade\",\"isPartOf\":{\"@id\":\"https:\/\/www.swissfairtrade.ch\/it\/#website\"},\"primaryImageOfPage\":{\"@id\":\"https:\/\/www.swissfairtrade.ch\/it\/argomenti-principali\/centro-di-competenze\/domestic-fair-trade\/contadine-e-contadini-qua-e-la\/tessa\/#primaryimage\"},\"image\":{\"@id\":\"https:\/\/www.swissfairtrade.ch\/it\/argomenti-principali\/centro-di-competenze\/domestic-fair-trade\/contadine-e-contadini-qua-e-la\/tessa\/#primaryimage\"},\"thumbnailUrl\":\"https:\/\/www.swissfairtrade.ch\/wp-content\/uploads\/Portrait-Tessa.jpg\",\"datePublished\":\"2019-05-06T09:20:42+00:00\",\"dateModified\":\"2019-06-13T09:12:06+00:00\",\"breadcrumb\":{\"@id\":\"https:\/\/www.swissfairtrade.ch\/it\/argomenti-principali\/centro-di-competenze\/domestic-fair-trade\/contadine-e-contadini-qua-e-la\/tessa\/#breadcrumb\"},\"inLanguage\":\"it-IT\",\"potentialAction\":[{\"@type\":\"ReadAction\",\"target\":[\"https:\/\/www.swissfairtrade.ch\/it\/argomenti-principali\/centro-di-competenze\/domestic-fair-trade\/contadine-e-contadini-qua-e-la\/tessa\/\"]}]},{\"@type\":\"ImageObject\",\"inLanguage\":\"it-IT\",\"@id\":\"https:\/\/www.swissfairtrade.ch\/it\/argomenti-principali\/centro-di-competenze\/domestic-fair-trade\/contadine-e-contadini-qua-e-la\/tessa\/#primaryimage\",\"url\":\"https:\/\/www.swissfairtrade.ch\/wp-content\/uploads\/Portrait-Tessa.jpg\",\"contentUrl\":\"https:\/\/www.swissfairtrade.ch\/wp-content\/uploads\/Portrait-Tessa.jpg\",\"width\":4128,\"height\":3096},{\"@type\":\"BreadcrumbList\",\"@id\":\"https:\/\/www.swissfairtrade.ch\/it\/argomenti-principali\/centro-di-competenze\/domestic-fair-trade\/contadine-e-contadini-qua-e-la\/tessa\/#breadcrumb\",\"itemListElement\":[{\"@type\":\"ListItem\",\"position\":1,\"name\":\"Home\",\"item\":\"https:\/\/www.swissfairtrade.ch\/it\/\"},{\"@type\":\"ListItem\",\"position\":2,\"name\":\"Argomenti principali\",\"item\":\"https:\/\/www.swissfairtrade.ch\/it\/argomenti-principali\/\"},{\"@type\":\"ListItem\",\"position\":3,\"name\":\"Centro di competenze\",\"item\":\"https:\/\/www.swissfairtrade.ch\/it\/argomenti-principali\/centro-di-competenze\/\"},{\"@type\":\"ListItem\",\"position\":4,\"name\":\"Domestic Fair Trade\",\"item\":\"https:\/\/www.swissfairtrade.ch\/it\/argomenti-principali\/centro-di-competenze\/domestic-fair-trade\/\"},{\"@type\":\"ListItem\",\"position\":5,\"name\":\"Contadine e contadini qua e l\u00e0\",\"item\":\"https:\/\/www.swissfairtrade.ch\/it\/argomenti-principali\/centro-di-competenze\/domestic-fair-trade\/contadine-e-contadini-qua-e-la\/\"},{\"@type\":\"ListItem\",\"position\":6,\"name\":\"Tessa\"}]},{\"@type\":\"WebSite\",\"@id\":\"https:\/\/www.swissfairtrade.ch\/it\/#website\",\"url\":\"https:\/\/www.swissfairtrade.ch\/it\/\",\"name\":\"Swiss Fair Trade\",\"description\":\"\",\"publisher\":{\"@id\":\"https:\/\/www.swissfairtrade.ch\/it\/#organization\"},\"potentialAction\":[{\"@type\":\"SearchAction\",\"target\":{\"@type\":\"EntryPoint\",\"urlTemplate\":\"https:\/\/www.swissfairtrade.ch\/it\/?s={search_term_string}\"},\"query-input\":{\"@type\":\"PropertyValueSpecification\",\"valueRequired\":true,\"valueName\":\"search_term_string\"}}],\"inLanguage\":\"it-IT\"},{\"@type\":\"Organization\",\"@id\":\"https:\/\/www.swissfairtrade.ch\/it\/#organization\",\"name\":\"Swiss Fair Trade\",\"url\":\"https:\/\/www.swissfairtrade.ch\/it\/\",\"logo\":{\"@type\":\"ImageObject\",\"inLanguage\":\"it-IT\",\"@id\":\"https:\/\/www.swissfairtrade.ch\/it\/#\/schema\/logo\/image\/\",\"url\":\"https:\/\/www.swissfairtrade.ch\/wp-content\/uploads\/SwissFairTrade-Logo-rgb-203.51.59-web.png\",\"contentUrl\":\"https:\/\/www.swissfairtrade.ch\/wp-content\/uploads\/SwissFairTrade-Logo-rgb-203.51.59-web.png\",\"width\":130,\"height\":115,\"caption\":\"Swiss Fair Trade\"},\"image\":{\"@id\":\"https:\/\/www.swissfairtrade.ch\/it\/#\/schema\/logo\/image\/\"}}]}<\/script>\n<!-- \/ Yoast SEO plugin. -->","yoast_head_json":{"title":"Tessa - Swiss Fair Trade","robots":{"index":"index","follow":"follow","max-snippet":"max-snippet:-1","max-image-preview":"max-image-preview:large","max-video-preview":"max-video-preview:-1"},"canonical":"https:\/\/www.swissfairtrade.ch\/it\/argomenti-principali\/centro-di-competenze\/domestic-fair-trade\/contadine-e-contadini-qua-e-la\/tessa\/","og_locale":"it_IT","og_type":"article","og_title":"Tessa - Swiss Fair Trade","og_description":"Contadine","og_url":"https:\/\/www.swissfairtrade.ch\/it\/argomenti-principali\/centro-di-competenze\/domestic-fair-trade\/contadine-e-contadini-qua-e-la\/tessa\/","og_site_name":"Swiss Fair Trade","article_modified_time":"2019-06-13T09:12:06+00:00","og_image":[{"width":1024,"height":768,"url":"https:\/\/www.swissfairtrade.ch\/wp-content\/uploads\/Portrait-Tessa-1024x768.jpg","type":"image\/jpeg"}],"twitter_card":"summary_large_image","twitter_misc":{"Tempo di lettura stimato":"3 minuti"},"schema":{"@context":"https:\/\/schema.org","@graph":[{"@type":"WebPage","@id":"https:\/\/www.swissfairtrade.ch\/it\/argomenti-principali\/centro-di-competenze\/domestic-fair-trade\/contadine-e-contadini-qua-e-la\/tessa\/","url":"https:\/\/www.swissfairtrade.ch\/it\/argomenti-principali\/centro-di-competenze\/domestic-fair-trade\/contadine-e-contadini-qua-e-la\/tessa\/","name":"Tessa - Swiss Fair Trade","isPartOf":{"@id":"https:\/\/www.swissfairtrade.ch\/it\/#website"},"primaryImageOfPage":{"@id":"https:\/\/www.swissfairtrade.ch\/it\/argomenti-principali\/centro-di-competenze\/domestic-fair-trade\/contadine-e-contadini-qua-e-la\/tessa\/#primaryimage"},"image":{"@id":"https:\/\/www.swissfairtrade.ch\/it\/argomenti-principali\/centro-di-competenze\/domestic-fair-trade\/contadine-e-contadini-qua-e-la\/tessa\/#primaryimage"},"thumbnailUrl":"https:\/\/www.swissfairtrade.ch\/wp-content\/uploads\/Portrait-Tessa.jpg","datePublished":"2019-05-06T09:20:42+00:00","dateModified":"2019-06-13T09:12:06+00:00","breadcrumb":{"@id":"https:\/\/www.swissfairtrade.ch\/it\/argomenti-principali\/centro-di-competenze\/domestic-fair-trade\/contadine-e-contadini-qua-e-la\/tessa\/#breadcrumb"},"inLanguage":"it-IT","potentialAction":[{"@type":"ReadAction","target":["https:\/\/www.swissfairtrade.ch\/it\/argomenti-principali\/centro-di-competenze\/domestic-fair-trade\/contadine-e-contadini-qua-e-la\/tessa\/"]}]},{"@type":"ImageObject","inLanguage":"it-IT","@id":"https:\/\/www.swissfairtrade.ch\/it\/argomenti-principali\/centro-di-competenze\/domestic-fair-trade\/contadine-e-contadini-qua-e-la\/tessa\/#primaryimage","url":"https:\/\/www.swissfairtrade.ch\/wp-content\/uploads\/Portrait-Tessa.jpg","contentUrl":"https:\/\/www.swissfairtrade.ch\/wp-content\/uploads\/Portrait-Tessa.jpg","width":4128,"height":3096},{"@type":"BreadcrumbList","@id":"https:\/\/www.swissfairtrade.ch\/it\/argomenti-principali\/centro-di-competenze\/domestic-fair-trade\/contadine-e-contadini-qua-e-la\/tessa\/#breadcrumb","itemListElement":[{"@type":"ListItem","position":1,"name":"Home","item":"https:\/\/www.swissfairtrade.ch\/it\/"},{"@type":"ListItem","position":2,"name":"Argomenti principali","item":"https:\/\/www.swissfairtrade.ch\/it\/argomenti-principali\/"},{"@type":"ListItem","position":3,"name":"Centro di competenze","item":"https:\/\/www.swissfairtrade.ch\/it\/argomenti-principali\/centro-di-competenze\/"},{"@type":"ListItem","position":4,"name":"Domestic Fair Trade","item":"https:\/\/www.swissfairtrade.ch\/it\/argomenti-principali\/centro-di-competenze\/domestic-fair-trade\/"},{"@type":"ListItem","position":5,"name":"Contadine e contadini qua e l\u00e0","item":"https:\/\/www.swissfairtrade.ch\/it\/argomenti-principali\/centro-di-competenze\/domestic-fair-trade\/contadine-e-contadini-qua-e-la\/"},{"@type":"ListItem","position":6,"name":"Tessa"}]},{"@type":"WebSite","@id":"https:\/\/www.swissfairtrade.ch\/it\/#website","url":"https:\/\/www.swissfairtrade.ch\/it\/","name":"Swiss Fair Trade","description":"","publisher":{"@id":"https:\/\/www.swissfairtrade.ch\/it\/#organization"},"potentialAction":[{"@type":"SearchAction","target":{"@type":"EntryPoint","urlTemplate":"https:\/\/www.swissfairtrade.ch\/it\/?s={search_term_string}"},"query-input":{"@type":"PropertyValueSpecification","valueRequired":true,"valueName":"search_term_string"}}],"inLanguage":"it-IT"},{"@type":"Organization","@id":"https:\/\/www.swissfairtrade.ch\/it\/#organization","name":"Swiss Fair Trade","url":"https:\/\/www.swissfairtrade.ch\/it\/","logo":{"@type":"ImageObject","inLanguage":"it-IT","@id":"https:\/\/www.swissfairtrade.ch\/it\/#\/schema\/logo\/image\/","url":"https:\/\/www.swissfairtrade.ch\/wp-content\/uploads\/SwissFairTrade-Logo-rgb-203.51.59-web.png","contentUrl":"https:\/\/www.swissfairtrade.ch\/wp-content\/uploads\/SwissFairTrade-Logo-rgb-203.51.59-web.png","width":130,"height":115,"caption":"Swiss Fair Trade"},"image":{"@id":"https:\/\/www.swissfairtrade.ch\/it\/#\/schema\/logo\/image\/"}}]}},"_links":{"self":[{"href":"https:\/\/www.swissfairtrade.ch\/it\/wp-json\/wp\/v2\/pages\/6183","targetHints":{"allow":["GET"]}}],"collection":[{"href":"https:\/\/www.swissfairtrade.ch\/it\/wp-json\/wp\/v2\/pages"}],"about":[{"href":"https:\/\/www.swissfairtrade.ch\/it\/wp-json\/wp\/v2\/types\/page"}],"author":[{"embeddable":true,"href":"https:\/\/www.swissfairtrade.ch\/it\/wp-json\/wp\/v2\/users\/3"}],"replies":[{"embeddable":true,"href":"https:\/\/www.swissfairtrade.ch\/it\/wp-json\/wp\/v2\/comments?post=6183"}],"version-history":[{"count":0,"href":"https:\/\/www.swissfairtrade.ch\/it\/wp-json\/wp\/v2\/pages\/6183\/revisions"}],"up":[{"embeddable":true,"href":"https:\/\/www.swissfairtrade.ch\/it\/wp-json\/wp\/v2\/pages\/6181"}],"wp:featuredmedia":[{"embeddable":true,"href":"https:\/\/www.swissfairtrade.ch\/it\/wp-json\/wp\/v2\/media\/5948"}],"wp:attachment":[{"href":"https:\/\/www.swissfairtrade.ch\/it\/wp-json\/wp\/v2\/media?parent=6183"}],"wp:term":[{"taxonomy":"hauptseiten-kategorie","embeddable":true,"href":"https:\/\/www.swissfairtrade.ch\/it\/wp-json\/wp\/v2\/hauptseiten-kategorie?post=6183"}],"curies":[{"name":"wp","href":"https:\/\/api.w.org\/{rel}","templated":true}]}}