{"id":3575,"date":"2018-09-06T11:45:26","date_gmt":"2018-09-06T09:45:26","guid":{"rendered":"https:\/\/imagotest.ch\/swissfairtrade\/?page_id=3575"},"modified":"2019-02-01T17:03:31","modified_gmt":"2019-02-01T15:03:31","slug":"ilo-mercato-del-cacao","status":"publish","type":"page","link":"https:\/\/www.swissfairtrade.ch\/it\/argomenti-principali\/centro-di-competenze\/il-cacao-2\/ilo-mercato-del-cacao\/","title":{"rendered":"Il mercato del cacao"},"content":{"rendered":"<div class=\"wpb-content-wrapper\"><p>[vc_row full_width=&#8221;stretch_row&#8221; content_placement=&#8221;bottom&#8221; parallax=&#8221;content-moving-fade&#8221; parallax_image=&#8221;2959&#8243; css=&#8221;.vc_custom_1536227118130{background: rgba(196,196,196,0.71) url(https:\/\/www.swissfairtrade.ch\/wp-content\/uploads\/chocolate.jpg?id=3598);background-position: center;background-repeat: no-repeat !important;background-size: cover !important;*background-color: rgb(196,196,196) !important;}&#8221; el_class=&#8221;header&#8221;][vc_column][vc_column_text el_class=&#8221;txt-white&#8221;]<\/p>\n<div class=\"annot\">\n<div class=\"row-main\">\n<div class=\"text\">\n<div class=\"csc-header csc-header-n1\">\n<h1 class=\"csc-firstHeader\">Il mercato del cacao<\/h1>\n<\/div>\n<div class=\"csc-content\">\n<div class=\"csc-textpic csc-textpic-intext-right\"><\/div>\n<\/div>\n<\/div>\n<\/div>\n<\/div>\n<p>[\/vc_column_text][\/vc_column][\/vc_row][vc_row][vc_column][vc_column_text]<\/p>\n<div class=\"csc-header csc-header-n1\">\n<p class=\"bodytext\">Il cacao \u00e8 la terza materia prima ad essere commercializzata, dopo petrolio e caff\u00e8: enormi quindi gli interessi in gioco e all\u2019origine di un mercato tutt\u2019altro che trasparente.<\/p>\n<ul>\n<li>Il prezzo del cacao si forma in borsa e dipende, oltre che dalle variazioni dettate da fattori climatici e\/o colturali e politici (ved. la passata crisi di governo in Costa d\u2019Avorio, che ha fatto schizzare verso l\u2019alto i prezzi non solo del cacao ivoriano) \u2013 da grossissimi interessi speculativi.\u00a0Il produttore di cacao non ha quindi praticamente influenza sulla formazione del prezzo.<\/li>\n<li>Poche imprese di trasformazione del cacao e produzione di cioccolato, in tutto una decina, si ritagliano la maggior parte del mercato. Si pu\u00f2 senz\u2019altro parlare di una sorta di oligopolio.<\/li>\n<\/ul>\n<p class=\"bodytext\"><strong>Formazione e evoluzione dei prezzi<\/strong><\/p>\n<p class=\"bodytext\">I prezzi del cacao sono\u00a0fissati a livello internazionale\u00a0dalle due borse di Londra e New York dove i trader acquistano le materie prime.<\/p>\n<p class=\"bodytext\">Il\u00a0cacao viene scambiato attraverso due canali:<\/p>\n<ul>\n<li>i\u00a0mercati all\u2019ingrosso, dove avviene la vendita effettiva dei prodotti esposti,<\/li>\n<li>le\u00a0borse merci, dove lo scambio avviene in base a categorie fissate precedentemente. In questo caso si distingue un mercato di\u00a0merci gi\u00e0 prodotte, da un mercato di\u00a0futures, dove non si tiene conto della qualit\u00e0 e quantit\u00e0 della materia prima, ma solo del prezzo. \u00c8 proprio nel mercato dei futures che si verificano la maggior parte delle operazioni speculative.<\/li>\n<\/ul>\n<p class=\"bodytext\">La tendenza a lungo termine dei prezzi internazionali \u00e8 legata ai\u00a0cicli del cacao\u00a0(ca 20 anni). Quando c\u2019\u00e8 sovrapproduzione, le eccedenze fanno diminuire il prezzo in un primo tempo. Questi prezzi bassi incitano i produttori a rivolgersi verso altre produzioni pi\u00f9 redditizie: un fattore che stimola a sua volta il rialzo dei prezzi. La filiera del cacao \u00e8 dunque caratterizzata da un ciclo in cui si alternano fasi di superproduzione e di deficit.<\/p>\n<p class=\"bodytext\">Il forte aumento dei prezzi negli anni \u201970 ha incoraggiato l\u2019emergenza di nuovi paesi produttori, come la Malesia e l\u2019Indonesia. Tuttavia dall\u2019inizio degli anni \u201980 i prezzi sono nuovamente scesi. Dopo una leggera ripresa attorno alla met\u00e0 degli anni \u201990, i prezzi mondiali del cacao (in termini assoluti) sono tornati dapprima al livello degli anni \u201970, per poi risalire negli ultimi 2-3 anni.<\/p>\n<p class=\"bodytext\">Purtroppo, i produttori hanno beneficiato solo in minima parte di questi aumenti recenti.<\/p>\n<p class=\"bodytext\"><strong>Accesso al mercato e retribuzione dei produttori<\/strong><\/p>\n<p class=\"bodytext\">Come spesso capita nel commercio mondiale delle materie prime, i piccoli produttori non dispongono dei mezzi per\u00a0arrivare al mercato\u00a0e a determinare il loro prezzo; sono dunque costretti ad accettare le condizioni di intermediari che fissano arbitrariamente i prezzi, generalmente inferiori a quello stabilito dal mercato di esportazione. A causa degli alti costi di lavorazione e di raccolta non viene cos\u00ec ripagato il reale costo di produzione, n\u00e9 un premio per la qualit\u00e0 del prodotto.<\/p>\n<p class=\"bodytext\">Generalmente, si calcola che nella compravendita del cacao i trader ricevono il 70%\u00a0del prezzo finale, mentre\u00a0ai produttori va il 5%.<\/p>\n<\/div>\n<div class=\"csc-header csc-header-n1\">\n<div class=\"csc-header csc-header-n1\"><\/div>\n<div class=\"csc-content\">\n<div class=\"csc-textpic csc-textpic-intext-right\"><\/div>\n<\/div>\n<\/div>\n<div class=\"csc-content\"><\/div>\n<p>[\/vc_column_text][\/vc_column][\/vc_row][vc_row][vc_column][vc_empty_space height=&#8221;50px&#8221;][vc_separator][vc_column_text]<\/p>\n<h3>Altre materie<\/h3>\n<p>[\/vc_column_text][vc_basic_grid post_type=&#8221;page&#8221; max_items=&#8221;-1&#8243; gap=&#8221;10&#8243; item=&#8221;1885&#8243; grid_id=&#8221;vc_gid:1549033374638-cc25f61d-3d31-3&#8243; taxonomies=&#8221;249&#8243;][\/vc_column][\/vc_row]<\/p>\n<\/div>","protected":false},"excerpt":{"rendered":"<p>Enormi quindi gli interessi in gioco e all\u2019origine di un mercato tutt\u2019altro che trasparente.<\/p>\n","protected":false},"author":2,"featured_media":3598,"parent":3448,"menu_order":1,"comment_status":"closed","ping_status":"closed","template":"","meta":{"generate_page_header":"","footnotes":"","_links_to":"","_links_to_target":""},"hauptseiten-kategorie":[249],"class_list":{"0":"post-3575","1":"page","2":"type-page","3":"status-publish","4":"has-post-thumbnail","6":"hauptseiten-kategorie-schokolade"},"yoast_head":"<!-- This site is optimized with the Yoast SEO plugin v26.2 - https:\/\/yoast.com\/wordpress\/plugins\/seo\/ -->\n<title>Il mercato del cacao - Swiss Fair Trade<\/title>\n<meta name=\"robots\" content=\"index, follow, max-snippet:-1, max-image-preview:large, max-video-preview:-1\" \/>\n<link rel=\"canonical\" href=\"https:\/\/www.swissfairtrade.ch\/it\/argomenti-principali\/centro-di-competenze\/il-cacao-2\/ilo-mercato-del-cacao\/\" \/>\n<meta property=\"og:locale\" content=\"it_IT\" \/>\n<meta property=\"og:type\" content=\"article\" \/>\n<meta property=\"og:title\" content=\"Il mercato del cacao - Swiss Fair Trade\" \/>\n<meta property=\"og:description\" content=\"Enormi quindi gli interessi in gioco e all\u2019origine di un mercato tutt\u2019altro che trasparente.\" \/>\n<meta property=\"og:url\" content=\"https:\/\/www.swissfairtrade.ch\/it\/argomenti-principali\/centro-di-competenze\/il-cacao-2\/ilo-mercato-del-cacao\/\" \/>\n<meta property=\"og:site_name\" content=\"Swiss Fair Trade\" \/>\n<meta property=\"article:modified_time\" content=\"2019-02-01T15:03:31+00:00\" \/>\n<meta property=\"og:image\" content=\"https:\/\/www.swissfairtrade.ch\/wp-content\/uploads\/chocolate.jpg\" \/>\n\t<meta property=\"og:image:width\" content=\"1284\" \/>\n\t<meta property=\"og:image:height\" content=\"1920\" \/>\n\t<meta property=\"og:image:type\" content=\"image\/jpeg\" \/>\n<meta name=\"twitter:card\" content=\"summary_large_image\" \/>\n<meta name=\"twitter:label1\" content=\"Tempo di lettura stimato\" \/>\n\t<meta name=\"twitter:data1\" content=\"3 minuti\" \/>\n<script type=\"application\/ld+json\" class=\"yoast-schema-graph\">{\"@context\":\"https:\/\/schema.org\",\"@graph\":[{\"@type\":\"WebPage\",\"@id\":\"https:\/\/www.swissfairtrade.ch\/it\/argomenti-principali\/centro-di-competenze\/il-cacao-2\/ilo-mercato-del-cacao\/\",\"url\":\"https:\/\/www.swissfairtrade.ch\/it\/argomenti-principali\/centro-di-competenze\/il-cacao-2\/ilo-mercato-del-cacao\/\",\"name\":\"Il mercato del cacao - Swiss Fair Trade\",\"isPartOf\":{\"@id\":\"https:\/\/www.swissfairtrade.ch\/it\/#website\"},\"primaryImageOfPage\":{\"@id\":\"https:\/\/www.swissfairtrade.ch\/it\/argomenti-principali\/centro-di-competenze\/il-cacao-2\/ilo-mercato-del-cacao\/#primaryimage\"},\"image\":{\"@id\":\"https:\/\/www.swissfairtrade.ch\/it\/argomenti-principali\/centro-di-competenze\/il-cacao-2\/ilo-mercato-del-cacao\/#primaryimage\"},\"thumbnailUrl\":\"https:\/\/www.swissfairtrade.ch\/wp-content\/uploads\/chocolate.jpg\",\"datePublished\":\"2018-09-06T09:45:26+00:00\",\"dateModified\":\"2019-02-01T15:03:31+00:00\",\"breadcrumb\":{\"@id\":\"https:\/\/www.swissfairtrade.ch\/it\/argomenti-principali\/centro-di-competenze\/il-cacao-2\/ilo-mercato-del-cacao\/#breadcrumb\"},\"inLanguage\":\"it-IT\",\"potentialAction\":[{\"@type\":\"ReadAction\",\"target\":[\"https:\/\/www.swissfairtrade.ch\/it\/argomenti-principali\/centro-di-competenze\/il-cacao-2\/ilo-mercato-del-cacao\/\"]}]},{\"@type\":\"ImageObject\",\"inLanguage\":\"it-IT\",\"@id\":\"https:\/\/www.swissfairtrade.ch\/it\/argomenti-principali\/centro-di-competenze\/il-cacao-2\/ilo-mercato-del-cacao\/#primaryimage\",\"url\":\"https:\/\/www.swissfairtrade.ch\/wp-content\/uploads\/chocolate.jpg\",\"contentUrl\":\"https:\/\/www.swissfairtrade.ch\/wp-content\/uploads\/chocolate.jpg\",\"width\":1284,\"height\":1920},{\"@type\":\"BreadcrumbList\",\"@id\":\"https:\/\/www.swissfairtrade.ch\/it\/argomenti-principali\/centro-di-competenze\/il-cacao-2\/ilo-mercato-del-cacao\/#breadcrumb\",\"itemListElement\":[{\"@type\":\"ListItem\",\"position\":1,\"name\":\"Home\",\"item\":\"https:\/\/www.swissfairtrade.ch\/it\/\"},{\"@type\":\"ListItem\",\"position\":2,\"name\":\"Argomenti principali\",\"item\":\"https:\/\/www.swissfairtrade.ch\/it\/argomenti-principali\/\"},{\"@type\":\"ListItem\",\"position\":3,\"name\":\"Centro di competenze\",\"item\":\"https:\/\/www.swissfairtrade.ch\/it\/argomenti-principali\/centro-di-competenze\/\"},{\"@type\":\"ListItem\",\"position\":4,\"name\":\"Il cacao\",\"item\":\"https:\/\/www.swissfairtrade.ch\/it\/argomenti-principali\/centro-di-competenze\/il-cacao-2\/\"},{\"@type\":\"ListItem\",\"position\":5,\"name\":\"Il mercato del cacao\"}]},{\"@type\":\"WebSite\",\"@id\":\"https:\/\/www.swissfairtrade.ch\/it\/#website\",\"url\":\"https:\/\/www.swissfairtrade.ch\/it\/\",\"name\":\"Swiss Fair Trade\",\"description\":\"\",\"publisher\":{\"@id\":\"https:\/\/www.swissfairtrade.ch\/it\/#organization\"},\"potentialAction\":[{\"@type\":\"SearchAction\",\"target\":{\"@type\":\"EntryPoint\",\"urlTemplate\":\"https:\/\/www.swissfairtrade.ch\/it\/?s={search_term_string}\"},\"query-input\":{\"@type\":\"PropertyValueSpecification\",\"valueRequired\":true,\"valueName\":\"search_term_string\"}}],\"inLanguage\":\"it-IT\"},{\"@type\":\"Organization\",\"@id\":\"https:\/\/www.swissfairtrade.ch\/it\/#organization\",\"name\":\"Swiss Fair Trade\",\"url\":\"https:\/\/www.swissfairtrade.ch\/it\/\",\"logo\":{\"@type\":\"ImageObject\",\"inLanguage\":\"it-IT\",\"@id\":\"https:\/\/www.swissfairtrade.ch\/it\/#\/schema\/logo\/image\/\",\"url\":\"https:\/\/www.swissfairtrade.ch\/wp-content\/uploads\/SwissFairTrade-Logo-rgb-203.51.59-web.png\",\"contentUrl\":\"https:\/\/www.swissfairtrade.ch\/wp-content\/uploads\/SwissFairTrade-Logo-rgb-203.51.59-web.png\",\"width\":130,\"height\":115,\"caption\":\"Swiss Fair Trade\"},\"image\":{\"@id\":\"https:\/\/www.swissfairtrade.ch\/it\/#\/schema\/logo\/image\/\"}}]}<\/script>\n<!-- \/ Yoast SEO plugin. -->","yoast_head_json":{"title":"Il mercato del cacao - Swiss Fair Trade","robots":{"index":"index","follow":"follow","max-snippet":"max-snippet:-1","max-image-preview":"max-image-preview:large","max-video-preview":"max-video-preview:-1"},"canonical":"https:\/\/www.swissfairtrade.ch\/it\/argomenti-principali\/centro-di-competenze\/il-cacao-2\/ilo-mercato-del-cacao\/","og_locale":"it_IT","og_type":"article","og_title":"Il mercato del cacao - Swiss Fair Trade","og_description":"Enormi quindi gli interessi in gioco e all\u2019origine di un mercato tutt\u2019altro che trasparente.","og_url":"https:\/\/www.swissfairtrade.ch\/it\/argomenti-principali\/centro-di-competenze\/il-cacao-2\/ilo-mercato-del-cacao\/","og_site_name":"Swiss Fair Trade","article_modified_time":"2019-02-01T15:03:31+00:00","og_image":[{"width":1284,"height":1920,"url":"https:\/\/www.swissfairtrade.ch\/wp-content\/uploads\/chocolate.jpg","type":"image\/jpeg"}],"twitter_card":"summary_large_image","twitter_misc":{"Tempo di lettura stimato":"3 minuti"},"schema":{"@context":"https:\/\/schema.org","@graph":[{"@type":"WebPage","@id":"https:\/\/www.swissfairtrade.ch\/it\/argomenti-principali\/centro-di-competenze\/il-cacao-2\/ilo-mercato-del-cacao\/","url":"https:\/\/www.swissfairtrade.ch\/it\/argomenti-principali\/centro-di-competenze\/il-cacao-2\/ilo-mercato-del-cacao\/","name":"Il mercato del cacao - Swiss Fair Trade","isPartOf":{"@id":"https:\/\/www.swissfairtrade.ch\/it\/#website"},"primaryImageOfPage":{"@id":"https:\/\/www.swissfairtrade.ch\/it\/argomenti-principali\/centro-di-competenze\/il-cacao-2\/ilo-mercato-del-cacao\/#primaryimage"},"image":{"@id":"https:\/\/www.swissfairtrade.ch\/it\/argomenti-principali\/centro-di-competenze\/il-cacao-2\/ilo-mercato-del-cacao\/#primaryimage"},"thumbnailUrl":"https:\/\/www.swissfairtrade.ch\/wp-content\/uploads\/chocolate.jpg","datePublished":"2018-09-06T09:45:26+00:00","dateModified":"2019-02-01T15:03:31+00:00","breadcrumb":{"@id":"https:\/\/www.swissfairtrade.ch\/it\/argomenti-principali\/centro-di-competenze\/il-cacao-2\/ilo-mercato-del-cacao\/#breadcrumb"},"inLanguage":"it-IT","potentialAction":[{"@type":"ReadAction","target":["https:\/\/www.swissfairtrade.ch\/it\/argomenti-principali\/centro-di-competenze\/il-cacao-2\/ilo-mercato-del-cacao\/"]}]},{"@type":"ImageObject","inLanguage":"it-IT","@id":"https:\/\/www.swissfairtrade.ch\/it\/argomenti-principali\/centro-di-competenze\/il-cacao-2\/ilo-mercato-del-cacao\/#primaryimage","url":"https:\/\/www.swissfairtrade.ch\/wp-content\/uploads\/chocolate.jpg","contentUrl":"https:\/\/www.swissfairtrade.ch\/wp-content\/uploads\/chocolate.jpg","width":1284,"height":1920},{"@type":"BreadcrumbList","@id":"https:\/\/www.swissfairtrade.ch\/it\/argomenti-principali\/centro-di-competenze\/il-cacao-2\/ilo-mercato-del-cacao\/#breadcrumb","itemListElement":[{"@type":"ListItem","position":1,"name":"Home","item":"https:\/\/www.swissfairtrade.ch\/it\/"},{"@type":"ListItem","position":2,"name":"Argomenti principali","item":"https:\/\/www.swissfairtrade.ch\/it\/argomenti-principali\/"},{"@type":"ListItem","position":3,"name":"Centro di competenze","item":"https:\/\/www.swissfairtrade.ch\/it\/argomenti-principali\/centro-di-competenze\/"},{"@type":"ListItem","position":4,"name":"Il cacao","item":"https:\/\/www.swissfairtrade.ch\/it\/argomenti-principali\/centro-di-competenze\/il-cacao-2\/"},{"@type":"ListItem","position":5,"name":"Il mercato del cacao"}]},{"@type":"WebSite","@id":"https:\/\/www.swissfairtrade.ch\/it\/#website","url":"https:\/\/www.swissfairtrade.ch\/it\/","name":"Swiss Fair Trade","description":"","publisher":{"@id":"https:\/\/www.swissfairtrade.ch\/it\/#organization"},"potentialAction":[{"@type":"SearchAction","target":{"@type":"EntryPoint","urlTemplate":"https:\/\/www.swissfairtrade.ch\/it\/?s={search_term_string}"},"query-input":{"@type":"PropertyValueSpecification","valueRequired":true,"valueName":"search_term_string"}}],"inLanguage":"it-IT"},{"@type":"Organization","@id":"https:\/\/www.swissfairtrade.ch\/it\/#organization","name":"Swiss Fair Trade","url":"https:\/\/www.swissfairtrade.ch\/it\/","logo":{"@type":"ImageObject","inLanguage":"it-IT","@id":"https:\/\/www.swissfairtrade.ch\/it\/#\/schema\/logo\/image\/","url":"https:\/\/www.swissfairtrade.ch\/wp-content\/uploads\/SwissFairTrade-Logo-rgb-203.51.59-web.png","contentUrl":"https:\/\/www.swissfairtrade.ch\/wp-content\/uploads\/SwissFairTrade-Logo-rgb-203.51.59-web.png","width":130,"height":115,"caption":"Swiss Fair Trade"},"image":{"@id":"https:\/\/www.swissfairtrade.ch\/it\/#\/schema\/logo\/image\/"}}]}},"_links":{"self":[{"href":"https:\/\/www.swissfairtrade.ch\/it\/wp-json\/wp\/v2\/pages\/3575","targetHints":{"allow":["GET"]}}],"collection":[{"href":"https:\/\/www.swissfairtrade.ch\/it\/wp-json\/wp\/v2\/pages"}],"about":[{"href":"https:\/\/www.swissfairtrade.ch\/it\/wp-json\/wp\/v2\/types\/page"}],"author":[{"embeddable":true,"href":"https:\/\/www.swissfairtrade.ch\/it\/wp-json\/wp\/v2\/users\/2"}],"replies":[{"embeddable":true,"href":"https:\/\/www.swissfairtrade.ch\/it\/wp-json\/wp\/v2\/comments?post=3575"}],"version-history":[{"count":0,"href":"https:\/\/www.swissfairtrade.ch\/it\/wp-json\/wp\/v2\/pages\/3575\/revisions"}],"up":[{"embeddable":true,"href":"https:\/\/www.swissfairtrade.ch\/it\/wp-json\/wp\/v2\/pages\/3448"}],"wp:featuredmedia":[{"embeddable":true,"href":"https:\/\/www.swissfairtrade.ch\/it\/wp-json\/wp\/v2\/media\/3598"}],"wp:attachment":[{"href":"https:\/\/www.swissfairtrade.ch\/it\/wp-json\/wp\/v2\/media?parent=3575"}],"wp:term":[{"taxonomy":"hauptseiten-kategorie","embeddable":true,"href":"https:\/\/www.swissfairtrade.ch\/it\/wp-json\/wp\/v2\/hauptseiten-kategorie?post=3575"}],"curies":[{"name":"wp","href":"https:\/\/api.w.org\/{rel}","templated":true}]}}