{"id":3571,"date":"2018-09-06T11:36:02","date_gmt":"2018-09-06T09:36:02","guid":{"rendered":"https:\/\/imagotest.ch\/swissfairtrade\/?page_id=3571"},"modified":"2019-02-01T17:10:35","modified_gmt":"2019-02-01T15:10:35","slug":"sfruttamento-del-lavoro-minorile","status":"publish","type":"page","link":"https:\/\/www.swissfairtrade.ch\/it\/argomenti-principali\/centro-di-competenze\/il-cacao-2\/sfruttamento-del-lavoro-minorile\/","title":{"rendered":"Sfruttamento del lavoro minorile"},"content":{"rendered":"<div class=\"wpb-content-wrapper\"><p>[vc_row full_width=&#8221;stretch_row&#8221; content_placement=&#8221;bottom&#8221; parallax=&#8221;content-moving-fade&#8221; parallax_image=&#8221;2959&#8243; css=&#8221;.vc_custom_1536226898398{background: rgba(196,196,196,0.71) url(https:\/\/www.swissfairtrade.ch\/wp-content\/uploads\/cocoa.jpg?id=3588);background-position: center;background-repeat: no-repeat !important;background-size: cover !important;*background-color: rgb(196,196,196) !important;}&#8221; el_class=&#8221;header&#8221;][vc_column][vc_column_text el_class=&#8221;txt-white&#8221;]<\/p>\n<div class=\"annot\">\n<div class=\"row-main\">\n<div class=\"text\">\n<h1 class=\"csc-firstHeader\">Sfruttamento del lavoro minorile<\/h1>\n<\/div>\n<\/div>\n<\/div>\n<p>[\/vc_column_text][\/vc_column][\/vc_row][vc_row][vc_column][vc_column_text]<\/p>\n<p class=\"bodytext\">Secondo uno studio dell\u2019Universit\u00e0 di Tulane, i bambini e gli adolescenti che lavorano nei campi di cacao in Costa d\u2019Avorio sono\u00a01,3 milioni. In Ghana la situazione \u00e8 simile, sebbene il governo si sia impegnato a lottare contro lo sfruttamento minorile. I bambini che lavorano nelle piantagioni sono apprezzati per le loro caratteristiche fisiche (per questo sono chiamati anche \u201cnibble fingers\u201d, dita sottili), la statura e l\u2019abilit\u00e0 manuale, che li rendono pi\u00f9 efficienti per determinate tipologie di lavoro, come quella nei campi. Inoltre i bambini sono pi\u00f9 disciplinati e poco inclini a ribellarsi.<\/p>\n<p class=\"bodytext\">Nelle zone rurali della Costa d\u2019Avorio ben quattro bambini su cinque lavorano nei campi, non frequentano la scuola e svolgono attivit\u00e0 spesso pericolose e nocive per la loro salute, come usare attrezzi taglienti, applicare pesticidi, trasportare i sacchi di cabosse.<\/p>\n<p class=\"bodytext\"><strong>Da dove vengono questi \u201cpiccoli schiavi\u201d?<\/strong><\/p>\n<p class=\"bodytext\">Si tratta di bambine e bambini che hanno dagli otto ai sedici anni e vengono reclutati, con promesse di ingenti guadagni, nei Paesi confinanti con la Costa d\u2019Avorio, come il Mali e il Burkina Faso, dove la possibilit\u00e0 di guadagnare qualcosa sono minime, se non inesistenti. Secondo Salia Kante, vicedirettrice dell\u2019ONG Save the Children, in ogni piantagione di cacao lavorano da 50 a 100 bambini, che sarebbero comprati per una cifra intorno ai 50 euro ciascuno. Lavorano nei campi dalle sei di mattina alle nove di sera, mangiano un pugno di mais e una banana e vivono in condizioni sanitarie disperate, ammassati in stanze senza letti, senza bagno, chiusi a chiave durante la notte. Le ragazzine, arrivate ad una certa et\u00e0, vengono poi rivendute e finiscono a fare i lavori domestici in casa, o vengono sfruttate per il mercato del sesso.<\/p>\n<p class=\"bodytext\">Per molto tempo le industrie produttrici di cioccolato hanno negato il problema. Solo a seguito delle insistenti pressioni della stampa e delle organizzazioni umanitarie, nel 2001 hanno siglato un accordo (detto Protocollo Harkin-Engel), che avrebbe dovuto eliminare lo sfruttamento del lavoro minorile in Africa occidentale entro il 2005.<\/p>\n<p class=\"bodytext\">Oggi nel 2017, le multinazionali continuano a fare finta di ignorare la causa principale di tali fenomeni, cio\u00e8 i prezzi bassi pagati ai produttori. Per combattere la piaga del lavoro minorile, i produttori non hanno solo bisogno di essere sensibilizzati sulle conseguenze nefaste del fenomeno ma necessitano di fondi che permettano loro di impiegare personale adulto. E, pagando un prezzo pi\u00f9 alto \u2013 o forse semplicemente pi\u00f9 \u201cequo\u201d \u2013 ai produttori, si eliminerebbe quasi automaticamente parte dello sfruttamento del lavoro minorile.<\/p>\n<p class=\"bodytext\">Lo studio dell\u2019Universit\u00e0 di Tulane afferma che le imprese firmatarie del protocollo non hanno raggiunto a pieno nessuno degli obiettivi da loro stesse fissati. I bambini schiavi e lavoratori sarebbero addirittura aumentati tra Ghana e Costa d\u2019Avorio (nello stesso tempo i prodotti a base di cacao hanno generato una cifra d\u2019affari stimata a 1000 miliardi di dollari\u2026)<\/p>\n<div class=\"csc-header csc-header-n1\">\n<div class=\"csc-content\">\n<div class=\"csc-textpic csc-textpic-intext-right\"><\/div>\n<\/div>\n<\/div>\n<div class=\"csc-content\"><\/div>\n<p>[\/vc_column_text][\/vc_column][\/vc_row][vc_row][vc_column][vc_empty_space height=&#8221;50px&#8221;][vc_separator][vc_column_text]<\/p>\n<h3>Altre materie<\/h3>\n<p>[\/vc_column_text][vc_basic_grid post_type=&#8221;page&#8221; max_items=&#8221;-1&#8243; gap=&#8221;10&#8243; item=&#8221;1885&#8243; grid_id=&#8221;vc_gid:1549033536646-49ae57d1-b53d-3&#8243; taxonomies=&#8221;249&#8243;][\/vc_column][\/vc_row]<\/p>\n<\/div>","protected":false},"excerpt":{"rendered":"<p>Cioccolato dolce-amaro.<\/p>\n","protected":false},"author":2,"featured_media":3588,"parent":3448,"menu_order":0,"comment_status":"closed","ping_status":"closed","template":"","meta":{"generate_page_header":"","footnotes":"","_links_to":"","_links_to_target":""},"hauptseiten-kategorie":[249],"class_list":{"0":"post-3571","1":"page","2":"type-page","3":"status-publish","4":"has-post-thumbnail","6":"hauptseiten-kategorie-schokolade"},"yoast_head":"<!-- This site is optimized with the Yoast SEO plugin v26.2 - https:\/\/yoast.com\/wordpress\/plugins\/seo\/ -->\n<title>Sfruttamento del lavoro minorile - Swiss Fair Trade<\/title>\n<meta name=\"robots\" content=\"index, follow, max-snippet:-1, max-image-preview:large, max-video-preview:-1\" \/>\n<link rel=\"canonical\" href=\"https:\/\/www.swissfairtrade.ch\/it\/argomenti-principali\/centro-di-competenze\/il-cacao-2\/sfruttamento-del-lavoro-minorile\/\" \/>\n<meta property=\"og:locale\" content=\"it_IT\" \/>\n<meta property=\"og:type\" content=\"article\" \/>\n<meta property=\"og:title\" content=\"Sfruttamento del lavoro minorile - Swiss Fair Trade\" \/>\n<meta property=\"og:description\" content=\"Cioccolato dolce-amaro.\" \/>\n<meta property=\"og:url\" content=\"https:\/\/www.swissfairtrade.ch\/it\/argomenti-principali\/centro-di-competenze\/il-cacao-2\/sfruttamento-del-lavoro-minorile\/\" \/>\n<meta property=\"og:site_name\" content=\"Swiss Fair Trade\" \/>\n<meta property=\"article:modified_time\" content=\"2019-02-01T15:10:35+00:00\" \/>\n<meta property=\"og:image\" content=\"https:\/\/www.swissfairtrade.ch\/wp-content\/uploads\/cocoa.jpg\" \/>\n\t<meta property=\"og:image:width\" content=\"1920\" \/>\n\t<meta property=\"og:image:height\" content=\"1285\" \/>\n\t<meta property=\"og:image:type\" content=\"image\/jpeg\" \/>\n<meta name=\"twitter:card\" content=\"summary_large_image\" \/>\n<meta name=\"twitter:label1\" content=\"Tempo di lettura stimato\" \/>\n\t<meta name=\"twitter:data1\" content=\"3 minuti\" \/>\n<script type=\"application\/ld+json\" class=\"yoast-schema-graph\">{\"@context\":\"https:\/\/schema.org\",\"@graph\":[{\"@type\":\"WebPage\",\"@id\":\"https:\/\/www.swissfairtrade.ch\/it\/argomenti-principali\/centro-di-competenze\/il-cacao-2\/sfruttamento-del-lavoro-minorile\/\",\"url\":\"https:\/\/www.swissfairtrade.ch\/it\/argomenti-principali\/centro-di-competenze\/il-cacao-2\/sfruttamento-del-lavoro-minorile\/\",\"name\":\"Sfruttamento del lavoro minorile - Swiss Fair Trade\",\"isPartOf\":{\"@id\":\"https:\/\/www.swissfairtrade.ch\/it\/#website\"},\"primaryImageOfPage\":{\"@id\":\"https:\/\/www.swissfairtrade.ch\/it\/argomenti-principali\/centro-di-competenze\/il-cacao-2\/sfruttamento-del-lavoro-minorile\/#primaryimage\"},\"image\":{\"@id\":\"https:\/\/www.swissfairtrade.ch\/it\/argomenti-principali\/centro-di-competenze\/il-cacao-2\/sfruttamento-del-lavoro-minorile\/#primaryimage\"},\"thumbnailUrl\":\"https:\/\/www.swissfairtrade.ch\/wp-content\/uploads\/cocoa.jpg\",\"datePublished\":\"2018-09-06T09:36:02+00:00\",\"dateModified\":\"2019-02-01T15:10:35+00:00\",\"breadcrumb\":{\"@id\":\"https:\/\/www.swissfairtrade.ch\/it\/argomenti-principali\/centro-di-competenze\/il-cacao-2\/sfruttamento-del-lavoro-minorile\/#breadcrumb\"},\"inLanguage\":\"it-IT\",\"potentialAction\":[{\"@type\":\"ReadAction\",\"target\":[\"https:\/\/www.swissfairtrade.ch\/it\/argomenti-principali\/centro-di-competenze\/il-cacao-2\/sfruttamento-del-lavoro-minorile\/\"]}]},{\"@type\":\"ImageObject\",\"inLanguage\":\"it-IT\",\"@id\":\"https:\/\/www.swissfairtrade.ch\/it\/argomenti-principali\/centro-di-competenze\/il-cacao-2\/sfruttamento-del-lavoro-minorile\/#primaryimage\",\"url\":\"https:\/\/www.swissfairtrade.ch\/wp-content\/uploads\/cocoa.jpg\",\"contentUrl\":\"https:\/\/www.swissfairtrade.ch\/wp-content\/uploads\/cocoa.jpg\",\"width\":1920,\"height\":1285},{\"@type\":\"BreadcrumbList\",\"@id\":\"https:\/\/www.swissfairtrade.ch\/it\/argomenti-principali\/centro-di-competenze\/il-cacao-2\/sfruttamento-del-lavoro-minorile\/#breadcrumb\",\"itemListElement\":[{\"@type\":\"ListItem\",\"position\":1,\"name\":\"Home\",\"item\":\"https:\/\/www.swissfairtrade.ch\/it\/\"},{\"@type\":\"ListItem\",\"position\":2,\"name\":\"Argomenti principali\",\"item\":\"https:\/\/www.swissfairtrade.ch\/it\/argomenti-principali\/\"},{\"@type\":\"ListItem\",\"position\":3,\"name\":\"Centro di competenze\",\"item\":\"https:\/\/www.swissfairtrade.ch\/it\/argomenti-principali\/centro-di-competenze\/\"},{\"@type\":\"ListItem\",\"position\":4,\"name\":\"Il cacao\",\"item\":\"https:\/\/www.swissfairtrade.ch\/it\/argomenti-principali\/centro-di-competenze\/il-cacao-2\/\"},{\"@type\":\"ListItem\",\"position\":5,\"name\":\"Sfruttamento del lavoro minorile\"}]},{\"@type\":\"WebSite\",\"@id\":\"https:\/\/www.swissfairtrade.ch\/it\/#website\",\"url\":\"https:\/\/www.swissfairtrade.ch\/it\/\",\"name\":\"Swiss Fair Trade\",\"description\":\"\",\"publisher\":{\"@id\":\"https:\/\/www.swissfairtrade.ch\/it\/#organization\"},\"potentialAction\":[{\"@type\":\"SearchAction\",\"target\":{\"@type\":\"EntryPoint\",\"urlTemplate\":\"https:\/\/www.swissfairtrade.ch\/it\/?s={search_term_string}\"},\"query-input\":{\"@type\":\"PropertyValueSpecification\",\"valueRequired\":true,\"valueName\":\"search_term_string\"}}],\"inLanguage\":\"it-IT\"},{\"@type\":\"Organization\",\"@id\":\"https:\/\/www.swissfairtrade.ch\/it\/#organization\",\"name\":\"Swiss Fair Trade\",\"url\":\"https:\/\/www.swissfairtrade.ch\/it\/\",\"logo\":{\"@type\":\"ImageObject\",\"inLanguage\":\"it-IT\",\"@id\":\"https:\/\/www.swissfairtrade.ch\/it\/#\/schema\/logo\/image\/\",\"url\":\"https:\/\/www.swissfairtrade.ch\/wp-content\/uploads\/SwissFairTrade-Logo-rgb-203.51.59-web.png\",\"contentUrl\":\"https:\/\/www.swissfairtrade.ch\/wp-content\/uploads\/SwissFairTrade-Logo-rgb-203.51.59-web.png\",\"width\":130,\"height\":115,\"caption\":\"Swiss Fair Trade\"},\"image\":{\"@id\":\"https:\/\/www.swissfairtrade.ch\/it\/#\/schema\/logo\/image\/\"}}]}<\/script>\n<!-- \/ Yoast SEO plugin. -->","yoast_head_json":{"title":"Sfruttamento del lavoro minorile - Swiss Fair Trade","robots":{"index":"index","follow":"follow","max-snippet":"max-snippet:-1","max-image-preview":"max-image-preview:large","max-video-preview":"max-video-preview:-1"},"canonical":"https:\/\/www.swissfairtrade.ch\/it\/argomenti-principali\/centro-di-competenze\/il-cacao-2\/sfruttamento-del-lavoro-minorile\/","og_locale":"it_IT","og_type":"article","og_title":"Sfruttamento del lavoro minorile - Swiss Fair Trade","og_description":"Cioccolato dolce-amaro.","og_url":"https:\/\/www.swissfairtrade.ch\/it\/argomenti-principali\/centro-di-competenze\/il-cacao-2\/sfruttamento-del-lavoro-minorile\/","og_site_name":"Swiss Fair Trade","article_modified_time":"2019-02-01T15:10:35+00:00","og_image":[{"width":1920,"height":1285,"url":"https:\/\/www.swissfairtrade.ch\/wp-content\/uploads\/cocoa.jpg","type":"image\/jpeg"}],"twitter_card":"summary_large_image","twitter_misc":{"Tempo di lettura stimato":"3 minuti"},"schema":{"@context":"https:\/\/schema.org","@graph":[{"@type":"WebPage","@id":"https:\/\/www.swissfairtrade.ch\/it\/argomenti-principali\/centro-di-competenze\/il-cacao-2\/sfruttamento-del-lavoro-minorile\/","url":"https:\/\/www.swissfairtrade.ch\/it\/argomenti-principali\/centro-di-competenze\/il-cacao-2\/sfruttamento-del-lavoro-minorile\/","name":"Sfruttamento del lavoro minorile - Swiss Fair Trade","isPartOf":{"@id":"https:\/\/www.swissfairtrade.ch\/it\/#website"},"primaryImageOfPage":{"@id":"https:\/\/www.swissfairtrade.ch\/it\/argomenti-principali\/centro-di-competenze\/il-cacao-2\/sfruttamento-del-lavoro-minorile\/#primaryimage"},"image":{"@id":"https:\/\/www.swissfairtrade.ch\/it\/argomenti-principali\/centro-di-competenze\/il-cacao-2\/sfruttamento-del-lavoro-minorile\/#primaryimage"},"thumbnailUrl":"https:\/\/www.swissfairtrade.ch\/wp-content\/uploads\/cocoa.jpg","datePublished":"2018-09-06T09:36:02+00:00","dateModified":"2019-02-01T15:10:35+00:00","breadcrumb":{"@id":"https:\/\/www.swissfairtrade.ch\/it\/argomenti-principali\/centro-di-competenze\/il-cacao-2\/sfruttamento-del-lavoro-minorile\/#breadcrumb"},"inLanguage":"it-IT","potentialAction":[{"@type":"ReadAction","target":["https:\/\/www.swissfairtrade.ch\/it\/argomenti-principali\/centro-di-competenze\/il-cacao-2\/sfruttamento-del-lavoro-minorile\/"]}]},{"@type":"ImageObject","inLanguage":"it-IT","@id":"https:\/\/www.swissfairtrade.ch\/it\/argomenti-principali\/centro-di-competenze\/il-cacao-2\/sfruttamento-del-lavoro-minorile\/#primaryimage","url":"https:\/\/www.swissfairtrade.ch\/wp-content\/uploads\/cocoa.jpg","contentUrl":"https:\/\/www.swissfairtrade.ch\/wp-content\/uploads\/cocoa.jpg","width":1920,"height":1285},{"@type":"BreadcrumbList","@id":"https:\/\/www.swissfairtrade.ch\/it\/argomenti-principali\/centro-di-competenze\/il-cacao-2\/sfruttamento-del-lavoro-minorile\/#breadcrumb","itemListElement":[{"@type":"ListItem","position":1,"name":"Home","item":"https:\/\/www.swissfairtrade.ch\/it\/"},{"@type":"ListItem","position":2,"name":"Argomenti principali","item":"https:\/\/www.swissfairtrade.ch\/it\/argomenti-principali\/"},{"@type":"ListItem","position":3,"name":"Centro di competenze","item":"https:\/\/www.swissfairtrade.ch\/it\/argomenti-principali\/centro-di-competenze\/"},{"@type":"ListItem","position":4,"name":"Il cacao","item":"https:\/\/www.swissfairtrade.ch\/it\/argomenti-principali\/centro-di-competenze\/il-cacao-2\/"},{"@type":"ListItem","position":5,"name":"Sfruttamento del lavoro minorile"}]},{"@type":"WebSite","@id":"https:\/\/www.swissfairtrade.ch\/it\/#website","url":"https:\/\/www.swissfairtrade.ch\/it\/","name":"Swiss Fair Trade","description":"","publisher":{"@id":"https:\/\/www.swissfairtrade.ch\/it\/#organization"},"potentialAction":[{"@type":"SearchAction","target":{"@type":"EntryPoint","urlTemplate":"https:\/\/www.swissfairtrade.ch\/it\/?s={search_term_string}"},"query-input":{"@type":"PropertyValueSpecification","valueRequired":true,"valueName":"search_term_string"}}],"inLanguage":"it-IT"},{"@type":"Organization","@id":"https:\/\/www.swissfairtrade.ch\/it\/#organization","name":"Swiss Fair Trade","url":"https:\/\/www.swissfairtrade.ch\/it\/","logo":{"@type":"ImageObject","inLanguage":"it-IT","@id":"https:\/\/www.swissfairtrade.ch\/it\/#\/schema\/logo\/image\/","url":"https:\/\/www.swissfairtrade.ch\/wp-content\/uploads\/SwissFairTrade-Logo-rgb-203.51.59-web.png","contentUrl":"https:\/\/www.swissfairtrade.ch\/wp-content\/uploads\/SwissFairTrade-Logo-rgb-203.51.59-web.png","width":130,"height":115,"caption":"Swiss Fair Trade"},"image":{"@id":"https:\/\/www.swissfairtrade.ch\/it\/#\/schema\/logo\/image\/"}}]}},"_links":{"self":[{"href":"https:\/\/www.swissfairtrade.ch\/it\/wp-json\/wp\/v2\/pages\/3571","targetHints":{"allow":["GET"]}}],"collection":[{"href":"https:\/\/www.swissfairtrade.ch\/it\/wp-json\/wp\/v2\/pages"}],"about":[{"href":"https:\/\/www.swissfairtrade.ch\/it\/wp-json\/wp\/v2\/types\/page"}],"author":[{"embeddable":true,"href":"https:\/\/www.swissfairtrade.ch\/it\/wp-json\/wp\/v2\/users\/2"}],"replies":[{"embeddable":true,"href":"https:\/\/www.swissfairtrade.ch\/it\/wp-json\/wp\/v2\/comments?post=3571"}],"version-history":[{"count":0,"href":"https:\/\/www.swissfairtrade.ch\/it\/wp-json\/wp\/v2\/pages\/3571\/revisions"}],"up":[{"embeddable":true,"href":"https:\/\/www.swissfairtrade.ch\/it\/wp-json\/wp\/v2\/pages\/3448"}],"wp:featuredmedia":[{"embeddable":true,"href":"https:\/\/www.swissfairtrade.ch\/it\/wp-json\/wp\/v2\/media\/3588"}],"wp:attachment":[{"href":"https:\/\/www.swissfairtrade.ch\/it\/wp-json\/wp\/v2\/media?parent=3571"}],"wp:term":[{"taxonomy":"hauptseiten-kategorie","embeddable":true,"href":"https:\/\/www.swissfairtrade.ch\/it\/wp-json\/wp\/v2\/hauptseiten-kategorie?post=3571"}],"curies":[{"name":"wp","href":"https:\/\/api.w.org\/{rel}","templated":true}]}}