{"id":3431,"date":"2018-08-29T18:55:52","date_gmt":"2018-08-29T16:55:52","guid":{"rendered":"https:\/\/imagotest.ch\/swissfairtrade\/?page_id=3431"},"modified":"2025-05-26T13:29:19","modified_gmt":"2025-05-26T11:29:19","slug":"politica-e-formazione-2","status":"publish","type":"page","link":"https:\/\/www.swissfairtrade.ch\/it\/argomenti-principali\/politica-e-formazione-2\/","title":{"rendered":"Politica"},"content":{"rendered":"<div class=\"wpb-content-wrapper\"><p>[vc_row full_width=&#8221;stretch_row&#8221; content_placement=&#8221;bottom&#8221; parallax=&#8221;content-moving-fade&#8221; parallax_image=&#8221;2959&#8243; css=&#8221;.vc_custom_1535918054765{background: rgba(196,196,196,0.71) url(https:\/\/www.swissfairtrade.ch\/wp-content\/uploads\/252806-EQIMAGES_356449.jpg?id=2609);background-position: center;background-repeat: no-repeat !important;background-size: cover !important;*background-color: rgb(196,196,196) !important;}&#8221; el_class=&#8221;header&#8221;][vc_column][vc_column_text css=&#8221;&#8221; el_class=&#8221;txt-white&#8221;]<\/p>\n<div class=\"annot\">\n<div class=\"row-main\">\n<div class=\"text\">\n<h1><span data-olk-copy-source=\"MessageBody\">Politica<\/span><\/h1>\n<h2><span data-olk-copy-source=\"MessageBody\">Impegno politico per un commercio mondiale pi\u00f9 equo<\/span>.<\/h2>\n<\/div>\n<\/div>\n<\/div>\n<p>[\/vc_column_text][\/vc_column][\/vc_row][vc_row][vc_column][vc_column_text css=&#8221;&#8221;]<\/p>\n<div>\n<p><b><span data-olk-copy-source=\"MessageBody\">Un impegno attivo per il commercio equo<\/span><\/b><\/p>\n<\/div>\n<div>\n<p>Swiss Fair Trade\u00a0si impegna attivamente a livello politico per promuovere un commercio internazionale pi\u00f9 giusto e uno sviluppo sostenibile. I quadri normativi stabiliti in Svizzera hanno infatti un impatto diretto sulle catene di approvvigionamento globali, sulle condizioni di vita e di lavoro delle popolazioni del Sud globale e sull\u2019attuazione dell\u2019Agenda 2030 per lo sviluppo sostenibile.<\/p>\n<\/div>\n<div>\n<p><b><br \/>\nUna voce forte per il commercio equo nei processi politici<\/b><\/p>\n<\/div>\n<div>\n<p>In qualit\u00e0 di rappresentante del commercio equo e delle lavoratrici e dei lavoratori del Sud globale, Swiss Fair Trade\u00a0porta competenze solide e le istanze dei suoi membri all\u2019interno dei processi politici. Intrattiene un dialogo costruttivo con i settori politici, educativi e amministrativi e prende posizione su questioni fondamentali legate al commercio, alla sostenibilit\u00e0 e alla cooperazione internazionale. L&#8217;organizzazione si impegna affinch\u00e9 le nuove normative rispettino standard sociali e ambientali elevati, affinch\u00e9 gli appalti pubblici siano pi\u00f9 sostenibili e affinch\u00e9 la Svizzera assuma pienamente la propria responsabilit\u00e0 in quanto piazza economica e commerciale.<\/p>\n<\/div>\n<div>\n<p><b><br \/>\nCollaborare per un cambiamento concreto<\/b><\/p>\n<\/div>\n<div>\n<p>In pratica, Swiss Fair Trade\u00a0partecipa a consultazioni, redige prese di posizione, sostiene interventi parlamentari e promuove campagne politiche. Collabora inoltre con reti della societ\u00e0 civile, ONG di cooperazione e attori del commercio equo per generare insieme cambiamenti strutturali e duraturi.<\/p>\n<\/div>\n<div>\n<p><b><br \/>\nLa nostra visione: un sistema economico pi\u00f9 giusto<\/b><\/p>\n<\/div>\n<div>\n<p>Il nostro obiettivo \u00e8 chiaro: contribuire alla creazione di un sistema economico che rispetti i diritti umani, protegga l\u2019ambiente e offra pari opportunit\u00e0 a tutte e tutti \u2013 un sistema in cui la Svizzera svolga un ruolo guida.<\/p>\n<p>Scopri di pi\u00f9 sul nostro impegno per la responsabilit\u00e0 delle imprese<\/p>\n<p><em>NB: La traduzione \u00e8 stata realizzata con l\u2019ausilio dell\u2019intelligenza artificiale. Pur impegnandoci a offrirli nelle tre lingue nazionali, l\u2019uso di strumenti di traduzione automatica pu\u00f2 generare occasionali incongruenze. Vi ringraziamo per la vostra comprensione.\u00a0<\/em><\/p>\n<\/div>\n<p>[\/vc_column_text][\/vc_column][\/vc_row][vc_row disable_element=&#8221;yes&#8221;][vc_column][vc_basic_grid post_type=&#8221;page&#8221; max_items=&#8221;-1&#8243; element_width=&#8221;6&#8243; gap=&#8221;10&#8243; item=&#8221;1885&#8243; grid_id=&#8221;vc_gid:1748258881093-38b88b37-23ab-10&#8243; taxonomies=&#8221;245, 335&#8243;][\/vc_column][\/vc_row][vc_row][vc_column][vc_basic_grid post_type=&#8221;page&#8221; max_items=&#8221;2&#8243; element_width=&#8221;6&#8243; item=&#8221;1885&#8243; grid_id=&#8221;vc_gid:1748258881094-be652a41-b767-5&#8243; taxonomies=&#8221;335&#8243;][\/vc_column][\/vc_row]<\/p>\n<\/div>","protected":false},"excerpt":{"rendered":"<p>Qui illustriamo i temi politici che e come inserire il commercio equo nell\u2019istruzione.<\/p>\n","protected":false},"author":2,"featured_media":2609,"parent":3387,"menu_order":10,"comment_status":"closed","ping_status":"closed","template":"","meta":{"generate_page_header":"","footnotes":"","_links_to":"","_links_to_target":""},"hauptseiten-kategorie":[242],"class_list":{"0":"post-3431","1":"page","2":"type-page","3":"status-publish","4":"has-post-thumbnail","6":"hauptseiten-kategorie-schwerpunkte"},"yoast_head":"<!-- This site is optimized with the Yoast SEO plugin v26.2 - https:\/\/yoast.com\/wordpress\/plugins\/seo\/ -->\n<title>Politica - Swiss Fair Trade<\/title>\n<meta name=\"robots\" content=\"index, follow, max-snippet:-1, max-image-preview:large, max-video-preview:-1\" \/>\n<link rel=\"canonical\" href=\"https:\/\/www.swissfairtrade.ch\/it\/argomenti-principali\/politica-e-formazione-2\/\" \/>\n<meta property=\"og:locale\" content=\"it_IT\" \/>\n<meta property=\"og:type\" content=\"article\" \/>\n<meta property=\"og:title\" content=\"Politica - Swiss Fair Trade\" \/>\n<meta property=\"og:description\" content=\"Qui illustriamo i temi politici che e come inserire il commercio equo nell\u2019istruzione.\" \/>\n<meta property=\"og:url\" content=\"https:\/\/www.swissfairtrade.ch\/it\/argomenti-principali\/politica-e-formazione-2\/\" \/>\n<meta property=\"og:site_name\" content=\"Swiss Fair Trade\" \/>\n<meta property=\"article:modified_time\" content=\"2025-05-26T11:29:19+00:00\" \/>\n<meta property=\"og:image\" content=\"https:\/\/www.swissfairtrade.ch\/wp-content\/uploads\/252806-EQIMAGES_356449.jpg\" \/>\n\t<meta property=\"og:image:width\" content=\"680\" \/>\n\t<meta property=\"og:image:height\" content=\"378\" \/>\n\t<meta property=\"og:image:type\" content=\"image\/jpeg\" \/>\n<meta name=\"twitter:card\" content=\"summary_large_image\" \/>\n<meta name=\"twitter:label1\" content=\"Tempo di lettura stimato\" \/>\n\t<meta name=\"twitter:data1\" content=\"3 minuti\" \/>\n<script type=\"application\/ld+json\" class=\"yoast-schema-graph\">{\"@context\":\"https:\/\/schema.org\",\"@graph\":[{\"@type\":\"WebPage\",\"@id\":\"https:\/\/www.swissfairtrade.ch\/it\/argomenti-principali\/politica-e-formazione-2\/\",\"url\":\"https:\/\/www.swissfairtrade.ch\/it\/argomenti-principali\/politica-e-formazione-2\/\",\"name\":\"Politica - Swiss Fair Trade\",\"isPartOf\":{\"@id\":\"https:\/\/www.swissfairtrade.ch\/it\/#website\"},\"primaryImageOfPage\":{\"@id\":\"https:\/\/www.swissfairtrade.ch\/it\/argomenti-principali\/politica-e-formazione-2\/#primaryimage\"},\"image\":{\"@id\":\"https:\/\/www.swissfairtrade.ch\/it\/argomenti-principali\/politica-e-formazione-2\/#primaryimage\"},\"thumbnailUrl\":\"https:\/\/www.swissfairtrade.ch\/wp-content\/uploads\/252806-EQIMAGES_356449.jpg\",\"datePublished\":\"2018-08-29T16:55:52+00:00\",\"dateModified\":\"2025-05-26T11:29:19+00:00\",\"breadcrumb\":{\"@id\":\"https:\/\/www.swissfairtrade.ch\/it\/argomenti-principali\/politica-e-formazione-2\/#breadcrumb\"},\"inLanguage\":\"it-IT\",\"potentialAction\":[{\"@type\":\"ReadAction\",\"target\":[\"https:\/\/www.swissfairtrade.ch\/it\/argomenti-principali\/politica-e-formazione-2\/\"]}]},{\"@type\":\"ImageObject\",\"inLanguage\":\"it-IT\",\"@id\":\"https:\/\/www.swissfairtrade.ch\/it\/argomenti-principali\/politica-e-formazione-2\/#primaryimage\",\"url\":\"https:\/\/www.swissfairtrade.ch\/wp-content\/uploads\/252806-EQIMAGES_356449.jpg\",\"contentUrl\":\"https:\/\/www.swissfairtrade.ch\/wp-content\/uploads\/252806-EQIMAGES_356449.jpg\",\"width\":680,\"height\":378},{\"@type\":\"BreadcrumbList\",\"@id\":\"https:\/\/www.swissfairtrade.ch\/it\/argomenti-principali\/politica-e-formazione-2\/#breadcrumb\",\"itemListElement\":[{\"@type\":\"ListItem\",\"position\":1,\"name\":\"Home\",\"item\":\"https:\/\/www.swissfairtrade.ch\/it\/\"},{\"@type\":\"ListItem\",\"position\":2,\"name\":\"Argomenti principali\",\"item\":\"https:\/\/www.swissfairtrade.ch\/it\/argomenti-principali\/\"},{\"@type\":\"ListItem\",\"position\":3,\"name\":\"Politica\"}]},{\"@type\":\"WebSite\",\"@id\":\"https:\/\/www.swissfairtrade.ch\/it\/#website\",\"url\":\"https:\/\/www.swissfairtrade.ch\/it\/\",\"name\":\"Swiss Fair Trade\",\"description\":\"\",\"publisher\":{\"@id\":\"https:\/\/www.swissfairtrade.ch\/it\/#organization\"},\"potentialAction\":[{\"@type\":\"SearchAction\",\"target\":{\"@type\":\"EntryPoint\",\"urlTemplate\":\"https:\/\/www.swissfairtrade.ch\/it\/?s={search_term_string}\"},\"query-input\":{\"@type\":\"PropertyValueSpecification\",\"valueRequired\":true,\"valueName\":\"search_term_string\"}}],\"inLanguage\":\"it-IT\"},{\"@type\":\"Organization\",\"@id\":\"https:\/\/www.swissfairtrade.ch\/it\/#organization\",\"name\":\"Swiss Fair Trade\",\"url\":\"https:\/\/www.swissfairtrade.ch\/it\/\",\"logo\":{\"@type\":\"ImageObject\",\"inLanguage\":\"it-IT\",\"@id\":\"https:\/\/www.swissfairtrade.ch\/it\/#\/schema\/logo\/image\/\",\"url\":\"https:\/\/www.swissfairtrade.ch\/wp-content\/uploads\/SwissFairTrade-Logo-rgb-203.51.59-web.png\",\"contentUrl\":\"https:\/\/www.swissfairtrade.ch\/wp-content\/uploads\/SwissFairTrade-Logo-rgb-203.51.59-web.png\",\"width\":130,\"height\":115,\"caption\":\"Swiss Fair Trade\"},\"image\":{\"@id\":\"https:\/\/www.swissfairtrade.ch\/it\/#\/schema\/logo\/image\/\"}}]}<\/script>\n<!-- \/ Yoast SEO plugin. -->","yoast_head_json":{"title":"Politica - Swiss Fair Trade","robots":{"index":"index","follow":"follow","max-snippet":"max-snippet:-1","max-image-preview":"max-image-preview:large","max-video-preview":"max-video-preview:-1"},"canonical":"https:\/\/www.swissfairtrade.ch\/it\/argomenti-principali\/politica-e-formazione-2\/","og_locale":"it_IT","og_type":"article","og_title":"Politica - Swiss Fair Trade","og_description":"Qui illustriamo i temi politici che e come inserire il commercio equo nell\u2019istruzione.","og_url":"https:\/\/www.swissfairtrade.ch\/it\/argomenti-principali\/politica-e-formazione-2\/","og_site_name":"Swiss Fair Trade","article_modified_time":"2025-05-26T11:29:19+00:00","og_image":[{"width":680,"height":378,"url":"https:\/\/www.swissfairtrade.ch\/wp-content\/uploads\/252806-EQIMAGES_356449.jpg","type":"image\/jpeg"}],"twitter_card":"summary_large_image","twitter_misc":{"Tempo di lettura stimato":"3 minuti"},"schema":{"@context":"https:\/\/schema.org","@graph":[{"@type":"WebPage","@id":"https:\/\/www.swissfairtrade.ch\/it\/argomenti-principali\/politica-e-formazione-2\/","url":"https:\/\/www.swissfairtrade.ch\/it\/argomenti-principali\/politica-e-formazione-2\/","name":"Politica - Swiss Fair Trade","isPartOf":{"@id":"https:\/\/www.swissfairtrade.ch\/it\/#website"},"primaryImageOfPage":{"@id":"https:\/\/www.swissfairtrade.ch\/it\/argomenti-principali\/politica-e-formazione-2\/#primaryimage"},"image":{"@id":"https:\/\/www.swissfairtrade.ch\/it\/argomenti-principali\/politica-e-formazione-2\/#primaryimage"},"thumbnailUrl":"https:\/\/www.swissfairtrade.ch\/wp-content\/uploads\/252806-EQIMAGES_356449.jpg","datePublished":"2018-08-29T16:55:52+00:00","dateModified":"2025-05-26T11:29:19+00:00","breadcrumb":{"@id":"https:\/\/www.swissfairtrade.ch\/it\/argomenti-principali\/politica-e-formazione-2\/#breadcrumb"},"inLanguage":"it-IT","potentialAction":[{"@type":"ReadAction","target":["https:\/\/www.swissfairtrade.ch\/it\/argomenti-principali\/politica-e-formazione-2\/"]}]},{"@type":"ImageObject","inLanguage":"it-IT","@id":"https:\/\/www.swissfairtrade.ch\/it\/argomenti-principali\/politica-e-formazione-2\/#primaryimage","url":"https:\/\/www.swissfairtrade.ch\/wp-content\/uploads\/252806-EQIMAGES_356449.jpg","contentUrl":"https:\/\/www.swissfairtrade.ch\/wp-content\/uploads\/252806-EQIMAGES_356449.jpg","width":680,"height":378},{"@type":"BreadcrumbList","@id":"https:\/\/www.swissfairtrade.ch\/it\/argomenti-principali\/politica-e-formazione-2\/#breadcrumb","itemListElement":[{"@type":"ListItem","position":1,"name":"Home","item":"https:\/\/www.swissfairtrade.ch\/it\/"},{"@type":"ListItem","position":2,"name":"Argomenti principali","item":"https:\/\/www.swissfairtrade.ch\/it\/argomenti-principali\/"},{"@type":"ListItem","position":3,"name":"Politica"}]},{"@type":"WebSite","@id":"https:\/\/www.swissfairtrade.ch\/it\/#website","url":"https:\/\/www.swissfairtrade.ch\/it\/","name":"Swiss Fair Trade","description":"","publisher":{"@id":"https:\/\/www.swissfairtrade.ch\/it\/#organization"},"potentialAction":[{"@type":"SearchAction","target":{"@type":"EntryPoint","urlTemplate":"https:\/\/www.swissfairtrade.ch\/it\/?s={search_term_string}"},"query-input":{"@type":"PropertyValueSpecification","valueRequired":true,"valueName":"search_term_string"}}],"inLanguage":"it-IT"},{"@type":"Organization","@id":"https:\/\/www.swissfairtrade.ch\/it\/#organization","name":"Swiss Fair Trade","url":"https:\/\/www.swissfairtrade.ch\/it\/","logo":{"@type":"ImageObject","inLanguage":"it-IT","@id":"https:\/\/www.swissfairtrade.ch\/it\/#\/schema\/logo\/image\/","url":"https:\/\/www.swissfairtrade.ch\/wp-content\/uploads\/SwissFairTrade-Logo-rgb-203.51.59-web.png","contentUrl":"https:\/\/www.swissfairtrade.ch\/wp-content\/uploads\/SwissFairTrade-Logo-rgb-203.51.59-web.png","width":130,"height":115,"caption":"Swiss Fair Trade"},"image":{"@id":"https:\/\/www.swissfairtrade.ch\/it\/#\/schema\/logo\/image\/"}}]}},"_links":{"self":[{"href":"https:\/\/www.swissfairtrade.ch\/it\/wp-json\/wp\/v2\/pages\/3431","targetHints":{"allow":["GET"]}}],"collection":[{"href":"https:\/\/www.swissfairtrade.ch\/it\/wp-json\/wp\/v2\/pages"}],"about":[{"href":"https:\/\/www.swissfairtrade.ch\/it\/wp-json\/wp\/v2\/types\/page"}],"author":[{"embeddable":true,"href":"https:\/\/www.swissfairtrade.ch\/it\/wp-json\/wp\/v2\/users\/2"}],"replies":[{"embeddable":true,"href":"https:\/\/www.swissfairtrade.ch\/it\/wp-json\/wp\/v2\/comments?post=3431"}],"version-history":[{"count":0,"href":"https:\/\/www.swissfairtrade.ch\/it\/wp-json\/wp\/v2\/pages\/3431\/revisions"}],"up":[{"embeddable":true,"href":"https:\/\/www.swissfairtrade.ch\/it\/wp-json\/wp\/v2\/pages\/3387"}],"wp:featuredmedia":[{"embeddable":true,"href":"https:\/\/www.swissfairtrade.ch\/it\/wp-json\/wp\/v2\/media\/2609"}],"wp:attachment":[{"href":"https:\/\/www.swissfairtrade.ch\/it\/wp-json\/wp\/v2\/media?parent=3431"}],"wp:term":[{"taxonomy":"hauptseiten-kategorie","embeddable":true,"href":"https:\/\/www.swissfairtrade.ch\/it\/wp-json\/wp\/v2\/hauptseiten-kategorie?post=3431"}],"curies":[{"name":"wp","href":"https:\/\/api.w.org\/{rel}","templated":true}]}}