{"id":3247,"date":"2018-08-27T15:36:58","date_gmt":"2018-08-27T13:36:58","guid":{"rendered":"https:\/\/imagotest.ch\/swissfairtrade\/?page_id=3247"},"modified":"2023-06-05T13:50:36","modified_gmt":"2023-06-05T11:50:36","slug":"studio-internazionale","status":"publish","type":"page","link":"https:\/\/www.swissfairtrade.ch\/it\/fair-trade\/studio-internazionale\/","title":{"rendered":"Studio internazionale"},"content":{"rendered":"<div class=\"wpb-content-wrapper\"><p>[vc_row full_width=&#8221;stretch_row&#8221; content_placement=&#8221;bottom&#8221; parallax=&#8221;content-moving-fade&#8221; parallax_image=&#8221;2959&#8243; css=&#8221;.vc_custom_1534775140289{background: rgba(196,196,196,0.71) url(https:\/\/www.swissfairtrade.ch\/wp-content\/uploads\/book-bindings-composition-desk-891059.jpg?id=3100);background-position: center;background-repeat: no-repeat !important;background-size: cover !important;*background-color: rgb(196,196,196) !important;}&#8221; el_class=&#8221;header&#8221;][vc_column][vc_column_text el_class=&#8221;txt-white&#8221;]<\/p>\n<div class=\"annot\">\n<div class=\"row-main\">\n<div class=\"text\">\n<h1>Studio internazionale<\/h1>\n<h2 class=\"big\">Efficacia dimostrata.<\/h2>\n<\/div>\n<\/div>\n<\/div>\n<p>[\/vc_column_text][\/vc_column][\/vc_row][vc_row][vc_column][vc_column_text]<strong>Il commercio equo \u00e8 uno strumento efficace della politica dello sviluppo che, come dimostrato da diversi studi, consente di migliorare le condizioni di vita degli abitanti del Sud globale.<\/strong> <strong>Ora nuove indagini confermano il suo influsso positivo sulle produttrici e sui produttori, sulle rispettive famiglie e sull\u2019intera comunit\u00e0.<\/strong><\/p>\n<p>Secondo alcuni studi, i benefici del commercio equo sono molteplici, con effetti positivi diretti sui prezzi, sul reddito e sulla resilienza economica di produttrici e produttori. Gli investimenti in metodi agricoli innovativi ed ecologici, come pure in progetti comunitari giovano anche all\u2019ambiente e al clima, allo sviluppo sociale e all\u2019emancipazione femminile. Sulla base delle evidenze a disposizione, di seguito vengono approfondite le aree di impatto e le relazioni causa-effetto. L\u2019illustrazione rappresenta graficamente la teoria del cambiamento.<\/p>\n<p><strong>Reddito pi\u00f9 elevato e maggiore resilienza economica per produttrici e produttori<\/strong><\/p>\n<p>Grazie ai prezzi minimi e al premio del commercio equo, le produttrici e i produttori guadagnano di pi\u00f9 e conseguono un reddito pi\u00f9 alto (Dragusanu &amp; Nunn, 2014; Oya, Schaefer, &amp; Skalidou, 2018). La relativa certificazione, inoltre, agevola l\u2019accesso ai servizi finanziari, per esempio a crediti e a finanziamenti anticipati (Dragusanu &amp; Nunn, 2014).<\/p>\n<p>Gli accordi commerciali a lungo termine, il reddito pi\u00f9 elevato, la diversificazione delle coltivazioni e i raccolti pi\u00f9 ricchi rendono le contadine e i contadini del commercio equo economicamente pi\u00f9 resilienti al cospetto per esempio delle perdite dei raccolti e dei crolli dei prezzi. Ci\u00f2 nonostante, i cambiamenti climatici rappresentano una grave minaccia per l\u2019esistenza economica delle produttrici e dei produttori (Fairtrade International, 2022).<\/p>\n<p><strong>Metodi di coltivazione ecologici a vantaggio di emancipazione e resilienza climatica<\/strong><\/p>\n<p>Per contenere le ripercussioni dei cambiamenti climatici su produttrici e produttori, vengono organizzati corsi e sviluppati sistemi di produzione agricola sostenibili insieme a contadine e contadini del commercio equo al fine di accrescere la consapevolezza ecologica, mentre le cooperative del commercio equo implementano varie misure a protezione del clima, come iniziative di rimboschimento, agroforestazione o aumento della fertilit\u00e0 del terreno. Tutto ci\u00f2 contribuisce alla riduzione dei gas a effetto serra, favorisce l\u2019adozione di metodi di coltivazione ecologici, migliora la qualit\u00e0 del suolo, e attenua la vulnerabilit\u00e0 di produttrici e produttori nei confronti dei mutamenti climatici (Fairtrade International, 2021; Fairtrade International, 2022).<\/p>\n<p>Oltre all\u2019impatto positivo sull\u2019ambiente, i programmi di sostenibilit\u00e0 delle cooperative presentano anche benefici sociali ed economici, per esempio rafforzando donne e giovani in posizioni di conduzione. L\u2019introduzione di sistemi di produzione agricola sostenibili consente inoltre di aumentare i raccolti, incrementare la cifra d\u2019affari, migliorare l\u2019accesso ai mercati e abbassare i costi di produzione dell\u2019agricoltura biologica (Fairtrade International, 2021).<\/p>\n<p><img loading=\"lazy\" decoding=\"async\" class=\"size-large wp-image-11923 alignnone\" src=\"https:\/\/www.swissfairtrade.ch\/wp-content\/uploads\/Wirkungsmodel_Titel_i-1024x512.jpg\" alt=\"\" width=\"1024\" height=\"512\" srcset=\"https:\/\/www.swissfairtrade.ch\/wp-content\/uploads\/Wirkungsmodel_Titel_i-1024x512.jpg 1024w, https:\/\/www.swissfairtrade.ch\/wp-content\/uploads\/Wirkungsmodel_Titel_i-525x262.jpg 525w, https:\/\/www.swissfairtrade.ch\/wp-content\/uploads\/Wirkungsmodel_Titel_i-768x384.jpg 768w, https:\/\/www.swissfairtrade.ch\/wp-content\/uploads\/Wirkungsmodel_Titel_i-1536x768.jpg 1536w, https:\/\/www.swissfairtrade.ch\/wp-content\/uploads\/Wirkungsmodel_Titel_i-2048x1024.jpg 2048w, https:\/\/www.swissfairtrade.ch\/wp-content\/uploads\/Wirkungsmodel_Titel_i-1000x500.jpg 1000w, https:\/\/www.swissfairtrade.ch\/wp-content\/uploads\/Wirkungsmodel_Titel_i-500x250.jpg 500w\" sizes=\"auto, (max-width: 1024px) 100vw, 1024px\" \/><\/p>\n<p><strong>Nonostante pi\u00f9 inclusione e promovimento, restano ostacoli strutturali per le donne<\/strong><\/p>\n<p>Rispetto a organizzazioni analoghe dell\u2019agricoltura convenzionale, le donne sono pi\u00f9 rappresentate \u2013 sia a livello di partecipazione sia in ruoli di conduzione \u2013 nelle cooperative del commercio equo, dove godono di un accesso migliore e di maggiore inclusione. Restano tuttavia numerosi ostacoli strutturali, per esempio l\u2019impossibilit\u00e0 in determinati paesi di aderire a consorzi di produttrici e produttori a causa di leggi che impediscono loro di possedere terreni, la mancanza di conoscenze tecniche e di formazioni, norme di genere che assegnano loro le incombenze domestiche e difficolt\u00e0 di accesso ai capitali (Fairtrade International, 2020).<\/p>\n<p>Se gli approcci volti a favorire la parit\u00e0 di genere mediante standard e linee guida del commercio equo si dimostrano efficaci a breve termine nell\u2019ambito delle cooperative e delle organizzazioni di produttrici e produttori, a livello macro il loro impatto sulla ripartizione tradizionale dei ruoli femminile e maschile \u00e8 minimo. In tale contesto, l\u2019efficacia del commercio equo \u00e8 limitata perch\u00e9 difficilmente esso riesce a modificare le disuguaglianze sociali, culturali ed economiche legate alle norme di genere (Fairtrade International, 2020, p. 49).<\/p>\n<p><strong>Il commercio equo a sostegno dello sviluppo sociale<\/strong><\/p>\n<p>Il commercio equo ha effetti positivi sui singoli, ma anche sulla societ\u00e0 nel suo complesso. Con il premio che produttrici e produttori ricevono in aggiunta al ricavato delle vendite, vengono finanziati progetti per le comunit\u00e0, il che permette di sostenere lo sviluppo sociale, in particolare nei settori della salute e dell\u2019istruzione grazie a investimenti nella presa a carico sanitaria e nella formazione (Fairtrade International, 2022).<\/p>\n<p><strong>Impatto del premio moltiplicato da processi decisionali partecipativi nelle cooperative<\/strong><\/p>\n<p>Il buongoverno delle organizzazioni di produttrici e produttori \u00e8 un fattore determinante per l\u2019efficacia del commercio equo e i relativi investimenti nelle comunit\u00e0. I processi decisionali per l\u2019utilizzo dei premi, separati da quelli operativi, favoriscono un coinvolgimento maggiore dei membri e prevedono un obbligo di rendiconto. Le organizzazioni ben gestite, democratiche e con processi decisionali separati sono stabili, resilienti e inclusive. A lungo termine, ci\u00f2 si traduce in redditi e standard di vita pi\u00f9 elevati, e in una maggiore capacit\u00e0 di resistenza delle produttrici e dei produttori. La partecipazione \u00e8 importante per individuare l\u2019impiego pi\u00f9 appropriato a livello locale e pi\u00f9 accettato a livello sociale, cos\u00ec da ottenere l\u2019impatto auspicato. Processi decisionali partecipativi e trasparenti contribuiscono inoltre alla parit\u00e0 di genere (Loconto, Silva-Casta\u00f1eda &amp; Jimenez, 2019, pagg. 76-78).<\/p>\n<p><strong>Maggiore consapevolezza e cambiamento delle abitudini di consumo<\/strong><\/p>\n<p>Oltre a implementare misure dirette per migliorare le condizioni di lavoro e di vita delle produttrici e dei produttori del Sud globale, le attrici e gli attori del commercio equo si fanno portavoce delle preoccupazioni della popolazione di queste regioni presso l\u2019opinione pubblica. Da uno studio del 2016 del Centrum f\u00fcr Evaluation (CEval) in collaborazione con il Forum Fairer Handel emerge che il commercio equo contribuisce alla sensibilizzazione della popolazione grazie alla sua credibilit\u00e0 e all\u2019ampia diffusione e visibilit\u00e0 dei suoi prodotti. Bench\u00e9 sulle decisioni di acquisto incidano, oltre al prezzo, sempre pi\u00f9 anche criteri di sostenibilit\u00e0 e negli ultimi vent\u2019anni la vendita di prodotti del commercio equo sia aumentata, per modificare durevolmente le abitudini di consumo \u00e8 necessario anche un cambiamento radicale dei valori (B\u00e4thge, 2016).<\/p>\n<p>&nbsp;<\/p>\n<p>Sulla base degli studi esistenti, \u00e8 possibile concludere che il commercio equo ha migliorato durevolmente gli standard di vita delle produttrici e dei produttori del Sud globale, come si evince anche dall\u2019illustrazione sulla teoria del cambiamento. Non vanno tuttavia sottaciuti i limiti a livello di politica dello sviluppo: spesso la mancanza di condizioni quadro strutturali nei paesi di produzione ostacola l\u2019ulteriore progresso delle condizioni di vita.<\/p>\n<p>&nbsp;<\/p>\n<p><strong>Fonti<\/strong><\/p>\n<p>B\u00e4thge, S. (2016). Trend- und Wirkungsstudie: Ver\u00e4ndert der Faire Handel die Gesellschaft?. Centrum f\u00fcr Evaluation (CEval).<\/p>\n<p>Dragusanu, R. &amp; Nunn, N. (2014). The Economics of Fair Trade. Journal of Economic Perspectives 28 (3), pp. 217-236<\/p>\n<p>Fairtrade International (2022). Assessing the Impact of Fairtrade on Poverty Reduction and Economic Resilience through Rural Development.<\/p>\n<p>Fairtrade International (2021). Fairtrade Climate Change Projects &#8211; Learning from Experience.<\/p>\n<p>Fairtrade International (2020). Women&#8217;s access, equity and empowerment: Progress and uptake of the Fairtrade gender strategy.<\/p>\n<p>Loconto, A., Silva-Casta\u00f1eda, L., Jimenez, A. (2019). Participatory analysis of the use and impact of the Fairtrade premium. Laboratoire Interdisciplinaire Sciences Innovations Soci\u00e9t\u00e9s (LISIS).<\/p>\n<p>Oya, C., Schaefer, F. &amp; Skalidou, D. (2018). The effectiveness of agricultural certification in developing countries: A systematic review. World Development, pp. 282-312. Available at <a href=\"https:\/\/www.sciencedirect.com\/science\/article\/pii\/S0305750X18303012\" target=\"_blank\" rel=\"noopener\">https:\/\/www.sciencedirect.com\/science\/article\/pii\/S0305750X18303012<\/a>[\/vc_column_text][vc_btn title=&#8221;Scaricare il rapporto&#8221; style=&#8221;classic&#8221; link=&#8221;url:https%3A%2F%2Fwww.swissfairtrade.ch%2Fwp-content%2Fuploads%2FHintergrundbericht_Wirkung_SFT_2023_it.pdf|target:_blank&#8221;][\/vc_column][\/vc_row][vc_row][vc_column][vc_empty_space height=&#8221;50px&#8221;][vc_separator][vc_column_text]<\/p>\n<h3>Altre materie<\/h3>\n<p>[\/vc_column_text][vc_basic_grid post_type=&#8221;page&#8221; max_items=&#8221;-1&#8243; gap=&#8221;10&#8243; item=&#8221;1885&#8243; grid_id=&#8221;vc_gid:1685965784949-f47c4f36-52b2-0&#8243; taxonomies=&#8221;230&#8243;][\/vc_column][\/vc_row]<\/p>\n<\/div>","protected":false},"excerpt":{"rendered":"<p>Diversi studi attestano l&#8217;influsso positivo del commercio equo sull\u2019agricoltura contadina, sulle famiglie produttrici e sull\u2019intera comunit\u00e0<\/p>\n","protected":false},"author":2,"featured_media":3100,"parent":3234,"menu_order":3,"comment_status":"closed","ping_status":"closed","template":"","meta":{"generate_page_header":"","footnotes":"","_links_to":"","_links_to_target":""},"hauptseiten-kategorie":[230,365],"class_list":{"0":"post-3247","1":"page","2":"type-page","3":"status-publish","4":"has-post-thumbnail","6":"hauptseiten-kategorie-fairer-handel","7":"hauptseiten-kategorie-wirkung"},"yoast_head":"<!-- This site is optimized with the Yoast SEO plugin v26.2 - https:\/\/yoast.com\/wordpress\/plugins\/seo\/ -->\n<title>Studio internazionale - Swiss Fair Trade<\/title>\n<meta name=\"robots\" content=\"index, follow, max-snippet:-1, max-image-preview:large, max-video-preview:-1\" \/>\n<link rel=\"canonical\" href=\"https:\/\/www.swissfairtrade.ch\/it\/fair-trade\/studio-internazionale\/\" \/>\n<meta property=\"og:locale\" content=\"it_IT\" \/>\n<meta property=\"og:type\" content=\"article\" \/>\n<meta property=\"og:title\" content=\"Studio internazionale - Swiss Fair Trade\" \/>\n<meta property=\"og:description\" content=\"Diversi studi attestano l&#039;influsso positivo del commercio equo sull\u2019agricoltura contadina, sulle famiglie produttrici e sull\u2019intera comunit\u00e0\" \/>\n<meta property=\"og:url\" content=\"https:\/\/www.swissfairtrade.ch\/it\/fair-trade\/studio-internazionale\/\" \/>\n<meta property=\"og:site_name\" content=\"Swiss Fair Trade\" \/>\n<meta property=\"article:modified_time\" content=\"2023-06-05T11:50:36+00:00\" \/>\n<meta property=\"og:image\" content=\"https:\/\/www.swissfairtrade.ch\/wp-content\/uploads\/book-bindings-composition-desk-891059.jpg\" \/>\n\t<meta property=\"og:image:width\" content=\"3888\" \/>\n\t<meta property=\"og:image:height\" content=\"2592\" \/>\n\t<meta property=\"og:image:type\" content=\"image\/jpeg\" \/>\n<meta name=\"twitter:card\" content=\"summary_large_image\" \/>\n<meta name=\"twitter:label1\" content=\"Tempo di lettura stimato\" \/>\n\t<meta name=\"twitter:data1\" content=\"7 minuti\" \/>\n<script type=\"application\/ld+json\" class=\"yoast-schema-graph\">{\"@context\":\"https:\/\/schema.org\",\"@graph\":[{\"@type\":\"WebPage\",\"@id\":\"https:\/\/www.swissfairtrade.ch\/it\/fair-trade\/studio-internazionale\/\",\"url\":\"https:\/\/www.swissfairtrade.ch\/it\/fair-trade\/studio-internazionale\/\",\"name\":\"Studio internazionale - Swiss Fair Trade\",\"isPartOf\":{\"@id\":\"https:\/\/www.swissfairtrade.ch\/it\/#website\"},\"primaryImageOfPage\":{\"@id\":\"https:\/\/www.swissfairtrade.ch\/it\/fair-trade\/studio-internazionale\/#primaryimage\"},\"image\":{\"@id\":\"https:\/\/www.swissfairtrade.ch\/it\/fair-trade\/studio-internazionale\/#primaryimage\"},\"thumbnailUrl\":\"https:\/\/www.swissfairtrade.ch\/wp-content\/uploads\/book-bindings-composition-desk-891059.jpg\",\"datePublished\":\"2018-08-27T13:36:58+00:00\",\"dateModified\":\"2023-06-05T11:50:36+00:00\",\"breadcrumb\":{\"@id\":\"https:\/\/www.swissfairtrade.ch\/it\/fair-trade\/studio-internazionale\/#breadcrumb\"},\"inLanguage\":\"it-IT\",\"potentialAction\":[{\"@type\":\"ReadAction\",\"target\":[\"https:\/\/www.swissfairtrade.ch\/it\/fair-trade\/studio-internazionale\/\"]}]},{\"@type\":\"ImageObject\",\"inLanguage\":\"it-IT\",\"@id\":\"https:\/\/www.swissfairtrade.ch\/it\/fair-trade\/studio-internazionale\/#primaryimage\",\"url\":\"https:\/\/www.swissfairtrade.ch\/wp-content\/uploads\/book-bindings-composition-desk-891059.jpg\",\"contentUrl\":\"https:\/\/www.swissfairtrade.ch\/wp-content\/uploads\/book-bindings-composition-desk-891059.jpg\",\"width\":3888,\"height\":2592},{\"@type\":\"BreadcrumbList\",\"@id\":\"https:\/\/www.swissfairtrade.ch\/it\/fair-trade\/studio-internazionale\/#breadcrumb\",\"itemListElement\":[{\"@type\":\"ListItem\",\"position\":1,\"name\":\"Home\",\"item\":\"https:\/\/www.swissfairtrade.ch\/it\/\"},{\"@type\":\"ListItem\",\"position\":2,\"name\":\"Fair Trade\",\"item\":\"https:\/\/www.swissfairtrade.ch\/it\/fair-trade\/\"},{\"@type\":\"ListItem\",\"position\":3,\"name\":\"Studio internazionale\"}]},{\"@type\":\"WebSite\",\"@id\":\"https:\/\/www.swissfairtrade.ch\/it\/#website\",\"url\":\"https:\/\/www.swissfairtrade.ch\/it\/\",\"name\":\"Swiss Fair Trade\",\"description\":\"\",\"publisher\":{\"@id\":\"https:\/\/www.swissfairtrade.ch\/it\/#organization\"},\"potentialAction\":[{\"@type\":\"SearchAction\",\"target\":{\"@type\":\"EntryPoint\",\"urlTemplate\":\"https:\/\/www.swissfairtrade.ch\/it\/?s={search_term_string}\"},\"query-input\":{\"@type\":\"PropertyValueSpecification\",\"valueRequired\":true,\"valueName\":\"search_term_string\"}}],\"inLanguage\":\"it-IT\"},{\"@type\":\"Organization\",\"@id\":\"https:\/\/www.swissfairtrade.ch\/it\/#organization\",\"name\":\"Swiss Fair Trade\",\"url\":\"https:\/\/www.swissfairtrade.ch\/it\/\",\"logo\":{\"@type\":\"ImageObject\",\"inLanguage\":\"it-IT\",\"@id\":\"https:\/\/www.swissfairtrade.ch\/it\/#\/schema\/logo\/image\/\",\"url\":\"https:\/\/www.swissfairtrade.ch\/wp-content\/uploads\/SwissFairTrade-Logo-rgb-203.51.59-web.png\",\"contentUrl\":\"https:\/\/www.swissfairtrade.ch\/wp-content\/uploads\/SwissFairTrade-Logo-rgb-203.51.59-web.png\",\"width\":130,\"height\":115,\"caption\":\"Swiss Fair Trade\"},\"image\":{\"@id\":\"https:\/\/www.swissfairtrade.ch\/it\/#\/schema\/logo\/image\/\"}}]}<\/script>\n<!-- \/ Yoast SEO plugin. -->","yoast_head_json":{"title":"Studio internazionale - Swiss Fair Trade","robots":{"index":"index","follow":"follow","max-snippet":"max-snippet:-1","max-image-preview":"max-image-preview:large","max-video-preview":"max-video-preview:-1"},"canonical":"https:\/\/www.swissfairtrade.ch\/it\/fair-trade\/studio-internazionale\/","og_locale":"it_IT","og_type":"article","og_title":"Studio internazionale - Swiss Fair Trade","og_description":"Diversi studi attestano l'influsso positivo del commercio equo sull\u2019agricoltura contadina, sulle famiglie produttrici e sull\u2019intera comunit\u00e0","og_url":"https:\/\/www.swissfairtrade.ch\/it\/fair-trade\/studio-internazionale\/","og_site_name":"Swiss Fair Trade","article_modified_time":"2023-06-05T11:50:36+00:00","og_image":[{"width":3888,"height":2592,"url":"https:\/\/www.swissfairtrade.ch\/wp-content\/uploads\/book-bindings-composition-desk-891059.jpg","type":"image\/jpeg"}],"twitter_card":"summary_large_image","twitter_misc":{"Tempo di lettura stimato":"7 minuti"},"schema":{"@context":"https:\/\/schema.org","@graph":[{"@type":"WebPage","@id":"https:\/\/www.swissfairtrade.ch\/it\/fair-trade\/studio-internazionale\/","url":"https:\/\/www.swissfairtrade.ch\/it\/fair-trade\/studio-internazionale\/","name":"Studio internazionale - Swiss Fair Trade","isPartOf":{"@id":"https:\/\/www.swissfairtrade.ch\/it\/#website"},"primaryImageOfPage":{"@id":"https:\/\/www.swissfairtrade.ch\/it\/fair-trade\/studio-internazionale\/#primaryimage"},"image":{"@id":"https:\/\/www.swissfairtrade.ch\/it\/fair-trade\/studio-internazionale\/#primaryimage"},"thumbnailUrl":"https:\/\/www.swissfairtrade.ch\/wp-content\/uploads\/book-bindings-composition-desk-891059.jpg","datePublished":"2018-08-27T13:36:58+00:00","dateModified":"2023-06-05T11:50:36+00:00","breadcrumb":{"@id":"https:\/\/www.swissfairtrade.ch\/it\/fair-trade\/studio-internazionale\/#breadcrumb"},"inLanguage":"it-IT","potentialAction":[{"@type":"ReadAction","target":["https:\/\/www.swissfairtrade.ch\/it\/fair-trade\/studio-internazionale\/"]}]},{"@type":"ImageObject","inLanguage":"it-IT","@id":"https:\/\/www.swissfairtrade.ch\/it\/fair-trade\/studio-internazionale\/#primaryimage","url":"https:\/\/www.swissfairtrade.ch\/wp-content\/uploads\/book-bindings-composition-desk-891059.jpg","contentUrl":"https:\/\/www.swissfairtrade.ch\/wp-content\/uploads\/book-bindings-composition-desk-891059.jpg","width":3888,"height":2592},{"@type":"BreadcrumbList","@id":"https:\/\/www.swissfairtrade.ch\/it\/fair-trade\/studio-internazionale\/#breadcrumb","itemListElement":[{"@type":"ListItem","position":1,"name":"Home","item":"https:\/\/www.swissfairtrade.ch\/it\/"},{"@type":"ListItem","position":2,"name":"Fair Trade","item":"https:\/\/www.swissfairtrade.ch\/it\/fair-trade\/"},{"@type":"ListItem","position":3,"name":"Studio internazionale"}]},{"@type":"WebSite","@id":"https:\/\/www.swissfairtrade.ch\/it\/#website","url":"https:\/\/www.swissfairtrade.ch\/it\/","name":"Swiss Fair Trade","description":"","publisher":{"@id":"https:\/\/www.swissfairtrade.ch\/it\/#organization"},"potentialAction":[{"@type":"SearchAction","target":{"@type":"EntryPoint","urlTemplate":"https:\/\/www.swissfairtrade.ch\/it\/?s={search_term_string}"},"query-input":{"@type":"PropertyValueSpecification","valueRequired":true,"valueName":"search_term_string"}}],"inLanguage":"it-IT"},{"@type":"Organization","@id":"https:\/\/www.swissfairtrade.ch\/it\/#organization","name":"Swiss Fair Trade","url":"https:\/\/www.swissfairtrade.ch\/it\/","logo":{"@type":"ImageObject","inLanguage":"it-IT","@id":"https:\/\/www.swissfairtrade.ch\/it\/#\/schema\/logo\/image\/","url":"https:\/\/www.swissfairtrade.ch\/wp-content\/uploads\/SwissFairTrade-Logo-rgb-203.51.59-web.png","contentUrl":"https:\/\/www.swissfairtrade.ch\/wp-content\/uploads\/SwissFairTrade-Logo-rgb-203.51.59-web.png","width":130,"height":115,"caption":"Swiss Fair Trade"},"image":{"@id":"https:\/\/www.swissfairtrade.ch\/it\/#\/schema\/logo\/image\/"}}]}},"_links":{"self":[{"href":"https:\/\/www.swissfairtrade.ch\/it\/wp-json\/wp\/v2\/pages\/3247","targetHints":{"allow":["GET"]}}],"collection":[{"href":"https:\/\/www.swissfairtrade.ch\/it\/wp-json\/wp\/v2\/pages"}],"about":[{"href":"https:\/\/www.swissfairtrade.ch\/it\/wp-json\/wp\/v2\/types\/page"}],"author":[{"embeddable":true,"href":"https:\/\/www.swissfairtrade.ch\/it\/wp-json\/wp\/v2\/users\/2"}],"replies":[{"embeddable":true,"href":"https:\/\/www.swissfairtrade.ch\/it\/wp-json\/wp\/v2\/comments?post=3247"}],"version-history":[{"count":0,"href":"https:\/\/www.swissfairtrade.ch\/it\/wp-json\/wp\/v2\/pages\/3247\/revisions"}],"up":[{"embeddable":true,"href":"https:\/\/www.swissfairtrade.ch\/it\/wp-json\/wp\/v2\/pages\/3234"}],"wp:featuredmedia":[{"embeddable":true,"href":"https:\/\/www.swissfairtrade.ch\/it\/wp-json\/wp\/v2\/media\/3100"}],"wp:attachment":[{"href":"https:\/\/www.swissfairtrade.ch\/it\/wp-json\/wp\/v2\/media?parent=3247"}],"wp:term":[{"taxonomy":"hauptseiten-kategorie","embeddable":true,"href":"https:\/\/www.swissfairtrade.ch\/it\/wp-json\/wp\/v2\/hauptseiten-kategorie?post=3247"}],"curies":[{"name":"wp","href":"https:\/\/api.w.org\/{rel}","templated":true}]}}