{"id":3244,"date":"2018-08-27T15:33:10","date_gmt":"2018-08-27T13:33:10","guid":{"rendered":"https:\/\/imagotest.ch\/swissfairtrade\/?page_id=3244"},"modified":"2023-04-04T12:01:59","modified_gmt":"2023-04-04T10:01:59","slug":"sustainable-development-goals","status":"publish","type":"page","link":"https:\/\/www.swissfairtrade.ch\/it\/fair-trade\/sustainable-development-goals\/","title":{"rendered":"Sustainable Development Goals"},"content":{"rendered":"<div class=\"wpb-content-wrapper\"><p>[vc_row full_width=&#8221;stretch_row&#8221; content_placement=&#8221;bottom&#8221; parallax=&#8221;content-moving-fade&#8221; parallax_image=&#8221;2959&#8243; css=&#8221;.vc_custom_1534755332829{background: rgba(196,196,196,0.71) url(https:\/\/www.swissfairtrade.ch\/wp-content\/uploads\/ghana-2422039_1920.jpg?id=2162);background-position: center;background-repeat: no-repeat !important;background-size: cover !important;*background-color: rgb(196,196,196) !important;}&#8221; el_class=&#8221;header&#8221;][vc_column][vc_column_text el_class=&#8221;txt-white&#8221;]<\/p>\n<div class=\"annot\">\n<div class=\"row-main\">\n<div class=\"text\">\n<h1>Sustainable Development Goals<\/h1>\n<h2>Per un sviluppo sostenibile.<\/h2>\n<\/div>\n<\/div>\n<\/div>\n<p>[\/vc_column_text][\/vc_column][\/vc_row][vc_row][vc_column][vc_column_text]<\/p>\n<p class=\"bodytext\">Nel settembre 2015, l&#8217;Assemblea generale dell&#8217;ONU ha deliberato gli obiettivi di sviluppo sostenibile, Sustainable Development Goals (SDG). I SDG devono essere raggiunti entro il 2030 e si prefiggono di porre fine alla povert\u00e0 \u00abovunque e in tutte le forme\u00bb. Allo scopo di concretizzare questa visione, tutti gli attori (governi, organizzazioni internazionali, cittadine e cittadini nonch\u00e9 ONG) devono lavorare fianco a fianco.<\/p>\n<p class=\"bodytext\">Il commercio equo si impegna a favore di rapporti commerciali equi e a lungo termine con le produttrici e i produttori del sud nel mondo, consentendo loro l&#8217;accesso al mercato globale (SDG 9). In tale ambito devono essere garantiti prezzi trasparenti e stabili nonch\u00e9 incentivate condizioni di lavoro sociali (SDG 8) e promossi metodi di coltivazione sostenibili (SDG 12 e 13). Il commercio equo combatte cos\u00ec la povert\u00e0 e la fame (SDG 1 e 2), si impegna a favore dell&#8217;uguaglianza di genere (SDG 5) e riduce le disuguaglianze (SDG 10), contribuendo cos\u00ec, mediante una collaborazione in partenariato alla creazione di una societ\u00e0 con pi\u00f9 pace (SDG 16 e 17). Il commercio equo sostiene il raggiungimento di questi nove obiettivi di sviluppo come segue:<\/p>\n<p>[\/vc_column_text][vc_single_image image=&#8221;2554&#8243; img_size=&#8221;full&#8221; alignment=&#8221;center&#8221;][vc_row_inner][vc_column_inner width=&#8221;1\/2&#8243;][vc_column_text]<\/p>\n<p class=\"bodytext\"><strong><span lang=\"IT-CH\">Obiettivo 1: povert\u00e0 zero<\/span><\/strong><span lang=\"IT-CH\"><strong><br \/>\n<\/strong>Il commercio sostenibile combatte la povert\u00e0 mediante rapporti commerciali a lungo termine che assicurano prezzi equi e stabili.<\/span><\/p>\n<p class=\"bodytext\"><strong><span lang=\"IT-CH\">Obiettivo 2: fame zero<br \/>\n<\/span><\/strong><span lang=\"IT-CH\">Mediante contratti commerciali affidabili ed equi viene assicurato il reddito delle contadine e dei contadini &#8211; ci\u00f2 contribuisce alla sicurezza alimentare delle produttrici e dei produttori nonch\u00e9 delle lavoratrici e dei lavoratori.<\/span><\/p>\n<p class=\"bodytext\"><strong><span lang=\"IT-CH\">Obiettivo 5: uguaglianza di genere<br \/>\n<\/span><\/strong><span lang=\"IT-CH\">Il commercio equo si prefigge di raggiungere l&#8217;uguaglianza fra uomini e donne: uguale salario per uguale lavoro nonch\u00e9 parit\u00e0 di inclusione e pari diritti di codecisione nelle cooperative.<\/span><\/p>\n<p class=\"bodytext\"><span lang=\"IT-CH\"><strong>Obiettivo 8: lavoro dignitoso e crescita economica<br \/>\n<\/strong><\/span><span lang=\"IT-CH\">Il commercio equo promuove il rispetto dei diritti del lavoro e dei diritti umani, aumentando in tal modo la qualit\u00e0 dei posti di lavoro.<\/span><\/p>\n<p class=\"bodytext\"><span lang=\"IT-CH\"><strong>Obiettivo 9: industria, innovazione e infrastrutture<br \/>\n<\/strong><\/span><span lang=\"IT-CH\">Il commercio equo consente alle produttrici e ai produttori nei paesi in via di sviluppo e nei paesi emergenti di accedere al mercato e agevola loro l&#8217;accesso alle prestazioni di natura finanziaria.<\/span><\/p>\n<p class=\"bodytext\"><strong><span lang=\"IT-CH\">Obiettivo 10: ridurre le disuguaglianze<\/span><\/strong><span lang=\"IT-CH\"><br \/>\nIl Fair Trade collega le consumatrici e i consumatori del nord con le produttrici e i produttori del sud e contribuisce cos\u00ec alla riduzione delle disparit\u00e0.<\/span><\/p>\n<p>[\/vc_column_text][\/vc_column_inner][vc_column_inner width=&#8221;1\/2&#8243;][vc_column_text]<\/p>\n<p class=\"bodytext\"><strong><span lang=\"IT-CH\">Obiettivo 12: assicurare un modello di consumo e di produzione responsabili<br \/>\n<\/span><\/strong><span lang=\"IT-CH\">Con ogni singolo acquisto le consumatrici e i consumatori influiscono sulle condizioni di lavoro e di produzione delle persone dell&#8217;emisfero sud. Il commercio equo sensibilizza a favore di un commercio sostenibile e sociale. Grazie al commercio equo, le consumatrici e i consumatori possono adottare decisioni sostenibili che assicurano il pagamento equo di produttrici e produttori e la diffusione del loro modello di produzione.<\/span><\/p>\n<p class=\"bodytext\"><strong><span lang=\"IT-CH\">Obiettivo 13: adottare misure immediate per combattere il cambiamento climatico e i suoi impatti<\/span><\/strong><span lang=\"IT-CH\"><strong><br \/>\n<\/strong>Mediante gli standard di sostenibilit\u00e0 Fair Trade ci si prefigge una riduzione dei gas a effetto serra nella produzione. Con training e workshop, le contadine e i contadini vengono sostenuti nell&#8217;adeguarsi alle conseguenze del cambiamento climatico. Ci\u00f2 aiuta a combattere direttamente il cambiamento climatico.<\/span><\/p>\n<p class=\"bodytext\"><span lang=\"IT-CH\"><strong>Obiettivo 16: promuovere societ\u00e0 pacifiche e inclusive per incentivare uno sviluppo sostenibile<\/strong><br \/>\n<\/span><span lang=\"IT-CH\">Con l&#8217;instaurazione di un&#8217;esistenza dignitosa e l&#8217;organizzazione in cooperative democratiche, il commercio equo pu\u00f2 contribuire alla creazione di una societ\u00e0 pi\u00f9 pacifica.<\/span><\/p>\n<p class=\"bodytext\"><strong><span lang=\"IT-CH\">Obiettivo 17: rafforzare i mezzi d&#8217;attuazione e rinnovare i contenuti del partenariato mondiale<br \/>\n<\/span><\/strong><span lang=\"IT-CH\">Il commercio sostenibile consiste in un partenariato fra cittadine e cittadini, consumatrici e consumatori, produttrici e produttori, aziende e Stati che mirano congiuntamente al raggiungimento dei SDG.<\/span><\/p>\n<p>[\/vc_column_text][\/vc_column_inner][\/vc_row_inner][\/vc_column][\/vc_row][vc_row][vc_column][vc_empty_space height=&#8221;50px&#8221;][vc_separator][vc_column_text]<\/p>\n<h3>Altre materie<\/h3>\n<p>[\/vc_column_text][vc_basic_grid post_type=&#8221;page&#8221; max_items=&#8221;-1&#8243; gap=&#8221;10&#8243; item=&#8221;1885&#8243; grid_id=&#8221;vc_gid:1535484368293-73e0d96f-a648-6&#8243; taxonomies=&#8221;230&#8243;][\/vc_column][\/vc_row]<\/p>\n<\/div>","protected":false},"excerpt":{"rendered":"<p>L\u2019Assemblea generale dell\u2019ONU ha deliberato gli obiettivi di sviluppo sostenibile, Sustainable Development Goals.<\/p>\n","protected":false},"author":2,"featured_media":2162,"parent":3234,"menu_order":4,"comment_status":"closed","ping_status":"closed","template":"","meta":{"generate_page_header":"","footnotes":"","_links_to":"","_links_to_target":""},"hauptseiten-kategorie":[230,365],"class_list":{"0":"post-3244","1":"page","2":"type-page","3":"status-publish","4":"has-post-thumbnail","6":"hauptseiten-kategorie-fairer-handel","7":"hauptseiten-kategorie-wirkung"},"yoast_head":"<!-- This site is optimized with the Yoast SEO plugin v26.2 - https:\/\/yoast.com\/wordpress\/plugins\/seo\/ -->\n<title>Sustainable Development Goals - Swiss Fair Trade<\/title>\n<meta name=\"robots\" content=\"index, follow, max-snippet:-1, max-image-preview:large, max-video-preview:-1\" \/>\n<link rel=\"canonical\" href=\"https:\/\/www.swissfairtrade.ch\/it\/fair-trade\/sustainable-development-goals\/\" \/>\n<meta property=\"og:locale\" content=\"it_IT\" \/>\n<meta property=\"og:type\" content=\"article\" \/>\n<meta property=\"og:title\" content=\"Sustainable Development Goals - Swiss Fair Trade\" \/>\n<meta property=\"og:description\" content=\"L\u2019Assemblea generale dell\u2019ONU ha deliberato gli obiettivi di sviluppo sostenibile, Sustainable Development Goals.\" \/>\n<meta property=\"og:url\" content=\"https:\/\/www.swissfairtrade.ch\/it\/fair-trade\/sustainable-development-goals\/\" \/>\n<meta property=\"og:site_name\" content=\"Swiss Fair Trade\" \/>\n<meta property=\"article:modified_time\" content=\"2023-04-04T10:01:59+00:00\" \/>\n<meta property=\"og:image\" content=\"https:\/\/www.swissfairtrade.ch\/wp-content\/uploads\/ghana-2422039_1920.jpg\" \/>\n\t<meta property=\"og:image:width\" content=\"1920\" \/>\n\t<meta property=\"og:image:height\" content=\"1285\" \/>\n\t<meta property=\"og:image:type\" content=\"image\/jpeg\" \/>\n<meta name=\"twitter:card\" content=\"summary_large_image\" \/>\n<meta name=\"twitter:label1\" content=\"Tempo di lettura stimato\" \/>\n\t<meta name=\"twitter:data1\" content=\"4 minuti\" \/>\n<script type=\"application\/ld+json\" class=\"yoast-schema-graph\">{\"@context\":\"https:\/\/schema.org\",\"@graph\":[{\"@type\":\"WebPage\",\"@id\":\"https:\/\/www.swissfairtrade.ch\/it\/fair-trade\/sustainable-development-goals\/\",\"url\":\"https:\/\/www.swissfairtrade.ch\/it\/fair-trade\/sustainable-development-goals\/\",\"name\":\"Sustainable Development Goals - Swiss Fair Trade\",\"isPartOf\":{\"@id\":\"https:\/\/www.swissfairtrade.ch\/it\/#website\"},\"primaryImageOfPage\":{\"@id\":\"https:\/\/www.swissfairtrade.ch\/it\/fair-trade\/sustainable-development-goals\/#primaryimage\"},\"image\":{\"@id\":\"https:\/\/www.swissfairtrade.ch\/it\/fair-trade\/sustainable-development-goals\/#primaryimage\"},\"thumbnailUrl\":\"https:\/\/www.swissfairtrade.ch\/wp-content\/uploads\/ghana-2422039_1920.jpg\",\"datePublished\":\"2018-08-27T13:33:10+00:00\",\"dateModified\":\"2023-04-04T10:01:59+00:00\",\"breadcrumb\":{\"@id\":\"https:\/\/www.swissfairtrade.ch\/it\/fair-trade\/sustainable-development-goals\/#breadcrumb\"},\"inLanguage\":\"it-IT\",\"potentialAction\":[{\"@type\":\"ReadAction\",\"target\":[\"https:\/\/www.swissfairtrade.ch\/it\/fair-trade\/sustainable-development-goals\/\"]}]},{\"@type\":\"ImageObject\",\"inLanguage\":\"it-IT\",\"@id\":\"https:\/\/www.swissfairtrade.ch\/it\/fair-trade\/sustainable-development-goals\/#primaryimage\",\"url\":\"https:\/\/www.swissfairtrade.ch\/wp-content\/uploads\/ghana-2422039_1920.jpg\",\"contentUrl\":\"https:\/\/www.swissfairtrade.ch\/wp-content\/uploads\/ghana-2422039_1920.jpg\",\"width\":1920,\"height\":1285},{\"@type\":\"BreadcrumbList\",\"@id\":\"https:\/\/www.swissfairtrade.ch\/it\/fair-trade\/sustainable-development-goals\/#breadcrumb\",\"itemListElement\":[{\"@type\":\"ListItem\",\"position\":1,\"name\":\"Home\",\"item\":\"https:\/\/www.swissfairtrade.ch\/it\/\"},{\"@type\":\"ListItem\",\"position\":2,\"name\":\"Fair Trade\",\"item\":\"https:\/\/www.swissfairtrade.ch\/it\/fair-trade\/\"},{\"@type\":\"ListItem\",\"position\":3,\"name\":\"Sustainable Development Goals\"}]},{\"@type\":\"WebSite\",\"@id\":\"https:\/\/www.swissfairtrade.ch\/it\/#website\",\"url\":\"https:\/\/www.swissfairtrade.ch\/it\/\",\"name\":\"Swiss Fair Trade\",\"description\":\"\",\"publisher\":{\"@id\":\"https:\/\/www.swissfairtrade.ch\/it\/#organization\"},\"potentialAction\":[{\"@type\":\"SearchAction\",\"target\":{\"@type\":\"EntryPoint\",\"urlTemplate\":\"https:\/\/www.swissfairtrade.ch\/it\/?s={search_term_string}\"},\"query-input\":{\"@type\":\"PropertyValueSpecification\",\"valueRequired\":true,\"valueName\":\"search_term_string\"}}],\"inLanguage\":\"it-IT\"},{\"@type\":\"Organization\",\"@id\":\"https:\/\/www.swissfairtrade.ch\/it\/#organization\",\"name\":\"Swiss Fair Trade\",\"url\":\"https:\/\/www.swissfairtrade.ch\/it\/\",\"logo\":{\"@type\":\"ImageObject\",\"inLanguage\":\"it-IT\",\"@id\":\"https:\/\/www.swissfairtrade.ch\/it\/#\/schema\/logo\/image\/\",\"url\":\"https:\/\/www.swissfairtrade.ch\/wp-content\/uploads\/SwissFairTrade-Logo-rgb-203.51.59-web.png\",\"contentUrl\":\"https:\/\/www.swissfairtrade.ch\/wp-content\/uploads\/SwissFairTrade-Logo-rgb-203.51.59-web.png\",\"width\":130,\"height\":115,\"caption\":\"Swiss Fair Trade\"},\"image\":{\"@id\":\"https:\/\/www.swissfairtrade.ch\/it\/#\/schema\/logo\/image\/\"}}]}<\/script>\n<!-- \/ Yoast SEO plugin. -->","yoast_head_json":{"title":"Sustainable Development Goals - Swiss Fair Trade","robots":{"index":"index","follow":"follow","max-snippet":"max-snippet:-1","max-image-preview":"max-image-preview:large","max-video-preview":"max-video-preview:-1"},"canonical":"https:\/\/www.swissfairtrade.ch\/it\/fair-trade\/sustainable-development-goals\/","og_locale":"it_IT","og_type":"article","og_title":"Sustainable Development Goals - Swiss Fair Trade","og_description":"L\u2019Assemblea generale dell\u2019ONU ha deliberato gli obiettivi di sviluppo sostenibile, Sustainable Development Goals.","og_url":"https:\/\/www.swissfairtrade.ch\/it\/fair-trade\/sustainable-development-goals\/","og_site_name":"Swiss Fair Trade","article_modified_time":"2023-04-04T10:01:59+00:00","og_image":[{"width":1920,"height":1285,"url":"https:\/\/www.swissfairtrade.ch\/wp-content\/uploads\/ghana-2422039_1920.jpg","type":"image\/jpeg"}],"twitter_card":"summary_large_image","twitter_misc":{"Tempo di lettura stimato":"4 minuti"},"schema":{"@context":"https:\/\/schema.org","@graph":[{"@type":"WebPage","@id":"https:\/\/www.swissfairtrade.ch\/it\/fair-trade\/sustainable-development-goals\/","url":"https:\/\/www.swissfairtrade.ch\/it\/fair-trade\/sustainable-development-goals\/","name":"Sustainable Development Goals - Swiss Fair Trade","isPartOf":{"@id":"https:\/\/www.swissfairtrade.ch\/it\/#website"},"primaryImageOfPage":{"@id":"https:\/\/www.swissfairtrade.ch\/it\/fair-trade\/sustainable-development-goals\/#primaryimage"},"image":{"@id":"https:\/\/www.swissfairtrade.ch\/it\/fair-trade\/sustainable-development-goals\/#primaryimage"},"thumbnailUrl":"https:\/\/www.swissfairtrade.ch\/wp-content\/uploads\/ghana-2422039_1920.jpg","datePublished":"2018-08-27T13:33:10+00:00","dateModified":"2023-04-04T10:01:59+00:00","breadcrumb":{"@id":"https:\/\/www.swissfairtrade.ch\/it\/fair-trade\/sustainable-development-goals\/#breadcrumb"},"inLanguage":"it-IT","potentialAction":[{"@type":"ReadAction","target":["https:\/\/www.swissfairtrade.ch\/it\/fair-trade\/sustainable-development-goals\/"]}]},{"@type":"ImageObject","inLanguage":"it-IT","@id":"https:\/\/www.swissfairtrade.ch\/it\/fair-trade\/sustainable-development-goals\/#primaryimage","url":"https:\/\/www.swissfairtrade.ch\/wp-content\/uploads\/ghana-2422039_1920.jpg","contentUrl":"https:\/\/www.swissfairtrade.ch\/wp-content\/uploads\/ghana-2422039_1920.jpg","width":1920,"height":1285},{"@type":"BreadcrumbList","@id":"https:\/\/www.swissfairtrade.ch\/it\/fair-trade\/sustainable-development-goals\/#breadcrumb","itemListElement":[{"@type":"ListItem","position":1,"name":"Home","item":"https:\/\/www.swissfairtrade.ch\/it\/"},{"@type":"ListItem","position":2,"name":"Fair Trade","item":"https:\/\/www.swissfairtrade.ch\/it\/fair-trade\/"},{"@type":"ListItem","position":3,"name":"Sustainable Development Goals"}]},{"@type":"WebSite","@id":"https:\/\/www.swissfairtrade.ch\/it\/#website","url":"https:\/\/www.swissfairtrade.ch\/it\/","name":"Swiss Fair Trade","description":"","publisher":{"@id":"https:\/\/www.swissfairtrade.ch\/it\/#organization"},"potentialAction":[{"@type":"SearchAction","target":{"@type":"EntryPoint","urlTemplate":"https:\/\/www.swissfairtrade.ch\/it\/?s={search_term_string}"},"query-input":{"@type":"PropertyValueSpecification","valueRequired":true,"valueName":"search_term_string"}}],"inLanguage":"it-IT"},{"@type":"Organization","@id":"https:\/\/www.swissfairtrade.ch\/it\/#organization","name":"Swiss Fair Trade","url":"https:\/\/www.swissfairtrade.ch\/it\/","logo":{"@type":"ImageObject","inLanguage":"it-IT","@id":"https:\/\/www.swissfairtrade.ch\/it\/#\/schema\/logo\/image\/","url":"https:\/\/www.swissfairtrade.ch\/wp-content\/uploads\/SwissFairTrade-Logo-rgb-203.51.59-web.png","contentUrl":"https:\/\/www.swissfairtrade.ch\/wp-content\/uploads\/SwissFairTrade-Logo-rgb-203.51.59-web.png","width":130,"height":115,"caption":"Swiss Fair Trade"},"image":{"@id":"https:\/\/www.swissfairtrade.ch\/it\/#\/schema\/logo\/image\/"}}]}},"_links":{"self":[{"href":"https:\/\/www.swissfairtrade.ch\/it\/wp-json\/wp\/v2\/pages\/3244","targetHints":{"allow":["GET"]}}],"collection":[{"href":"https:\/\/www.swissfairtrade.ch\/it\/wp-json\/wp\/v2\/pages"}],"about":[{"href":"https:\/\/www.swissfairtrade.ch\/it\/wp-json\/wp\/v2\/types\/page"}],"author":[{"embeddable":true,"href":"https:\/\/www.swissfairtrade.ch\/it\/wp-json\/wp\/v2\/users\/2"}],"replies":[{"embeddable":true,"href":"https:\/\/www.swissfairtrade.ch\/it\/wp-json\/wp\/v2\/comments?post=3244"}],"version-history":[{"count":0,"href":"https:\/\/www.swissfairtrade.ch\/it\/wp-json\/wp\/v2\/pages\/3244\/revisions"}],"up":[{"embeddable":true,"href":"https:\/\/www.swissfairtrade.ch\/it\/wp-json\/wp\/v2\/pages\/3234"}],"wp:featuredmedia":[{"embeddable":true,"href":"https:\/\/www.swissfairtrade.ch\/it\/wp-json\/wp\/v2\/media\/2162"}],"wp:attachment":[{"href":"https:\/\/www.swissfairtrade.ch\/it\/wp-json\/wp\/v2\/media?parent=3244"}],"wp:term":[{"taxonomy":"hauptseiten-kategorie","embeddable":true,"href":"https:\/\/www.swissfairtrade.ch\/it\/wp-json\/wp\/v2\/hauptseiten-kategorie?post=3244"}],"curies":[{"name":"wp","href":"https:\/\/api.w.org\/{rel}","templated":true}]}}