{"id":3232,"date":"2018-08-27T15:14:11","date_gmt":"2018-08-27T13:14:11","guid":{"rendered":"https:\/\/imagotest.ch\/swissfairtrade\/?page_id=3232"},"modified":"2023-04-18T09:37:21","modified_gmt":"2023-04-18T07:37:21","slug":"impatto-del-fair-trade","status":"publish","type":"page","link":"https:\/\/www.swissfairtrade.ch\/it\/fair-trade\/impatto-del-fair-trade\/","title":{"rendered":"L&#8217;impatto del Fair Trade"},"content":{"rendered":"<div class=\"wpb-content-wrapper\"><p>[vc_row full_width=&#8221;stretch_row&#8221; content_placement=&#8221;bottom&#8221; parallax=&#8221;content-moving-fade&#8221; parallax_image=&#8221;2959&#8243; css=&#8221;.vc_custom_1680535871458{background: rgba(196,196,196,0.71) url(https:\/\/www.swissfairtrade.ch\/wp-content\/uploads\/2pexels-thor-garlan-2516037-scaled.jpg?id=9329);*background-color:gb(196,196,196);}&#8221; el_class=&#8221;header&#8221;][vc_column][vc_column_text el_class=&#8221;txt-white&#8221;]<\/p>\n<div class=\"annot\">\n<div class=\"row-main\">\n<div class=\"text\">\n<h1 class=\"csc-firstHeader\">L&#8217;impatto del commercio equo<\/h1>\n<h2 class=\"big\">Riforma ed evoluzione.<\/h2>\n<\/div>\n<\/div>\n<\/div>\n<p>[\/vc_column_text][\/vc_column][\/vc_row][vc_row][vc_column][vc_column_text]<\/p>\n<div class=\"wpb_text_column wpb_content_element \">\n<div class=\"wpb_wrapper\">\n<div id=\"col2\">\n<div id=\"col2_content\" class=\"clearfix\">\n<div id=\"c781\" class=\"csc-default\">\n<div class=\"csc-content\">\n<p>Il commercio equo \u00e8 uno strumento della politica dello sviluppo che consente alle produttrici e ai produttori del Sud del mondo di migliorare le loro condizioni di vita.<\/p>\n<p>L\u2019effetto del commercio equo \u00e8 stato esaminato ripetutamente in passato. Diversi studi attestano il suo influsso positivo sull\u2019agricoltura contadina, sulle famiglie produttrici e sull\u2019intera comunit\u00e0, nonch\u00e9 il suo contributo a diversi livelli.<\/p>\n<\/div>\n<\/div>\n<\/div>\n<\/div>\n<\/div>\n<\/div>\n<p>[\/vc_column_text][\/vc_column][\/vc_row][vc_row equal_height=&#8221;yes&#8221; content_placement=&#8221;middle&#8221;][vc_column width=&#8221;1\/6&#8243;][vc_single_image image=&#8221;11654&#8243; img_size=&#8221;150&#215;150&#8243;][\/vc_column][vc_column width=&#8221;5\/6&#8243;][vc_column_text]<strong>Reddito<br \/>\n<\/strong>Grazie ai prezzi minimi e al premio del commercio equo, le produttrici e i produttori guadagnano di pi\u00f9 e conseguono un reddito pi\u00f9 alto.[\/vc_column_text][\/vc_column][\/vc_row][vc_row equal_height=&#8221;yes&#8221; content_placement=&#8221;middle&#8221;][vc_column width=&#8221;1\/6&#8243;][vc_single_image image=&#8221;11657&#8243; img_size=&#8221;150&#215;150&#8243;][\/vc_column][vc_column width=&#8221;5\/6&#8243;][vc_column_text]<strong>Resilienza<br \/>\n<\/strong>Gli accordi commerciali a lungo termine, il reddito pi\u00f9 elevato, la diversificazione delle coltivazioni e i raccolti pi\u00f9 ricchi rendono le contadine e i contadini del commercio equo economicamente pi\u00f9 resilienti al cospetto, per esempio, delle perdite dei raccolti e dei crolli dei prezzi.[\/vc_column_text][\/vc_column][\/vc_row][vc_row equal_height=&#8221;yes&#8221; content_placement=&#8221;middle&#8221;][vc_column width=&#8221;1\/6&#8243;][vc_single_image image=&#8221;11648&#8243; img_size=&#8221;150&#215;150&#8243;][\/vc_column][vc_column width=&#8221;5\/6&#8243;][vc_column_text]<strong>Ecologia e clima<br \/>\n<\/strong>Insieme a contadine e contadini del commercio equo, vengono organizzati corsi e sviluppati sistemi di produzione agricola sostenibili volti a ridurre le emissioni di gas a effetto serra, a favorire i metodi di coltivazione ecologici e a migliorare la qualit\u00e0 del suolo.[\/vc_column_text][\/vc_column][\/vc_row][vc_row equal_height=&#8221;yes&#8221; content_placement=&#8221;middle&#8221;][vc_column width=&#8221;1\/6&#8243;][vc_single_image image=&#8221;11660&#8243; img_size=&#8221;150&#215;150&#8243;][\/vc_column][vc_column width=&#8221;5\/6&#8243;][vc_column_text]<strong>Societ\u00e0<br \/>\n<\/strong>Il commercio equo sostiene lo sviluppo sociale nelle comunit\u00e0, in particolare nei settori della salute e dell\u2019istruzione, grazie a investimenti nella presa a carico sanitaria e nella formazione.[\/vc_column_text][\/vc_column][\/vc_row][vc_row equal_height=&#8221;yes&#8221; content_placement=&#8221;middle&#8221;][vc_column width=&#8221;1\/6&#8243;][vc_single_image image=&#8221;11651&#8243; img_size=&#8221;150&#215;150&#8243;][\/vc_column][vc_column width=&#8221;5\/6&#8243;][vc_column_text]<strong>Emancipazione<br \/>\n<\/strong>Mediante standard specifici, un promovimento mirato e la formazione continua, la quota femminile nelle cooperative del commercio equo aumenta e le donne sono maggiormente rappresentate nelle posizioni di conduzione.[\/vc_column_text][\/vc_column][\/vc_row][vc_row][vc_column][vc_column_text]Le conoscenze acquisite evidenziano che il commercio equo riveste grande importanza ai fini di uno sviluppo sostenibile fondato sull\u2019autodeterminazione delle produttrici e dei produttori e delle loro comunit\u00e0 nei paesi del Sud. Gli studi completi possono essere consultati <a href=\"https:\/\/www.swissfairtrade.ch\/it\/fair-trade\/studio-internazionale\/\" target=\"_blank\" rel=\"noopener\">qui<\/a>.[\/vc_column_text][\/vc_column][\/vc_row][vc_row][vc_column][vc_column_text]<strong>Altre materie<\/strong>[\/vc_column_text][vc_basic_grid post_type=&#8221;page&#8221; max_items=&#8221;-1&#8243; gap=&#8221;10&#8243; orderby=&#8221;parent&#8221; item=&#8221;1885&#8243; grid_id=&#8221;vc_gid:1681803038990-c93af002-08d2-1&#8243; taxonomies=&#8221;365&#8243;][\/vc_column][\/vc_row]<\/p>\n<\/div>","protected":false},"excerpt":{"rendered":"<p>Il commercio equo contribuisce a migliorare le condizioni di vita delle contadine e dei contadini in molti settori.<\/p>\n","protected":false},"author":2,"featured_media":9316,"parent":3234,"menu_order":1,"comment_status":"closed","ping_status":"closed","template":"","meta":{"generate_page_header":"","footnotes":"","_links_to":"","_links_to_target":""},"hauptseiten-kategorie":[230],"class_list":{"0":"post-3232","1":"page","2":"type-page","3":"status-publish","4":"has-post-thumbnail","6":"hauptseiten-kategorie-fairer-handel"},"yoast_head":"<!-- This site is optimized with the Yoast SEO plugin v26.2 - https:\/\/yoast.com\/wordpress\/plugins\/seo\/ -->\n<title>L&#039;impatto del Fair Trade - Swiss Fair Trade<\/title>\n<meta name=\"robots\" content=\"index, follow, max-snippet:-1, max-image-preview:large, max-video-preview:-1\" \/>\n<link rel=\"canonical\" href=\"https:\/\/www.swissfairtrade.ch\/it\/fair-trade\/impatto-del-fair-trade\/\" \/>\n<meta property=\"og:locale\" content=\"it_IT\" \/>\n<meta property=\"og:type\" content=\"article\" \/>\n<meta property=\"og:title\" content=\"L&#039;impatto del Fair Trade - Swiss Fair Trade\" \/>\n<meta property=\"og:description\" content=\"Il commercio equo contribuisce a migliorare le condizioni di vita delle contadine e dei contadini in molti settori.\" \/>\n<meta property=\"og:url\" content=\"https:\/\/www.swissfairtrade.ch\/it\/fair-trade\/impatto-del-fair-trade\/\" \/>\n<meta property=\"og:site_name\" content=\"Swiss Fair Trade\" \/>\n<meta property=\"article:modified_time\" content=\"2023-04-18T07:37:21+00:00\" \/>\n<meta property=\"og:image\" content=\"https:\/\/www.swissfairtrade.ch\/wp-content\/uploads\/pexels-thor-garlan-2516037-scaled.jpg\" \/>\n\t<meta property=\"og:image:width\" content=\"2560\" \/>\n\t<meta property=\"og:image:height\" content=\"1709\" \/>\n\t<meta property=\"og:image:type\" content=\"image\/jpeg\" \/>\n<meta name=\"twitter:card\" content=\"summary_large_image\" \/>\n<meta name=\"twitter:label1\" content=\"Tempo di lettura stimato\" \/>\n\t<meta name=\"twitter:data1\" content=\"2 minuti\" \/>\n<script type=\"application\/ld+json\" class=\"yoast-schema-graph\">{\"@context\":\"https:\/\/schema.org\",\"@graph\":[{\"@type\":\"WebPage\",\"@id\":\"https:\/\/www.swissfairtrade.ch\/it\/fair-trade\/impatto-del-fair-trade\/\",\"url\":\"https:\/\/www.swissfairtrade.ch\/it\/fair-trade\/impatto-del-fair-trade\/\",\"name\":\"L'impatto del Fair Trade - Swiss Fair Trade\",\"isPartOf\":{\"@id\":\"https:\/\/www.swissfairtrade.ch\/it\/#website\"},\"primaryImageOfPage\":{\"@id\":\"https:\/\/www.swissfairtrade.ch\/it\/fair-trade\/impatto-del-fair-trade\/#primaryimage\"},\"image\":{\"@id\":\"https:\/\/www.swissfairtrade.ch\/it\/fair-trade\/impatto-del-fair-trade\/#primaryimage\"},\"thumbnailUrl\":\"https:\/\/www.swissfairtrade.ch\/wp-content\/uploads\/pexels-thor-garlan-2516037-scaled.jpg\",\"datePublished\":\"2018-08-27T13:14:11+00:00\",\"dateModified\":\"2023-04-18T07:37:21+00:00\",\"breadcrumb\":{\"@id\":\"https:\/\/www.swissfairtrade.ch\/it\/fair-trade\/impatto-del-fair-trade\/#breadcrumb\"},\"inLanguage\":\"it-IT\",\"potentialAction\":[{\"@type\":\"ReadAction\",\"target\":[\"https:\/\/www.swissfairtrade.ch\/it\/fair-trade\/impatto-del-fair-trade\/\"]}]},{\"@type\":\"ImageObject\",\"inLanguage\":\"it-IT\",\"@id\":\"https:\/\/www.swissfairtrade.ch\/it\/fair-trade\/impatto-del-fair-trade\/#primaryimage\",\"url\":\"https:\/\/www.swissfairtrade.ch\/wp-content\/uploads\/pexels-thor-garlan-2516037-scaled.jpg\",\"contentUrl\":\"https:\/\/www.swissfairtrade.ch\/wp-content\/uploads\/pexels-thor-garlan-2516037-scaled.jpg\",\"width\":2560,\"height\":1709},{\"@type\":\"BreadcrumbList\",\"@id\":\"https:\/\/www.swissfairtrade.ch\/it\/fair-trade\/impatto-del-fair-trade\/#breadcrumb\",\"itemListElement\":[{\"@type\":\"ListItem\",\"position\":1,\"name\":\"Home\",\"item\":\"https:\/\/www.swissfairtrade.ch\/it\/\"},{\"@type\":\"ListItem\",\"position\":2,\"name\":\"Fair Trade\",\"item\":\"https:\/\/www.swissfairtrade.ch\/it\/fair-trade\/\"},{\"@type\":\"ListItem\",\"position\":3,\"name\":\"L&#8217;impatto del Fair Trade\"}]},{\"@type\":\"WebSite\",\"@id\":\"https:\/\/www.swissfairtrade.ch\/it\/#website\",\"url\":\"https:\/\/www.swissfairtrade.ch\/it\/\",\"name\":\"Swiss Fair Trade\",\"description\":\"\",\"publisher\":{\"@id\":\"https:\/\/www.swissfairtrade.ch\/it\/#organization\"},\"potentialAction\":[{\"@type\":\"SearchAction\",\"target\":{\"@type\":\"EntryPoint\",\"urlTemplate\":\"https:\/\/www.swissfairtrade.ch\/it\/?s={search_term_string}\"},\"query-input\":{\"@type\":\"PropertyValueSpecification\",\"valueRequired\":true,\"valueName\":\"search_term_string\"}}],\"inLanguage\":\"it-IT\"},{\"@type\":\"Organization\",\"@id\":\"https:\/\/www.swissfairtrade.ch\/it\/#organization\",\"name\":\"Swiss Fair Trade\",\"url\":\"https:\/\/www.swissfairtrade.ch\/it\/\",\"logo\":{\"@type\":\"ImageObject\",\"inLanguage\":\"it-IT\",\"@id\":\"https:\/\/www.swissfairtrade.ch\/it\/#\/schema\/logo\/image\/\",\"url\":\"https:\/\/www.swissfairtrade.ch\/wp-content\/uploads\/SwissFairTrade-Logo-rgb-203.51.59-web.png\",\"contentUrl\":\"https:\/\/www.swissfairtrade.ch\/wp-content\/uploads\/SwissFairTrade-Logo-rgb-203.51.59-web.png\",\"width\":130,\"height\":115,\"caption\":\"Swiss Fair Trade\"},\"image\":{\"@id\":\"https:\/\/www.swissfairtrade.ch\/it\/#\/schema\/logo\/image\/\"}}]}<\/script>\n<!-- \/ Yoast SEO plugin. -->","yoast_head_json":{"title":"L'impatto del Fair Trade - Swiss Fair Trade","robots":{"index":"index","follow":"follow","max-snippet":"max-snippet:-1","max-image-preview":"max-image-preview:large","max-video-preview":"max-video-preview:-1"},"canonical":"https:\/\/www.swissfairtrade.ch\/it\/fair-trade\/impatto-del-fair-trade\/","og_locale":"it_IT","og_type":"article","og_title":"L'impatto del Fair Trade - Swiss Fair Trade","og_description":"Il commercio equo contribuisce a migliorare le condizioni di vita delle contadine e dei contadini in molti settori.","og_url":"https:\/\/www.swissfairtrade.ch\/it\/fair-trade\/impatto-del-fair-trade\/","og_site_name":"Swiss Fair Trade","article_modified_time":"2023-04-18T07:37:21+00:00","og_image":[{"width":2560,"height":1709,"url":"https:\/\/www.swissfairtrade.ch\/wp-content\/uploads\/pexels-thor-garlan-2516037-scaled.jpg","type":"image\/jpeg"}],"twitter_card":"summary_large_image","twitter_misc":{"Tempo di lettura stimato":"2 minuti"},"schema":{"@context":"https:\/\/schema.org","@graph":[{"@type":"WebPage","@id":"https:\/\/www.swissfairtrade.ch\/it\/fair-trade\/impatto-del-fair-trade\/","url":"https:\/\/www.swissfairtrade.ch\/it\/fair-trade\/impatto-del-fair-trade\/","name":"L'impatto del Fair Trade - Swiss Fair Trade","isPartOf":{"@id":"https:\/\/www.swissfairtrade.ch\/it\/#website"},"primaryImageOfPage":{"@id":"https:\/\/www.swissfairtrade.ch\/it\/fair-trade\/impatto-del-fair-trade\/#primaryimage"},"image":{"@id":"https:\/\/www.swissfairtrade.ch\/it\/fair-trade\/impatto-del-fair-trade\/#primaryimage"},"thumbnailUrl":"https:\/\/www.swissfairtrade.ch\/wp-content\/uploads\/pexels-thor-garlan-2516037-scaled.jpg","datePublished":"2018-08-27T13:14:11+00:00","dateModified":"2023-04-18T07:37:21+00:00","breadcrumb":{"@id":"https:\/\/www.swissfairtrade.ch\/it\/fair-trade\/impatto-del-fair-trade\/#breadcrumb"},"inLanguage":"it-IT","potentialAction":[{"@type":"ReadAction","target":["https:\/\/www.swissfairtrade.ch\/it\/fair-trade\/impatto-del-fair-trade\/"]}]},{"@type":"ImageObject","inLanguage":"it-IT","@id":"https:\/\/www.swissfairtrade.ch\/it\/fair-trade\/impatto-del-fair-trade\/#primaryimage","url":"https:\/\/www.swissfairtrade.ch\/wp-content\/uploads\/pexels-thor-garlan-2516037-scaled.jpg","contentUrl":"https:\/\/www.swissfairtrade.ch\/wp-content\/uploads\/pexels-thor-garlan-2516037-scaled.jpg","width":2560,"height":1709},{"@type":"BreadcrumbList","@id":"https:\/\/www.swissfairtrade.ch\/it\/fair-trade\/impatto-del-fair-trade\/#breadcrumb","itemListElement":[{"@type":"ListItem","position":1,"name":"Home","item":"https:\/\/www.swissfairtrade.ch\/it\/"},{"@type":"ListItem","position":2,"name":"Fair Trade","item":"https:\/\/www.swissfairtrade.ch\/it\/fair-trade\/"},{"@type":"ListItem","position":3,"name":"L&#8217;impatto del Fair Trade"}]},{"@type":"WebSite","@id":"https:\/\/www.swissfairtrade.ch\/it\/#website","url":"https:\/\/www.swissfairtrade.ch\/it\/","name":"Swiss Fair Trade","description":"","publisher":{"@id":"https:\/\/www.swissfairtrade.ch\/it\/#organization"},"potentialAction":[{"@type":"SearchAction","target":{"@type":"EntryPoint","urlTemplate":"https:\/\/www.swissfairtrade.ch\/it\/?s={search_term_string}"},"query-input":{"@type":"PropertyValueSpecification","valueRequired":true,"valueName":"search_term_string"}}],"inLanguage":"it-IT"},{"@type":"Organization","@id":"https:\/\/www.swissfairtrade.ch\/it\/#organization","name":"Swiss Fair Trade","url":"https:\/\/www.swissfairtrade.ch\/it\/","logo":{"@type":"ImageObject","inLanguage":"it-IT","@id":"https:\/\/www.swissfairtrade.ch\/it\/#\/schema\/logo\/image\/","url":"https:\/\/www.swissfairtrade.ch\/wp-content\/uploads\/SwissFairTrade-Logo-rgb-203.51.59-web.png","contentUrl":"https:\/\/www.swissfairtrade.ch\/wp-content\/uploads\/SwissFairTrade-Logo-rgb-203.51.59-web.png","width":130,"height":115,"caption":"Swiss Fair Trade"},"image":{"@id":"https:\/\/www.swissfairtrade.ch\/it\/#\/schema\/logo\/image\/"}}]}},"_links":{"self":[{"href":"https:\/\/www.swissfairtrade.ch\/it\/wp-json\/wp\/v2\/pages\/3232","targetHints":{"allow":["GET"]}}],"collection":[{"href":"https:\/\/www.swissfairtrade.ch\/it\/wp-json\/wp\/v2\/pages"}],"about":[{"href":"https:\/\/www.swissfairtrade.ch\/it\/wp-json\/wp\/v2\/types\/page"}],"author":[{"embeddable":true,"href":"https:\/\/www.swissfairtrade.ch\/it\/wp-json\/wp\/v2\/users\/2"}],"replies":[{"embeddable":true,"href":"https:\/\/www.swissfairtrade.ch\/it\/wp-json\/wp\/v2\/comments?post=3232"}],"version-history":[{"count":0,"href":"https:\/\/www.swissfairtrade.ch\/it\/wp-json\/wp\/v2\/pages\/3232\/revisions"}],"up":[{"embeddable":true,"href":"https:\/\/www.swissfairtrade.ch\/it\/wp-json\/wp\/v2\/pages\/3234"}],"wp:featuredmedia":[{"embeddable":true,"href":"https:\/\/www.swissfairtrade.ch\/it\/wp-json\/wp\/v2\/media\/9316"}],"wp:attachment":[{"href":"https:\/\/www.swissfairtrade.ch\/it\/wp-json\/wp\/v2\/media?parent=3232"}],"wp:term":[{"taxonomy":"hauptseiten-kategorie","embeddable":true,"href":"https:\/\/www.swissfairtrade.ch\/it\/wp-json\/wp\/v2\/hauptseiten-kategorie?post=3232"}],"curies":[{"name":"wp","href":"https:\/\/api.w.org\/{rel}","templated":true}]}}