{"id":3226,"date":"2018-08-27T14:41:14","date_gmt":"2018-08-27T12:41:14","guid":{"rendered":"https:\/\/imagotest.ch\/swissfairtrade\/?page_id=3226"},"modified":"2025-05-26T13:06:11","modified_gmt":"2025-05-26T11:06:11","slug":"fair-trade-town-2","status":"publish","type":"page","link":"https:\/\/www.swissfairtrade.ch\/it\/argomenti-principali\/fair-trade-town-2\/","title":{"rendered":"Fair Trade Town"},"content":{"rendered":"<div class=\"wpb-content-wrapper\"><p>[vc_row full_width=&#8221;stretch_row&#8221; content_placement=&#8221;bottom&#8221; parallax=&#8221;content-moving-fade&#8221; parallax_image=&#8221;2959&#8243; css=&#8221;.vc_custom_1534757461891{background: rgba(196,196,196,0.71) url(https:\/\/www.swissfairtrade.ch\/wp-content\/uploads\/3_zugeschnitten.jpg?id=2656);background-position: center;background-repeat: no-repeat !important;background-size: cover !important;*background-color: rgb(196,196,196) !important;}&#8221; el_class=&#8221;header&#8221;][vc_column][vc_column_text css=&#8221;&#8221; el_class=&#8221;txt-white&#8221;]<\/p>\n<div class=\"annot\">\n<div class=\"row-main\">\n<div class=\"text\">\n<h1>Fair Trade Town<\/h1>\n<h2 class=\"csc-firstHeader\"><span data-olk-copy-source=\"MessageBody\">Per una sostenibilit\u00e0 global<\/span>e.<\/h2>\n<\/div>\n<\/div>\n<\/div>\n<p>[\/vc_column_text][\/vc_column][\/vc_row][vc_row][vc_column][vc_column_text css=&#8221;&#8221;]<\/p>\n<div>\n<p><span data-olk-copy-source=\"MessageBody\">Il programma Fair Trade Town\u00a0promuove il consumo responsabile e la sostenibilit\u00e0 globale nelle citt\u00e0 e nei comuni svizzeri. Attraverso il rispetto di cinque criteri fondamentali, le autorit\u00e0 locali rafforzano la consapevolezza della popolazione riguardo al commercio equo e alle sfide ambientali e sociali legate alla sostenibilit\u00e0. Coinvolgendo cittadine, cittadini e attori locali, queste realt\u00e0 assumono un ruolo trainante nella costruzione di un futuro pi\u00f9 giusto e sostenibile.<\/span><\/p>\n<\/div>\n<div>\n<p>Ottenere il riconoscimento Fair Trade Town\u00a0rende visibile l\u2019impegno di una citt\u00e0 o di un comune a favore di condizioni di vita dignitose per le produttrici e i produttori del Sud globale. Questa iniziativa contribuisce concretamente al raggiungimento degli Obiettivi di sviluppo sostenibile (SDG)\u00a0delle Nazioni Unite.<\/p>\n<\/div>\n<div>\n<p>Fair Trade Town\u00a0\u00e8 un programma internazionale attivo in oltre 2.000 citt\u00e0 di pi\u00f9 di 30 Paesi. Scoprite sulla nostra mappa interattiva le citt\u00e0 e i comuni svizzeri gi\u00e0 impegnati in questo percorso.<\/p>\n<\/div>\n<figure id=\"attachment_13526\" aria-describedby=\"caption-attachment-13526\" style=\"width: 1014px\" class=\"wp-caption aligncenter\"><a href=\"https:\/\/www.fairtradetown.ch\/it\/\" target=\"_blank\" rel=\"noopener\"><img loading=\"lazy\" decoding=\"async\" class=\"wp-image-13526 size-large\" src=\"https:\/\/www.swissfairtrade.ch\/wp-content\/uploads\/Bildschirmfoto-2025-05-08-um-11.08.19-1024x595.jpg\" alt=\"Fair Trade Town, per una sostenibilit\u00e0 globale\" width=\"1024\" height=\"595\" srcset=\"https:\/\/www.swissfairtrade.ch\/wp-content\/uploads\/Bildschirmfoto-2025-05-08-um-11.08.19-1024x595.jpg 1024w, https:\/\/www.swissfairtrade.ch\/wp-content\/uploads\/Bildschirmfoto-2025-05-08-um-11.08.19-482x280.jpg 482w, https:\/\/www.swissfairtrade.ch\/wp-content\/uploads\/Bildschirmfoto-2025-05-08-um-11.08.19-768x446.jpg 768w, https:\/\/www.swissfairtrade.ch\/wp-content\/uploads\/Bildschirmfoto-2025-05-08-um-11.08.19-1536x892.jpg 1536w, https:\/\/www.swissfairtrade.ch\/wp-content\/uploads\/Bildschirmfoto-2025-05-08-um-11.08.19-2048x1189.jpg 2048w, https:\/\/www.swissfairtrade.ch\/wp-content\/uploads\/Bildschirmfoto-2025-05-08-um-11.08.19-500x290.jpg 500w\" sizes=\"auto, (max-width: 1024px) 100vw, 1024px\" \/><\/a><figcaption id=\"caption-attachment-13526\" class=\"wp-caption-text\">Scoprite sulla nostra mappa interattiva le citt\u00e0<\/figcaption><\/figure>\n<p><span data-olk-copy-source=\"MessageBody\">Durante tutto il processo, il nostro team affianca le autorit\u00e0 locali con consulenze personalizzate, materiali pratici e l\u2019accesso a una rete globale di attori impegnati. Insieme, costruiamo territori pi\u00f9 equi, responsabili e sostenibili.<\/span><\/p>\n<p class=\"bodytext\"><em>NB: La traduzione \u00e8 stata realizzata con l\u2019ausilio dell\u2019intelligenza artificiale. Pur impegnandoci a offrirli nelle tre lingue nazionali, l\u2019uso di strumenti di traduzione automatica pu\u00f2 generare occasionali incongruenze. Vi ringraziamo per la vostra comprensione.\u00a0<\/em><\/p>\n<p>[\/vc_column_text][vc_btn title=&#8221;Informati&#8221; color=&#8221;danger&#8221; align=&#8221;center&#8221; link=&#8221;url:http%3A%2F%2Fwww.fairtradetown.ch%2Fit||target:%20_blank|&#8221;][\/vc_column][\/vc_row][vc_row disable_element=&#8221;yes&#8221;][vc_column][vc_empty_space height=&#8221;50px&#8221;][vc_separator][vc_column_text]<\/p>\n<h3>Altre materie<\/h3>\n<p>[\/vc_column_text][vc_basic_grid post_type=&#8221;page&#8221; max_items=&#8221;-1&#8243; gap=&#8221;10&#8243; item=&#8221;1885&#8243; grid_id=&#8221;vc_gid:1748257518126-f0bacf44-4190-10&#8243; taxonomies=&#8221;240&#8243;][\/vc_column][\/vc_row]<\/p>\n<\/div>","protected":false},"excerpt":{"rendered":"<p>Fair Trade Town \u00e8 un riconoscimento concesso a citt\u00e0 e comuni che si impegnano per un commercio equo.<\/p>\n","protected":false},"author":2,"featured_media":2656,"parent":3387,"menu_order":7,"comment_status":"closed","ping_status":"closed","template":"","meta":{"generate_page_header":"","footnotes":"","_links_to":"","_links_to_target":""},"hauptseiten-kategorie":[242],"class_list":{"0":"post-3226","1":"page","2":"type-page","3":"status-publish","4":"has-post-thumbnail","6":"hauptseiten-kategorie-schwerpunkte"},"yoast_head":"<!-- This site is optimized with the Yoast SEO plugin v26.2 - https:\/\/yoast.com\/wordpress\/plugins\/seo\/ -->\n<title>Fair Trade Town - Swiss Fair Trade<\/title>\n<meta name=\"robots\" content=\"index, follow, max-snippet:-1, max-image-preview:large, max-video-preview:-1\" \/>\n<link rel=\"canonical\" href=\"https:\/\/www.swissfairtrade.ch\/it\/argomenti-principali\/fair-trade-town-2\/\" \/>\n<meta property=\"og:locale\" content=\"it_IT\" \/>\n<meta property=\"og:type\" content=\"article\" \/>\n<meta property=\"og:title\" content=\"Fair Trade Town - Swiss Fair Trade\" \/>\n<meta property=\"og:description\" content=\"Fair Trade Town \u00e8 un riconoscimento concesso a citt\u00e0 e comuni che si impegnano per un commercio equo.\" \/>\n<meta property=\"og:url\" content=\"https:\/\/www.swissfairtrade.ch\/it\/argomenti-principali\/fair-trade-town-2\/\" \/>\n<meta property=\"og:site_name\" content=\"Swiss Fair Trade\" \/>\n<meta property=\"article:modified_time\" content=\"2025-05-26T11:06:11+00:00\" \/>\n<meta property=\"og:image\" content=\"https:\/\/www.swissfairtrade.ch\/wp-content\/uploads\/3_zugeschnitten.jpg\" \/>\n\t<meta property=\"og:image:width\" content=\"2628\" \/>\n\t<meta property=\"og:image:height\" content=\"1768\" \/>\n\t<meta property=\"og:image:type\" content=\"image\/jpeg\" \/>\n<meta name=\"twitter:card\" content=\"summary_large_image\" \/>\n<meta name=\"twitter:label1\" content=\"Tempo di lettura stimato\" \/>\n\t<meta name=\"twitter:data1\" content=\"2 minuti\" \/>\n<script type=\"application\/ld+json\" class=\"yoast-schema-graph\">{\"@context\":\"https:\/\/schema.org\",\"@graph\":[{\"@type\":\"WebPage\",\"@id\":\"https:\/\/www.swissfairtrade.ch\/it\/argomenti-principali\/fair-trade-town-2\/\",\"url\":\"https:\/\/www.swissfairtrade.ch\/it\/argomenti-principali\/fair-trade-town-2\/\",\"name\":\"Fair Trade Town - Swiss Fair Trade\",\"isPartOf\":{\"@id\":\"https:\/\/www.swissfairtrade.ch\/it\/#website\"},\"primaryImageOfPage\":{\"@id\":\"https:\/\/www.swissfairtrade.ch\/it\/argomenti-principali\/fair-trade-town-2\/#primaryimage\"},\"image\":{\"@id\":\"https:\/\/www.swissfairtrade.ch\/it\/argomenti-principali\/fair-trade-town-2\/#primaryimage\"},\"thumbnailUrl\":\"https:\/\/www.swissfairtrade.ch\/wp-content\/uploads\/3_zugeschnitten.jpg\",\"datePublished\":\"2018-08-27T12:41:14+00:00\",\"dateModified\":\"2025-05-26T11:06:11+00:00\",\"breadcrumb\":{\"@id\":\"https:\/\/www.swissfairtrade.ch\/it\/argomenti-principali\/fair-trade-town-2\/#breadcrumb\"},\"inLanguage\":\"it-IT\",\"potentialAction\":[{\"@type\":\"ReadAction\",\"target\":[\"https:\/\/www.swissfairtrade.ch\/it\/argomenti-principali\/fair-trade-town-2\/\"]}]},{\"@type\":\"ImageObject\",\"inLanguage\":\"it-IT\",\"@id\":\"https:\/\/www.swissfairtrade.ch\/it\/argomenti-principali\/fair-trade-town-2\/#primaryimage\",\"url\":\"https:\/\/www.swissfairtrade.ch\/wp-content\/uploads\/3_zugeschnitten.jpg\",\"contentUrl\":\"https:\/\/www.swissfairtrade.ch\/wp-content\/uploads\/3_zugeschnitten.jpg\",\"width\":2628,\"height\":1768},{\"@type\":\"BreadcrumbList\",\"@id\":\"https:\/\/www.swissfairtrade.ch\/it\/argomenti-principali\/fair-trade-town-2\/#breadcrumb\",\"itemListElement\":[{\"@type\":\"ListItem\",\"position\":1,\"name\":\"Home\",\"item\":\"https:\/\/www.swissfairtrade.ch\/it\/\"},{\"@type\":\"ListItem\",\"position\":2,\"name\":\"Argomenti principali\",\"item\":\"https:\/\/www.swissfairtrade.ch\/it\/argomenti-principali\/\"},{\"@type\":\"ListItem\",\"position\":3,\"name\":\"Fair Trade Town\"}]},{\"@type\":\"WebSite\",\"@id\":\"https:\/\/www.swissfairtrade.ch\/it\/#website\",\"url\":\"https:\/\/www.swissfairtrade.ch\/it\/\",\"name\":\"Swiss Fair Trade\",\"description\":\"\",\"publisher\":{\"@id\":\"https:\/\/www.swissfairtrade.ch\/it\/#organization\"},\"potentialAction\":[{\"@type\":\"SearchAction\",\"target\":{\"@type\":\"EntryPoint\",\"urlTemplate\":\"https:\/\/www.swissfairtrade.ch\/it\/?s={search_term_string}\"},\"query-input\":{\"@type\":\"PropertyValueSpecification\",\"valueRequired\":true,\"valueName\":\"search_term_string\"}}],\"inLanguage\":\"it-IT\"},{\"@type\":\"Organization\",\"@id\":\"https:\/\/www.swissfairtrade.ch\/it\/#organization\",\"name\":\"Swiss Fair Trade\",\"url\":\"https:\/\/www.swissfairtrade.ch\/it\/\",\"logo\":{\"@type\":\"ImageObject\",\"inLanguage\":\"it-IT\",\"@id\":\"https:\/\/www.swissfairtrade.ch\/it\/#\/schema\/logo\/image\/\",\"url\":\"https:\/\/www.swissfairtrade.ch\/wp-content\/uploads\/SwissFairTrade-Logo-rgb-203.51.59-web.png\",\"contentUrl\":\"https:\/\/www.swissfairtrade.ch\/wp-content\/uploads\/SwissFairTrade-Logo-rgb-203.51.59-web.png\",\"width\":130,\"height\":115,\"caption\":\"Swiss Fair Trade\"},\"image\":{\"@id\":\"https:\/\/www.swissfairtrade.ch\/it\/#\/schema\/logo\/image\/\"}}]}<\/script>\n<!-- \/ Yoast SEO plugin. -->","yoast_head_json":{"title":"Fair Trade Town - Swiss Fair Trade","robots":{"index":"index","follow":"follow","max-snippet":"max-snippet:-1","max-image-preview":"max-image-preview:large","max-video-preview":"max-video-preview:-1"},"canonical":"https:\/\/www.swissfairtrade.ch\/it\/argomenti-principali\/fair-trade-town-2\/","og_locale":"it_IT","og_type":"article","og_title":"Fair Trade Town - Swiss Fair Trade","og_description":"Fair Trade Town \u00e8 un riconoscimento concesso a citt\u00e0 e comuni che si impegnano per un commercio equo.","og_url":"https:\/\/www.swissfairtrade.ch\/it\/argomenti-principali\/fair-trade-town-2\/","og_site_name":"Swiss Fair Trade","article_modified_time":"2025-05-26T11:06:11+00:00","og_image":[{"width":2628,"height":1768,"url":"https:\/\/www.swissfairtrade.ch\/wp-content\/uploads\/3_zugeschnitten.jpg","type":"image\/jpeg"}],"twitter_card":"summary_large_image","twitter_misc":{"Tempo di lettura stimato":"2 minuti"},"schema":{"@context":"https:\/\/schema.org","@graph":[{"@type":"WebPage","@id":"https:\/\/www.swissfairtrade.ch\/it\/argomenti-principali\/fair-trade-town-2\/","url":"https:\/\/www.swissfairtrade.ch\/it\/argomenti-principali\/fair-trade-town-2\/","name":"Fair Trade Town - Swiss Fair Trade","isPartOf":{"@id":"https:\/\/www.swissfairtrade.ch\/it\/#website"},"primaryImageOfPage":{"@id":"https:\/\/www.swissfairtrade.ch\/it\/argomenti-principali\/fair-trade-town-2\/#primaryimage"},"image":{"@id":"https:\/\/www.swissfairtrade.ch\/it\/argomenti-principali\/fair-trade-town-2\/#primaryimage"},"thumbnailUrl":"https:\/\/www.swissfairtrade.ch\/wp-content\/uploads\/3_zugeschnitten.jpg","datePublished":"2018-08-27T12:41:14+00:00","dateModified":"2025-05-26T11:06:11+00:00","breadcrumb":{"@id":"https:\/\/www.swissfairtrade.ch\/it\/argomenti-principali\/fair-trade-town-2\/#breadcrumb"},"inLanguage":"it-IT","potentialAction":[{"@type":"ReadAction","target":["https:\/\/www.swissfairtrade.ch\/it\/argomenti-principali\/fair-trade-town-2\/"]}]},{"@type":"ImageObject","inLanguage":"it-IT","@id":"https:\/\/www.swissfairtrade.ch\/it\/argomenti-principali\/fair-trade-town-2\/#primaryimage","url":"https:\/\/www.swissfairtrade.ch\/wp-content\/uploads\/3_zugeschnitten.jpg","contentUrl":"https:\/\/www.swissfairtrade.ch\/wp-content\/uploads\/3_zugeschnitten.jpg","width":2628,"height":1768},{"@type":"BreadcrumbList","@id":"https:\/\/www.swissfairtrade.ch\/it\/argomenti-principali\/fair-trade-town-2\/#breadcrumb","itemListElement":[{"@type":"ListItem","position":1,"name":"Home","item":"https:\/\/www.swissfairtrade.ch\/it\/"},{"@type":"ListItem","position":2,"name":"Argomenti principali","item":"https:\/\/www.swissfairtrade.ch\/it\/argomenti-principali\/"},{"@type":"ListItem","position":3,"name":"Fair Trade Town"}]},{"@type":"WebSite","@id":"https:\/\/www.swissfairtrade.ch\/it\/#website","url":"https:\/\/www.swissfairtrade.ch\/it\/","name":"Swiss Fair Trade","description":"","publisher":{"@id":"https:\/\/www.swissfairtrade.ch\/it\/#organization"},"potentialAction":[{"@type":"SearchAction","target":{"@type":"EntryPoint","urlTemplate":"https:\/\/www.swissfairtrade.ch\/it\/?s={search_term_string}"},"query-input":{"@type":"PropertyValueSpecification","valueRequired":true,"valueName":"search_term_string"}}],"inLanguage":"it-IT"},{"@type":"Organization","@id":"https:\/\/www.swissfairtrade.ch\/it\/#organization","name":"Swiss Fair Trade","url":"https:\/\/www.swissfairtrade.ch\/it\/","logo":{"@type":"ImageObject","inLanguage":"it-IT","@id":"https:\/\/www.swissfairtrade.ch\/it\/#\/schema\/logo\/image\/","url":"https:\/\/www.swissfairtrade.ch\/wp-content\/uploads\/SwissFairTrade-Logo-rgb-203.51.59-web.png","contentUrl":"https:\/\/www.swissfairtrade.ch\/wp-content\/uploads\/SwissFairTrade-Logo-rgb-203.51.59-web.png","width":130,"height":115,"caption":"Swiss Fair Trade"},"image":{"@id":"https:\/\/www.swissfairtrade.ch\/it\/#\/schema\/logo\/image\/"}}]}},"_links":{"self":[{"href":"https:\/\/www.swissfairtrade.ch\/it\/wp-json\/wp\/v2\/pages\/3226","targetHints":{"allow":["GET"]}}],"collection":[{"href":"https:\/\/www.swissfairtrade.ch\/it\/wp-json\/wp\/v2\/pages"}],"about":[{"href":"https:\/\/www.swissfairtrade.ch\/it\/wp-json\/wp\/v2\/types\/page"}],"author":[{"embeddable":true,"href":"https:\/\/www.swissfairtrade.ch\/it\/wp-json\/wp\/v2\/users\/2"}],"replies":[{"embeddable":true,"href":"https:\/\/www.swissfairtrade.ch\/it\/wp-json\/wp\/v2\/comments?post=3226"}],"version-history":[{"count":0,"href":"https:\/\/www.swissfairtrade.ch\/it\/wp-json\/wp\/v2\/pages\/3226\/revisions"}],"up":[{"embeddable":true,"href":"https:\/\/www.swissfairtrade.ch\/it\/wp-json\/wp\/v2\/pages\/3387"}],"wp:featuredmedia":[{"embeddable":true,"href":"https:\/\/www.swissfairtrade.ch\/it\/wp-json\/wp\/v2\/media\/2656"}],"wp:attachment":[{"href":"https:\/\/www.swissfairtrade.ch\/it\/wp-json\/wp\/v2\/media?parent=3226"}],"wp:term":[{"taxonomy":"hauptseiten-kategorie","embeddable":true,"href":"https:\/\/www.swissfairtrade.ch\/it\/wp-json\/wp\/v2\/hauptseiten-kategorie?post=3226"}],"curies":[{"name":"wp","href":"https:\/\/api.w.org\/{rel}","templated":true}]}}