{"id":10801,"date":"2022-05-03T08:22:35","date_gmt":"2022-05-03T06:22:35","guid":{"rendered":"https:\/\/www.swissfairtrade.ch\/?page_id=10801"},"modified":"2024-02-13T15:50:34","modified_gmt":"2024-02-13T14:50:34","slug":"conferenza-delle-nazioni-unite-sui-cambiamenti-climatici","status":"publish","type":"page","link":"https:\/\/www.swissfairtrade.ch\/it\/argomenti-principali\/centro-di-competenze\/clima\/conferenza-delle-nazioni-unite-sui-cambiamenti-climatici\/","title":{"rendered":"Conferenza delle Nazioni Unite sui cambiamenti climatici"},"content":{"rendered":"<div class=\"wpb-content-wrapper\"><p>[vc_row full_width=&#8221;stretch_row&#8221; content_placement=&#8221;bottom&#8221; parallax=&#8221;content-moving-fade&#8221; parallax_image=&#8221;2959&#8243; css=&#8221;.vc_custom_1574855338677{background: rgba(196,196,196,0.71) url(https:\/\/www.swissfairtrade.ch\/wp-content\/uploads\/AdobeStock_Bauer-1-e1574855205249.jpeg?id=7501);background-position: center;background-repeat: no-repeat !important;background-size: cover !important;*background-color: rgb(196,196,196) !important;}&#8221; el_class=&#8221;header&#8221;][vc_column][vc_column_text el_class=&#8221;txt-white&#8221;]<\/p>\n<div class=\"annot\">\n<div class=\"row-main\">\n<div class=\"text\">\n<h1>Clima<\/h1>\n<h2 class=\"big\">Conferenza delle Nazioni Unite sui cambiamenti climatici: Non c&#8217;\u00e8 resilienza climatica senza giustizia nel commercio<\/h2>\n<\/div>\n<\/div>\n<\/div>\n<p>[\/vc_column_text][\/vc_column][\/vc_row][vc_row][vc_column][vc_column_text]<\/p>\n<h4 class=\"big\"><strong>Richieste del movimento internazionale del commercio equo e solidale al COP25<\/strong><\/h4>\n<p><strong><em>Gli impatti ambientali, economici e sociali dei cambiamenti climatici stanno mettendo a rischio il futuro delle filiere agricole, colpendo soprattutto coloro che meno hanno contribuito ai cambiamenti climatici: i piccoli agricoltori e la popolazione rurale del Sud del mondo. \u00a0<\/em><\/strong><\/p>\n<p>I piccoli agricoltori, soprattutto quelli che coltivano meno di due ettari, sono parte integrante del nostro sistema globale di approvvigionamento alimentare e agricolo. Tuttavia, sono tra i pi\u00f9 vulnerabili agli effetti del cambiamento climatico e sono sproporzionatamente pi\u00f9 colpiti da povert\u00e0 e fame.<\/p>\n<p><strong>La maggioranza degli oltre 800 milioni di piccoli agricoltori nel mondo non pu\u00f2 investire nell\u2019adattamento al cambiamento climatico e nella mitigazione delle sue conseguenze. <\/strong>La iniqua distribuzione del valore nelle catene di fornitura delle esportazioni globali agro-alimentari, i prezzi e le pratiche commerciali ingiuste e la mancanza di accesso ai finanziamenti e alle coperture assicurative connesse al cambiamento climatico, risultano in una bassa remunerazione per i piccoli agricoltori, che si trovano cos\u00ec incapaci di coprire i veri costi di produzioni agricole sostenibili e resilienti al clima, come l\u2019agroecologia.<\/p>\n<p>I nostri attuali modelli di produzione e consumo, cos\u00ec come la mancanza di norme in favore di pratiche commerciali eque e sostenibili, soprattutto nel settore agroalimentare, rimangono ostacoli per i piani ambiziosi di protezione ambientale che tuteli i bisogni delle persone che si trovano in prima linea di fronte al cambiamento climatico \u2013 i piccoli agricoltori.<\/p>\n<p><strong>Un\u2019azione urgente, concreta e ambiziosa \u00e8 ora necessaria per rimediare ai rischi della sicurezza alimentare che minacciano il raggiungimento degli Obiettivi per lo Sviluppo Sostenibile (SDG). <\/strong>Questa \u00e8 la ragione per cui il movimento globale del Commercio Equo e Solidale sollecita le Parti della UNFCCC a riconoscere politiche e pratiche commerciali eque in quanto importanti componenti delle strategie di mitigazione e adattamento climatici.<\/p>\n<p><strong>Il movimento del Commercio Equo e Solidale chiede alle Parti dell\u2019UNFCCC presenti a COP25 <\/strong>di affrontare le tematiche di pratiche commerciali ingiuste, squilibri di potere nelle catene di valore filiere e produzione e consumo sostenibili nelle imminenti negoziazioni sul clima.<\/p>\n<p><strong>Disuguaglianza e cambiamento climatico sono intrinsecamente connessi. Cos\u00ec come le loro soluzioni. <\/strong>Modalit\u00e0 pi\u00f9 eque di redistribuire il valore lungo le catene di fornitura rendono possibile raggiungere obiettivi sociali ed ecologici spartendo pi\u00f9 equamente il peso del cambiamento degli attuali, insostenibili modelli di produzione. Per questo scopo, chiediamo alle parti di:<\/p>\n<ol>\n<li><strong>Rendere i piccoli agricoltori parte della soluzione per la crisi climatica<\/strong> e assicurare che siano inclusi come stakeholders quando si definiscono le politiche nazionali di azione climatica e si delineano i Contributi nazionali volontari (NDCs). I piccoli agricoltori non solo sono i soggetti pi\u00f9 colpiti e vulnerabili al cambiamento climatico, ma possiedono anche conoscenze tradizionali ed esperienza nel campo dell\u2019agricoltura, che possono essere sfruttate per trovare soluzioni.<\/li>\n<li><strong>Sviluppare politiche nazionali per stanziare supporti finanziari e tecnici<\/strong> adeguati e appropriati per i piccoli agricoltori permettendo loro cos\u00ec di investire e mettere in atto interventi per adattarsi alla crisi climatica e garantire i loro mezzi di sostentamento.<\/li>\n<li><strong>Promuovere meccanismi che rispondano all\u2019internazionalizzazione dei costi<\/strong> delle attivit\u00e0 economiche non eque e non eco-sostenibili.<\/li>\n<li><strong>Sviluppare politiche commerciali e agricole che aumentino la trasparenza<\/strong>, incentivino azioni climatiche nella filiera produttiva agroalimentare e tra i relativi stakeholders, per esempio obbligando le imprese ad applicare la due diligence in ambito Diritti Umani nelle loro relazioni commerciali con i piccoli agricoltori senza far gravare su di loro i costi di queste misure.<\/li>\n<li><strong>Investire nella ricerca agronomica nelle aree pi\u00f9 colpite dal cambiamento climatico <\/strong>e promuovere pratiche agricole resilienti centrate sui piccoli agricoltori (per esempio, preservazione della biodiversit\u00e0 e modelli agroforestali che rispettano la conoscenza tradizionale e la sovranit\u00e0 alimentare).<\/li>\n<li><strong>Rendere l\u2019applicazione di criteri e il processo di meccanismi finanziari come il Green Climate Fund accessibili ai piccoli agricoltori<\/strong> e alle loro organizzazioni, con una particolare attenzione alle donne in questa posizione, considerando la loro mancanza di accesso a supporto tecnico, potenziamento delle capacit\u00e0 e finanziamenti per misure di mitigazione del clima.<\/li>\n<li><strong>Promuovere il consumo responsabile<\/strong> attraverso gli acquisti pubblici, accordi commerciali, programmi educativi, e altre misure che promuovano l\u2019Obiettivo di Sviluppo Sostenibile (SDG) 12 come uno strumento efficace per la transizione agro-ecologica e altre misure per la mitigazione dei rischi del cambiamento climatico Questo deve includere il supporto all\u2019artigianato e ad altri metodi di produzione a impatto zero, che possono generare reddito in modo sostenibile e alternativo in fasi di transizione per l\u2019abbandono dell\u2019agricoltura. Nei settori come quelli del caff\u00e8 e del cacao, tra gli altri, tali pratiche aiuteranno a combattere e ad affrontare il grande problema della deforestazione.<\/li>\n<\/ol>\n<p>La 25a Conferenza delle Nazioni Unite sui cambiamenti climatici (COP25) si \u00e8 svolta dal 2 al 13 dicembre a Madrid. Il futuro del pianeta dipende in gran parte delle decisioni politiche che sono state prese in questo vertice, compresa la loro immediata attuazione entro il corrente decennio.<\/p>\n<p><strong>Le organizzazioni firmatarie:<\/strong><\/p>\n<p>Commerce \u00c9quitable France<br \/>\nCoordinadora Estatal De Comercio Justo<br \/>\nAssociation Equo Garantito<br \/>\nItalian General Assembly of Fair Trade<br \/>\nEZA Fairer Handel<br \/>\nFair Trade Advocacy Office<br \/>\nFair World Project<br \/>\nFairtrade International<br \/>\nForum Fairer Handel<br \/>\nGEPA<br \/>\nOxfam<br \/>\nPolish Fair Trade Association<br \/>\nScottish Fair Trade Forum<br \/>\nSwiss Fair Trade<br \/>\nWorld Fair Trade Organization<br \/>\nWorld Fair Trade Organization-Europe<\/p>\n<p><a href=\"https:\/\/www.swissfairtrade.ch\/it\/position-paper_it\/\" target=\"_blank\" rel=\"noopener noreferrer\">Documento di posizione del Commercio Equo e Solidale su COP25<\/a>[\/vc_column_text][\/vc_column][\/vc_row][vc_row][vc_column][vc_empty_space height=&#8221;50px&#8221;][vc_separator][vc_column_text]<\/p>\n<h3>Altri temi<\/h3>\n<p>[\/vc_column_text][vc_basic_grid post_type=&#8221;page&#8221; max_items=&#8221;-1&#8243; gap=&#8221;10&#8243; orderby=&#8221;parent&#8221; item=&#8221;1885&#8243; grid_id=&#8221;vc_gid:1619635274520-c63551e8-e5ef-2&#8243; taxonomies=&#8221;359&#8243;][\/vc_column][\/vc_row]<\/p>\n<\/div>","protected":false},"excerpt":{"rendered":"<p>Swiss Fair Trade presenta un appello alla 25a Conferenza delle Nazioni Unite sui cambiamenti climatici [COP25] come parte del movimento internazionale del commercio equo e solidale <\/p>\n","protected":false},"author":1,"featured_media":7495,"parent":7505,"menu_order":4,"comment_status":"closed","ping_status":"closed","template":"","meta":{"generate_page_header":"","footnotes":"","_links_to":"","_links_to_target":""},"hauptseiten-kategorie":[359],"class_list":{"0":"post-10801","1":"page","2":"type-page","3":"status-publish","4":"has-post-thumbnail","6":"hauptseiten-kategorie-clima"},"yoast_head":"<!-- This site is optimized with the Yoast SEO plugin v26.2 - https:\/\/yoast.com\/wordpress\/plugins\/seo\/ -->\n<title>Conferenza delle Nazioni Unite sui cambiamenti climatici - Swiss Fair Trade<\/title>\n<meta name=\"robots\" content=\"index, follow, max-snippet:-1, max-image-preview:large, max-video-preview:-1\" \/>\n<link rel=\"canonical\" href=\"https:\/\/www.swissfairtrade.ch\/it\/argomenti-principali\/centro-di-competenze\/clima\/conferenza-delle-nazioni-unite-sui-cambiamenti-climatici\/\" \/>\n<meta property=\"og:locale\" content=\"it_IT\" \/>\n<meta property=\"og:type\" content=\"article\" \/>\n<meta property=\"og:title\" content=\"Conferenza delle Nazioni Unite sui cambiamenti climatici - Swiss Fair Trade\" \/>\n<meta property=\"og:description\" content=\"Swiss Fair Trade presenta un appello alla 25a Conferenza delle Nazioni Unite sui cambiamenti climatici [COP25] come parte del movimento internazionale del commercio equo e solidale\" \/>\n<meta property=\"og:url\" content=\"https:\/\/www.swissfairtrade.ch\/it\/argomenti-principali\/centro-di-competenze\/clima\/conferenza-delle-nazioni-unite-sui-cambiamenti-climatici\/\" \/>\n<meta property=\"og:site_name\" content=\"Swiss Fair Trade\" \/>\n<meta property=\"article:modified_time\" content=\"2024-02-13T14:50:34+00:00\" \/>\n<meta property=\"og:image\" content=\"https:\/\/www.swissfairtrade.ch\/wp-content\/uploads\/AdobeStock_Bauer-e1574862750203.jpeg\" \/>\n\t<meta property=\"og:image:width\" content=\"2000\" \/>\n\t<meta property=\"og:image:height\" content=\"1179\" \/>\n\t<meta property=\"og:image:type\" content=\"image\/jpeg\" \/>\n<meta name=\"twitter:card\" content=\"summary_large_image\" \/>\n<meta name=\"twitter:label1\" content=\"Tempo di lettura stimato\" \/>\n\t<meta name=\"twitter:data1\" content=\"6 minuti\" \/>\n<script type=\"application\/ld+json\" class=\"yoast-schema-graph\">{\"@context\":\"https:\/\/schema.org\",\"@graph\":[{\"@type\":\"WebPage\",\"@id\":\"https:\/\/www.swissfairtrade.ch\/it\/argomenti-principali\/centro-di-competenze\/clima\/conferenza-delle-nazioni-unite-sui-cambiamenti-climatici\/\",\"url\":\"https:\/\/www.swissfairtrade.ch\/it\/argomenti-principali\/centro-di-competenze\/clima\/conferenza-delle-nazioni-unite-sui-cambiamenti-climatici\/\",\"name\":\"Conferenza delle Nazioni Unite sui cambiamenti climatici - Swiss Fair Trade\",\"isPartOf\":{\"@id\":\"https:\/\/www.swissfairtrade.ch\/it\/#website\"},\"primaryImageOfPage\":{\"@id\":\"https:\/\/www.swissfairtrade.ch\/it\/argomenti-principali\/centro-di-competenze\/clima\/conferenza-delle-nazioni-unite-sui-cambiamenti-climatici\/#primaryimage\"},\"image\":{\"@id\":\"https:\/\/www.swissfairtrade.ch\/it\/argomenti-principali\/centro-di-competenze\/clima\/conferenza-delle-nazioni-unite-sui-cambiamenti-climatici\/#primaryimage\"},\"thumbnailUrl\":\"https:\/\/www.swissfairtrade.ch\/wp-content\/uploads\/AdobeStock_Bauer-e1574862750203.jpeg\",\"datePublished\":\"2022-05-03T06:22:35+00:00\",\"dateModified\":\"2024-02-13T14:50:34+00:00\",\"breadcrumb\":{\"@id\":\"https:\/\/www.swissfairtrade.ch\/it\/argomenti-principali\/centro-di-competenze\/clima\/conferenza-delle-nazioni-unite-sui-cambiamenti-climatici\/#breadcrumb\"},\"inLanguage\":\"it-IT\",\"potentialAction\":[{\"@type\":\"ReadAction\",\"target\":[\"https:\/\/www.swissfairtrade.ch\/it\/argomenti-principali\/centro-di-competenze\/clima\/conferenza-delle-nazioni-unite-sui-cambiamenti-climatici\/\"]}]},{\"@type\":\"ImageObject\",\"inLanguage\":\"it-IT\",\"@id\":\"https:\/\/www.swissfairtrade.ch\/it\/argomenti-principali\/centro-di-competenze\/clima\/conferenza-delle-nazioni-unite-sui-cambiamenti-climatici\/#primaryimage\",\"url\":\"https:\/\/www.swissfairtrade.ch\/wp-content\/uploads\/AdobeStock_Bauer-e1574862750203.jpeg\",\"contentUrl\":\"https:\/\/www.swissfairtrade.ch\/wp-content\/uploads\/AdobeStock_Bauer-e1574862750203.jpeg\",\"width\":2000,\"height\":1179,\"caption\":\"Water crisis concept, Hopeless and lonely farmer sit on cracked earth near drying water.\"},{\"@type\":\"BreadcrumbList\",\"@id\":\"https:\/\/www.swissfairtrade.ch\/it\/argomenti-principali\/centro-di-competenze\/clima\/conferenza-delle-nazioni-unite-sui-cambiamenti-climatici\/#breadcrumb\",\"itemListElement\":[{\"@type\":\"ListItem\",\"position\":1,\"name\":\"Home\",\"item\":\"https:\/\/www.swissfairtrade.ch\/it\/\"},{\"@type\":\"ListItem\",\"position\":2,\"name\":\"Argomenti principali\",\"item\":\"https:\/\/www.swissfairtrade.ch\/it\/argomenti-principali\/\"},{\"@type\":\"ListItem\",\"position\":3,\"name\":\"Centro di competenze\",\"item\":\"https:\/\/www.swissfairtrade.ch\/it\/argomenti-principali\/centro-di-competenze\/\"},{\"@type\":\"ListItem\",\"position\":4,\"name\":\"Clima\",\"item\":\"https:\/\/www.swissfairtrade.ch\/it\/argomenti-principali\/centro-di-competenze\/clima\/\"},{\"@type\":\"ListItem\",\"position\":5,\"name\":\"Conferenza delle Nazioni Unite sui cambiamenti climatici\"}]},{\"@type\":\"WebSite\",\"@id\":\"https:\/\/www.swissfairtrade.ch\/it\/#website\",\"url\":\"https:\/\/www.swissfairtrade.ch\/it\/\",\"name\":\"Swiss Fair Trade\",\"description\":\"\",\"publisher\":{\"@id\":\"https:\/\/www.swissfairtrade.ch\/it\/#organization\"},\"potentialAction\":[{\"@type\":\"SearchAction\",\"target\":{\"@type\":\"EntryPoint\",\"urlTemplate\":\"https:\/\/www.swissfairtrade.ch\/it\/?s={search_term_string}\"},\"query-input\":{\"@type\":\"PropertyValueSpecification\",\"valueRequired\":true,\"valueName\":\"search_term_string\"}}],\"inLanguage\":\"it-IT\"},{\"@type\":\"Organization\",\"@id\":\"https:\/\/www.swissfairtrade.ch\/it\/#organization\",\"name\":\"Swiss Fair Trade\",\"url\":\"https:\/\/www.swissfairtrade.ch\/it\/\",\"logo\":{\"@type\":\"ImageObject\",\"inLanguage\":\"it-IT\",\"@id\":\"https:\/\/www.swissfairtrade.ch\/it\/#\/schema\/logo\/image\/\",\"url\":\"https:\/\/www.swissfairtrade.ch\/wp-content\/uploads\/SwissFairTrade-Logo-rgb-203.51.59-web.png\",\"contentUrl\":\"https:\/\/www.swissfairtrade.ch\/wp-content\/uploads\/SwissFairTrade-Logo-rgb-203.51.59-web.png\",\"width\":130,\"height\":115,\"caption\":\"Swiss Fair Trade\"},\"image\":{\"@id\":\"https:\/\/www.swissfairtrade.ch\/it\/#\/schema\/logo\/image\/\"}}]}<\/script>\n<!-- \/ Yoast SEO plugin. -->","yoast_head_json":{"title":"Conferenza delle Nazioni Unite sui cambiamenti climatici - Swiss Fair Trade","robots":{"index":"index","follow":"follow","max-snippet":"max-snippet:-1","max-image-preview":"max-image-preview:large","max-video-preview":"max-video-preview:-1"},"canonical":"https:\/\/www.swissfairtrade.ch\/it\/argomenti-principali\/centro-di-competenze\/clima\/conferenza-delle-nazioni-unite-sui-cambiamenti-climatici\/","og_locale":"it_IT","og_type":"article","og_title":"Conferenza delle Nazioni Unite sui cambiamenti climatici - Swiss Fair Trade","og_description":"Swiss Fair Trade presenta un appello alla 25a Conferenza delle Nazioni Unite sui cambiamenti climatici [COP25] come parte del movimento internazionale del commercio equo e solidale","og_url":"https:\/\/www.swissfairtrade.ch\/it\/argomenti-principali\/centro-di-competenze\/clima\/conferenza-delle-nazioni-unite-sui-cambiamenti-climatici\/","og_site_name":"Swiss Fair Trade","article_modified_time":"2024-02-13T14:50:34+00:00","og_image":[{"width":2000,"height":1179,"url":"https:\/\/www.swissfairtrade.ch\/wp-content\/uploads\/AdobeStock_Bauer-e1574862750203.jpeg","type":"image\/jpeg"}],"twitter_card":"summary_large_image","twitter_misc":{"Tempo di lettura stimato":"6 minuti"},"schema":{"@context":"https:\/\/schema.org","@graph":[{"@type":"WebPage","@id":"https:\/\/www.swissfairtrade.ch\/it\/argomenti-principali\/centro-di-competenze\/clima\/conferenza-delle-nazioni-unite-sui-cambiamenti-climatici\/","url":"https:\/\/www.swissfairtrade.ch\/it\/argomenti-principali\/centro-di-competenze\/clima\/conferenza-delle-nazioni-unite-sui-cambiamenti-climatici\/","name":"Conferenza delle Nazioni Unite sui cambiamenti climatici - Swiss Fair Trade","isPartOf":{"@id":"https:\/\/www.swissfairtrade.ch\/it\/#website"},"primaryImageOfPage":{"@id":"https:\/\/www.swissfairtrade.ch\/it\/argomenti-principali\/centro-di-competenze\/clima\/conferenza-delle-nazioni-unite-sui-cambiamenti-climatici\/#primaryimage"},"image":{"@id":"https:\/\/www.swissfairtrade.ch\/it\/argomenti-principali\/centro-di-competenze\/clima\/conferenza-delle-nazioni-unite-sui-cambiamenti-climatici\/#primaryimage"},"thumbnailUrl":"https:\/\/www.swissfairtrade.ch\/wp-content\/uploads\/AdobeStock_Bauer-e1574862750203.jpeg","datePublished":"2022-05-03T06:22:35+00:00","dateModified":"2024-02-13T14:50:34+00:00","breadcrumb":{"@id":"https:\/\/www.swissfairtrade.ch\/it\/argomenti-principali\/centro-di-competenze\/clima\/conferenza-delle-nazioni-unite-sui-cambiamenti-climatici\/#breadcrumb"},"inLanguage":"it-IT","potentialAction":[{"@type":"ReadAction","target":["https:\/\/www.swissfairtrade.ch\/it\/argomenti-principali\/centro-di-competenze\/clima\/conferenza-delle-nazioni-unite-sui-cambiamenti-climatici\/"]}]},{"@type":"ImageObject","inLanguage":"it-IT","@id":"https:\/\/www.swissfairtrade.ch\/it\/argomenti-principali\/centro-di-competenze\/clima\/conferenza-delle-nazioni-unite-sui-cambiamenti-climatici\/#primaryimage","url":"https:\/\/www.swissfairtrade.ch\/wp-content\/uploads\/AdobeStock_Bauer-e1574862750203.jpeg","contentUrl":"https:\/\/www.swissfairtrade.ch\/wp-content\/uploads\/AdobeStock_Bauer-e1574862750203.jpeg","width":2000,"height":1179,"caption":"Water crisis concept, Hopeless and lonely farmer sit on cracked earth near drying water."},{"@type":"BreadcrumbList","@id":"https:\/\/www.swissfairtrade.ch\/it\/argomenti-principali\/centro-di-competenze\/clima\/conferenza-delle-nazioni-unite-sui-cambiamenti-climatici\/#breadcrumb","itemListElement":[{"@type":"ListItem","position":1,"name":"Home","item":"https:\/\/www.swissfairtrade.ch\/it\/"},{"@type":"ListItem","position":2,"name":"Argomenti principali","item":"https:\/\/www.swissfairtrade.ch\/it\/argomenti-principali\/"},{"@type":"ListItem","position":3,"name":"Centro di competenze","item":"https:\/\/www.swissfairtrade.ch\/it\/argomenti-principali\/centro-di-competenze\/"},{"@type":"ListItem","position":4,"name":"Clima","item":"https:\/\/www.swissfairtrade.ch\/it\/argomenti-principali\/centro-di-competenze\/clima\/"},{"@type":"ListItem","position":5,"name":"Conferenza delle Nazioni Unite sui cambiamenti climatici"}]},{"@type":"WebSite","@id":"https:\/\/www.swissfairtrade.ch\/it\/#website","url":"https:\/\/www.swissfairtrade.ch\/it\/","name":"Swiss Fair Trade","description":"","publisher":{"@id":"https:\/\/www.swissfairtrade.ch\/it\/#organization"},"potentialAction":[{"@type":"SearchAction","target":{"@type":"EntryPoint","urlTemplate":"https:\/\/www.swissfairtrade.ch\/it\/?s={search_term_string}"},"query-input":{"@type":"PropertyValueSpecification","valueRequired":true,"valueName":"search_term_string"}}],"inLanguage":"it-IT"},{"@type":"Organization","@id":"https:\/\/www.swissfairtrade.ch\/it\/#organization","name":"Swiss Fair Trade","url":"https:\/\/www.swissfairtrade.ch\/it\/","logo":{"@type":"ImageObject","inLanguage":"it-IT","@id":"https:\/\/www.swissfairtrade.ch\/it\/#\/schema\/logo\/image\/","url":"https:\/\/www.swissfairtrade.ch\/wp-content\/uploads\/SwissFairTrade-Logo-rgb-203.51.59-web.png","contentUrl":"https:\/\/www.swissfairtrade.ch\/wp-content\/uploads\/SwissFairTrade-Logo-rgb-203.51.59-web.png","width":130,"height":115,"caption":"Swiss Fair Trade"},"image":{"@id":"https:\/\/www.swissfairtrade.ch\/it\/#\/schema\/logo\/image\/"}}]}},"_links":{"self":[{"href":"https:\/\/www.swissfairtrade.ch\/it\/wp-json\/wp\/v2\/pages\/10801","targetHints":{"allow":["GET"]}}],"collection":[{"href":"https:\/\/www.swissfairtrade.ch\/it\/wp-json\/wp\/v2\/pages"}],"about":[{"href":"https:\/\/www.swissfairtrade.ch\/it\/wp-json\/wp\/v2\/types\/page"}],"author":[{"embeddable":true,"href":"https:\/\/www.swissfairtrade.ch\/it\/wp-json\/wp\/v2\/users\/1"}],"replies":[{"embeddable":true,"href":"https:\/\/www.swissfairtrade.ch\/it\/wp-json\/wp\/v2\/comments?post=10801"}],"version-history":[{"count":0,"href":"https:\/\/www.swissfairtrade.ch\/it\/wp-json\/wp\/v2\/pages\/10801\/revisions"}],"up":[{"embeddable":true,"href":"https:\/\/www.swissfairtrade.ch\/it\/wp-json\/wp\/v2\/pages\/7505"}],"wp:featuredmedia":[{"embeddable":true,"href":"https:\/\/www.swissfairtrade.ch\/it\/wp-json\/wp\/v2\/media\/7495"}],"wp:attachment":[{"href":"https:\/\/www.swissfairtrade.ch\/it\/wp-json\/wp\/v2\/media?parent=10801"}],"wp:term":[{"taxonomy":"hauptseiten-kategorie","embeddable":true,"href":"https:\/\/www.swissfairtrade.ch\/it\/wp-json\/wp\/v2\/hauptseiten-kategorie?post=10801"}],"curies":[{"name":"wp","href":"https:\/\/api.w.org\/{rel}","templated":true}]}}