{"id":10718,"date":"2022-04-27T15:22:40","date_gmt":"2022-04-27T13:22:40","guid":{"rendered":"https:\/\/www.swissfairtrade.ch\/?page_id=10718"},"modified":"2022-05-03T08:08:25","modified_gmt":"2022-05-03T06:08:25","slug":"riduzione-delle-emissioni-di-gas-a-effetto-serra","status":"publish","type":"page","link":"https:\/\/www.swissfairtrade.ch\/it\/argomenti-principali\/centro-di-competenze\/clima\/riduzione-delle-emissioni-di-gas-a-effetto-serra\/","title":{"rendered":"Riduzione delle emissioni di gas a effetto serra"},"content":{"rendered":"<div class=\"wpb-content-wrapper\"><p>[vc_row full_width=&#8221;stretch_row&#8221; content_placement=&#8221;bottom&#8221; parallax=&#8221;content-moving-fade&#8221; parallax_image=&#8221;2959&#8243; css=&#8221;.vc_custom_1650469172218{background: rgba(196,196,196,0.71) url(https:\/\/www.swissfairtrade.ch\/wp-content\/uploads\/Reisfeld.jpg?id=10620);*background-color: rgb(196,196,196) !important;}&#8221; el_class=&#8221;header&#8221;][vc_column][vc_column_text el_class=&#8221;txt-white&#8221;]<\/p>\n<div class=\"annot\">\n<div class=\"row-main\">\n<div class=\"text\">\n<h1>Clima<\/h1>\n<h2><strong>Riduzione delle emissioni di gas a effetto serra<\/strong><\/h2>\n<\/div>\n<\/div>\n<\/div>\n<p>[\/vc_column_text][\/vc_column][\/vc_row][vc_row][vc_column][vc_column_text]Alla luce degli sviluppi e delle previsioni sui mutamenti climatici, fornire sostegno a livello tecnico e finanziario deve diventare una priorit\u00e0. Per contrastare la crisi globale occorre inoltre far capo a metodi sostenibili per ridurre le emissioni di gas a effetto serra e impedire la crescente scarsit\u00e0 di risorse naturali.<\/p>\n<p>Oltre al rispetto di standard sociali, i prodotti del commercio equo si distinguono per l\u2019osservanza di diversi criteri ambientali, tra cui proprio la riduzione di tali emissioni.<\/p>\n<p>Visto che circa il 98% di questi prodotti viene trasportato via mare, nel bilancio ecologico non \u00e8 il trasporto a essere responsabile della maggior parte delle emissioni di CO<sub>2<\/sub>, bens\u00ec la coltivazione e la lavorazione.<\/p>\n<p>Questo fattore \u00e8 stato riconosciuto dalle organizzazioni del commercio equo che, assieme alle contadine e ai contadini, mettono in pratica nuove soluzioni seguendo principalmente due approcci: ridurre le emissioni di gas a effetto serra e rafforzare la resilienza climatica. Questa crisi esige un approccio olistico che contempli l\u2019efficienza energetica, la salvaguardia delle risorse (p.es. deforestazione), la fertilit\u00e0 del suolo, l\u2019agricoltura biologica, l\u2019agroforestazione e la biodiversit\u00e0.<\/p>\n<p><strong>Esempio di progetto volto alla riduzione delle emissioni di gas a effetto serra<\/strong><\/p>\n<p>L\u2019Etiopia \u00e8 rinomata per la coltivazione del caff\u00e8, che per\u00f2 \u00e8 sempre pi\u00f9 minacciata dalla deforestazione e dal cambiamento climatico. Il fatto che il 97% delle economie domestiche usi la legna per cucinare porta a un drastico aumento del disboscamento. Diversi progetti del commercio equo si prefiggono di installare forni pi\u00f9 efficienti dal punto di vista energetico che permettano un risparmio di CO<sub>2 <\/sub>del 90% in confronto alla preparazione del cibo sul fuoco. (Fairtrade International)[\/vc_column_text][\/vc_column][\/vc_row][vc_row][vc_column][vc_empty_space height=&#8221;50px&#8221;][vc_separator][vc_column_text]<\/p>\n<h3>Altri temi<\/h3>\n<p>[\/vc_column_text][vc_basic_grid post_type=&#8221;page&#8221; max_items=&#8221;-1&#8243; gap=&#8221;10&#8243; orderby=&#8221;menu_order&#8221; order=&#8221;ASC&#8221; item=&#8221;1885&#8243; grid_id=&#8221;vc_gid:1650468088660-5314b33c-d4ee-3&#8243; taxonomies=&#8221;359&#8243;][\/vc_column][\/vc_row]<\/p>\n<\/div>","protected":false},"excerpt":{"rendered":"<p>Le organizzazioni del commercio equo, assieme alle contadine e ai contadini, mettono in pratica nuove soluzioni per ridurre le emissioni di gas a effetto serra.<\/p>\n","protected":false},"author":3,"featured_media":10620,"parent":7505,"menu_order":2,"comment_status":"closed","ping_status":"closed","template":"","meta":{"generate_page_header":"","footnotes":"","_links_to":"","_links_to_target":""},"hauptseiten-kategorie":[359],"class_list":{"0":"post-10718","1":"page","2":"type-page","3":"status-publish","4":"has-post-thumbnail","6":"hauptseiten-kategorie-clima"},"yoast_head":"<!-- This site is optimized with the Yoast SEO plugin v26.2 - https:\/\/yoast.com\/wordpress\/plugins\/seo\/ -->\n<title>Riduzione delle emissioni di gas a effetto serra - Swiss Fair Trade<\/title>\n<meta name=\"robots\" content=\"index, follow, max-snippet:-1, max-image-preview:large, max-video-preview:-1\" \/>\n<link rel=\"canonical\" href=\"https:\/\/www.swissfairtrade.ch\/it\/argomenti-principali\/centro-di-competenze\/clima\/riduzione-delle-emissioni-di-gas-a-effetto-serra\/\" \/>\n<meta property=\"og:locale\" content=\"it_IT\" \/>\n<meta property=\"og:type\" content=\"article\" \/>\n<meta property=\"og:title\" content=\"Riduzione delle emissioni di gas a effetto serra - Swiss Fair Trade\" \/>\n<meta property=\"og:description\" content=\"Le organizzazioni del commercio equo, assieme alle contadine e ai contadini, mettono in pratica nuove soluzioni per ridurre le emissioni di gas a effetto serra.\" \/>\n<meta property=\"og:url\" content=\"https:\/\/www.swissfairtrade.ch\/it\/argomenti-principali\/centro-di-competenze\/clima\/riduzione-delle-emissioni-di-gas-a-effetto-serra\/\" \/>\n<meta property=\"og:site_name\" content=\"Swiss Fair Trade\" \/>\n<meta property=\"article:modified_time\" content=\"2022-05-03T06:08:25+00:00\" \/>\n<meta property=\"og:image\" content=\"https:\/\/www.swissfairtrade.ch\/wp-content\/uploads\/Reisfeld-1024x682.jpg\" \/>\n\t<meta property=\"og:image:width\" content=\"1024\" \/>\n\t<meta property=\"og:image:height\" content=\"682\" \/>\n\t<meta property=\"og:image:type\" content=\"image\/jpeg\" \/>\n<meta name=\"twitter:card\" content=\"summary_large_image\" \/>\n<meta name=\"twitter:label1\" content=\"Tempo di lettura stimato\" \/>\n\t<meta name=\"twitter:data1\" content=\"2 minuti\" \/>\n<script type=\"application\/ld+json\" class=\"yoast-schema-graph\">{\"@context\":\"https:\/\/schema.org\",\"@graph\":[{\"@type\":\"WebPage\",\"@id\":\"https:\/\/www.swissfairtrade.ch\/it\/argomenti-principali\/centro-di-competenze\/clima\/riduzione-delle-emissioni-di-gas-a-effetto-serra\/\",\"url\":\"https:\/\/www.swissfairtrade.ch\/it\/argomenti-principali\/centro-di-competenze\/clima\/riduzione-delle-emissioni-di-gas-a-effetto-serra\/\",\"name\":\"Riduzione delle emissioni di gas a effetto serra - Swiss Fair Trade\",\"isPartOf\":{\"@id\":\"https:\/\/www.swissfairtrade.ch\/it\/#website\"},\"primaryImageOfPage\":{\"@id\":\"https:\/\/www.swissfairtrade.ch\/it\/argomenti-principali\/centro-di-competenze\/clima\/riduzione-delle-emissioni-di-gas-a-effetto-serra\/#primaryimage\"},\"image\":{\"@id\":\"https:\/\/www.swissfairtrade.ch\/it\/argomenti-principali\/centro-di-competenze\/clima\/riduzione-delle-emissioni-di-gas-a-effetto-serra\/#primaryimage\"},\"thumbnailUrl\":\"https:\/\/www.swissfairtrade.ch\/wp-content\/uploads\/Reisfeld.jpg\",\"datePublished\":\"2022-04-27T13:22:40+00:00\",\"dateModified\":\"2022-05-03T06:08:25+00:00\",\"breadcrumb\":{\"@id\":\"https:\/\/www.swissfairtrade.ch\/it\/argomenti-principali\/centro-di-competenze\/clima\/riduzione-delle-emissioni-di-gas-a-effetto-serra\/#breadcrumb\"},\"inLanguage\":\"it-IT\",\"potentialAction\":[{\"@type\":\"ReadAction\",\"target\":[\"https:\/\/www.swissfairtrade.ch\/it\/argomenti-principali\/centro-di-competenze\/clima\/riduzione-delle-emissioni-di-gas-a-effetto-serra\/\"]}]},{\"@type\":\"ImageObject\",\"inLanguage\":\"it-IT\",\"@id\":\"https:\/\/www.swissfairtrade.ch\/it\/argomenti-principali\/centro-di-competenze\/clima\/riduzione-delle-emissioni-di-gas-a-effetto-serra\/#primaryimage\",\"url\":\"https:\/\/www.swissfairtrade.ch\/wp-content\/uploads\/Reisfeld.jpg\",\"contentUrl\":\"https:\/\/www.swissfairtrade.ch\/wp-content\/uploads\/Reisfeld.jpg\",\"width\":2000,\"height\":1333},{\"@type\":\"BreadcrumbList\",\"@id\":\"https:\/\/www.swissfairtrade.ch\/it\/argomenti-principali\/centro-di-competenze\/clima\/riduzione-delle-emissioni-di-gas-a-effetto-serra\/#breadcrumb\",\"itemListElement\":[{\"@type\":\"ListItem\",\"position\":1,\"name\":\"Home\",\"item\":\"https:\/\/www.swissfairtrade.ch\/it\/\"},{\"@type\":\"ListItem\",\"position\":2,\"name\":\"Argomenti principali\",\"item\":\"https:\/\/www.swissfairtrade.ch\/it\/argomenti-principali\/\"},{\"@type\":\"ListItem\",\"position\":3,\"name\":\"Centro di competenze\",\"item\":\"https:\/\/www.swissfairtrade.ch\/it\/argomenti-principali\/centro-di-competenze\/\"},{\"@type\":\"ListItem\",\"position\":4,\"name\":\"Clima\",\"item\":\"https:\/\/www.swissfairtrade.ch\/it\/argomenti-principali\/centro-di-competenze\/clima\/\"},{\"@type\":\"ListItem\",\"position\":5,\"name\":\"Riduzione delle emissioni di gas a effetto serra\"}]},{\"@type\":\"WebSite\",\"@id\":\"https:\/\/www.swissfairtrade.ch\/it\/#website\",\"url\":\"https:\/\/www.swissfairtrade.ch\/it\/\",\"name\":\"Swiss Fair Trade\",\"description\":\"\",\"publisher\":{\"@id\":\"https:\/\/www.swissfairtrade.ch\/it\/#organization\"},\"potentialAction\":[{\"@type\":\"SearchAction\",\"target\":{\"@type\":\"EntryPoint\",\"urlTemplate\":\"https:\/\/www.swissfairtrade.ch\/it\/?s={search_term_string}\"},\"query-input\":{\"@type\":\"PropertyValueSpecification\",\"valueRequired\":true,\"valueName\":\"search_term_string\"}}],\"inLanguage\":\"it-IT\"},{\"@type\":\"Organization\",\"@id\":\"https:\/\/www.swissfairtrade.ch\/it\/#organization\",\"name\":\"Swiss Fair Trade\",\"url\":\"https:\/\/www.swissfairtrade.ch\/it\/\",\"logo\":{\"@type\":\"ImageObject\",\"inLanguage\":\"it-IT\",\"@id\":\"https:\/\/www.swissfairtrade.ch\/it\/#\/schema\/logo\/image\/\",\"url\":\"https:\/\/www.swissfairtrade.ch\/wp-content\/uploads\/SwissFairTrade-Logo-rgb-203.51.59-web.png\",\"contentUrl\":\"https:\/\/www.swissfairtrade.ch\/wp-content\/uploads\/SwissFairTrade-Logo-rgb-203.51.59-web.png\",\"width\":130,\"height\":115,\"caption\":\"Swiss Fair Trade\"},\"image\":{\"@id\":\"https:\/\/www.swissfairtrade.ch\/it\/#\/schema\/logo\/image\/\"}}]}<\/script>\n<!-- \/ Yoast SEO plugin. -->","yoast_head_json":{"title":"Riduzione delle emissioni di gas a effetto serra - Swiss Fair Trade","robots":{"index":"index","follow":"follow","max-snippet":"max-snippet:-1","max-image-preview":"max-image-preview:large","max-video-preview":"max-video-preview:-1"},"canonical":"https:\/\/www.swissfairtrade.ch\/it\/argomenti-principali\/centro-di-competenze\/clima\/riduzione-delle-emissioni-di-gas-a-effetto-serra\/","og_locale":"it_IT","og_type":"article","og_title":"Riduzione delle emissioni di gas a effetto serra - Swiss Fair Trade","og_description":"Le organizzazioni del commercio equo, assieme alle contadine e ai contadini, mettono in pratica nuove soluzioni per ridurre le emissioni di gas a effetto serra.","og_url":"https:\/\/www.swissfairtrade.ch\/it\/argomenti-principali\/centro-di-competenze\/clima\/riduzione-delle-emissioni-di-gas-a-effetto-serra\/","og_site_name":"Swiss Fair Trade","article_modified_time":"2022-05-03T06:08:25+00:00","og_image":[{"width":1024,"height":682,"url":"https:\/\/www.swissfairtrade.ch\/wp-content\/uploads\/Reisfeld-1024x682.jpg","type":"image\/jpeg"}],"twitter_card":"summary_large_image","twitter_misc":{"Tempo di lettura stimato":"2 minuti"},"schema":{"@context":"https:\/\/schema.org","@graph":[{"@type":"WebPage","@id":"https:\/\/www.swissfairtrade.ch\/it\/argomenti-principali\/centro-di-competenze\/clima\/riduzione-delle-emissioni-di-gas-a-effetto-serra\/","url":"https:\/\/www.swissfairtrade.ch\/it\/argomenti-principali\/centro-di-competenze\/clima\/riduzione-delle-emissioni-di-gas-a-effetto-serra\/","name":"Riduzione delle emissioni di gas a effetto serra - Swiss Fair Trade","isPartOf":{"@id":"https:\/\/www.swissfairtrade.ch\/it\/#website"},"primaryImageOfPage":{"@id":"https:\/\/www.swissfairtrade.ch\/it\/argomenti-principali\/centro-di-competenze\/clima\/riduzione-delle-emissioni-di-gas-a-effetto-serra\/#primaryimage"},"image":{"@id":"https:\/\/www.swissfairtrade.ch\/it\/argomenti-principali\/centro-di-competenze\/clima\/riduzione-delle-emissioni-di-gas-a-effetto-serra\/#primaryimage"},"thumbnailUrl":"https:\/\/www.swissfairtrade.ch\/wp-content\/uploads\/Reisfeld.jpg","datePublished":"2022-04-27T13:22:40+00:00","dateModified":"2022-05-03T06:08:25+00:00","breadcrumb":{"@id":"https:\/\/www.swissfairtrade.ch\/it\/argomenti-principali\/centro-di-competenze\/clima\/riduzione-delle-emissioni-di-gas-a-effetto-serra\/#breadcrumb"},"inLanguage":"it-IT","potentialAction":[{"@type":"ReadAction","target":["https:\/\/www.swissfairtrade.ch\/it\/argomenti-principali\/centro-di-competenze\/clima\/riduzione-delle-emissioni-di-gas-a-effetto-serra\/"]}]},{"@type":"ImageObject","inLanguage":"it-IT","@id":"https:\/\/www.swissfairtrade.ch\/it\/argomenti-principali\/centro-di-competenze\/clima\/riduzione-delle-emissioni-di-gas-a-effetto-serra\/#primaryimage","url":"https:\/\/www.swissfairtrade.ch\/wp-content\/uploads\/Reisfeld.jpg","contentUrl":"https:\/\/www.swissfairtrade.ch\/wp-content\/uploads\/Reisfeld.jpg","width":2000,"height":1333},{"@type":"BreadcrumbList","@id":"https:\/\/www.swissfairtrade.ch\/it\/argomenti-principali\/centro-di-competenze\/clima\/riduzione-delle-emissioni-di-gas-a-effetto-serra\/#breadcrumb","itemListElement":[{"@type":"ListItem","position":1,"name":"Home","item":"https:\/\/www.swissfairtrade.ch\/it\/"},{"@type":"ListItem","position":2,"name":"Argomenti principali","item":"https:\/\/www.swissfairtrade.ch\/it\/argomenti-principali\/"},{"@type":"ListItem","position":3,"name":"Centro di competenze","item":"https:\/\/www.swissfairtrade.ch\/it\/argomenti-principali\/centro-di-competenze\/"},{"@type":"ListItem","position":4,"name":"Clima","item":"https:\/\/www.swissfairtrade.ch\/it\/argomenti-principali\/centro-di-competenze\/clima\/"},{"@type":"ListItem","position":5,"name":"Riduzione delle emissioni di gas a effetto serra"}]},{"@type":"WebSite","@id":"https:\/\/www.swissfairtrade.ch\/it\/#website","url":"https:\/\/www.swissfairtrade.ch\/it\/","name":"Swiss Fair Trade","description":"","publisher":{"@id":"https:\/\/www.swissfairtrade.ch\/it\/#organization"},"potentialAction":[{"@type":"SearchAction","target":{"@type":"EntryPoint","urlTemplate":"https:\/\/www.swissfairtrade.ch\/it\/?s={search_term_string}"},"query-input":{"@type":"PropertyValueSpecification","valueRequired":true,"valueName":"search_term_string"}}],"inLanguage":"it-IT"},{"@type":"Organization","@id":"https:\/\/www.swissfairtrade.ch\/it\/#organization","name":"Swiss Fair Trade","url":"https:\/\/www.swissfairtrade.ch\/it\/","logo":{"@type":"ImageObject","inLanguage":"it-IT","@id":"https:\/\/www.swissfairtrade.ch\/it\/#\/schema\/logo\/image\/","url":"https:\/\/www.swissfairtrade.ch\/wp-content\/uploads\/SwissFairTrade-Logo-rgb-203.51.59-web.png","contentUrl":"https:\/\/www.swissfairtrade.ch\/wp-content\/uploads\/SwissFairTrade-Logo-rgb-203.51.59-web.png","width":130,"height":115,"caption":"Swiss Fair Trade"},"image":{"@id":"https:\/\/www.swissfairtrade.ch\/it\/#\/schema\/logo\/image\/"}}]}},"_links":{"self":[{"href":"https:\/\/www.swissfairtrade.ch\/it\/wp-json\/wp\/v2\/pages\/10718","targetHints":{"allow":["GET"]}}],"collection":[{"href":"https:\/\/www.swissfairtrade.ch\/it\/wp-json\/wp\/v2\/pages"}],"about":[{"href":"https:\/\/www.swissfairtrade.ch\/it\/wp-json\/wp\/v2\/types\/page"}],"author":[{"embeddable":true,"href":"https:\/\/www.swissfairtrade.ch\/it\/wp-json\/wp\/v2\/users\/3"}],"replies":[{"embeddable":true,"href":"https:\/\/www.swissfairtrade.ch\/it\/wp-json\/wp\/v2\/comments?post=10718"}],"version-history":[{"count":0,"href":"https:\/\/www.swissfairtrade.ch\/it\/wp-json\/wp\/v2\/pages\/10718\/revisions"}],"up":[{"embeddable":true,"href":"https:\/\/www.swissfairtrade.ch\/it\/wp-json\/wp\/v2\/pages\/7505"}],"wp:featuredmedia":[{"embeddable":true,"href":"https:\/\/www.swissfairtrade.ch\/it\/wp-json\/wp\/v2\/media\/10620"}],"wp:attachment":[{"href":"https:\/\/www.swissfairtrade.ch\/it\/wp-json\/wp\/v2\/media?parent=10718"}],"wp:term":[{"taxonomy":"hauptseiten-kategorie","embeddable":true,"href":"https:\/\/www.swissfairtrade.ch\/it\/wp-json\/wp\/v2\/hauptseiten-kategorie?post=10718"}],"curies":[{"name":"wp","href":"https:\/\/api.w.org\/{rel}","templated":true}]}}