{"id":9605,"date":"2021-04-28T14:39:13","date_gmt":"2021-04-28T12:39:13","guid":{"rendered":"https:\/\/www.swissfairtrade.ch\/?page_id=9605"},"modified":"2022-04-22T12:24:04","modified_gmt":"2022-04-22T10:24:04","slug":"le-commerce-equitable-facteur-de-resilience-2","status":"publish","type":"page","link":"https:\/\/www.swissfairtrade.ch\/fr\/champs-d-actions\/centre-de-competences-3\/climat\/le-commerce-equitable-facteur-de-resilience-2\/","title":{"rendered":"Le commerce \u00e9quitable, facteur de r\u00e9silience"},"content":{"rendered":"<div class=\"wpb-content-wrapper\"><p>[vc_row full_width=\u00a0\u00bbstretch_row\u00a0\u00bb content_placement=\u00a0\u00bbbottom\u00a0\u00bb parallax=\u00a0\u00bbcontent-moving-fade\u00a0\u00bb parallax_image=\u00a0\u00bb2959&Prime; css=\u00a0\u00bb.vc_custom_1619613282671{background: rgba(196,196,196,0.71) url(https:\/\/www.swissfairtrade.ch\/wp-content\/uploads\/pexels-arti-agarwal-2880741-1-2-scaled.jpg?id=9765);background-position: center;background-repeat: no-repeat !important;background-size: cover !important;*background-color: rgb(196,196,196) !important;}\u00a0\u00bb el_class=\u00a0\u00bbheader\u00a0\u00bb][vc_column][vc_column_text el_class=\u00a0\u00bbtxt-white\u00a0\u00bb]<\/p>\n<div class=\"annot\">\n<div class=\"row-main\">\n<div class=\"csc-header csc-header-n1\">\n<h1 class=\"csc-firstHeader\">Climat<\/h1>\n<\/div>\n<h2><strong>Le commerce \u00e9quitable, facteur de r\u00e9silience <\/strong><\/h2>\n<p>&nbsp;<\/p>\n<\/div>\n<\/div>\n<p>[\/vc_column_text][\/vc_column][\/vc_row][vc_row][vc_column][vc_column_text]<strong>Le commerce \u00e9quitable, facteur de r\u00e9silience <\/strong><\/p>\n<p>Si l\u2019on veut rendre les populations moins vuln\u00e9rables aux cons\u00e9quences du changement climatique, il faut renforcer la capacit\u00e9 d\u2019adaptation de l\u2019agriculture paysanne (Borsky et Spata\u00a02016\u00a0: 3, 6). Les r\u00e9seaux paysans et les organisations du commerce \u00e9quitable jouent en l\u2019occurrence un r\u00f4le majeur (Frank et Buckley\u00a02012\u00a0: 11).<\/p>\n<p>Les membres de Swiss Fair Trade sont actifs dans le monde entier. Le commerce \u00e9quitable aide l\u2019agriculture paysanne \u00e0 s\u2019adapter aux cons\u00e9quences du changement climatique, \u00e0 devenir plus r\u00e9siliente, \u00e0 r\u00e9duire ses \u00e9missions de gaz \u00e0 effet de serre et \u00e0 r\u00e9ussir la transition vers les \u00e9nergies renouvelables. L\u2019accent est mis sur des formations, donn\u00e9es par des expert\u00b7e\u00b7s locaux, afin de rendre l\u2019agriculture plus r\u00e9sistante et de garantir la s\u00e9curit\u00e9 alimentaire et les revenus.<\/p>\n<p>Les normes du commerce \u00e9quitable comprennent des crit\u00e8res \u00e9cologiques, qui montrent la voie vers une agriculture \u00e0 la hauteur des enjeux climatiques, par exemple en ayant recours aux \u00e9nergies renouvelables, en r\u00e9duisant les \u00e9missions de gaz \u00e0 effet de serre et en g\u00e9rant de mani\u00e8re durable les d\u00e9chets et les ressources hydriques. Aux c\u00f4t\u00e9s d\u2019expert\u00b7e\u00b7s locaux, <a href=\"https:\/\/www.maxhavelaar.ch\/fr\" target=\"_blank\" rel=\"noopener noreferrer\">Max Havelaar<\/a> s\u2019engage au sein de r\u00e9seaux de producteurs et productrices afin d\u2019augmenter la capacit\u00e9 d\u2019adaptation et de r\u00e9sistance des paysan\u00b7ne\u00b7s. Lors de formations pratiques, les agriculteurs et agricultrices apprennent \u00e0 affronter le changement climatique, \u00e0 concevoir des strat\u00e9gies d\u2019adaptation et \u00e0 r\u00e9duire leurs \u00e9missions. Ces formations se concr\u00e9tisent par exemple par la cr\u00e9ation de p\u00e9pini\u00e8res.<\/p>\n<p>Le projet de <a href=\"https:\/\/www.bruecke-lepont.ch\/fr\/\" target=\"_blank\" rel=\"noopener noreferrer\">Br\u00fccke-Le Pont<\/a> au B\u00e9nin (Afrique de l\u2019Ouest) est un autre exemple\u00a0: des partenaires locaux enseignent aux familles paysannes \u00e0 planifier leurs travaux en fonction des pr\u00e9visions de pr\u00e9cipitations et \u00e0 choisir des sortes de riz qui m\u00fbrissent plus rapidement et consomment moins d\u2019eau. Ces formations offrent aux participant\u00b7e\u00b7s la possibilit\u00e9 de prendre une part active \u00e0 ces processus et de nouer de fructueux partenariats.<\/p>\n<p>Au Honduras (Am\u00e9rique centrale), <a href=\"https:\/\/www.yocafe.ch\/\" target=\"_blank\" rel=\"noopener noreferrer\">yocafe.ch<\/a> r\u00e9alise un projet dans le cadre duquel les participant\u00b7e\u00b7s plantent des arbres pour prot\u00e9ger leurs plantations de caf\u00e9. yocafe.ch et <a href=\"https:\/\/www.claro.ch\/fr\/\" target=\"_blank\" rel=\"noopener noreferrer\">claro<\/a> aident les producteurs et productrices \u00e0 pratiquer la culture mixte, plus favorable au climat. Les cultures mixtes, qui permettent au sol de mieux retenir l\u2019humidit\u00e9, sont en effet un moyen durable de lutter contre le changement climatique. Toutes ces adaptations sont rendues possibles par la consommation de caf\u00e9 \u00e9quitable, ce qui prouve que dans notre soci\u00e9t\u00e9 mondialis\u00e9e, les d\u00e9cisions des consommateurs et consommatrices du Nord ont des effets directs sur la vie des paysan\u00b7ne\u00b7s du Sud et la lutte contre le changement climatique.<\/p>\n<p><a href=\"https:\/\/www.helvetas.org\/fr\/suisse\" target=\"_blank\" rel=\"noopener noreferrer\">Helvetas<\/a> aide des populations du Sud \u00e0 g\u00e9rer de mani\u00e8re durable les ressources naturelles afin de limiter le risque de catastrophes naturelles. Le projet qu\u2019elle m\u00e8ne en collaboration avec Coop am\u00e9liore les conditions de vie des rizicultrices et riziculteurs locaux et leur permet, gr\u00e2ce \u00e0 des changements dans le syst\u00e8me d\u2019irrigation, de diminuer leur consommation d\u2019eau.<\/p>\n<p>Les formations et les primes, qui constituent l\u2019un des piliers du commerce \u00e9quitable, ne profitent pas seulement \u00e0 leurs b\u00e9n\u00e9ficiaires directs, les productrices et producteurs partenaires, mais aussi \u00e0 leurs communaut\u00e9s, comme le montrent les projets de yocafe.ch et ceux soutenus par Max Havelaar dont il est question plus haut.<\/p>\n<p>&nbsp;<\/p>\n<p><strong>Sources<\/strong><\/p>\n<p><a href=\"https:\/\/pubs.iied.org\/sites\/default\/files\/pdfs\/migrate\/16518IIED.pdf\" target=\"_blank\" rel=\"noopener noreferrer\">Jessica Frank et Chris Penrose Buckley 2012<\/a>: Small-Scale Farmers and Climate Change. How can Farmer Organisations and Fairtrade build the Adaptive Capacity of Smallholders? Sustainable Markets.<br \/>\n<a href=\"https:\/\/static.uni-graz.at\/fileadmin\/_Persoenliche_Webseite\/borsky_stefan\/Papers\/fairtradeCC_21-11-16.pdf\" target=\"_blank\" rel=\"noopener noreferrer\">Stefan Borsky et Martina Spata 2016<\/a>: The Impact of Fair Trade on the Adaptive capacity of Artisans and Smallholder Farmers.[\/vc_column_text][\/vc_column][\/vc_row][vc_row][vc_column][vc_empty_space height=\u00a0\u00bb50px\u00a0\u00bb][vc_separator][vc_column_text]<\/p>\n<div class=\"wpb_text_column wpb_content_element \">\n<div class=\"wpb_wrapper\">\n<h3>Autres sujets<\/h3>\n<\/div>\n<\/div>\n<p>[\/vc_column_text][vc_basic_grid post_type=\u00a0\u00bbpage\u00a0\u00bb max_items=\u00a0\u00bb-1&Prime; gap=\u00a0\u00bb10&Prime; orderby=\u00a0\u00bbmenu_order\u00a0\u00bb order=\u00a0\u00bbASC\u00a0\u00bb item=\u00a0\u00bb1885&Prime; grid_id=\u00a0\u00bbvc_gid:1619637432720-2e3060dc-1234-7&Prime; taxonomies=\u00a0\u00bb358&Prime;][\/vc_column][\/vc_row]<\/p>\n<\/div>","protected":false},"excerpt":{"rendered":"<p>Le commerce \u00e9quitable soutient l&rsquo;agriculture familiale et se tient aux c\u00f4t\u00e9s des agriculteurs et agricultrices pour les aider \u00e0 s&rsquo;adapter aux cons\u00e9quences du d\u00e9r\u00e8glement climatique.<\/p>\n","protected":false},"author":3,"featured_media":9633,"parent":4799,"menu_order":1,"comment_status":"closed","ping_status":"closed","template":"","meta":{"generate_page_header":"","footnotes":"","_links_to":"","_links_to_target":""},"hauptseiten-kategorie":[358],"class_list":{"0":"post-9605","1":"page","2":"type-page","3":"status-publish","4":"has-post-thumbnail","6":"hauptseiten-kategorie-climat"},"yoast_head":"<!-- This site is optimized with the Yoast SEO plugin v26.2 - https:\/\/yoast.com\/wordpress\/plugins\/seo\/ -->\n<title>Le commerce \u00e9quitable, facteur de r\u00e9silience - Swiss Fair Trade<\/title>\n<meta name=\"robots\" content=\"index, follow, max-snippet:-1, max-image-preview:large, max-video-preview:-1\" \/>\n<link rel=\"canonical\" href=\"https:\/\/www.swissfairtrade.ch\/fr\/champs-d-actions\/centre-de-competences-3\/climat\/le-commerce-equitable-facteur-de-resilience-2\/\" \/>\n<meta property=\"og:locale\" content=\"fr_FR\" \/>\n<meta property=\"og:type\" content=\"article\" \/>\n<meta property=\"og:title\" content=\"Le commerce \u00e9quitable, facteur de r\u00e9silience - Swiss Fair Trade\" \/>\n<meta property=\"og:description\" content=\"Le commerce \u00e9quitable soutient l&#039;agriculture familiale et se tient aux c\u00f4t\u00e9s des agriculteurs et agricultrices pour les aider \u00e0 s&#039;adapter aux cons\u00e9quences du d\u00e9r\u00e8glement climatique.\" \/>\n<meta property=\"og:url\" content=\"https:\/\/www.swissfairtrade.ch\/fr\/champs-d-actions\/centre-de-competences-3\/climat\/le-commerce-equitable-facteur-de-resilience-2\/\" \/>\n<meta property=\"og:site_name\" content=\"Swiss Fair Trade\" \/>\n<meta property=\"article:modified_time\" content=\"2022-04-22T10:24:04+00:00\" \/>\n<meta property=\"og:image\" content=\"https:\/\/www.swissfairtrade.ch\/wp-content\/uploads\/pexels-arti-agarwal-2880741-1-scaled.jpg\" \/>\n\t<meta property=\"og:image:width\" content=\"2560\" \/>\n\t<meta property=\"og:image:height\" content=\"1714\" \/>\n\t<meta property=\"og:image:type\" content=\"image\/jpeg\" \/>\n<meta name=\"twitter:card\" content=\"summary_large_image\" \/>\n<meta name=\"twitter:label1\" content=\"Dur\u00e9e de lecture estim\u00e9e\" \/>\n\t<meta name=\"twitter:data1\" content=\"4 minutes\" \/>\n<script type=\"application\/ld+json\" class=\"yoast-schema-graph\">{\"@context\":\"https:\/\/schema.org\",\"@graph\":[{\"@type\":\"WebPage\",\"@id\":\"https:\/\/www.swissfairtrade.ch\/fr\/champs-d-actions\/centre-de-competences-3\/climat\/le-commerce-equitable-facteur-de-resilience-2\/\",\"url\":\"https:\/\/www.swissfairtrade.ch\/fr\/champs-d-actions\/centre-de-competences-3\/climat\/le-commerce-equitable-facteur-de-resilience-2\/\",\"name\":\"Le commerce \u00e9quitable, facteur de r\u00e9silience - Swiss Fair Trade\",\"isPartOf\":{\"@id\":\"https:\/\/www.swissfairtrade.ch\/it\/#website\"},\"primaryImageOfPage\":{\"@id\":\"https:\/\/www.swissfairtrade.ch\/fr\/champs-d-actions\/centre-de-competences-3\/climat\/le-commerce-equitable-facteur-de-resilience-2\/#primaryimage\"},\"image\":{\"@id\":\"https:\/\/www.swissfairtrade.ch\/fr\/champs-d-actions\/centre-de-competences-3\/climat\/le-commerce-equitable-facteur-de-resilience-2\/#primaryimage\"},\"thumbnailUrl\":\"https:\/\/www.swissfairtrade.ch\/wp-content\/uploads\/pexels-arti-agarwal-2880741-1-scaled.jpg\",\"datePublished\":\"2021-04-28T12:39:13+00:00\",\"dateModified\":\"2022-04-22T10:24:04+00:00\",\"breadcrumb\":{\"@id\":\"https:\/\/www.swissfairtrade.ch\/fr\/champs-d-actions\/centre-de-competences-3\/climat\/le-commerce-equitable-facteur-de-resilience-2\/#breadcrumb\"},\"inLanguage\":\"fr-FR\",\"potentialAction\":[{\"@type\":\"ReadAction\",\"target\":[\"https:\/\/www.swissfairtrade.ch\/fr\/champs-d-actions\/centre-de-competences-3\/climat\/le-commerce-equitable-facteur-de-resilience-2\/\"]}]},{\"@type\":\"ImageObject\",\"inLanguage\":\"fr-FR\",\"@id\":\"https:\/\/www.swissfairtrade.ch\/fr\/champs-d-actions\/centre-de-competences-3\/climat\/le-commerce-equitable-facteur-de-resilience-2\/#primaryimage\",\"url\":\"https:\/\/www.swissfairtrade.ch\/wp-content\/uploads\/pexels-arti-agarwal-2880741-1-scaled.jpg\",\"contentUrl\":\"https:\/\/www.swissfairtrade.ch\/wp-content\/uploads\/pexels-arti-agarwal-2880741-1-scaled.jpg\",\"width\":2560,\"height\":1714},{\"@type\":\"BreadcrumbList\",\"@id\":\"https:\/\/www.swissfairtrade.ch\/fr\/champs-d-actions\/centre-de-competences-3\/climat\/le-commerce-equitable-facteur-de-resilience-2\/#breadcrumb\",\"itemListElement\":[{\"@type\":\"ListItem\",\"position\":1,\"name\":\"Home\",\"item\":\"https:\/\/www.swissfairtrade.ch\/fr\/\"},{\"@type\":\"ListItem\",\"position\":2,\"name\":\"Champs d\u2019actions\",\"item\":\"https:\/\/www.swissfairtrade.ch\/fr\/champs-d-actions\/\"},{\"@type\":\"ListItem\",\"position\":3,\"name\":\"Centre de comp\u00e9tences\",\"item\":\"https:\/\/www.swissfairtrade.ch\/fr\/champs-d-actions\/centre-de-competences-3\/\"},{\"@type\":\"ListItem\",\"position\":4,\"name\":\"Climat\",\"item\":\"https:\/\/www.swissfairtrade.ch\/fr\/champs-d-actions\/centre-de-competences-3\/climat\/\"},{\"@type\":\"ListItem\",\"position\":5,\"name\":\"Le commerce \u00e9quitable, facteur de r\u00e9silience\"}]},{\"@type\":\"WebSite\",\"@id\":\"https:\/\/www.swissfairtrade.ch\/it\/#website\",\"url\":\"https:\/\/www.swissfairtrade.ch\/it\/\",\"name\":\"Swiss Fair Trade\",\"description\":\"\",\"publisher\":{\"@id\":\"https:\/\/www.swissfairtrade.ch\/it\/#organization\"},\"potentialAction\":[{\"@type\":\"SearchAction\",\"target\":{\"@type\":\"EntryPoint\",\"urlTemplate\":\"https:\/\/www.swissfairtrade.ch\/it\/?s={search_term_string}\"},\"query-input\":{\"@type\":\"PropertyValueSpecification\",\"valueRequired\":true,\"valueName\":\"search_term_string\"}}],\"inLanguage\":\"fr-FR\"},{\"@type\":\"Organization\",\"@id\":\"https:\/\/www.swissfairtrade.ch\/it\/#organization\",\"name\":\"Swiss Fair Trade\",\"url\":\"https:\/\/www.swissfairtrade.ch\/it\/\",\"logo\":{\"@type\":\"ImageObject\",\"inLanguage\":\"fr-FR\",\"@id\":\"https:\/\/www.swissfairtrade.ch\/it\/#\/schema\/logo\/image\/\",\"url\":\"https:\/\/www.swissfairtrade.ch\/wp-content\/uploads\/SwissFairTrade-Logo-rgb-203.51.59-web.png\",\"contentUrl\":\"https:\/\/www.swissfairtrade.ch\/wp-content\/uploads\/SwissFairTrade-Logo-rgb-203.51.59-web.png\",\"width\":130,\"height\":115,\"caption\":\"Swiss Fair Trade\"},\"image\":{\"@id\":\"https:\/\/www.swissfairtrade.ch\/it\/#\/schema\/logo\/image\/\"}}]}<\/script>\n<!-- \/ Yoast SEO plugin. -->","yoast_head_json":{"title":"Le commerce \u00e9quitable, facteur de r\u00e9silience - Swiss Fair Trade","robots":{"index":"index","follow":"follow","max-snippet":"max-snippet:-1","max-image-preview":"max-image-preview:large","max-video-preview":"max-video-preview:-1"},"canonical":"https:\/\/www.swissfairtrade.ch\/fr\/champs-d-actions\/centre-de-competences-3\/climat\/le-commerce-equitable-facteur-de-resilience-2\/","og_locale":"fr_FR","og_type":"article","og_title":"Le commerce \u00e9quitable, facteur de r\u00e9silience - Swiss Fair Trade","og_description":"Le commerce \u00e9quitable soutient l'agriculture familiale et se tient aux c\u00f4t\u00e9s des agriculteurs et agricultrices pour les aider \u00e0 s'adapter aux cons\u00e9quences du d\u00e9r\u00e8glement climatique.","og_url":"https:\/\/www.swissfairtrade.ch\/fr\/champs-d-actions\/centre-de-competences-3\/climat\/le-commerce-equitable-facteur-de-resilience-2\/","og_site_name":"Swiss Fair Trade","article_modified_time":"2022-04-22T10:24:04+00:00","og_image":[{"width":2560,"height":1714,"url":"https:\/\/www.swissfairtrade.ch\/wp-content\/uploads\/pexels-arti-agarwal-2880741-1-scaled.jpg","type":"image\/jpeg"}],"twitter_card":"summary_large_image","twitter_misc":{"Dur\u00e9e de lecture estim\u00e9e":"4 minutes"},"schema":{"@context":"https:\/\/schema.org","@graph":[{"@type":"WebPage","@id":"https:\/\/www.swissfairtrade.ch\/fr\/champs-d-actions\/centre-de-competences-3\/climat\/le-commerce-equitable-facteur-de-resilience-2\/","url":"https:\/\/www.swissfairtrade.ch\/fr\/champs-d-actions\/centre-de-competences-3\/climat\/le-commerce-equitable-facteur-de-resilience-2\/","name":"Le commerce \u00e9quitable, facteur de r\u00e9silience - Swiss Fair Trade","isPartOf":{"@id":"https:\/\/www.swissfairtrade.ch\/it\/#website"},"primaryImageOfPage":{"@id":"https:\/\/www.swissfairtrade.ch\/fr\/champs-d-actions\/centre-de-competences-3\/climat\/le-commerce-equitable-facteur-de-resilience-2\/#primaryimage"},"image":{"@id":"https:\/\/www.swissfairtrade.ch\/fr\/champs-d-actions\/centre-de-competences-3\/climat\/le-commerce-equitable-facteur-de-resilience-2\/#primaryimage"},"thumbnailUrl":"https:\/\/www.swissfairtrade.ch\/wp-content\/uploads\/pexels-arti-agarwal-2880741-1-scaled.jpg","datePublished":"2021-04-28T12:39:13+00:00","dateModified":"2022-04-22T10:24:04+00:00","breadcrumb":{"@id":"https:\/\/www.swissfairtrade.ch\/fr\/champs-d-actions\/centre-de-competences-3\/climat\/le-commerce-equitable-facteur-de-resilience-2\/#breadcrumb"},"inLanguage":"fr-FR","potentialAction":[{"@type":"ReadAction","target":["https:\/\/www.swissfairtrade.ch\/fr\/champs-d-actions\/centre-de-competences-3\/climat\/le-commerce-equitable-facteur-de-resilience-2\/"]}]},{"@type":"ImageObject","inLanguage":"fr-FR","@id":"https:\/\/www.swissfairtrade.ch\/fr\/champs-d-actions\/centre-de-competences-3\/climat\/le-commerce-equitable-facteur-de-resilience-2\/#primaryimage","url":"https:\/\/www.swissfairtrade.ch\/wp-content\/uploads\/pexels-arti-agarwal-2880741-1-scaled.jpg","contentUrl":"https:\/\/www.swissfairtrade.ch\/wp-content\/uploads\/pexels-arti-agarwal-2880741-1-scaled.jpg","width":2560,"height":1714},{"@type":"BreadcrumbList","@id":"https:\/\/www.swissfairtrade.ch\/fr\/champs-d-actions\/centre-de-competences-3\/climat\/le-commerce-equitable-facteur-de-resilience-2\/#breadcrumb","itemListElement":[{"@type":"ListItem","position":1,"name":"Home","item":"https:\/\/www.swissfairtrade.ch\/fr\/"},{"@type":"ListItem","position":2,"name":"Champs d\u2019actions","item":"https:\/\/www.swissfairtrade.ch\/fr\/champs-d-actions\/"},{"@type":"ListItem","position":3,"name":"Centre de comp\u00e9tences","item":"https:\/\/www.swissfairtrade.ch\/fr\/champs-d-actions\/centre-de-competences-3\/"},{"@type":"ListItem","position":4,"name":"Climat","item":"https:\/\/www.swissfairtrade.ch\/fr\/champs-d-actions\/centre-de-competences-3\/climat\/"},{"@type":"ListItem","position":5,"name":"Le commerce \u00e9quitable, facteur de r\u00e9silience"}]},{"@type":"WebSite","@id":"https:\/\/www.swissfairtrade.ch\/it\/#website","url":"https:\/\/www.swissfairtrade.ch\/it\/","name":"Swiss Fair Trade","description":"","publisher":{"@id":"https:\/\/www.swissfairtrade.ch\/it\/#organization"},"potentialAction":[{"@type":"SearchAction","target":{"@type":"EntryPoint","urlTemplate":"https:\/\/www.swissfairtrade.ch\/it\/?s={search_term_string}"},"query-input":{"@type":"PropertyValueSpecification","valueRequired":true,"valueName":"search_term_string"}}],"inLanguage":"fr-FR"},{"@type":"Organization","@id":"https:\/\/www.swissfairtrade.ch\/it\/#organization","name":"Swiss Fair Trade","url":"https:\/\/www.swissfairtrade.ch\/it\/","logo":{"@type":"ImageObject","inLanguage":"fr-FR","@id":"https:\/\/www.swissfairtrade.ch\/it\/#\/schema\/logo\/image\/","url":"https:\/\/www.swissfairtrade.ch\/wp-content\/uploads\/SwissFairTrade-Logo-rgb-203.51.59-web.png","contentUrl":"https:\/\/www.swissfairtrade.ch\/wp-content\/uploads\/SwissFairTrade-Logo-rgb-203.51.59-web.png","width":130,"height":115,"caption":"Swiss Fair Trade"},"image":{"@id":"https:\/\/www.swissfairtrade.ch\/it\/#\/schema\/logo\/image\/"}}]}},"_links":{"self":[{"href":"https:\/\/www.swissfairtrade.ch\/fr\/wp-json\/wp\/v2\/pages\/9605","targetHints":{"allow":["GET"]}}],"collection":[{"href":"https:\/\/www.swissfairtrade.ch\/fr\/wp-json\/wp\/v2\/pages"}],"about":[{"href":"https:\/\/www.swissfairtrade.ch\/fr\/wp-json\/wp\/v2\/types\/page"}],"author":[{"embeddable":true,"href":"https:\/\/www.swissfairtrade.ch\/fr\/wp-json\/wp\/v2\/users\/3"}],"replies":[{"embeddable":true,"href":"https:\/\/www.swissfairtrade.ch\/fr\/wp-json\/wp\/v2\/comments?post=9605"}],"version-history":[{"count":0,"href":"https:\/\/www.swissfairtrade.ch\/fr\/wp-json\/wp\/v2\/pages\/9605\/revisions"}],"up":[{"embeddable":true,"href":"https:\/\/www.swissfairtrade.ch\/fr\/wp-json\/wp\/v2\/pages\/4799"}],"wp:featuredmedia":[{"embeddable":true,"href":"https:\/\/www.swissfairtrade.ch\/fr\/wp-json\/wp\/v2\/media\/9633"}],"wp:attachment":[{"href":"https:\/\/www.swissfairtrade.ch\/fr\/wp-json\/wp\/v2\/media?parent=9605"}],"wp:term":[{"taxonomy":"hauptseiten-kategorie","embeddable":true,"href":"https:\/\/www.swissfairtrade.ch\/fr\/wp-json\/wp\/v2\/hauptseiten-kategorie?post=9605"}],"curies":[{"name":"wp","href":"https:\/\/api.w.org\/{rel}","templated":true}]}}