{"id":9602,"date":"2021-04-28T14:31:29","date_gmt":"2021-04-28T12:31:29","guid":{"rendered":"https:\/\/www.swissfairtrade.ch\/?page_id=9602"},"modified":"2022-05-03T08:06:39","modified_gmt":"2022-05-03T06:06:39","slug":"les-effets-devastateurs-du-changement-climatique-sur-lagriculture-paysanne","status":"publish","type":"page","link":"https:\/\/www.swissfairtrade.ch\/fr\/champs-d-actions\/centre-de-competences-3\/climat\/les-effets-devastateurs-du-changement-climatique-sur-lagriculture-paysanne\/","title":{"rendered":"Les effets d\u00e9vastateurs du changement climatique sur l\u2019agriculture paysanne"},"content":{"rendered":"<div class=\"wpb-content-wrapper\"><p>[vc_row full_width=\u00a0\u00bbstretch_row\u00a0\u00bb content_placement=\u00a0\u00bbbottom\u00a0\u00bb parallax=\u00a0\u00bbcontent-moving-fade\u00a0\u00bb parallax_image=\u00a0\u00bb2959&Prime; css=\u00a0\u00bb.vc_custom_1619613066752{background: rgba(196,196,196,0.71) url(https:\/\/www.swissfairtrade.ch\/wp-content\/uploads\/AdobeStock_282840683-scaled.jpeg?id=9642);background-position: center;background-repeat: no-repeat !important;background-size: cover !important;*background-color: rgb(196,196,196) !important;}\u00a0\u00bb el_class=\u00a0\u00bbheader\u00a0\u00bb][vc_column][vc_column_text el_class=\u00a0\u00bbtxt-white\u00a0\u00bb]<\/p>\n<div class=\"annot\">\n<div class=\"row-main\">\n<div class=\"csc-header csc-header-n1\">\n<h1 class=\"csc-firstHeader\"><strong>Climat<\/strong><\/h1>\n<\/div>\n<h2><strong>Les effets d\u00e9vastateurs du changement climatique sur l\u2019agriculture paysanne <\/strong><\/h2>\n<p>&nbsp;<\/p>\n<\/div>\n<\/div>\n<p>[\/vc_column_text][\/vc_column][\/vc_row][vc_row][vc_column][vc_column_text]<strong>Les effets d\u00e9vastateurs du changement climatique sur l\u2019agriculture paysanne <\/strong><\/p>\n<p>Le changement climatique bouleverse les conditions m\u00e9t\u00e9orologiques et dans notre soci\u00e9t\u00e9 mondialis\u00e9e, ce sont ceux qui en sont le moins responsables qui en subissent le plus les cons\u00e9quences (Frank et Buckley\u00a02012\u00a0: 6)\u00a0: les populations du Sud pratiquant l\u2019agriculture paysanne souffrent de ces nouvelles conditions sources de s\u00e9cheresses, d\u2019inondations, de m\u00fbrissement pr\u00e9coce ou retard\u00e9, de mauvaises r\u00e9coltes ainsi que de l\u2019apparition de nouveaux parasites, mauvaises herbes et maladies. C\u2019est souvent l\u2019ensemble de l\u2019\u00e9conomie d\u2019un pays qui en souffre, puisque la petite paysannerie en constitue une part essentielle. En Afrique par exemple, 60\u00a0% des emplois et des recettes d\u2019exportation proviennent de l\u2019agriculture (Borsky et Spata\u00a02016\u00a0: 3).<\/p>\n<p>Les parasites qui prolif\u00e8rent en raison du changement climatique s\u2019attaquent aux plantes et r\u00e9duisent \u00e0 n\u00e9ant des r\u00e9coltes enti\u00e8res, dans les plantations de caf\u00e9 notamment, de sorte que les revenus des paysan\u00b7ne\u00b7s diminuent fortement (<a href=\"https:\/\/www.yocafe.ch\/\">yocafe.ch<\/a> et <a href=\"https:\/\/www.maxhavelaar.ch\/fr\">Max Havelaar<\/a>). Ces parasites mettent en p\u00e9ril non seulement la production destin\u00e9e \u00e0 la vente, mais aussi les cultures vivri\u00e8res (<a href=\"https:\/\/www.yocafe.ch\/\" target=\"_blank\" rel=\"noopener noreferrer\">yocafe.ch<\/a> et <a href=\"https:\/\/www.maxhavelaar.ch\/fr\">Max Havelaar<\/a>). Le riz par exemple, qui est l\u2019un des principaux aliments au B\u00e9nin (en Afrique de l\u2019Ouest), tend \u00e0 y devenir une denr\u00e9e rare en raison des mauvaises r\u00e9coltes dues aux \u00e9v\u00e9nements m\u00e9t\u00e9orologiques extr\u00eames (<a href=\"https:\/\/www.bruecke-lepont.ch\/fr\/\" target=\"_blank\" rel=\"noopener noreferrer\">Br\u00fccke\u2013Le Pont<\/a>).<\/p>\n<p>Le mod\u00e8le \u00e9conomique \u00e0 l\u2019origine de la crise climatique se caract\u00e9rise par un fort d\u00e9s\u00e9quilibre des forces en pr\u00e9sence. Ce d\u00e9s\u00e9quilibre cr\u00e9e des relations de d\u00e9pendance qui rendent l\u2019agriculture paysanne extr\u00eamement vuln\u00e9rable aux effets du changement climatique. Ces paysan\u00b7ne\u00b7s n\u2019ayant souvent que tr\u00e8s peu de moyens financiers, ils peinent \u00e0 faire face aux nouvelles conditions m\u00e9t\u00e9orologiques. Si le monde paysan a toujours su s\u2019adapter \u00e0 certains changements, les strat\u00e9gies utilis\u00e9es jusqu\u2019\u00e0 maintenant ne font pas le poids face \u00e0 l\u2019ampleur des bouleversements actuels (Frank et Buckley\u00a02012\u00a0: 6).<\/p>\n<p>Ces cons\u00e9quences sont d\u2019autant plus injustes que les m\u00e9thodes de l\u2019agriculture paysanne contribuent \u00e0 lutter contre le changement climatique, puisqu\u2019elles pr\u00e9servent les ressources naturelles et g\u00e9n\u00e8rent bien moins d\u2019\u00e9missions polluantes que les cultures industrielles \u00e0 grande \u00e9chelle.<\/p>\n<p>Par ailleurs, le manque de perspectives d\u00fb aux mauvaises r\u00e9coltes pousse les paysan\u00b7ne\u00b7s \u00e0 quitter les zones rurales pour aller gagner leur vie en ville, et ce n\u2019est pas rare que ce ph\u00e9nom\u00e8ne s\u00e9pare des familles (<a href=\"https:\/\/actiondecareme.ch\/\" target=\"_blank\" rel=\"noopener noreferrer\">Action de Car\u00eame<\/a>).<\/p>\n<p>&nbsp;<\/p>\n<p><strong>Sources<\/strong><\/p>\n<p><a href=\"https:\/\/pubs.iied.org\/sites\/default\/files\/pdfs\/migrate\/16518IIED.pdf\" target=\"_blank\" rel=\"noopener noreferrer\">Jessica Frank et Chris Penrose Buckley 2012<\/a>: Small-Scale Farmers and Climate Change. How can Farmer Organisations and Fairtrade build the Adaptive Capacity of Smallholders? Sustainable Markets.<br \/>\n<a href=\"https:\/\/static.uni-graz.at\/fileadmin\/_Persoenliche_Webseite\/borsky_stefan\/Papers\/fairtradeCC_21-11-16.pdf\" target=\"_blank\" rel=\"noopener noreferrer\">Stefan Borsky et Martina Spata 2016<\/a>: The Impact of Fair Trade on the Adaptive capacity of Artisans and Smallholder Farmers.[\/vc_column_text][\/vc_column][\/vc_row][vc_row][vc_column][vc_empty_space height=\u00a0\u00bb50px\u00a0\u00bb][vc_separator][vc_column_text]<\/p>\n<div class=\"wpb_text_column wpb_content_element \">\n<div class=\"wpb_wrapper\">\n<h3>Autres sujets<\/h3>\n<\/div>\n<\/div>\n<p>[\/vc_column_text][vc_basic_grid post_type=\u00a0\u00bbpage\u00a0\u00bb max_items=\u00a0\u00bb-1&Prime; gap=\u00a0\u00bb10&Prime; orderby=\u00a0\u00bbmenu_order\u00a0\u00bb order=\u00a0\u00bbASC\u00a0\u00bb item=\u00a0\u00bb1885&Prime; grid_id=\u00a0\u00bbvc_gid:1619637345642-395e62c5-6f6b-1&Prime; taxonomies=\u00a0\u00bb358&Prime;][\/vc_column][\/vc_row]<\/p>\n<\/div>","protected":false},"excerpt":{"rendered":"<p>Les effets du changement climatique frappent le plus durement ceux qui en sont le moins responsables.<\/p>\n","protected":false},"author":3,"featured_media":9642,"parent":4799,"menu_order":0,"comment_status":"closed","ping_status":"closed","template":"","meta":{"generate_page_header":"","footnotes":"","_links_to":"","_links_to_target":""},"hauptseiten-kategorie":[358],"class_list":{"0":"post-9602","1":"page","2":"type-page","3":"status-publish","4":"has-post-thumbnail","6":"hauptseiten-kategorie-climat"},"yoast_head":"<!-- This site is optimized with the Yoast SEO plugin v26.2 - https:\/\/yoast.com\/wordpress\/plugins\/seo\/ -->\n<title>Les effets d\u00e9vastateurs du changement climatique sur l\u2019agriculture paysanne - Swiss Fair Trade<\/title>\n<meta name=\"robots\" content=\"index, follow, max-snippet:-1, max-image-preview:large, max-video-preview:-1\" \/>\n<link rel=\"canonical\" href=\"https:\/\/www.swissfairtrade.ch\/fr\/champs-d-actions\/centre-de-competences-3\/climat\/les-effets-devastateurs-du-changement-climatique-sur-lagriculture-paysanne\/\" \/>\n<meta property=\"og:locale\" content=\"fr_FR\" \/>\n<meta property=\"og:type\" content=\"article\" \/>\n<meta property=\"og:title\" content=\"Les effets d\u00e9vastateurs du changement climatique sur l\u2019agriculture paysanne - Swiss Fair Trade\" \/>\n<meta property=\"og:description\" content=\"Les effets du changement climatique frappent le plus durement ceux qui en sont le moins responsables.\" \/>\n<meta property=\"og:url\" content=\"https:\/\/www.swissfairtrade.ch\/fr\/champs-d-actions\/centre-de-competences-3\/climat\/les-effets-devastateurs-du-changement-climatique-sur-lagriculture-paysanne\/\" \/>\n<meta property=\"og:site_name\" content=\"Swiss Fair Trade\" \/>\n<meta property=\"article:modified_time\" content=\"2022-05-03T06:06:39+00:00\" \/>\n<meta property=\"og:image\" content=\"https:\/\/www.swissfairtrade.ch\/wp-content\/uploads\/AdobeStock_282840683-scaled.jpeg\" \/>\n\t<meta property=\"og:image:width\" content=\"2560\" \/>\n\t<meta property=\"og:image:height\" content=\"1709\" \/>\n\t<meta property=\"og:image:type\" content=\"image\/jpeg\" \/>\n<meta name=\"twitter:card\" content=\"summary_large_image\" \/>\n<meta name=\"twitter:label1\" content=\"Dur\u00e9e de lecture estim\u00e9e\" \/>\n\t<meta name=\"twitter:data1\" content=\"3 minutes\" \/>\n<script type=\"application\/ld+json\" class=\"yoast-schema-graph\">{\"@context\":\"https:\/\/schema.org\",\"@graph\":[{\"@type\":\"WebPage\",\"@id\":\"https:\/\/www.swissfairtrade.ch\/fr\/champs-d-actions\/centre-de-competences-3\/climat\/les-effets-devastateurs-du-changement-climatique-sur-lagriculture-paysanne\/\",\"url\":\"https:\/\/www.swissfairtrade.ch\/fr\/champs-d-actions\/centre-de-competences-3\/climat\/les-effets-devastateurs-du-changement-climatique-sur-lagriculture-paysanne\/\",\"name\":\"Les effets d\u00e9vastateurs du changement climatique sur l\u2019agriculture paysanne - Swiss Fair Trade\",\"isPartOf\":{\"@id\":\"https:\/\/www.swissfairtrade.ch\/it\/#website\"},\"primaryImageOfPage\":{\"@id\":\"https:\/\/www.swissfairtrade.ch\/fr\/champs-d-actions\/centre-de-competences-3\/climat\/les-effets-devastateurs-du-changement-climatique-sur-lagriculture-paysanne\/#primaryimage\"},\"image\":{\"@id\":\"https:\/\/www.swissfairtrade.ch\/fr\/champs-d-actions\/centre-de-competences-3\/climat\/les-effets-devastateurs-du-changement-climatique-sur-lagriculture-paysanne\/#primaryimage\"},\"thumbnailUrl\":\"https:\/\/www.swissfairtrade.ch\/wp-content\/uploads\/AdobeStock_282840683-scaled.jpeg\",\"datePublished\":\"2021-04-28T12:31:29+00:00\",\"dateModified\":\"2022-05-03T06:06:39+00:00\",\"breadcrumb\":{\"@id\":\"https:\/\/www.swissfairtrade.ch\/fr\/champs-d-actions\/centre-de-competences-3\/climat\/les-effets-devastateurs-du-changement-climatique-sur-lagriculture-paysanne\/#breadcrumb\"},\"inLanguage\":\"fr-FR\",\"potentialAction\":[{\"@type\":\"ReadAction\",\"target\":[\"https:\/\/www.swissfairtrade.ch\/fr\/champs-d-actions\/centre-de-competences-3\/climat\/les-effets-devastateurs-du-changement-climatique-sur-lagriculture-paysanne\/\"]}]},{\"@type\":\"ImageObject\",\"inLanguage\":\"fr-FR\",\"@id\":\"https:\/\/www.swissfairtrade.ch\/fr\/champs-d-actions\/centre-de-competences-3\/climat\/les-effets-devastateurs-du-changement-climatique-sur-lagriculture-paysanne\/#primaryimage\",\"url\":\"https:\/\/www.swissfairtrade.ch\/wp-content\/uploads\/AdobeStock_282840683-scaled.jpeg\",\"contentUrl\":\"https:\/\/www.swissfairtrade.ch\/wp-content\/uploads\/AdobeStock_282840683-scaled.jpeg\",\"width\":2560,\"height\":1709,\"caption\":\"Desperate Farmer working on dry ground with hoe. Global warming crisis, Economic crisis concept\"},{\"@type\":\"BreadcrumbList\",\"@id\":\"https:\/\/www.swissfairtrade.ch\/fr\/champs-d-actions\/centre-de-competences-3\/climat\/les-effets-devastateurs-du-changement-climatique-sur-lagriculture-paysanne\/#breadcrumb\",\"itemListElement\":[{\"@type\":\"ListItem\",\"position\":1,\"name\":\"Home\",\"item\":\"https:\/\/www.swissfairtrade.ch\/fr\/\"},{\"@type\":\"ListItem\",\"position\":2,\"name\":\"Champs d\u2019actions\",\"item\":\"https:\/\/www.swissfairtrade.ch\/fr\/champs-d-actions\/\"},{\"@type\":\"ListItem\",\"position\":3,\"name\":\"Centre de comp\u00e9tences\",\"item\":\"https:\/\/www.swissfairtrade.ch\/fr\/champs-d-actions\/centre-de-competences-3\/\"},{\"@type\":\"ListItem\",\"position\":4,\"name\":\"Climat\",\"item\":\"https:\/\/www.swissfairtrade.ch\/fr\/champs-d-actions\/centre-de-competences-3\/climat\/\"},{\"@type\":\"ListItem\",\"position\":5,\"name\":\"Les effets d\u00e9vastateurs du changement climatique sur l\u2019agriculture paysanne\"}]},{\"@type\":\"WebSite\",\"@id\":\"https:\/\/www.swissfairtrade.ch\/it\/#website\",\"url\":\"https:\/\/www.swissfairtrade.ch\/it\/\",\"name\":\"Swiss Fair Trade\",\"description\":\"\",\"publisher\":{\"@id\":\"https:\/\/www.swissfairtrade.ch\/it\/#organization\"},\"potentialAction\":[{\"@type\":\"SearchAction\",\"target\":{\"@type\":\"EntryPoint\",\"urlTemplate\":\"https:\/\/www.swissfairtrade.ch\/it\/?s={search_term_string}\"},\"query-input\":{\"@type\":\"PropertyValueSpecification\",\"valueRequired\":true,\"valueName\":\"search_term_string\"}}],\"inLanguage\":\"fr-FR\"},{\"@type\":\"Organization\",\"@id\":\"https:\/\/www.swissfairtrade.ch\/it\/#organization\",\"name\":\"Swiss Fair Trade\",\"url\":\"https:\/\/www.swissfairtrade.ch\/it\/\",\"logo\":{\"@type\":\"ImageObject\",\"inLanguage\":\"fr-FR\",\"@id\":\"https:\/\/www.swissfairtrade.ch\/it\/#\/schema\/logo\/image\/\",\"url\":\"https:\/\/www.swissfairtrade.ch\/wp-content\/uploads\/SwissFairTrade-Logo-rgb-203.51.59-web.png\",\"contentUrl\":\"https:\/\/www.swissfairtrade.ch\/wp-content\/uploads\/SwissFairTrade-Logo-rgb-203.51.59-web.png\",\"width\":130,\"height\":115,\"caption\":\"Swiss Fair Trade\"},\"image\":{\"@id\":\"https:\/\/www.swissfairtrade.ch\/it\/#\/schema\/logo\/image\/\"}}]}<\/script>\n<!-- \/ Yoast SEO plugin. -->","yoast_head_json":{"title":"Les effets d\u00e9vastateurs du changement climatique sur l\u2019agriculture paysanne - Swiss Fair Trade","robots":{"index":"index","follow":"follow","max-snippet":"max-snippet:-1","max-image-preview":"max-image-preview:large","max-video-preview":"max-video-preview:-1"},"canonical":"https:\/\/www.swissfairtrade.ch\/fr\/champs-d-actions\/centre-de-competences-3\/climat\/les-effets-devastateurs-du-changement-climatique-sur-lagriculture-paysanne\/","og_locale":"fr_FR","og_type":"article","og_title":"Les effets d\u00e9vastateurs du changement climatique sur l\u2019agriculture paysanne - Swiss Fair Trade","og_description":"Les effets du changement climatique frappent le plus durement ceux qui en sont le moins responsables.","og_url":"https:\/\/www.swissfairtrade.ch\/fr\/champs-d-actions\/centre-de-competences-3\/climat\/les-effets-devastateurs-du-changement-climatique-sur-lagriculture-paysanne\/","og_site_name":"Swiss Fair Trade","article_modified_time":"2022-05-03T06:06:39+00:00","og_image":[{"width":2560,"height":1709,"url":"https:\/\/www.swissfairtrade.ch\/wp-content\/uploads\/AdobeStock_282840683-scaled.jpeg","type":"image\/jpeg"}],"twitter_card":"summary_large_image","twitter_misc":{"Dur\u00e9e de lecture estim\u00e9e":"3 minutes"},"schema":{"@context":"https:\/\/schema.org","@graph":[{"@type":"WebPage","@id":"https:\/\/www.swissfairtrade.ch\/fr\/champs-d-actions\/centre-de-competences-3\/climat\/les-effets-devastateurs-du-changement-climatique-sur-lagriculture-paysanne\/","url":"https:\/\/www.swissfairtrade.ch\/fr\/champs-d-actions\/centre-de-competences-3\/climat\/les-effets-devastateurs-du-changement-climatique-sur-lagriculture-paysanne\/","name":"Les effets d\u00e9vastateurs du changement climatique sur l\u2019agriculture paysanne - Swiss Fair Trade","isPartOf":{"@id":"https:\/\/www.swissfairtrade.ch\/it\/#website"},"primaryImageOfPage":{"@id":"https:\/\/www.swissfairtrade.ch\/fr\/champs-d-actions\/centre-de-competences-3\/climat\/les-effets-devastateurs-du-changement-climatique-sur-lagriculture-paysanne\/#primaryimage"},"image":{"@id":"https:\/\/www.swissfairtrade.ch\/fr\/champs-d-actions\/centre-de-competences-3\/climat\/les-effets-devastateurs-du-changement-climatique-sur-lagriculture-paysanne\/#primaryimage"},"thumbnailUrl":"https:\/\/www.swissfairtrade.ch\/wp-content\/uploads\/AdobeStock_282840683-scaled.jpeg","datePublished":"2021-04-28T12:31:29+00:00","dateModified":"2022-05-03T06:06:39+00:00","breadcrumb":{"@id":"https:\/\/www.swissfairtrade.ch\/fr\/champs-d-actions\/centre-de-competences-3\/climat\/les-effets-devastateurs-du-changement-climatique-sur-lagriculture-paysanne\/#breadcrumb"},"inLanguage":"fr-FR","potentialAction":[{"@type":"ReadAction","target":["https:\/\/www.swissfairtrade.ch\/fr\/champs-d-actions\/centre-de-competences-3\/climat\/les-effets-devastateurs-du-changement-climatique-sur-lagriculture-paysanne\/"]}]},{"@type":"ImageObject","inLanguage":"fr-FR","@id":"https:\/\/www.swissfairtrade.ch\/fr\/champs-d-actions\/centre-de-competences-3\/climat\/les-effets-devastateurs-du-changement-climatique-sur-lagriculture-paysanne\/#primaryimage","url":"https:\/\/www.swissfairtrade.ch\/wp-content\/uploads\/AdobeStock_282840683-scaled.jpeg","contentUrl":"https:\/\/www.swissfairtrade.ch\/wp-content\/uploads\/AdobeStock_282840683-scaled.jpeg","width":2560,"height":1709,"caption":"Desperate Farmer working on dry ground with hoe. Global warming crisis, Economic crisis concept"},{"@type":"BreadcrumbList","@id":"https:\/\/www.swissfairtrade.ch\/fr\/champs-d-actions\/centre-de-competences-3\/climat\/les-effets-devastateurs-du-changement-climatique-sur-lagriculture-paysanne\/#breadcrumb","itemListElement":[{"@type":"ListItem","position":1,"name":"Home","item":"https:\/\/www.swissfairtrade.ch\/fr\/"},{"@type":"ListItem","position":2,"name":"Champs d\u2019actions","item":"https:\/\/www.swissfairtrade.ch\/fr\/champs-d-actions\/"},{"@type":"ListItem","position":3,"name":"Centre de comp\u00e9tences","item":"https:\/\/www.swissfairtrade.ch\/fr\/champs-d-actions\/centre-de-competences-3\/"},{"@type":"ListItem","position":4,"name":"Climat","item":"https:\/\/www.swissfairtrade.ch\/fr\/champs-d-actions\/centre-de-competences-3\/climat\/"},{"@type":"ListItem","position":5,"name":"Les effets d\u00e9vastateurs du changement climatique sur l\u2019agriculture paysanne"}]},{"@type":"WebSite","@id":"https:\/\/www.swissfairtrade.ch\/it\/#website","url":"https:\/\/www.swissfairtrade.ch\/it\/","name":"Swiss Fair Trade","description":"","publisher":{"@id":"https:\/\/www.swissfairtrade.ch\/it\/#organization"},"potentialAction":[{"@type":"SearchAction","target":{"@type":"EntryPoint","urlTemplate":"https:\/\/www.swissfairtrade.ch\/it\/?s={search_term_string}"},"query-input":{"@type":"PropertyValueSpecification","valueRequired":true,"valueName":"search_term_string"}}],"inLanguage":"fr-FR"},{"@type":"Organization","@id":"https:\/\/www.swissfairtrade.ch\/it\/#organization","name":"Swiss Fair Trade","url":"https:\/\/www.swissfairtrade.ch\/it\/","logo":{"@type":"ImageObject","inLanguage":"fr-FR","@id":"https:\/\/www.swissfairtrade.ch\/it\/#\/schema\/logo\/image\/","url":"https:\/\/www.swissfairtrade.ch\/wp-content\/uploads\/SwissFairTrade-Logo-rgb-203.51.59-web.png","contentUrl":"https:\/\/www.swissfairtrade.ch\/wp-content\/uploads\/SwissFairTrade-Logo-rgb-203.51.59-web.png","width":130,"height":115,"caption":"Swiss Fair Trade"},"image":{"@id":"https:\/\/www.swissfairtrade.ch\/it\/#\/schema\/logo\/image\/"}}]}},"_links":{"self":[{"href":"https:\/\/www.swissfairtrade.ch\/fr\/wp-json\/wp\/v2\/pages\/9602","targetHints":{"allow":["GET"]}}],"collection":[{"href":"https:\/\/www.swissfairtrade.ch\/fr\/wp-json\/wp\/v2\/pages"}],"about":[{"href":"https:\/\/www.swissfairtrade.ch\/fr\/wp-json\/wp\/v2\/types\/page"}],"author":[{"embeddable":true,"href":"https:\/\/www.swissfairtrade.ch\/fr\/wp-json\/wp\/v2\/users\/3"}],"replies":[{"embeddable":true,"href":"https:\/\/www.swissfairtrade.ch\/fr\/wp-json\/wp\/v2\/comments?post=9602"}],"version-history":[{"count":0,"href":"https:\/\/www.swissfairtrade.ch\/fr\/wp-json\/wp\/v2\/pages\/9602\/revisions"}],"up":[{"embeddable":true,"href":"https:\/\/www.swissfairtrade.ch\/fr\/wp-json\/wp\/v2\/pages\/4799"}],"wp:featuredmedia":[{"embeddable":true,"href":"https:\/\/www.swissfairtrade.ch\/fr\/wp-json\/wp\/v2\/media\/9642"}],"wp:attachment":[{"href":"https:\/\/www.swissfairtrade.ch\/fr\/wp-json\/wp\/v2\/media?parent=9602"}],"wp:term":[{"taxonomy":"hauptseiten-kategorie","embeddable":true,"href":"https:\/\/www.swissfairtrade.ch\/fr\/wp-json\/wp\/v2\/hauptseiten-kategorie?post=9602"}],"curies":[{"name":"wp","href":"https:\/\/api.w.org\/{rel}","templated":true}]}}