{"id":9311,"date":"2020-12-30T12:00:01","date_gmt":"2020-12-30T11:00:01","guid":{"rendered":"https:\/\/www.swissfairtrade.ch\/?page_id=9311"},"modified":"2020-12-30T13:18:18","modified_gmt":"2020-12-30T12:18:18","slug":"re-faire-equitable","status":"publish","type":"page","link":"https:\/\/www.swissfairtrade.ch\/fr\/champs-d-actions\/centre-de-competences-3\/re-faire-equitable\/","title":{"rendered":"(re) Faire \u00e9quitable"},"content":{"rendered":"<div class=\"wpb-content-wrapper\"><p>[vc_row full_width=\u00a0\u00bbstretch_row\u00a0\u00bb content_placement=\u00a0\u00bbbottom\u00a0\u00bb parallax=\u00a0\u00bbcontent-moving-fade\u00a0\u00bb parallax_image=\u00a0\u00bb2959&Prime; css=\u00a0\u00bb.vc_custom_1609330688779{background: rgba(196,196,196,0.71) url(https:\/\/www.swissfairtrade.ch\/wp-content\/uploads\/4pexels-thor-garlan-2516037-scaled.jpg?id=9338);background-position: center;background-repeat: no-repeat !important;background-size: cover !important;*background-color: rgb(196,196,196) !important;}\u00a0\u00bb el_class=\u00a0\u00bbheader\u00a0\u00bb][vc_column][vc_column_text el_class=\u00a0\u00bbtxt-white\u00a0\u00bb]<\/p>\n<div class=\"annot\">\n<div class=\"row-main\">\n<div class=\"csc-header csc-header-n1\">\n<h1><strong><span lang=\"FR-CH\">(re) Faire \u00e9quitable<\/span><\/strong><\/h1>\n<\/div>\n<h2 class=\"text\"><span lang=\"FR-CH\">Appel pour une transformation et une relance juste, \u00e9quitable et durable de l\u2019\u00e9conomie et du syst\u00e8me commercial \/ des \u00e9changes commerciaux.<\/span><\/h2>\n<p>&nbsp;<\/p>\n<\/div>\n<\/div>\n<p>[\/vc_column_text][\/vc_column][\/vc_row][vc_row][vc_column][vc_column_text]<strong><span lang=\"FR-CH\">Appel d\u2019une coalition d\u2019organisations de la soci\u00e9t\u00e9 civile pour une transformation et une relance juste, \u00e9quitable et durable de l\u2019\u00e9conomie et du syst\u00e8me commercial \/ des \u00e9changes commerciaux.<\/span><\/strong><\/p>\n<p><strong>Introduction<\/strong><\/p>\n<p>La pand\u00e9mie de Covid-19 et les mesures de distanciation physique et de confinement qui l\u2019ont accompagn\u00e9e font payer un lourd tribut aux plus vuln\u00e9rables de nos soci\u00e9t\u00e9s, notamment aux petits producteurs et aux travailleurs. Ses effets sur les droits humains, notamment en mati\u00e8re de droit \u00e0 l\u2019alimentation, ont \u00e9t\u00e9 d\u00e9vastateurs. La pauvret\u00e9 et la faim ont \u00e9galement entra\u00een\u00e9 une augmentation des risques de travail forc\u00e9, de travail des enfants et de d\u00e9forestation.<\/p>\n<p>La crise actuelle nous a montr\u00e9, non seulement, \u00e0 quel point nous \u00e9tions interd\u00e9pendants, mais aussi, \u00e0 quel point la destruction de la nature, la d\u00e9forestation ainsi que les crises climatique et sanitaire \u00e9taient toutes reli\u00e9es entre elles et avaient pour matrice commune l&rsquo;exploitation des personnes et des ressources.<\/p>\n<p>Malgr\u00e9 cela, certaines entreprises ont choisi de privil\u00e9gier des mesures court-termistes afin de prot\u00e9ger leurs int\u00e9r\u00eats au d\u00e9triment des droits des personnes impliqu\u00e9es dans leurs cha\u00eenes d\u2019approvisionnement. Certaines d\u2019entre elles ont annul\u00e9 leurs commandes et ont continu\u00e9 \u00e0 verser des dividendes importants \u00e0 leurs actionnaires, tout en r\u00e9clamant des plans de sauvetage aux pouvoirs publics.<\/p>\n<p>S\u2019il y a une prise de conscience croissante de la n\u00e9cessit\u00e9 de disposer de cha\u00eenes d&rsquo;approvisionnement mondiales plus r\u00e9silientes, celle-ci est souvent comprise du point de vue des services achats des entreprises qui souhaitent avant tout s\u00e9curiser leurs approvisionnements. C\u2019est pourquoi, il est essentiel que les gouvernements mettent en place<br \/>\ndes mesures de soutien afin de garantir la r\u00e9silience des petits producteurs et des travailleurs face aux crises futures. N\u00e9anmoins, il ne faut pas s\u2019en tenir l\u00e0. Dans les ann\u00e9es \u00e0 venir, les d\u00e9r\u00e8glements climatiques ne feront que creuser davantage les in\u00e9galit\u00e9s d\u00e9j\u00e0 existantes, aggravant ainsi la vuln\u00e9rabilit\u00e9 de millions de petits producteurs et travailleurs dans le monde.<\/p>\n<p>Le retour au \u00a8business as usual\u00a8 apr\u00e8s la pand\u00e9mie ne ferait que renforcer les in\u00e9galit\u00e9s et la non-durabilit\u00e9 de notre syst\u00e8me actuel. Aussi, il est n\u00e9cessaire d\u2019encourager la transformation du syst\u00e8me \u00e9conomique et de la gouvernance des cha\u00eenes d\u2019approvisionnement mondiales, dans l\u2019int\u00e9r\u00eat des petits producteurs et des agriculteurs mais aussi dans celui des g\u00e9n\u00e9rations actuelles et futures.<\/p>\n<p><strong>Les transformations dont nous avons besoin<\/strong><\/p>\n<ul>\n<li>D&rsquo;une \u00e9conomie bas\u00e9e sur la concurrence &#8230; \u00e0 une \u00e9conomie bas\u00e9e sur la coop\u00e9ration.<\/li>\n<li>Des politiques commerciales qui sapent les objectifs de durabilit\u00e9 &#8230; \u00e0 des politiques de commerce \u00e9quitables qui favorisent un commerce \u00e9quitable et durable plut\u00f4t qu\u2019un commerce bas\u00e9 sur des produits bons march\u00e9s et de mauvaise qualit\u00e9.<\/li>\n<li>Du libre-\u00e9change et du n\u00e9olib\u00e9ralisme &#8230; \u00e0 la mise en place de politiques commerciales \u00e9quitables au niveau local et international.<\/li>\n<li>D&rsquo;un march\u00e9 libre&#8230; \u00e0 un programme de durabilit\u00e9 avec un m\u00e9lange d&rsquo;initiatives l\u00e9gales et ascendantes pour transformer les cha\u00eenes d&rsquo;approvisionnement, qui permettent \u00e0 tous les consommateurs de faire des choix de consommation durables et abordables.<\/li>\n<li>Des in\u00e9galit\u00e9s croissantes\u2026. \u00e0 la r\u00e9duction des in\u00e9galit\u00e9s entre le Sud et le Nord, entre les riches et les pauvres, entre les femmes et les hommes, entre les petits producteurs et les grandes entreprises.<\/li>\n<li>De la surexploitation des ressources naturelles&#8230; \u00e0 un mod\u00e8le \u00e9conomique et agricole respectueux de l&rsquo;environnement qui favorise la r\u00e9duction des \u00e9missions de gaz \u00e0 effet de serre et la justice climatique.<\/li>\n<li>Des march\u00e9s inond\u00e9s par la nourriture bon march\u00e9 et la fast-fashion&#8230;. \u00e0 une part de march\u00e9 toujours croissante aux produits issus des cha\u00eenes d&rsquo;approvisionnement du commerce \u00e9quitable et biologique, avec autant de circularit\u00e9 que possible.<\/li>\n<li>Des solutions court-termistes de fermeture des fronti\u00e8res fond\u00e9es sur la peur&#8230; \u00e0 une interd\u00e9pendance entre les pays fond\u00e9e sur des conditions de commerce \u00e9quitables.<\/li>\n<li>De l&#8217;emprise des entreprises et des int\u00e9r\u00eats individuels qui influencent les politiques&#8230;. \u00e0 des politiques publiques co-construites qui fa\u00e7onnent le march\u00e9 dans l\u2019int\u00e9r\u00eat des femmes et des hommes de la plan\u00e8te.<\/li>\n<li>Des d\u00e9s\u00e9quilibres de pouvoir dans les cha\u00eenes d&rsquo;approvisionnement&#8230; \u00e0 la justice \u00e9conomique dans les cha\u00eenes d&rsquo;approvisionnement, sans abus et violations des droits humains de la part des entreprises et o\u00f9 les petits producteurs et les travailleurs ont une voix forte.<\/li>\n<li>Des approches de type \u00ab\u00a0conformit\u00e9\u00a0\u00bb en mati\u00e8re de durabilit\u00e9 et de droits humains&#8230; \u00e0 une transformation des pratiques commerciales et d&rsquo;achat qui rendent possible un revenu vital pour les petits producteurs et un salaire d\u00e9cent pour les travailleurs.<\/li>\n<li>Des entreprises \u00e0 but lucratif&#8230; aux entreprises \u00e0 mission.<\/li>\n<li>D&rsquo;une culture du \u00ab\u00a0secret des affaires\u00a0\u00bb&#8230; \u00e0 une culture de la transparence, y compris dans la cha\u00eene d&rsquo;approvisionnement, afin de savoir comment la valeur est partag\u00e9e.<\/li>\n<li>D&rsquo;une culture consum\u00e9riste&#8230; \u00e0 un mode de vie durable et \u00e0 un \u00ab\u00a0New Deal\u00a0\u00bb pour la nature et la plan\u00e8te.<\/li>\n<\/ul>\n<p><strong>Nos recommandations aux gouvernements<\/strong><\/p>\n<p>Compte tenu de ce qui pr\u00e9c\u00e8de, nos recommandations s&rsquo;articulent autour de quatre axes, allant de mesures d\u2019urgence et de court-terme \u00e0 des mesures plus proactives de long-terme:<\/p>\n<p><strong>PROTEGER<\/strong><\/p>\n<ul>\n<li>Veiller \u00e0 ce que les travailleurs et les agriculteurs disposent d&rsquo;\u00e9quipements de protection individuelle.<\/li>\n<li>Lorsque la continuit\u00e9 de l\u2019activit\u00e9 n&rsquo;est pas possible, veiller \u00e0 ce que les agriculteurs et les travailleurs b\u00e9n\u00e9ficient de programmes de maintien des revenus.<\/li>\n<li>Geler les augmentations d\u2019imp\u00f4ts pour les entreprises qui commercialisent des produits de premi\u00e8re n\u00e9cessit\u00e9, garantir des prix abordables pour les produits de premi\u00e8re n\u00e9cessit\u00e9 et ceux n\u00e9cessaires \u00e0 la production agricole, tant que des mesures de confinement et de distanciation physique sont en place.<\/li>\n<\/ul>\n<p><strong>R\u00c9INITIALISER<\/strong><\/p>\n<ul>\n<li>Conditionner les aides publiques aux entreprises au respect des Principes directeurs des Nations unies sur les entreprises et les droits humains et des Lignes directrices de l&rsquo;OCDE sur la conduite responsable des entreprises, \u00e0 la mise en place de politiques d&rsquo;achat responsable, d\u2019\u00e9galit\u00e9 femme-homme, de lutte contre le r\u00e9chauffement climatique et \u00e0 la prise d\u2019engagements en mati\u00e8re de conduite fiscale responsable (limiter les dividendes vers\u00e9s aux actionnaires, prise de d\u00e9cision participative, gouvernance inclusive).<\/li>\n<li>Veiller \u00e0 ce que les petites et moyennes entreprises aient acc\u00e8s \u00e0 un financement abordable, avec des conditions pr\u00e9f\u00e9rentielles pour le commerce \u00e9quitable et les entreprises sociales, les coop\u00e9ratives et les autres acteurs de l&rsquo;\u00e9conomie sociale et solidaire.<\/li>\n<li>Mettre en place des politiques publiques de soutien au commerce \u00e9quitable, aux entreprises sociales, aux coop\u00e9ratives et aux autres acteurs de l&rsquo;\u00e9conomie sociale et solidaire, \u00e0 l&rsquo;agriculture biologique et aux pratiques agro\u00e9cologiques, qui aideront ces alternatives \u00e0 devenir progressivement la norme. Ces politiques doivent inclure un soutien aux organisations de producteurs pour favoriser leur acc\u00e8s \u00e0 de nouveaux march\u00e9s, tel qu\u2019un acc\u00e8s pr\u00e9f\u00e9rentiel \u00e0 un financement abordable ainsi qu&rsquo;une sensibilisation des citoyens, en particulier des jeunes.<\/li>\n<\/ul>\n<p><strong>RESTRUCTURER<\/strong><\/p>\n<ul>\n<li>Adopter une l\u00e9gislation visant \u00e0 garantir que toutes les entreprises et leurs fournisseurs respectent les droits humains, du travail et de l&rsquo;environnement, notamment en am\u00e9liorant les pratiques d&rsquo;achat et de commerce.<\/li>\n<li>Encourager la transformation progressive des entreprises et le passage d\u2019un mod\u00e8le commercial orient\u00e9 vers le profit \u00e0 un mod\u00e8le davantage centr\u00e9 sur la mission, qui fait passer le respect des personnes et des ressources naturelles avant le profit.<\/li>\n<li>Adopter des objectifs nationaux et, le cas \u00e9ch\u00e9ant, r\u00e9gionaux ambitieux pour atteindre les Objectifs de d\u00e9veloppement durable des Nations unies et r\u00e9duire rapidement les \u00e9missions de CO2 afin de limiter l&rsquo;augmentation de la temp\u00e9rature mondiale \u00e0 1,5\u00b0C, conform\u00e9ment \u00e0 l&rsquo;Accord de Paris.<\/li>\n<\/ul>\n<p><strong>REDISTRIBUER<\/strong><\/p>\n<ul>\n<li>R\u00e9former les syst\u00e8mes fiscaux afin de favoriser les produits issus du commerce \u00e9quitable et de l\u2019agriculture biologique, les entreprises sociales, les coop\u00e9ratives et les autres acteurs de l&rsquo;\u00e9conomie sociale et solidaire plut\u00f4t que les cha\u00eenes d&rsquo;approvisionnement fond\u00e9es sur l&rsquo;exploitation des personnes et des ressources.<\/li>\n<li>Faire des march\u00e9s publics responsables la norme et donner la priorit\u00e9 au commerce \u00e9quitable, aux entreprises du bio, aux coop\u00e9ratives et aux autres acteurs de l&rsquo;\u00e9conomie sociale et solidaire dans l&rsquo;attribution des march\u00e9s publics.<\/li>\n<\/ul>\n<p><strong>Organisations signataires:<\/strong><\/p>\n<p><a href=\"https:\/\/wfto.com\/\" target=\"_blank\" rel=\"noopener noreferrer\">World Fair Trade Organization<\/a>, <a href=\"https:\/\/www.fairtrade.net\/\" target=\"_blank\" rel=\"noopener noreferrer\">Fairtrade<\/a>, <a href=\"http:\/\/www.ripess.org\/?lang=en\" target=\"_blank\" rel=\"noopener noreferrer\">RIPESS<\/a>, <a href=\"https:\/\/www.cidse.org\/\" target=\"_blank\" rel=\"noopener noreferrer\">CIDSE<\/a>, <a href=\"https:\/\/actalliance.eu\/\" target=\"_blank\" rel=\"noopener noreferrer\">ACT Alliance EU<\/a>, <a href=\"https:\/\/www.ifoam.bio\/\" target=\"_blank\" rel=\"noopener noreferrer\">IFOAM &#8211; Organics International<\/a>, <a href=\"https:\/\/www.socialeconomy.eu.org\/\" target=\"_blank\" rel=\"noopener noreferrer\">Social Economy Europe<\/a>, <a href=\"https:\/\/wellbeingeconomy.org\/\" target=\"_blank\" rel=\"noopener noreferrer\">Wellbeing Economy Alliance,<\/a>\u00a0<a href=\"https:\/\/www.ica.coop\/en\" target=\"_blank\" rel=\"noopener noreferrer\">International Cooperative Alliance<\/a> et <a href=\"https:\/\/fairtrade-advocacy.org\/\" target=\"_blank\" rel=\"noopener noreferrer\">Fair Trade Advocacy Office (FTAO).<\/a><\/p>\n<p>Vous pouvez lire la d\u00e9claration internationale <a href=\"https:\/\/fairtrade-advocacy.org\/wp-content\/uploads\/2020\/09\/Build-Back-Fairer-Statement-_-final.pdf\" target=\"_blank\" rel=\"noopener noreferrer\">ici<\/a> en anglais.[\/vc_column_text][\/vc_column][\/vc_row][vc_row][vc_column][vc_empty_space height=\u00a0\u00bb50px\u00a0\u00bb][vc_separator][vc_column_text]<\/p>\n<div class=\"wpb_text_column wpb_content_element \">\n<div class=\"wpb_wrapper\">\n<h3>Autres sujets<\/h3>\n<\/div>\n<\/div>\n<p>[\/vc_column_text][vc_basic_grid post_type=\u00a0\u00bbpage\u00a0\u00bb max_items=\u00a0\u00bb-1&Prime; gap=\u00a0\u00bb10&Prime; orderby=\u00a0\u00bbparent\u00a0\u00bb item=\u00a0\u00bb1885&Prime; grid_id=\u00a0\u00bbvc_gid:1609330647457-90a458c9-9743-4&Prime; taxonomies=\u00a0\u00bb238&Prime;][\/vc_column][\/vc_row]<\/p>\n<\/div>","protected":false},"excerpt":{"rendered":"<p>La transformation de l&rsquo;\u00e9conomie et du syst\u00e8me commercial vers un d\u00e9veloppement \u00e9quitable et durable est n\u00e9cessaire.<\/p>\n","protected":false},"author":4,"featured_media":9315,"parent":3425,"menu_order":5,"comment_status":"closed","ping_status":"closed","template":"","meta":{"generate_page_header":"","footnotes":"","_links_to":"","_links_to_target":""},"hauptseiten-kategorie":[238],"class_list":{"0":"post-9311","1":"page","2":"type-page","3":"status-publish","4":"has-post-thumbnail","6":"hauptseiten-kategorie-kompetenzzentrum"},"yoast_head":"<!-- This site is optimized with the Yoast SEO plugin v26.2 - https:\/\/yoast.com\/wordpress\/plugins\/seo\/ -->\n<title>(re) Faire \u00e9quitable - Swiss Fair Trade<\/title>\n<meta name=\"robots\" content=\"index, follow, max-snippet:-1, max-image-preview:large, max-video-preview:-1\" \/>\n<link rel=\"canonical\" href=\"https:\/\/www.swissfairtrade.ch\/fr\/champs-d-actions\/centre-de-competences-3\/re-faire-equitable\/\" \/>\n<meta property=\"og:locale\" content=\"fr_FR\" \/>\n<meta property=\"og:type\" content=\"article\" \/>\n<meta property=\"og:title\" content=\"(re) Faire \u00e9quitable - Swiss Fair Trade\" \/>\n<meta property=\"og:description\" content=\"La transformation de l&#039;\u00e9conomie et du syst\u00e8me commercial vers un d\u00e9veloppement \u00e9quitable et durable est n\u00e9cessaire.\" \/>\n<meta property=\"og:url\" content=\"https:\/\/www.swissfairtrade.ch\/fr\/champs-d-actions\/centre-de-competences-3\/re-faire-equitable\/\" \/>\n<meta property=\"og:site_name\" content=\"Swiss Fair Trade\" \/>\n<meta property=\"article:modified_time\" content=\"2020-12-30T12:18:18+00:00\" \/>\n<meta property=\"og:image\" content=\"https:\/\/www.swissfairtrade.ch\/wp-content\/uploads\/pexels-thor-garlan-2516037-scaled.jpg\" \/>\n\t<meta property=\"og:image:width\" content=\"2560\" \/>\n\t<meta property=\"og:image:height\" content=\"1709\" \/>\n\t<meta property=\"og:image:type\" content=\"image\/jpeg\" \/>\n<meta name=\"twitter:card\" content=\"summary_large_image\" \/>\n<meta name=\"twitter:label1\" content=\"Dur\u00e9e de lecture estim\u00e9e\" \/>\n\t<meta name=\"twitter:data1\" content=\"8 minutes\" \/>\n<script type=\"application\/ld+json\" class=\"yoast-schema-graph\">{\"@context\":\"https:\/\/schema.org\",\"@graph\":[{\"@type\":\"WebPage\",\"@id\":\"https:\/\/www.swissfairtrade.ch\/fr\/champs-d-actions\/centre-de-competences-3\/re-faire-equitable\/\",\"url\":\"https:\/\/www.swissfairtrade.ch\/fr\/champs-d-actions\/centre-de-competences-3\/re-faire-equitable\/\",\"name\":\"(re) Faire \u00e9quitable - Swiss Fair Trade\",\"isPartOf\":{\"@id\":\"https:\/\/www.swissfairtrade.ch\/it\/#website\"},\"primaryImageOfPage\":{\"@id\":\"https:\/\/www.swissfairtrade.ch\/fr\/champs-d-actions\/centre-de-competences-3\/re-faire-equitable\/#primaryimage\"},\"image\":{\"@id\":\"https:\/\/www.swissfairtrade.ch\/fr\/champs-d-actions\/centre-de-competences-3\/re-faire-equitable\/#primaryimage\"},\"thumbnailUrl\":\"https:\/\/www.swissfairtrade.ch\/wp-content\/uploads\/pexels-thor-garlan-2516037-scaled.jpg\",\"datePublished\":\"2020-12-30T11:00:01+00:00\",\"dateModified\":\"2020-12-30T12:18:18+00:00\",\"breadcrumb\":{\"@id\":\"https:\/\/www.swissfairtrade.ch\/fr\/champs-d-actions\/centre-de-competences-3\/re-faire-equitable\/#breadcrumb\"},\"inLanguage\":\"fr-FR\",\"potentialAction\":[{\"@type\":\"ReadAction\",\"target\":[\"https:\/\/www.swissfairtrade.ch\/fr\/champs-d-actions\/centre-de-competences-3\/re-faire-equitable\/\"]}]},{\"@type\":\"ImageObject\",\"inLanguage\":\"fr-FR\",\"@id\":\"https:\/\/www.swissfairtrade.ch\/fr\/champs-d-actions\/centre-de-competences-3\/re-faire-equitable\/#primaryimage\",\"url\":\"https:\/\/www.swissfairtrade.ch\/wp-content\/uploads\/pexels-thor-garlan-2516037-scaled.jpg\",\"contentUrl\":\"https:\/\/www.swissfairtrade.ch\/wp-content\/uploads\/pexels-thor-garlan-2516037-scaled.jpg\",\"width\":2560,\"height\":1709},{\"@type\":\"BreadcrumbList\",\"@id\":\"https:\/\/www.swissfairtrade.ch\/fr\/champs-d-actions\/centre-de-competences-3\/re-faire-equitable\/#breadcrumb\",\"itemListElement\":[{\"@type\":\"ListItem\",\"position\":1,\"name\":\"Home\",\"item\":\"https:\/\/www.swissfairtrade.ch\/fr\/\"},{\"@type\":\"ListItem\",\"position\":2,\"name\":\"Champs d\u2019actions\",\"item\":\"https:\/\/www.swissfairtrade.ch\/fr\/champs-d-actions\/\"},{\"@type\":\"ListItem\",\"position\":3,\"name\":\"Centre de comp\u00e9tences\",\"item\":\"https:\/\/www.swissfairtrade.ch\/fr\/champs-d-actions\/centre-de-competences-3\/\"},{\"@type\":\"ListItem\",\"position\":4,\"name\":\"(re) Faire \u00e9quitable\"}]},{\"@type\":\"WebSite\",\"@id\":\"https:\/\/www.swissfairtrade.ch\/it\/#website\",\"url\":\"https:\/\/www.swissfairtrade.ch\/it\/\",\"name\":\"Swiss Fair Trade\",\"description\":\"\",\"publisher\":{\"@id\":\"https:\/\/www.swissfairtrade.ch\/it\/#organization\"},\"potentialAction\":[{\"@type\":\"SearchAction\",\"target\":{\"@type\":\"EntryPoint\",\"urlTemplate\":\"https:\/\/www.swissfairtrade.ch\/it\/?s={search_term_string}\"},\"query-input\":{\"@type\":\"PropertyValueSpecification\",\"valueRequired\":true,\"valueName\":\"search_term_string\"}}],\"inLanguage\":\"fr-FR\"},{\"@type\":\"Organization\",\"@id\":\"https:\/\/www.swissfairtrade.ch\/it\/#organization\",\"name\":\"Swiss Fair Trade\",\"url\":\"https:\/\/www.swissfairtrade.ch\/it\/\",\"logo\":{\"@type\":\"ImageObject\",\"inLanguage\":\"fr-FR\",\"@id\":\"https:\/\/www.swissfairtrade.ch\/it\/#\/schema\/logo\/image\/\",\"url\":\"https:\/\/www.swissfairtrade.ch\/wp-content\/uploads\/SwissFairTrade-Logo-rgb-203.51.59-web.png\",\"contentUrl\":\"https:\/\/www.swissfairtrade.ch\/wp-content\/uploads\/SwissFairTrade-Logo-rgb-203.51.59-web.png\",\"width\":130,\"height\":115,\"caption\":\"Swiss Fair Trade\"},\"image\":{\"@id\":\"https:\/\/www.swissfairtrade.ch\/it\/#\/schema\/logo\/image\/\"}}]}<\/script>\n<!-- \/ Yoast SEO plugin. -->","yoast_head_json":{"title":"(re) Faire \u00e9quitable - Swiss Fair Trade","robots":{"index":"index","follow":"follow","max-snippet":"max-snippet:-1","max-image-preview":"max-image-preview:large","max-video-preview":"max-video-preview:-1"},"canonical":"https:\/\/www.swissfairtrade.ch\/fr\/champs-d-actions\/centre-de-competences-3\/re-faire-equitable\/","og_locale":"fr_FR","og_type":"article","og_title":"(re) Faire \u00e9quitable - Swiss Fair Trade","og_description":"La transformation de l'\u00e9conomie et du syst\u00e8me commercial vers un d\u00e9veloppement \u00e9quitable et durable est n\u00e9cessaire.","og_url":"https:\/\/www.swissfairtrade.ch\/fr\/champs-d-actions\/centre-de-competences-3\/re-faire-equitable\/","og_site_name":"Swiss Fair Trade","article_modified_time":"2020-12-30T12:18:18+00:00","og_image":[{"width":2560,"height":1709,"url":"https:\/\/www.swissfairtrade.ch\/wp-content\/uploads\/pexels-thor-garlan-2516037-scaled.jpg","type":"image\/jpeg"}],"twitter_card":"summary_large_image","twitter_misc":{"Dur\u00e9e de lecture estim\u00e9e":"8 minutes"},"schema":{"@context":"https:\/\/schema.org","@graph":[{"@type":"WebPage","@id":"https:\/\/www.swissfairtrade.ch\/fr\/champs-d-actions\/centre-de-competences-3\/re-faire-equitable\/","url":"https:\/\/www.swissfairtrade.ch\/fr\/champs-d-actions\/centre-de-competences-3\/re-faire-equitable\/","name":"(re) Faire \u00e9quitable - Swiss Fair Trade","isPartOf":{"@id":"https:\/\/www.swissfairtrade.ch\/it\/#website"},"primaryImageOfPage":{"@id":"https:\/\/www.swissfairtrade.ch\/fr\/champs-d-actions\/centre-de-competences-3\/re-faire-equitable\/#primaryimage"},"image":{"@id":"https:\/\/www.swissfairtrade.ch\/fr\/champs-d-actions\/centre-de-competences-3\/re-faire-equitable\/#primaryimage"},"thumbnailUrl":"https:\/\/www.swissfairtrade.ch\/wp-content\/uploads\/pexels-thor-garlan-2516037-scaled.jpg","datePublished":"2020-12-30T11:00:01+00:00","dateModified":"2020-12-30T12:18:18+00:00","breadcrumb":{"@id":"https:\/\/www.swissfairtrade.ch\/fr\/champs-d-actions\/centre-de-competences-3\/re-faire-equitable\/#breadcrumb"},"inLanguage":"fr-FR","potentialAction":[{"@type":"ReadAction","target":["https:\/\/www.swissfairtrade.ch\/fr\/champs-d-actions\/centre-de-competences-3\/re-faire-equitable\/"]}]},{"@type":"ImageObject","inLanguage":"fr-FR","@id":"https:\/\/www.swissfairtrade.ch\/fr\/champs-d-actions\/centre-de-competences-3\/re-faire-equitable\/#primaryimage","url":"https:\/\/www.swissfairtrade.ch\/wp-content\/uploads\/pexels-thor-garlan-2516037-scaled.jpg","contentUrl":"https:\/\/www.swissfairtrade.ch\/wp-content\/uploads\/pexels-thor-garlan-2516037-scaled.jpg","width":2560,"height":1709},{"@type":"BreadcrumbList","@id":"https:\/\/www.swissfairtrade.ch\/fr\/champs-d-actions\/centre-de-competences-3\/re-faire-equitable\/#breadcrumb","itemListElement":[{"@type":"ListItem","position":1,"name":"Home","item":"https:\/\/www.swissfairtrade.ch\/fr\/"},{"@type":"ListItem","position":2,"name":"Champs d\u2019actions","item":"https:\/\/www.swissfairtrade.ch\/fr\/champs-d-actions\/"},{"@type":"ListItem","position":3,"name":"Centre de comp\u00e9tences","item":"https:\/\/www.swissfairtrade.ch\/fr\/champs-d-actions\/centre-de-competences-3\/"},{"@type":"ListItem","position":4,"name":"(re) Faire \u00e9quitable"}]},{"@type":"WebSite","@id":"https:\/\/www.swissfairtrade.ch\/it\/#website","url":"https:\/\/www.swissfairtrade.ch\/it\/","name":"Swiss Fair Trade","description":"","publisher":{"@id":"https:\/\/www.swissfairtrade.ch\/it\/#organization"},"potentialAction":[{"@type":"SearchAction","target":{"@type":"EntryPoint","urlTemplate":"https:\/\/www.swissfairtrade.ch\/it\/?s={search_term_string}"},"query-input":{"@type":"PropertyValueSpecification","valueRequired":true,"valueName":"search_term_string"}}],"inLanguage":"fr-FR"},{"@type":"Organization","@id":"https:\/\/www.swissfairtrade.ch\/it\/#organization","name":"Swiss Fair Trade","url":"https:\/\/www.swissfairtrade.ch\/it\/","logo":{"@type":"ImageObject","inLanguage":"fr-FR","@id":"https:\/\/www.swissfairtrade.ch\/it\/#\/schema\/logo\/image\/","url":"https:\/\/www.swissfairtrade.ch\/wp-content\/uploads\/SwissFairTrade-Logo-rgb-203.51.59-web.png","contentUrl":"https:\/\/www.swissfairtrade.ch\/wp-content\/uploads\/SwissFairTrade-Logo-rgb-203.51.59-web.png","width":130,"height":115,"caption":"Swiss Fair Trade"},"image":{"@id":"https:\/\/www.swissfairtrade.ch\/it\/#\/schema\/logo\/image\/"}}]}},"_links":{"self":[{"href":"https:\/\/www.swissfairtrade.ch\/fr\/wp-json\/wp\/v2\/pages\/9311","targetHints":{"allow":["GET"]}}],"collection":[{"href":"https:\/\/www.swissfairtrade.ch\/fr\/wp-json\/wp\/v2\/pages"}],"about":[{"href":"https:\/\/www.swissfairtrade.ch\/fr\/wp-json\/wp\/v2\/types\/page"}],"author":[{"embeddable":true,"href":"https:\/\/www.swissfairtrade.ch\/fr\/wp-json\/wp\/v2\/users\/4"}],"replies":[{"embeddable":true,"href":"https:\/\/www.swissfairtrade.ch\/fr\/wp-json\/wp\/v2\/comments?post=9311"}],"version-history":[{"count":0,"href":"https:\/\/www.swissfairtrade.ch\/fr\/wp-json\/wp\/v2\/pages\/9311\/revisions"}],"up":[{"embeddable":true,"href":"https:\/\/www.swissfairtrade.ch\/fr\/wp-json\/wp\/v2\/pages\/3425"}],"wp:featuredmedia":[{"embeddable":true,"href":"https:\/\/www.swissfairtrade.ch\/fr\/wp-json\/wp\/v2\/media\/9315"}],"wp:attachment":[{"href":"https:\/\/www.swissfairtrade.ch\/fr\/wp-json\/wp\/v2\/media?parent=9311"}],"wp:term":[{"taxonomy":"hauptseiten-kategorie","embeddable":true,"href":"https:\/\/www.swissfairtrade.ch\/fr\/wp-json\/wp\/v2\/hauptseiten-kategorie?post=9311"}],"curies":[{"name":"wp","href":"https:\/\/api.w.org\/{rel}","templated":true}]}}