{"id":8147,"date":"2020-05-04T17:43:24","date_gmt":"2020-05-04T15:43:24","guid":{"rendered":"https:\/\/www.swissfairtrade.ch\/?page_id=8147"},"modified":"2020-05-05T12:57:33","modified_gmt":"2020-05-05T10:57:33","slug":"campagne-huile-dolive-du-palestine","status":"publish","type":"page","link":"https:\/\/www.swissfairtrade.ch\/fr\/champs-d-actions\/centre-de-competences-3\/legalite-des-chances-grace-au-commerce-equitable\/discrimination-ethnique-2\/campagne-huile-dolive-du-palestine\/","title":{"rendered":"Campagne huile d&rsquo;olive d\u00fb Palestine"},"content":{"rendered":"<div class=\"wpb-content-wrapper\"><p>[vc_row full_width=\u00a0\u00bbstretch_row\u00a0\u00bb content_placement=\u00a0\u00bbbottom\u00a0\u00bb parallax=\u00a0\u00bbcontent-moving-fade\u00a0\u00bb parallax_image=\u00a0\u00bb2959&Prime; css=\u00a0\u00bb.vc_custom_1588606802128{background: rgba(196,196,196,0.71) url(https:\/\/www.swissfairtrade.ch\/wp-content\/uploads\/12.jpg?id=8150);background-position: center;background-repeat: no-repeat !important;background-size: cover !important;*background-color: rgb(196,196,196) !important;}\u00a0\u00bb el_class=\u00a0\u00bbheader\u00a0\u00bb][vc_column][vc_column_text el_class=\u00a0\u00bbtxt-white\u00a0\u00bb]<\/p>\n<div class=\"annot\">\n<div class=\"row-main\">\n<div class=\"csc-header csc-header-n1\">\n<h1 class=\"csc-firstHeader\">Discrimination ethnique<\/h1>\n<\/div>\n<h2 class=\"text\"><span class=\"TextRun Underlined SCXW78091915 BCX1\" lang=\"FR-FR\" xml:lang=\"FR-FR\" data-contrast=\"auto\"><span class=\"NormalTextRun SCXW78091915 BCX1\" data-ccp-parastyle=\"Normal (Web)\">Campagne huile d&rsquo;olive <\/span><\/span><span class=\"TextRun Underlined SCXW78091915 BCX1\" lang=\"FR-FR\" xml:lang=\"FR-FR\" data-contrast=\"auto\"><span class=\"NormalTextRun SCXW78091915 BCX1\" data-ccp-parastyle=\"Normal (Web)\">d\u00fb<\/span><\/span><span class=\"TextRun Underlined SCXW78091915 BCX1\" lang=\"FR-FR\" xml:lang=\"FR-FR\" data-contrast=\"auto\"><span class=\"NormalTextRun SCXW78091915 BCX1\" data-ccp-parastyle=\"Normal (Web)\"> Palestine<\/span><\/span><\/h2>\n<p>&nbsp;<\/p>\n<\/div>\n<\/div>\n<p>[\/vc_column_text][\/vc_column][\/vc_row][vc_row][vc_column][vc_column_text]<strong>Les Palestiniens, comme les Isra\u00e9liens, ont droit \u00e0 la dignit\u00e9 et \u00e0 l\u2019autod\u00e9termination.<\/strong> Ils ont le droit de vivre sans \u00eatre constamment en danger, humili\u00e9s ou menac\u00e9s d\u2019expulsion. Or, ils subissent depuis des d\u00e9cennies l\u2019occupation isra\u00e9lienne et l\u2019oppression militaire et doivent sans cesse lutter pour d\u00e9fendre leur droit \u00e0 vivre en libert\u00e9.<\/p>\n<p><strong>L\u2019occupation \u00e9trangle l\u2019\u00e9conomie palestinienne<\/strong> : elle entrave la commercialisation des produits agricoles, aussi bien pour l\u2019exportation qu\u2019\u00e0 l\u2019int\u00e9rieur des territoires, et accule de nombreuses familles \u00e0 la faillite. Le mur de s\u00e9paration, qui traverse plusieurs des meilleures terres agricoles, resserre jusqu\u2019\u00e0 l\u2019asphyxie l\u2019\u00e9tau autour des Palestiniens ; et les colonies isra\u00e9liennes, en leur volant litt\u00e9ralement l\u2019eau, les privent de la ressource la plus \u00e9l\u00e9mentaire.<br \/>\nLa peur de l\u2019an\u00e9antissement r\u00e8gne des deux c\u00f4t\u00e9s du mur. C\u2019est seulement par le respect mutuel et avec des rapports \u00e9galitaires, des perspectives de prosp\u00e9rit\u00e9 \u00e9conomique et la garantie d\u2019un minimum vital que l\u2019on pourra mettre fin au conflit.<\/p>\n<p><strong>L\u2019association <a href=\"https:\/\/www.olivenoel-palaestina.ch\/fr_campagne.phtml\" target=\"_blank\" rel=\"noopener noreferrer\">Campagne Huile d\u2019olive de Palestine<\/a><\/strong> a \u00e9t\u00e9 fond\u00e9e en 2001 \u00e0 la suite de la deuxi\u00e8me intifada palestinienne pour soutenir les agriculteurs palestiniens. En partenariat avec l\u2019<a href=\"https:\/\/www.gebana.com\/shop\/vergine-olivenol-5dl-1622\/?___store=chfrench&amp;___from_store=chgerman\" target=\"_blank\" rel=\"noopener noreferrer\">entreprise gebana AG<\/a>, une moyenne de treize tonnes d\u2019huile d\u2019olive et 300\u202fkilogrammes de za\u2019atar sond vendus par ann\u00e9e.<br \/>\nLa vente de ces produits permet de soutenir les petits paysans ainsi que diff\u00e9rents projets d\u2019entraide en Palestine, afin d\u2019encourager la compr\u00e9hension entre les parties au conflit.<\/p>\n<p>[\/vc_column_text][\/vc_column][\/vc_row][vc_row][vc_column][\/vc_column][\/vc_row]<\/p>\n<\/div>","protected":false},"excerpt":{"rendered":"<p>Les Palestiniens, comme les Isra\u00e9liens, ont droit \u00e0 la dignit\u00e9 et \u00e0 l\u2019autod\u00e9termination.<\/p>\n","protected":false},"author":3,"featured_media":8150,"parent":7876,"menu_order":0,"comment_status":"closed","ping_status":"closed","template":"","meta":{"generate_page_header":"","footnotes":"","_links_to":"","_links_to_target":""},"hauptseiten-kategorie":[346],"class_list":{"0":"post-8147","1":"page","2":"type-page","3":"status-publish","4":"has-post-thumbnail","6":"hauptseiten-kategorie-discrimination-ethnique"},"yoast_head":"<!-- This site is optimized with the Yoast SEO plugin v26.2 - https:\/\/yoast.com\/wordpress\/plugins\/seo\/ -->\n<title>Campagne huile d&#039;olive d\u00fb Palestine - Swiss Fair Trade<\/title>\n<meta name=\"robots\" content=\"index, follow, max-snippet:-1, max-image-preview:large, max-video-preview:-1\" \/>\n<link rel=\"canonical\" href=\"https:\/\/www.swissfairtrade.ch\/fr\/champs-d-actions\/centre-de-competences-3\/legalite-des-chances-grace-au-commerce-equitable\/discrimination-ethnique-2\/campagne-huile-dolive-du-palestine\/\" \/>\n<meta property=\"og:locale\" content=\"fr_FR\" \/>\n<meta property=\"og:type\" content=\"article\" \/>\n<meta property=\"og:title\" content=\"Campagne huile d&#039;olive d\u00fb Palestine - Swiss Fair Trade\" \/>\n<meta property=\"og:description\" content=\"Les Palestiniens, comme les Isra\u00e9liens, ont droit \u00e0 la dignit\u00e9 et \u00e0 l\u2019autod\u00e9termination.\" \/>\n<meta property=\"og:url\" content=\"https:\/\/www.swissfairtrade.ch\/fr\/champs-d-actions\/centre-de-competences-3\/legalite-des-chances-grace-au-commerce-equitable\/discrimination-ethnique-2\/campagne-huile-dolive-du-palestine\/\" \/>\n<meta property=\"og:site_name\" content=\"Swiss Fair Trade\" \/>\n<meta property=\"article:modified_time\" content=\"2020-05-05T10:57:33+00:00\" \/>\n<meta property=\"og:image\" content=\"https:\/\/www.swissfairtrade.ch\/wp-content\/uploads\/12-1024x748.jpg\" \/>\n\t<meta property=\"og:image:width\" content=\"1024\" \/>\n\t<meta property=\"og:image:height\" content=\"748\" \/>\n\t<meta property=\"og:image:type\" content=\"image\/jpeg\" \/>\n<meta name=\"twitter:card\" content=\"summary_large_image\" \/>\n<meta name=\"twitter:label1\" content=\"Dur\u00e9e de lecture estim\u00e9e\" \/>\n\t<meta name=\"twitter:data1\" content=\"2 minutes\" \/>\n<script type=\"application\/ld+json\" class=\"yoast-schema-graph\">{\"@context\":\"https:\/\/schema.org\",\"@graph\":[{\"@type\":\"WebPage\",\"@id\":\"https:\/\/www.swissfairtrade.ch\/fr\/champs-d-actions\/centre-de-competences-3\/legalite-des-chances-grace-au-commerce-equitable\/discrimination-ethnique-2\/campagne-huile-dolive-du-palestine\/\",\"url\":\"https:\/\/www.swissfairtrade.ch\/fr\/champs-d-actions\/centre-de-competences-3\/legalite-des-chances-grace-au-commerce-equitable\/discrimination-ethnique-2\/campagne-huile-dolive-du-palestine\/\",\"name\":\"Campagne huile d'olive d\u00fb Palestine - Swiss Fair Trade\",\"isPartOf\":{\"@id\":\"https:\/\/www.swissfairtrade.ch\/it\/#website\"},\"primaryImageOfPage\":{\"@id\":\"https:\/\/www.swissfairtrade.ch\/fr\/champs-d-actions\/centre-de-competences-3\/legalite-des-chances-grace-au-commerce-equitable\/discrimination-ethnique-2\/campagne-huile-dolive-du-palestine\/#primaryimage\"},\"image\":{\"@id\":\"https:\/\/www.swissfairtrade.ch\/fr\/champs-d-actions\/centre-de-competences-3\/legalite-des-chances-grace-au-commerce-equitable\/discrimination-ethnique-2\/campagne-huile-dolive-du-palestine\/#primaryimage\"},\"thumbnailUrl\":\"https:\/\/www.swissfairtrade.ch\/wp-content\/uploads\/12.jpg\",\"datePublished\":\"2020-05-04T15:43:24+00:00\",\"dateModified\":\"2020-05-05T10:57:33+00:00\",\"breadcrumb\":{\"@id\":\"https:\/\/www.swissfairtrade.ch\/fr\/champs-d-actions\/centre-de-competences-3\/legalite-des-chances-grace-au-commerce-equitable\/discrimination-ethnique-2\/campagne-huile-dolive-du-palestine\/#breadcrumb\"},\"inLanguage\":\"fr-FR\",\"potentialAction\":[{\"@type\":\"ReadAction\",\"target\":[\"https:\/\/www.swissfairtrade.ch\/fr\/champs-d-actions\/centre-de-competences-3\/legalite-des-chances-grace-au-commerce-equitable\/discrimination-ethnique-2\/campagne-huile-dolive-du-palestine\/\"]}]},{\"@type\":\"ImageObject\",\"inLanguage\":\"fr-FR\",\"@id\":\"https:\/\/www.swissfairtrade.ch\/fr\/champs-d-actions\/centre-de-competences-3\/legalite-des-chances-grace-au-commerce-equitable\/discrimination-ethnique-2\/campagne-huile-dolive-du-palestine\/#primaryimage\",\"url\":\"https:\/\/www.swissfairtrade.ch\/wp-content\/uploads\/12.jpg\",\"contentUrl\":\"https:\/\/www.swissfairtrade.ch\/wp-content\/uploads\/12.jpg\",\"width\":2146,\"height\":1567,\"caption\":\"The olive is one of the most important symbols of Palestinian culture. Olives have been grown and harvested in Palestine for millennia. Beautiful, old olive trees grace the valleys and terraced hills of Palestine. Olive oil is a staple of the Palestinian diet and valued as a medicinal, topical remedy. The olive tree and its fruit are often mentioned in Palestinian literature in many contexts including as a symbol of peace.\"},{\"@type\":\"BreadcrumbList\",\"@id\":\"https:\/\/www.swissfairtrade.ch\/fr\/champs-d-actions\/centre-de-competences-3\/legalite-des-chances-grace-au-commerce-equitable\/discrimination-ethnique-2\/campagne-huile-dolive-du-palestine\/#breadcrumb\",\"itemListElement\":[{\"@type\":\"ListItem\",\"position\":1,\"name\":\"Home\",\"item\":\"https:\/\/www.swissfairtrade.ch\/fr\/\"},{\"@type\":\"ListItem\",\"position\":2,\"name\":\"Champs d\u2019actions\",\"item\":\"https:\/\/www.swissfairtrade.ch\/fr\/champs-d-actions\/\"},{\"@type\":\"ListItem\",\"position\":3,\"name\":\"Centre de comp\u00e9tences\",\"item\":\"https:\/\/www.swissfairtrade.ch\/fr\/champs-d-actions\/centre-de-competences-3\/\"},{\"@type\":\"ListItem\",\"position\":4,\"name\":\"L\u2019\u00e9galit\u00e9 des chances gr\u00e2ce au commerce \u00e9quitable\",\"item\":\"https:\/\/www.swissfairtrade.ch\/fr\/champs-d-actions\/centre-de-competences-3\/legalite-des-chances-grace-au-commerce-equitable\/\"},{\"@type\":\"ListItem\",\"position\":5,\"name\":\"Discrimination ethnique\",\"item\":\"https:\/\/www.swissfairtrade.ch\/fr\/champs-d-actions\/centre-de-competences-3\/legalite-des-chances-grace-au-commerce-equitable\/discrimination-ethnique-2\/\"},{\"@type\":\"ListItem\",\"position\":6,\"name\":\"Campagne huile d&rsquo;olive d\u00fb Palestine\"}]},{\"@type\":\"WebSite\",\"@id\":\"https:\/\/www.swissfairtrade.ch\/it\/#website\",\"url\":\"https:\/\/www.swissfairtrade.ch\/it\/\",\"name\":\"Swiss Fair Trade\",\"description\":\"\",\"publisher\":{\"@id\":\"https:\/\/www.swissfairtrade.ch\/it\/#organization\"},\"potentialAction\":[{\"@type\":\"SearchAction\",\"target\":{\"@type\":\"EntryPoint\",\"urlTemplate\":\"https:\/\/www.swissfairtrade.ch\/it\/?s={search_term_string}\"},\"query-input\":{\"@type\":\"PropertyValueSpecification\",\"valueRequired\":true,\"valueName\":\"search_term_string\"}}],\"inLanguage\":\"fr-FR\"},{\"@type\":\"Organization\",\"@id\":\"https:\/\/www.swissfairtrade.ch\/it\/#organization\",\"name\":\"Swiss Fair Trade\",\"url\":\"https:\/\/www.swissfairtrade.ch\/it\/\",\"logo\":{\"@type\":\"ImageObject\",\"inLanguage\":\"fr-FR\",\"@id\":\"https:\/\/www.swissfairtrade.ch\/it\/#\/schema\/logo\/image\/\",\"url\":\"https:\/\/www.swissfairtrade.ch\/wp-content\/uploads\/SwissFairTrade-Logo-rgb-203.51.59-web.png\",\"contentUrl\":\"https:\/\/www.swissfairtrade.ch\/wp-content\/uploads\/SwissFairTrade-Logo-rgb-203.51.59-web.png\",\"width\":130,\"height\":115,\"caption\":\"Swiss Fair Trade\"},\"image\":{\"@id\":\"https:\/\/www.swissfairtrade.ch\/it\/#\/schema\/logo\/image\/\"}}]}<\/script>\n<!-- \/ Yoast SEO plugin. -->","yoast_head_json":{"title":"Campagne huile d'olive d\u00fb Palestine - Swiss Fair Trade","robots":{"index":"index","follow":"follow","max-snippet":"max-snippet:-1","max-image-preview":"max-image-preview:large","max-video-preview":"max-video-preview:-1"},"canonical":"https:\/\/www.swissfairtrade.ch\/fr\/champs-d-actions\/centre-de-competences-3\/legalite-des-chances-grace-au-commerce-equitable\/discrimination-ethnique-2\/campagne-huile-dolive-du-palestine\/","og_locale":"fr_FR","og_type":"article","og_title":"Campagne huile d'olive d\u00fb Palestine - Swiss Fair Trade","og_description":"Les Palestiniens, comme les Isra\u00e9liens, ont droit \u00e0 la dignit\u00e9 et \u00e0 l\u2019autod\u00e9termination.","og_url":"https:\/\/www.swissfairtrade.ch\/fr\/champs-d-actions\/centre-de-competences-3\/legalite-des-chances-grace-au-commerce-equitable\/discrimination-ethnique-2\/campagne-huile-dolive-du-palestine\/","og_site_name":"Swiss Fair Trade","article_modified_time":"2020-05-05T10:57:33+00:00","og_image":[{"width":1024,"height":748,"url":"https:\/\/www.swissfairtrade.ch\/wp-content\/uploads\/12-1024x748.jpg","type":"image\/jpeg"}],"twitter_card":"summary_large_image","twitter_misc":{"Dur\u00e9e de lecture estim\u00e9e":"2 minutes"},"schema":{"@context":"https:\/\/schema.org","@graph":[{"@type":"WebPage","@id":"https:\/\/www.swissfairtrade.ch\/fr\/champs-d-actions\/centre-de-competences-3\/legalite-des-chances-grace-au-commerce-equitable\/discrimination-ethnique-2\/campagne-huile-dolive-du-palestine\/","url":"https:\/\/www.swissfairtrade.ch\/fr\/champs-d-actions\/centre-de-competences-3\/legalite-des-chances-grace-au-commerce-equitable\/discrimination-ethnique-2\/campagne-huile-dolive-du-palestine\/","name":"Campagne huile d'olive d\u00fb Palestine - Swiss Fair Trade","isPartOf":{"@id":"https:\/\/www.swissfairtrade.ch\/it\/#website"},"primaryImageOfPage":{"@id":"https:\/\/www.swissfairtrade.ch\/fr\/champs-d-actions\/centre-de-competences-3\/legalite-des-chances-grace-au-commerce-equitable\/discrimination-ethnique-2\/campagne-huile-dolive-du-palestine\/#primaryimage"},"image":{"@id":"https:\/\/www.swissfairtrade.ch\/fr\/champs-d-actions\/centre-de-competences-3\/legalite-des-chances-grace-au-commerce-equitable\/discrimination-ethnique-2\/campagne-huile-dolive-du-palestine\/#primaryimage"},"thumbnailUrl":"https:\/\/www.swissfairtrade.ch\/wp-content\/uploads\/12.jpg","datePublished":"2020-05-04T15:43:24+00:00","dateModified":"2020-05-05T10:57:33+00:00","breadcrumb":{"@id":"https:\/\/www.swissfairtrade.ch\/fr\/champs-d-actions\/centre-de-competences-3\/legalite-des-chances-grace-au-commerce-equitable\/discrimination-ethnique-2\/campagne-huile-dolive-du-palestine\/#breadcrumb"},"inLanguage":"fr-FR","potentialAction":[{"@type":"ReadAction","target":["https:\/\/www.swissfairtrade.ch\/fr\/champs-d-actions\/centre-de-competences-3\/legalite-des-chances-grace-au-commerce-equitable\/discrimination-ethnique-2\/campagne-huile-dolive-du-palestine\/"]}]},{"@type":"ImageObject","inLanguage":"fr-FR","@id":"https:\/\/www.swissfairtrade.ch\/fr\/champs-d-actions\/centre-de-competences-3\/legalite-des-chances-grace-au-commerce-equitable\/discrimination-ethnique-2\/campagne-huile-dolive-du-palestine\/#primaryimage","url":"https:\/\/www.swissfairtrade.ch\/wp-content\/uploads\/12.jpg","contentUrl":"https:\/\/www.swissfairtrade.ch\/wp-content\/uploads\/12.jpg","width":2146,"height":1567,"caption":"The olive is one of the most important symbols of Palestinian culture. Olives have been grown and harvested in Palestine for millennia. Beautiful, old olive trees grace the valleys and terraced hills of Palestine. Olive oil is a staple of the Palestinian diet and valued as a medicinal, topical remedy. The olive tree and its fruit are often mentioned in Palestinian literature in many contexts including as a symbol of peace."},{"@type":"BreadcrumbList","@id":"https:\/\/www.swissfairtrade.ch\/fr\/champs-d-actions\/centre-de-competences-3\/legalite-des-chances-grace-au-commerce-equitable\/discrimination-ethnique-2\/campagne-huile-dolive-du-palestine\/#breadcrumb","itemListElement":[{"@type":"ListItem","position":1,"name":"Home","item":"https:\/\/www.swissfairtrade.ch\/fr\/"},{"@type":"ListItem","position":2,"name":"Champs d\u2019actions","item":"https:\/\/www.swissfairtrade.ch\/fr\/champs-d-actions\/"},{"@type":"ListItem","position":3,"name":"Centre de comp\u00e9tences","item":"https:\/\/www.swissfairtrade.ch\/fr\/champs-d-actions\/centre-de-competences-3\/"},{"@type":"ListItem","position":4,"name":"L\u2019\u00e9galit\u00e9 des chances gr\u00e2ce au commerce \u00e9quitable","item":"https:\/\/www.swissfairtrade.ch\/fr\/champs-d-actions\/centre-de-competences-3\/legalite-des-chances-grace-au-commerce-equitable\/"},{"@type":"ListItem","position":5,"name":"Discrimination ethnique","item":"https:\/\/www.swissfairtrade.ch\/fr\/champs-d-actions\/centre-de-competences-3\/legalite-des-chances-grace-au-commerce-equitable\/discrimination-ethnique-2\/"},{"@type":"ListItem","position":6,"name":"Campagne huile d&rsquo;olive d\u00fb Palestine"}]},{"@type":"WebSite","@id":"https:\/\/www.swissfairtrade.ch\/it\/#website","url":"https:\/\/www.swissfairtrade.ch\/it\/","name":"Swiss Fair Trade","description":"","publisher":{"@id":"https:\/\/www.swissfairtrade.ch\/it\/#organization"},"potentialAction":[{"@type":"SearchAction","target":{"@type":"EntryPoint","urlTemplate":"https:\/\/www.swissfairtrade.ch\/it\/?s={search_term_string}"},"query-input":{"@type":"PropertyValueSpecification","valueRequired":true,"valueName":"search_term_string"}}],"inLanguage":"fr-FR"},{"@type":"Organization","@id":"https:\/\/www.swissfairtrade.ch\/it\/#organization","name":"Swiss Fair Trade","url":"https:\/\/www.swissfairtrade.ch\/it\/","logo":{"@type":"ImageObject","inLanguage":"fr-FR","@id":"https:\/\/www.swissfairtrade.ch\/it\/#\/schema\/logo\/image\/","url":"https:\/\/www.swissfairtrade.ch\/wp-content\/uploads\/SwissFairTrade-Logo-rgb-203.51.59-web.png","contentUrl":"https:\/\/www.swissfairtrade.ch\/wp-content\/uploads\/SwissFairTrade-Logo-rgb-203.51.59-web.png","width":130,"height":115,"caption":"Swiss Fair Trade"},"image":{"@id":"https:\/\/www.swissfairtrade.ch\/it\/#\/schema\/logo\/image\/"}}]}},"_links":{"self":[{"href":"https:\/\/www.swissfairtrade.ch\/fr\/wp-json\/wp\/v2\/pages\/8147","targetHints":{"allow":["GET"]}}],"collection":[{"href":"https:\/\/www.swissfairtrade.ch\/fr\/wp-json\/wp\/v2\/pages"}],"about":[{"href":"https:\/\/www.swissfairtrade.ch\/fr\/wp-json\/wp\/v2\/types\/page"}],"author":[{"embeddable":true,"href":"https:\/\/www.swissfairtrade.ch\/fr\/wp-json\/wp\/v2\/users\/3"}],"replies":[{"embeddable":true,"href":"https:\/\/www.swissfairtrade.ch\/fr\/wp-json\/wp\/v2\/comments?post=8147"}],"version-history":[{"count":0,"href":"https:\/\/www.swissfairtrade.ch\/fr\/wp-json\/wp\/v2\/pages\/8147\/revisions"}],"up":[{"embeddable":true,"href":"https:\/\/www.swissfairtrade.ch\/fr\/wp-json\/wp\/v2\/pages\/7876"}],"wp:featuredmedia":[{"embeddable":true,"href":"https:\/\/www.swissfairtrade.ch\/fr\/wp-json\/wp\/v2\/media\/8150"}],"wp:attachment":[{"href":"https:\/\/www.swissfairtrade.ch\/fr\/wp-json\/wp\/v2\/media?parent=8147"}],"wp:term":[{"taxonomy":"hauptseiten-kategorie","embeddable":true,"href":"https:\/\/www.swissfairtrade.ch\/fr\/wp-json\/wp\/v2\/hauptseiten-kategorie?post=8147"}],"curies":[{"name":"wp","href":"https:\/\/api.w.org\/{rel}","templated":true}]}}