{"id":8116,"date":"2020-05-04T16:22:48","date_gmt":"2020-05-04T14:22:48","guid":{"rendered":"https:\/\/www.swissfairtrade.ch\/?page_id=8116"},"modified":"2020-05-06T15:05:03","modified_gmt":"2020-05-06T13:05:03","slug":"ferme-de-fleurs-karen-roses","status":"publish","type":"page","link":"https:\/\/www.swissfairtrade.ch\/fr\/champs-d-actions\/centre-de-competences-3\/legalite-des-chances-grace-au-commerce-equitable\/discrimination-envers-les-femmes\/ferme-de-fleurs-karen-roses\/","title":{"rendered":"Ferme de fleurs Karen Roses"},"content":{"rendered":"<div class=\"wpb-content-wrapper\"><p>[vc_row full_width=\u00a0\u00bbstretch_row\u00a0\u00bb content_placement=\u00a0\u00bbbottom\u00a0\u00bb parallax=\u00a0\u00bbcontent-moving-fade\u00a0\u00bb parallax_image=\u00a0\u00bb2959&Prime; css=\u00a0\u00bb.vc_custom_1588770295984{background: rgba(196,196,196,0.71) url(https:\/\/www.swissfairtrade.ch\/wp-content\/uploads\/ccFairtrade-Rosen-Motiv3-076_ChristophKoestlin.jpg?id=8449);background-position: center;background-repeat: no-repeat !important;background-size: cover !important;*background-color: rgb(196,196,196) !important;}\u00a0\u00bb el_class=\u00a0\u00bbheader\u00a0\u00bb][vc_column][vc_column_text el_class=\u00a0\u00bbtxt-white\u00a0\u00bb]<\/p>\n<div class=\"annot\">\n<div class=\"row-main\">\n<div class=\"csc-header csc-header-n1\">\n<h1 class=\"csc-firstHeader\">Discrimination envers les femmes<\/h1>\n<\/div>\n<h2 class=\"text\">Ferme de fleurs Karen Roses<\/h2>\n<p>&nbsp;<\/p>\n<\/div>\n<\/div>\n<p>[\/vc_column_text][\/vc_column][\/vc_row][vc_row][vc_column][vc_column_text]<strong>Actuellement, on consid\u00e8re que les femmes effectuent environ 43\u202f% du travail agricole dans les pays en d\u00e9veloppement. Leurs possibilit\u00e9s restent toutefois r\u00e9duites dans la mesure o\u00f9 elles ne poss\u00e8dent pas de terres et n\u2019ont acc\u00e8s ni au cr\u00e9dit, ni \u00e0 une assistance technique, ni aux informations. Les femmes r\u00e9alisent souvent la majeure partie du travail, mais ont des droits limit\u00e9s.<\/strong><\/p>\n<p>Fairtrade Max Havelaar s&rsquo;engage en faveur de l&rsquo;\u00e9galit\u00e9 des chances pour les femmes. La promotion de l\u2019\u00e9galit\u00e9 entre les hommes et les femmes occupe une place importante aussi bien dans le Standard Fairtrade pour les organisations de petits producteurs que dans le Standard pour les travailleurs salari\u00e9s.<\/p>\n<p>Par exemple, \u00e0 la ferme de fleurs Karen Roses au Kenya.<\/p>\n<p><strong>L&rsquo;\u00e9ducation &#8211; la cl\u00e9 du succ\u00e8s<\/strong><br \/>\nAlors que dans le pass\u00e9, les coll\u00e8gues masculins b\u00e9n\u00e9ficiaient plus facilement d&rsquo;une promotion, aujourd&rsquo;hui &#8211; avec la certification Fairtrade- , l&rsquo;ensemble de la main-d&rsquo;\u0153uvre a la possibilit\u00e9 d&rsquo;\u00e9voluer. Les postes vacants sont annonc\u00e9s publiquement et chaque employ\u00e9 a l\u2019opportunit\u00e9 de poser sa candidature. Gr\u00e2ce \u00e0 des fonds provenant de la prime Fairtrade, les femmes peuvent participer \u00e0 des cours de formation et poursuivre leur \u00e9ducation. Outre les cours de s\u00e9curit\u00e9 et de gestion du travail, il existe \u00e9galement des cours de formation continue touchant \u00e0 l\u2019\u00e9galit\u00e9 des sexes.<\/p>\n<p><strong>Un frein aux agressions<\/strong><br \/>\nDe nombreuses coop\u00e9ratives et entreprises du syst\u00e8me Fairtrade fondent des comit\u00e9s d\u2019\u00e9galit\u00e9 des sexes dans le but de respecter l&rsquo;\u00e9galit\u00e9 entre hommes et femmes prescrite dans les standards Fairtrade et afin de promouvoir les femmes. \u00ab\u00a0Dans le pass\u00e9\u00a0\u00bb, dit une employ\u00e9e de Karen Roses, \u00ab\u00a0les agressions sexuelles contre les travailleuses \u00e9taient monnaie courante \u00e0 la maison et \u00e0 la ferme. Gr\u00e2ce \u00e0 la politique men\u00e9e par Fairtrade dans le domaine de l\u2019\u00e9galit\u00e9 des sexes, ceci a chang\u00e9\u00a0\u00bb (Agnes Chebii, employ\u00e9e de Karen Roses). Aujourd&rsquo;hui les membres du comit\u00e9 examinent les agressions subis par les femmes et s&rsquo;entretiennent avec toutes les personnes concern\u00e9es et, si les all\u00e9gations sont confirm\u00e9es, prennent les mesures appropri\u00e9es &#8211; pouvant aller jusqu&rsquo;\u00e0 la r\u00e9siliation imm\u00e9diate du contrat de travail.<\/p>\n<p><strong>Prise de conscience f\u00e9minine<\/strong><br \/>\nLe quotidien des femmes au sein de la ferme tout comme celui de leur entourage proche ont chang\u00e9. Avant la certification Fairtrade, les femmes \u00e9taient soumises aux r\u00f4les discriminante, aujourd&rsquo;hui elles d\u00e9fendent leurs droits avec confiance.<br \/>\nDes perspectives d\u2019avenir solides gr\u00e2ce \u00e0 la prime Fairtrade<br \/>\nL&rsquo;utilisation de la prime Fairtrade est d\u00e9cid\u00e9e par le comit\u00e9 dans le cadre d&rsquo;un processus d\u00e9mocratique. Les primes ont notamment servi \u00e0 financer la scolarisation des enfants des travailleurs et la construction d\u2019habitations.<\/p>\n<p>&nbsp;<\/p>\n<p>Sur le site web de Max Havelaar, vous trouverez plus d&rsquo;informations sur leur engagement en faveur de<a href=\"https:\/\/www.maxhavelaar.ch\/fr\/quest-ce-que-fairtrade\/nos-priorites\/traitement-equitable-entre-les-sexes.html\" target=\"_blank\" rel=\"noopener noreferrer\"> l&rsquo;\u00e9galit\u00e9 des sexes<\/a> et sur la <a href=\"https:\/\/www.maxhavelaar.ch\/fr\/quest-ce-que-fairtrade\/nos-priorites\/traitement-equitable-entre-les-sexes\/agnes-chebii.html\" target=\"_blank\" rel=\"noopener noreferrer\">ferme de fleurs Karen Roses<\/a>.[\/vc_column_text][\/vc_column][\/vc_row][vc_row][vc_column][vc_video link=\u00a0\u00bbhttps:\/\/www.youtube.com\/watch?v=Jv8EHS-QcdE&amp;feature=emb_logo\u00a0\u00bb el_width=\u00a0\u00bb50&Prime; align=\u00a0\u00bbcenter\u00a0\u00bb][\/vc_column][\/vc_row]<\/p>\n<\/div>","protected":false},"excerpt":{"rendered":"<p>Fairtrade Max Havelaar s&rsquo;engage en faveur de l&rsquo;\u00e9galit\u00e9 des chances pour les femmes. La promotion de l\u2019\u00e9galit\u00e9 entre les hommes et les femmes occupe une place importante aussi bien dans le Standard Fairtrade pour les organisations de petits producteurs que dans le Standard pour les travailleurs salari\u00e9s.<\/p>\n","protected":false},"author":3,"featured_media":8119,"parent":7865,"menu_order":0,"comment_status":"closed","ping_status":"closed","template":"","meta":{"generate_page_header":"","footnotes":"","_links_to":"","_links_to_target":""},"hauptseiten-kategorie":[345],"class_list":{"0":"post-8116","1":"page","2":"type-page","3":"status-publish","4":"has-post-thumbnail","6":"hauptseiten-kategorie-discrimination-envers-les-femmes"},"yoast_head":"<!-- This site is optimized with the Yoast SEO plugin v26.2 - https:\/\/yoast.com\/wordpress\/plugins\/seo\/ -->\n<title>Ferme de fleurs Karen Roses - Swiss Fair Trade<\/title>\n<meta name=\"robots\" content=\"index, follow, max-snippet:-1, max-image-preview:large, max-video-preview:-1\" \/>\n<link rel=\"canonical\" href=\"https:\/\/www.swissfairtrade.ch\/fr\/champs-d-actions\/centre-de-competences-3\/legalite-des-chances-grace-au-commerce-equitable\/discrimination-envers-les-femmes\/ferme-de-fleurs-karen-roses\/\" \/>\n<meta property=\"og:locale\" content=\"fr_FR\" \/>\n<meta property=\"og:type\" content=\"article\" \/>\n<meta property=\"og:title\" content=\"Ferme de fleurs Karen Roses - Swiss Fair Trade\" \/>\n<meta property=\"og:description\" content=\"Fairtrade Max Havelaar s&#039;engage en faveur de l&#039;\u00e9galit\u00e9 des chances pour les femmes. La promotion de l\u2019\u00e9galit\u00e9 entre les hommes et les femmes occupe une place importante aussi bien dans le Standard Fairtrade pour les organisations de petits producteurs que dans le Standard pour les travailleurs salari\u00e9s.\" \/>\n<meta property=\"og:url\" content=\"https:\/\/www.swissfairtrade.ch\/fr\/champs-d-actions\/centre-de-competences-3\/legalite-des-chances-grace-au-commerce-equitable\/discrimination-envers-les-femmes\/ferme-de-fleurs-karen-roses\/\" \/>\n<meta property=\"og:site_name\" content=\"Swiss Fair Trade\" \/>\n<meta property=\"article:modified_time\" content=\"2020-05-06T13:05:03+00:00\" \/>\n<meta property=\"og:image\" content=\"https:\/\/www.swissfairtrade.ch\/wp-content\/uploads\/Fairtrade-Rosen-Motiv3-076_ChristophKoestlin.jpg\" \/>\n\t<meta property=\"og:image:width\" content=\"2560\" \/>\n\t<meta property=\"og:image:height\" content=\"1703\" \/>\n\t<meta property=\"og:image:type\" content=\"image\/jpeg\" \/>\n<meta name=\"twitter:card\" content=\"summary_large_image\" \/>\n<meta name=\"twitter:label1\" content=\"Dur\u00e9e de lecture estim\u00e9e\" \/>\n\t<meta name=\"twitter:data1\" content=\"3 minutes\" \/>\n<script type=\"application\/ld+json\" class=\"yoast-schema-graph\">{\"@context\":\"https:\/\/schema.org\",\"@graph\":[{\"@type\":\"WebPage\",\"@id\":\"https:\/\/www.swissfairtrade.ch\/fr\/champs-d-actions\/centre-de-competences-3\/legalite-des-chances-grace-au-commerce-equitable\/discrimination-envers-les-femmes\/ferme-de-fleurs-karen-roses\/\",\"url\":\"https:\/\/www.swissfairtrade.ch\/fr\/champs-d-actions\/centre-de-competences-3\/legalite-des-chances-grace-au-commerce-equitable\/discrimination-envers-les-femmes\/ferme-de-fleurs-karen-roses\/\",\"name\":\"Ferme de fleurs Karen Roses - Swiss Fair Trade\",\"isPartOf\":{\"@id\":\"https:\/\/www.swissfairtrade.ch\/it\/#website\"},\"primaryImageOfPage\":{\"@id\":\"https:\/\/www.swissfairtrade.ch\/fr\/champs-d-actions\/centre-de-competences-3\/legalite-des-chances-grace-au-commerce-equitable\/discrimination-envers-les-femmes\/ferme-de-fleurs-karen-roses\/#primaryimage\"},\"image\":{\"@id\":\"https:\/\/www.swissfairtrade.ch\/fr\/champs-d-actions\/centre-de-competences-3\/legalite-des-chances-grace-au-commerce-equitable\/discrimination-envers-les-femmes\/ferme-de-fleurs-karen-roses\/#primaryimage\"},\"thumbnailUrl\":\"https:\/\/www.swissfairtrade.ch\/wp-content\/uploads\/Fairtrade-Rosen-Motiv3-076_ChristophKoestlin.jpg\",\"datePublished\":\"2020-05-04T14:22:48+00:00\",\"dateModified\":\"2020-05-06T13:05:03+00:00\",\"breadcrumb\":{\"@id\":\"https:\/\/www.swissfairtrade.ch\/fr\/champs-d-actions\/centre-de-competences-3\/legalite-des-chances-grace-au-commerce-equitable\/discrimination-envers-les-femmes\/ferme-de-fleurs-karen-roses\/#breadcrumb\"},\"inLanguage\":\"fr-FR\",\"potentialAction\":[{\"@type\":\"ReadAction\",\"target\":[\"https:\/\/www.swissfairtrade.ch\/fr\/champs-d-actions\/centre-de-competences-3\/legalite-des-chances-grace-au-commerce-equitable\/discrimination-envers-les-femmes\/ferme-de-fleurs-karen-roses\/\"]}]},{\"@type\":\"ImageObject\",\"inLanguage\":\"fr-FR\",\"@id\":\"https:\/\/www.swissfairtrade.ch\/fr\/champs-d-actions\/centre-de-competences-3\/legalite-des-chances-grace-au-commerce-equitable\/discrimination-envers-les-femmes\/ferme-de-fleurs-karen-roses\/#primaryimage\",\"url\":\"https:\/\/www.swissfairtrade.ch\/wp-content\/uploads\/Fairtrade-Rosen-Motiv3-076_ChristophKoestlin.jpg\",\"contentUrl\":\"https:\/\/www.swissfairtrade.ch\/wp-content\/uploads\/Fairtrade-Rosen-Motiv3-076_ChristophKoestlin.jpg\",\"width\":2560,\"height\":1703},{\"@type\":\"BreadcrumbList\",\"@id\":\"https:\/\/www.swissfairtrade.ch\/fr\/champs-d-actions\/centre-de-competences-3\/legalite-des-chances-grace-au-commerce-equitable\/discrimination-envers-les-femmes\/ferme-de-fleurs-karen-roses\/#breadcrumb\",\"itemListElement\":[{\"@type\":\"ListItem\",\"position\":1,\"name\":\"Home\",\"item\":\"https:\/\/www.swissfairtrade.ch\/fr\/\"},{\"@type\":\"ListItem\",\"position\":2,\"name\":\"Champs d\u2019actions\",\"item\":\"https:\/\/www.swissfairtrade.ch\/fr\/champs-d-actions\/\"},{\"@type\":\"ListItem\",\"position\":3,\"name\":\"Centre de comp\u00e9tences\",\"item\":\"https:\/\/www.swissfairtrade.ch\/fr\/champs-d-actions\/centre-de-competences-3\/\"},{\"@type\":\"ListItem\",\"position\":4,\"name\":\"L\u2019\u00e9galit\u00e9 des chances gr\u00e2ce au commerce \u00e9quitable\",\"item\":\"https:\/\/www.swissfairtrade.ch\/fr\/champs-d-actions\/centre-de-competences-3\/legalite-des-chances-grace-au-commerce-equitable\/\"},{\"@type\":\"ListItem\",\"position\":5,\"name\":\"Discrimination envers les femmes\",\"item\":\"https:\/\/www.swissfairtrade.ch\/fr\/champs-d-actions\/centre-de-competences-3\/legalite-des-chances-grace-au-commerce-equitable\/discrimination-envers-les-femmes\/\"},{\"@type\":\"ListItem\",\"position\":6,\"name\":\"Ferme de fleurs Karen Roses\"}]},{\"@type\":\"WebSite\",\"@id\":\"https:\/\/www.swissfairtrade.ch\/it\/#website\",\"url\":\"https:\/\/www.swissfairtrade.ch\/it\/\",\"name\":\"Swiss Fair Trade\",\"description\":\"\",\"publisher\":{\"@id\":\"https:\/\/www.swissfairtrade.ch\/it\/#organization\"},\"potentialAction\":[{\"@type\":\"SearchAction\",\"target\":{\"@type\":\"EntryPoint\",\"urlTemplate\":\"https:\/\/www.swissfairtrade.ch\/it\/?s={search_term_string}\"},\"query-input\":{\"@type\":\"PropertyValueSpecification\",\"valueRequired\":true,\"valueName\":\"search_term_string\"}}],\"inLanguage\":\"fr-FR\"},{\"@type\":\"Organization\",\"@id\":\"https:\/\/www.swissfairtrade.ch\/it\/#organization\",\"name\":\"Swiss Fair Trade\",\"url\":\"https:\/\/www.swissfairtrade.ch\/it\/\",\"logo\":{\"@type\":\"ImageObject\",\"inLanguage\":\"fr-FR\",\"@id\":\"https:\/\/www.swissfairtrade.ch\/it\/#\/schema\/logo\/image\/\",\"url\":\"https:\/\/www.swissfairtrade.ch\/wp-content\/uploads\/SwissFairTrade-Logo-rgb-203.51.59-web.png\",\"contentUrl\":\"https:\/\/www.swissfairtrade.ch\/wp-content\/uploads\/SwissFairTrade-Logo-rgb-203.51.59-web.png\",\"width\":130,\"height\":115,\"caption\":\"Swiss Fair Trade\"},\"image\":{\"@id\":\"https:\/\/www.swissfairtrade.ch\/it\/#\/schema\/logo\/image\/\"}}]}<\/script>\n<!-- \/ Yoast SEO plugin. -->","yoast_head_json":{"title":"Ferme de fleurs Karen Roses - Swiss Fair Trade","robots":{"index":"index","follow":"follow","max-snippet":"max-snippet:-1","max-image-preview":"max-image-preview:large","max-video-preview":"max-video-preview:-1"},"canonical":"https:\/\/www.swissfairtrade.ch\/fr\/champs-d-actions\/centre-de-competences-3\/legalite-des-chances-grace-au-commerce-equitable\/discrimination-envers-les-femmes\/ferme-de-fleurs-karen-roses\/","og_locale":"fr_FR","og_type":"article","og_title":"Ferme de fleurs Karen Roses - Swiss Fair Trade","og_description":"Fairtrade Max Havelaar s'engage en faveur de l'\u00e9galit\u00e9 des chances pour les femmes. La promotion de l\u2019\u00e9galit\u00e9 entre les hommes et les femmes occupe une place importante aussi bien dans le Standard Fairtrade pour les organisations de petits producteurs que dans le Standard pour les travailleurs salari\u00e9s.","og_url":"https:\/\/www.swissfairtrade.ch\/fr\/champs-d-actions\/centre-de-competences-3\/legalite-des-chances-grace-au-commerce-equitable\/discrimination-envers-les-femmes\/ferme-de-fleurs-karen-roses\/","og_site_name":"Swiss Fair Trade","article_modified_time":"2020-05-06T13:05:03+00:00","og_image":[{"width":2560,"height":1703,"url":"https:\/\/www.swissfairtrade.ch\/wp-content\/uploads\/Fairtrade-Rosen-Motiv3-076_ChristophKoestlin.jpg","type":"image\/jpeg"}],"twitter_card":"summary_large_image","twitter_misc":{"Dur\u00e9e de lecture estim\u00e9e":"3 minutes"},"schema":{"@context":"https:\/\/schema.org","@graph":[{"@type":"WebPage","@id":"https:\/\/www.swissfairtrade.ch\/fr\/champs-d-actions\/centre-de-competences-3\/legalite-des-chances-grace-au-commerce-equitable\/discrimination-envers-les-femmes\/ferme-de-fleurs-karen-roses\/","url":"https:\/\/www.swissfairtrade.ch\/fr\/champs-d-actions\/centre-de-competences-3\/legalite-des-chances-grace-au-commerce-equitable\/discrimination-envers-les-femmes\/ferme-de-fleurs-karen-roses\/","name":"Ferme de fleurs Karen Roses - Swiss Fair Trade","isPartOf":{"@id":"https:\/\/www.swissfairtrade.ch\/it\/#website"},"primaryImageOfPage":{"@id":"https:\/\/www.swissfairtrade.ch\/fr\/champs-d-actions\/centre-de-competences-3\/legalite-des-chances-grace-au-commerce-equitable\/discrimination-envers-les-femmes\/ferme-de-fleurs-karen-roses\/#primaryimage"},"image":{"@id":"https:\/\/www.swissfairtrade.ch\/fr\/champs-d-actions\/centre-de-competences-3\/legalite-des-chances-grace-au-commerce-equitable\/discrimination-envers-les-femmes\/ferme-de-fleurs-karen-roses\/#primaryimage"},"thumbnailUrl":"https:\/\/www.swissfairtrade.ch\/wp-content\/uploads\/Fairtrade-Rosen-Motiv3-076_ChristophKoestlin.jpg","datePublished":"2020-05-04T14:22:48+00:00","dateModified":"2020-05-06T13:05:03+00:00","breadcrumb":{"@id":"https:\/\/www.swissfairtrade.ch\/fr\/champs-d-actions\/centre-de-competences-3\/legalite-des-chances-grace-au-commerce-equitable\/discrimination-envers-les-femmes\/ferme-de-fleurs-karen-roses\/#breadcrumb"},"inLanguage":"fr-FR","potentialAction":[{"@type":"ReadAction","target":["https:\/\/www.swissfairtrade.ch\/fr\/champs-d-actions\/centre-de-competences-3\/legalite-des-chances-grace-au-commerce-equitable\/discrimination-envers-les-femmes\/ferme-de-fleurs-karen-roses\/"]}]},{"@type":"ImageObject","inLanguage":"fr-FR","@id":"https:\/\/www.swissfairtrade.ch\/fr\/champs-d-actions\/centre-de-competences-3\/legalite-des-chances-grace-au-commerce-equitable\/discrimination-envers-les-femmes\/ferme-de-fleurs-karen-roses\/#primaryimage","url":"https:\/\/www.swissfairtrade.ch\/wp-content\/uploads\/Fairtrade-Rosen-Motiv3-076_ChristophKoestlin.jpg","contentUrl":"https:\/\/www.swissfairtrade.ch\/wp-content\/uploads\/Fairtrade-Rosen-Motiv3-076_ChristophKoestlin.jpg","width":2560,"height":1703},{"@type":"BreadcrumbList","@id":"https:\/\/www.swissfairtrade.ch\/fr\/champs-d-actions\/centre-de-competences-3\/legalite-des-chances-grace-au-commerce-equitable\/discrimination-envers-les-femmes\/ferme-de-fleurs-karen-roses\/#breadcrumb","itemListElement":[{"@type":"ListItem","position":1,"name":"Home","item":"https:\/\/www.swissfairtrade.ch\/fr\/"},{"@type":"ListItem","position":2,"name":"Champs d\u2019actions","item":"https:\/\/www.swissfairtrade.ch\/fr\/champs-d-actions\/"},{"@type":"ListItem","position":3,"name":"Centre de comp\u00e9tences","item":"https:\/\/www.swissfairtrade.ch\/fr\/champs-d-actions\/centre-de-competences-3\/"},{"@type":"ListItem","position":4,"name":"L\u2019\u00e9galit\u00e9 des chances gr\u00e2ce au commerce \u00e9quitable","item":"https:\/\/www.swissfairtrade.ch\/fr\/champs-d-actions\/centre-de-competences-3\/legalite-des-chances-grace-au-commerce-equitable\/"},{"@type":"ListItem","position":5,"name":"Discrimination envers les femmes","item":"https:\/\/www.swissfairtrade.ch\/fr\/champs-d-actions\/centre-de-competences-3\/legalite-des-chances-grace-au-commerce-equitable\/discrimination-envers-les-femmes\/"},{"@type":"ListItem","position":6,"name":"Ferme de fleurs Karen Roses"}]},{"@type":"WebSite","@id":"https:\/\/www.swissfairtrade.ch\/it\/#website","url":"https:\/\/www.swissfairtrade.ch\/it\/","name":"Swiss Fair Trade","description":"","publisher":{"@id":"https:\/\/www.swissfairtrade.ch\/it\/#organization"},"potentialAction":[{"@type":"SearchAction","target":{"@type":"EntryPoint","urlTemplate":"https:\/\/www.swissfairtrade.ch\/it\/?s={search_term_string}"},"query-input":{"@type":"PropertyValueSpecification","valueRequired":true,"valueName":"search_term_string"}}],"inLanguage":"fr-FR"},{"@type":"Organization","@id":"https:\/\/www.swissfairtrade.ch\/it\/#organization","name":"Swiss Fair Trade","url":"https:\/\/www.swissfairtrade.ch\/it\/","logo":{"@type":"ImageObject","inLanguage":"fr-FR","@id":"https:\/\/www.swissfairtrade.ch\/it\/#\/schema\/logo\/image\/","url":"https:\/\/www.swissfairtrade.ch\/wp-content\/uploads\/SwissFairTrade-Logo-rgb-203.51.59-web.png","contentUrl":"https:\/\/www.swissfairtrade.ch\/wp-content\/uploads\/SwissFairTrade-Logo-rgb-203.51.59-web.png","width":130,"height":115,"caption":"Swiss Fair Trade"},"image":{"@id":"https:\/\/www.swissfairtrade.ch\/it\/#\/schema\/logo\/image\/"}}]}},"_links":{"self":[{"href":"https:\/\/www.swissfairtrade.ch\/fr\/wp-json\/wp\/v2\/pages\/8116","targetHints":{"allow":["GET"]}}],"collection":[{"href":"https:\/\/www.swissfairtrade.ch\/fr\/wp-json\/wp\/v2\/pages"}],"about":[{"href":"https:\/\/www.swissfairtrade.ch\/fr\/wp-json\/wp\/v2\/types\/page"}],"author":[{"embeddable":true,"href":"https:\/\/www.swissfairtrade.ch\/fr\/wp-json\/wp\/v2\/users\/3"}],"replies":[{"embeddable":true,"href":"https:\/\/www.swissfairtrade.ch\/fr\/wp-json\/wp\/v2\/comments?post=8116"}],"version-history":[{"count":0,"href":"https:\/\/www.swissfairtrade.ch\/fr\/wp-json\/wp\/v2\/pages\/8116\/revisions"}],"up":[{"embeddable":true,"href":"https:\/\/www.swissfairtrade.ch\/fr\/wp-json\/wp\/v2\/pages\/7865"}],"wp:featuredmedia":[{"embeddable":true,"href":"https:\/\/www.swissfairtrade.ch\/fr\/wp-json\/wp\/v2\/media\/8119"}],"wp:attachment":[{"href":"https:\/\/www.swissfairtrade.ch\/fr\/wp-json\/wp\/v2\/media?parent=8116"}],"wp:term":[{"taxonomy":"hauptseiten-kategorie","embeddable":true,"href":"https:\/\/www.swissfairtrade.ch\/fr\/wp-json\/wp\/v2\/hauptseiten-kategorie?post=8116"}],"curies":[{"name":"wp","href":"https:\/\/api.w.org\/{rel}","templated":true}]}}