{"id":8068,"date":"2020-05-04T16:13:10","date_gmt":"2020-05-04T14:13:10","guid":{"rendered":"https:\/\/www.swissfairtrade.ch\/?page_id=8068"},"modified":"2020-05-05T12:47:04","modified_gmt":"2020-05-05T10:47:04","slug":"yayra-glover-ltd-fairafric","status":"publish","type":"page","link":"https:\/\/www.swissfairtrade.ch\/fr\/champs-d-actions\/centre-de-competences-3\/legalite-des-chances-grace-au-commerce-equitable\/inegalites-nord-sud\/yayra-glover-ltd-fairafric\/","title":{"rendered":"Yayra Glover Ltd. Fairafric"},"content":{"rendered":"<div class=\"wpb-content-wrapper\"><p>[vc_row full_width=\u00a0\u00bbstretch_row\u00a0\u00bb content_placement=\u00a0\u00bbbottom\u00a0\u00bb parallax=\u00a0\u00bbcontent-moving-fade\u00a0\u00bb parallax_image=\u00a0\u00bb2959&Prime; css=\u00a0\u00bb.vc_custom_1588601360798{background: rgba(196,196,196,0.71) url(https:\/\/www.swissfairtrade.ch\/wp-content\/uploads\/CHOCOLATEMADE-IN-AFRICA2.png?id=8077);background-position: center;background-repeat: no-repeat !important;background-size: cover !important;*background-color: rgb(196,196,196) !important;}\u00a0\u00bb el_class=\u00a0\u00bbheader\u00a0\u00bb][vc_column][vc_column_text el_class=\u00a0\u00bbtxt-white\u00a0\u00bb]<\/p>\n<div class=\"annot\">\n<div class=\"row-main\">\n<div class=\"csc-header csc-header-n1\">\n<h1 class=\"csc-firstHeader\">In\u00e9galit\u00e9s Nord-Sud<\/h1>\n<\/div>\n<h2 class=\"text\"><span data-contrast=\"auto\">Yayra<\/span><span data-contrast=\"auto\"> Glover Ltd. <\/span><span data-contrast=\"auto\">Fairafric<\/span><span data-ccp-props=\"{&quot;335551550&quot;:6,&quot;335551620&quot;:6,&quot;335559740&quot;:276}\">\u00a0<\/span><\/h2>\n<p>&nbsp;<\/p>\n<\/div>\n<\/div>\n<p>[\/vc_column_text][\/vc_column][\/vc_row][vc_row][vc_column][vc_column_text]<strong>Le chocolat fairafric est produit au Ghana, de la f\u00e8ve \u00e0 la plaque\u202f! Cr\u00e9er de la valeur sur place est en effet la solution qui permet de sortir la population de sa mis\u00e8re et de stimuler le d\u00e9veloppement \u00e9conomique de toute une r\u00e9gion.<\/strong> Paysans et paysannes ont acc\u00e8s aux soins m\u00e9dicaux et \u00e0 la formation, b\u00e9n\u00e9ficient d\u2019une aide qui leur permet de prendre leur destin en main et peuvent acc\u00e9der \u00e0 des emplois qualifi\u00e9s, \u00e9galement en dehors du secteur agricole.<\/p>\n<p>Au Ghana, le salaire minimum est de 10,65\u202fc\u00e9dis par jour, ce qui donne un salaire mensuel d\u2019environ 55\u202fdollars am\u00e9ricains. Niche Cocoa Industry, partenaire de fairafric, fabrique pour elle sur place le chocolat, des f\u00e8ves de cacao \u00e0 la plaque emball\u00e9e. Le revenu des employ\u00e9s de production est de 1000\u202fc\u00e9dis par mois environ au d\u00e9but de leur contrat de travail, ce qui correspond \u00e0 225\u202fdollars. Il augmente par la suite, au fur et \u00e0 mesure qu\u2019ils acqui\u00e8rent exp\u00e9rience et anciennet\u00e9. Ces salaires ne sont pas seulement nettement plus \u00e9lev\u00e9s que le salaire minimal, ils sont aussi sup\u00e9rieurs \u00e0 ceux des employ\u00e9s occupant des postes similaires dans des entreprises de la place.<\/p>\n<p><strong>Contribution du commerce \u00e9quitable<\/strong><\/p>\n<ul>\n<li><strong>Emplois\u202f:<\/strong> la production du chocolat se faisant directement au Ghana, la plus-value reste sur place. Des emplois stables et s\u00fbrs sont cr\u00e9\u00e9s.<br \/>\nMeilleur acc\u00e8s aux soins de sant\u00e9\u202f: les familles des employ\u00e9s ont de quoi se payer les soins m\u00e9dicaux. Ils ne doivent pas renoncer \u00e0 des traitements faute de moyens financiers.<\/li>\n<li><strong>Formation\u202f:<\/strong> l\u2019instruction et la formation co\u00fbtent cher. Tandis que les petits paysans ont tout juste les moyens d\u2019envoyer leurs enfants \u00e0 l\u2019\u00e9cole primaire, les personnes qui travaillent pour fairafric comme employ\u00e9es qualifi\u00e9es peuvent financer leur formation jusqu\u2019\u00e0 l\u2019universit\u00e9.<\/li>\n<li><strong>\u00c9galit\u00e9 des droits\u202f:<\/strong> la moiti\u00e9 des membres du comit\u00e9 de la coop\u00e9rative partenaire sont des femmes. Fairafric les aide \u00e0 d\u00e9velopper durablement de nouvelles sources de revenu, par exemple en leur proposant des ateliers de fabrication de savon.<\/li>\n<li><strong>Comp\u00e9tences\u202f:<\/strong> en Afrique, il est difficile de cr\u00e9er de la valeur en raison du manque d\u2019infrastructures. La pr\u00e9sence d\u2019entreprises comme fairafric am\u00e9liore les infrastructures sur place.<\/li>\n<li><strong>Durabilit\u00e9\u202f:<\/strong> avec ses partenaires, fairafric aide les paysans \u00e0 g\u00e9rer leurs exploitations de mani\u00e8re en bio. Elle s\u2019efforce aussi d\u2019optimaliser sa propre durabilit\u00e9 \u00e9galement.<\/li>\n<\/ul>\n<p>Plus informations sur <a href=\"https:\/\/www.claro.ch\/fr\/producer\/514\" target=\"_blank\" rel=\"noopener noreferrer\">Yayra Glover Ltd. et fairafric<\/a> sont disponibles sur le site web de claro.[\/vc_column_text][\/vc_column][\/vc_row][vc_row][vc_column][\/vc_column][\/vc_row]<\/p>\n<\/div>","protected":false},"excerpt":{"rendered":"<p>Le chocolat fairafric est produit au Ghana, de la f\u00e8ve \u00e0 la plaque\u202f! Cr\u00e9er de la valeur sur place est en effet la solution qui permet de sortir la population de sa mis\u00e8re et de stimuler le d\u00e9veloppement \u00e9conomique de toute une r\u00e9gion.<\/p>\n","protected":false},"author":3,"featured_media":8077,"parent":7846,"menu_order":0,"comment_status":"closed","ping_status":"closed","template":"","meta":{"generate_page_header":"","footnotes":"","_links_to":"","_links_to_target":""},"hauptseiten-kategorie":[344],"class_list":{"0":"post-8068","1":"page","2":"type-page","3":"status-publish","4":"has-post-thumbnail","6":"hauptseiten-kategorie-inegalites-nord-sud"},"yoast_head":"<!-- This site is optimized with the Yoast SEO plugin v26.2 - https:\/\/yoast.com\/wordpress\/plugins\/seo\/ -->\n<title>Yayra Glover Ltd. Fairafric - Swiss Fair Trade<\/title>\n<meta name=\"robots\" content=\"index, follow, max-snippet:-1, max-image-preview:large, max-video-preview:-1\" \/>\n<link rel=\"canonical\" href=\"https:\/\/www.swissfairtrade.ch\/fr\/champs-d-actions\/centre-de-competences-3\/legalite-des-chances-grace-au-commerce-equitable\/inegalites-nord-sud\/yayra-glover-ltd-fairafric\/\" \/>\n<meta property=\"og:locale\" content=\"fr_FR\" \/>\n<meta property=\"og:type\" content=\"article\" \/>\n<meta property=\"og:title\" content=\"Yayra Glover Ltd. Fairafric - Swiss Fair Trade\" \/>\n<meta property=\"og:description\" content=\"Le chocolat fairafric est produit au Ghana, de la f\u00e8ve \u00e0 la plaque\u202f! Cr\u00e9er de la valeur sur place est en effet la solution qui permet de sortir la population de sa mis\u00e8re et de stimuler le d\u00e9veloppement \u00e9conomique de toute une r\u00e9gion.\" \/>\n<meta property=\"og:url\" content=\"https:\/\/www.swissfairtrade.ch\/fr\/champs-d-actions\/centre-de-competences-3\/legalite-des-chances-grace-au-commerce-equitable\/inegalites-nord-sud\/yayra-glover-ltd-fairafric\/\" \/>\n<meta property=\"og:site_name\" content=\"Swiss Fair Trade\" \/>\n<meta property=\"article:modified_time\" content=\"2020-05-05T10:47:04+00:00\" \/>\n<meta property=\"og:image\" content=\"https:\/\/www.swissfairtrade.ch\/wp-content\/uploads\/CHOCOLATEMADE-IN-AFRICA2.png\" \/>\n\t<meta property=\"og:image:width\" content=\"1079\" \/>\n\t<meta property=\"og:image:height\" content=\"429\" \/>\n\t<meta property=\"og:image:type\" content=\"image\/png\" \/>\n<meta name=\"twitter:card\" content=\"summary_large_image\" \/>\n<meta name=\"twitter:label1\" content=\"Dur\u00e9e de lecture estim\u00e9e\" \/>\n\t<meta name=\"twitter:data1\" content=\"3 minutes\" \/>\n<script type=\"application\/ld+json\" class=\"yoast-schema-graph\">{\"@context\":\"https:\/\/schema.org\",\"@graph\":[{\"@type\":\"WebPage\",\"@id\":\"https:\/\/www.swissfairtrade.ch\/fr\/champs-d-actions\/centre-de-competences-3\/legalite-des-chances-grace-au-commerce-equitable\/inegalites-nord-sud\/yayra-glover-ltd-fairafric\/\",\"url\":\"https:\/\/www.swissfairtrade.ch\/fr\/champs-d-actions\/centre-de-competences-3\/legalite-des-chances-grace-au-commerce-equitable\/inegalites-nord-sud\/yayra-glover-ltd-fairafric\/\",\"name\":\"Yayra Glover Ltd. Fairafric - Swiss Fair Trade\",\"isPartOf\":{\"@id\":\"https:\/\/www.swissfairtrade.ch\/it\/#website\"},\"primaryImageOfPage\":{\"@id\":\"https:\/\/www.swissfairtrade.ch\/fr\/champs-d-actions\/centre-de-competences-3\/legalite-des-chances-grace-au-commerce-equitable\/inegalites-nord-sud\/yayra-glover-ltd-fairafric\/#primaryimage\"},\"image\":{\"@id\":\"https:\/\/www.swissfairtrade.ch\/fr\/champs-d-actions\/centre-de-competences-3\/legalite-des-chances-grace-au-commerce-equitable\/inegalites-nord-sud\/yayra-glover-ltd-fairafric\/#primaryimage\"},\"thumbnailUrl\":\"https:\/\/www.swissfairtrade.ch\/wp-content\/uploads\/CHOCOLATEMADE-IN-AFRICA2.png\",\"datePublished\":\"2020-05-04T14:13:10+00:00\",\"dateModified\":\"2020-05-05T10:47:04+00:00\",\"breadcrumb\":{\"@id\":\"https:\/\/www.swissfairtrade.ch\/fr\/champs-d-actions\/centre-de-competences-3\/legalite-des-chances-grace-au-commerce-equitable\/inegalites-nord-sud\/yayra-glover-ltd-fairafric\/#breadcrumb\"},\"inLanguage\":\"fr-FR\",\"potentialAction\":[{\"@type\":\"ReadAction\",\"target\":[\"https:\/\/www.swissfairtrade.ch\/fr\/champs-d-actions\/centre-de-competences-3\/legalite-des-chances-grace-au-commerce-equitable\/inegalites-nord-sud\/yayra-glover-ltd-fairafric\/\"]}]},{\"@type\":\"ImageObject\",\"inLanguage\":\"fr-FR\",\"@id\":\"https:\/\/www.swissfairtrade.ch\/fr\/champs-d-actions\/centre-de-competences-3\/legalite-des-chances-grace-au-commerce-equitable\/inegalites-nord-sud\/yayra-glover-ltd-fairafric\/#primaryimage\",\"url\":\"https:\/\/www.swissfairtrade.ch\/wp-content\/uploads\/CHOCOLATEMADE-IN-AFRICA2.png\",\"contentUrl\":\"https:\/\/www.swissfairtrade.ch\/wp-content\/uploads\/CHOCOLATEMADE-IN-AFRICA2.png\",\"width\":1079,\"height\":429},{\"@type\":\"BreadcrumbList\",\"@id\":\"https:\/\/www.swissfairtrade.ch\/fr\/champs-d-actions\/centre-de-competences-3\/legalite-des-chances-grace-au-commerce-equitable\/inegalites-nord-sud\/yayra-glover-ltd-fairafric\/#breadcrumb\",\"itemListElement\":[{\"@type\":\"ListItem\",\"position\":1,\"name\":\"Home\",\"item\":\"https:\/\/www.swissfairtrade.ch\/fr\/\"},{\"@type\":\"ListItem\",\"position\":2,\"name\":\"Champs d\u2019actions\",\"item\":\"https:\/\/www.swissfairtrade.ch\/fr\/champs-d-actions\/\"},{\"@type\":\"ListItem\",\"position\":3,\"name\":\"Centre de comp\u00e9tences\",\"item\":\"https:\/\/www.swissfairtrade.ch\/fr\/champs-d-actions\/centre-de-competences-3\/\"},{\"@type\":\"ListItem\",\"position\":4,\"name\":\"L\u2019\u00e9galit\u00e9 des chances gr\u00e2ce au commerce \u00e9quitable\",\"item\":\"https:\/\/www.swissfairtrade.ch\/fr\/champs-d-actions\/centre-de-competences-3\/legalite-des-chances-grace-au-commerce-equitable\/\"},{\"@type\":\"ListItem\",\"position\":5,\"name\":\"In\u00e9galit\u00e9s Nord-Sud\",\"item\":\"https:\/\/www.swissfairtrade.ch\/fr\/champs-d-actions\/centre-de-competences-3\/legalite-des-chances-grace-au-commerce-equitable\/inegalites-nord-sud\/\"},{\"@type\":\"ListItem\",\"position\":6,\"name\":\"Yayra Glover Ltd. Fairafric\"}]},{\"@type\":\"WebSite\",\"@id\":\"https:\/\/www.swissfairtrade.ch\/it\/#website\",\"url\":\"https:\/\/www.swissfairtrade.ch\/it\/\",\"name\":\"Swiss Fair Trade\",\"description\":\"\",\"publisher\":{\"@id\":\"https:\/\/www.swissfairtrade.ch\/it\/#organization\"},\"potentialAction\":[{\"@type\":\"SearchAction\",\"target\":{\"@type\":\"EntryPoint\",\"urlTemplate\":\"https:\/\/www.swissfairtrade.ch\/it\/?s={search_term_string}\"},\"query-input\":{\"@type\":\"PropertyValueSpecification\",\"valueRequired\":true,\"valueName\":\"search_term_string\"}}],\"inLanguage\":\"fr-FR\"},{\"@type\":\"Organization\",\"@id\":\"https:\/\/www.swissfairtrade.ch\/it\/#organization\",\"name\":\"Swiss Fair Trade\",\"url\":\"https:\/\/www.swissfairtrade.ch\/it\/\",\"logo\":{\"@type\":\"ImageObject\",\"inLanguage\":\"fr-FR\",\"@id\":\"https:\/\/www.swissfairtrade.ch\/it\/#\/schema\/logo\/image\/\",\"url\":\"https:\/\/www.swissfairtrade.ch\/wp-content\/uploads\/SwissFairTrade-Logo-rgb-203.51.59-web.png\",\"contentUrl\":\"https:\/\/www.swissfairtrade.ch\/wp-content\/uploads\/SwissFairTrade-Logo-rgb-203.51.59-web.png\",\"width\":130,\"height\":115,\"caption\":\"Swiss Fair Trade\"},\"image\":{\"@id\":\"https:\/\/www.swissfairtrade.ch\/it\/#\/schema\/logo\/image\/\"}}]}<\/script>\n<!-- \/ Yoast SEO plugin. -->","yoast_head_json":{"title":"Yayra Glover Ltd. Fairafric - Swiss Fair Trade","robots":{"index":"index","follow":"follow","max-snippet":"max-snippet:-1","max-image-preview":"max-image-preview:large","max-video-preview":"max-video-preview:-1"},"canonical":"https:\/\/www.swissfairtrade.ch\/fr\/champs-d-actions\/centre-de-competences-3\/legalite-des-chances-grace-au-commerce-equitable\/inegalites-nord-sud\/yayra-glover-ltd-fairafric\/","og_locale":"fr_FR","og_type":"article","og_title":"Yayra Glover Ltd. Fairafric - Swiss Fair Trade","og_description":"Le chocolat fairafric est produit au Ghana, de la f\u00e8ve \u00e0 la plaque\u202f! Cr\u00e9er de la valeur sur place est en effet la solution qui permet de sortir la population de sa mis\u00e8re et de stimuler le d\u00e9veloppement \u00e9conomique de toute une r\u00e9gion.","og_url":"https:\/\/www.swissfairtrade.ch\/fr\/champs-d-actions\/centre-de-competences-3\/legalite-des-chances-grace-au-commerce-equitable\/inegalites-nord-sud\/yayra-glover-ltd-fairafric\/","og_site_name":"Swiss Fair Trade","article_modified_time":"2020-05-05T10:47:04+00:00","og_image":[{"width":1079,"height":429,"url":"https:\/\/www.swissfairtrade.ch\/wp-content\/uploads\/CHOCOLATEMADE-IN-AFRICA2.png","type":"image\/png"}],"twitter_card":"summary_large_image","twitter_misc":{"Dur\u00e9e de lecture estim\u00e9e":"3 minutes"},"schema":{"@context":"https:\/\/schema.org","@graph":[{"@type":"WebPage","@id":"https:\/\/www.swissfairtrade.ch\/fr\/champs-d-actions\/centre-de-competences-3\/legalite-des-chances-grace-au-commerce-equitable\/inegalites-nord-sud\/yayra-glover-ltd-fairafric\/","url":"https:\/\/www.swissfairtrade.ch\/fr\/champs-d-actions\/centre-de-competences-3\/legalite-des-chances-grace-au-commerce-equitable\/inegalites-nord-sud\/yayra-glover-ltd-fairafric\/","name":"Yayra Glover Ltd. Fairafric - Swiss Fair Trade","isPartOf":{"@id":"https:\/\/www.swissfairtrade.ch\/it\/#website"},"primaryImageOfPage":{"@id":"https:\/\/www.swissfairtrade.ch\/fr\/champs-d-actions\/centre-de-competences-3\/legalite-des-chances-grace-au-commerce-equitable\/inegalites-nord-sud\/yayra-glover-ltd-fairafric\/#primaryimage"},"image":{"@id":"https:\/\/www.swissfairtrade.ch\/fr\/champs-d-actions\/centre-de-competences-3\/legalite-des-chances-grace-au-commerce-equitable\/inegalites-nord-sud\/yayra-glover-ltd-fairafric\/#primaryimage"},"thumbnailUrl":"https:\/\/www.swissfairtrade.ch\/wp-content\/uploads\/CHOCOLATEMADE-IN-AFRICA2.png","datePublished":"2020-05-04T14:13:10+00:00","dateModified":"2020-05-05T10:47:04+00:00","breadcrumb":{"@id":"https:\/\/www.swissfairtrade.ch\/fr\/champs-d-actions\/centre-de-competences-3\/legalite-des-chances-grace-au-commerce-equitable\/inegalites-nord-sud\/yayra-glover-ltd-fairafric\/#breadcrumb"},"inLanguage":"fr-FR","potentialAction":[{"@type":"ReadAction","target":["https:\/\/www.swissfairtrade.ch\/fr\/champs-d-actions\/centre-de-competences-3\/legalite-des-chances-grace-au-commerce-equitable\/inegalites-nord-sud\/yayra-glover-ltd-fairafric\/"]}]},{"@type":"ImageObject","inLanguage":"fr-FR","@id":"https:\/\/www.swissfairtrade.ch\/fr\/champs-d-actions\/centre-de-competences-3\/legalite-des-chances-grace-au-commerce-equitable\/inegalites-nord-sud\/yayra-glover-ltd-fairafric\/#primaryimage","url":"https:\/\/www.swissfairtrade.ch\/wp-content\/uploads\/CHOCOLATEMADE-IN-AFRICA2.png","contentUrl":"https:\/\/www.swissfairtrade.ch\/wp-content\/uploads\/CHOCOLATEMADE-IN-AFRICA2.png","width":1079,"height":429},{"@type":"BreadcrumbList","@id":"https:\/\/www.swissfairtrade.ch\/fr\/champs-d-actions\/centre-de-competences-3\/legalite-des-chances-grace-au-commerce-equitable\/inegalites-nord-sud\/yayra-glover-ltd-fairafric\/#breadcrumb","itemListElement":[{"@type":"ListItem","position":1,"name":"Home","item":"https:\/\/www.swissfairtrade.ch\/fr\/"},{"@type":"ListItem","position":2,"name":"Champs d\u2019actions","item":"https:\/\/www.swissfairtrade.ch\/fr\/champs-d-actions\/"},{"@type":"ListItem","position":3,"name":"Centre de comp\u00e9tences","item":"https:\/\/www.swissfairtrade.ch\/fr\/champs-d-actions\/centre-de-competences-3\/"},{"@type":"ListItem","position":4,"name":"L\u2019\u00e9galit\u00e9 des chances gr\u00e2ce au commerce \u00e9quitable","item":"https:\/\/www.swissfairtrade.ch\/fr\/champs-d-actions\/centre-de-competences-3\/legalite-des-chances-grace-au-commerce-equitable\/"},{"@type":"ListItem","position":5,"name":"In\u00e9galit\u00e9s Nord-Sud","item":"https:\/\/www.swissfairtrade.ch\/fr\/champs-d-actions\/centre-de-competences-3\/legalite-des-chances-grace-au-commerce-equitable\/inegalites-nord-sud\/"},{"@type":"ListItem","position":6,"name":"Yayra Glover Ltd. Fairafric"}]},{"@type":"WebSite","@id":"https:\/\/www.swissfairtrade.ch\/it\/#website","url":"https:\/\/www.swissfairtrade.ch\/it\/","name":"Swiss Fair Trade","description":"","publisher":{"@id":"https:\/\/www.swissfairtrade.ch\/it\/#organization"},"potentialAction":[{"@type":"SearchAction","target":{"@type":"EntryPoint","urlTemplate":"https:\/\/www.swissfairtrade.ch\/it\/?s={search_term_string}"},"query-input":{"@type":"PropertyValueSpecification","valueRequired":true,"valueName":"search_term_string"}}],"inLanguage":"fr-FR"},{"@type":"Organization","@id":"https:\/\/www.swissfairtrade.ch\/it\/#organization","name":"Swiss Fair Trade","url":"https:\/\/www.swissfairtrade.ch\/it\/","logo":{"@type":"ImageObject","inLanguage":"fr-FR","@id":"https:\/\/www.swissfairtrade.ch\/it\/#\/schema\/logo\/image\/","url":"https:\/\/www.swissfairtrade.ch\/wp-content\/uploads\/SwissFairTrade-Logo-rgb-203.51.59-web.png","contentUrl":"https:\/\/www.swissfairtrade.ch\/wp-content\/uploads\/SwissFairTrade-Logo-rgb-203.51.59-web.png","width":130,"height":115,"caption":"Swiss Fair Trade"},"image":{"@id":"https:\/\/www.swissfairtrade.ch\/it\/#\/schema\/logo\/image\/"}}]}},"_links":{"self":[{"href":"https:\/\/www.swissfairtrade.ch\/fr\/wp-json\/wp\/v2\/pages\/8068","targetHints":{"allow":["GET"]}}],"collection":[{"href":"https:\/\/www.swissfairtrade.ch\/fr\/wp-json\/wp\/v2\/pages"}],"about":[{"href":"https:\/\/www.swissfairtrade.ch\/fr\/wp-json\/wp\/v2\/types\/page"}],"author":[{"embeddable":true,"href":"https:\/\/www.swissfairtrade.ch\/fr\/wp-json\/wp\/v2\/users\/3"}],"replies":[{"embeddable":true,"href":"https:\/\/www.swissfairtrade.ch\/fr\/wp-json\/wp\/v2\/comments?post=8068"}],"version-history":[{"count":0,"href":"https:\/\/www.swissfairtrade.ch\/fr\/wp-json\/wp\/v2\/pages\/8068\/revisions"}],"up":[{"embeddable":true,"href":"https:\/\/www.swissfairtrade.ch\/fr\/wp-json\/wp\/v2\/pages\/7846"}],"wp:featuredmedia":[{"embeddable":true,"href":"https:\/\/www.swissfairtrade.ch\/fr\/wp-json\/wp\/v2\/media\/8077"}],"wp:attachment":[{"href":"https:\/\/www.swissfairtrade.ch\/fr\/wp-json\/wp\/v2\/media?parent=8068"}],"wp:term":[{"taxonomy":"hauptseiten-kategorie","embeddable":true,"href":"https:\/\/www.swissfairtrade.ch\/fr\/wp-json\/wp\/v2\/hauptseiten-kategorie?post=8068"}],"curies":[{"name":"wp","href":"https:\/\/api.w.org\/{rel}","templated":true}]}}