{"id":7907,"date":"2020-04-29T14:37:24","date_gmt":"2020-04-29T12:37:24","guid":{"rendered":"https:\/\/www.swissfairtrade.ch\/?page_id=7907"},"modified":"2020-05-05T12:38:59","modified_gmt":"2020-05-05T10:38:59","slug":"materiel-pratique","status":"publish","type":"page","link":"https:\/\/www.swissfairtrade.ch\/fr\/champs-d-actions\/centre-de-competences-3\/legalite-des-chances-grace-au-commerce-equitable\/materiel-pratique\/","title":{"rendered":"Mat\u00e9riel pratique"},"content":{"rendered":"<div class=\"wpb-content-wrapper\"><p>[vc_row full_width=\u00a0\u00bbstretch_row\u00a0\u00bb content_placement=\u00a0\u00bbbottom\u00a0\u00bb parallax=\u00a0\u00bbcontent-moving-fade\u00a0\u00bb parallax_image=\u00a0\u00bb2959&Prime; css=\u00a0\u00bb.vc_custom_1588336557242{background: rgba(196,196,196,0.71) url(https:\/\/www.swissfairtrade.ch\/wp-content\/uploads\/post-it-notes-.jpg?id=7958);background-position: center;background-repeat: no-repeat !important;background-size: cover !important;*background-color: rgb(196,196,196) !important;}\u00a0\u00bb el_class=\u00a0\u00bbheader\u00a0\u00bb][vc_column][vc_column_text el_class=\u00a0\u00bbtxt-white\u00a0\u00bb]<\/p>\n<div class=\"annot\">\n<div class=\"row-main\">\n<div class=\"csc-header csc-header-n1\">\n<h1 class=\"csc-firstHeader\">Mat\u00e9riel pratique<\/h1>\n<\/div>\n<h2 class=\"text\"><\/h2>\n<p>&nbsp;<\/p>\n<\/div>\n<\/div>\n<p>[\/vc_column_text][\/vc_column][\/vc_row][vc_row][vc_column][vc_column_text]<strong>Rapports<\/strong><\/p>\n<ul>\n<li><a href=\"https:\/\/www.swissfairtrade.ch\/wp-content\/uploads\/Bericht-WFTD-2020FR.pdf\" target=\"_blank\" rel=\"noopener noreferrer\">Rapport sur la Journ\u00e9e mondiale du commerce \u00e9quitable 2020<\/a><\/li>\n<li>WFTO (2019): <a href=\"https:\/\/www.swissfairtrade.ch\/wp-content\/uploads\/Gender-study-Report-2_WFTO_DEAR-March-20191.pdf\" target=\"_blank\" rel=\"noopener noreferrer\">Business Models that Empower Women. Insights and Inspiration from Fair Trade Enterprises.<\/a><\/li>\n<li>WFTO (2019): <span class=\"TextRun SCXW50690029 BCX2\" lang=\"EN-US\" xml:lang=\"EN-US\" data-contrast=\"auto\"><span class=\"NormalTextRun SCXW50690029 BCX2\" data-ccp-parastyle=\"footnote text\"><a href=\"https:\/\/www.swissfairtrade.ch\/wp-content\/uploads\/Gender-study-Report-1_WFTO_DEAR-March-20191.pdf\" target=\"_blank\" rel=\"noopener noreferrer\">Gender Equity and Women\u2019s Right in the work place. Women at the Heart of Sustainable Development.<\/a><\/span><\/span><\/li>\n<li><a href=\"https:\/\/www.youtube.com\/watch?v=WMBmCfOFuF8\" target=\"_blank\" rel=\"noopener noreferrer\">Vid\u00e9o WFTO sur l\u2019\u00e9galit\u00e9 des chances entre femmes et hommes gr\u00e2ce au commerce \u00e9quitable<\/a><\/li>\n<\/ul>\n<p><strong>Flyer<\/strong><\/p>\n<ul>\n<li><a href=\"https:\/\/www.swissfairtrade.ch\/wp-content\/uploads\/Probe9FlyerWFTD_fr.pdf\" target=\"_blank\" rel=\"noopener noreferrer\">Flyer JMCE<\/a><\/li>\n<\/ul>\n<p><strong>Affiches<\/strong><\/p>\n<ul>\n<li><a href=\"https:\/\/www.swissfairtrade.ch\/wp-content\/uploads\/Plakat-WFTD-2020-FR_F4.pdf\" target=\"_blank\" rel=\"noopener noreferrer\">Affiche JMCE_F4<\/a><\/li>\n<li><a href=\"https:\/\/www.swissfairtrade.ch\/wp-content\/uploads\/Plakat-WFTD-2020-FR_Format-A3.pdf\" target=\"_blank\" rel=\"noopener noreferrer\">Affiche JMCE_A3<\/a><\/li>\n<li><a href=\"https:\/\/www.swissfairtrade.ch\/wp-content\/uploads\/Plakat-WFTD-2020-FR_A4.pdf\" target=\"_blank\" rel=\"noopener noreferrer\">Affiche JMCE_A4<\/a><\/li>\n<li><a href=\"https:\/\/www.swissfairtrade.ch\/wp-content\/uploads\/Plakat-Corona-WFTD-2020-FR_F4.pdf\" target=\"_blank\" rel=\"noopener noreferrer\">Affiche Coronavirus et JMCE_F4<\/a><\/li>\n<li><a href=\"https:\/\/www.swissfairtrade.ch\/wp-content\/uploads\/Plakat-Corona-WFTD-2020-FR_Format-A3.pdf\" target=\"_blank\" rel=\"noopener noreferrer\">Affiche Coronavirus et JMCE_A3<\/a><\/li>\n<li><a href=\"https:\/\/www.swissfairtrade.ch\/wp-content\/uploads\/Plakat-Corona-WFTD-2020-FR_A4.pdf\" target=\"_blank\" rel=\"noopener noreferrer\">Affiche Coronavirus et JMCE_A4<\/a><\/li>\n<\/ul>\n<p>[\/vc_column_text][\/vc_column][\/vc_row][vc_row][vc_column][vc_separator][\/vc_column][\/vc_row]<\/p>\n<\/div>","protected":false},"excerpt":{"rendered":"<p>Vous trouverez ici du mat\u00e9riel d&rsquo;information, des affiches et des d\u00e9pliants \u00e0 imprimer.<\/p>\n","protected":false},"author":3,"featured_media":7958,"parent":7755,"menu_order":3,"comment_status":"closed","ping_status":"closed","template":"","meta":{"generate_page_header":"","footnotes":"","_links_to":"","_links_to_target":""},"hauptseiten-kategorie":[341],"class_list":{"0":"post-7907","1":"page","2":"type-page","3":"status-publish","4":"has-post-thumbnail","6":"hauptseiten-kategorie-journee-mondiale-du-commerce-equitable"},"yoast_head":"<!-- This site is optimized with the Yoast SEO plugin v26.2 - https:\/\/yoast.com\/wordpress\/plugins\/seo\/ -->\n<title>Mat\u00e9riel pratique - Swiss Fair Trade<\/title>\n<meta name=\"robots\" content=\"index, follow, max-snippet:-1, max-image-preview:large, max-video-preview:-1\" \/>\n<link rel=\"canonical\" href=\"https:\/\/www.swissfairtrade.ch\/fr\/champs-d-actions\/centre-de-competences-3\/legalite-des-chances-grace-au-commerce-equitable\/materiel-pratique\/\" \/>\n<meta property=\"og:locale\" content=\"fr_FR\" \/>\n<meta property=\"og:type\" content=\"article\" \/>\n<meta property=\"og:title\" content=\"Mat\u00e9riel pratique - Swiss Fair Trade\" \/>\n<meta property=\"og:description\" content=\"Vous trouverez ici du mat\u00e9riel d&#039;information, des affiches et des d\u00e9pliants \u00e0 imprimer.\" \/>\n<meta property=\"og:url\" content=\"https:\/\/www.swissfairtrade.ch\/fr\/champs-d-actions\/centre-de-competences-3\/legalite-des-chances-grace-au-commerce-equitable\/materiel-pratique\/\" \/>\n<meta property=\"og:site_name\" content=\"Swiss Fair Trade\" \/>\n<meta property=\"article:modified_time\" content=\"2020-05-05T10:38:59+00:00\" \/>\n<meta property=\"og:image\" content=\"https:\/\/www.swissfairtrade.ch\/wp-content\/uploads\/post-it-notes-.jpg\" \/>\n\t<meta property=\"og:image:width\" content=\"1920\" \/>\n\t<meta property=\"og:image:height\" content=\"1280\" \/>\n\t<meta property=\"og:image:type\" content=\"image\/jpeg\" \/>\n<meta name=\"twitter:card\" content=\"summary_large_image\" \/>\n<meta name=\"twitter:label1\" content=\"Dur\u00e9e de lecture estim\u00e9e\" \/>\n\t<meta name=\"twitter:data1\" content=\"1 minute\" \/>\n<script type=\"application\/ld+json\" class=\"yoast-schema-graph\">{\"@context\":\"https:\/\/schema.org\",\"@graph\":[{\"@type\":\"WebPage\",\"@id\":\"https:\/\/www.swissfairtrade.ch\/fr\/champs-d-actions\/centre-de-competences-3\/legalite-des-chances-grace-au-commerce-equitable\/materiel-pratique\/\",\"url\":\"https:\/\/www.swissfairtrade.ch\/fr\/champs-d-actions\/centre-de-competences-3\/legalite-des-chances-grace-au-commerce-equitable\/materiel-pratique\/\",\"name\":\"Mat\u00e9riel pratique - Swiss Fair Trade\",\"isPartOf\":{\"@id\":\"https:\/\/www.swissfairtrade.ch\/it\/#website\"},\"primaryImageOfPage\":{\"@id\":\"https:\/\/www.swissfairtrade.ch\/fr\/champs-d-actions\/centre-de-competences-3\/legalite-des-chances-grace-au-commerce-equitable\/materiel-pratique\/#primaryimage\"},\"image\":{\"@id\":\"https:\/\/www.swissfairtrade.ch\/fr\/champs-d-actions\/centre-de-competences-3\/legalite-des-chances-grace-au-commerce-equitable\/materiel-pratique\/#primaryimage\"},\"thumbnailUrl\":\"https:\/\/www.swissfairtrade.ch\/wp-content\/uploads\/post-it-notes-.jpg\",\"datePublished\":\"2020-04-29T12:37:24+00:00\",\"dateModified\":\"2020-05-05T10:38:59+00:00\",\"breadcrumb\":{\"@id\":\"https:\/\/www.swissfairtrade.ch\/fr\/champs-d-actions\/centre-de-competences-3\/legalite-des-chances-grace-au-commerce-equitable\/materiel-pratique\/#breadcrumb\"},\"inLanguage\":\"fr-FR\",\"potentialAction\":[{\"@type\":\"ReadAction\",\"target\":[\"https:\/\/www.swissfairtrade.ch\/fr\/champs-d-actions\/centre-de-competences-3\/legalite-des-chances-grace-au-commerce-equitable\/materiel-pratique\/\"]}]},{\"@type\":\"ImageObject\",\"inLanguage\":\"fr-FR\",\"@id\":\"https:\/\/www.swissfairtrade.ch\/fr\/champs-d-actions\/centre-de-competences-3\/legalite-des-chances-grace-au-commerce-equitable\/materiel-pratique\/#primaryimage\",\"url\":\"https:\/\/www.swissfairtrade.ch\/wp-content\/uploads\/post-it-notes-.jpg\",\"contentUrl\":\"https:\/\/www.swissfairtrade.ch\/wp-content\/uploads\/post-it-notes-.jpg\",\"width\":1920,\"height\":1280},{\"@type\":\"BreadcrumbList\",\"@id\":\"https:\/\/www.swissfairtrade.ch\/fr\/champs-d-actions\/centre-de-competences-3\/legalite-des-chances-grace-au-commerce-equitable\/materiel-pratique\/#breadcrumb\",\"itemListElement\":[{\"@type\":\"ListItem\",\"position\":1,\"name\":\"Home\",\"item\":\"https:\/\/www.swissfairtrade.ch\/fr\/\"},{\"@type\":\"ListItem\",\"position\":2,\"name\":\"Champs d\u2019actions\",\"item\":\"https:\/\/www.swissfairtrade.ch\/fr\/champs-d-actions\/\"},{\"@type\":\"ListItem\",\"position\":3,\"name\":\"Centre de comp\u00e9tences\",\"item\":\"https:\/\/www.swissfairtrade.ch\/fr\/champs-d-actions\/centre-de-competences-3\/\"},{\"@type\":\"ListItem\",\"position\":4,\"name\":\"L\u2019\u00e9galit\u00e9 des chances gr\u00e2ce au commerce \u00e9quitable\",\"item\":\"https:\/\/www.swissfairtrade.ch\/fr\/champs-d-actions\/centre-de-competences-3\/legalite-des-chances-grace-au-commerce-equitable\/\"},{\"@type\":\"ListItem\",\"position\":5,\"name\":\"Mat\u00e9riel pratique\"}]},{\"@type\":\"WebSite\",\"@id\":\"https:\/\/www.swissfairtrade.ch\/it\/#website\",\"url\":\"https:\/\/www.swissfairtrade.ch\/it\/\",\"name\":\"Swiss Fair Trade\",\"description\":\"\",\"publisher\":{\"@id\":\"https:\/\/www.swissfairtrade.ch\/it\/#organization\"},\"potentialAction\":[{\"@type\":\"SearchAction\",\"target\":{\"@type\":\"EntryPoint\",\"urlTemplate\":\"https:\/\/www.swissfairtrade.ch\/it\/?s={search_term_string}\"},\"query-input\":{\"@type\":\"PropertyValueSpecification\",\"valueRequired\":true,\"valueName\":\"search_term_string\"}}],\"inLanguage\":\"fr-FR\"},{\"@type\":\"Organization\",\"@id\":\"https:\/\/www.swissfairtrade.ch\/it\/#organization\",\"name\":\"Swiss Fair Trade\",\"url\":\"https:\/\/www.swissfairtrade.ch\/it\/\",\"logo\":{\"@type\":\"ImageObject\",\"inLanguage\":\"fr-FR\",\"@id\":\"https:\/\/www.swissfairtrade.ch\/it\/#\/schema\/logo\/image\/\",\"url\":\"https:\/\/www.swissfairtrade.ch\/wp-content\/uploads\/SwissFairTrade-Logo-rgb-203.51.59-web.png\",\"contentUrl\":\"https:\/\/www.swissfairtrade.ch\/wp-content\/uploads\/SwissFairTrade-Logo-rgb-203.51.59-web.png\",\"width\":130,\"height\":115,\"caption\":\"Swiss Fair Trade\"},\"image\":{\"@id\":\"https:\/\/www.swissfairtrade.ch\/it\/#\/schema\/logo\/image\/\"}}]}<\/script>\n<!-- \/ Yoast SEO plugin. -->","yoast_head_json":{"title":"Mat\u00e9riel pratique - Swiss Fair Trade","robots":{"index":"index","follow":"follow","max-snippet":"max-snippet:-1","max-image-preview":"max-image-preview:large","max-video-preview":"max-video-preview:-1"},"canonical":"https:\/\/www.swissfairtrade.ch\/fr\/champs-d-actions\/centre-de-competences-3\/legalite-des-chances-grace-au-commerce-equitable\/materiel-pratique\/","og_locale":"fr_FR","og_type":"article","og_title":"Mat\u00e9riel pratique - Swiss Fair Trade","og_description":"Vous trouverez ici du mat\u00e9riel d'information, des affiches et des d\u00e9pliants \u00e0 imprimer.","og_url":"https:\/\/www.swissfairtrade.ch\/fr\/champs-d-actions\/centre-de-competences-3\/legalite-des-chances-grace-au-commerce-equitable\/materiel-pratique\/","og_site_name":"Swiss Fair Trade","article_modified_time":"2020-05-05T10:38:59+00:00","og_image":[{"width":1920,"height":1280,"url":"https:\/\/www.swissfairtrade.ch\/wp-content\/uploads\/post-it-notes-.jpg","type":"image\/jpeg"}],"twitter_card":"summary_large_image","twitter_misc":{"Dur\u00e9e de lecture estim\u00e9e":"1 minute"},"schema":{"@context":"https:\/\/schema.org","@graph":[{"@type":"WebPage","@id":"https:\/\/www.swissfairtrade.ch\/fr\/champs-d-actions\/centre-de-competences-3\/legalite-des-chances-grace-au-commerce-equitable\/materiel-pratique\/","url":"https:\/\/www.swissfairtrade.ch\/fr\/champs-d-actions\/centre-de-competences-3\/legalite-des-chances-grace-au-commerce-equitable\/materiel-pratique\/","name":"Mat\u00e9riel pratique - Swiss Fair Trade","isPartOf":{"@id":"https:\/\/www.swissfairtrade.ch\/it\/#website"},"primaryImageOfPage":{"@id":"https:\/\/www.swissfairtrade.ch\/fr\/champs-d-actions\/centre-de-competences-3\/legalite-des-chances-grace-au-commerce-equitable\/materiel-pratique\/#primaryimage"},"image":{"@id":"https:\/\/www.swissfairtrade.ch\/fr\/champs-d-actions\/centre-de-competences-3\/legalite-des-chances-grace-au-commerce-equitable\/materiel-pratique\/#primaryimage"},"thumbnailUrl":"https:\/\/www.swissfairtrade.ch\/wp-content\/uploads\/post-it-notes-.jpg","datePublished":"2020-04-29T12:37:24+00:00","dateModified":"2020-05-05T10:38:59+00:00","breadcrumb":{"@id":"https:\/\/www.swissfairtrade.ch\/fr\/champs-d-actions\/centre-de-competences-3\/legalite-des-chances-grace-au-commerce-equitable\/materiel-pratique\/#breadcrumb"},"inLanguage":"fr-FR","potentialAction":[{"@type":"ReadAction","target":["https:\/\/www.swissfairtrade.ch\/fr\/champs-d-actions\/centre-de-competences-3\/legalite-des-chances-grace-au-commerce-equitable\/materiel-pratique\/"]}]},{"@type":"ImageObject","inLanguage":"fr-FR","@id":"https:\/\/www.swissfairtrade.ch\/fr\/champs-d-actions\/centre-de-competences-3\/legalite-des-chances-grace-au-commerce-equitable\/materiel-pratique\/#primaryimage","url":"https:\/\/www.swissfairtrade.ch\/wp-content\/uploads\/post-it-notes-.jpg","contentUrl":"https:\/\/www.swissfairtrade.ch\/wp-content\/uploads\/post-it-notes-.jpg","width":1920,"height":1280},{"@type":"BreadcrumbList","@id":"https:\/\/www.swissfairtrade.ch\/fr\/champs-d-actions\/centre-de-competences-3\/legalite-des-chances-grace-au-commerce-equitable\/materiel-pratique\/#breadcrumb","itemListElement":[{"@type":"ListItem","position":1,"name":"Home","item":"https:\/\/www.swissfairtrade.ch\/fr\/"},{"@type":"ListItem","position":2,"name":"Champs d\u2019actions","item":"https:\/\/www.swissfairtrade.ch\/fr\/champs-d-actions\/"},{"@type":"ListItem","position":3,"name":"Centre de comp\u00e9tences","item":"https:\/\/www.swissfairtrade.ch\/fr\/champs-d-actions\/centre-de-competences-3\/"},{"@type":"ListItem","position":4,"name":"L\u2019\u00e9galit\u00e9 des chances gr\u00e2ce au commerce \u00e9quitable","item":"https:\/\/www.swissfairtrade.ch\/fr\/champs-d-actions\/centre-de-competences-3\/legalite-des-chances-grace-au-commerce-equitable\/"},{"@type":"ListItem","position":5,"name":"Mat\u00e9riel pratique"}]},{"@type":"WebSite","@id":"https:\/\/www.swissfairtrade.ch\/it\/#website","url":"https:\/\/www.swissfairtrade.ch\/it\/","name":"Swiss Fair Trade","description":"","publisher":{"@id":"https:\/\/www.swissfairtrade.ch\/it\/#organization"},"potentialAction":[{"@type":"SearchAction","target":{"@type":"EntryPoint","urlTemplate":"https:\/\/www.swissfairtrade.ch\/it\/?s={search_term_string}"},"query-input":{"@type":"PropertyValueSpecification","valueRequired":true,"valueName":"search_term_string"}}],"inLanguage":"fr-FR"},{"@type":"Organization","@id":"https:\/\/www.swissfairtrade.ch\/it\/#organization","name":"Swiss Fair Trade","url":"https:\/\/www.swissfairtrade.ch\/it\/","logo":{"@type":"ImageObject","inLanguage":"fr-FR","@id":"https:\/\/www.swissfairtrade.ch\/it\/#\/schema\/logo\/image\/","url":"https:\/\/www.swissfairtrade.ch\/wp-content\/uploads\/SwissFairTrade-Logo-rgb-203.51.59-web.png","contentUrl":"https:\/\/www.swissfairtrade.ch\/wp-content\/uploads\/SwissFairTrade-Logo-rgb-203.51.59-web.png","width":130,"height":115,"caption":"Swiss Fair Trade"},"image":{"@id":"https:\/\/www.swissfairtrade.ch\/it\/#\/schema\/logo\/image\/"}}]}},"_links":{"self":[{"href":"https:\/\/www.swissfairtrade.ch\/fr\/wp-json\/wp\/v2\/pages\/7907","targetHints":{"allow":["GET"]}}],"collection":[{"href":"https:\/\/www.swissfairtrade.ch\/fr\/wp-json\/wp\/v2\/pages"}],"about":[{"href":"https:\/\/www.swissfairtrade.ch\/fr\/wp-json\/wp\/v2\/types\/page"}],"author":[{"embeddable":true,"href":"https:\/\/www.swissfairtrade.ch\/fr\/wp-json\/wp\/v2\/users\/3"}],"replies":[{"embeddable":true,"href":"https:\/\/www.swissfairtrade.ch\/fr\/wp-json\/wp\/v2\/comments?post=7907"}],"version-history":[{"count":0,"href":"https:\/\/www.swissfairtrade.ch\/fr\/wp-json\/wp\/v2\/pages\/7907\/revisions"}],"up":[{"embeddable":true,"href":"https:\/\/www.swissfairtrade.ch\/fr\/wp-json\/wp\/v2\/pages\/7755"}],"wp:featuredmedia":[{"embeddable":true,"href":"https:\/\/www.swissfairtrade.ch\/fr\/wp-json\/wp\/v2\/media\/7958"}],"wp:attachment":[{"href":"https:\/\/www.swissfairtrade.ch\/fr\/wp-json\/wp\/v2\/media?parent=7907"}],"wp:term":[{"taxonomy":"hauptseiten-kategorie","embeddable":true,"href":"https:\/\/www.swissfairtrade.ch\/fr\/wp-json\/wp\/v2\/hauptseiten-kategorie?post=7907"}],"curies":[{"name":"wp","href":"https:\/\/api.w.org\/{rel}","templated":true}]}}