{"id":7865,"date":"2020-04-30T16:03:32","date_gmt":"2020-04-30T14:03:32","guid":{"rendered":"https:\/\/www.swissfairtrade.ch\/?page_id=7865"},"modified":"2020-05-05T12:14:30","modified_gmt":"2020-05-05T10:14:30","slug":"discrimination-envers-les-femmes","status":"publish","type":"page","link":"https:\/\/www.swissfairtrade.ch\/fr\/champs-d-actions\/centre-de-competences-3\/legalite-des-chances-grace-au-commerce-equitable\/discrimination-envers-les-femmes\/","title":{"rendered":"Discrimination envers les femmes"},"content":{"rendered":"<div class=\"wpb-content-wrapper\"><p>[vc_row full_width=\u00a0\u00bbstretch_row\u00a0\u00bb content_placement=\u00a0\u00bbbottom\u00a0\u00bb parallax=\u00a0\u00bbcontent-moving-fade\u00a0\u00bb parallax_image=\u00a0\u00bb2959&Prime; css=\u00a0\u00bb.vc_custom_1588255153517{background: rgba(196,196,196,0.71) url(https:\/\/www.swissfairtrade.ch\/wp-content\/uploads\/cc4_Nepal_2016_Rohr_M4B3858_Bildnachweis-Patrick-Rohr.jpg?id=7986);background-position: center;background-repeat: no-repeat !important;background-size: cover !important;*background-color: rgb(196,196,196) !important;}\u00a0\u00bb el_class=\u00a0\u00bbheader\u00a0\u00bb][vc_column][vc_column_text el_class=\u00a0\u00bbtxt-white\u00a0\u00bb]<\/p>\n<div class=\"annot\">\n<div class=\"row-main\">\n<div class=\"csc-header csc-header-n1\">\n<h1 class=\"csc-firstHeader\"><b><span data-contrast=\"auto\">Discrimination envers les femmes<\/span><\/b><span data-wac-het=\"1\" data-ccp-props=\"{&quot;134233117&quot;:true,&quot;134233118&quot;:true,&quot;335551550&quot;:6,&quot;335551620&quot;:6}\">\u00a0<\/span><\/h1>\n<\/div>\n<\/div>\n<\/div>\n<p>[\/vc_column_text][\/vc_column][\/vc_row][vc_row][vc_column][vc_column_text]<strong>Aux quatre coins du globe, les femmes sont victimes de discrimination structurelle dans de nombreux domaine<\/strong><span data-contrast=\"auto\"><strong>s<\/strong> (<\/span><span data-contrast=\"auto\" data-wac-het=\"2\">1)<\/span><span data-contrast=\"auto\">. <\/span><span data-contrast=\"auto\">\u00c0 travail \u00e9gal, leur salaire est plus bas que celui des hommes et elles sont peu pr\u00e9sentes dans les postes de direction\u202f: seuls 6\u202f% des chefs de gouvernement, 12\u202f% des membres des conseils d\u2019administration et 9\u202f% des P.-D. G. sont des femmes (<\/span><span data-contrast=\"auto\" data-wac-het=\"2\">2)<\/span><span data-contrast=\"auto\">. En outre, dans les pays du Sud, les femmes et les filles ont souvent moins facilement acc\u00e8s \u00e0 la formation et \u00e0 des moyens de production tels que la terre, les semences ou les cr\u00e9dits. Leur revenu \u00e9tant par cons\u00e9quent plus faible, elles vivent plus souvent dans la pauvret\u00e9 que les hommes.\u00a0<\/span><span data-wac-het=\"1\" data-ccp-props=\"{&quot;134233117&quot;:true,&quot;134233118&quot;:true}\">\u00a0<\/span><\/p>\n<p><span data-contrast=\"auto\">Donner aux femmes les m\u00eames chances qu\u2019aux hommes n\u2019est pas qu\u2019une question de justice, mais est aussi indispensable au d\u00e9veloppement durable et donc \u00e0 l\u2019am\u00e9lioration de la situation des familles et des communaut\u00e9s. En effet, tandis que les femmes d\u00e9pensent 90\u202f% de leur revenu pour assurer l\u2019alimentation et la sant\u00e9 de leur famille ainsi que pour l\u2019instruction et la formation de leurs enfants, ce chiffre n\u2019est que de 30\u202f% en moyenne chez les hommes. Selon une estimation de l\u2019Organisation des Nations Unies pour l\u2019alimentation et l\u2019agriculture (FAO), supprimer les in\u00e9galit\u00e9s entre les genres dans le secteur agricole permettrait de diminuer de 100 \u00e0 150\u202fmillions le nombre de personnes sous-aliment\u00e9es dans le monde.\u00a0<\/span><span data-wac-het=\"1\" data-ccp-props=\"{&quot;134233117&quot;:true,&quot;134233118&quot;:true}\">\u00a0<\/span><\/p>\n<p><span data-contrast=\"auto\">M\u00eame si l\u2019\u00e9galit\u00e9 femmes-hommes progresse dans le monde, beaucoup reste \u00e0 faire. Il s\u2019agit avant tout de modifier la donne du point de vue culturel, politique et \u00e9conomique afin que toutes et tous puissent d\u00e9velopper pleinement leur potentiel. Le commerce \u00e9quitable, par sa palette de prestations, y contribue.<\/span><span data-wac-het=\"1\" data-ccp-props=\"{&quot;134233117&quot;:true,&quot;134233118&quot;:true}\">\u00a0<\/span><\/p>\n<p><b><span data-contrast=\"auto\">Le commerce \u00e9quitable \u0153uvre pour l\u2019\u00e9galit\u00e9 de traitement entre femmes et hommes\u202f:<\/span><\/b><span data-wac-het=\"1\" data-ccp-props=\"{&quot;134233117&quot;:true,&quot;134233118&quot;:true}\">\u00a0<\/span><\/p>\n<ul>\n<li aria-setsize=\"-1\" data-leveltext=\"\uf0b7\" data-font=\"Symbol\" data-listid=\"1\" data-aria-posinset=\"1\" data-aria-level=\"1\"><span data-contrast=\"auto\">en appliquant des <\/span><b><span data-contrast=\"auto\">normes sociales<\/span><\/b><span data-contrast=\"auto\"> qui respectent les droits du travail garantis par les conventions de l\u2019OIT et luttent notamment contre le travail des enfants, la discrimination, le manque de protection de la sant\u00e9 et la dur\u00e9e excessive du travail,<\/span><span data-wac-het=\"1\" data-ccp-props=\"{&quot;134233117&quot;:true,&quot;134233118&quot;:true,&quot;335551550&quot;:6,&quot;335551620&quot;:6}\">\u00a0<\/span><\/li>\n<li aria-setsize=\"-1\" data-leveltext=\"\uf0b7\" data-font=\"Symbol\" data-listid=\"1\" data-aria-posinset=\"2\" data-aria-level=\"1\"><span data-contrast=\"auto\">en promouvant <\/span><b><span data-contrast=\"auto\">la participation pleine et \u00e9gale des femmes<\/span><\/b><span data-contrast=\"auto\">,<\/span><span data-wac-het=\"1\" data-ccp-props=\"{&quot;134233117&quot;:true,&quot;134233118&quot;:true,&quot;335551550&quot;:6,&quot;335551620&quot;:6}\">\u00a0<\/span><\/li>\n<li aria-setsize=\"-1\" data-leveltext=\"\uf0b7\" data-font=\"Symbol\" data-listid=\"1\" data-aria-posinset=\"3\" data-aria-level=\"1\"><span data-contrast=\"auto\">en ne tol\u00e9rant pas les comportements relevant de l\u2019intimidation sexuelle, de l\u2019abus ou de l\u2019exploitation,<\/span><span data-wac-het=\"1\" data-ccp-props=\"{&quot;134233117&quot;:true,&quot;134233118&quot;:true,&quot;335551550&quot;:6,&quot;335551620&quot;:6}\">\u00a0<\/span><\/li>\n<li aria-setsize=\"-1\" data-leveltext=\"\uf0b7\" data-font=\"Symbol\" data-listid=\"1\" data-aria-posinset=\"4\" data-aria-level=\"1\"><span data-contrast=\"auto\">en n\u2019exigeant pas de tests de grossesse lors de l\u2019embauche de personnel f\u00e9minin,<\/span><span data-wac-het=\"1\" data-ccp-props=\"{&quot;134233117&quot;:true,&quot;134233118&quot;:true,&quot;335551550&quot;:6,&quot;335551620&quot;:6}\">\u00a0<\/span><\/li>\n<li aria-setsize=\"-1\" data-leveltext=\"\uf0b7\" data-font=\"Symbol\" data-listid=\"1\" data-aria-posinset=\"1\" data-aria-level=\"1\"><span data-contrast=\"auto\">en <\/span><b><span data-contrast=\"auto\">offrant des formations<\/span><\/b><span data-contrast=\"auto\"> qui permettent \u00e0 davantage de femmes d\u2019avoir acc\u00e8s \u00e0 des postes de direction,<\/span><span data-wac-het=\"1\" data-ccp-props=\"{&quot;134233117&quot;:true,&quot;134233118&quot;:true,&quot;335551550&quot;:6,&quot;335551620&quot;:6}\">\u00a0<\/span><\/li>\n<li aria-setsize=\"-1\" data-leveltext=\"\uf0b7\" data-font=\"Symbol\" data-listid=\"1\" data-aria-posinset=\"2\" data-aria-level=\"1\"><span data-contrast=\"auto\">en dotant les organisations de productrices et producteurs d\u2019<\/span><b><span data-contrast=\"auto\">instances consacr\u00e9es \u00e0 la question du genre<\/span><\/b><span data-contrast=\"auto\">, afin de sensibiliser \u00e0 la discrimination \u00e0 l\u2019\u00e9gard des femmes et de lutter contre la maltraitance dont elles sont victimes.<\/span><\/li>\n<\/ul>\n<p>[\/vc_column_text][\/vc_column][\/vc_row][vc_row][vc_column][vc_column_text]<\/p>\n<p style=\"text-align: center;\"><strong>Vid\u00e9o de la WFTO sur l&rsquo;\u00e9galit\u00e9 des chances entre femmes et hommes gr\u00e2ce au commerce \u00e9quitable<\/strong><\/p>\n<p>[\/vc_column_text][vc_video link=\u00a0\u00bbhttps:\/\/www.youtube.com\/watch?v=WMBmCfOFuF8&Prime; el_width=\u00a0\u00bb50&Prime; align=\u00a0\u00bbcenter\u00a0\u00bb][vc_separator][vc_column_text](1) WFTO (2019): <a href=\"https:\/\/www.swissfairtrade.ch\/wp-content\/uploads\/Gender-study-Report-2_WFTO_DEAR-March-20191.pdf\" target=\"_blank\" rel=\"noopener noreferrer\">Business Models that Empower Women. Insights and Inspiration from Fair Trade Enterprises.<\/a><br \/>\n(2)WFTO (2019): <span class=\"TextRun SCXW50690029 BCX2\" lang=\"EN-US\" xml:lang=\"EN-US\" data-contrast=\"auto\"><span class=\"NormalTextRun SCXW50690029 BCX2\" data-ccp-parastyle=\"footnote text\"><a href=\"https:\/\/www.swissfairtrade.ch\/wp-content\/uploads\/Gender-study-Report-1_WFTO_DEAR-March-20191.pdf\" target=\"_blank\" rel=\"noopener noreferrer\">Gender Equity and Women\u2019s Right in the work place. Women at the Heart of Sustainable Development.<\/a><\/span><\/span>[\/vc_column_text][vc_separator][vc_column_text]<\/p>\n<h3>Projets de nos membres<\/h3>\n<p>[\/vc_column_text][vc_basic_grid post_type=\u00a0\u00bbpage\u00a0\u00bb max_items=\u00a0\u00bb3&Prime; item=\u00a0\u00bb1885&Prime; grid_id=\u00a0\u00bbvc_gid:1588673048531-26ade0c9-d88e-7&Prime; taxonomies=\u00a0\u00bb345&Prime;][\/vc_column][\/vc_row]<\/p>\n<\/div>","protected":false},"excerpt":{"rendered":"<p>Aux quatre coins du globe, les femmes sont victimes de discrimination structurelle dans de nombreux domaines.<\/p>\n","protected":false},"author":3,"featured_media":7871,"parent":7755,"menu_order":1,"comment_status":"closed","ping_status":"closed","template":"","meta":{"generate_page_header":"","footnotes":"","_links_to":"","_links_to_target":""},"hauptseiten-kategorie":[341],"class_list":{"0":"post-7865","1":"page","2":"type-page","3":"status-publish","4":"has-post-thumbnail","6":"hauptseiten-kategorie-journee-mondiale-du-commerce-equitable"},"yoast_head":"<!-- This site is optimized with the Yoast SEO plugin v26.2 - https:\/\/yoast.com\/wordpress\/plugins\/seo\/ -->\n<title>Discrimination envers les femmes - Swiss Fair Trade<\/title>\n<meta name=\"robots\" content=\"index, follow, max-snippet:-1, max-image-preview:large, max-video-preview:-1\" \/>\n<link rel=\"canonical\" href=\"https:\/\/www.swissfairtrade.ch\/fr\/champs-d-actions\/centre-de-competences-3\/legalite-des-chances-grace-au-commerce-equitable\/discrimination-envers-les-femmes\/\" \/>\n<meta property=\"og:locale\" content=\"fr_FR\" \/>\n<meta property=\"og:type\" content=\"article\" \/>\n<meta property=\"og:title\" content=\"Discrimination envers les femmes - Swiss Fair Trade\" \/>\n<meta property=\"og:description\" content=\"Aux quatre coins du globe, les femmes sont victimes de discrimination structurelle dans de nombreux domaines.\" \/>\n<meta property=\"og:url\" content=\"https:\/\/www.swissfairtrade.ch\/fr\/champs-d-actions\/centre-de-competences-3\/legalite-des-chances-grace-au-commerce-equitable\/discrimination-envers-les-femmes\/\" \/>\n<meta property=\"og:site_name\" content=\"Swiss Fair Trade\" \/>\n<meta property=\"article:modified_time\" content=\"2020-05-05T10:14:30+00:00\" \/>\n<meta property=\"og:image\" content=\"https:\/\/www.swissfairtrade.ch\/wp-content\/uploads\/Copyricht-Nepal_2016_Rohr_M4B3858_Bildnachweis-Patrick-Rohr-1-1024x683.jpg\" \/>\n\t<meta property=\"og:image:width\" content=\"1024\" \/>\n\t<meta property=\"og:image:height\" content=\"683\" \/>\n\t<meta property=\"og:image:type\" content=\"image\/jpeg\" \/>\n<meta name=\"twitter:card\" content=\"summary_large_image\" \/>\n<meta name=\"twitter:label1\" content=\"Dur\u00e9e de lecture estim\u00e9e\" \/>\n\t<meta name=\"twitter:data1\" content=\"3 minutes\" \/>\n<script type=\"application\/ld+json\" class=\"yoast-schema-graph\">{\"@context\":\"https:\/\/schema.org\",\"@graph\":[{\"@type\":\"WebPage\",\"@id\":\"https:\/\/www.swissfairtrade.ch\/fr\/champs-d-actions\/centre-de-competences-3\/legalite-des-chances-grace-au-commerce-equitable\/discrimination-envers-les-femmes\/\",\"url\":\"https:\/\/www.swissfairtrade.ch\/fr\/champs-d-actions\/centre-de-competences-3\/legalite-des-chances-grace-au-commerce-equitable\/discrimination-envers-les-femmes\/\",\"name\":\"Discrimination envers les femmes - Swiss Fair Trade\",\"isPartOf\":{\"@id\":\"https:\/\/www.swissfairtrade.ch\/it\/#website\"},\"primaryImageOfPage\":{\"@id\":\"https:\/\/www.swissfairtrade.ch\/fr\/champs-d-actions\/centre-de-competences-3\/legalite-des-chances-grace-au-commerce-equitable\/discrimination-envers-les-femmes\/#primaryimage\"},\"image\":{\"@id\":\"https:\/\/www.swissfairtrade.ch\/fr\/champs-d-actions\/centre-de-competences-3\/legalite-des-chances-grace-au-commerce-equitable\/discrimination-envers-les-femmes\/#primaryimage\"},\"thumbnailUrl\":\"https:\/\/www.swissfairtrade.ch\/wp-content\/uploads\/Copyricht-Nepal_2016_Rohr_M4B3858_Bildnachweis-Patrick-Rohr-1.jpg\",\"datePublished\":\"2020-04-30T14:03:32+00:00\",\"dateModified\":\"2020-05-05T10:14:30+00:00\",\"breadcrumb\":{\"@id\":\"https:\/\/www.swissfairtrade.ch\/fr\/champs-d-actions\/centre-de-competences-3\/legalite-des-chances-grace-au-commerce-equitable\/discrimination-envers-les-femmes\/#breadcrumb\"},\"inLanguage\":\"fr-FR\",\"potentialAction\":[{\"@type\":\"ReadAction\",\"target\":[\"https:\/\/www.swissfairtrade.ch\/fr\/champs-d-actions\/centre-de-competences-3\/legalite-des-chances-grace-au-commerce-equitable\/discrimination-envers-les-femmes\/\"]}]},{\"@type\":\"ImageObject\",\"inLanguage\":\"fr-FR\",\"@id\":\"https:\/\/www.swissfairtrade.ch\/fr\/champs-d-actions\/centre-de-competences-3\/legalite-des-chances-grace-au-commerce-equitable\/discrimination-envers-les-femmes\/#primaryimage\",\"url\":\"https:\/\/www.swissfairtrade.ch\/wp-content\/uploads\/Copyricht-Nepal_2016_Rohr_M4B3858_Bildnachweis-Patrick-Rohr-1.jpg\",\"contentUrl\":\"https:\/\/www.swissfairtrade.ch\/wp-content\/uploads\/Copyricht-Nepal_2016_Rohr_M4B3858_Bildnachweis-Patrick-Rohr-1.jpg\",\"width\":4000,\"height\":2667},{\"@type\":\"BreadcrumbList\",\"@id\":\"https:\/\/www.swissfairtrade.ch\/fr\/champs-d-actions\/centre-de-competences-3\/legalite-des-chances-grace-au-commerce-equitable\/discrimination-envers-les-femmes\/#breadcrumb\",\"itemListElement\":[{\"@type\":\"ListItem\",\"position\":1,\"name\":\"Home\",\"item\":\"https:\/\/www.swissfairtrade.ch\/fr\/\"},{\"@type\":\"ListItem\",\"position\":2,\"name\":\"Champs d\u2019actions\",\"item\":\"https:\/\/www.swissfairtrade.ch\/fr\/champs-d-actions\/\"},{\"@type\":\"ListItem\",\"position\":3,\"name\":\"Centre de comp\u00e9tences\",\"item\":\"https:\/\/www.swissfairtrade.ch\/fr\/champs-d-actions\/centre-de-competences-3\/\"},{\"@type\":\"ListItem\",\"position\":4,\"name\":\"L\u2019\u00e9galit\u00e9 des chances gr\u00e2ce au commerce \u00e9quitable\",\"item\":\"https:\/\/www.swissfairtrade.ch\/fr\/champs-d-actions\/centre-de-competences-3\/legalite-des-chances-grace-au-commerce-equitable\/\"},{\"@type\":\"ListItem\",\"position\":5,\"name\":\"Discrimination envers les femmes\"}]},{\"@type\":\"WebSite\",\"@id\":\"https:\/\/www.swissfairtrade.ch\/it\/#website\",\"url\":\"https:\/\/www.swissfairtrade.ch\/it\/\",\"name\":\"Swiss Fair Trade\",\"description\":\"\",\"publisher\":{\"@id\":\"https:\/\/www.swissfairtrade.ch\/it\/#organization\"},\"potentialAction\":[{\"@type\":\"SearchAction\",\"target\":{\"@type\":\"EntryPoint\",\"urlTemplate\":\"https:\/\/www.swissfairtrade.ch\/it\/?s={search_term_string}\"},\"query-input\":{\"@type\":\"PropertyValueSpecification\",\"valueRequired\":true,\"valueName\":\"search_term_string\"}}],\"inLanguage\":\"fr-FR\"},{\"@type\":\"Organization\",\"@id\":\"https:\/\/www.swissfairtrade.ch\/it\/#organization\",\"name\":\"Swiss Fair Trade\",\"url\":\"https:\/\/www.swissfairtrade.ch\/it\/\",\"logo\":{\"@type\":\"ImageObject\",\"inLanguage\":\"fr-FR\",\"@id\":\"https:\/\/www.swissfairtrade.ch\/it\/#\/schema\/logo\/image\/\",\"url\":\"https:\/\/www.swissfairtrade.ch\/wp-content\/uploads\/SwissFairTrade-Logo-rgb-203.51.59-web.png\",\"contentUrl\":\"https:\/\/www.swissfairtrade.ch\/wp-content\/uploads\/SwissFairTrade-Logo-rgb-203.51.59-web.png\",\"width\":130,\"height\":115,\"caption\":\"Swiss Fair Trade\"},\"image\":{\"@id\":\"https:\/\/www.swissfairtrade.ch\/it\/#\/schema\/logo\/image\/\"}}]}<\/script>\n<!-- \/ Yoast SEO plugin. -->","yoast_head_json":{"title":"Discrimination envers les femmes - Swiss Fair Trade","robots":{"index":"index","follow":"follow","max-snippet":"max-snippet:-1","max-image-preview":"max-image-preview:large","max-video-preview":"max-video-preview:-1"},"canonical":"https:\/\/www.swissfairtrade.ch\/fr\/champs-d-actions\/centre-de-competences-3\/legalite-des-chances-grace-au-commerce-equitable\/discrimination-envers-les-femmes\/","og_locale":"fr_FR","og_type":"article","og_title":"Discrimination envers les femmes - Swiss Fair Trade","og_description":"Aux quatre coins du globe, les femmes sont victimes de discrimination structurelle dans de nombreux domaines.","og_url":"https:\/\/www.swissfairtrade.ch\/fr\/champs-d-actions\/centre-de-competences-3\/legalite-des-chances-grace-au-commerce-equitable\/discrimination-envers-les-femmes\/","og_site_name":"Swiss Fair Trade","article_modified_time":"2020-05-05T10:14:30+00:00","og_image":[{"width":1024,"height":683,"url":"https:\/\/www.swissfairtrade.ch\/wp-content\/uploads\/Copyricht-Nepal_2016_Rohr_M4B3858_Bildnachweis-Patrick-Rohr-1-1024x683.jpg","type":"image\/jpeg"}],"twitter_card":"summary_large_image","twitter_misc":{"Dur\u00e9e de lecture estim\u00e9e":"3 minutes"},"schema":{"@context":"https:\/\/schema.org","@graph":[{"@type":"WebPage","@id":"https:\/\/www.swissfairtrade.ch\/fr\/champs-d-actions\/centre-de-competences-3\/legalite-des-chances-grace-au-commerce-equitable\/discrimination-envers-les-femmes\/","url":"https:\/\/www.swissfairtrade.ch\/fr\/champs-d-actions\/centre-de-competences-3\/legalite-des-chances-grace-au-commerce-equitable\/discrimination-envers-les-femmes\/","name":"Discrimination envers les femmes - Swiss Fair Trade","isPartOf":{"@id":"https:\/\/www.swissfairtrade.ch\/it\/#website"},"primaryImageOfPage":{"@id":"https:\/\/www.swissfairtrade.ch\/fr\/champs-d-actions\/centre-de-competences-3\/legalite-des-chances-grace-au-commerce-equitable\/discrimination-envers-les-femmes\/#primaryimage"},"image":{"@id":"https:\/\/www.swissfairtrade.ch\/fr\/champs-d-actions\/centre-de-competences-3\/legalite-des-chances-grace-au-commerce-equitable\/discrimination-envers-les-femmes\/#primaryimage"},"thumbnailUrl":"https:\/\/www.swissfairtrade.ch\/wp-content\/uploads\/Copyricht-Nepal_2016_Rohr_M4B3858_Bildnachweis-Patrick-Rohr-1.jpg","datePublished":"2020-04-30T14:03:32+00:00","dateModified":"2020-05-05T10:14:30+00:00","breadcrumb":{"@id":"https:\/\/www.swissfairtrade.ch\/fr\/champs-d-actions\/centre-de-competences-3\/legalite-des-chances-grace-au-commerce-equitable\/discrimination-envers-les-femmes\/#breadcrumb"},"inLanguage":"fr-FR","potentialAction":[{"@type":"ReadAction","target":["https:\/\/www.swissfairtrade.ch\/fr\/champs-d-actions\/centre-de-competences-3\/legalite-des-chances-grace-au-commerce-equitable\/discrimination-envers-les-femmes\/"]}]},{"@type":"ImageObject","inLanguage":"fr-FR","@id":"https:\/\/www.swissfairtrade.ch\/fr\/champs-d-actions\/centre-de-competences-3\/legalite-des-chances-grace-au-commerce-equitable\/discrimination-envers-les-femmes\/#primaryimage","url":"https:\/\/www.swissfairtrade.ch\/wp-content\/uploads\/Copyricht-Nepal_2016_Rohr_M4B3858_Bildnachweis-Patrick-Rohr-1.jpg","contentUrl":"https:\/\/www.swissfairtrade.ch\/wp-content\/uploads\/Copyricht-Nepal_2016_Rohr_M4B3858_Bildnachweis-Patrick-Rohr-1.jpg","width":4000,"height":2667},{"@type":"BreadcrumbList","@id":"https:\/\/www.swissfairtrade.ch\/fr\/champs-d-actions\/centre-de-competences-3\/legalite-des-chances-grace-au-commerce-equitable\/discrimination-envers-les-femmes\/#breadcrumb","itemListElement":[{"@type":"ListItem","position":1,"name":"Home","item":"https:\/\/www.swissfairtrade.ch\/fr\/"},{"@type":"ListItem","position":2,"name":"Champs d\u2019actions","item":"https:\/\/www.swissfairtrade.ch\/fr\/champs-d-actions\/"},{"@type":"ListItem","position":3,"name":"Centre de comp\u00e9tences","item":"https:\/\/www.swissfairtrade.ch\/fr\/champs-d-actions\/centre-de-competences-3\/"},{"@type":"ListItem","position":4,"name":"L\u2019\u00e9galit\u00e9 des chances gr\u00e2ce au commerce \u00e9quitable","item":"https:\/\/www.swissfairtrade.ch\/fr\/champs-d-actions\/centre-de-competences-3\/legalite-des-chances-grace-au-commerce-equitable\/"},{"@type":"ListItem","position":5,"name":"Discrimination envers les femmes"}]},{"@type":"WebSite","@id":"https:\/\/www.swissfairtrade.ch\/it\/#website","url":"https:\/\/www.swissfairtrade.ch\/it\/","name":"Swiss Fair Trade","description":"","publisher":{"@id":"https:\/\/www.swissfairtrade.ch\/it\/#organization"},"potentialAction":[{"@type":"SearchAction","target":{"@type":"EntryPoint","urlTemplate":"https:\/\/www.swissfairtrade.ch\/it\/?s={search_term_string}"},"query-input":{"@type":"PropertyValueSpecification","valueRequired":true,"valueName":"search_term_string"}}],"inLanguage":"fr-FR"},{"@type":"Organization","@id":"https:\/\/www.swissfairtrade.ch\/it\/#organization","name":"Swiss Fair Trade","url":"https:\/\/www.swissfairtrade.ch\/it\/","logo":{"@type":"ImageObject","inLanguage":"fr-FR","@id":"https:\/\/www.swissfairtrade.ch\/it\/#\/schema\/logo\/image\/","url":"https:\/\/www.swissfairtrade.ch\/wp-content\/uploads\/SwissFairTrade-Logo-rgb-203.51.59-web.png","contentUrl":"https:\/\/www.swissfairtrade.ch\/wp-content\/uploads\/SwissFairTrade-Logo-rgb-203.51.59-web.png","width":130,"height":115,"caption":"Swiss Fair Trade"},"image":{"@id":"https:\/\/www.swissfairtrade.ch\/it\/#\/schema\/logo\/image\/"}}]}},"_links":{"self":[{"href":"https:\/\/www.swissfairtrade.ch\/fr\/wp-json\/wp\/v2\/pages\/7865","targetHints":{"allow":["GET"]}}],"collection":[{"href":"https:\/\/www.swissfairtrade.ch\/fr\/wp-json\/wp\/v2\/pages"}],"about":[{"href":"https:\/\/www.swissfairtrade.ch\/fr\/wp-json\/wp\/v2\/types\/page"}],"author":[{"embeddable":true,"href":"https:\/\/www.swissfairtrade.ch\/fr\/wp-json\/wp\/v2\/users\/3"}],"replies":[{"embeddable":true,"href":"https:\/\/www.swissfairtrade.ch\/fr\/wp-json\/wp\/v2\/comments?post=7865"}],"version-history":[{"count":0,"href":"https:\/\/www.swissfairtrade.ch\/fr\/wp-json\/wp\/v2\/pages\/7865\/revisions"}],"up":[{"embeddable":true,"href":"https:\/\/www.swissfairtrade.ch\/fr\/wp-json\/wp\/v2\/pages\/7755"}],"wp:featuredmedia":[{"embeddable":true,"href":"https:\/\/www.swissfairtrade.ch\/fr\/wp-json\/wp\/v2\/media\/7871"}],"wp:attachment":[{"href":"https:\/\/www.swissfairtrade.ch\/fr\/wp-json\/wp\/v2\/media?parent=7865"}],"wp:term":[{"taxonomy":"hauptseiten-kategorie","embeddable":true,"href":"https:\/\/www.swissfairtrade.ch\/fr\/wp-json\/wp\/v2\/hauptseiten-kategorie?post=7865"}],"curies":[{"name":"wp","href":"https:\/\/api.w.org\/{rel}","templated":true}]}}