{"id":7676,"date":"2020-04-03T15:57:38","date_gmt":"2020-04-03T13:57:38","guid":{"rendered":"https:\/\/www.swissfairtrade.ch\/?page_id=7676"},"modified":"2025-09-24T08:57:27","modified_gmt":"2025-09-24T06:57:27","slug":"fair-trade-online-shops-fr","status":"publish","type":"page","link":"https:\/\/www.swissfairtrade.ch\/fr\/membres-2-2\/fair-trade-online-shops-fr\/","title":{"rendered":"Online Shops"},"content":{"rendered":"<div class=\"wpb-content-wrapper\"><p>[vc_row full_width=\u00a0\u00bbstretch_row\u00a0\u00bb content_placement=\u00a0\u00bbbottom\u00a0\u00bb parallax=\u00a0\u00bbcontent-moving-fade\u00a0\u00bb parallax_image=\u00a0\u00bb2959&Prime; css=\u00a0\u00bb.vc_custom_1600863340402{background: rgba(196,196,196,0.71) url(https:\/\/www.swissfairtrade.ch\/wp-content\/uploads\/pantry.jpg?id=8844);background-position: center;background-repeat: no-repeat !important;background-size: cover !important;*background-color: rgb(196,196,196) !important;}\u00a0\u00bb el_class=\u00a0\u00bbheader\u00a0\u00bb][vc_column][vc_column_text el_class=\u00a0\u00bbtxt-white\u00a0\u00bb]<\/p>\n<div class=\"annot\">\n<div class=\"row-main\">\n<div class=\"text\">\n<h1>Online Shops<\/h1>\n<h2 class=\"big\">de nos membres.<\/h2>\n<\/div>\n<\/div>\n<\/div>\n<p>[\/vc_column_text][\/vc_column][\/vc_row][vc_row][vc_column][vc_column_text]Vous trouverez ci-dessous une liste de commerces online qui proposent des produits reconnus du commerce \u00e9quitable. Les membres du Swiss Fair Trade s&rsquo;engagent \u00e0 respecter les \u00ab\u00a0Principes et normes suisses du commerce \u00e9quitable\u00a0\u00bb. Vous trouverez <a href=\"https:\/\/www.swissfairtrade.ch\/fr\/?page_id=7133\" target=\"_blank\" rel=\"noopener noreferrer\">ici<\/a> un aper\u00e7u de tous les membres.<\/p>\n<p><b><span data-contrast=\"auto\">Produits alimentaires<\/span><\/b><\/p>\n<ul>\n<li><a href=\"https:\/\/www.claro.ch\/fr\/\" target=\"_blank\" rel=\"noopener noreferrer\"><span data-contrast=\"auto\">claro<\/span><\/a><\/li>\n<li><a href=\"https:\/\/www.gebana.com\/shop\/?___store=chfrench&amp;___from_store=chgerman\" target=\"_blank\" rel=\"noopener noreferrer\"><span data-contrast=\"auto\">gebana<\/span><\/a> (Fruits frais et secs, noix, chocolat)<\/li>\n<li><a href=\"https:\/\/ullrich.ch\/de\/lemonaid-beverages-gmbh\/\" target=\"_blank\" rel=\"noopener noreferrer\">Lemonaid<\/a> (Boissons rafra\u00eechissantes)<\/li>\n<li><a href=\"http:\/\/www.mdm.ch\" target=\"_blank\" rel=\"noopener noreferrer\"><span data-contrast=\"auto\">Magasins du <\/span><span data-contrast=\"auto\">Monde<\/span><\/a><span data-contrast=\"auto\"> (commande par t\u00e9l\u00e9phone dans le magasin r\u00e9gional, les possibilit\u00e9s de livraison peuvent changer)<\/span><\/li>\n<li><a href=\"https:\/\/www.maxhavelaar.ch\/produkte\/online-shops.html\" target=\"_blank\" rel=\"noopener noreferrer\"><span data-contrast=\"auto\">Max <\/span><span data-contrast=\"auto\">Have<\/span><span data-contrast=\"auto\">laar<\/span><\/a> (Fruits, l\u00e9gumes, boissons)<\/li>\n<li><a href=\"https:\/\/originalfood.ch\/fr\/cafe-shop\/\" target=\"_blank\" rel=\"noopener noreferrer\"><span data-contrast=\"auto\">Original <\/span><span data-contrast=\"auto\">F<\/span><span data-contrast=\"auto\">ood<\/span><\/a> (Caf\u00e9, chocolat)<\/li>\n<li><a href=\"https:\/\/www.terrespoir.ch\/produits\/\" target=\"_blank\" rel=\"noopener noreferrer\"><span data-contrast=\"auto\">Terre<\/span><span data-contrast=\"auto\">spoir<\/span><\/a> (Fruits frais et secs, jus de fruits, sucre, th\u00e9)<\/li>\n<li><a href=\"https:\/\/ukuva.ch\/?lang=fr\" target=\"_blank\" rel=\"noopener noreferrer\"><span data-contrast=\"auto\">Ukuva<\/span> <span data-contrast=\"auto\">iAfrica<\/span><\/a> (\u00c9pices, sauces)<\/li>\n<\/ul>\n<p><b><span data-contrast=\"auto\">Caf\u00e9s<br \/>\n<\/span><\/b><\/p>\n<ul>\n<li><a href=\"https:\/\/www.rueeggs.com\/online-shop\" target=\"_blank\" rel=\"noopener noreferrer\"><span data-contrast=\"auto\">Bert<\/span><span data-contrast=\"auto\">schi-<\/span><span data-contrast=\"auto\">C<\/span><span data-contrast=\"auto\">af<\/span><span data-contrast=\"auto\">\u00e9<\/span><\/a><\/li>\n<li><a href=\"https:\/\/www.destascoffee.ch\/shop\/\" target=\"_blank\" rel=\"noopener noreferrer\"><span data-contrast=\"auto\">Desta\u2019s<\/span><span data-contrast=\"auto\"> C<\/span><span data-contrast=\"auto\">offe<\/span><span data-contrast=\"auto\">e<\/span><\/a><\/li>\n<li><a href=\"https:\/\/shop.masabacoffee.com\/fr\/\" target=\"_blank\" rel=\"noopener noreferrer\"><span data-contrast=\"auto\">Masaba<\/span><span data-contrast=\"auto\"> Coffee <\/span><\/a><\/li>\n<li><a href=\"https:\/\/www.rueeggs.com\/online-shop\" target=\"_blank\" rel=\"noopener noreferrer\"><span data-contrast=\"auto\">R<\/span><span data-contrast=\"auto\">\u00fc<\/span><span data-contrast=\"auto\">egg<\/span><span data-contrast=\"auto\">\u2019<\/span><span data-contrast=\"auto\">s<\/span><span data-contrast=\"auto\"> Kaffee<\/span><\/a><\/li>\n<li><a href=\"https:\/\/www.yocafe.ch\/bestellen\/\" target=\"_blank\" rel=\"noopener noreferrer\"><span data-contrast=\"auto\">y<\/span><span data-contrast=\"auto\">ocafe.ch<\/span><\/a><\/li>\n<\/ul>\n<p><b><span data-contrast=\"auto\">V\u00eatements, cosm\u00e9tiques et autres articles<\/span><\/b><span data-wac-het=\"1\" data-ccp-props=\"{&quot;201341983&quot;:0,&quot;335559739&quot;:160,&quot;335559740&quot;:259}\"><br \/>\n<\/span><\/p>\n<ul>\n<li><a href=\"http:\/\/www.claro.ch\/fr\" target=\"_blank\" rel=\"noopener noreferrer\"><span data-contrast=\"auto\">claro<\/span><\/a> (V\u00eatements et cosm\u00e9tiques)<\/li>\n<li><a href=\"https:\/\/www.coopathome.ch\/fr\/m%c3%a9nage\/v%c3%aatements\/c\/m_4145?lang=fr\" target=\"_blank\" rel=\"noopener noreferrer\">Coop Naturaline<\/a> (V\u00eatements)<\/li>\n<li><a href=\"https:\/\/shop.fairbrands.ch\/fr\/\" target=\"_blank\" rel=\"noopener noreferrer\"><span data-contrast=\"auto\">f<\/span><span data-contrast=\"auto\">airbrands<\/span><\/a> (V\u00eatements)<\/li>\n<li><a href=\"https:\/\/www.fair2me.ch\/\" target=\"_blank\" rel=\"noopener noreferrer\">Fair Squared<\/a> (Cosm\u00e9tiques)<\/li>\n<li><a href=\"https:\/\/hervorragend.ch\/fr\/\" target=\"_blank\" rel=\"noopener noreferrer\">Hervorragend<\/a> (Cartes de voeux)<\/li>\n<li><a href=\"https:\/\/galeriemontblanc.ch\/\" target=\"_blank\" rel=\"noopener noreferrer\">Galerie Mont-Blanc<\/a> (Images\/\u0153uvres d&rsquo;art)<\/li>\n<li><a href=\"https:\/\/shop.kamforsud.org\/?lang=fr\" target=\"_blank\" rel=\"noopener noreferrer\">Wear With Ease<\/a> by\u00a0<span data-contrast=\"auto\">Kam For Sud\u00a0 <\/span>(V\u00eatements)<\/li>\n<li><a href=\"http:\/\/www.mercifair.ch\/index.php?id=21\" target=\"_blank\" rel=\"noopener noreferrer\">Mercifair<\/a>\u00a0 (Food et Non-Food)<\/li>\n<li><a href=\"https:\/\/www.shiftphones.ch\/shop\/\" target=\"_blank\" rel=\"noopener noreferrer\">Shift<\/a> (Smartphones)<span data-wac-het=\"1\" data-ccp-props=\"{&quot;201341983&quot;:0,&quot;335559739&quot;:160,&quot;335559740&quot;:259}\"><br \/>\n<\/span><\/li>\n<\/ul>\n<p>[\/vc_column_text][vc_column_text][\/vc_column_text][\/vc_column][\/vc_row][vc_row][vc_column][vc_empty_space height=\u00a0\u00bb50px\u00a0\u00bb][vc_separator][vc_column_text]Autres sujets[\/vc_column_text][vc_basic_grid post_type=\u00a0\u00bbpage\u00a0\u00bb max_items=\u00a0\u00bb-1&Prime; element_width=\u00a0\u00bb6&Prime; gap=\u00a0\u00bb10&Prime; item=\u00a0\u00bb1885&Prime; css=\u00a0\u00bb\u00a0\u00bb grid_id=\u00a0\u00bbvc_gid:1758696989127-d4c6785f-36a2-6&Prime; taxonomies=\u00a0\u00bb232&Prime; el_id=\u00a0\u00bbhoverColor\u00a0\u00bb][\/vc_column][\/vc_row]<\/p>\n<\/div>","protected":false},"excerpt":{"rendered":"<p>Online Shops de nos membres.<\/p>\n","protected":false},"author":3,"featured_media":8844,"parent":3488,"menu_order":3,"comment_status":"closed","ping_status":"closed","template":"","meta":{"generate_page_header":"","footnotes":"","_links_to":"","_links_to_target":""},"hauptseiten-kategorie":[232],"class_list":{"0":"post-7676","1":"page","2":"type-page","3":"status-publish","4":"has-post-thumbnail","6":"hauptseiten-kategorie-mitglieder"},"yoast_head":"<!-- This site is optimized with the Yoast SEO plugin v26.2 - https:\/\/yoast.com\/wordpress\/plugins\/seo\/ -->\n<title>Online Shops - Swiss Fair Trade<\/title>\n<meta name=\"robots\" content=\"index, follow, max-snippet:-1, max-image-preview:large, max-video-preview:-1\" \/>\n<link rel=\"canonical\" href=\"https:\/\/www.swissfairtrade.ch\/fr\/membres-2-2\/fair-trade-online-shops-fr\/\" \/>\n<meta property=\"og:locale\" content=\"fr_FR\" \/>\n<meta property=\"og:type\" content=\"article\" \/>\n<meta property=\"og:title\" content=\"Online Shops - Swiss Fair Trade\" \/>\n<meta property=\"og:description\" content=\"Online Shops de nos membres.\" \/>\n<meta property=\"og:url\" content=\"https:\/\/www.swissfairtrade.ch\/fr\/membres-2-2\/fair-trade-online-shops-fr\/\" \/>\n<meta property=\"og:site_name\" content=\"Swiss Fair Trade\" \/>\n<meta property=\"article:modified_time\" content=\"2025-09-24T06:57:27+00:00\" \/>\n<meta property=\"og:image\" content=\"https:\/\/www.swissfairtrade.ch\/wp-content\/uploads\/pantry.jpg\" \/>\n\t<meta property=\"og:image:width\" content=\"1880\" \/>\n\t<meta property=\"og:image:height\" content=\"1250\" \/>\n\t<meta property=\"og:image:type\" content=\"image\/jpeg\" \/>\n<meta name=\"twitter:card\" content=\"summary_large_image\" \/>\n<meta name=\"twitter:label1\" content=\"Dur\u00e9e de lecture estim\u00e9e\" \/>\n\t<meta name=\"twitter:data1\" content=\"2 minutes\" \/>\n<script type=\"application\/ld+json\" class=\"yoast-schema-graph\">{\"@context\":\"https:\/\/schema.org\",\"@graph\":[{\"@type\":\"WebPage\",\"@id\":\"https:\/\/www.swissfairtrade.ch\/fr\/membres-2-2\/fair-trade-online-shops-fr\/\",\"url\":\"https:\/\/www.swissfairtrade.ch\/fr\/membres-2-2\/fair-trade-online-shops-fr\/\",\"name\":\"Online Shops - Swiss Fair Trade\",\"isPartOf\":{\"@id\":\"https:\/\/www.swissfairtrade.ch\/it\/#website\"},\"primaryImageOfPage\":{\"@id\":\"https:\/\/www.swissfairtrade.ch\/fr\/membres-2-2\/fair-trade-online-shops-fr\/#primaryimage\"},\"image\":{\"@id\":\"https:\/\/www.swissfairtrade.ch\/fr\/membres-2-2\/fair-trade-online-shops-fr\/#primaryimage\"},\"thumbnailUrl\":\"https:\/\/www.swissfairtrade.ch\/wp-content\/uploads\/pantry.jpg\",\"datePublished\":\"2020-04-03T13:57:38+00:00\",\"dateModified\":\"2025-09-24T06:57:27+00:00\",\"breadcrumb\":{\"@id\":\"https:\/\/www.swissfairtrade.ch\/fr\/membres-2-2\/fair-trade-online-shops-fr\/#breadcrumb\"},\"inLanguage\":\"fr-FR\",\"potentialAction\":[{\"@type\":\"ReadAction\",\"target\":[\"https:\/\/www.swissfairtrade.ch\/fr\/membres-2-2\/fair-trade-online-shops-fr\/\"]}]},{\"@type\":\"ImageObject\",\"inLanguage\":\"fr-FR\",\"@id\":\"https:\/\/www.swissfairtrade.ch\/fr\/membres-2-2\/fair-trade-online-shops-fr\/#primaryimage\",\"url\":\"https:\/\/www.swissfairtrade.ch\/wp-content\/uploads\/pantry.jpg\",\"contentUrl\":\"https:\/\/www.swissfairtrade.ch\/wp-content\/uploads\/pantry.jpg\",\"width\":1880,\"height\":1250},{\"@type\":\"BreadcrumbList\",\"@id\":\"https:\/\/www.swissfairtrade.ch\/fr\/membres-2-2\/fair-trade-online-shops-fr\/#breadcrumb\",\"itemListElement\":[{\"@type\":\"ListItem\",\"position\":1,\"name\":\"Home\",\"item\":\"https:\/\/www.swissfairtrade.ch\/fr\/\"},{\"@type\":\"ListItem\",\"position\":2,\"name\":\"Membres\",\"item\":\"https:\/\/www.swissfairtrade.ch\/fr\/membres-2-2\/\"},{\"@type\":\"ListItem\",\"position\":3,\"name\":\"Online Shops\"}]},{\"@type\":\"WebSite\",\"@id\":\"https:\/\/www.swissfairtrade.ch\/it\/#website\",\"url\":\"https:\/\/www.swissfairtrade.ch\/it\/\",\"name\":\"Swiss Fair Trade\",\"description\":\"\",\"publisher\":{\"@id\":\"https:\/\/www.swissfairtrade.ch\/it\/#organization\"},\"potentialAction\":[{\"@type\":\"SearchAction\",\"target\":{\"@type\":\"EntryPoint\",\"urlTemplate\":\"https:\/\/www.swissfairtrade.ch\/it\/?s={search_term_string}\"},\"query-input\":{\"@type\":\"PropertyValueSpecification\",\"valueRequired\":true,\"valueName\":\"search_term_string\"}}],\"inLanguage\":\"fr-FR\"},{\"@type\":\"Organization\",\"@id\":\"https:\/\/www.swissfairtrade.ch\/it\/#organization\",\"name\":\"Swiss Fair Trade\",\"url\":\"https:\/\/www.swissfairtrade.ch\/it\/\",\"logo\":{\"@type\":\"ImageObject\",\"inLanguage\":\"fr-FR\",\"@id\":\"https:\/\/www.swissfairtrade.ch\/it\/#\/schema\/logo\/image\/\",\"url\":\"https:\/\/www.swissfairtrade.ch\/wp-content\/uploads\/SwissFairTrade-Logo-rgb-203.51.59-web.png\",\"contentUrl\":\"https:\/\/www.swissfairtrade.ch\/wp-content\/uploads\/SwissFairTrade-Logo-rgb-203.51.59-web.png\",\"width\":130,\"height\":115,\"caption\":\"Swiss Fair Trade\"},\"image\":{\"@id\":\"https:\/\/www.swissfairtrade.ch\/it\/#\/schema\/logo\/image\/\"}}]}<\/script>\n<!-- \/ Yoast SEO plugin. -->","yoast_head_json":{"title":"Online Shops - Swiss Fair Trade","robots":{"index":"index","follow":"follow","max-snippet":"max-snippet:-1","max-image-preview":"max-image-preview:large","max-video-preview":"max-video-preview:-1"},"canonical":"https:\/\/www.swissfairtrade.ch\/fr\/membres-2-2\/fair-trade-online-shops-fr\/","og_locale":"fr_FR","og_type":"article","og_title":"Online Shops - Swiss Fair Trade","og_description":"Online Shops de nos membres.","og_url":"https:\/\/www.swissfairtrade.ch\/fr\/membres-2-2\/fair-trade-online-shops-fr\/","og_site_name":"Swiss Fair Trade","article_modified_time":"2025-09-24T06:57:27+00:00","og_image":[{"width":1880,"height":1250,"url":"https:\/\/www.swissfairtrade.ch\/wp-content\/uploads\/pantry.jpg","type":"image\/jpeg"}],"twitter_card":"summary_large_image","twitter_misc":{"Dur\u00e9e de lecture estim\u00e9e":"2 minutes"},"schema":{"@context":"https:\/\/schema.org","@graph":[{"@type":"WebPage","@id":"https:\/\/www.swissfairtrade.ch\/fr\/membres-2-2\/fair-trade-online-shops-fr\/","url":"https:\/\/www.swissfairtrade.ch\/fr\/membres-2-2\/fair-trade-online-shops-fr\/","name":"Online Shops - Swiss Fair Trade","isPartOf":{"@id":"https:\/\/www.swissfairtrade.ch\/it\/#website"},"primaryImageOfPage":{"@id":"https:\/\/www.swissfairtrade.ch\/fr\/membres-2-2\/fair-trade-online-shops-fr\/#primaryimage"},"image":{"@id":"https:\/\/www.swissfairtrade.ch\/fr\/membres-2-2\/fair-trade-online-shops-fr\/#primaryimage"},"thumbnailUrl":"https:\/\/www.swissfairtrade.ch\/wp-content\/uploads\/pantry.jpg","datePublished":"2020-04-03T13:57:38+00:00","dateModified":"2025-09-24T06:57:27+00:00","breadcrumb":{"@id":"https:\/\/www.swissfairtrade.ch\/fr\/membres-2-2\/fair-trade-online-shops-fr\/#breadcrumb"},"inLanguage":"fr-FR","potentialAction":[{"@type":"ReadAction","target":["https:\/\/www.swissfairtrade.ch\/fr\/membres-2-2\/fair-trade-online-shops-fr\/"]}]},{"@type":"ImageObject","inLanguage":"fr-FR","@id":"https:\/\/www.swissfairtrade.ch\/fr\/membres-2-2\/fair-trade-online-shops-fr\/#primaryimage","url":"https:\/\/www.swissfairtrade.ch\/wp-content\/uploads\/pantry.jpg","contentUrl":"https:\/\/www.swissfairtrade.ch\/wp-content\/uploads\/pantry.jpg","width":1880,"height":1250},{"@type":"BreadcrumbList","@id":"https:\/\/www.swissfairtrade.ch\/fr\/membres-2-2\/fair-trade-online-shops-fr\/#breadcrumb","itemListElement":[{"@type":"ListItem","position":1,"name":"Home","item":"https:\/\/www.swissfairtrade.ch\/fr\/"},{"@type":"ListItem","position":2,"name":"Membres","item":"https:\/\/www.swissfairtrade.ch\/fr\/membres-2-2\/"},{"@type":"ListItem","position":3,"name":"Online Shops"}]},{"@type":"WebSite","@id":"https:\/\/www.swissfairtrade.ch\/it\/#website","url":"https:\/\/www.swissfairtrade.ch\/it\/","name":"Swiss Fair Trade","description":"","publisher":{"@id":"https:\/\/www.swissfairtrade.ch\/it\/#organization"},"potentialAction":[{"@type":"SearchAction","target":{"@type":"EntryPoint","urlTemplate":"https:\/\/www.swissfairtrade.ch\/it\/?s={search_term_string}"},"query-input":{"@type":"PropertyValueSpecification","valueRequired":true,"valueName":"search_term_string"}}],"inLanguage":"fr-FR"},{"@type":"Organization","@id":"https:\/\/www.swissfairtrade.ch\/it\/#organization","name":"Swiss Fair Trade","url":"https:\/\/www.swissfairtrade.ch\/it\/","logo":{"@type":"ImageObject","inLanguage":"fr-FR","@id":"https:\/\/www.swissfairtrade.ch\/it\/#\/schema\/logo\/image\/","url":"https:\/\/www.swissfairtrade.ch\/wp-content\/uploads\/SwissFairTrade-Logo-rgb-203.51.59-web.png","contentUrl":"https:\/\/www.swissfairtrade.ch\/wp-content\/uploads\/SwissFairTrade-Logo-rgb-203.51.59-web.png","width":130,"height":115,"caption":"Swiss Fair Trade"},"image":{"@id":"https:\/\/www.swissfairtrade.ch\/it\/#\/schema\/logo\/image\/"}}]}},"_links":{"self":[{"href":"https:\/\/www.swissfairtrade.ch\/fr\/wp-json\/wp\/v2\/pages\/7676","targetHints":{"allow":["GET"]}}],"collection":[{"href":"https:\/\/www.swissfairtrade.ch\/fr\/wp-json\/wp\/v2\/pages"}],"about":[{"href":"https:\/\/www.swissfairtrade.ch\/fr\/wp-json\/wp\/v2\/types\/page"}],"author":[{"embeddable":true,"href":"https:\/\/www.swissfairtrade.ch\/fr\/wp-json\/wp\/v2\/users\/3"}],"replies":[{"embeddable":true,"href":"https:\/\/www.swissfairtrade.ch\/fr\/wp-json\/wp\/v2\/comments?post=7676"}],"version-history":[{"count":0,"href":"https:\/\/www.swissfairtrade.ch\/fr\/wp-json\/wp\/v2\/pages\/7676\/revisions"}],"up":[{"embeddable":true,"href":"https:\/\/www.swissfairtrade.ch\/fr\/wp-json\/wp\/v2\/pages\/3488"}],"wp:featuredmedia":[{"embeddable":true,"href":"https:\/\/www.swissfairtrade.ch\/fr\/wp-json\/wp\/v2\/media\/8844"}],"wp:attachment":[{"href":"https:\/\/www.swissfairtrade.ch\/fr\/wp-json\/wp\/v2\/media?parent=7676"}],"wp:term":[{"taxonomy":"hauptseiten-kategorie","embeddable":true,"href":"https:\/\/www.swissfairtrade.ch\/fr\/wp-json\/wp\/v2\/hauptseiten-kategorie?post=7676"}],"curies":[{"name":"wp","href":"https:\/\/api.w.org\/{rel}","templated":true}]}}