{"id":6217,"date":"2019-05-06T16:06:25","date_gmt":"2019-05-06T14:06:25","guid":{"rendered":"https:\/\/www.swissfairtrade.ch\/?page_id=6217"},"modified":"2019-05-06T17:25:21","modified_gmt":"2019-05-06T15:25:21","slug":"labels-durables","status":"publish","type":"page","link":"https:\/\/www.swissfairtrade.ch\/fr\/champs-d-actions\/centre-de-competences-3\/domestic-fair-trade-2\/labels-durables\/","title":{"rendered":"Labels, certifications et marques durables"},"content":{"rendered":"<div class=\"wpb-content-wrapper\"><p>[vc_row full_width=\u00a0\u00bbstretch_row\u00a0\u00bb content_placement=\u00a0\u00bbbottom\u00a0\u00bb parallax=\u00a0\u00bbcontent-moving-fade\u00a0\u00bb parallax_image=\u00a0\u00bb2959&Prime; css=\u00a0\u00bb.vc_custom_1556113853011{background: rgba(196,196,196,0.71) url(https:\/\/www.swissfairtrade.ch\/wp-content\/uploads\/pexels_labels_rand.png?id=5931);background-position: center;background-repeat: no-repeat !important;background-size: cover !important;*background-color: rgb(196,196,196) !important;}\u00a0\u00bb el_class=\u00a0\u00bbheader\u00a0\u00bb][vc_column][vc_column_text el_class=\u00a0\u00bbtxt-white\u00a0\u00bb]<\/p>\n<div class=\"annot\">\n<div class=\"row-main\">\n<div class=\"text\">\n<h1>Labels, certifications et marques durables.<\/h1>\n<h2 class=\"big\">Un aper\u00e7u.<\/h2>\n<\/div>\n<\/div>\n<\/div>\n<p>[\/vc_column_text][\/vc_column][\/vc_row][vc_row][vc_column][vc_column_text]<strong>Les labels, marques ou certifications garantissent le respect d\u2019un certain nombre de crit\u00e8res. Les conna\u00eetre permet au consommateur de s\u2019orienter dans ce qui est une v\u00e9ritable jungle et de pouvoir faire ses choix en toute connaissance de cause. Cet instrument de validation permet \u00e9galement aux acteurs de la cha\u00eene productive de se positionner.<\/strong><\/p>\n<p><strong>Labels r\u00e9gionaux <\/strong><\/p>\n<p>Les labels r\u00e9gionaux font r\u00e9f\u00e9rence \u00e0 une origine g\u00e9ographique ou r\u00e9gionale sp\u00e9cifique. L&rsquo;accent est mis sur la cr\u00e9ation de valeur r\u00e9gionale. La commercialisation de ces labels a normalement lieu dans la r\u00e9gion de production. La plateforme labelinfo.ch offre la possibilit\u00e9 de comparer et d\u2019\u00e9valuer ces diff\u00e9rents labels r\u00e9gionaux.<\/p>\n<p><strong>Labels biologiques<\/strong><\/p>\n<p>L\u2019appellation \u00ab\u00a0biologique\u00a0\u00bb est prot\u00e9g\u00e9e par des r\u00e8glements qui pr\u00e9cisent quand un produit a droit \u00e0 cette appellation. Il convient de faire ici une distinction entre la r\u00e9glementation suisse (Ordonnance sur l&rsquo;agriculture biologique) et celles de l&rsquo;UE, qui sont diff\u00e9rentes. Outre les marques biologiques comme Bio Suisse, il existe \u00e9galement des marques de distributeurs en Suisse. Des descriptions, des comparaisons et des \u00e9valuations de labels biologiques sont disponibles sur la plate-forme labelinfo.ch.<\/p>\n<p><strong>Diff\u00e9renciation entre labels du commerce \u00e9quitable<\/strong><\/p>\n<p>Le commerce \u00e9quitable garantit des conditions de travail sociales, des prix justes et des m\u00e9thodes de production respectueuses de l\u2019environnement. Il existe deux types de produits \u00e9quitables\u00a0: ceux qui sont certifi\u00e9s et ceux qui proviennent d\u2019une fili\u00e8re int\u00e9gr\u00e9e.<img loading=\"lazy\" decoding=\"async\" class=\"wp-image-5878 alignright\" style=\"background-color: transparent; color: #333333; float: right; font-family: Georgia,&amp;quot; times new roman&amp;quot;,&amp;quot;bitstream charter&amp;quot;,times,serif; font-size: 16px; font-style: normal; font-variant: normal; font-weight: 400; height: 141.14px; letter-spacing: normal; max-width: 1077px; orphans: 2; outline-color: #72777c; outline-style: solid; outline-width: 1px; text-align: left; text-decoration: none; text-indent: 0px; text-transform: none; -webkit-text-stroke-width: 0px; white-space: normal; word-spacing: 0px; margin: 8px 0px 8px 16px;\" src=\"https:\/\/www.swissfairtrade.ch\/wp-content\/uploads\/mh-e1557155828434.jpg\" alt=\"\" width=\"100\" height=\"141\" \/><\/p>\n<p><u>Le label Fairtrade (FLO)<\/u> permet d\u2019\u00e9tiqueter les marchandises issues du commerce \u00e9quitable dont la production r\u00e9pond \u00e0 certains crit\u00e8res sociaux, \u00e9cologiques et \u00e9conomiques d\u00e9finies par l\u2019organisation internationale Fairtrade International. Pour pouvoir l\u2019apposer sur leurs produits, les importateurs et les grossistes concluent un accord de licence avec le repr\u00e9sentant national de Fairtrade International, en Suisse la fondation Max Havelaar. Le respect des normes du commerce \u00e9quitable est assur\u00e9 par un syst\u00e8me de contr\u00f4le international.<\/p>\n<p><u>Les<\/u><img loading=\"lazy\" decoding=\"async\" class=\"alignleft wp-image-5876\" style=\"background-color: transparent; color: #333333; float: left; font-family: Georgia,&amp;quot; times new roman&amp;quot;,&amp;quot;bitstream charter&amp;quot;,times,serif; font-size: 16px; font-style: normal; font-variant: normal; font-weight: 400; height: 121.53px; letter-spacing: normal; max-width: 1077px; orphans: 2; text-align: left; text-decoration: none; text-indent: 0px; text-transform: none; -webkit-text-stroke-width: 0px; white-space: normal; word-spacing: 0px; margin: 8px 16px 8px 0px;\" src=\"https:\/\/www.swissfairtrade.ch\/wp-content\/uploads\/labels-claro_gebana.png\" alt=\"\" width=\"250\" height=\"122\" \/><u> produits issus de la fili\u00e8re dite \u00ab\u00a0int\u00e9gr\u00e9e\u00a0<\/u><strong>\u00bb <\/strong>se r\u00e9f\u00e8rent \u00e0 un ensemble de principes et de crit\u00e8res d\u00e9finis collectivement. Cette fili\u00e8re rassemble des acteurs sp\u00e9cialis\u00e9s dans le commerce \u00e9quitable et privil\u00e9gie des contacts \u00e9troits tout au long de la cha\u00eene de production. Elle valorise les d\u00e9marches de transformation locale des produits qui permet de g\u00e9n\u00e9rer de la valeur dans le pays producteur. Le syst\u00e8me de garantie est principalement bas\u00e9 sur la reconnaissance mutuelle, la confiance et le respect des engagements. Il n\u2019existe pas \u00e0 proprement parler de label, mais certaines marques sont garantes de cette approche\u00a0: en Suisse, claro fair trade SA et gebana SA.<\/p>\n<p>&nbsp;<\/p>\n<p><strong>D&rsquo;autres entreprises suisses, membres de Swiss Fair Trade, l&rsquo;organisation fa\u00eeti\u00e8re des organisations du commerce \u00e9quitable en Suisse proposent \u00e9galement des produits du commerce \u00e9quitable.\u00a0 <\/strong>Leur appartenance \u00e0 Swiss Fair Trade garantit le respect d\u2019un cahier des charges fond\u00e9 sur les exigences admises par les organisations internationales du commerce \u00e9quitable. \u00a0<a href=\"https:\/\/www.swissfairtrade.ch\/fr\/membres-2\/\">Liste des membres\u2026.<\/a><\/p>\n<p>Pour approfondir\u00a0:<\/p>\n<ul>\n<li><a href=\"http:\/\/www.labelinfo.ch\/\">www.labelinfo.ch<\/a><\/li>\n<li><a href=\"http:\/\/www.frc.ch\/labels-alimentaires-evalues\/\">www.frc.ch\/labels-alimentaires-evalues\/<\/a><\/li>\n<li><a href=\"https:\/\/www.frc.ch\/labels-regionaux-la-proximite-argument-qui-fait-vendre\/\">www.frc.ch\/labels-regionaux-la-proximite-argument-qui-fait-vendre\/<\/a><\/li>\n<\/ul>\n<p>[\/vc_column_text][\/vc_column][\/vc_row][vc_row][vc_column][vc_empty_space height=\u00a0\u00bb50px\u00a0\u00bb][vc_separator][vc_column_text]<\/p>\n<h3>Autres sujets<\/h3>\n<p>[\/vc_column_text][vc_basic_grid post_type=\u00a0\u00bbpage\u00a0\u00bb max_items=\u00a0\u00bb-1&Prime; gap=\u00a0\u00bb10&Prime; order=\u00a0\u00bbASC\u00a0\u00bb item=\u00a0\u00bb1885&Prime; grid_id=\u00a0\u00bbvc_gid:1557155646276-723407bf-185f-9&Prime; taxonomies=\u00a0\u00bb315&Prime;][\/vc_column][\/vc_row]<\/p>\n<\/div>","protected":false},"excerpt":{"rendered":"<p>Celui qui veut faire attention aux produits r\u00e9gionaux et \u00e9quitables durables dans la boutique est g\u00e9n\u00e9ralement orient\u00e9 vers les marques. Les informations les plus importantes en un coup d&rsquo;\u0153il<\/p>\n","protected":false},"author":3,"featured_media":5927,"parent":3466,"menu_order":2,"comment_status":"closed","ping_status":"closed","template":"","meta":{"generate_page_header":"","footnotes":"","_links_to":"","_links_to_target":""},"hauptseiten-kategorie":[315],"class_list":{"0":"post-6217","1":"page","2":"type-page","3":"status-publish","4":"has-post-thumbnail","6":"hauptseiten-kategorie-world-fair-trade-day"},"yoast_head":"<!-- This site is optimized with the Yoast SEO plugin v26.2 - https:\/\/yoast.com\/wordpress\/plugins\/seo\/ -->\n<title>Labels, certifications et marques durables - Swiss Fair Trade<\/title>\n<meta name=\"robots\" content=\"index, follow, max-snippet:-1, max-image-preview:large, max-video-preview:-1\" \/>\n<link rel=\"canonical\" href=\"https:\/\/www.swissfairtrade.ch\/fr\/champs-d-actions\/centre-de-competences-3\/domestic-fair-trade-2\/labels-durables\/\" \/>\n<meta property=\"og:locale\" content=\"fr_FR\" \/>\n<meta property=\"og:type\" content=\"article\" \/>\n<meta property=\"og:title\" content=\"Labels, certifications et marques durables - Swiss Fair Trade\" \/>\n<meta property=\"og:description\" content=\"Celui qui veut faire attention aux produits r\u00e9gionaux et \u00e9quitables durables dans la boutique est g\u00e9n\u00e9ralement orient\u00e9 vers les marques. Les informations les plus importantes en un coup d&#039;\u0153il\" \/>\n<meta property=\"og:url\" content=\"https:\/\/www.swissfairtrade.ch\/fr\/champs-d-actions\/centre-de-competences-3\/domestic-fair-trade-2\/labels-durables\/\" \/>\n<meta property=\"og:site_name\" content=\"Swiss Fair Trade\" \/>\n<meta property=\"article:modified_time\" content=\"2019-05-06T15:25:21+00:00\" \/>\n<meta property=\"og:image\" content=\"https:\/\/www.swissfairtrade.ch\/wp-content\/uploads\/labeldschungel_labels.jpeg\" \/>\n\t<meta property=\"og:image:width\" content=\"1880\" \/>\n\t<meta property=\"og:image:height\" content=\"1255\" \/>\n\t<meta property=\"og:image:type\" content=\"image\/jpeg\" \/>\n<meta name=\"twitter:card\" content=\"summary_large_image\" \/>\n<meta name=\"twitter:label1\" content=\"Dur\u00e9e de lecture estim\u00e9e\" \/>\n\t<meta name=\"twitter:data1\" content=\"3 minutes\" \/>\n<script type=\"application\/ld+json\" class=\"yoast-schema-graph\">{\"@context\":\"https:\/\/schema.org\",\"@graph\":[{\"@type\":\"WebPage\",\"@id\":\"https:\/\/www.swissfairtrade.ch\/fr\/champs-d-actions\/centre-de-competences-3\/domestic-fair-trade-2\/labels-durables\/\",\"url\":\"https:\/\/www.swissfairtrade.ch\/fr\/champs-d-actions\/centre-de-competences-3\/domestic-fair-trade-2\/labels-durables\/\",\"name\":\"Labels, certifications et marques durables - Swiss Fair Trade\",\"isPartOf\":{\"@id\":\"https:\/\/www.swissfairtrade.ch\/it\/#website\"},\"primaryImageOfPage\":{\"@id\":\"https:\/\/www.swissfairtrade.ch\/fr\/champs-d-actions\/centre-de-competences-3\/domestic-fair-trade-2\/labels-durables\/#primaryimage\"},\"image\":{\"@id\":\"https:\/\/www.swissfairtrade.ch\/fr\/champs-d-actions\/centre-de-competences-3\/domestic-fair-trade-2\/labels-durables\/#primaryimage\"},\"thumbnailUrl\":\"https:\/\/www.swissfairtrade.ch\/wp-content\/uploads\/labeldschungel_labels.jpeg\",\"datePublished\":\"2019-05-06T14:06:25+00:00\",\"dateModified\":\"2019-05-06T15:25:21+00:00\",\"breadcrumb\":{\"@id\":\"https:\/\/www.swissfairtrade.ch\/fr\/champs-d-actions\/centre-de-competences-3\/domestic-fair-trade-2\/labels-durables\/#breadcrumb\"},\"inLanguage\":\"fr-FR\",\"potentialAction\":[{\"@type\":\"ReadAction\",\"target\":[\"https:\/\/www.swissfairtrade.ch\/fr\/champs-d-actions\/centre-de-competences-3\/domestic-fair-trade-2\/labels-durables\/\"]}]},{\"@type\":\"ImageObject\",\"inLanguage\":\"fr-FR\",\"@id\":\"https:\/\/www.swissfairtrade.ch\/fr\/champs-d-actions\/centre-de-competences-3\/domestic-fair-trade-2\/labels-durables\/#primaryimage\",\"url\":\"https:\/\/www.swissfairtrade.ch\/wp-content\/uploads\/labeldschungel_labels.jpeg\",\"contentUrl\":\"https:\/\/www.swissfairtrade.ch\/wp-content\/uploads\/labeldschungel_labels.jpeg\",\"width\":1880,\"height\":1255},{\"@type\":\"BreadcrumbList\",\"@id\":\"https:\/\/www.swissfairtrade.ch\/fr\/champs-d-actions\/centre-de-competences-3\/domestic-fair-trade-2\/labels-durables\/#breadcrumb\",\"itemListElement\":[{\"@type\":\"ListItem\",\"position\":1,\"name\":\"Home\",\"item\":\"https:\/\/www.swissfairtrade.ch\/fr\/\"},{\"@type\":\"ListItem\",\"position\":2,\"name\":\"Champs d\u2019actions\",\"item\":\"https:\/\/www.swissfairtrade.ch\/fr\/champs-d-actions\/\"},{\"@type\":\"ListItem\",\"position\":3,\"name\":\"Centre de comp\u00e9tences\",\"item\":\"https:\/\/www.swissfairtrade.ch\/fr\/champs-d-actions\/centre-de-competences-3\/\"},{\"@type\":\"ListItem\",\"position\":4,\"name\":\"Domestic Fair Trade\",\"item\":\"https:\/\/www.swissfairtrade.ch\/fr\/champs-d-actions\/centre-de-competences-3\/domestic-fair-trade-2\/\"},{\"@type\":\"ListItem\",\"position\":5,\"name\":\"Labels, certifications et marques durables\"}]},{\"@type\":\"WebSite\",\"@id\":\"https:\/\/www.swissfairtrade.ch\/it\/#website\",\"url\":\"https:\/\/www.swissfairtrade.ch\/it\/\",\"name\":\"Swiss Fair Trade\",\"description\":\"\",\"publisher\":{\"@id\":\"https:\/\/www.swissfairtrade.ch\/it\/#organization\"},\"potentialAction\":[{\"@type\":\"SearchAction\",\"target\":{\"@type\":\"EntryPoint\",\"urlTemplate\":\"https:\/\/www.swissfairtrade.ch\/it\/?s={search_term_string}\"},\"query-input\":{\"@type\":\"PropertyValueSpecification\",\"valueRequired\":true,\"valueName\":\"search_term_string\"}}],\"inLanguage\":\"fr-FR\"},{\"@type\":\"Organization\",\"@id\":\"https:\/\/www.swissfairtrade.ch\/it\/#organization\",\"name\":\"Swiss Fair Trade\",\"url\":\"https:\/\/www.swissfairtrade.ch\/it\/\",\"logo\":{\"@type\":\"ImageObject\",\"inLanguage\":\"fr-FR\",\"@id\":\"https:\/\/www.swissfairtrade.ch\/it\/#\/schema\/logo\/image\/\",\"url\":\"https:\/\/www.swissfairtrade.ch\/wp-content\/uploads\/SwissFairTrade-Logo-rgb-203.51.59-web.png\",\"contentUrl\":\"https:\/\/www.swissfairtrade.ch\/wp-content\/uploads\/SwissFairTrade-Logo-rgb-203.51.59-web.png\",\"width\":130,\"height\":115,\"caption\":\"Swiss Fair Trade\"},\"image\":{\"@id\":\"https:\/\/www.swissfairtrade.ch\/it\/#\/schema\/logo\/image\/\"}}]}<\/script>\n<!-- \/ Yoast SEO plugin. -->","yoast_head_json":{"title":"Labels, certifications et marques durables - Swiss Fair Trade","robots":{"index":"index","follow":"follow","max-snippet":"max-snippet:-1","max-image-preview":"max-image-preview:large","max-video-preview":"max-video-preview:-1"},"canonical":"https:\/\/www.swissfairtrade.ch\/fr\/champs-d-actions\/centre-de-competences-3\/domestic-fair-trade-2\/labels-durables\/","og_locale":"fr_FR","og_type":"article","og_title":"Labels, certifications et marques durables - Swiss Fair Trade","og_description":"Celui qui veut faire attention aux produits r\u00e9gionaux et \u00e9quitables durables dans la boutique est g\u00e9n\u00e9ralement orient\u00e9 vers les marques. Les informations les plus importantes en un coup d'\u0153il","og_url":"https:\/\/www.swissfairtrade.ch\/fr\/champs-d-actions\/centre-de-competences-3\/domestic-fair-trade-2\/labels-durables\/","og_site_name":"Swiss Fair Trade","article_modified_time":"2019-05-06T15:25:21+00:00","og_image":[{"width":1880,"height":1255,"url":"https:\/\/www.swissfairtrade.ch\/wp-content\/uploads\/labeldschungel_labels.jpeg","type":"image\/jpeg"}],"twitter_card":"summary_large_image","twitter_misc":{"Dur\u00e9e de lecture estim\u00e9e":"3 minutes"},"schema":{"@context":"https:\/\/schema.org","@graph":[{"@type":"WebPage","@id":"https:\/\/www.swissfairtrade.ch\/fr\/champs-d-actions\/centre-de-competences-3\/domestic-fair-trade-2\/labels-durables\/","url":"https:\/\/www.swissfairtrade.ch\/fr\/champs-d-actions\/centre-de-competences-3\/domestic-fair-trade-2\/labels-durables\/","name":"Labels, certifications et marques durables - Swiss Fair Trade","isPartOf":{"@id":"https:\/\/www.swissfairtrade.ch\/it\/#website"},"primaryImageOfPage":{"@id":"https:\/\/www.swissfairtrade.ch\/fr\/champs-d-actions\/centre-de-competences-3\/domestic-fair-trade-2\/labels-durables\/#primaryimage"},"image":{"@id":"https:\/\/www.swissfairtrade.ch\/fr\/champs-d-actions\/centre-de-competences-3\/domestic-fair-trade-2\/labels-durables\/#primaryimage"},"thumbnailUrl":"https:\/\/www.swissfairtrade.ch\/wp-content\/uploads\/labeldschungel_labels.jpeg","datePublished":"2019-05-06T14:06:25+00:00","dateModified":"2019-05-06T15:25:21+00:00","breadcrumb":{"@id":"https:\/\/www.swissfairtrade.ch\/fr\/champs-d-actions\/centre-de-competences-3\/domestic-fair-trade-2\/labels-durables\/#breadcrumb"},"inLanguage":"fr-FR","potentialAction":[{"@type":"ReadAction","target":["https:\/\/www.swissfairtrade.ch\/fr\/champs-d-actions\/centre-de-competences-3\/domestic-fair-trade-2\/labels-durables\/"]}]},{"@type":"ImageObject","inLanguage":"fr-FR","@id":"https:\/\/www.swissfairtrade.ch\/fr\/champs-d-actions\/centre-de-competences-3\/domestic-fair-trade-2\/labels-durables\/#primaryimage","url":"https:\/\/www.swissfairtrade.ch\/wp-content\/uploads\/labeldschungel_labels.jpeg","contentUrl":"https:\/\/www.swissfairtrade.ch\/wp-content\/uploads\/labeldschungel_labels.jpeg","width":1880,"height":1255},{"@type":"BreadcrumbList","@id":"https:\/\/www.swissfairtrade.ch\/fr\/champs-d-actions\/centre-de-competences-3\/domestic-fair-trade-2\/labels-durables\/#breadcrumb","itemListElement":[{"@type":"ListItem","position":1,"name":"Home","item":"https:\/\/www.swissfairtrade.ch\/fr\/"},{"@type":"ListItem","position":2,"name":"Champs d\u2019actions","item":"https:\/\/www.swissfairtrade.ch\/fr\/champs-d-actions\/"},{"@type":"ListItem","position":3,"name":"Centre de comp\u00e9tences","item":"https:\/\/www.swissfairtrade.ch\/fr\/champs-d-actions\/centre-de-competences-3\/"},{"@type":"ListItem","position":4,"name":"Domestic Fair Trade","item":"https:\/\/www.swissfairtrade.ch\/fr\/champs-d-actions\/centre-de-competences-3\/domestic-fair-trade-2\/"},{"@type":"ListItem","position":5,"name":"Labels, certifications et marques durables"}]},{"@type":"WebSite","@id":"https:\/\/www.swissfairtrade.ch\/it\/#website","url":"https:\/\/www.swissfairtrade.ch\/it\/","name":"Swiss Fair Trade","description":"","publisher":{"@id":"https:\/\/www.swissfairtrade.ch\/it\/#organization"},"potentialAction":[{"@type":"SearchAction","target":{"@type":"EntryPoint","urlTemplate":"https:\/\/www.swissfairtrade.ch\/it\/?s={search_term_string}"},"query-input":{"@type":"PropertyValueSpecification","valueRequired":true,"valueName":"search_term_string"}}],"inLanguage":"fr-FR"},{"@type":"Organization","@id":"https:\/\/www.swissfairtrade.ch\/it\/#organization","name":"Swiss Fair Trade","url":"https:\/\/www.swissfairtrade.ch\/it\/","logo":{"@type":"ImageObject","inLanguage":"fr-FR","@id":"https:\/\/www.swissfairtrade.ch\/it\/#\/schema\/logo\/image\/","url":"https:\/\/www.swissfairtrade.ch\/wp-content\/uploads\/SwissFairTrade-Logo-rgb-203.51.59-web.png","contentUrl":"https:\/\/www.swissfairtrade.ch\/wp-content\/uploads\/SwissFairTrade-Logo-rgb-203.51.59-web.png","width":130,"height":115,"caption":"Swiss Fair Trade"},"image":{"@id":"https:\/\/www.swissfairtrade.ch\/it\/#\/schema\/logo\/image\/"}}]}},"_links":{"self":[{"href":"https:\/\/www.swissfairtrade.ch\/fr\/wp-json\/wp\/v2\/pages\/6217","targetHints":{"allow":["GET"]}}],"collection":[{"href":"https:\/\/www.swissfairtrade.ch\/fr\/wp-json\/wp\/v2\/pages"}],"about":[{"href":"https:\/\/www.swissfairtrade.ch\/fr\/wp-json\/wp\/v2\/types\/page"}],"author":[{"embeddable":true,"href":"https:\/\/www.swissfairtrade.ch\/fr\/wp-json\/wp\/v2\/users\/3"}],"replies":[{"embeddable":true,"href":"https:\/\/www.swissfairtrade.ch\/fr\/wp-json\/wp\/v2\/comments?post=6217"}],"version-history":[{"count":0,"href":"https:\/\/www.swissfairtrade.ch\/fr\/wp-json\/wp\/v2\/pages\/6217\/revisions"}],"up":[{"embeddable":true,"href":"https:\/\/www.swissfairtrade.ch\/fr\/wp-json\/wp\/v2\/pages\/3466"}],"wp:featuredmedia":[{"embeddable":true,"href":"https:\/\/www.swissfairtrade.ch\/fr\/wp-json\/wp\/v2\/media\/5927"}],"wp:attachment":[{"href":"https:\/\/www.swissfairtrade.ch\/fr\/wp-json\/wp\/v2\/media?parent=6217"}],"wp:term":[{"taxonomy":"hauptseiten-kategorie","embeddable":true,"href":"https:\/\/www.swissfairtrade.ch\/fr\/wp-json\/wp\/v2\/hauptseiten-kategorie?post=6217"}],"curies":[{"name":"wp","href":"https:\/\/api.w.org\/{rel}","templated":true}]}}