{"id":6037,"date":"2019-05-06T17:35:11","date_gmt":"2019-05-06T15:35:11","guid":{"rendered":"https:\/\/www.swissfairtrade.ch\/?page_id=6037"},"modified":"2019-05-06T17:35:11","modified_gmt":"2019-05-06T15:35:11","slug":"domestic-fair-trade-2","status":"publish","type":"page","link":"https:\/\/www.swissfairtrade.ch\/fr\/champs-d-actions\/centre-de-competences-3\/domestic-fair-trade-2\/__trashed\/domestic-fair-trade-2\/","title":{"rendered":"Tessa"},"content":{"rendered":"<div class=\"wpb-content-wrapper\"><p>[vc_row][vc_column][vc_column_text]<\/p>\n<h2 style=\"text-align: center;\"><strong>Renouer la gerbe et ouvrir de nouveaux sillons<\/strong><\/h2>\n<p><img loading=\"lazy\" decoding=\"async\" class=\"wp-image-5948 aligncenter\" src=\"https:\/\/www.swissfairtrade.ch\/wp-content\/uploads\/Portrait-Tessa-373x280.jpg\" alt=\"\" width=\"550\" height=\"413\" srcset=\"https:\/\/www.swissfairtrade.ch\/wp-content\/uploads\/Portrait-Tessa-373x280.jpg 373w, https:\/\/www.swissfairtrade.ch\/wp-content\/uploads\/Portrait-Tessa-768x576.jpg 768w, https:\/\/www.swissfairtrade.ch\/wp-content\/uploads\/Portrait-Tessa-1024x768.jpg 1024w\" sizes=\"auto, (max-width: 550px) 100vw, 550px\" \/><\/p>\n<p>Apr\u00e8s des \u00e9tudes d\u2019histoire et d\u2019anthropologie et un Erasmus en Espagne, Tessa 28 ans, r\u00e9alise que sa place est pr\u00e8s de ses parents et d\u00e9cide de s\u2019engager dans l\u2019entreprise familiale. Reprendre l\u2019une des premi\u00e8res exploitations bio du Tessin, la Colombera de Sant\u2019Antonino qui s\u2019est ouverte au cours des ann\u00e9es \u00e0 la transformation du lait, \u00e0 l\u2019\u00e9ducation environnementale et aux \u00e9nergies renouvelables (biogas) n\u2019est pas une sin\u00e9cure.<\/p>\n<p>Des priorit\u00e9s devront \u00eatre fix\u00e9es, certaines orientations redimensionn\u00e9es pour que l\u2019entreprise reste durable sur le plan \u00e9conomique et humain. Pour cela, Tessa peur compter sur le soutien de ses s\u0153urs : avocate et costumi\u00e8re de th\u00e9\u00e2tre, Valentina et Cecilia apportent chacune leur expertise sans toutefois abandonner leur m\u00e9tier. Un nouveau cadre pour l\u2019agriculture familiale\u00a0?<\/p>\n<p><span style=\"color: #b20946;\"><strong><em>\u00ab\u00a0Aucune de nous n\u2019avait pens\u00e9 reprendre l\u2019exploitation familiale\u00a0: trop de renoncements, de sacrifices, nous voulions cr\u00e9er notre propre futur et voir le monde\u00a0!\u00a0\u00bb<\/em><\/strong><\/span><\/p>\n<p>La jeune g\u00e9n\u00e9ration a d\u00e9cid\u00e9 d\u2019abandonner la certification Bio Suisse- \u00e0 la d\u00e9finition de laquelle ses parents avaient particip\u00e9 &#8211; pour s\u2019engager dans la voie biodynamique qui, orient\u00e9e sur le renforcement des relations avec la nature et le respect de ses rythmes leur correspond mieux.<\/p>\n<p>Mais pas question d\u2019abandonner le cahier des charges bio\u00a0! L\u2019id\u00e9e est plut\u00f4t de d\u00e9velopper un nouveau concept de production qui englobe tous les secteurs de l\u2019exploitation. Tessa r\u00e9fl\u00e9chit par exemple \u00e0 la diminution des d\u00e9chets et \u00e0 l\u2019abandon du plastique au profit du verre, \u00e0 l\u2019introduction du vrac et \u00e0 privil\u00e9gier des produits \u00e0 faible impact environnemental. Donner une coh\u00e9rence \u00e0 ses choix dans une optique de durabilit\u00e9 \u00e9conomique est le d\u00e9fi majeur qui se pose \u00e0 la jeune g\u00e9n\u00e9ration de la Colombera. Les chantiers sont nombreux, la transition est en cours.[\/vc_column_text][\/vc_column][\/vc_row][vc_row][vc_column][vc_empty_space height=\u00a0\u00bb50px\u00a0\u00bb][vc_separator][vc_column_text]<\/p>\n<h3>Autres sujets<\/h3>\n<p>[\/vc_column_text][vc_basic_grid post_type=\u00a0\u00bbpage\u00a0\u00bb max_items=\u00a0\u00bb-1&Prime; gap=\u00a0\u00bb10&Prime; item=\u00a0\u00bb1885&Prime; grid_id=\u00a0\u00bbvc_gid:1557147086385-487b89e4-6f0c-3&Prime; taxonomies=\u00a0\u00bb315&Prime;][\/vc_column][\/vc_row]<\/p>\n<\/div>","protected":false},"excerpt":{"rendered":"<p>Tessa, Paysanne du Tessin <\/p>\n","protected":false},"author":3,"featured_media":5948,"parent":6215,"menu_order":0,"comment_status":"closed","ping_status":"closed","template":"","meta":{"generate_page_header":"","footnotes":"","_links_to":"","_links_to_target":""},"hauptseiten-kategorie":[316],"class_list":{"0":"post-6037","1":"page","2":"type-page","3":"status-publish","4":"has-post-thumbnail","6":"hauptseiten-kategorie-baeuerinnen-und-bauern-hier-und-dort"},"yoast_head":"<!-- This site is optimized with the Yoast SEO plugin v26.2 - https:\/\/yoast.com\/wordpress\/plugins\/seo\/ -->\n<title>Tessa - Swiss Fair Trade<\/title>\n<meta name=\"robots\" content=\"index, follow, max-snippet:-1, max-image-preview:large, max-video-preview:-1\" \/>\n<link rel=\"canonical\" href=\"https:\/\/www.swissfairtrade.ch\/fr\/champs-d-actions\/centre-de-competences-3\/domestic-fair-trade-2\/__trashed\/domestic-fair-trade-2\/\" \/>\n<meta property=\"og:locale\" content=\"fr_FR\" \/>\n<meta property=\"og:type\" content=\"article\" \/>\n<meta property=\"og:title\" content=\"Tessa - Swiss Fair Trade\" \/>\n<meta property=\"og:description\" content=\"Tessa, Paysanne du Tessin\" \/>\n<meta property=\"og:url\" content=\"https:\/\/www.swissfairtrade.ch\/fr\/champs-d-actions\/centre-de-competences-3\/domestic-fair-trade-2\/__trashed\/domestic-fair-trade-2\/\" \/>\n<meta property=\"og:site_name\" content=\"Swiss Fair Trade\" \/>\n<meta property=\"og:image\" content=\"https:\/\/www.swissfairtrade.ch\/wp-content\/uploads\/Portrait-Tessa-1024x768.jpg\" \/>\n\t<meta property=\"og:image:width\" content=\"1024\" \/>\n\t<meta property=\"og:image:height\" content=\"768\" \/>\n\t<meta property=\"og:image:type\" content=\"image\/jpeg\" \/>\n<meta name=\"twitter:card\" content=\"summary_large_image\" \/>\n<meta name=\"twitter:label1\" content=\"Dur\u00e9e de lecture estim\u00e9e\" \/>\n\t<meta name=\"twitter:data1\" content=\"2 minutes\" \/>\n<script type=\"application\/ld+json\" class=\"yoast-schema-graph\">{\"@context\":\"https:\/\/schema.org\",\"@graph\":[{\"@type\":\"WebPage\",\"@id\":\"https:\/\/www.swissfairtrade.ch\/fr\/champs-d-actions\/centre-de-competences-3\/domestic-fair-trade-2\/__trashed\/domestic-fair-trade-2\/\",\"url\":\"https:\/\/www.swissfairtrade.ch\/fr\/champs-d-actions\/centre-de-competences-3\/domestic-fair-trade-2\/__trashed\/domestic-fair-trade-2\/\",\"name\":\"Tessa - Swiss Fair Trade\",\"isPartOf\":{\"@id\":\"https:\/\/www.swissfairtrade.ch\/it\/#website\"},\"primaryImageOfPage\":{\"@id\":\"https:\/\/www.swissfairtrade.ch\/fr\/champs-d-actions\/centre-de-competences-3\/domestic-fair-trade-2\/__trashed\/domestic-fair-trade-2\/#primaryimage\"},\"image\":{\"@id\":\"https:\/\/www.swissfairtrade.ch\/fr\/champs-d-actions\/centre-de-competences-3\/domestic-fair-trade-2\/__trashed\/domestic-fair-trade-2\/#primaryimage\"},\"thumbnailUrl\":\"https:\/\/www.swissfairtrade.ch\/wp-content\/uploads\/Portrait-Tessa.jpg\",\"datePublished\":\"2019-05-06T15:35:11+00:00\",\"breadcrumb\":{\"@id\":\"https:\/\/www.swissfairtrade.ch\/fr\/champs-d-actions\/centre-de-competences-3\/domestic-fair-trade-2\/__trashed\/domestic-fair-trade-2\/#breadcrumb\"},\"inLanguage\":\"fr-FR\",\"potentialAction\":[{\"@type\":\"ReadAction\",\"target\":[\"https:\/\/www.swissfairtrade.ch\/fr\/champs-d-actions\/centre-de-competences-3\/domestic-fair-trade-2\/__trashed\/domestic-fair-trade-2\/\"]}]},{\"@type\":\"ImageObject\",\"inLanguage\":\"fr-FR\",\"@id\":\"https:\/\/www.swissfairtrade.ch\/fr\/champs-d-actions\/centre-de-competences-3\/domestic-fair-trade-2\/__trashed\/domestic-fair-trade-2\/#primaryimage\",\"url\":\"https:\/\/www.swissfairtrade.ch\/wp-content\/uploads\/Portrait-Tessa.jpg\",\"contentUrl\":\"https:\/\/www.swissfairtrade.ch\/wp-content\/uploads\/Portrait-Tessa.jpg\",\"width\":4128,\"height\":3096},{\"@type\":\"BreadcrumbList\",\"@id\":\"https:\/\/www.swissfairtrade.ch\/fr\/champs-d-actions\/centre-de-competences-3\/domestic-fair-trade-2\/__trashed\/domestic-fair-trade-2\/#breadcrumb\",\"itemListElement\":[{\"@type\":\"ListItem\",\"position\":1,\"name\":\"Home\",\"item\":\"https:\/\/www.swissfairtrade.ch\/fr\/\"},{\"@type\":\"ListItem\",\"position\":2,\"name\":\"Champs d\u2019actions\",\"item\":\"https:\/\/www.swissfairtrade.ch\/fr\/champs-d-actions\/\"},{\"@type\":\"ListItem\",\"position\":3,\"name\":\"Centre de comp\u00e9tences\",\"item\":\"https:\/\/www.swissfairtrade.ch\/fr\/champs-d-actions\/centre-de-competences-3\/\"},{\"@type\":\"ListItem\",\"position\":4,\"name\":\"Domestic Fair Trade\",\"item\":\"https:\/\/www.swissfairtrade.ch\/fr\/champs-d-actions\/centre-de-competences-3\/domestic-fair-trade-2\/\"},{\"@type\":\"ListItem\",\"position\":5,\"name\":\"Paysans d&rsquo;ici et d&rsquo;ailleurs\",\"item\":\"https:\/\/www.swissfairtrade.ch\/fr\/champs-d-actions\/centre-de-competences-3\/domestic-fair-trade-2\/__trashed\/\"},{\"@type\":\"ListItem\",\"position\":6,\"name\":\"Tessa\"}]},{\"@type\":\"WebSite\",\"@id\":\"https:\/\/www.swissfairtrade.ch\/it\/#website\",\"url\":\"https:\/\/www.swissfairtrade.ch\/it\/\",\"name\":\"Swiss Fair Trade\",\"description\":\"\",\"publisher\":{\"@id\":\"https:\/\/www.swissfairtrade.ch\/it\/#organization\"},\"potentialAction\":[{\"@type\":\"SearchAction\",\"target\":{\"@type\":\"EntryPoint\",\"urlTemplate\":\"https:\/\/www.swissfairtrade.ch\/it\/?s={search_term_string}\"},\"query-input\":{\"@type\":\"PropertyValueSpecification\",\"valueRequired\":true,\"valueName\":\"search_term_string\"}}],\"inLanguage\":\"fr-FR\"},{\"@type\":\"Organization\",\"@id\":\"https:\/\/www.swissfairtrade.ch\/it\/#organization\",\"name\":\"Swiss Fair Trade\",\"url\":\"https:\/\/www.swissfairtrade.ch\/it\/\",\"logo\":{\"@type\":\"ImageObject\",\"inLanguage\":\"fr-FR\",\"@id\":\"https:\/\/www.swissfairtrade.ch\/it\/#\/schema\/logo\/image\/\",\"url\":\"https:\/\/www.swissfairtrade.ch\/wp-content\/uploads\/SwissFairTrade-Logo-rgb-203.51.59-web.png\",\"contentUrl\":\"https:\/\/www.swissfairtrade.ch\/wp-content\/uploads\/SwissFairTrade-Logo-rgb-203.51.59-web.png\",\"width\":130,\"height\":115,\"caption\":\"Swiss Fair Trade\"},\"image\":{\"@id\":\"https:\/\/www.swissfairtrade.ch\/it\/#\/schema\/logo\/image\/\"}}]}<\/script>\n<!-- \/ Yoast SEO plugin. -->","yoast_head_json":{"title":"Tessa - Swiss Fair Trade","robots":{"index":"index","follow":"follow","max-snippet":"max-snippet:-1","max-image-preview":"max-image-preview:large","max-video-preview":"max-video-preview:-1"},"canonical":"https:\/\/www.swissfairtrade.ch\/fr\/champs-d-actions\/centre-de-competences-3\/domestic-fair-trade-2\/__trashed\/domestic-fair-trade-2\/","og_locale":"fr_FR","og_type":"article","og_title":"Tessa - Swiss Fair Trade","og_description":"Tessa, Paysanne du Tessin","og_url":"https:\/\/www.swissfairtrade.ch\/fr\/champs-d-actions\/centre-de-competences-3\/domestic-fair-trade-2\/__trashed\/domestic-fair-trade-2\/","og_site_name":"Swiss Fair Trade","og_image":[{"width":1024,"height":768,"url":"https:\/\/www.swissfairtrade.ch\/wp-content\/uploads\/Portrait-Tessa-1024x768.jpg","type":"image\/jpeg"}],"twitter_card":"summary_large_image","twitter_misc":{"Dur\u00e9e de lecture estim\u00e9e":"2 minutes"},"schema":{"@context":"https:\/\/schema.org","@graph":[{"@type":"WebPage","@id":"https:\/\/www.swissfairtrade.ch\/fr\/champs-d-actions\/centre-de-competences-3\/domestic-fair-trade-2\/__trashed\/domestic-fair-trade-2\/","url":"https:\/\/www.swissfairtrade.ch\/fr\/champs-d-actions\/centre-de-competences-3\/domestic-fair-trade-2\/__trashed\/domestic-fair-trade-2\/","name":"Tessa - Swiss Fair Trade","isPartOf":{"@id":"https:\/\/www.swissfairtrade.ch\/it\/#website"},"primaryImageOfPage":{"@id":"https:\/\/www.swissfairtrade.ch\/fr\/champs-d-actions\/centre-de-competences-3\/domestic-fair-trade-2\/__trashed\/domestic-fair-trade-2\/#primaryimage"},"image":{"@id":"https:\/\/www.swissfairtrade.ch\/fr\/champs-d-actions\/centre-de-competences-3\/domestic-fair-trade-2\/__trashed\/domestic-fair-trade-2\/#primaryimage"},"thumbnailUrl":"https:\/\/www.swissfairtrade.ch\/wp-content\/uploads\/Portrait-Tessa.jpg","datePublished":"2019-05-06T15:35:11+00:00","breadcrumb":{"@id":"https:\/\/www.swissfairtrade.ch\/fr\/champs-d-actions\/centre-de-competences-3\/domestic-fair-trade-2\/__trashed\/domestic-fair-trade-2\/#breadcrumb"},"inLanguage":"fr-FR","potentialAction":[{"@type":"ReadAction","target":["https:\/\/www.swissfairtrade.ch\/fr\/champs-d-actions\/centre-de-competences-3\/domestic-fair-trade-2\/__trashed\/domestic-fair-trade-2\/"]}]},{"@type":"ImageObject","inLanguage":"fr-FR","@id":"https:\/\/www.swissfairtrade.ch\/fr\/champs-d-actions\/centre-de-competences-3\/domestic-fair-trade-2\/__trashed\/domestic-fair-trade-2\/#primaryimage","url":"https:\/\/www.swissfairtrade.ch\/wp-content\/uploads\/Portrait-Tessa.jpg","contentUrl":"https:\/\/www.swissfairtrade.ch\/wp-content\/uploads\/Portrait-Tessa.jpg","width":4128,"height":3096},{"@type":"BreadcrumbList","@id":"https:\/\/www.swissfairtrade.ch\/fr\/champs-d-actions\/centre-de-competences-3\/domestic-fair-trade-2\/__trashed\/domestic-fair-trade-2\/#breadcrumb","itemListElement":[{"@type":"ListItem","position":1,"name":"Home","item":"https:\/\/www.swissfairtrade.ch\/fr\/"},{"@type":"ListItem","position":2,"name":"Champs d\u2019actions","item":"https:\/\/www.swissfairtrade.ch\/fr\/champs-d-actions\/"},{"@type":"ListItem","position":3,"name":"Centre de comp\u00e9tences","item":"https:\/\/www.swissfairtrade.ch\/fr\/champs-d-actions\/centre-de-competences-3\/"},{"@type":"ListItem","position":4,"name":"Domestic Fair Trade","item":"https:\/\/www.swissfairtrade.ch\/fr\/champs-d-actions\/centre-de-competences-3\/domestic-fair-trade-2\/"},{"@type":"ListItem","position":5,"name":"Paysans d&rsquo;ici et d&rsquo;ailleurs","item":"https:\/\/www.swissfairtrade.ch\/fr\/champs-d-actions\/centre-de-competences-3\/domestic-fair-trade-2\/__trashed\/"},{"@type":"ListItem","position":6,"name":"Tessa"}]},{"@type":"WebSite","@id":"https:\/\/www.swissfairtrade.ch\/it\/#website","url":"https:\/\/www.swissfairtrade.ch\/it\/","name":"Swiss Fair Trade","description":"","publisher":{"@id":"https:\/\/www.swissfairtrade.ch\/it\/#organization"},"potentialAction":[{"@type":"SearchAction","target":{"@type":"EntryPoint","urlTemplate":"https:\/\/www.swissfairtrade.ch\/it\/?s={search_term_string}"},"query-input":{"@type":"PropertyValueSpecification","valueRequired":true,"valueName":"search_term_string"}}],"inLanguage":"fr-FR"},{"@type":"Organization","@id":"https:\/\/www.swissfairtrade.ch\/it\/#organization","name":"Swiss Fair Trade","url":"https:\/\/www.swissfairtrade.ch\/it\/","logo":{"@type":"ImageObject","inLanguage":"fr-FR","@id":"https:\/\/www.swissfairtrade.ch\/it\/#\/schema\/logo\/image\/","url":"https:\/\/www.swissfairtrade.ch\/wp-content\/uploads\/SwissFairTrade-Logo-rgb-203.51.59-web.png","contentUrl":"https:\/\/www.swissfairtrade.ch\/wp-content\/uploads\/SwissFairTrade-Logo-rgb-203.51.59-web.png","width":130,"height":115,"caption":"Swiss Fair Trade"},"image":{"@id":"https:\/\/www.swissfairtrade.ch\/it\/#\/schema\/logo\/image\/"}}]}},"_links":{"self":[{"href":"https:\/\/www.swissfairtrade.ch\/fr\/wp-json\/wp\/v2\/pages\/6037","targetHints":{"allow":["GET"]}}],"collection":[{"href":"https:\/\/www.swissfairtrade.ch\/fr\/wp-json\/wp\/v2\/pages"}],"about":[{"href":"https:\/\/www.swissfairtrade.ch\/fr\/wp-json\/wp\/v2\/types\/page"}],"author":[{"embeddable":true,"href":"https:\/\/www.swissfairtrade.ch\/fr\/wp-json\/wp\/v2\/users\/3"}],"replies":[{"embeddable":true,"href":"https:\/\/www.swissfairtrade.ch\/fr\/wp-json\/wp\/v2\/comments?post=6037"}],"version-history":[{"count":0,"href":"https:\/\/www.swissfairtrade.ch\/fr\/wp-json\/wp\/v2\/pages\/6037\/revisions"}],"up":[{"embeddable":true,"href":"https:\/\/www.swissfairtrade.ch\/fr\/wp-json\/wp\/v2\/pages\/6215"}],"wp:featuredmedia":[{"embeddable":true,"href":"https:\/\/www.swissfairtrade.ch\/fr\/wp-json\/wp\/v2\/media\/5948"}],"wp:attachment":[{"href":"https:\/\/www.swissfairtrade.ch\/fr\/wp-json\/wp\/v2\/media?parent=6037"}],"wp:term":[{"taxonomy":"hauptseiten-kategorie","embeddable":true,"href":"https:\/\/www.swissfairtrade.ch\/fr\/wp-json\/wp\/v2\/hauptseiten-kategorie?post=6037"}],"curies":[{"name":"wp","href":"https:\/\/api.w.org\/{rel}","templated":true}]}}