{"id":5590,"date":"2019-04-02T12:33:35","date_gmt":"2019-04-02T10:33:35","guid":{"rendered":"https:\/\/www.swissfairtrade.ch\/?page_id=5590"},"modified":"2021-01-28T09:41:40","modified_gmt":"2021-01-28T08:41:40","slug":"mitglieder-filter-alternative-2","status":"publish","type":"page","link":"https:\/\/www.swissfairtrade.ch\/fr\/membres-2-2\/mitglieder-filter-alternative-2\/","title":{"rendered":"Mitglieder (Filter) FR"},"content":{"rendered":"<div class=\"wpb-content-wrapper\"><p>[vc_row full_width=\u00a0\u00bbstretch_row\u00a0\u00bb content_placement=\u00a0\u00bbbottom\u00a0\u00bb parallax=\u00a0\u00bbcontent-moving-fade\u00a0\u00bb parallax_image=\u00a0\u00bb2959&Prime; css=\u00a0\u00bb.vc_custom_1534757926682{background: rgba(196,196,196,0.71) url(https:\/\/www.swissfairtrade.ch\/wp-content\/uploads\/tea-leaves-139617_1920.jpg?id=2233);background-position: center;background-repeat: no-repeat !important;background-size: cover !important;*background-color: rgb(196,196,196) !important;}\u00a0\u00bb el_class=\u00a0\u00bbheader\u00a0\u00bb][vc_column][vc_column_text el_class=\u00a0\u00bbtxt-white\u00a0\u00bb]<\/p>\n<div class=\"annot\">\n<div class=\"row-main\">\n<div class=\"text\">\n<h1 class=\"csc-firstHeader\">Nos membres.<\/h1>\n<\/div>\n<\/div>\n<\/div>\n<p>[\/vc_column_text][\/vc_column][\/vc_row][vc_row][vc_column][vc_column_text]<\/p>\n<div class=\"wpb_text_column wpb_content_element \">\n<div class=\"wpb_wrapper\">\n<h2>Membres et partenaires<\/h2>\n<\/div>\n<\/div>\n<p>[\/vc_column_text][vc_column_text]La mission de Swiss Fair Trade et de ses membres est la promotion du commerce \u00e9quitable en Suisse.[\/vc_column_text][vc_basic_grid post_type=\u00a0\u00bbpost\u00a0\u00bb max_items=\u00a0\u00bb-1&Prime; show_filter=\u00a0\u00bbyes\u00a0\u00bb element_width=\u00a0\u00bb3&Prime; orderby=\u00a0\u00bbtitle\u00a0\u00bb order=\u00a0\u00bbASC\u00a0\u00bb filter_style=\u00a0\u00bbdropdown\u00a0\u00bb filter_default_title=\u00a0\u00bb\u00a0\u00bb filter_color=\u00a0\u00bbpink\u00a0\u00bb item=\u00a0\u00bb5326&Prime; grid_id=\u00a0\u00bbvc_gid:1611823258736-8281c957-6c61-1&Prime; filter_source=\u00a0\u00bbcategory\u00a0\u00bb exclude_filter=\u00a0\u00bb234, 251, 274, 252&Prime; taxonomies=\u00a0\u00bb274&Prime;][\/vc_column][\/vc_row][vc_row][vc_column][vc_empty_space height=\u00a0\u00bb50px\u00a0\u00bb][vc_column_text]<span lang=\"fr-CH\">Si vous avez des questions ou des suggestions ou\u00a0si\u00a0<\/span><span lang=\"fr-CH\">encore\u00a0<\/span><span lang=\"fr-CH\">vous\u00a0<\/span><span lang=\"fr-CH\">voulez mieux conna\u00eetre nos membres<\/span><span lang=\"fr-CH\">, n&rsquo;h\u00e9sitez pas \u00e0 nous contacter \u00e0 l&rsquo;adresse\u00a0<a href=\"mailto:info@swissfairtrade.ch\" target=\"_blank\" rel=\"noopener noreferrer\" data-auth=\"NotApplicable\">info@swissfairtrade.ch<\/a>.<\/span>[\/vc_column_text][vc_separator][vc_column_text]Autres sujets[\/vc_column_text][\/vc_column][\/vc_row][vc_row][vc_column][vc_basic_grid post_type=\u00a0\u00bbpage\u00a0\u00bb max_items=\u00a0\u00bb-1&Prime; element_width=\u00a0\u00bb6&Prime; gap=\u00a0\u00bb10&Prime; item=\u00a0\u00bb1885&Prime; grid_id=\u00a0\u00bbvc_gid:1611823258739-c731b3f0-7ae3-6&Prime; taxonomies=\u00a0\u00bb232&Prime;][\/vc_column][\/vc_row][vc_row disable_element=\u00a0\u00bbyes\u00a0\u00bb][vc_column][\/vc_column][\/vc_row]<\/p>\n<\/div>","protected":false},"excerpt":{"rendered":"<p>[vc_row full_width=\u00a0\u00bbstretch_row\u00a0\u00bb content_placement=\u00a0\u00bbbottom\u00a0\u00bb parallax=\u00a0\u00bbcontent-moving-fade\u00a0\u00bb parallax_image=\u00a0\u00bb2959&Prime; css=\u00a0\u00bb.vc_custom_1534757926682{background: rgba(196,196,196,0.71) url(https:\/\/www.swissfairtrade.ch\/wp-content\/uploads\/tea-leaves-139617_1920.jpg?id=2233);background-position: center;background-repeat: no-repeat !important;background-size: cover !important;*background-color: rgb(196,196,196) !important;}\u00a0\u00bb el_class=\u00a0\u00bbheader\u00a0\u00bb][vc_column][vc_column_text el_class=\u00a0\u00bbtxt-white\u00a0\u00bb] Nos membres. [\/vc_column_text][\/vc_column][\/vc_row][vc_row][vc_column][vc_column_text] Membres et partenaires [\/vc_column_text][vc_column_text]La mission de Swiss Fair Trade et de ses membres est la promotion du commerce \u00e9quitable en Suisse.[\/vc_column_text][vc_basic_grid post_type=\u00a0\u00bbpost\u00a0\u00bb max_items=\u00a0\u00bb-1&Prime; show_filter=\u00a0\u00bbyes\u00a0\u00bb element_width=\u00a0\u00bb3&Prime; orderby=\u00a0\u00bbtitle\u00a0\u00bb order=\u00a0\u00bbASC\u00a0\u00bb filter_style=\u00a0\u00bbdropdown\u00a0\u00bb filter_default_title=\u00a0\u00bb\u00a0\u00bb filter_color=\u00a0\u00bbpink\u00a0\u00bb item=\u00a0\u00bb5326&Prime; grid_id=\u00a0\u00bbvc_gid:1611823258736-8281c957-6c61-1&Prime; filter_source=\u00a0\u00bbcategory\u00a0\u00bb exclude_filter=\u00a0\u00bb234, 251, &#8230; <a title=\"Mitglieder (Filter) FR\" class=\"read-more\" href=\"https:\/\/www.swissfairtrade.ch\/fr\/membres-2-2\/mitglieder-filter-alternative-2\/\" aria-label=\"En savoir plus sur Mitglieder (Filter) FR\">Read more<\/a><\/p>\n","protected":false},"author":1,"featured_media":0,"parent":3488,"menu_order":5,"comment_status":"closed","ping_status":"closed","template":"","meta":{"generate_page_header":"","footnotes":"","_links_to":"","_links_to_target":""},"hauptseiten-kategorie":[],"class_list":["post-5590","page","type-page","status-publish"],"yoast_head":"<!-- This site is optimized with the Yoast SEO plugin v26.2 - https:\/\/yoast.com\/wordpress\/plugins\/seo\/ -->\n<title>Mitglieder (Filter) FR - Swiss Fair Trade<\/title>\n<meta name=\"robots\" content=\"index, follow, max-snippet:-1, max-image-preview:large, max-video-preview:-1\" \/>\n<link rel=\"canonical\" href=\"https:\/\/www.swissfairtrade.ch\/fr\/membres-2-2\/mitglieder-filter-alternative-2\/\" \/>\n<meta property=\"og:locale\" content=\"fr_FR\" \/>\n<meta property=\"og:type\" content=\"article\" \/>\n<meta property=\"og:title\" content=\"Mitglieder (Filter) FR - Swiss Fair Trade\" \/>\n<meta property=\"og:description\" content=\"[vc_row full_width=\u00a0\u00bbstretch_row\u00a0\u00bb content_placement=\u00a0\u00bbbottom\u00a0\u00bb parallax=\u00a0\u00bbcontent-moving-fade\u00a0\u00bb parallax_image=\u00a0\u00bb2959&Prime; css=\u00a0\u00bb.vc_custom_1534757926682{background: rgba(196,196,196,0.71) url(https:\/\/www.swissfairtrade.ch\/wp-content\/uploads\/tea-leaves-139617_1920.jpg?id=2233);background-position: center;background-repeat: no-repeat !important;background-size: cover !important;*background-color: rgb(196,196,196) !important;}\u00a0\u00bb el_class=\u00a0\u00bbheader\u00a0\u00bb][vc_column][vc_column_text el_class=\u00a0\u00bbtxt-white\u00a0\u00bb] Nos membres. [\/vc_column_text][\/vc_column][\/vc_row][vc_row][vc_column][vc_column_text] Membres et partenaires [\/vc_column_text][vc_column_text]La mission de Swiss Fair Trade et de ses membres est la promotion du commerce \u00e9quitable en Suisse.[\/vc_column_text][vc_basic_grid post_type=\u00a0\u00bbpost\u00a0\u00bb max_items=\u00a0\u00bb-1&Prime; show_filter=\u00a0\u00bbyes\u00a0\u00bb element_width=\u00a0\u00bb3&Prime; orderby=\u00a0\u00bbtitle\u00a0\u00bb order=\u00a0\u00bbASC\u00a0\u00bb filter_style=\u00a0\u00bbdropdown\u00a0\u00bb filter_default_title=\u00a0\u00bb\u00a0\u00bb filter_color=\u00a0\u00bbpink\u00a0\u00bb item=\u00a0\u00bb5326&Prime; grid_id=\u00a0\u00bbvc_gid:1611823258736-8281c957-6c61-1&Prime; filter_source=\u00a0\u00bbcategory\u00a0\u00bb exclude_filter=\u00a0\u00bb234, 251, ... Read more\" \/>\n<meta property=\"og:url\" content=\"https:\/\/www.swissfairtrade.ch\/fr\/membres-2-2\/mitglieder-filter-alternative-2\/\" \/>\n<meta property=\"og:site_name\" content=\"Swiss Fair Trade\" \/>\n<meta property=\"article:modified_time\" content=\"2021-01-28T08:41:40+00:00\" \/>\n<meta name=\"twitter:card\" content=\"summary_large_image\" \/>\n<meta name=\"twitter:label1\" content=\"Dur\u00e9e de lecture estim\u00e9e\" \/>\n\t<meta name=\"twitter:data1\" content=\"1 minute\" \/>\n<script type=\"application\/ld+json\" class=\"yoast-schema-graph\">{\"@context\":\"https:\/\/schema.org\",\"@graph\":[{\"@type\":\"WebPage\",\"@id\":\"https:\/\/www.swissfairtrade.ch\/fr\/membres-2-2\/mitglieder-filter-alternative-2\/\",\"url\":\"https:\/\/www.swissfairtrade.ch\/fr\/membres-2-2\/mitglieder-filter-alternative-2\/\",\"name\":\"Mitglieder (Filter) FR - Swiss Fair Trade\",\"isPartOf\":{\"@id\":\"https:\/\/www.swissfairtrade.ch\/it\/#website\"},\"datePublished\":\"2019-04-02T10:33:35+00:00\",\"dateModified\":\"2021-01-28T08:41:40+00:00\",\"breadcrumb\":{\"@id\":\"https:\/\/www.swissfairtrade.ch\/fr\/membres-2-2\/mitglieder-filter-alternative-2\/#breadcrumb\"},\"inLanguage\":\"fr-FR\",\"potentialAction\":[{\"@type\":\"ReadAction\",\"target\":[\"https:\/\/www.swissfairtrade.ch\/fr\/membres-2-2\/mitglieder-filter-alternative-2\/\"]}]},{\"@type\":\"BreadcrumbList\",\"@id\":\"https:\/\/www.swissfairtrade.ch\/fr\/membres-2-2\/mitglieder-filter-alternative-2\/#breadcrumb\",\"itemListElement\":[{\"@type\":\"ListItem\",\"position\":1,\"name\":\"Home\",\"item\":\"https:\/\/www.swissfairtrade.ch\/fr\/\"},{\"@type\":\"ListItem\",\"position\":2,\"name\":\"Membres\",\"item\":\"https:\/\/www.swissfairtrade.ch\/fr\/membres-2-2\/\"},{\"@type\":\"ListItem\",\"position\":3,\"name\":\"Mitglieder (Filter) FR\"}]},{\"@type\":\"WebSite\",\"@id\":\"https:\/\/www.swissfairtrade.ch\/it\/#website\",\"url\":\"https:\/\/www.swissfairtrade.ch\/it\/\",\"name\":\"Swiss Fair Trade\",\"description\":\"\",\"publisher\":{\"@id\":\"https:\/\/www.swissfairtrade.ch\/it\/#organization\"},\"potentialAction\":[{\"@type\":\"SearchAction\",\"target\":{\"@type\":\"EntryPoint\",\"urlTemplate\":\"https:\/\/www.swissfairtrade.ch\/it\/?s={search_term_string}\"},\"query-input\":{\"@type\":\"PropertyValueSpecification\",\"valueRequired\":true,\"valueName\":\"search_term_string\"}}],\"inLanguage\":\"fr-FR\"},{\"@type\":\"Organization\",\"@id\":\"https:\/\/www.swissfairtrade.ch\/it\/#organization\",\"name\":\"Swiss Fair Trade\",\"url\":\"https:\/\/www.swissfairtrade.ch\/it\/\",\"logo\":{\"@type\":\"ImageObject\",\"inLanguage\":\"fr-FR\",\"@id\":\"https:\/\/www.swissfairtrade.ch\/it\/#\/schema\/logo\/image\/\",\"url\":\"https:\/\/www.swissfairtrade.ch\/wp-content\/uploads\/SwissFairTrade-Logo-rgb-203.51.59-web.png\",\"contentUrl\":\"https:\/\/www.swissfairtrade.ch\/wp-content\/uploads\/SwissFairTrade-Logo-rgb-203.51.59-web.png\",\"width\":130,\"height\":115,\"caption\":\"Swiss Fair Trade\"},\"image\":{\"@id\":\"https:\/\/www.swissfairtrade.ch\/it\/#\/schema\/logo\/image\/\"}}]}<\/script>\n<!-- \/ Yoast SEO plugin. -->","yoast_head_json":{"title":"Mitglieder (Filter) FR - Swiss Fair Trade","robots":{"index":"index","follow":"follow","max-snippet":"max-snippet:-1","max-image-preview":"max-image-preview:large","max-video-preview":"max-video-preview:-1"},"canonical":"https:\/\/www.swissfairtrade.ch\/fr\/membres-2-2\/mitglieder-filter-alternative-2\/","og_locale":"fr_FR","og_type":"article","og_title":"Mitglieder (Filter) FR - Swiss Fair Trade","og_description":"[vc_row full_width=\u00a0\u00bbstretch_row\u00a0\u00bb content_placement=\u00a0\u00bbbottom\u00a0\u00bb parallax=\u00a0\u00bbcontent-moving-fade\u00a0\u00bb parallax_image=\u00a0\u00bb2959&Prime; css=\u00a0\u00bb.vc_custom_1534757926682{background: rgba(196,196,196,0.71) url(https:\/\/www.swissfairtrade.ch\/wp-content\/uploads\/tea-leaves-139617_1920.jpg?id=2233);background-position: center;background-repeat: no-repeat !important;background-size: cover !important;*background-color: rgb(196,196,196) !important;}\u00a0\u00bb el_class=\u00a0\u00bbheader\u00a0\u00bb][vc_column][vc_column_text el_class=\u00a0\u00bbtxt-white\u00a0\u00bb] Nos membres. [\/vc_column_text][\/vc_column][\/vc_row][vc_row][vc_column][vc_column_text] Membres et partenaires [\/vc_column_text][vc_column_text]La mission de Swiss Fair Trade et de ses membres est la promotion du commerce \u00e9quitable en Suisse.[\/vc_column_text][vc_basic_grid post_type=\u00a0\u00bbpost\u00a0\u00bb max_items=\u00a0\u00bb-1&Prime; show_filter=\u00a0\u00bbyes\u00a0\u00bb element_width=\u00a0\u00bb3&Prime; orderby=\u00a0\u00bbtitle\u00a0\u00bb order=\u00a0\u00bbASC\u00a0\u00bb filter_style=\u00a0\u00bbdropdown\u00a0\u00bb filter_default_title=\u00a0\u00bb\u00a0\u00bb filter_color=\u00a0\u00bbpink\u00a0\u00bb item=\u00a0\u00bb5326&Prime; grid_id=\u00a0\u00bbvc_gid:1611823258736-8281c957-6c61-1&Prime; filter_source=\u00a0\u00bbcategory\u00a0\u00bb exclude_filter=\u00a0\u00bb234, 251, ... Read more","og_url":"https:\/\/www.swissfairtrade.ch\/fr\/membres-2-2\/mitglieder-filter-alternative-2\/","og_site_name":"Swiss Fair Trade","article_modified_time":"2021-01-28T08:41:40+00:00","twitter_card":"summary_large_image","twitter_misc":{"Dur\u00e9e de lecture estim\u00e9e":"1 minute"},"schema":{"@context":"https:\/\/schema.org","@graph":[{"@type":"WebPage","@id":"https:\/\/www.swissfairtrade.ch\/fr\/membres-2-2\/mitglieder-filter-alternative-2\/","url":"https:\/\/www.swissfairtrade.ch\/fr\/membres-2-2\/mitglieder-filter-alternative-2\/","name":"Mitglieder (Filter) FR - Swiss Fair Trade","isPartOf":{"@id":"https:\/\/www.swissfairtrade.ch\/it\/#website"},"datePublished":"2019-04-02T10:33:35+00:00","dateModified":"2021-01-28T08:41:40+00:00","breadcrumb":{"@id":"https:\/\/www.swissfairtrade.ch\/fr\/membres-2-2\/mitglieder-filter-alternative-2\/#breadcrumb"},"inLanguage":"fr-FR","potentialAction":[{"@type":"ReadAction","target":["https:\/\/www.swissfairtrade.ch\/fr\/membres-2-2\/mitglieder-filter-alternative-2\/"]}]},{"@type":"BreadcrumbList","@id":"https:\/\/www.swissfairtrade.ch\/fr\/membres-2-2\/mitglieder-filter-alternative-2\/#breadcrumb","itemListElement":[{"@type":"ListItem","position":1,"name":"Home","item":"https:\/\/www.swissfairtrade.ch\/fr\/"},{"@type":"ListItem","position":2,"name":"Membres","item":"https:\/\/www.swissfairtrade.ch\/fr\/membres-2-2\/"},{"@type":"ListItem","position":3,"name":"Mitglieder (Filter) FR"}]},{"@type":"WebSite","@id":"https:\/\/www.swissfairtrade.ch\/it\/#website","url":"https:\/\/www.swissfairtrade.ch\/it\/","name":"Swiss Fair Trade","description":"","publisher":{"@id":"https:\/\/www.swissfairtrade.ch\/it\/#organization"},"potentialAction":[{"@type":"SearchAction","target":{"@type":"EntryPoint","urlTemplate":"https:\/\/www.swissfairtrade.ch\/it\/?s={search_term_string}"},"query-input":{"@type":"PropertyValueSpecification","valueRequired":true,"valueName":"search_term_string"}}],"inLanguage":"fr-FR"},{"@type":"Organization","@id":"https:\/\/www.swissfairtrade.ch\/it\/#organization","name":"Swiss Fair Trade","url":"https:\/\/www.swissfairtrade.ch\/it\/","logo":{"@type":"ImageObject","inLanguage":"fr-FR","@id":"https:\/\/www.swissfairtrade.ch\/it\/#\/schema\/logo\/image\/","url":"https:\/\/www.swissfairtrade.ch\/wp-content\/uploads\/SwissFairTrade-Logo-rgb-203.51.59-web.png","contentUrl":"https:\/\/www.swissfairtrade.ch\/wp-content\/uploads\/SwissFairTrade-Logo-rgb-203.51.59-web.png","width":130,"height":115,"caption":"Swiss Fair Trade"},"image":{"@id":"https:\/\/www.swissfairtrade.ch\/it\/#\/schema\/logo\/image\/"}}]}},"_links":{"self":[{"href":"https:\/\/www.swissfairtrade.ch\/fr\/wp-json\/wp\/v2\/pages\/5590","targetHints":{"allow":["GET"]}}],"collection":[{"href":"https:\/\/www.swissfairtrade.ch\/fr\/wp-json\/wp\/v2\/pages"}],"about":[{"href":"https:\/\/www.swissfairtrade.ch\/fr\/wp-json\/wp\/v2\/types\/page"}],"author":[{"embeddable":true,"href":"https:\/\/www.swissfairtrade.ch\/fr\/wp-json\/wp\/v2\/users\/1"}],"replies":[{"embeddable":true,"href":"https:\/\/www.swissfairtrade.ch\/fr\/wp-json\/wp\/v2\/comments?post=5590"}],"version-history":[{"count":0,"href":"https:\/\/www.swissfairtrade.ch\/fr\/wp-json\/wp\/v2\/pages\/5590\/revisions"}],"up":[{"embeddable":true,"href":"https:\/\/www.swissfairtrade.ch\/fr\/wp-json\/wp\/v2\/pages\/3488"}],"wp:attachment":[{"href":"https:\/\/www.swissfairtrade.ch\/fr\/wp-json\/wp\/v2\/media?parent=5590"}],"wp:term":[{"taxonomy":"hauptseiten-kategorie","embeddable":true,"href":"https:\/\/www.swissfairtrade.ch\/fr\/wp-json\/wp\/v2\/hauptseiten-kategorie?post=5590"}],"curies":[{"name":"wp","href":"https:\/\/api.w.org\/{rel}","templated":true}]}}