{"id":5193,"date":"2021-07-12T15:09:28","date_gmt":"2021-07-12T13:09:28","guid":{"rendered":"https:\/\/www.swissfairtrade.ch\/?page_id=5193"},"modified":"2025-09-24T08:57:06","modified_gmt":"2025-09-24T06:57:06","slug":"devenir-supporter","status":"publish","type":"page","link":"https:\/\/www.swissfairtrade.ch\/fr\/membres-2-2\/devenir-supporter\/","title":{"rendered":"Devenir supporter"},"content":{"rendered":"<div class=\"wpb-content-wrapper\"><p>[vc_row full_width=\u00a0\u00bbstretch_row\u00a0\u00bb content_placement=\u00a0\u00bbbottom\u00a0\u00bb parallax=\u00a0\u00bbcontent-moving-fade\u00a0\u00bb parallax_image=\u00a0\u00bb2959&Prime; css=\u00a0\u00bb.vc_custom_1626165379402{background: rgba(196,196,196,0.71) url(https:\/\/www.swissfairtrade.ch\/wp-content\/uploads\/Pflanze-Hand-scaled.jpg?id=10149);background-position: center;background-repeat: no-repeat !important;background-size: cover !important;*background-color: rgb(196,196,196) !important;}\u00a0\u00bb el_class=\u00a0\u00bbheader\u00a0\u00bb][vc_column][vc_column_text el_class=\u00a0\u00bbtxt-white\u00a0\u00bb]<\/p>\n<div class=\"annot\">\n<div class=\"row-main\">\n<div class=\"text\">\n<h1>Devenir supporter<\/h1>\n<h2 class=\"big\">Pour fortifier le commerce equitable.<\/h2>\n<\/div>\n<\/div>\n<\/div>\n<p>[\/vc_column_text][\/vc_column][\/vc_row][vc_row][vc_column][vc_column_text]La mission de Swiss Fair Trade est la promotion du commerce \u00e9quitable en Suisse, le renforcement de ses structures et l&rsquo;\u00e9tablissement d&rsquo;exigence et de normes exigeantes en la mati\u00e8re.<\/p>\n<p class=\"bodytext\"><b>Ce que vous offrira l\u2019adh\u00e9sion \u00e0 Swiss Fair Trade:<\/b><\/p>\n<p>Les supporters b\u00e9n\u00e9ficient en principe des m\u00eames avantages que les membres. Cependant, ils n&rsquo;ont pas le droit de voter \u00e0 l&rsquo;assembl\u00e9e g\u00e9n\u00e9rale et ne sont pas soumis au m\u00eame processus d&rsquo;audit que les membres. Ce type convient donc aux entreprises orient\u00e9es vers le d\u00e9veloppement durable qui proposent des produits issus du commerce \u00e9quitable mais qui ne consid\u00e8rent pas le commerce \u00e9quitable comme une t\u00e2che essentielle. Les avantages concrets sont les suivants :<\/p>\n<ul>\n<li>Participation active au d\u00e9veloppement du commerce \u00e9quitable en Suisse<\/li>\n<li>\u00c9change d&rsquo;expertise entre les membres de l\u2019organisation actifs dans diff\u00e9rents secteurs<\/li>\n<li>Porte-parole unique pour le public, les entreprises et la politique<\/li>\n<li>Lobbying politique pour mettre en place de meilleures conditions-cadres dans le droit suisse et dans la soci\u00e9t\u00e9<\/li>\n<li>Se faire conna\u00eetre dans le public au travers de la campagne Fair Trade Town<\/li>\n<li>Suivre la presse et b\u00e9n\u00e9ficier de conditions avantageuses pour transf\u00e9rer des fonds \u00e0 vos partenaires<\/li>\n<\/ul>\n<p>[\/vc_column_text][vc_column_text]<\/p>\n<p class=\"bodytext\"><strong>Les trois \u00e9tapes pour soutenir Swiss Fair Trade:<\/strong><\/p>\n<ol>\n<li>T\u00e9l\u00e9chargez <a href=\"https:\/\/www.swissfairtrade.ch\/wp-content\/uploads\/Swiss-Fair-Trade-Untersuetzer-Antrag_Fromular2019_F.docx\" target=\"_blank\" rel=\"noopener\">le formulaire de demande<\/a> . Remplissez-le, d\u00e9crivez votre motivation et envoyez-nous les deux \u00e0 l&rsquo;adresse <a href=\"mailto:info@swissfairtrade.ch\">info@swissfairtrade.ch<\/a>.<\/li>\n<li>Nous serons heureux d&rsquo;examiner votre demande et de vous consulter.<\/li>\n<li>Le comit\u00e9 d\u00e9cide de l&rsquo;admission lors de sa prochaine r\u00e9union.<\/li>\n<\/ol>\n<p>Les contributions en tant que supporter sont d\u00e9finies en fonction du montant du chiffre d&rsquo;affaires et commencent \u00e0 Fr. 200 par an.<br \/>\nPour d&rsquo;autres questions et pour recevoir des informations d\u00e9taill\u00e9es veuillez s&rsquo;il vous pla\u00eet contacter M. Philipp Scheidiger, Secr\u00e9taire g\u00e9n\u00e9ral de Swiss Fair Trade, qui sera heureux de vous aider.[\/vc_column_text][\/vc_column][\/vc_row][vc_row][vc_column][vc_empty_space height=\u00a0\u00bb50px\u00a0\u00bb][vc_separator][vc_column_text]Autres sujets[\/vc_column_text][vc_basic_grid post_type=\u00a0\u00bbpage\u00a0\u00bb max_items=\u00a0\u00bb-1&Prime; element_width=\u00a0\u00bb6&Prime; gap=\u00a0\u00bb10&Prime; item=\u00a0\u00bb1885&Prime; css=\u00a0\u00bb\u00a0\u00bb grid_id=\u00a0\u00bbvc_gid:1758696987862-abbe72e2-4c5e-8&Prime; taxonomies=\u00a0\u00bb232&Prime; el_id=\u00a0\u00bbhoverColor\u00a0\u00bb][\/vc_column][\/vc_row]<\/p>\n<\/div>","protected":false},"excerpt":{"rendered":"<p>Devenez supporter<\/p>\n","protected":false},"author":3,"featured_media":10149,"parent":3488,"menu_order":1,"comment_status":"closed","ping_status":"closed","template":"","meta":{"generate_page_header":"","footnotes":"","_links_to":"","_links_to_target":""},"hauptseiten-kategorie":[232],"class_list":{"0":"post-5193","1":"page","2":"type-page","3":"status-publish","4":"has-post-thumbnail","6":"hauptseiten-kategorie-mitglieder"},"yoast_head":"<!-- This site is optimized with the Yoast SEO plugin v26.2 - https:\/\/yoast.com\/wordpress\/plugins\/seo\/ -->\n<title>Devenir supporter - Swiss Fair Trade<\/title>\n<meta name=\"robots\" content=\"index, follow, max-snippet:-1, max-image-preview:large, max-video-preview:-1\" \/>\n<link rel=\"canonical\" href=\"https:\/\/www.swissfairtrade.ch\/fr\/membres-2-2\/devenir-supporter\/\" \/>\n<meta property=\"og:locale\" content=\"fr_FR\" \/>\n<meta property=\"og:type\" content=\"article\" \/>\n<meta property=\"og:title\" content=\"Devenir supporter - Swiss Fair Trade\" \/>\n<meta property=\"og:description\" content=\"Devenez supporter\" \/>\n<meta property=\"og:url\" content=\"https:\/\/www.swissfairtrade.ch\/fr\/membres-2-2\/devenir-supporter\/\" \/>\n<meta property=\"og:site_name\" content=\"Swiss Fair Trade\" \/>\n<meta property=\"article:modified_time\" content=\"2025-09-24T06:57:06+00:00\" \/>\n<meta property=\"og:image\" content=\"https:\/\/www.swissfairtrade.ch\/wp-content\/uploads\/Pflanze-Hand-scaled.jpg\" \/>\n\t<meta property=\"og:image:width\" content=\"2560\" \/>\n\t<meta property=\"og:image:height\" content=\"1707\" \/>\n\t<meta property=\"og:image:type\" content=\"image\/jpeg\" \/>\n<meta name=\"twitter:card\" content=\"summary_large_image\" \/>\n<meta name=\"twitter:label1\" content=\"Dur\u00e9e de lecture estim\u00e9e\" \/>\n\t<meta name=\"twitter:data1\" content=\"3 minutes\" \/>\n<script type=\"application\/ld+json\" class=\"yoast-schema-graph\">{\"@context\":\"https:\/\/schema.org\",\"@graph\":[{\"@type\":\"WebPage\",\"@id\":\"https:\/\/www.swissfairtrade.ch\/fr\/membres-2-2\/devenir-supporter\/\",\"url\":\"https:\/\/www.swissfairtrade.ch\/fr\/membres-2-2\/devenir-supporter\/\",\"name\":\"Devenir supporter - Swiss Fair Trade\",\"isPartOf\":{\"@id\":\"https:\/\/www.swissfairtrade.ch\/it\/#website\"},\"primaryImageOfPage\":{\"@id\":\"https:\/\/www.swissfairtrade.ch\/fr\/membres-2-2\/devenir-supporter\/#primaryimage\"},\"image\":{\"@id\":\"https:\/\/www.swissfairtrade.ch\/fr\/membres-2-2\/devenir-supporter\/#primaryimage\"},\"thumbnailUrl\":\"https:\/\/www.swissfairtrade.ch\/wp-content\/uploads\/Pflanze-Hand-scaled.jpg\",\"datePublished\":\"2021-07-12T13:09:28+00:00\",\"dateModified\":\"2025-09-24T06:57:06+00:00\",\"breadcrumb\":{\"@id\":\"https:\/\/www.swissfairtrade.ch\/fr\/membres-2-2\/devenir-supporter\/#breadcrumb\"},\"inLanguage\":\"fr-FR\",\"potentialAction\":[{\"@type\":\"ReadAction\",\"target\":[\"https:\/\/www.swissfairtrade.ch\/fr\/membres-2-2\/devenir-supporter\/\"]}]},{\"@type\":\"ImageObject\",\"inLanguage\":\"fr-FR\",\"@id\":\"https:\/\/www.swissfairtrade.ch\/fr\/membres-2-2\/devenir-supporter\/#primaryimage\",\"url\":\"https:\/\/www.swissfairtrade.ch\/wp-content\/uploads\/Pflanze-Hand-scaled.jpg\",\"contentUrl\":\"https:\/\/www.swissfairtrade.ch\/wp-content\/uploads\/Pflanze-Hand-scaled.jpg\",\"width\":2560,\"height\":1707},{\"@type\":\"BreadcrumbList\",\"@id\":\"https:\/\/www.swissfairtrade.ch\/fr\/membres-2-2\/devenir-supporter\/#breadcrumb\",\"itemListElement\":[{\"@type\":\"ListItem\",\"position\":1,\"name\":\"Home\",\"item\":\"https:\/\/www.swissfairtrade.ch\/fr\/\"},{\"@type\":\"ListItem\",\"position\":2,\"name\":\"Membres\",\"item\":\"https:\/\/www.swissfairtrade.ch\/fr\/membres-2-2\/\"},{\"@type\":\"ListItem\",\"position\":3,\"name\":\"Devenir supporter\"}]},{\"@type\":\"WebSite\",\"@id\":\"https:\/\/www.swissfairtrade.ch\/it\/#website\",\"url\":\"https:\/\/www.swissfairtrade.ch\/it\/\",\"name\":\"Swiss Fair Trade\",\"description\":\"\",\"publisher\":{\"@id\":\"https:\/\/www.swissfairtrade.ch\/it\/#organization\"},\"potentialAction\":[{\"@type\":\"SearchAction\",\"target\":{\"@type\":\"EntryPoint\",\"urlTemplate\":\"https:\/\/www.swissfairtrade.ch\/it\/?s={search_term_string}\"},\"query-input\":{\"@type\":\"PropertyValueSpecification\",\"valueRequired\":true,\"valueName\":\"search_term_string\"}}],\"inLanguage\":\"fr-FR\"},{\"@type\":\"Organization\",\"@id\":\"https:\/\/www.swissfairtrade.ch\/it\/#organization\",\"name\":\"Swiss Fair Trade\",\"url\":\"https:\/\/www.swissfairtrade.ch\/it\/\",\"logo\":{\"@type\":\"ImageObject\",\"inLanguage\":\"fr-FR\",\"@id\":\"https:\/\/www.swissfairtrade.ch\/it\/#\/schema\/logo\/image\/\",\"url\":\"https:\/\/www.swissfairtrade.ch\/wp-content\/uploads\/SwissFairTrade-Logo-rgb-203.51.59-web.png\",\"contentUrl\":\"https:\/\/www.swissfairtrade.ch\/wp-content\/uploads\/SwissFairTrade-Logo-rgb-203.51.59-web.png\",\"width\":130,\"height\":115,\"caption\":\"Swiss Fair Trade\"},\"image\":{\"@id\":\"https:\/\/www.swissfairtrade.ch\/it\/#\/schema\/logo\/image\/\"}}]}<\/script>\n<!-- \/ Yoast SEO plugin. -->","yoast_head_json":{"title":"Devenir supporter - Swiss Fair Trade","robots":{"index":"index","follow":"follow","max-snippet":"max-snippet:-1","max-image-preview":"max-image-preview:large","max-video-preview":"max-video-preview:-1"},"canonical":"https:\/\/www.swissfairtrade.ch\/fr\/membres-2-2\/devenir-supporter\/","og_locale":"fr_FR","og_type":"article","og_title":"Devenir supporter - Swiss Fair Trade","og_description":"Devenez supporter","og_url":"https:\/\/www.swissfairtrade.ch\/fr\/membres-2-2\/devenir-supporter\/","og_site_name":"Swiss Fair Trade","article_modified_time":"2025-09-24T06:57:06+00:00","og_image":[{"width":2560,"height":1707,"url":"https:\/\/www.swissfairtrade.ch\/wp-content\/uploads\/Pflanze-Hand-scaled.jpg","type":"image\/jpeg"}],"twitter_card":"summary_large_image","twitter_misc":{"Dur\u00e9e de lecture estim\u00e9e":"3 minutes"},"schema":{"@context":"https:\/\/schema.org","@graph":[{"@type":"WebPage","@id":"https:\/\/www.swissfairtrade.ch\/fr\/membres-2-2\/devenir-supporter\/","url":"https:\/\/www.swissfairtrade.ch\/fr\/membres-2-2\/devenir-supporter\/","name":"Devenir supporter - Swiss Fair Trade","isPartOf":{"@id":"https:\/\/www.swissfairtrade.ch\/it\/#website"},"primaryImageOfPage":{"@id":"https:\/\/www.swissfairtrade.ch\/fr\/membres-2-2\/devenir-supporter\/#primaryimage"},"image":{"@id":"https:\/\/www.swissfairtrade.ch\/fr\/membres-2-2\/devenir-supporter\/#primaryimage"},"thumbnailUrl":"https:\/\/www.swissfairtrade.ch\/wp-content\/uploads\/Pflanze-Hand-scaled.jpg","datePublished":"2021-07-12T13:09:28+00:00","dateModified":"2025-09-24T06:57:06+00:00","breadcrumb":{"@id":"https:\/\/www.swissfairtrade.ch\/fr\/membres-2-2\/devenir-supporter\/#breadcrumb"},"inLanguage":"fr-FR","potentialAction":[{"@type":"ReadAction","target":["https:\/\/www.swissfairtrade.ch\/fr\/membres-2-2\/devenir-supporter\/"]}]},{"@type":"ImageObject","inLanguage":"fr-FR","@id":"https:\/\/www.swissfairtrade.ch\/fr\/membres-2-2\/devenir-supporter\/#primaryimage","url":"https:\/\/www.swissfairtrade.ch\/wp-content\/uploads\/Pflanze-Hand-scaled.jpg","contentUrl":"https:\/\/www.swissfairtrade.ch\/wp-content\/uploads\/Pflanze-Hand-scaled.jpg","width":2560,"height":1707},{"@type":"BreadcrumbList","@id":"https:\/\/www.swissfairtrade.ch\/fr\/membres-2-2\/devenir-supporter\/#breadcrumb","itemListElement":[{"@type":"ListItem","position":1,"name":"Home","item":"https:\/\/www.swissfairtrade.ch\/fr\/"},{"@type":"ListItem","position":2,"name":"Membres","item":"https:\/\/www.swissfairtrade.ch\/fr\/membres-2-2\/"},{"@type":"ListItem","position":3,"name":"Devenir supporter"}]},{"@type":"WebSite","@id":"https:\/\/www.swissfairtrade.ch\/it\/#website","url":"https:\/\/www.swissfairtrade.ch\/it\/","name":"Swiss Fair Trade","description":"","publisher":{"@id":"https:\/\/www.swissfairtrade.ch\/it\/#organization"},"potentialAction":[{"@type":"SearchAction","target":{"@type":"EntryPoint","urlTemplate":"https:\/\/www.swissfairtrade.ch\/it\/?s={search_term_string}"},"query-input":{"@type":"PropertyValueSpecification","valueRequired":true,"valueName":"search_term_string"}}],"inLanguage":"fr-FR"},{"@type":"Organization","@id":"https:\/\/www.swissfairtrade.ch\/it\/#organization","name":"Swiss Fair Trade","url":"https:\/\/www.swissfairtrade.ch\/it\/","logo":{"@type":"ImageObject","inLanguage":"fr-FR","@id":"https:\/\/www.swissfairtrade.ch\/it\/#\/schema\/logo\/image\/","url":"https:\/\/www.swissfairtrade.ch\/wp-content\/uploads\/SwissFairTrade-Logo-rgb-203.51.59-web.png","contentUrl":"https:\/\/www.swissfairtrade.ch\/wp-content\/uploads\/SwissFairTrade-Logo-rgb-203.51.59-web.png","width":130,"height":115,"caption":"Swiss Fair Trade"},"image":{"@id":"https:\/\/www.swissfairtrade.ch\/it\/#\/schema\/logo\/image\/"}}]}},"_links":{"self":[{"href":"https:\/\/www.swissfairtrade.ch\/fr\/wp-json\/wp\/v2\/pages\/5193","targetHints":{"allow":["GET"]}}],"collection":[{"href":"https:\/\/www.swissfairtrade.ch\/fr\/wp-json\/wp\/v2\/pages"}],"about":[{"href":"https:\/\/www.swissfairtrade.ch\/fr\/wp-json\/wp\/v2\/types\/page"}],"author":[{"embeddable":true,"href":"https:\/\/www.swissfairtrade.ch\/fr\/wp-json\/wp\/v2\/users\/3"}],"replies":[{"embeddable":true,"href":"https:\/\/www.swissfairtrade.ch\/fr\/wp-json\/wp\/v2\/comments?post=5193"}],"version-history":[{"count":0,"href":"https:\/\/www.swissfairtrade.ch\/fr\/wp-json\/wp\/v2\/pages\/5193\/revisions"}],"up":[{"embeddable":true,"href":"https:\/\/www.swissfairtrade.ch\/fr\/wp-json\/wp\/v2\/pages\/3488"}],"wp:featuredmedia":[{"embeddable":true,"href":"https:\/\/www.swissfairtrade.ch\/fr\/wp-json\/wp\/v2\/media\/10149"}],"wp:attachment":[{"href":"https:\/\/www.swissfairtrade.ch\/fr\/wp-json\/wp\/v2\/media?parent=5193"}],"wp:term":[{"taxonomy":"hauptseiten-kategorie","embeddable":true,"href":"https:\/\/www.swissfairtrade.ch\/fr\/wp-json\/wp\/v2\/hauptseiten-kategorie?post=5193"}],"curies":[{"name":"wp","href":"https:\/\/api.w.org\/{rel}","templated":true}]}}