{"id":4030,"date":"2018-09-19T14:40:26","date_gmt":"2018-09-19T12:40:26","guid":{"rendered":"https:\/\/imagotest.ch\/swissfairtrade\/?page_id=4030"},"modified":"2023-09-22T15:39:35","modified_gmt":"2023-09-22T13:39:35","slug":"impressum","status":"publish","type":"page","link":"https:\/\/www.swissfairtrade.ch\/fr\/impressum\/","title":{"rendered":"Impressum"},"content":{"rendered":"<div class=\"wpb-content-wrapper\"><p>[vc_row][vc_column][vc_column_text]<\/p>\n<h3><strong>Impressum<\/strong><\/h3>\n<p><strong>Responsabilit\u00e9 g\u00e9n\u00e9rale<\/strong><\/p>\n<p>Swiss Fair Trade<br \/>\nMissionsstrasse 21<br \/>\nCH-4055 B\u00e2le<\/p>\n<p>+41 61 260 21 60<\/p>\n<p><a href=\"mailto:info@swissfairtrade.ch\" target=\"_blank\" rel=\"noopener\">info@swissfairtrade.ch<\/a><br \/>\n<a href=\"https:\/\/www.swissfairtrade.ch\/\" target=\"_blank\" rel=\"noopener\">www.swissfairtrade.ch<\/a><\/p>\n<p><strong>Concept et r\u00e9alisation technique<\/strong><\/p>\n<p>Swiss Fair Trade \/\u00a0<a href=\"https:\/\/imago-werbung.ch\/\">imago-werbung<\/a><\/p>\n<p><strong>Protection des donn\u00e9es<\/strong><\/p>\n<p>Swiss Fair Trade garantit l\u2019enti\u00e8re protection de vos donn\u00e9es personnelles qui ne seront en aucun cas transmises \u00e0 des tiers. Swiss Fair Trade ne se livre pas \u00e0 la vente, \u00e0 l\u2019\u00e9change ou \u00e0 toute autre utilisation ill\u00e9gitime de donn\u00e9es et d\u2019informations personnelles. Swiss Fair Trade se r\u00e9serve le droit d\u2019utiliser ces donn\u00e9es uniquement aux fins de fournir des informations sur la campagne Fair Trade Town et le commerce \u00e9quitable. En transmettant leurs donn\u00e9es, les utilisateurs de notre site acceptent les pr\u00e9sentes dispositions.<\/p>\n<p>Lors d\u2019une navigation g\u00e9n\u00e9rale sur le site www.swissfairtrade.ch, les seules informations collect\u00e9es sont anonymes et destin\u00e9es au journal du serveur internet : pages visit\u00e9es, hyperliens et adresses URL, heure et dur\u00e9e de la navigation. L\u2019analyse interne de ces statistiques nous permet d\u2019am\u00e9liorer le site www.fairtradetown.ch pour mieux r\u00e9pondre aux besoins des utilisateurs.<\/p>\n<p><strong>Droits d\u2019auteur<\/strong><\/p>\n<p>L\u2019utilisation du logo ou\/et de la marque Swiss Fair Trade sans autorisation est formellement interdite.<\/p>\n<p>Les droits d\u2019auteur et d\u2019utilisation (copyright) li\u00e9s aux textes, photographies et vid\u00e9os de Swiss Fair Trade sont sa propri\u00e9t\u00e9 exclusive ou celle des d\u00e9tenteurs express\u00e9ment cit\u00e9s. Toute reproduction, m\u00eame partielle, est soumise \u00e0 l\u2019autorisation \u00e9crite pr\u00e9alable du d\u00e9tenteur des droits. Veuillez-vous adresser \u00e0\u00a0<a href=\"mailto:information@fairtradetown.ch.\">info@swissfairtrade.ch<\/a>.<\/p>\n<p>&nbsp;<\/p>\n<p><strong>Responsabilit\u00e9<\/strong><\/p>\n<p>Le pr\u00e9sent site permet l\u2019acc\u00e8s de Swiss Fair Trade et de tiers \u00e0 des informations et \u00e0 des prestations. Swiss Fair Trade d\u00e9cline toute responsabilit\u00e9 quant aux contenus.<\/p>\n<p>Malgr\u00e9 la grande attention qu\u2019elle porte \u00e0 la justesse des informations publi\u00e9es sur ce site, Swiss Fair Trade ne peut fournir aucune assurance ni garantie quant \u00e0 l\u2019exhaustivit\u00e9, l\u2019exactitude et la fiabilit\u00e9 de ces informations.<\/p>\n<p>Ce site contient des renvois vers d\u2019autres sites. Swiss Fair Trade d\u00e9clare express\u00e9ment n\u2019avoir aucune influence sur le contenu et le fonctionnement de sites tiers et ne peut endosser aucune responsabilit\u00e9 \u00e0 cet \u00e9gard.<\/p>\n<p>Swiss Fair Trade avertit qu\u2019il existe un risque de virus ou de piratage informatiques et d\u00e9cline toute responsabilit\u00e9 pour des dommages caus\u00e9s par des tiers, des donn\u00e9es import\u00e9es de tout type (virus, vers, chevaux de Troie), ainsi que pour les liens renvoyant vers ou venant d\u2019autres sites.[\/vc_column_text][\/vc_column][\/vc_row]<\/p>\n<\/div>","protected":false},"excerpt":{"rendered":"<p>[vc_row][vc_column][vc_column_text] Impressum Responsabilit\u00e9 g\u00e9n\u00e9rale Swiss Fair Trade Missionsstrasse 21 CH-4055 B\u00e2le +41 61 260 21 60 info@swissfairtrade.ch www.swissfairtrade.ch Concept et r\u00e9alisation technique Swiss Fair Trade \/\u00a0imago-werbung Protection des donn\u00e9es Swiss Fair Trade garantit l\u2019enti\u00e8re protection de vos donn\u00e9es personnelles qui ne seront en aucun cas transmises \u00e0 des tiers. Swiss Fair Trade ne se livre &#8230; <a title=\"Impressum\" class=\"read-more\" href=\"https:\/\/www.swissfairtrade.ch\/fr\/impressum\/\" aria-label=\"En savoir plus sur Impressum\">Read more<\/a><\/p>\n","protected":false},"author":2,"featured_media":0,"parent":0,"menu_order":7,"comment_status":"closed","ping_status":"closed","template":"","meta":{"generate_page_header":"","footnotes":"","_links_to":"","_links_to_target":""},"hauptseiten-kategorie":[],"class_list":["post-4030","page","type-page","status-publish"],"yoast_head":"<!-- This site is optimized with the Yoast SEO plugin v26.2 - https:\/\/yoast.com\/wordpress\/plugins\/seo\/ -->\n<title>Impressum - Swiss Fair Trade<\/title>\n<meta name=\"robots\" content=\"index, follow, max-snippet:-1, max-image-preview:large, max-video-preview:-1\" \/>\n<link rel=\"canonical\" href=\"https:\/\/www.swissfairtrade.ch\/fr\/impressum\/\" \/>\n<meta property=\"og:locale\" content=\"fr_FR\" \/>\n<meta property=\"og:type\" content=\"article\" \/>\n<meta property=\"og:title\" content=\"Impressum - Swiss Fair Trade\" \/>\n<meta property=\"og:description\" content=\"[vc_row][vc_column][vc_column_text] Impressum Responsabilit\u00e9 g\u00e9n\u00e9rale Swiss Fair Trade Missionsstrasse 21 CH-4055 B\u00e2le +41 61 260 21 60 info@swissfairtrade.ch www.swissfairtrade.ch Concept et r\u00e9alisation technique Swiss Fair Trade \/\u00a0imago-werbung Protection des donn\u00e9es Swiss Fair Trade garantit l\u2019enti\u00e8re protection de vos donn\u00e9es personnelles qui ne seront en aucun cas transmises \u00e0 des tiers. Swiss Fair Trade ne se livre ... Read more\" \/>\n<meta property=\"og:url\" content=\"https:\/\/www.swissfairtrade.ch\/fr\/impressum\/\" \/>\n<meta property=\"og:site_name\" content=\"Swiss Fair Trade\" \/>\n<meta property=\"article:modified_time\" content=\"2023-09-22T13:39:35+00:00\" \/>\n<meta name=\"twitter:card\" content=\"summary_large_image\" \/>\n<meta name=\"twitter:label1\" content=\"Dur\u00e9e de lecture estim\u00e9e\" \/>\n\t<meta name=\"twitter:data1\" content=\"3 minutes\" \/>\n<script type=\"application\/ld+json\" class=\"yoast-schema-graph\">{\"@context\":\"https:\/\/schema.org\",\"@graph\":[{\"@type\":\"WebPage\",\"@id\":\"https:\/\/www.swissfairtrade.ch\/fr\/impressum\/\",\"url\":\"https:\/\/www.swissfairtrade.ch\/fr\/impressum\/\",\"name\":\"Impressum - Swiss Fair Trade\",\"isPartOf\":{\"@id\":\"https:\/\/www.swissfairtrade.ch\/it\/#website\"},\"datePublished\":\"2018-09-19T12:40:26+00:00\",\"dateModified\":\"2023-09-22T13:39:35+00:00\",\"breadcrumb\":{\"@id\":\"https:\/\/www.swissfairtrade.ch\/fr\/impressum\/#breadcrumb\"},\"inLanguage\":\"fr-FR\",\"potentialAction\":[{\"@type\":\"ReadAction\",\"target\":[\"https:\/\/www.swissfairtrade.ch\/fr\/impressum\/\"]}]},{\"@type\":\"BreadcrumbList\",\"@id\":\"https:\/\/www.swissfairtrade.ch\/fr\/impressum\/#breadcrumb\",\"itemListElement\":[{\"@type\":\"ListItem\",\"position\":1,\"name\":\"Home\",\"item\":\"https:\/\/www.swissfairtrade.ch\/fr\/\"},{\"@type\":\"ListItem\",\"position\":2,\"name\":\"Impressum\"}]},{\"@type\":\"WebSite\",\"@id\":\"https:\/\/www.swissfairtrade.ch\/it\/#website\",\"url\":\"https:\/\/www.swissfairtrade.ch\/it\/\",\"name\":\"Swiss Fair Trade\",\"description\":\"\",\"publisher\":{\"@id\":\"https:\/\/www.swissfairtrade.ch\/it\/#organization\"},\"potentialAction\":[{\"@type\":\"SearchAction\",\"target\":{\"@type\":\"EntryPoint\",\"urlTemplate\":\"https:\/\/www.swissfairtrade.ch\/it\/?s={search_term_string}\"},\"query-input\":{\"@type\":\"PropertyValueSpecification\",\"valueRequired\":true,\"valueName\":\"search_term_string\"}}],\"inLanguage\":\"fr-FR\"},{\"@type\":\"Organization\",\"@id\":\"https:\/\/www.swissfairtrade.ch\/it\/#organization\",\"name\":\"Swiss Fair Trade\",\"url\":\"https:\/\/www.swissfairtrade.ch\/it\/\",\"logo\":{\"@type\":\"ImageObject\",\"inLanguage\":\"fr-FR\",\"@id\":\"https:\/\/www.swissfairtrade.ch\/it\/#\/schema\/logo\/image\/\",\"url\":\"https:\/\/www.swissfairtrade.ch\/wp-content\/uploads\/SwissFairTrade-Logo-rgb-203.51.59-web.png\",\"contentUrl\":\"https:\/\/www.swissfairtrade.ch\/wp-content\/uploads\/SwissFairTrade-Logo-rgb-203.51.59-web.png\",\"width\":130,\"height\":115,\"caption\":\"Swiss Fair Trade\"},\"image\":{\"@id\":\"https:\/\/www.swissfairtrade.ch\/it\/#\/schema\/logo\/image\/\"}}]}<\/script>\n<!-- \/ Yoast SEO plugin. -->","yoast_head_json":{"title":"Impressum - Swiss Fair Trade","robots":{"index":"index","follow":"follow","max-snippet":"max-snippet:-1","max-image-preview":"max-image-preview:large","max-video-preview":"max-video-preview:-1"},"canonical":"https:\/\/www.swissfairtrade.ch\/fr\/impressum\/","og_locale":"fr_FR","og_type":"article","og_title":"Impressum - Swiss Fair Trade","og_description":"[vc_row][vc_column][vc_column_text] Impressum Responsabilit\u00e9 g\u00e9n\u00e9rale Swiss Fair Trade Missionsstrasse 21 CH-4055 B\u00e2le +41 61 260 21 60 info@swissfairtrade.ch www.swissfairtrade.ch Concept et r\u00e9alisation technique Swiss Fair Trade \/\u00a0imago-werbung Protection des donn\u00e9es Swiss Fair Trade garantit l\u2019enti\u00e8re protection de vos donn\u00e9es personnelles qui ne seront en aucun cas transmises \u00e0 des tiers. Swiss Fair Trade ne se livre ... Read more","og_url":"https:\/\/www.swissfairtrade.ch\/fr\/impressum\/","og_site_name":"Swiss Fair Trade","article_modified_time":"2023-09-22T13:39:35+00:00","twitter_card":"summary_large_image","twitter_misc":{"Dur\u00e9e de lecture estim\u00e9e":"3 minutes"},"schema":{"@context":"https:\/\/schema.org","@graph":[{"@type":"WebPage","@id":"https:\/\/www.swissfairtrade.ch\/fr\/impressum\/","url":"https:\/\/www.swissfairtrade.ch\/fr\/impressum\/","name":"Impressum - Swiss Fair Trade","isPartOf":{"@id":"https:\/\/www.swissfairtrade.ch\/it\/#website"},"datePublished":"2018-09-19T12:40:26+00:00","dateModified":"2023-09-22T13:39:35+00:00","breadcrumb":{"@id":"https:\/\/www.swissfairtrade.ch\/fr\/impressum\/#breadcrumb"},"inLanguage":"fr-FR","potentialAction":[{"@type":"ReadAction","target":["https:\/\/www.swissfairtrade.ch\/fr\/impressum\/"]}]},{"@type":"BreadcrumbList","@id":"https:\/\/www.swissfairtrade.ch\/fr\/impressum\/#breadcrumb","itemListElement":[{"@type":"ListItem","position":1,"name":"Home","item":"https:\/\/www.swissfairtrade.ch\/fr\/"},{"@type":"ListItem","position":2,"name":"Impressum"}]},{"@type":"WebSite","@id":"https:\/\/www.swissfairtrade.ch\/it\/#website","url":"https:\/\/www.swissfairtrade.ch\/it\/","name":"Swiss Fair Trade","description":"","publisher":{"@id":"https:\/\/www.swissfairtrade.ch\/it\/#organization"},"potentialAction":[{"@type":"SearchAction","target":{"@type":"EntryPoint","urlTemplate":"https:\/\/www.swissfairtrade.ch\/it\/?s={search_term_string}"},"query-input":{"@type":"PropertyValueSpecification","valueRequired":true,"valueName":"search_term_string"}}],"inLanguage":"fr-FR"},{"@type":"Organization","@id":"https:\/\/www.swissfairtrade.ch\/it\/#organization","name":"Swiss Fair Trade","url":"https:\/\/www.swissfairtrade.ch\/it\/","logo":{"@type":"ImageObject","inLanguage":"fr-FR","@id":"https:\/\/www.swissfairtrade.ch\/it\/#\/schema\/logo\/image\/","url":"https:\/\/www.swissfairtrade.ch\/wp-content\/uploads\/SwissFairTrade-Logo-rgb-203.51.59-web.png","contentUrl":"https:\/\/www.swissfairtrade.ch\/wp-content\/uploads\/SwissFairTrade-Logo-rgb-203.51.59-web.png","width":130,"height":115,"caption":"Swiss Fair Trade"},"image":{"@id":"https:\/\/www.swissfairtrade.ch\/it\/#\/schema\/logo\/image\/"}}]}},"_links":{"self":[{"href":"https:\/\/www.swissfairtrade.ch\/fr\/wp-json\/wp\/v2\/pages\/4030","targetHints":{"allow":["GET"]}}],"collection":[{"href":"https:\/\/www.swissfairtrade.ch\/fr\/wp-json\/wp\/v2\/pages"}],"about":[{"href":"https:\/\/www.swissfairtrade.ch\/fr\/wp-json\/wp\/v2\/types\/page"}],"author":[{"embeddable":true,"href":"https:\/\/www.swissfairtrade.ch\/fr\/wp-json\/wp\/v2\/users\/2"}],"replies":[{"embeddable":true,"href":"https:\/\/www.swissfairtrade.ch\/fr\/wp-json\/wp\/v2\/comments?post=4030"}],"version-history":[{"count":0,"href":"https:\/\/www.swissfairtrade.ch\/fr\/wp-json\/wp\/v2\/pages\/4030\/revisions"}],"wp:attachment":[{"href":"https:\/\/www.swissfairtrade.ch\/fr\/wp-json\/wp\/v2\/media?parent=4030"}],"wp:term":[{"taxonomy":"hauptseiten-kategorie","embeddable":true,"href":"https:\/\/www.swissfairtrade.ch\/fr\/wp-json\/wp\/v2\/hauptseiten-kategorie?post=4030"}],"curies":[{"name":"wp","href":"https:\/\/api.w.org\/{rel}","templated":true}]}}