{"id":3491,"date":"2018-08-30T10:32:08","date_gmt":"2018-08-30T08:32:08","guid":{"rendered":"https:\/\/imagotest.ch\/swissfairtrade\/?page_id=3491"},"modified":"2025-09-24T08:56:47","modified_gmt":"2025-09-24T06:56:47","slug":"devenir-membre-2","status":"publish","type":"page","link":"https:\/\/www.swissfairtrade.ch\/fr\/membres-2-2\/devenir-membre-2\/","title":{"rendered":"Devenir membre"},"content":{"rendered":"<div class=\"wpb-content-wrapper\"><p>[vc_row full_width=\u00a0\u00bbstretch_row\u00a0\u00bb content_placement=\u00a0\u00bbbottom\u00a0\u00bb parallax=\u00a0\u00bbcontent-moving-fade\u00a0\u00bb parallax_image=\u00a0\u00bb2959&Prime; css=\u00a0\u00bb.vc_custom_1600863166548{background: rgba(196,196,196,0.71) url(https:\/\/www.swissfairtrade.ch\/wp-content\/uploads\/handshake-2.jpg?id=8881);background-position: center;background-repeat: no-repeat !important;background-size: cover !important;*background-color: rgb(196,196,196) !important;}\u00a0\u00bb el_class=\u00a0\u00bbheader\u00a0\u00bb][vc_column][vc_column_text el_class=\u00a0\u00bbtxt-white\u00a0\u00bb]<\/p>\n<div class=\"annot\">\n<div class=\"row-main\">\n<div class=\"text\">\n<h1>Devenir membre<\/h1>\n<h2 class=\"big\">Pour fortifier le commerce \u00e9quitable.<\/h2>\n<\/div>\n<\/div>\n<\/div>\n<p>[\/vc_column_text][\/vc_column][\/vc_row][vc_row][vc_column][vc_column_text]La mission de Swiss Fair Trade est la promotion du commerce \u00e9quitable en Suisse, le renforcement de ses structures et l&rsquo;\u00e9tablissement d&rsquo;exigences et de normes exigeantes en la mati\u00e8re.<\/p>\n<p class=\"bodytext\">Le commerce \u00e9quitable permet \u00e0 de nombreux agriculteurs et petits producteurs et productrices des pays du Sud de s\u2019assurer un revenu suffisant pour subvenir \u00e0 leurs besoins.<\/p>\n<p class=\"bodytext\"><b>Ce que vous offre l\u2019adh\u00e9sion \u00e0 Swiss Fair Trade:<\/b><\/p>\n<ul>\n<li>Participation active au d\u00e9veloppement du commerce \u00e9quitable en Suisse.<\/li>\n<li>\u00c9changes d&rsquo;expertise entre les membres de l\u2019organisation actifs dans diff\u00e9rents secteurs.<\/li>\n<li>Mise \u00e0 disposition d\u2019un porte-parole unique pour le public, les entreprises et la politique.<\/li>\n<li>Lobbying politique pour mettre en place de meilleures conditions-cadres dans le droit suisse et dans la soci\u00e9t\u00e9.<\/li>\n<li>Sensibilisation du public au travers de la campagne Fair Trade Town.<\/li>\n<li>Argus des m\u00e9dias<\/li>\n<li>Aide pour b\u00e9n\u00e9ficier de conditions avantageuses pour transf\u00e9rer des fonds \u00e0 vos partenaires.<\/li>\n<\/ul>\n<p>[\/vc_column_text][vc_column_text]<\/p>\n<p class=\"bodytext\">Pour devenir membre, il est imp\u00e9ratif de s\u2019engager \u00e0 respecter les \u00ab<a href=\"https:\/\/www.swissfairtrade.ch\/wp-content\/uploads\/2015_Swiss_Fair_Trade_Standards_F_2_.pdf\" target=\"_blank\" rel=\"noopener noreferrer\">principes et standards\u00a0Swiss Fair Trade <\/a>\u00bb.<\/p>\n<p>Vous trouverez ici <a href=\"https:\/\/www.swissfairtrade.ch\/wp-content\/uploads\/2023_SFT-fuer-Neumitglieder__Unterstuetzer_F-2.pdf\" target=\"_blank\" rel=\"noopener\">un r\u00e9sum\u00e9 des principaux points et avantages<\/a> de l&rsquo;adh\u00e9sion, ainsi que le d\u00e9tail des cotisations annuelles.<\/p>\n<p class=\"bodytext\"><b>Les 4 \u00e9tapes suivantes conduisent \u00e0 l&rsquo;adh\u00e9sion:<\/b><\/p>\n<ol>\n<li>Remplir le <a href=\"https:\/\/www.swissfairtrade.ch\/wp-content\/uploads\/Swiss-Fair-Trade-Mitgliedschaft_Antrag_Formular2019_Typ_A_f-1-1.docx\" target=\"_blank\" rel=\"noopener noreferrer\">formulaire pour les entreprises commerciales<\/a>. Si votre Soci\u00e9t\u00e9 n&rsquo;est pas une entreprise commerciale, veuillez nous contacter \u00e0 l&rsquo;adresse <a href=\"mailto:info@swissfairtrade.ch\" target=\"_blank\" rel=\"noopener noreferrer\">info@swissfairtrade.ch<\/a> et nous vous enverrons le formulaire appropri\u00e9.<\/li>\n<li>Le formulaire est ensuite utilis\u00e9 pour v\u00e9rifier si et comment votre entreprise respecte les \u00abprincipes et normes de Swiss Fair Trade\u00bb. Si vous avez des questions, veuillez nous contacter \u00e0 l&rsquo;adresse suivante : <a href=\"mailto:info@swissfairtrade.ch\" target=\"_blank\" rel=\"noopener noreferrer\">info@swissfairtrade.ch<\/a>.<\/li>\n<li>Le comit\u00e9 de Swiss Fair Trade examine les r\u00e9ponses et vous rencontre personnellement. La Commission de sourveillance formule une recommandation pour l&rsquo;acceptation ou le rejet de la demande.<\/li>\n<li>L&rsquo;acceptation d\u00e9finitive a lieu lors de la prochaine Assembl\u00e9e g\u00e9n\u00e9rale de Swiss Fair Trade.<\/li>\n<\/ol>\n<p class=\"bodytext\">Pour toutes questions ou pour recevoir des informations d\u00e9taill\u00e9es veuillez s&rsquo;il vous pla\u00eet contacter M. Philipp Scheidiger, directeur de Swiss Fair Trade, qui est \u00e0 votre disposition pour vous aider.<\/p>\n<p>[\/vc_column_text][\/vc_column][\/vc_row][vc_row][vc_column][vc_empty_space height=\u00a0\u00bb50px\u00a0\u00bb][vc_separator][vc_column_text]Autres sujets[\/vc_column_text][vc_basic_grid post_type=\u00a0\u00bbpage\u00a0\u00bb max_items=\u00a0\u00bb-1&Prime; element_width=\u00a0\u00bb6&Prime; gap=\u00a0\u00bb10&Prime; item=\u00a0\u00bb1885&Prime; css=\u00a0\u00bb\u00a0\u00bb grid_id=\u00a0\u00bbvc_gid:1758696984105-042e2ac0-0f32-1&Prime; taxonomies=\u00a0\u00bb232&Prime; el_id=\u00a0\u00bbhoverColor\u00a0\u00bb][\/vc_column][\/vc_row]<\/p>\n<\/div>","protected":false},"excerpt":{"rendered":"<p>Devenez membre.<\/p>\n","protected":false},"author":2,"featured_media":2233,"parent":3488,"menu_order":0,"comment_status":"closed","ping_status":"closed","template":"","meta":{"generate_page_header":"","footnotes":"","_links_to":"","_links_to_target":""},"hauptseiten-kategorie":[232],"class_list":{"0":"post-3491","1":"page","2":"type-page","3":"status-publish","4":"has-post-thumbnail","6":"hauptseiten-kategorie-mitglieder"},"yoast_head":"<!-- This site is optimized with the Yoast SEO plugin v26.2 - https:\/\/yoast.com\/wordpress\/plugins\/seo\/ -->\n<title>Devenir membre - Swiss Fair Trade<\/title>\n<meta name=\"robots\" content=\"index, follow, max-snippet:-1, max-image-preview:large, max-video-preview:-1\" \/>\n<link rel=\"canonical\" href=\"https:\/\/www.swissfairtrade.ch\/fr\/membres-2-2\/devenir-membre-2\/\" \/>\n<meta property=\"og:locale\" content=\"fr_FR\" \/>\n<meta property=\"og:type\" content=\"article\" \/>\n<meta property=\"og:title\" content=\"Devenir membre - Swiss Fair Trade\" \/>\n<meta property=\"og:description\" content=\"Devenez membre.\" \/>\n<meta property=\"og:url\" content=\"https:\/\/www.swissfairtrade.ch\/fr\/membres-2-2\/devenir-membre-2\/\" \/>\n<meta property=\"og:site_name\" content=\"Swiss Fair Trade\" \/>\n<meta property=\"article:modified_time\" content=\"2025-09-24T06:56:47+00:00\" \/>\n<meta property=\"og:image\" content=\"https:\/\/www.swissfairtrade.ch\/wp-content\/uploads\/tea-leaves-139617_1920.jpg\" \/>\n\t<meta property=\"og:image:width\" content=\"1920\" \/>\n\t<meta property=\"og:image:height\" content=\"1280\" \/>\n\t<meta property=\"og:image:type\" content=\"image\/jpeg\" \/>\n<meta name=\"twitter:card\" content=\"summary_large_image\" \/>\n<meta name=\"twitter:label1\" content=\"Dur\u00e9e de lecture estim\u00e9e\" \/>\n\t<meta name=\"twitter:data1\" content=\"3 minutes\" \/>\n<script type=\"application\/ld+json\" class=\"yoast-schema-graph\">{\"@context\":\"https:\/\/schema.org\",\"@graph\":[{\"@type\":\"WebPage\",\"@id\":\"https:\/\/www.swissfairtrade.ch\/fr\/membres-2-2\/devenir-membre-2\/\",\"url\":\"https:\/\/www.swissfairtrade.ch\/fr\/membres-2-2\/devenir-membre-2\/\",\"name\":\"Devenir membre - Swiss Fair Trade\",\"isPartOf\":{\"@id\":\"https:\/\/www.swissfairtrade.ch\/it\/#website\"},\"primaryImageOfPage\":{\"@id\":\"https:\/\/www.swissfairtrade.ch\/fr\/membres-2-2\/devenir-membre-2\/#primaryimage\"},\"image\":{\"@id\":\"https:\/\/www.swissfairtrade.ch\/fr\/membres-2-2\/devenir-membre-2\/#primaryimage\"},\"thumbnailUrl\":\"https:\/\/www.swissfairtrade.ch\/wp-content\/uploads\/tea-leaves-139617_1920.jpg\",\"datePublished\":\"2018-08-30T08:32:08+00:00\",\"dateModified\":\"2025-09-24T06:56:47+00:00\",\"breadcrumb\":{\"@id\":\"https:\/\/www.swissfairtrade.ch\/fr\/membres-2-2\/devenir-membre-2\/#breadcrumb\"},\"inLanguage\":\"fr-FR\",\"potentialAction\":[{\"@type\":\"ReadAction\",\"target\":[\"https:\/\/www.swissfairtrade.ch\/fr\/membres-2-2\/devenir-membre-2\/\"]}]},{\"@type\":\"ImageObject\",\"inLanguage\":\"fr-FR\",\"@id\":\"https:\/\/www.swissfairtrade.ch\/fr\/membres-2-2\/devenir-membre-2\/#primaryimage\",\"url\":\"https:\/\/www.swissfairtrade.ch\/wp-content\/uploads\/tea-leaves-139617_1920.jpg\",\"contentUrl\":\"https:\/\/www.swissfairtrade.ch\/wp-content\/uploads\/tea-leaves-139617_1920.jpg\",\"width\":1920,\"height\":1280,\"caption\":\"Titelbild Swiss Fair Trade Mitglieder\"},{\"@type\":\"BreadcrumbList\",\"@id\":\"https:\/\/www.swissfairtrade.ch\/fr\/membres-2-2\/devenir-membre-2\/#breadcrumb\",\"itemListElement\":[{\"@type\":\"ListItem\",\"position\":1,\"name\":\"Home\",\"item\":\"https:\/\/www.swissfairtrade.ch\/fr\/\"},{\"@type\":\"ListItem\",\"position\":2,\"name\":\"Membres\",\"item\":\"https:\/\/www.swissfairtrade.ch\/fr\/membres-2-2\/\"},{\"@type\":\"ListItem\",\"position\":3,\"name\":\"Devenir membre\"}]},{\"@type\":\"WebSite\",\"@id\":\"https:\/\/www.swissfairtrade.ch\/it\/#website\",\"url\":\"https:\/\/www.swissfairtrade.ch\/it\/\",\"name\":\"Swiss Fair Trade\",\"description\":\"\",\"publisher\":{\"@id\":\"https:\/\/www.swissfairtrade.ch\/it\/#organization\"},\"potentialAction\":[{\"@type\":\"SearchAction\",\"target\":{\"@type\":\"EntryPoint\",\"urlTemplate\":\"https:\/\/www.swissfairtrade.ch\/it\/?s={search_term_string}\"},\"query-input\":{\"@type\":\"PropertyValueSpecification\",\"valueRequired\":true,\"valueName\":\"search_term_string\"}}],\"inLanguage\":\"fr-FR\"},{\"@type\":\"Organization\",\"@id\":\"https:\/\/www.swissfairtrade.ch\/it\/#organization\",\"name\":\"Swiss Fair Trade\",\"url\":\"https:\/\/www.swissfairtrade.ch\/it\/\",\"logo\":{\"@type\":\"ImageObject\",\"inLanguage\":\"fr-FR\",\"@id\":\"https:\/\/www.swissfairtrade.ch\/it\/#\/schema\/logo\/image\/\",\"url\":\"https:\/\/www.swissfairtrade.ch\/wp-content\/uploads\/SwissFairTrade-Logo-rgb-203.51.59-web.png\",\"contentUrl\":\"https:\/\/www.swissfairtrade.ch\/wp-content\/uploads\/SwissFairTrade-Logo-rgb-203.51.59-web.png\",\"width\":130,\"height\":115,\"caption\":\"Swiss Fair Trade\"},\"image\":{\"@id\":\"https:\/\/www.swissfairtrade.ch\/it\/#\/schema\/logo\/image\/\"}}]}<\/script>\n<!-- \/ Yoast SEO plugin. -->","yoast_head_json":{"title":"Devenir membre - Swiss Fair Trade","robots":{"index":"index","follow":"follow","max-snippet":"max-snippet:-1","max-image-preview":"max-image-preview:large","max-video-preview":"max-video-preview:-1"},"canonical":"https:\/\/www.swissfairtrade.ch\/fr\/membres-2-2\/devenir-membre-2\/","og_locale":"fr_FR","og_type":"article","og_title":"Devenir membre - Swiss Fair Trade","og_description":"Devenez membre.","og_url":"https:\/\/www.swissfairtrade.ch\/fr\/membres-2-2\/devenir-membre-2\/","og_site_name":"Swiss Fair Trade","article_modified_time":"2025-09-24T06:56:47+00:00","og_image":[{"width":1920,"height":1280,"url":"https:\/\/www.swissfairtrade.ch\/wp-content\/uploads\/tea-leaves-139617_1920.jpg","type":"image\/jpeg"}],"twitter_card":"summary_large_image","twitter_misc":{"Dur\u00e9e de lecture estim\u00e9e":"3 minutes"},"schema":{"@context":"https:\/\/schema.org","@graph":[{"@type":"WebPage","@id":"https:\/\/www.swissfairtrade.ch\/fr\/membres-2-2\/devenir-membre-2\/","url":"https:\/\/www.swissfairtrade.ch\/fr\/membres-2-2\/devenir-membre-2\/","name":"Devenir membre - Swiss Fair Trade","isPartOf":{"@id":"https:\/\/www.swissfairtrade.ch\/it\/#website"},"primaryImageOfPage":{"@id":"https:\/\/www.swissfairtrade.ch\/fr\/membres-2-2\/devenir-membre-2\/#primaryimage"},"image":{"@id":"https:\/\/www.swissfairtrade.ch\/fr\/membres-2-2\/devenir-membre-2\/#primaryimage"},"thumbnailUrl":"https:\/\/www.swissfairtrade.ch\/wp-content\/uploads\/tea-leaves-139617_1920.jpg","datePublished":"2018-08-30T08:32:08+00:00","dateModified":"2025-09-24T06:56:47+00:00","breadcrumb":{"@id":"https:\/\/www.swissfairtrade.ch\/fr\/membres-2-2\/devenir-membre-2\/#breadcrumb"},"inLanguage":"fr-FR","potentialAction":[{"@type":"ReadAction","target":["https:\/\/www.swissfairtrade.ch\/fr\/membres-2-2\/devenir-membre-2\/"]}]},{"@type":"ImageObject","inLanguage":"fr-FR","@id":"https:\/\/www.swissfairtrade.ch\/fr\/membres-2-2\/devenir-membre-2\/#primaryimage","url":"https:\/\/www.swissfairtrade.ch\/wp-content\/uploads\/tea-leaves-139617_1920.jpg","contentUrl":"https:\/\/www.swissfairtrade.ch\/wp-content\/uploads\/tea-leaves-139617_1920.jpg","width":1920,"height":1280,"caption":"Titelbild Swiss Fair Trade Mitglieder"},{"@type":"BreadcrumbList","@id":"https:\/\/www.swissfairtrade.ch\/fr\/membres-2-2\/devenir-membre-2\/#breadcrumb","itemListElement":[{"@type":"ListItem","position":1,"name":"Home","item":"https:\/\/www.swissfairtrade.ch\/fr\/"},{"@type":"ListItem","position":2,"name":"Membres","item":"https:\/\/www.swissfairtrade.ch\/fr\/membres-2-2\/"},{"@type":"ListItem","position":3,"name":"Devenir membre"}]},{"@type":"WebSite","@id":"https:\/\/www.swissfairtrade.ch\/it\/#website","url":"https:\/\/www.swissfairtrade.ch\/it\/","name":"Swiss Fair Trade","description":"","publisher":{"@id":"https:\/\/www.swissfairtrade.ch\/it\/#organization"},"potentialAction":[{"@type":"SearchAction","target":{"@type":"EntryPoint","urlTemplate":"https:\/\/www.swissfairtrade.ch\/it\/?s={search_term_string}"},"query-input":{"@type":"PropertyValueSpecification","valueRequired":true,"valueName":"search_term_string"}}],"inLanguage":"fr-FR"},{"@type":"Organization","@id":"https:\/\/www.swissfairtrade.ch\/it\/#organization","name":"Swiss Fair Trade","url":"https:\/\/www.swissfairtrade.ch\/it\/","logo":{"@type":"ImageObject","inLanguage":"fr-FR","@id":"https:\/\/www.swissfairtrade.ch\/it\/#\/schema\/logo\/image\/","url":"https:\/\/www.swissfairtrade.ch\/wp-content\/uploads\/SwissFairTrade-Logo-rgb-203.51.59-web.png","contentUrl":"https:\/\/www.swissfairtrade.ch\/wp-content\/uploads\/SwissFairTrade-Logo-rgb-203.51.59-web.png","width":130,"height":115,"caption":"Swiss Fair Trade"},"image":{"@id":"https:\/\/www.swissfairtrade.ch\/it\/#\/schema\/logo\/image\/"}}]}},"_links":{"self":[{"href":"https:\/\/www.swissfairtrade.ch\/fr\/wp-json\/wp\/v2\/pages\/3491","targetHints":{"allow":["GET"]}}],"collection":[{"href":"https:\/\/www.swissfairtrade.ch\/fr\/wp-json\/wp\/v2\/pages"}],"about":[{"href":"https:\/\/www.swissfairtrade.ch\/fr\/wp-json\/wp\/v2\/types\/page"}],"author":[{"embeddable":true,"href":"https:\/\/www.swissfairtrade.ch\/fr\/wp-json\/wp\/v2\/users\/2"}],"replies":[{"embeddable":true,"href":"https:\/\/www.swissfairtrade.ch\/fr\/wp-json\/wp\/v2\/comments?post=3491"}],"version-history":[{"count":0,"href":"https:\/\/www.swissfairtrade.ch\/fr\/wp-json\/wp\/v2\/pages\/3491\/revisions"}],"up":[{"embeddable":true,"href":"https:\/\/www.swissfairtrade.ch\/fr\/wp-json\/wp\/v2\/pages\/3488"}],"wp:featuredmedia":[{"embeddable":true,"href":"https:\/\/www.swissfairtrade.ch\/fr\/wp-json\/wp\/v2\/media\/2233"}],"wp:attachment":[{"href":"https:\/\/www.swissfairtrade.ch\/fr\/wp-json\/wp\/v2\/media?parent=3491"}],"wp:term":[{"taxonomy":"hauptseiten-kategorie","embeddable":true,"href":"https:\/\/www.swissfairtrade.ch\/fr\/wp-json\/wp\/v2\/hauptseiten-kategorie?post=3491"}],"curies":[{"name":"wp","href":"https:\/\/api.w.org\/{rel}","templated":true}]}}