{"id":3464,"date":"2018-08-29T19:51:44","date_gmt":"2018-08-29T17:51:44","guid":{"rendered":"https:\/\/imagotest.ch\/swissfairtrade\/?page_id=3464"},"modified":"2020-04-02T13:55:42","modified_gmt":"2020-04-02T11:55:42","slug":"cooperatives","status":"publish","type":"page","link":"https:\/\/www.swissfairtrade.ch\/fr\/champs-d-actions\/centre-de-competences-3\/cooperatives\/","title":{"rendered":"Coop\u00e9ratives"},"content":{"rendered":"<div class=\"wpb-content-wrapper\"><p>[vc_row full_width=\u00a0\u00bbstretch_row\u00a0\u00bb content_placement=\u00a0\u00bbbottom\u00a0\u00bb parallax=\u00a0\u00bbcontent-moving-fade\u00a0\u00bb parallax_image=\u00a0\u00bb2959&Prime; css=\u00a0\u00bb.vc_custom_1534757713538{background: rgba(196,196,196,0.71) url(https:\/\/www.swissfairtrade.ch\/wp-content\/uploads\/Qualitaetspruefung.jpg?id=2628);background-position: center;background-repeat: no-repeat !important;background-size: cover !important;*background-color: rgb(196,196,196) !important;}\u00a0\u00bb el_class=\u00a0\u00bbheader\u00a0\u00bb][vc_column][vc_column_text el_class=\u00a0\u00bbtxt-white\u00a0\u00bb]<\/p>\n<div class=\"annot\">\n<div class=\"row-main\">\n<div class=\"text\">\n<h1 class=\"csc-firstHeader\">Coop\u00e9ratives<\/h1>\n<h2 class=\"big\">Responsabilit\u00e9, autogestion et entraide.<\/h2>\n<\/div>\n<\/div>\n<\/div>\n<p>[\/vc_column_text][\/vc_column][\/vc_row][vc_row][vc_column][vc_column_text]<\/p>\n<div id=\"c507\" class=\"csc-default\">\n<div class=\"csc-content\">\n<p class=\"bodytext\">Avec le commerce \u00e9quitable, les producteurs ne contribuent pas uniquement \u00e0 la cr\u00e9ation de richesses, mais ont \u00e9galement acc\u00e8s \u00e0 la valeur ajout\u00e9e produite. Au travers du syst\u00e8me des coop\u00e9ratives, les petits cultivateurs d\u00e9veloppent la responsabilit\u00e9, l\u2019autogestion et l\u2019entraide, \u00e0 l\u2019image des coop\u00e9ratives Apicoop au Chili, CoopeAgri au Costa Rica et Cocovico en C\u00f4te d\u2019Ivoire. Elles constituent un \u00e9l\u00e9ment important dans la soci\u00e9t\u00e9 locale et am\u00e9liorent les conditions de vie de nombreuses personnes.<\/p>\n<p class=\"bodytext\">L\u2019Organisation des Nations Unies a d\u00e9clar\u00e9 l\u2019ann\u00e9e 2012 \u00ab Ann\u00e9e internationale des coop\u00e9ratives \u00bb afin de souligner l\u2019importance mondiale des coop\u00e9ratives pour le d\u00e9veloppement social et humain. \u00ab Les coop\u00e9ratives, des entreprises pour un monde meilleur \u00bb : le slogan pour l\u2019ann\u00e9e internationale des coop\u00e9ratives correspond aussi aux buts du commerce \u00e9quitable.<\/p>\n<p>&nbsp;<\/p>\n<\/div>\n<\/div>\n<div id=\"c508\" class=\"csc-default\">\n<div class=\"csc-content\">\n<h3 class=\"bodytext\"><strong>Apicoop : une source d\u2019espoir pour des Chiliens<\/strong><\/h3>\n<p class=\"bodytext\">La coop\u00e9rative apicole Apicoop est devenue une source d\u2019espoir pour des villages isol\u00e9s, tels que Malhue dans la r\u00e9gion de Valdivia dans le sud du Chili. La coop\u00e9rative compte presque 500 membres et sept coop\u00e9ratives r\u00e9gionales.<\/p>\n<p class=\"bodytext\">Apicoop n\u2019exporte pas seulement du miel, mais fournit \u00e9galement des ruches aux nouveaux membres, qui peuvent \u00eatre rembours\u00e9es par la livraison de miel.<\/p>\n<p>&nbsp;<\/p>\n<h3 class=\"bodytext\"><strong>CoopeAgri f\u00eate ses 50 ans!<\/strong><\/h3>\n<p class=\"bodytext\">La coop\u00e9rative de petits cultivateurs du district de P\u00e9rez Zeled\u00f3n au Costa Rica peut \u00eatre fi\u00e8re de ses 50 ans d\u2019histoire. Fond\u00e9e \u00e0 l\u2019origine comme coop\u00e9rative de caf\u00e9, celle-ci s\u2019est rapidement sp\u00e9cialis\u00e9e dans la plantation de canne \u00e0 sucre et a m\u00eame mis en service une raffinerie de sucre en 1974. Cette performance novatrice permet \u00e0 CoopeAgri de contr\u00f4ler l\u2019ensemble du processus de production et de r\u00e9cup\u00e9rer ainsi la valeur ajout\u00e9e tir\u00e9e de la transformation du sucre en faveur des cultivateurs de canne \u00e0 sucre, qui restait habituellement entre les mains des grands producteurs.<\/p>\n<p>&nbsp;<\/p>\n<h3 class=\"bodytext\"><b>Cocovico : 5000 revenus gr\u00e2ce \u00e0 200 commer\u00e7antes<\/b><\/h3>\n<p class=\"bodytext\">Cocovico (Coop\u00e9rative de Commercialisation de Produits Vivriers de Angre) est une coop\u00e9rative de vendeuses de produits vivriers de Cocody. Cette coop\u00e9rative ivoirienne a \u00e9t\u00e9 fond\u00e9e en 1993 par six commer\u00e7antes. Elle compte aujourd\u2019hui 200 membres. \u00ab Avant, nous vendions nos marchandises dans la rue \u00bb, se souvient la copr\u00e9sidente de la coop\u00e9rative, Rosalie Botti. \u00ab Le revenu que cela nous apportait nous permettait \u00e0 peine de vivre et les conditions d\u2019hygi\u00e8ne \u00e9taient tr\u00e8s mauvaises. C\u2019est pourquoi les femmes du march\u00e9 ont eu l\u2019id\u00e9e de construire une halle de march\u00e9\u00bb.<\/p>\n<\/div>\n<\/div>\n<p>[\/vc_column_text][\/vc_column][\/vc_row][vc_row][vc_column][vc_empty_space height=\u00a0\u00bb50px\u00a0\u00bb][vc_separator][vc_column_text]<\/p>\n<h3>Autres sujets<\/h3>\n<p>[\/vc_column_text][vc_basic_grid post_type=\u00a0\u00bbpage\u00a0\u00bb max_items=\u00a0\u00bb-1&Prime; gap=\u00a0\u00bb10&Prime; item=\u00a0\u00bb1885&Prime; grid_id=\u00a0\u00bbvc_gid:1585828134139-658549fe-06c2-5&Prime; taxonomies=\u00a0\u00bb238&Prime;][\/vc_column][\/vc_row]<\/p>\n<\/div>","protected":false},"excerpt":{"rendered":"<p> Au travers du syst\u00e8me des coop\u00e9ratives, les petits cultivateurs d\u00e9veloppent la responsabilit\u00e9, l\u2019autogestion et l\u2019entraide.<\/p>\n","protected":false},"author":2,"featured_media":2628,"parent":3425,"menu_order":5,"comment_status":"closed","ping_status":"closed","template":"","meta":{"generate_page_header":"","footnotes":"","_links_to":"","_links_to_target":""},"hauptseiten-kategorie":[238],"class_list":{"0":"post-3464","1":"page","2":"type-page","3":"status-publish","4":"has-post-thumbnail","6":"hauptseiten-kategorie-kompetenzzentrum"},"yoast_head":"<!-- This site is optimized with the Yoast SEO plugin v26.2 - https:\/\/yoast.com\/wordpress\/plugins\/seo\/ -->\n<title>Coop\u00e9ratives - Swiss Fair Trade<\/title>\n<meta name=\"robots\" content=\"index, follow, max-snippet:-1, max-image-preview:large, max-video-preview:-1\" \/>\n<link rel=\"canonical\" href=\"https:\/\/www.swissfairtrade.ch\/fr\/champs-d-actions\/centre-de-competences-3\/cooperatives\/\" \/>\n<meta property=\"og:locale\" content=\"fr_FR\" \/>\n<meta property=\"og:type\" content=\"article\" \/>\n<meta property=\"og:title\" content=\"Coop\u00e9ratives - Swiss Fair Trade\" \/>\n<meta property=\"og:description\" content=\"Au travers du syst\u00e8me des coop\u00e9ratives, les petits cultivateurs d\u00e9veloppent la responsabilit\u00e9, l\u2019autogestion et l\u2019entraide.\" \/>\n<meta property=\"og:url\" content=\"https:\/\/www.swissfairtrade.ch\/fr\/champs-d-actions\/centre-de-competences-3\/cooperatives\/\" \/>\n<meta property=\"og:site_name\" content=\"Swiss Fair Trade\" \/>\n<meta property=\"article:modified_time\" content=\"2020-04-02T11:55:42+00:00\" \/>\n<meta property=\"og:image\" content=\"https:\/\/www.swissfairtrade.ch\/wp-content\/uploads\/Qualitaetspruefung-1024x681.jpg\" \/>\n\t<meta property=\"og:image:width\" content=\"1024\" \/>\n\t<meta property=\"og:image:height\" content=\"681\" \/>\n\t<meta property=\"og:image:type\" content=\"image\/jpeg\" \/>\n<meta name=\"twitter:card\" content=\"summary_large_image\" \/>\n<meta name=\"twitter:label1\" content=\"Dur\u00e9e de lecture estim\u00e9e\" \/>\n\t<meta name=\"twitter:data1\" content=\"3 minutes\" \/>\n<script type=\"application\/ld+json\" class=\"yoast-schema-graph\">{\"@context\":\"https:\/\/schema.org\",\"@graph\":[{\"@type\":\"WebPage\",\"@id\":\"https:\/\/www.swissfairtrade.ch\/fr\/champs-d-actions\/centre-de-competences-3\/cooperatives\/\",\"url\":\"https:\/\/www.swissfairtrade.ch\/fr\/champs-d-actions\/centre-de-competences-3\/cooperatives\/\",\"name\":\"Coop\u00e9ratives - Swiss Fair Trade\",\"isPartOf\":{\"@id\":\"https:\/\/www.swissfairtrade.ch\/it\/#website\"},\"primaryImageOfPage\":{\"@id\":\"https:\/\/www.swissfairtrade.ch\/fr\/champs-d-actions\/centre-de-competences-3\/cooperatives\/#primaryimage\"},\"image\":{\"@id\":\"https:\/\/www.swissfairtrade.ch\/fr\/champs-d-actions\/centre-de-competences-3\/cooperatives\/#primaryimage\"},\"thumbnailUrl\":\"https:\/\/www.swissfairtrade.ch\/wp-content\/uploads\/Qualitaetspruefung.jpg\",\"datePublished\":\"2018-08-29T17:51:44+00:00\",\"dateModified\":\"2020-04-02T11:55:42+00:00\",\"breadcrumb\":{\"@id\":\"https:\/\/www.swissfairtrade.ch\/fr\/champs-d-actions\/centre-de-competences-3\/cooperatives\/#breadcrumb\"},\"inLanguage\":\"fr-FR\",\"potentialAction\":[{\"@type\":\"ReadAction\",\"target\":[\"https:\/\/www.swissfairtrade.ch\/fr\/champs-d-actions\/centre-de-competences-3\/cooperatives\/\"]}]},{\"@type\":\"ImageObject\",\"inLanguage\":\"fr-FR\",\"@id\":\"https:\/\/www.swissfairtrade.ch\/fr\/champs-d-actions\/centre-de-competences-3\/cooperatives\/#primaryimage\",\"url\":\"https:\/\/www.swissfairtrade.ch\/wp-content\/uploads\/Qualitaetspruefung.jpg\",\"contentUrl\":\"https:\/\/www.swissfairtrade.ch\/wp-content\/uploads\/Qualitaetspruefung.jpg\",\"width\":4592,\"height\":3056},{\"@type\":\"BreadcrumbList\",\"@id\":\"https:\/\/www.swissfairtrade.ch\/fr\/champs-d-actions\/centre-de-competences-3\/cooperatives\/#breadcrumb\",\"itemListElement\":[{\"@type\":\"ListItem\",\"position\":1,\"name\":\"Home\",\"item\":\"https:\/\/www.swissfairtrade.ch\/fr\/\"},{\"@type\":\"ListItem\",\"position\":2,\"name\":\"Champs d\u2019actions\",\"item\":\"https:\/\/www.swissfairtrade.ch\/fr\/champs-d-actions\/\"},{\"@type\":\"ListItem\",\"position\":3,\"name\":\"Centre de comp\u00e9tences\",\"item\":\"https:\/\/www.swissfairtrade.ch\/fr\/champs-d-actions\/centre-de-competences-3\/\"},{\"@type\":\"ListItem\",\"position\":4,\"name\":\"Coop\u00e9ratives\"}]},{\"@type\":\"WebSite\",\"@id\":\"https:\/\/www.swissfairtrade.ch\/it\/#website\",\"url\":\"https:\/\/www.swissfairtrade.ch\/it\/\",\"name\":\"Swiss Fair Trade\",\"description\":\"\",\"publisher\":{\"@id\":\"https:\/\/www.swissfairtrade.ch\/it\/#organization\"},\"potentialAction\":[{\"@type\":\"SearchAction\",\"target\":{\"@type\":\"EntryPoint\",\"urlTemplate\":\"https:\/\/www.swissfairtrade.ch\/it\/?s={search_term_string}\"},\"query-input\":{\"@type\":\"PropertyValueSpecification\",\"valueRequired\":true,\"valueName\":\"search_term_string\"}}],\"inLanguage\":\"fr-FR\"},{\"@type\":\"Organization\",\"@id\":\"https:\/\/www.swissfairtrade.ch\/it\/#organization\",\"name\":\"Swiss Fair Trade\",\"url\":\"https:\/\/www.swissfairtrade.ch\/it\/\",\"logo\":{\"@type\":\"ImageObject\",\"inLanguage\":\"fr-FR\",\"@id\":\"https:\/\/www.swissfairtrade.ch\/it\/#\/schema\/logo\/image\/\",\"url\":\"https:\/\/www.swissfairtrade.ch\/wp-content\/uploads\/SwissFairTrade-Logo-rgb-203.51.59-web.png\",\"contentUrl\":\"https:\/\/www.swissfairtrade.ch\/wp-content\/uploads\/SwissFairTrade-Logo-rgb-203.51.59-web.png\",\"width\":130,\"height\":115,\"caption\":\"Swiss Fair Trade\"},\"image\":{\"@id\":\"https:\/\/www.swissfairtrade.ch\/it\/#\/schema\/logo\/image\/\"}}]}<\/script>\n<!-- \/ Yoast SEO plugin. -->","yoast_head_json":{"title":"Coop\u00e9ratives - Swiss Fair Trade","robots":{"index":"index","follow":"follow","max-snippet":"max-snippet:-1","max-image-preview":"max-image-preview:large","max-video-preview":"max-video-preview:-1"},"canonical":"https:\/\/www.swissfairtrade.ch\/fr\/champs-d-actions\/centre-de-competences-3\/cooperatives\/","og_locale":"fr_FR","og_type":"article","og_title":"Coop\u00e9ratives - Swiss Fair Trade","og_description":"Au travers du syst\u00e8me des coop\u00e9ratives, les petits cultivateurs d\u00e9veloppent la responsabilit\u00e9, l\u2019autogestion et l\u2019entraide.","og_url":"https:\/\/www.swissfairtrade.ch\/fr\/champs-d-actions\/centre-de-competences-3\/cooperatives\/","og_site_name":"Swiss Fair Trade","article_modified_time":"2020-04-02T11:55:42+00:00","og_image":[{"width":1024,"height":681,"url":"https:\/\/www.swissfairtrade.ch\/wp-content\/uploads\/Qualitaetspruefung-1024x681.jpg","type":"image\/jpeg"}],"twitter_card":"summary_large_image","twitter_misc":{"Dur\u00e9e de lecture estim\u00e9e":"3 minutes"},"schema":{"@context":"https:\/\/schema.org","@graph":[{"@type":"WebPage","@id":"https:\/\/www.swissfairtrade.ch\/fr\/champs-d-actions\/centre-de-competences-3\/cooperatives\/","url":"https:\/\/www.swissfairtrade.ch\/fr\/champs-d-actions\/centre-de-competences-3\/cooperatives\/","name":"Coop\u00e9ratives - Swiss Fair Trade","isPartOf":{"@id":"https:\/\/www.swissfairtrade.ch\/it\/#website"},"primaryImageOfPage":{"@id":"https:\/\/www.swissfairtrade.ch\/fr\/champs-d-actions\/centre-de-competences-3\/cooperatives\/#primaryimage"},"image":{"@id":"https:\/\/www.swissfairtrade.ch\/fr\/champs-d-actions\/centre-de-competences-3\/cooperatives\/#primaryimage"},"thumbnailUrl":"https:\/\/www.swissfairtrade.ch\/wp-content\/uploads\/Qualitaetspruefung.jpg","datePublished":"2018-08-29T17:51:44+00:00","dateModified":"2020-04-02T11:55:42+00:00","breadcrumb":{"@id":"https:\/\/www.swissfairtrade.ch\/fr\/champs-d-actions\/centre-de-competences-3\/cooperatives\/#breadcrumb"},"inLanguage":"fr-FR","potentialAction":[{"@type":"ReadAction","target":["https:\/\/www.swissfairtrade.ch\/fr\/champs-d-actions\/centre-de-competences-3\/cooperatives\/"]}]},{"@type":"ImageObject","inLanguage":"fr-FR","@id":"https:\/\/www.swissfairtrade.ch\/fr\/champs-d-actions\/centre-de-competences-3\/cooperatives\/#primaryimage","url":"https:\/\/www.swissfairtrade.ch\/wp-content\/uploads\/Qualitaetspruefung.jpg","contentUrl":"https:\/\/www.swissfairtrade.ch\/wp-content\/uploads\/Qualitaetspruefung.jpg","width":4592,"height":3056},{"@type":"BreadcrumbList","@id":"https:\/\/www.swissfairtrade.ch\/fr\/champs-d-actions\/centre-de-competences-3\/cooperatives\/#breadcrumb","itemListElement":[{"@type":"ListItem","position":1,"name":"Home","item":"https:\/\/www.swissfairtrade.ch\/fr\/"},{"@type":"ListItem","position":2,"name":"Champs d\u2019actions","item":"https:\/\/www.swissfairtrade.ch\/fr\/champs-d-actions\/"},{"@type":"ListItem","position":3,"name":"Centre de comp\u00e9tences","item":"https:\/\/www.swissfairtrade.ch\/fr\/champs-d-actions\/centre-de-competences-3\/"},{"@type":"ListItem","position":4,"name":"Coop\u00e9ratives"}]},{"@type":"WebSite","@id":"https:\/\/www.swissfairtrade.ch\/it\/#website","url":"https:\/\/www.swissfairtrade.ch\/it\/","name":"Swiss Fair Trade","description":"","publisher":{"@id":"https:\/\/www.swissfairtrade.ch\/it\/#organization"},"potentialAction":[{"@type":"SearchAction","target":{"@type":"EntryPoint","urlTemplate":"https:\/\/www.swissfairtrade.ch\/it\/?s={search_term_string}"},"query-input":{"@type":"PropertyValueSpecification","valueRequired":true,"valueName":"search_term_string"}}],"inLanguage":"fr-FR"},{"@type":"Organization","@id":"https:\/\/www.swissfairtrade.ch\/it\/#organization","name":"Swiss Fair Trade","url":"https:\/\/www.swissfairtrade.ch\/it\/","logo":{"@type":"ImageObject","inLanguage":"fr-FR","@id":"https:\/\/www.swissfairtrade.ch\/it\/#\/schema\/logo\/image\/","url":"https:\/\/www.swissfairtrade.ch\/wp-content\/uploads\/SwissFairTrade-Logo-rgb-203.51.59-web.png","contentUrl":"https:\/\/www.swissfairtrade.ch\/wp-content\/uploads\/SwissFairTrade-Logo-rgb-203.51.59-web.png","width":130,"height":115,"caption":"Swiss Fair Trade"},"image":{"@id":"https:\/\/www.swissfairtrade.ch\/it\/#\/schema\/logo\/image\/"}}]}},"_links":{"self":[{"href":"https:\/\/www.swissfairtrade.ch\/fr\/wp-json\/wp\/v2\/pages\/3464","targetHints":{"allow":["GET"]}}],"collection":[{"href":"https:\/\/www.swissfairtrade.ch\/fr\/wp-json\/wp\/v2\/pages"}],"about":[{"href":"https:\/\/www.swissfairtrade.ch\/fr\/wp-json\/wp\/v2\/types\/page"}],"author":[{"embeddable":true,"href":"https:\/\/www.swissfairtrade.ch\/fr\/wp-json\/wp\/v2\/users\/2"}],"replies":[{"embeddable":true,"href":"https:\/\/www.swissfairtrade.ch\/fr\/wp-json\/wp\/v2\/comments?post=3464"}],"version-history":[{"count":0,"href":"https:\/\/www.swissfairtrade.ch\/fr\/wp-json\/wp\/v2\/pages\/3464\/revisions"}],"up":[{"embeddable":true,"href":"https:\/\/www.swissfairtrade.ch\/fr\/wp-json\/wp\/v2\/pages\/3425"}],"wp:featuredmedia":[{"embeddable":true,"href":"https:\/\/www.swissfairtrade.ch\/fr\/wp-json\/wp\/v2\/media\/2628"}],"wp:attachment":[{"href":"https:\/\/www.swissfairtrade.ch\/fr\/wp-json\/wp\/v2\/media?parent=3464"}],"wp:term":[{"taxonomy":"hauptseiten-kategorie","embeddable":true,"href":"https:\/\/www.swissfairtrade.ch\/fr\/wp-json\/wp\/v2\/hauptseiten-kategorie?post=3464"}],"curies":[{"name":"wp","href":"https:\/\/api.w.org\/{rel}","templated":true}]}}