{"id":3456,"date":"2018-08-29T19:42:30","date_gmt":"2018-08-29T17:42:30","guid":{"rendered":"https:\/\/imagotest.ch\/swissfairtrade\/?page_id=3456"},"modified":"2018-08-29T19:44:55","modified_gmt":"2018-08-29T17:44:55","slug":"justice-commerciale","status":"publish","type":"page","link":"https:\/\/www.swissfairtrade.ch\/fr\/champs-d-actions\/centre-de-competences-3\/justice-commerciale\/","title":{"rendered":"Justice commerciale"},"content":{"rendered":"<div class=\"wpb-content-wrapper\"><p>[vc_row full_width=\u00a0\u00bbstretch_row\u00a0\u00bb content_placement=\u00a0\u00bbbottom\u00a0\u00bb parallax=\u00a0\u00bbcontent-moving-fade\u00a0\u00bb parallax_image=\u00a0\u00bb2959&Prime; css=\u00a0\u00bb.vc_custom_1534758506455{background: rgba(196,196,196,0.71) url(https:\/\/www.swissfairtrade.ch\/wp-content\/uploads\/handelsgerechtigkeit.jpg?id=2807);background-position: center;background-repeat: no-repeat !important;background-size: cover !important;*background-color: rgb(196,196,196) !important;}\u00a0\u00bb el_class=\u00a0\u00bbheader\u00a0\u00bb][vc_column][vc_column_text el_class=\u00a0\u00bbtxt-white\u00a0\u00bb]<\/p>\n<div class=\"annot\">\n<div class=\"row-main\">\n<div class=\"text\">\n<div class=\"csc-header csc-header-n1\">\n<h1 class=\"csc-firstHeader\">Justice commerciale<\/h1>\n<\/div>\n<h2 class=\"csc-firstHeader\">Dans le secteur agricole.<\/h2>\n<\/div>\n<\/div>\n<\/div>\n<p>[\/vc_column_text][\/vc_column][\/vc_row][vc_row][vc_column][vc_column_text]<\/p>\n<p class=\"bodytext\">Swiss Fair Trade, l\u2019association fa\u00eeti\u00e8re qui r\u00e9unit en Suisse les acteurs du commerce \u00e9quitable, exige que la politique commerciale agricole suisse soit repens\u00e9e et adapt\u00e9e dans le sens d&rsquo;un d\u00e9veloppement global et durable visant la r\u00e9duction de la pauvret\u00e9.<\/p>\n<p class=\"bodytext\"><b>Pourquoi est-ce important ?<\/b><\/p>\n<p class=\"bodytext\">Le commerce agricole est indispensable pour garantir les conditions de vie dignes des paysannes et des paysans des pays du Sud. Ces \u00e9changes ne peuvent cependant avoir des effets positifs que s&rsquo;ils passent par des partenariats commerciaux durables et transparents, qui se distinguent par des prix \u00e9quitables, une tra\u00e7abilit\u00e9 et un partage juste des profits tout au long de la cha\u00eene commerciale. Afin que les conditions de production et de vie soient durables, la protection de l&rsquo;environnement et de la sant\u00e9 des populations rurales jouent un r\u00f4le essentiel.<\/p>\n<p class=\"bodytext\"><b>Qu&rsquo;en est-il de la situation en Suisse ?<\/b><\/p>\n<p class=\"bodytext\">L&rsquo;Organisation mondiale du commerce (OMC) d\u00e9finit des conditions minimales pour le commerce transfrontalier. Par le biais d&rsquo;accords de libre-\u00e9change avec diff\u00e9rents groupes de pays (notamment l&rsquo;U.E., l&rsquo;A.E.L.E. et l\u2019Union douani\u00e8re d\u2019Afrique australe (SACU)), ainsi qu&rsquo;avec des pays comme la Colombie, le Mexique et le P\u00e9rou, la Suisse a mis en place une large ouverture de march\u00e9 mutuelle. Si ces accords internationaux limitent consid\u00e9rablement les possibilit\u00e9s d\u2019action de la Suisse, une certaine marge de man\u0153uvre politique existe cependant.<\/p>\n<p class=\"bodytext\">La s\u00e9curit\u00e9 \u00e9conomique et sociale des paysannes et des paysans du Nord n&rsquo;est pas comparable avec celle des productrices et des producteurs du Sud. Au Nord &#8211; en Suisse en particulier &#8211; les subventions directes repr\u00e9sentent une part tr\u00e8s importante des revenus issus de l&rsquo;agriculture. Swiss Fair Trade estime par cons\u00e9quent que la protection de la souverainet\u00e9 alimentaire dans les pays du Sud, \u00e0 l&rsquo;aide d&rsquo;entraves tarifaires et non tarifaires, est l\u00e9gitime, et se mobilise afin que les exigences de souverainet\u00e9 alimentaire dans le Nord ne se fassent pas au d\u00e9triment des familles des agriculteurs du Sud.<\/p>\n<p class=\"bodytext\"><b>Que peut faire la Suisse ?<\/b><\/p>\n<p class=\"bodytext\">Les conventions internationales qui existent entre les pays du Nord, dominants et orient\u00e9s vers les services, et les pays du Sud, essentiellement agraires, cimentent la r\u00e9partition du travail globale (mati\u00e8res premi\u00e8res versus produits industriels et services) et minent ainsi le droit au d\u00e9veloppement du Sud. En ce qui concerne la situation en Suisse, nous identifions essentiellement trois champs d\u2019action :<\/p>\n<p class=\"bodytext\">Aujourd&rsquo;hui d\u00e9j\u00e0, le syst\u00e8me de pr\u00e9f\u00e9rences g\u00e9n\u00e9ralis\u00e9es (SPG) permet aux pays les moins avanc\u00e9s (PMA) d&rsquo;exporter leurs produits vers la Suisse sans frais de douane ni limitations par des quotas. L&rsquo;acc\u00e8s au march\u00e9 suisse est ainsi facilit\u00e9 pour les produits issus des pays en d\u00e9veloppement les plus pauvres. Le potentiel du SPG n&rsquo;a cependant m\u00eame pas \u00e9t\u00e9 exploit\u00e9 de moiti\u00e9. Des r\u00e8gles complexes portant sur la v\u00e9rification de la provenance des produits repr\u00e9sentent l\u2019obstacle le plus important. De fait, il est souvent difficile pour les petits producteurs d&rsquo;obtenir le certificat de provenance n\u00e9cessaire \u00e0 une importation exempte de frais de douane.<\/p>\n<p class=\"bodytext\">La Suisse contribue en outre au fait que les produits agricoles subventionn\u00e9s acc\u00e8dent aux march\u00e9s des pays en d\u00e9veloppement \u00e0 des prix trop bas, causant ainsi du tort aux structures de production locales. Les importations bon march\u00e9 repr\u00e9sentent une des raisons principales pour lesquelles les pays africains en particulier sont devenus fortement d\u00e9pendants des denr\u00e9es alimentaires import\u00e9es depuis l&rsquo;\u00e9tranger et donc \u00e0 la merci de la volatilit\u00e9 des prix sur le march\u00e9 mondial. Les importations bon march\u00e9 conduisent \u00e9galement \u00e0 une sortie inutile de devises, puisque la demande pourrait \u00eatre couverte par une production agricole sur place \u00e0 des prix permettant de couvrir les co\u00fbts de production.<\/p>\n<p class=\"bodytext\">La Suisse soutient son industrie manufacturi\u00e8re en recourant \u00e0 des surtaxes douani\u00e8res qui provoquent l&rsquo;escalade du prix des produits transform\u00e9s import\u00e9s. Le d\u00e9veloppement des secteurs en aval dans les pays en d\u00e9veloppement est ainsi entrav\u00e9, emp\u00eachant la cr\u00e9ation d&#8217;emplois et de revenus pour une plus grande partie de la population.<\/p>\n<p class=\"bodytext\"><b>Les exigences de Swiss Fair Trade.<\/b><\/p>\n<p class=\"bodytext\">Swiss Fair Trade consid\u00e8re que la Suisse peut, avec les points suivants, mettre en place des conditions plus avantageuses pour les pays en d\u00e9veloppement:<\/p>\n<p class=\"bodytext\">1. Ajuster le syst\u00e8me de progressivit\u00e9 des droits, afin que la cr\u00e9ation de valeur ajout\u00e9e et la transformation des mati\u00e8res premi\u00e8res directement dans les pays du Sud ne soient pas entrav\u00e9es.<\/p>\n<p class=\"bodytext\">2. Lors de la conclusion d&rsquo;accords commerciaux bilat\u00e9raux avec les pays en d\u00e9veloppement conform\u00e9ment \u00e0 la Liste du Comit\u00e9 d&rsquo;aide au d\u00e9veloppement de l\u2019OCDE, garantir que les produits agricoles suisses ne puissent pas \u00eatre vendus sur les march\u00e9s partenaires \u00e0 des prix de dumping.<\/p>\n<p class=\"bodytext\">3. En tant que pays acheteur de produits import\u00e9s, la Suisse doit s&rsquo;assurer du respect des droits humains et du travail. Le Conseil f\u00e9d\u00e9ral et le Parlement doivent cr\u00e9er les bases l\u00e9gales pour que les entreprises ayant leur si\u00e8ge en Suisse doivent respecter les droits humains et l\u2019environnement partout dans le monde. Les victimes de violations des droits humains et des normes environnementales par ces firmes, leurs filiales et fournisseurs, doivent avoir la possibilit\u00e9 de porter plainte en Suisse pour obtenir r\u00e9paration.<\/p>\n<p class=\"bodytext\">4. Instaurer un syst\u00e8me pr\u00e9f\u00e9rentiel pour les produits durables sur le plan social et \u00e9cologique.<\/p>\n<p class=\"bodytext\">5. Rendre l&rsquo;instrument de la garantie contre les risques \u00e0 l&rsquo;exportation utile pour le commerce \u00e9quitable. De fait, les acteurs du commerce \u00e9quitable ont souvent des difficult\u00e9s \u00e0 faire des investissements pr\u00e9alables. Malgr\u00e9 une demande r\u00e9elle et concr\u00e8te du march\u00e9, la difficult\u00e9 d&rsquo;acc\u00e8s \u00e0 ces fonds et leur s\u00e9curit\u00e9 repr\u00e9sente souvent un obstacle pour les investisseurs en ce qui concerne la cr\u00e9ation d&rsquo;organisations de producteurs et de cha\u00eenes de commercialisation. La protection et la garantie contre les risques en tant que mesure de facilitation des \u00e9changes permettraient d&rsquo;all\u00e9ger le financement et d&rsquo;aider aux investissements.<\/p>\n<p class=\"bodytext\">6. Supprimer toute forme de subventions li\u00e9es \u00e0 l&rsquo;exportation et \u00e0 la production. De fait, les subventions \u00e0 l&rsquo;agriculture doivent \u00eatre int\u00e9gralement organis\u00e9es dans le cadre de la \u00ab green box \u00bb. Cela signifie qu&rsquo;elles ne doivent pas \u00eatre li\u00e9es \u00e0 la production ou cr\u00e9er des distorsions commerciales, mais doivent au contraire assurer des prestations de qualit\u00e9 en ce qui concerne l&rsquo;utilisation des ressources naturelles et la diversit\u00e9 des paysages.<\/p>\n<p class=\"bodytext\">7. Des mesures techniques, telles que les formalit\u00e9s douani\u00e8res, les normes industrielles, sanitaires, s\u00e9curitaires et autres normes relatives aux informations, \u00e0 l&#8217;emballage, \u00e0 l&rsquo;\u00e9tiquetage et aux donn\u00e9es sur la provenance ne doivent pas compliquer inutilement l&rsquo;acc\u00e8s au march\u00e9 des produits du Sud.<\/p>\n<p class=\"bodytext\">Cette prise de position a \u00e9t\u00e9 adopt\u00e9e par les organisations membres de Swiss Fair Trade lors de l&rsquo;Assembl\u00e9e g\u00e9n\u00e9rale 2013.<\/p>\n<p>[\/vc_column_text][\/vc_column][\/vc_row][vc_row][vc_column][vc_empty_space height=\u00a0\u00bb50px\u00a0\u00bb][vc_separator][vc_column_text]<\/p>\n<div class=\"wpb_text_column wpb_content_element \">\n<div class=\"wpb_wrapper\">\n<h3>Autres sujets<\/h3>\n<\/div>\n<\/div>\n<p>[\/vc_column_text][vc_basic_grid post_type=\u00a0\u00bbpage\u00a0\u00bb max_items=\u00a0\u00bb-1&Prime; gap=\u00a0\u00bb10&Prime; item=\u00a0\u00bb1885&Prime; grid_id=\u00a0\u00bbvc_gid:1535564609242-18250f3d-2283-0&Prime; taxonomies=\u00a0\u00bb238&Prime;][\/vc_column][\/vc_row]<\/p>\n<\/div>","protected":false},"excerpt":{"rendered":"<p>Le commerce agricole est indispensable pour garantir les conditions de vie dignes des paysannes et des paysans des pays du Sud. <\/p>\n","protected":false},"author":2,"featured_media":2807,"parent":3425,"menu_order":8,"comment_status":"closed","ping_status":"closed","template":"","meta":{"generate_page_header":"","footnotes":"","_links_to":"","_links_to_target":""},"hauptseiten-kategorie":[238],"class_list":{"0":"post-3456","1":"page","2":"type-page","3":"status-publish","4":"has-post-thumbnail","6":"hauptseiten-kategorie-kompetenzzentrum"},"yoast_head":"<!-- This site is optimized with the Yoast SEO plugin v26.2 - https:\/\/yoast.com\/wordpress\/plugins\/seo\/ -->\n<title>Justice commerciale - Swiss Fair Trade<\/title>\n<meta name=\"robots\" content=\"index, follow, max-snippet:-1, max-image-preview:large, max-video-preview:-1\" \/>\n<link rel=\"canonical\" href=\"https:\/\/www.swissfairtrade.ch\/fr\/champs-d-actions\/centre-de-competences-3\/justice-commerciale\/\" \/>\n<meta property=\"og:locale\" content=\"fr_FR\" \/>\n<meta property=\"og:type\" content=\"article\" \/>\n<meta property=\"og:title\" content=\"Justice commerciale - Swiss Fair Trade\" \/>\n<meta property=\"og:description\" content=\"Le commerce agricole est indispensable pour garantir les conditions de vie dignes des paysannes et des paysans des pays du Sud.\" \/>\n<meta property=\"og:url\" content=\"https:\/\/www.swissfairtrade.ch\/fr\/champs-d-actions\/centre-de-competences-3\/justice-commerciale\/\" \/>\n<meta property=\"og:site_name\" content=\"Swiss Fair Trade\" \/>\n<meta property=\"article:modified_time\" content=\"2018-08-29T17:44:55+00:00\" \/>\n<meta property=\"og:image\" content=\"https:\/\/www.swissfairtrade.ch\/wp-content\/uploads\/handelsgerechtigkeit.jpg\" \/>\n\t<meta property=\"og:image:width\" content=\"4288\" \/>\n\t<meta property=\"og:image:height\" content=\"2848\" \/>\n\t<meta property=\"og:image:type\" content=\"image\/jpeg\" \/>\n<meta name=\"twitter:card\" content=\"summary_large_image\" \/>\n<meta name=\"twitter:label1\" content=\"Dur\u00e9e de lecture estim\u00e9e\" \/>\n\t<meta name=\"twitter:data1\" content=\"6 minutes\" \/>\n<script type=\"application\/ld+json\" class=\"yoast-schema-graph\">{\"@context\":\"https:\/\/schema.org\",\"@graph\":[{\"@type\":\"WebPage\",\"@id\":\"https:\/\/www.swissfairtrade.ch\/fr\/champs-d-actions\/centre-de-competences-3\/justice-commerciale\/\",\"url\":\"https:\/\/www.swissfairtrade.ch\/fr\/champs-d-actions\/centre-de-competences-3\/justice-commerciale\/\",\"name\":\"Justice commerciale - Swiss Fair Trade\",\"isPartOf\":{\"@id\":\"https:\/\/www.swissfairtrade.ch\/it\/#website\"},\"primaryImageOfPage\":{\"@id\":\"https:\/\/www.swissfairtrade.ch\/fr\/champs-d-actions\/centre-de-competences-3\/justice-commerciale\/#primaryimage\"},\"image\":{\"@id\":\"https:\/\/www.swissfairtrade.ch\/fr\/champs-d-actions\/centre-de-competences-3\/justice-commerciale\/#primaryimage\"},\"thumbnailUrl\":\"https:\/\/www.swissfairtrade.ch\/wp-content\/uploads\/handelsgerechtigkeit.jpg\",\"datePublished\":\"2018-08-29T17:42:30+00:00\",\"dateModified\":\"2018-08-29T17:44:55+00:00\",\"breadcrumb\":{\"@id\":\"https:\/\/www.swissfairtrade.ch\/fr\/champs-d-actions\/centre-de-competences-3\/justice-commerciale\/#breadcrumb\"},\"inLanguage\":\"fr-FR\",\"potentialAction\":[{\"@type\":\"ReadAction\",\"target\":[\"https:\/\/www.swissfairtrade.ch\/fr\/champs-d-actions\/centre-de-competences-3\/justice-commerciale\/\"]}]},{\"@type\":\"ImageObject\",\"inLanguage\":\"fr-FR\",\"@id\":\"https:\/\/www.swissfairtrade.ch\/fr\/champs-d-actions\/centre-de-competences-3\/justice-commerciale\/#primaryimage\",\"url\":\"https:\/\/www.swissfairtrade.ch\/wp-content\/uploads\/handelsgerechtigkeit.jpg\",\"contentUrl\":\"https:\/\/www.swissfairtrade.ch\/wp-content\/uploads\/handelsgerechtigkeit.jpg\",\"width\":4288,\"height\":2848},{\"@type\":\"BreadcrumbList\",\"@id\":\"https:\/\/www.swissfairtrade.ch\/fr\/champs-d-actions\/centre-de-competences-3\/justice-commerciale\/#breadcrumb\",\"itemListElement\":[{\"@type\":\"ListItem\",\"position\":1,\"name\":\"Home\",\"item\":\"https:\/\/www.swissfairtrade.ch\/fr\/\"},{\"@type\":\"ListItem\",\"position\":2,\"name\":\"Champs d\u2019actions\",\"item\":\"https:\/\/www.swissfairtrade.ch\/fr\/champs-d-actions\/\"},{\"@type\":\"ListItem\",\"position\":3,\"name\":\"Centre de comp\u00e9tences\",\"item\":\"https:\/\/www.swissfairtrade.ch\/fr\/champs-d-actions\/centre-de-competences-3\/\"},{\"@type\":\"ListItem\",\"position\":4,\"name\":\"Justice commerciale\"}]},{\"@type\":\"WebSite\",\"@id\":\"https:\/\/www.swissfairtrade.ch\/it\/#website\",\"url\":\"https:\/\/www.swissfairtrade.ch\/it\/\",\"name\":\"Swiss Fair Trade\",\"description\":\"\",\"publisher\":{\"@id\":\"https:\/\/www.swissfairtrade.ch\/it\/#organization\"},\"potentialAction\":[{\"@type\":\"SearchAction\",\"target\":{\"@type\":\"EntryPoint\",\"urlTemplate\":\"https:\/\/www.swissfairtrade.ch\/it\/?s={search_term_string}\"},\"query-input\":{\"@type\":\"PropertyValueSpecification\",\"valueRequired\":true,\"valueName\":\"search_term_string\"}}],\"inLanguage\":\"fr-FR\"},{\"@type\":\"Organization\",\"@id\":\"https:\/\/www.swissfairtrade.ch\/it\/#organization\",\"name\":\"Swiss Fair Trade\",\"url\":\"https:\/\/www.swissfairtrade.ch\/it\/\",\"logo\":{\"@type\":\"ImageObject\",\"inLanguage\":\"fr-FR\",\"@id\":\"https:\/\/www.swissfairtrade.ch\/it\/#\/schema\/logo\/image\/\",\"url\":\"https:\/\/www.swissfairtrade.ch\/wp-content\/uploads\/SwissFairTrade-Logo-rgb-203.51.59-web.png\",\"contentUrl\":\"https:\/\/www.swissfairtrade.ch\/wp-content\/uploads\/SwissFairTrade-Logo-rgb-203.51.59-web.png\",\"width\":130,\"height\":115,\"caption\":\"Swiss Fair Trade\"},\"image\":{\"@id\":\"https:\/\/www.swissfairtrade.ch\/it\/#\/schema\/logo\/image\/\"}}]}<\/script>\n<!-- \/ Yoast SEO plugin. -->","yoast_head_json":{"title":"Justice commerciale - Swiss Fair Trade","robots":{"index":"index","follow":"follow","max-snippet":"max-snippet:-1","max-image-preview":"max-image-preview:large","max-video-preview":"max-video-preview:-1"},"canonical":"https:\/\/www.swissfairtrade.ch\/fr\/champs-d-actions\/centre-de-competences-3\/justice-commerciale\/","og_locale":"fr_FR","og_type":"article","og_title":"Justice commerciale - Swiss Fair Trade","og_description":"Le commerce agricole est indispensable pour garantir les conditions de vie dignes des paysannes et des paysans des pays du Sud.","og_url":"https:\/\/www.swissfairtrade.ch\/fr\/champs-d-actions\/centre-de-competences-3\/justice-commerciale\/","og_site_name":"Swiss Fair Trade","article_modified_time":"2018-08-29T17:44:55+00:00","og_image":[{"width":4288,"height":2848,"url":"https:\/\/www.swissfairtrade.ch\/wp-content\/uploads\/handelsgerechtigkeit.jpg","type":"image\/jpeg"}],"twitter_card":"summary_large_image","twitter_misc":{"Dur\u00e9e de lecture estim\u00e9e":"6 minutes"},"schema":{"@context":"https:\/\/schema.org","@graph":[{"@type":"WebPage","@id":"https:\/\/www.swissfairtrade.ch\/fr\/champs-d-actions\/centre-de-competences-3\/justice-commerciale\/","url":"https:\/\/www.swissfairtrade.ch\/fr\/champs-d-actions\/centre-de-competences-3\/justice-commerciale\/","name":"Justice commerciale - Swiss Fair Trade","isPartOf":{"@id":"https:\/\/www.swissfairtrade.ch\/it\/#website"},"primaryImageOfPage":{"@id":"https:\/\/www.swissfairtrade.ch\/fr\/champs-d-actions\/centre-de-competences-3\/justice-commerciale\/#primaryimage"},"image":{"@id":"https:\/\/www.swissfairtrade.ch\/fr\/champs-d-actions\/centre-de-competences-3\/justice-commerciale\/#primaryimage"},"thumbnailUrl":"https:\/\/www.swissfairtrade.ch\/wp-content\/uploads\/handelsgerechtigkeit.jpg","datePublished":"2018-08-29T17:42:30+00:00","dateModified":"2018-08-29T17:44:55+00:00","breadcrumb":{"@id":"https:\/\/www.swissfairtrade.ch\/fr\/champs-d-actions\/centre-de-competences-3\/justice-commerciale\/#breadcrumb"},"inLanguage":"fr-FR","potentialAction":[{"@type":"ReadAction","target":["https:\/\/www.swissfairtrade.ch\/fr\/champs-d-actions\/centre-de-competences-3\/justice-commerciale\/"]}]},{"@type":"ImageObject","inLanguage":"fr-FR","@id":"https:\/\/www.swissfairtrade.ch\/fr\/champs-d-actions\/centre-de-competences-3\/justice-commerciale\/#primaryimage","url":"https:\/\/www.swissfairtrade.ch\/wp-content\/uploads\/handelsgerechtigkeit.jpg","contentUrl":"https:\/\/www.swissfairtrade.ch\/wp-content\/uploads\/handelsgerechtigkeit.jpg","width":4288,"height":2848},{"@type":"BreadcrumbList","@id":"https:\/\/www.swissfairtrade.ch\/fr\/champs-d-actions\/centre-de-competences-3\/justice-commerciale\/#breadcrumb","itemListElement":[{"@type":"ListItem","position":1,"name":"Home","item":"https:\/\/www.swissfairtrade.ch\/fr\/"},{"@type":"ListItem","position":2,"name":"Champs d\u2019actions","item":"https:\/\/www.swissfairtrade.ch\/fr\/champs-d-actions\/"},{"@type":"ListItem","position":3,"name":"Centre de comp\u00e9tences","item":"https:\/\/www.swissfairtrade.ch\/fr\/champs-d-actions\/centre-de-competences-3\/"},{"@type":"ListItem","position":4,"name":"Justice commerciale"}]},{"@type":"WebSite","@id":"https:\/\/www.swissfairtrade.ch\/it\/#website","url":"https:\/\/www.swissfairtrade.ch\/it\/","name":"Swiss Fair Trade","description":"","publisher":{"@id":"https:\/\/www.swissfairtrade.ch\/it\/#organization"},"potentialAction":[{"@type":"SearchAction","target":{"@type":"EntryPoint","urlTemplate":"https:\/\/www.swissfairtrade.ch\/it\/?s={search_term_string}"},"query-input":{"@type":"PropertyValueSpecification","valueRequired":true,"valueName":"search_term_string"}}],"inLanguage":"fr-FR"},{"@type":"Organization","@id":"https:\/\/www.swissfairtrade.ch\/it\/#organization","name":"Swiss Fair Trade","url":"https:\/\/www.swissfairtrade.ch\/it\/","logo":{"@type":"ImageObject","inLanguage":"fr-FR","@id":"https:\/\/www.swissfairtrade.ch\/it\/#\/schema\/logo\/image\/","url":"https:\/\/www.swissfairtrade.ch\/wp-content\/uploads\/SwissFairTrade-Logo-rgb-203.51.59-web.png","contentUrl":"https:\/\/www.swissfairtrade.ch\/wp-content\/uploads\/SwissFairTrade-Logo-rgb-203.51.59-web.png","width":130,"height":115,"caption":"Swiss Fair Trade"},"image":{"@id":"https:\/\/www.swissfairtrade.ch\/it\/#\/schema\/logo\/image\/"}}]}},"_links":{"self":[{"href":"https:\/\/www.swissfairtrade.ch\/fr\/wp-json\/wp\/v2\/pages\/3456","targetHints":{"allow":["GET"]}}],"collection":[{"href":"https:\/\/www.swissfairtrade.ch\/fr\/wp-json\/wp\/v2\/pages"}],"about":[{"href":"https:\/\/www.swissfairtrade.ch\/fr\/wp-json\/wp\/v2\/types\/page"}],"author":[{"embeddable":true,"href":"https:\/\/www.swissfairtrade.ch\/fr\/wp-json\/wp\/v2\/users\/2"}],"replies":[{"embeddable":true,"href":"https:\/\/www.swissfairtrade.ch\/fr\/wp-json\/wp\/v2\/comments?post=3456"}],"version-history":[{"count":0,"href":"https:\/\/www.swissfairtrade.ch\/fr\/wp-json\/wp\/v2\/pages\/3456\/revisions"}],"up":[{"embeddable":true,"href":"https:\/\/www.swissfairtrade.ch\/fr\/wp-json\/wp\/v2\/pages\/3425"}],"wp:featuredmedia":[{"embeddable":true,"href":"https:\/\/www.swissfairtrade.ch\/fr\/wp-json\/wp\/v2\/media\/2807"}],"wp:attachment":[{"href":"https:\/\/www.swissfairtrade.ch\/fr\/wp-json\/wp\/v2\/media?parent=3456"}],"wp:term":[{"taxonomy":"hauptseiten-kategorie","embeddable":true,"href":"https:\/\/www.swissfairtrade.ch\/fr\/wp-json\/wp\/v2\/hauptseiten-kategorie?post=3456"}],"curies":[{"name":"wp","href":"https:\/\/api.w.org\/{rel}","templated":true}]}}