{"id":3434,"date":"2018-08-29T18:58:04","date_gmt":"2018-08-29T16:58:04","guid":{"rendered":"https:\/\/imagotest.ch\/swissfairtrade\/?page_id=3434"},"modified":"2025-05-26T13:21:15","modified_gmt":"2025-05-26T11:21:15","slug":"defense-dinterets","status":"publish","type":"page","link":"https:\/\/www.swissfairtrade.ch\/fr\/champs-d-actions\/defense-dinterets\/","title":{"rendered":"D\u00e9fense d\u2019int\u00e9r\u00eats et formation"},"content":{"rendered":"<div class=\"wpb-content-wrapper\"><p>[vc_row full_width=\u00a0\u00bbstretch_row\u00a0\u00bb content_placement=\u00a0\u00bbbottom\u00a0\u00bb parallax=\u00a0\u00bbcontent-moving-fade\u00a0\u00bb parallax_image=\u00a0\u00bb2959&Prime; css=\u00a0\u00bb.vc_custom_1535916510486{background: rgba(196,196,196,0.71) url(https:\/\/www.swissfairtrade.ch\/wp-content\/uploads\/252806-EQIMAGES_356449.jpg?id=2609);background-position: center;background-repeat: no-repeat !important;background-size: cover !important;*background-color: rgb(196,196,196) !important;}\u00a0\u00bb el_class=\u00a0\u00bbheader\u00a0\u00bb][vc_column][vc_column_text css=\u00a0\u00bb\u00a0\u00bb el_class=\u00a0\u00bbtxt-white\u00a0\u00bb]<\/p>\n<div class=\"annot\">\n<div class=\"row-main\">\n<div class=\"text\">\n<h1><span data-olk-copy-source=\"MessageBody\">Politique<\/span><\/h1>\n<h2><span data-olk-copy-source=\"MessageBody\">Engagement politique pour un commerce mondial plus \u00e9quitabl<\/span>e.<\/h2>\n<\/div>\n<\/div>\n<\/div>\n<p>[\/vc_column_text][\/vc_column][\/vc_row][vc_row][vc_column][vc_column_text css=\u00a0\u00bb\u00a0\u00bb]<\/p>\n<div>\n<p><b><span data-olk-copy-source=\"MessageBody\">Une voix forte du commerce \u00e9quitable dans les processus politiques<\/span><\/b><\/p>\n<\/div>\n<div>\n<p>En tant que repr\u00e9sentante du commerce \u00e9quitable et des travailleur\u00b7euse\u00b7s du Sud global, Swiss Fair Trade\u00a0apporte une expertise solide et relaie les pr\u00e9occupations de ses membres dans les processus politiques. Elle entretient un dialogue constructif avec les milieux politiques, \u00e9ducatifs et administratifs, et prend position sur les questions cl\u00e9s li\u00e9es au commerce, \u00e0 la durabilit\u00e9 et \u00e0 la coop\u00e9ration internationale. L\u2019organisation plaide pour des r\u00e9glementations qui garantissent des normes sociales et environnementales \u00e9lev\u00e9es, pour des crit\u00e8res d\u2019achat public plus durables, et pour une Suisse qui assume pleinement sa responsabilit\u00e9 en tant que place \u00e9conomique et commerciale.<\/p>\n<\/div>\n<div>\n<p><b><br \/>\nCoop\u00e9rer pour des changements concrets<\/b><\/p>\n<\/div>\n<div>\n<p>Concr\u00e8tement, Swiss Fair Trade\u00a0s&rsquo;engage dans des consultations, prend position publiquement, soutient des initiatives parlementaires et m\u00e8ne des campagnes politiques. Elle collabore avec des r\u00e9seaux de la soci\u00e9t\u00e9 civile, des ONG de d\u00e9veloppement et des acteurs du commerce \u00e9quitable afin de g\u00e9n\u00e9rer ensemble des changements structurels et durables.<\/p>\n<\/div>\n<p><b><br \/>\nNotre vision : un syst\u00e8me \u00e9conomique plus juste<\/b><\/p>\n<div>\n<p>Notre ambition est claire : faire \u00e9merger un syst\u00e8me \u00e9conomique qui respecte les droits humains, prot\u00e8ge l\u2019environnement et offre des perspectives \u00e9quitables \u00e0 toutes et tous \u2013 un syst\u00e8me dans lequel la Suisse joue un r\u00f4le moteur.<\/p>\n<p>En savoir plus sur notre engagement en faveur de la responsabilit\u00e9 des entreprises<\/p>\n<\/div>\n<p>[\/vc_column_text][\/vc_column][\/vc_row][vc_row][vc_column][vc_basic_grid post_type=\u00a0\u00bbpage\u00a0\u00bb max_items=\u00a0\u00bb-1&Prime; element_width=\u00a0\u00bb6&Prime; gap=\u00a0\u00bb10&Prime; item=\u00a0\u00bb1885&Prime; grid_id=\u00a0\u00bbvc_gid:1748257945826-839019b1-dce4-1&Prime; taxonomies=\u00a0\u00bb239&Prime;][\/vc_column][\/vc_row]<\/p>\n<\/div>","protected":false},"excerpt":{"rendered":"<p>Revendications du commerce \u00e9quitable.<\/p>\n","protected":false},"author":2,"featured_media":2609,"parent":3385,"menu_order":10,"comment_status":"closed","ping_status":"closed","template":"","meta":{"generate_page_header":"","footnotes":"","_links_to":"","_links_to_target":""},"hauptseiten-kategorie":[242],"class_list":{"0":"post-3434","1":"page","2":"type-page","3":"status-publish","4":"has-post-thumbnail","6":"hauptseiten-kategorie-schwerpunkte"},"yoast_head":"<!-- This site is optimized with the Yoast SEO plugin v26.2 - https:\/\/yoast.com\/wordpress\/plugins\/seo\/ -->\n<title>D\u00e9fense d\u2019int\u00e9r\u00eats et formation - Swiss Fair Trade<\/title>\n<meta name=\"robots\" content=\"index, follow, max-snippet:-1, max-image-preview:large, max-video-preview:-1\" \/>\n<link rel=\"canonical\" href=\"https:\/\/www.swissfairtrade.ch\/fr\/champs-d-actions\/defense-dinterets\/\" \/>\n<meta property=\"og:locale\" content=\"fr_FR\" \/>\n<meta property=\"og:type\" content=\"article\" \/>\n<meta property=\"og:title\" content=\"D\u00e9fense d\u2019int\u00e9r\u00eats et formation - Swiss Fair Trade\" \/>\n<meta property=\"og:description\" content=\"Revendications du commerce \u00e9quitable.\" \/>\n<meta property=\"og:url\" content=\"https:\/\/www.swissfairtrade.ch\/fr\/champs-d-actions\/defense-dinterets\/\" \/>\n<meta property=\"og:site_name\" content=\"Swiss Fair Trade\" \/>\n<meta property=\"article:modified_time\" content=\"2025-05-26T11:21:15+00:00\" \/>\n<meta property=\"og:image\" content=\"https:\/\/www.swissfairtrade.ch\/wp-content\/uploads\/252806-EQIMAGES_356449.jpg\" \/>\n\t<meta property=\"og:image:width\" content=\"680\" \/>\n\t<meta property=\"og:image:height\" content=\"378\" \/>\n\t<meta property=\"og:image:type\" content=\"image\/jpeg\" \/>\n<meta name=\"twitter:card\" content=\"summary_large_image\" \/>\n<meta name=\"twitter:label1\" content=\"Dur\u00e9e de lecture estim\u00e9e\" \/>\n\t<meta name=\"twitter:data1\" content=\"2 minutes\" \/>\n<script type=\"application\/ld+json\" class=\"yoast-schema-graph\">{\"@context\":\"https:\/\/schema.org\",\"@graph\":[{\"@type\":\"WebPage\",\"@id\":\"https:\/\/www.swissfairtrade.ch\/fr\/champs-d-actions\/defense-dinterets\/\",\"url\":\"https:\/\/www.swissfairtrade.ch\/fr\/champs-d-actions\/defense-dinterets\/\",\"name\":\"D\u00e9fense d\u2019int\u00e9r\u00eats et formation - Swiss Fair Trade\",\"isPartOf\":{\"@id\":\"https:\/\/www.swissfairtrade.ch\/it\/#website\"},\"primaryImageOfPage\":{\"@id\":\"https:\/\/www.swissfairtrade.ch\/fr\/champs-d-actions\/defense-dinterets\/#primaryimage\"},\"image\":{\"@id\":\"https:\/\/www.swissfairtrade.ch\/fr\/champs-d-actions\/defense-dinterets\/#primaryimage\"},\"thumbnailUrl\":\"https:\/\/www.swissfairtrade.ch\/wp-content\/uploads\/252806-EQIMAGES_356449.jpg\",\"datePublished\":\"2018-08-29T16:58:04+00:00\",\"dateModified\":\"2025-05-26T11:21:15+00:00\",\"breadcrumb\":{\"@id\":\"https:\/\/www.swissfairtrade.ch\/fr\/champs-d-actions\/defense-dinterets\/#breadcrumb\"},\"inLanguage\":\"fr-FR\",\"potentialAction\":[{\"@type\":\"ReadAction\",\"target\":[\"https:\/\/www.swissfairtrade.ch\/fr\/champs-d-actions\/defense-dinterets\/\"]}]},{\"@type\":\"ImageObject\",\"inLanguage\":\"fr-FR\",\"@id\":\"https:\/\/www.swissfairtrade.ch\/fr\/champs-d-actions\/defense-dinterets\/#primaryimage\",\"url\":\"https:\/\/www.swissfairtrade.ch\/wp-content\/uploads\/252806-EQIMAGES_356449.jpg\",\"contentUrl\":\"https:\/\/www.swissfairtrade.ch\/wp-content\/uploads\/252806-EQIMAGES_356449.jpg\",\"width\":680,\"height\":378},{\"@type\":\"BreadcrumbList\",\"@id\":\"https:\/\/www.swissfairtrade.ch\/fr\/champs-d-actions\/defense-dinterets\/#breadcrumb\",\"itemListElement\":[{\"@type\":\"ListItem\",\"position\":1,\"name\":\"Home\",\"item\":\"https:\/\/www.swissfairtrade.ch\/fr\/\"},{\"@type\":\"ListItem\",\"position\":2,\"name\":\"Champs d\u2019actions\",\"item\":\"https:\/\/www.swissfairtrade.ch\/fr\/champs-d-actions\/\"},{\"@type\":\"ListItem\",\"position\":3,\"name\":\"D\u00e9fense d\u2019int\u00e9r\u00eats et formation\"}]},{\"@type\":\"WebSite\",\"@id\":\"https:\/\/www.swissfairtrade.ch\/it\/#website\",\"url\":\"https:\/\/www.swissfairtrade.ch\/it\/\",\"name\":\"Swiss Fair Trade\",\"description\":\"\",\"publisher\":{\"@id\":\"https:\/\/www.swissfairtrade.ch\/it\/#organization\"},\"potentialAction\":[{\"@type\":\"SearchAction\",\"target\":{\"@type\":\"EntryPoint\",\"urlTemplate\":\"https:\/\/www.swissfairtrade.ch\/it\/?s={search_term_string}\"},\"query-input\":{\"@type\":\"PropertyValueSpecification\",\"valueRequired\":true,\"valueName\":\"search_term_string\"}}],\"inLanguage\":\"fr-FR\"},{\"@type\":\"Organization\",\"@id\":\"https:\/\/www.swissfairtrade.ch\/it\/#organization\",\"name\":\"Swiss Fair Trade\",\"url\":\"https:\/\/www.swissfairtrade.ch\/it\/\",\"logo\":{\"@type\":\"ImageObject\",\"inLanguage\":\"fr-FR\",\"@id\":\"https:\/\/www.swissfairtrade.ch\/it\/#\/schema\/logo\/image\/\",\"url\":\"https:\/\/www.swissfairtrade.ch\/wp-content\/uploads\/SwissFairTrade-Logo-rgb-203.51.59-web.png\",\"contentUrl\":\"https:\/\/www.swissfairtrade.ch\/wp-content\/uploads\/SwissFairTrade-Logo-rgb-203.51.59-web.png\",\"width\":130,\"height\":115,\"caption\":\"Swiss Fair Trade\"},\"image\":{\"@id\":\"https:\/\/www.swissfairtrade.ch\/it\/#\/schema\/logo\/image\/\"}}]}<\/script>\n<!-- \/ Yoast SEO plugin. -->","yoast_head_json":{"title":"D\u00e9fense d\u2019int\u00e9r\u00eats et formation - Swiss Fair Trade","robots":{"index":"index","follow":"follow","max-snippet":"max-snippet:-1","max-image-preview":"max-image-preview:large","max-video-preview":"max-video-preview:-1"},"canonical":"https:\/\/www.swissfairtrade.ch\/fr\/champs-d-actions\/defense-dinterets\/","og_locale":"fr_FR","og_type":"article","og_title":"D\u00e9fense d\u2019int\u00e9r\u00eats et formation - Swiss Fair Trade","og_description":"Revendications du commerce \u00e9quitable.","og_url":"https:\/\/www.swissfairtrade.ch\/fr\/champs-d-actions\/defense-dinterets\/","og_site_name":"Swiss Fair Trade","article_modified_time":"2025-05-26T11:21:15+00:00","og_image":[{"width":680,"height":378,"url":"https:\/\/www.swissfairtrade.ch\/wp-content\/uploads\/252806-EQIMAGES_356449.jpg","type":"image\/jpeg"}],"twitter_card":"summary_large_image","twitter_misc":{"Dur\u00e9e de lecture estim\u00e9e":"2 minutes"},"schema":{"@context":"https:\/\/schema.org","@graph":[{"@type":"WebPage","@id":"https:\/\/www.swissfairtrade.ch\/fr\/champs-d-actions\/defense-dinterets\/","url":"https:\/\/www.swissfairtrade.ch\/fr\/champs-d-actions\/defense-dinterets\/","name":"D\u00e9fense d\u2019int\u00e9r\u00eats et formation - Swiss Fair Trade","isPartOf":{"@id":"https:\/\/www.swissfairtrade.ch\/it\/#website"},"primaryImageOfPage":{"@id":"https:\/\/www.swissfairtrade.ch\/fr\/champs-d-actions\/defense-dinterets\/#primaryimage"},"image":{"@id":"https:\/\/www.swissfairtrade.ch\/fr\/champs-d-actions\/defense-dinterets\/#primaryimage"},"thumbnailUrl":"https:\/\/www.swissfairtrade.ch\/wp-content\/uploads\/252806-EQIMAGES_356449.jpg","datePublished":"2018-08-29T16:58:04+00:00","dateModified":"2025-05-26T11:21:15+00:00","breadcrumb":{"@id":"https:\/\/www.swissfairtrade.ch\/fr\/champs-d-actions\/defense-dinterets\/#breadcrumb"},"inLanguage":"fr-FR","potentialAction":[{"@type":"ReadAction","target":["https:\/\/www.swissfairtrade.ch\/fr\/champs-d-actions\/defense-dinterets\/"]}]},{"@type":"ImageObject","inLanguage":"fr-FR","@id":"https:\/\/www.swissfairtrade.ch\/fr\/champs-d-actions\/defense-dinterets\/#primaryimage","url":"https:\/\/www.swissfairtrade.ch\/wp-content\/uploads\/252806-EQIMAGES_356449.jpg","contentUrl":"https:\/\/www.swissfairtrade.ch\/wp-content\/uploads\/252806-EQIMAGES_356449.jpg","width":680,"height":378},{"@type":"BreadcrumbList","@id":"https:\/\/www.swissfairtrade.ch\/fr\/champs-d-actions\/defense-dinterets\/#breadcrumb","itemListElement":[{"@type":"ListItem","position":1,"name":"Home","item":"https:\/\/www.swissfairtrade.ch\/fr\/"},{"@type":"ListItem","position":2,"name":"Champs d\u2019actions","item":"https:\/\/www.swissfairtrade.ch\/fr\/champs-d-actions\/"},{"@type":"ListItem","position":3,"name":"D\u00e9fense d\u2019int\u00e9r\u00eats et formation"}]},{"@type":"WebSite","@id":"https:\/\/www.swissfairtrade.ch\/it\/#website","url":"https:\/\/www.swissfairtrade.ch\/it\/","name":"Swiss Fair Trade","description":"","publisher":{"@id":"https:\/\/www.swissfairtrade.ch\/it\/#organization"},"potentialAction":[{"@type":"SearchAction","target":{"@type":"EntryPoint","urlTemplate":"https:\/\/www.swissfairtrade.ch\/it\/?s={search_term_string}"},"query-input":{"@type":"PropertyValueSpecification","valueRequired":true,"valueName":"search_term_string"}}],"inLanguage":"fr-FR"},{"@type":"Organization","@id":"https:\/\/www.swissfairtrade.ch\/it\/#organization","name":"Swiss Fair Trade","url":"https:\/\/www.swissfairtrade.ch\/it\/","logo":{"@type":"ImageObject","inLanguage":"fr-FR","@id":"https:\/\/www.swissfairtrade.ch\/it\/#\/schema\/logo\/image\/","url":"https:\/\/www.swissfairtrade.ch\/wp-content\/uploads\/SwissFairTrade-Logo-rgb-203.51.59-web.png","contentUrl":"https:\/\/www.swissfairtrade.ch\/wp-content\/uploads\/SwissFairTrade-Logo-rgb-203.51.59-web.png","width":130,"height":115,"caption":"Swiss Fair Trade"},"image":{"@id":"https:\/\/www.swissfairtrade.ch\/it\/#\/schema\/logo\/image\/"}}]}},"_links":{"self":[{"href":"https:\/\/www.swissfairtrade.ch\/fr\/wp-json\/wp\/v2\/pages\/3434","targetHints":{"allow":["GET"]}}],"collection":[{"href":"https:\/\/www.swissfairtrade.ch\/fr\/wp-json\/wp\/v2\/pages"}],"about":[{"href":"https:\/\/www.swissfairtrade.ch\/fr\/wp-json\/wp\/v2\/types\/page"}],"author":[{"embeddable":true,"href":"https:\/\/www.swissfairtrade.ch\/fr\/wp-json\/wp\/v2\/users\/2"}],"replies":[{"embeddable":true,"href":"https:\/\/www.swissfairtrade.ch\/fr\/wp-json\/wp\/v2\/comments?post=3434"}],"version-history":[{"count":0,"href":"https:\/\/www.swissfairtrade.ch\/fr\/wp-json\/wp\/v2\/pages\/3434\/revisions"}],"up":[{"embeddable":true,"href":"https:\/\/www.swissfairtrade.ch\/fr\/wp-json\/wp\/v2\/pages\/3385"}],"wp:featuredmedia":[{"embeddable":true,"href":"https:\/\/www.swissfairtrade.ch\/fr\/wp-json\/wp\/v2\/media\/2609"}],"wp:attachment":[{"href":"https:\/\/www.swissfairtrade.ch\/fr\/wp-json\/wp\/v2\/media?parent=3434"}],"wp:term":[{"taxonomy":"hauptseiten-kategorie","embeddable":true,"href":"https:\/\/www.swissfairtrade.ch\/fr\/wp-json\/wp\/v2\/hauptseiten-kategorie?post=3434"}],"curies":[{"name":"wp","href":"https:\/\/api.w.org\/{rel}","templated":true}]}}