{"id":3422,"date":"2018-08-29T18:48:01","date_gmt":"2018-08-29T16:48:01","guid":{"rendered":"https:\/\/imagotest.ch\/swissfairtrade\/?page_id=3422"},"modified":"2024-01-09T15:10:39","modified_gmt":"2024-01-09T14:10:39","slug":"portrait","status":"publish","type":"page","link":"https:\/\/www.swissfairtrade.ch\/fr\/portrait\/","title":{"rendered":"Portrait"},"content":{"rendered":"<div class=\"wpb-content-wrapper\"><p>[vc_row full_width=\u00a0\u00bbstretch_row\u00a0\u00bb content_placement=\u00a0\u00bbbottom\u00a0\u00bb parallax=\u00a0\u00bbcontent-moving-fade\u00a0\u00bb parallax_image=\u00a0\u00bb2959&Prime; css=\u00a0\u00bb.vc_custom_1534757779143{background: rgba(196,196,196,0.71) url(https:\/\/www.swissfairtrade.ch\/wp-content\/uploads\/DSC_9806.jpg?id=2664);background-position: center;background-repeat: no-repeat !important;background-size: cover !important;*background-color: rgb(196,196,196) !important;}\u00a0\u00bb el_class=\u00a0\u00bbheader\u00a0\u00bb][vc_column][vc_column_text el_class=\u00a0\u00bbtxt-white\u00a0\u00bb]<\/p>\n<div class=\"annot\">\n<div class=\"row-main\">\n<div class=\"text\">\n<h1>Association<\/h1>\n<div class=\"csc-header csc-header-n1\">\n<h2 class=\"csc-firstHeader\">Swiss Fair Trade se pr\u00e9sente.<\/h2>\n<\/div>\n<div class=\"csc-content\"><\/div>\n<\/div>\n<\/div>\n<\/div>\n<p>[\/vc_column_text][\/vc_column][\/vc_row][vc_row][vc_column][vc_column_text]<\/p>\n<p class=\"bodytext\">Swiss Trade est l&rsquo;organisation fa\u00eeti\u00e8re des organisations du commerce \u00e9quitable en Suisse. L&rsquo;association a \u00e9t\u00e9 fond\u00e9e en octobre 2007, poursuivant ainsi l&rsquo;activit\u00e9 du Forum suisse pour le commerce \u00e9quitable.<\/p>\n<p class=\"bodytext\">La mission de Swiss Fair Trade est la promotion du commerce \u00e9quitable en Suisse, le renforcement de ses structures et l&rsquo;\u00e9tablissement d&rsquo;exigence et de normes exigeantes en la mati\u00e8re.<\/p>\n<p>[\/vc_column_text][vc_column_text]<\/p>\n<p class=\"bodytext\"><span lang=\"FR-CH\"><b>Les domaines d&rsquo;activit\u00e9 de Swiss Fair Trade :<\/b><\/span><\/p>\n<p class=\"bodytext\"><span lang=\"FR-CH\"><b><a href=\"https:\/\/www.swissfairtrade.ch\/fr\/themes\/centre-de-competences\/\">Centre de comp\u00e9tences<\/a><br \/>\n<\/b><span class=\"ui-provider a b c d e f g h i j k l m n o p q r s t u v w x y z ab ac ae af ag ah ai aj ak\" dir=\"ltr\">Swiss Fair Trade soutient et promeut le commerce \u00e9quitable en Suisse, encourage l&rsquo;\u00e9change de savoir-faire sur les th\u00e8mes qui font l&rsquo;actualit\u00e9 et contribue \u00e0 la mise en place de standards \u00e9lev\u00e9s en la mati\u00e8re.<\/span><br \/>\n<\/span><\/p>\n<p class=\"bodytext\"><a href=\"https:\/\/www.swissfairtrade.ch\/fr\/themes\/defense-dinterets\/\"><span lang=\"FR-CH\"><b>D\u00e9fense d\u2019int\u00e9r\u00eats<br \/>\n<\/b><\/span><\/a><span lang=\"FR-CH\">Par son travail politique, Swiss Fair Trade d\u00e9fend les int\u00e9r\u00eats du commerce \u00e9quitable et s\u2019engage pour en am\u00e9liorer le cadre juridique et son acceptation au sein de la soci\u00e9t\u00e9 suisse.<\/span><\/p>\n<p class=\"bodytext\"><span lang=\"FR-CH\"><b><a href=\"https:\/\/www.swissfairtrade.ch\/fr\/themes\/fair-trade-town\/\">Information et \u00e9change<\/a><br \/>\n<\/b>En tant que centre de comp\u00e9tence, Swiss Fair Trade informe le public de l\u2019\u00e9volution du commerce \u00e9quitable et sert d\u2019interlocutrice \u00e0 la population comme aux m\u00e9dias. L&rsquo;association est garante de la\u00a0<a href=\"http:\/\/www.fairtradetown.ch\/fr\" target=\"_blank\" rel=\"noopener\">campagne Fair Trade Town<\/a>\u00a0qui d\u00e9cerne une distinction aux villes et aux communes s\u2019engageant pour le commerce \u00e9quitable<\/span><\/p>\n<p>&nbsp;<\/p>\n<p><strong>R\u00e9seau<\/strong><\/p>\n<p>Swiss Fair Trade fait partie de <a href=\"https:\/\/www.fairtradetowns.org\/\" target=\"_blank\" rel=\"noopener\">Fair Trade Towns International<\/a>, est membre de la <a href=\"https:\/\/wfto.com\/\" target=\"_blank\" rel=\"noopener\">World Fair Trade Organization<\/a>, membre du consortium de <a href=\"https:\/\/www.sts2030.ch\/?lang=fr\" target=\"_blank\" rel=\"noopener\">Sustainable Textiles Switzerland 2030<\/a> et membre associ\u00e9 de l&rsquo;<a href=\"https:\/\/www.agrarallianz.ch\/fr\/enjeux\/\" target=\"_blank\" rel=\"noopener\">Alliance Agraire<\/a>.<\/p>\n<p><img loading=\"lazy\" decoding=\"async\" class=\"alignnone wp-image-12392\" src=\"https:\/\/www.swissfairtrade.ch\/wp-content\/uploads\/FTT-International-Logo.gif\" alt=\"\" width=\"128\" height=\"70\" \/>\u00a0 \u00a0 \u00a0<img loading=\"lazy\" decoding=\"async\" class=\"alignnone wp-image-12401\" src=\"https:\/\/www.swissfairtrade.ch\/wp-content\/uploads\/WFTO-Logo_Mark_Global_1.jpg\" alt=\"\" width=\"85\" height=\"85\" srcset=\"https:\/\/www.swissfairtrade.ch\/wp-content\/uploads\/WFTO-Logo_Mark_Global_1.jpg 454w, https:\/\/www.swissfairtrade.ch\/wp-content\/uploads\/WFTO-Logo_Mark_Global_1-280x280.jpg 280w, https:\/\/www.swissfairtrade.ch\/wp-content\/uploads\/WFTO-Logo_Mark_Global_1-300x300.jpg 300w\" sizes=\"auto, (max-width: 85px) 100vw, 85px\" \/>\u00a0 \u00a0 \u00a0<img loading=\"lazy\" decoding=\"async\" class=\"alignnone wp-image-12398\" src=\"https:\/\/www.swissfairtrade.ch\/wp-content\/uploads\/STS2030_LOGO_GRUEN_1-1024x189.png\" alt=\"\" width=\"298\" height=\"55\" srcset=\"https:\/\/www.swissfairtrade.ch\/wp-content\/uploads\/STS2030_LOGO_GRUEN_1-1024x189.png 1024w, https:\/\/www.swissfairtrade.ch\/wp-content\/uploads\/STS2030_LOGO_GRUEN_1-525x97.png 525w, https:\/\/www.swissfairtrade.ch\/wp-content\/uploads\/STS2030_LOGO_GRUEN_1-768x142.png 768w, https:\/\/www.swissfairtrade.ch\/wp-content\/uploads\/STS2030_LOGO_GRUEN_1-500x92.png 500w, https:\/\/www.swissfairtrade.ch\/wp-content\/uploads\/STS2030_LOGO_GRUEN_1.png 1145w\" sizes=\"auto, (max-width: 298px) 100vw, 298px\" \/>\u00a0 \u00a0 \u00a0<strong><img loading=\"lazy\" decoding=\"async\" class=\"alignnone wp-image-12404\" src=\"https:\/\/www.swissfairtrade.ch\/wp-content\/uploads\/agrarallianz_logo-1.png\" alt=\"\" width=\"208\" height=\"70\" \/><\/strong><\/p>\n<p>&nbsp;<\/p>\n<p><strong><span lang=\"FR-CH\">Contactez-nous<\/span><\/strong><\/p>\n<p>Swiss Fair Trade<br \/>\nMissionsstrasse 21<br \/>\nCH-4055 Basel<br \/>\n+41 61 260 21 60<br \/>\n<a href=\"mailto:info@swissfairtrade.ch\" target=\"_blank\" rel=\"noopener\">info@swissfairtrade.ch<\/a><\/p>\n<p><strong><span lang=\"FR-CH\">Coordonn\u00e9es bancaires<\/span><\/strong><\/p>\n<p>PostFinance: 60-390782-2<br \/>\nIBAN: CH09 0900 0000 6039 0782 2<br \/>\nBIC POFICHBEXXX[\/vc_column_text][\/vc_column][\/vc_row][vc_row][vc_column][vc_empty_space height=\u00a0\u00bb50px\u00a0\u00bb][vc_separator][vc_basic_grid post_type=\u00a0\u00bbpage\u00a0\u00bb max_items=\u00a0\u00bb-1&Prime; gap=\u00a0\u00bb10&Prime; orderby=\u00a0\u00bbID\u00a0\u00bb order=\u00a0\u00bbASC\u00a0\u00bb item=\u00a0\u00bb3318&Prime; initial_loading_animation=\u00a0\u00bbnone\u00a0\u00bb grid_id=\u00a0\u00bbvc_gid:1704809349824-acacfef9-93d4-8&Prime; taxonomies=\u00a0\u00bb241&Prime;][\/vc_column][\/vc_row]<\/p>\n<\/div>","protected":false},"excerpt":{"rendered":"<p>[vc_row full_width=\u00a0\u00bbstretch_row\u00a0\u00bb content_placement=\u00a0\u00bbbottom\u00a0\u00bb parallax=\u00a0\u00bbcontent-moving-fade\u00a0\u00bb parallax_image=\u00a0\u00bb2959&Prime; css=\u00a0\u00bb.vc_custom_1534757779143{background: rgba(196,196,196,0.71) url(https:\/\/www.swissfairtrade.ch\/wp-content\/uploads\/DSC_9806.jpg?id=2664);background-position: center;background-repeat: no-repeat !important;background-size: cover !important;*background-color: rgb(196,196,196) !important;}\u00a0\u00bb el_class=\u00a0\u00bbheader\u00a0\u00bb][vc_column][vc_column_text el_class=\u00a0\u00bbtxt-white\u00a0\u00bb] Association Swiss Fair Trade se pr\u00e9sente. [\/vc_column_text][\/vc_column][\/vc_row][vc_row][vc_column][vc_column_text] Swiss Trade est l&rsquo;organisation fa\u00eeti\u00e8re des organisations du commerce \u00e9quitable en Suisse. L&rsquo;association a \u00e9t\u00e9 fond\u00e9e en octobre 2007, poursuivant ainsi l&rsquo;activit\u00e9 du Forum suisse pour le commerce \u00e9quitable. La mission &#8230; <a title=\"Portrait\" class=\"read-more\" href=\"https:\/\/www.swissfairtrade.ch\/fr\/portrait\/\" aria-label=\"En savoir plus sur Portrait\">Read more<\/a><\/p>\n","protected":false},"author":2,"featured_media":0,"parent":0,"menu_order":10,"comment_status":"closed","ping_status":"closed","template":"","meta":{"generate_page_header":"","footnotes":"","_links_to":"","_links_to_target":""},"hauptseiten-kategorie":[],"class_list":["post-3422","page","type-page","status-publish"],"yoast_head":"<!-- This site is optimized with the Yoast SEO plugin v26.2 - https:\/\/yoast.com\/wordpress\/plugins\/seo\/ -->\n<title>Portrait - Swiss Fair Trade<\/title>\n<meta name=\"robots\" content=\"index, follow, max-snippet:-1, max-image-preview:large, max-video-preview:-1\" \/>\n<link rel=\"canonical\" href=\"https:\/\/www.swissfairtrade.ch\/fr\/portrait\/\" \/>\n<meta property=\"og:locale\" content=\"fr_FR\" \/>\n<meta property=\"og:type\" content=\"article\" \/>\n<meta property=\"og:title\" content=\"Portrait - Swiss Fair Trade\" \/>\n<meta property=\"og:description\" content=\"[vc_row full_width=\u00a0\u00bbstretch_row\u00a0\u00bb content_placement=\u00a0\u00bbbottom\u00a0\u00bb parallax=\u00a0\u00bbcontent-moving-fade\u00a0\u00bb parallax_image=\u00a0\u00bb2959&Prime; css=\u00a0\u00bb.vc_custom_1534757779143{background: rgba(196,196,196,0.71) url(https:\/\/www.swissfairtrade.ch\/wp-content\/uploads\/DSC_9806.jpg?id=2664);background-position: center;background-repeat: no-repeat !important;background-size: cover !important;*background-color: rgb(196,196,196) !important;}\u00a0\u00bb el_class=\u00a0\u00bbheader\u00a0\u00bb][vc_column][vc_column_text el_class=\u00a0\u00bbtxt-white\u00a0\u00bb] Association Swiss Fair Trade se pr\u00e9sente. [\/vc_column_text][\/vc_column][\/vc_row][vc_row][vc_column][vc_column_text] Swiss Trade est l&rsquo;organisation fa\u00eeti\u00e8re des organisations du commerce \u00e9quitable en Suisse. L&rsquo;association a \u00e9t\u00e9 fond\u00e9e en octobre 2007, poursuivant ainsi l&rsquo;activit\u00e9 du Forum suisse pour le commerce \u00e9quitable. La mission ... Read more\" \/>\n<meta property=\"og:url\" content=\"https:\/\/www.swissfairtrade.ch\/fr\/portrait\/\" \/>\n<meta property=\"og:site_name\" content=\"Swiss Fair Trade\" \/>\n<meta property=\"article:modified_time\" content=\"2024-01-09T14:10:39+00:00\" \/>\n<meta property=\"og:image\" content=\"https:\/\/www.swissfairtrade.ch\/wp-content\/uploads\/FTT-International-Logo.gif\" \/>\n<meta name=\"twitter:card\" content=\"summary_large_image\" \/>\n<meta name=\"twitter:label1\" content=\"Dur\u00e9e de lecture estim\u00e9e\" \/>\n\t<meta name=\"twitter:data1\" content=\"2 minutes\" \/>\n<script type=\"application\/ld+json\" class=\"yoast-schema-graph\">{\"@context\":\"https:\/\/schema.org\",\"@graph\":[{\"@type\":\"WebPage\",\"@id\":\"https:\/\/www.swissfairtrade.ch\/fr\/portrait\/\",\"url\":\"https:\/\/www.swissfairtrade.ch\/fr\/portrait\/\",\"name\":\"Portrait - Swiss Fair Trade\",\"isPartOf\":{\"@id\":\"https:\/\/www.swissfairtrade.ch\/it\/#website\"},\"primaryImageOfPage\":{\"@id\":\"https:\/\/www.swissfairtrade.ch\/fr\/portrait\/#primaryimage\"},\"image\":{\"@id\":\"https:\/\/www.swissfairtrade.ch\/fr\/portrait\/#primaryimage\"},\"thumbnailUrl\":\"https:\/\/www.swissfairtrade.ch\/wp-content\/uploads\/FTT-International-Logo.gif\",\"datePublished\":\"2018-08-29T16:48:01+00:00\",\"dateModified\":\"2024-01-09T14:10:39+00:00\",\"breadcrumb\":{\"@id\":\"https:\/\/www.swissfairtrade.ch\/fr\/portrait\/#breadcrumb\"},\"inLanguage\":\"fr-FR\",\"potentialAction\":[{\"@type\":\"ReadAction\",\"target\":[\"https:\/\/www.swissfairtrade.ch\/fr\/portrait\/\"]}]},{\"@type\":\"ImageObject\",\"inLanguage\":\"fr-FR\",\"@id\":\"https:\/\/www.swissfairtrade.ch\/fr\/portrait\/#primaryimage\",\"url\":\"https:\/\/www.swissfairtrade.ch\/wp-content\/uploads\/FTT-International-Logo.gif\",\"contentUrl\":\"https:\/\/www.swissfairtrade.ch\/wp-content\/uploads\/FTT-International-Logo.gif\"},{\"@type\":\"BreadcrumbList\",\"@id\":\"https:\/\/www.swissfairtrade.ch\/fr\/portrait\/#breadcrumb\",\"itemListElement\":[{\"@type\":\"ListItem\",\"position\":1,\"name\":\"Home\",\"item\":\"https:\/\/www.swissfairtrade.ch\/fr\/\"},{\"@type\":\"ListItem\",\"position\":2,\"name\":\"Portrait\"}]},{\"@type\":\"WebSite\",\"@id\":\"https:\/\/www.swissfairtrade.ch\/it\/#website\",\"url\":\"https:\/\/www.swissfairtrade.ch\/it\/\",\"name\":\"Swiss Fair Trade\",\"description\":\"\",\"publisher\":{\"@id\":\"https:\/\/www.swissfairtrade.ch\/it\/#organization\"},\"potentialAction\":[{\"@type\":\"SearchAction\",\"target\":{\"@type\":\"EntryPoint\",\"urlTemplate\":\"https:\/\/www.swissfairtrade.ch\/it\/?s={search_term_string}\"},\"query-input\":{\"@type\":\"PropertyValueSpecification\",\"valueRequired\":true,\"valueName\":\"search_term_string\"}}],\"inLanguage\":\"fr-FR\"},{\"@type\":\"Organization\",\"@id\":\"https:\/\/www.swissfairtrade.ch\/it\/#organization\",\"name\":\"Swiss Fair Trade\",\"url\":\"https:\/\/www.swissfairtrade.ch\/it\/\",\"logo\":{\"@type\":\"ImageObject\",\"inLanguage\":\"fr-FR\",\"@id\":\"https:\/\/www.swissfairtrade.ch\/it\/#\/schema\/logo\/image\/\",\"url\":\"https:\/\/www.swissfairtrade.ch\/wp-content\/uploads\/SwissFairTrade-Logo-rgb-203.51.59-web.png\",\"contentUrl\":\"https:\/\/www.swissfairtrade.ch\/wp-content\/uploads\/SwissFairTrade-Logo-rgb-203.51.59-web.png\",\"width\":130,\"height\":115,\"caption\":\"Swiss Fair Trade\"},\"image\":{\"@id\":\"https:\/\/www.swissfairtrade.ch\/it\/#\/schema\/logo\/image\/\"}}]}<\/script>\n<!-- \/ Yoast SEO plugin. -->","yoast_head_json":{"title":"Portrait - Swiss Fair Trade","robots":{"index":"index","follow":"follow","max-snippet":"max-snippet:-1","max-image-preview":"max-image-preview:large","max-video-preview":"max-video-preview:-1"},"canonical":"https:\/\/www.swissfairtrade.ch\/fr\/portrait\/","og_locale":"fr_FR","og_type":"article","og_title":"Portrait - Swiss Fair Trade","og_description":"[vc_row full_width=\u00a0\u00bbstretch_row\u00a0\u00bb content_placement=\u00a0\u00bbbottom\u00a0\u00bb parallax=\u00a0\u00bbcontent-moving-fade\u00a0\u00bb parallax_image=\u00a0\u00bb2959&Prime; css=\u00a0\u00bb.vc_custom_1534757779143{background: rgba(196,196,196,0.71) url(https:\/\/www.swissfairtrade.ch\/wp-content\/uploads\/DSC_9806.jpg?id=2664);background-position: center;background-repeat: no-repeat !important;background-size: cover !important;*background-color: rgb(196,196,196) !important;}\u00a0\u00bb el_class=\u00a0\u00bbheader\u00a0\u00bb][vc_column][vc_column_text el_class=\u00a0\u00bbtxt-white\u00a0\u00bb] Association Swiss Fair Trade se pr\u00e9sente. [\/vc_column_text][\/vc_column][\/vc_row][vc_row][vc_column][vc_column_text] Swiss Trade est l&rsquo;organisation fa\u00eeti\u00e8re des organisations du commerce \u00e9quitable en Suisse. L&rsquo;association a \u00e9t\u00e9 fond\u00e9e en octobre 2007, poursuivant ainsi l&rsquo;activit\u00e9 du Forum suisse pour le commerce \u00e9quitable. La mission ... Read more","og_url":"https:\/\/www.swissfairtrade.ch\/fr\/portrait\/","og_site_name":"Swiss Fair Trade","article_modified_time":"2024-01-09T14:10:39+00:00","og_image":[{"url":"https:\/\/www.swissfairtrade.ch\/wp-content\/uploads\/FTT-International-Logo.gif","type":"","width":"","height":""}],"twitter_card":"summary_large_image","twitter_misc":{"Dur\u00e9e de lecture estim\u00e9e":"2 minutes"},"schema":{"@context":"https:\/\/schema.org","@graph":[{"@type":"WebPage","@id":"https:\/\/www.swissfairtrade.ch\/fr\/portrait\/","url":"https:\/\/www.swissfairtrade.ch\/fr\/portrait\/","name":"Portrait - Swiss Fair Trade","isPartOf":{"@id":"https:\/\/www.swissfairtrade.ch\/it\/#website"},"primaryImageOfPage":{"@id":"https:\/\/www.swissfairtrade.ch\/fr\/portrait\/#primaryimage"},"image":{"@id":"https:\/\/www.swissfairtrade.ch\/fr\/portrait\/#primaryimage"},"thumbnailUrl":"https:\/\/www.swissfairtrade.ch\/wp-content\/uploads\/FTT-International-Logo.gif","datePublished":"2018-08-29T16:48:01+00:00","dateModified":"2024-01-09T14:10:39+00:00","breadcrumb":{"@id":"https:\/\/www.swissfairtrade.ch\/fr\/portrait\/#breadcrumb"},"inLanguage":"fr-FR","potentialAction":[{"@type":"ReadAction","target":["https:\/\/www.swissfairtrade.ch\/fr\/portrait\/"]}]},{"@type":"ImageObject","inLanguage":"fr-FR","@id":"https:\/\/www.swissfairtrade.ch\/fr\/portrait\/#primaryimage","url":"https:\/\/www.swissfairtrade.ch\/wp-content\/uploads\/FTT-International-Logo.gif","contentUrl":"https:\/\/www.swissfairtrade.ch\/wp-content\/uploads\/FTT-International-Logo.gif"},{"@type":"BreadcrumbList","@id":"https:\/\/www.swissfairtrade.ch\/fr\/portrait\/#breadcrumb","itemListElement":[{"@type":"ListItem","position":1,"name":"Home","item":"https:\/\/www.swissfairtrade.ch\/fr\/"},{"@type":"ListItem","position":2,"name":"Portrait"}]},{"@type":"WebSite","@id":"https:\/\/www.swissfairtrade.ch\/it\/#website","url":"https:\/\/www.swissfairtrade.ch\/it\/","name":"Swiss Fair Trade","description":"","publisher":{"@id":"https:\/\/www.swissfairtrade.ch\/it\/#organization"},"potentialAction":[{"@type":"SearchAction","target":{"@type":"EntryPoint","urlTemplate":"https:\/\/www.swissfairtrade.ch\/it\/?s={search_term_string}"},"query-input":{"@type":"PropertyValueSpecification","valueRequired":true,"valueName":"search_term_string"}}],"inLanguage":"fr-FR"},{"@type":"Organization","@id":"https:\/\/www.swissfairtrade.ch\/it\/#organization","name":"Swiss Fair Trade","url":"https:\/\/www.swissfairtrade.ch\/it\/","logo":{"@type":"ImageObject","inLanguage":"fr-FR","@id":"https:\/\/www.swissfairtrade.ch\/it\/#\/schema\/logo\/image\/","url":"https:\/\/www.swissfairtrade.ch\/wp-content\/uploads\/SwissFairTrade-Logo-rgb-203.51.59-web.png","contentUrl":"https:\/\/www.swissfairtrade.ch\/wp-content\/uploads\/SwissFairTrade-Logo-rgb-203.51.59-web.png","width":130,"height":115,"caption":"Swiss Fair Trade"},"image":{"@id":"https:\/\/www.swissfairtrade.ch\/it\/#\/schema\/logo\/image\/"}}]}},"_links":{"self":[{"href":"https:\/\/www.swissfairtrade.ch\/fr\/wp-json\/wp\/v2\/pages\/3422","targetHints":{"allow":["GET"]}}],"collection":[{"href":"https:\/\/www.swissfairtrade.ch\/fr\/wp-json\/wp\/v2\/pages"}],"about":[{"href":"https:\/\/www.swissfairtrade.ch\/fr\/wp-json\/wp\/v2\/types\/page"}],"author":[{"embeddable":true,"href":"https:\/\/www.swissfairtrade.ch\/fr\/wp-json\/wp\/v2\/users\/2"}],"replies":[{"embeddable":true,"href":"https:\/\/www.swissfairtrade.ch\/fr\/wp-json\/wp\/v2\/comments?post=3422"}],"version-history":[{"count":0,"href":"https:\/\/www.swissfairtrade.ch\/fr\/wp-json\/wp\/v2\/pages\/3422\/revisions"}],"wp:attachment":[{"href":"https:\/\/www.swissfairtrade.ch\/fr\/wp-json\/wp\/v2\/media?parent=3422"}],"wp:term":[{"taxonomy":"hauptseiten-kategorie","embeddable":true,"href":"https:\/\/www.swissfairtrade.ch\/fr\/wp-json\/wp\/v2\/hauptseiten-kategorie?post=3422"}],"curies":[{"name":"wp","href":"https:\/\/api.w.org\/{rel}","templated":true}]}}