{"id":3254,"date":"2018-08-27T16:01:29","date_gmt":"2018-08-27T14:01:29","guid":{"rendered":"https:\/\/imagotest.ch\/swissfairtrade\/?page_id=3254"},"modified":"2025-09-24T08:52:43","modified_gmt":"2025-09-24T06:52:43","slug":"internationale-studien","status":"publish","type":"page","link":"https:\/\/www.swissfairtrade.ch\/fr\/fair-trade\/internationale-studien\/","title":{"rendered":"\u00c9tudes internationales"},"content":{"rendered":"<div class=\"wpb-content-wrapper\"><p>[vc_row full_width=\u00a0\u00bbstretch_row\u00a0\u00bb content_placement=\u00a0\u00bbbottom\u00a0\u00bb parallax=\u00a0\u00bbcontent-moving-fade\u00a0\u00bb parallax_image=\u00a0\u00bb2959&Prime; css=\u00a0\u00bb.vc_custom_1534775140289{background: rgba(196,196,196,0.71) url(https:\/\/www.swissfairtrade.ch\/wp-content\/uploads\/book-bindings-composition-desk-891059.jpg?id=3100);background-position: center;background-repeat: no-repeat !important;background-size: cover !important;*background-color: rgb(196,196,196) !important;}\u00a0\u00bb el_class=\u00a0\u00bbheader\u00a0\u00bb][vc_column][vc_column_text el_class=\u00a0\u00bbtxt-white\u00a0\u00bb]<\/p>\n<div class=\"annot\">\n<div class=\"row-main\">\n<div class=\"text\">\n<h1>\u00c9tudes internationales<\/h1>\n<h2 class=\"big\"><span lang=\"FR-CH\">D\u00e9montrer scientifiquement.<\/span><\/h2>\n<\/div>\n<\/div>\n<\/div>\n<p>[\/vc_column_text][\/vc_column][\/vc_row][vc_row][vc_column][vc_column_text]<strong>Diverses \u00e9tudes scientifiques le montrent<\/strong><strong>\u2009<\/strong><strong>: le commerce \u00e9quitable est un outil de d\u00e9veloppement efficace, qui contribue \u00e0 am\u00e9liorer les conditions de vie des populations du Sud. Des recherches r\u00e9centes viennent confirmer les cons\u00e9quences b\u00e9n\u00e9fiques du commerce \u00e9quitable sur les petites\u00b7e\u00b7s producteurs\u00b7trices, leurs familles et l\u2019ensemble de leur communaut\u00e9. <\/strong><\/p>\n<p>Selon les \u00e9tudes men\u00e9es sur le sujet, le commerce \u00e9quitable produit plusieurs types d\u2019effets. S\u2019il agit favorablement sur les prix, les revenus et la r\u00e9silience \u00e9conomique des producteurs\u00b7trices, il ne se limite toutefois pas \u00e0 ces effets directs\u2009: gr\u00e2ce aux investissements dans des m\u00e9thodes de production innovantes et respectueuses de l\u2019environnement ainsi que dans des projets communautaires, il exerce aussi un effet positif sur l\u2019environnement et le climat, le d\u00e9veloppement communautaire et l\u2019autonomisation des femmes. Nous pr\u00e9sentons ci-apr\u00e8s une synth\u00e8se de ces divers types d\u2019effets et de leurs interactions, en nous fondant sur les recherches empiriques men\u00e9es dans le domaine. Le cadre conceptuel sur lequel se fondent ces explications \u2013 la Th\u00e9orie du changement \u2013 y est pr\u00e9sent\u00e9 de mani\u00e8re graphique.<\/p>\n<p><strong>Des revenus plus \u00e9lev\u00e9s et une plus forte r\u00e9silience \u00e9conomique pour les productrices et producteurs<\/strong><\/p>\n<p>Les prix minimums et les primes pratiqu\u00e9s par le commerce \u00e9quitable permettent aux producteurs\u00b7trices d\u2019obtenir un meilleur prix pour leurs produits et, ainsi, d\u2019augmenter leurs revenus (Dragusanu et Nunn, 2014\u2009; Oya, Schaefer et Skalidou, 2018). De plus, gr\u00e2ce \u00e0 la certification fair trade, les producteurs\u00b7trices acc\u00e8dent plus facilement \u00e0 des prestations financi\u00e8res telles que cr\u00e9dits et pr\u00e9financements (Dragusanu et Nunn, 2014).<\/p>\n<p>Les contrats commerciaux \u00e0 long terme, l\u2019augmentation des revenus, la diversification des cultures ainsi que l\u2019am\u00e9lioration des r\u00e9coltes rendent les paysan\u00b7ne\u00b7s de la fili\u00e8re \u00e9quitable plus r\u00e9silients \u00e9conomiquement, de sorte qu\u2019ils sont mieux outill\u00e9s pour r\u00e9sister aux mauvaises r\u00e9coltes ou aux variations de prix, par exemple. Toutefois, bien que le commerce \u00e9quitable renforce la r\u00e9silience \u00e9conomique des paysan\u00b7ne\u00b7s, il n\u2019en reste pas moins que le changement climatique menace gravement les moyens de subsistance de l\u2019ensemble des producteurs\u00b7trices (Fairtrade International, 2022).<\/p>\n<p><strong>Autonomisation et r\u00e9silience climatique gr\u00e2ce aux cultures \u00e9cologiques <\/strong><\/p>\n<p>Afin de limiter les cons\u00e9quences du changement climatique pour les producteurs\u00b7trices, les acteurs\u00b7trices du commerce \u00e9quitable s\u2019associent \u00e0 eux pour organiser des formations pratiques et d\u00e9velopper des syst\u00e8mes agricoles durables. Les producteurs\u00b7trices de la fili\u00e8re \u00e9quitable sont tr\u00e8s conscients des questions \u00e9cologiques et les coop\u00e9ratives \u00e9quitables adoptent des mesures pour pr\u00e9server le climat\u2009: reforestation, agroforesterie ou encore mesures pour am\u00e9liorer la fertilit\u00e9 des sols et des plantes. Ces initiatives r\u00e9duisent les \u00e9missions de gaz \u00e0 effet de serre, m\u00e8nent \u00e0 des m\u00e9thodes agricoles pr\u00e9servant le climat et am\u00e9liorent la qualit\u00e9 des sols, ce qui rend les producteurs\u00b7trices moins vuln\u00e9rables aux effets du changement climatique (Fairtrade International, 2021\u2009; Fairtrade International, 2022).<\/p>\n<p>Les programmes de d\u00e9veloppement durable mis en place par les coop\u00e9ratives \u00e9quitables ne b\u00e9n\u00e9ficient pas seulement \u00e0 l\u2019environnement. Ils pr\u00e9sentent aussi des avantages sociaux et \u00e9conomiques, comme le montrent les \u00e9tudes. Les programmes analys\u00e9s contribuent ainsi \u00e0 renforcer la pr\u00e9sence des femmes et des jeunes dans les postes de direction, tandis que la mise en place de syst\u00e8mes agricoles durables am\u00e9liore les r\u00e9coltes et les ventes, facilite l\u2019acc\u00e8s au march\u00e9 et r\u00e9duit les co\u00fbts de production de l\u2019agriculture biologique (Fairtrade International, 2021).<\/p>\n<p><img loading=\"lazy\" decoding=\"async\" class=\"size-large wp-image-11919 alignnone\" src=\"https:\/\/www.swissfairtrade.ch\/wp-content\/uploads\/Wirkungsmodel_Titel_f-1024x512.jpg\" alt=\"\" width=\"1024\" height=\"512\" srcset=\"https:\/\/www.swissfairtrade.ch\/wp-content\/uploads\/Wirkungsmodel_Titel_f-1024x512.jpg 1024w, https:\/\/www.swissfairtrade.ch\/wp-content\/uploads\/Wirkungsmodel_Titel_f-525x262.jpg 525w, https:\/\/www.swissfairtrade.ch\/wp-content\/uploads\/Wirkungsmodel_Titel_f-768x384.jpg 768w, https:\/\/www.swissfairtrade.ch\/wp-content\/uploads\/Wirkungsmodel_Titel_f-1536x768.jpg 1536w, https:\/\/www.swissfairtrade.ch\/wp-content\/uploads\/Wirkungsmodel_Titel_f-2048x1024.jpg 2048w, https:\/\/www.swissfairtrade.ch\/wp-content\/uploads\/Wirkungsmodel_Titel_f-1000x500.jpg 1000w, https:\/\/www.swissfairtrade.ch\/wp-content\/uploads\/Wirkungsmodel_Titel_f-500x250.jpg 500w\" sizes=\"auto, (max-width: 1024px) 100vw, 1024px\" \/><\/p>\n<p><strong>Inclusion et encouragement des femmes sur fond de barri\u00e8res structurelles persistantes<\/strong><\/p>\n<p>Les femmes sont davantage pr\u00e9sentes au sein des coop\u00e9ratives \u00e9quitables que dans les coop\u00e9ratives ordinaires, et cela, tant parmi les membres qu\u2019au sein des directions. Elles peuvent en outre y entrer plus facilement et y sont davantage associ\u00e9es aux processus. Des obstacles structurels entravent cependant toujours l\u2019av\u00e8nement d\u2019une v\u00e9ritable \u00e9galit\u00e9\u2009: dans de nombreux pays, les femmes n\u2019acc\u00e8dent souvent pas \u00e0 la propri\u00e9t\u00e9 fonci\u00e8re, ce qui les emp\u00eache de devenir membres d\u2019une organisation de producteurs\u00b7trices. Parmi les obstacles structurels \u00e0 l\u2019\u00e9galit\u00e9, il convient aussi de mentionner le manque de connaissances techniques, les difficult\u00e9s d\u2019acc\u00e8s aux formations et au capital ainsi que le manque de temps en raison de la r\u00e9partition traditionnelle des r\u00f4les entre hommes et femmes, ces derni\u00e8res \u00e9tant assign\u00e9es aux t\u00e2ches m\u00e9nag\u00e8res (Fairtrade International, 2020).<\/p>\n<p>Les normes et lignes directrices que les organisations de producteurs\u00b7trices de la fili\u00e8re \u00e9quitable appliquent dans le cadre de leurs strat\u00e9gies en mati\u00e8re d\u2019\u00e9galit\u00e9 hommes-femmes portent effectivement des fruits \u00e0 court terme au sein de ces coop\u00e9ratives, mais peinent \u00e0 faire bouger les lignes au sein de la soci\u00e9t\u00e9. Le commerce \u00e9quitable bute ici sur ses limites, puisqu\u2019il ne parvient pratiquement pas \u00e0 agir sur les in\u00e9galit\u00e9s sociales, culturelles et \u00e9conomiques d\u00e9coulant des normes de genre (Fairtrade International, 2020, p.\u00a049).<\/p>\n<p><strong>Le commerce \u00e9quitable soutient le d\u00e9veloppement communautaire<\/strong><\/p>\n<p>Le commerce \u00e9quitable ne b\u00e9n\u00e9ficie pas seulement aux producteurs\u00b7trices, mais aussi \u00e0 leurs communaut\u00e9s. La prime du commerce \u00e9quitable, qui vient s\u2019ajouter au prix de vente, permet en effet aux producteurs\u00b7trices de financer des projets au sein de leurs communaut\u00e9s. Le commerce \u00e9quitable soutient ce faisant le d\u00e9veloppement communautaire, en particulier au moyen d\u2019investissements dans les soins m\u00e9dicaux et dans des fonds de formation (Fairtrade International, 2022).<\/p>\n<p><strong>L\u2019effet de la prime d\u00e9multipli\u00e9 par les syst\u00e8mes d\u00e9cisionnels participatifs au sein des coop\u00e9ratives <\/strong><\/p>\n<p>Une bonne gouvernance des organisations de producteurs\u00b7trices est d\u00e9cisive pour l\u2019effet qu\u2019aura la prime du commerce \u00e9quitable et pour les investissements g\u00e9n\u00e9r\u00e9s au sein de la communaut\u00e9. Lorsque les d\u00e9cisions concernant l\u2019utilisation de la prime sont prises ind\u00e9pendamment des processus de d\u00e9cision op\u00e9rationnels, les membres des organisations de producteurs\u00b7trices y sont davantage associ\u00e9s, ce qui les rend d\u2019autant plus responsables de l\u2019utilisation qui est faite de la prime. Les organisations bien g\u00e9r\u00e9es et d\u00e9mocratiques, qui pr\u00e9voient des processus de d\u00e9cision distincts pour l\u2019affectation de la prime, se distinguent par leur stabilit\u00e9, leur r\u00e9silience et leur inclusivit\u00e9, autant de caract\u00e9ristiques qui, \u00e0 leur tour, ont \u00e0 long terme des r\u00e9percussions favorables sur les revenus, les conditions de vie et la r\u00e9silience des producteurs\u00b7trices. Les \u00e9tudes montrent que la participation constitue un facteur important pour que la prime soit investie de la mani\u00e8re la plus adapt\u00e9e au contexte et la plus accept\u00e9e socialement, ce qui produira l\u2019effet recherch\u00e9 pour ses b\u00e9n\u00e9ficiaires. Les processus de d\u00e9cision participatifs et transparents sont par ailleurs \u00e0 m\u00eame de faire avancer en outre l\u2019\u00e9galit\u00e9 entre hommes et femmes (Loconto, Silva-Casta\u00f1eda et Jimenez, 2019, p.\u00a076 \u00e0\u00a078).<\/p>\n<p><strong>Sensibilisation et modification des habitudes de consommation<\/strong><\/p>\n<p>L\u2019engagement des acteurs\u00b7trices du commerce \u00e9quitable en faveur des populations du Sud comprend \u00e9galement un travail de relations publiques et de sensibilisation de l\u2019opinion publique dans les pays du Nord. Dans une \u00e9tude qu\u2019il a men\u00e9 en\u00a02016 en collaboration avec la fa\u00eeti\u00e8re allemande du commerce \u00e9quitable (Forum Fairer Handel) afin de savoir dans quelle mesure le commerce \u00e9quitable faisait \u00e9voluer la soci\u00e9t\u00e9, le Ceval (Centrum f\u00fcr Evaluation) parvient \u00e0 la conclusion qu\u2019il contribue \u00e0 une prise de conscience au sein de la population. Gr\u00e2ce \u00e0 la forte pr\u00e9sence et visibilit\u00e9 des produits \u00e9quitables dans les commerces de d\u00e9tail ainsi qu\u2019\u00e0 la cr\u00e9dibilit\u00e9 dont jouit le commerce \u00e9quitable, la population du Nord a maintenant une connaissance g\u00e9n\u00e9rale des principes du commerce \u00e9quitable. Pour ce qui est des habitudes d\u2019achat, on peut affirmer que les consommateurs\u00b7trices prennent de plus en plus en compte, en plus du prix, des crit\u00e8res relatifs \u00e0 la durabilit\u00e9\u2009; on observe aussi que la consommation de biens \u00e9quitables a augment\u00e9 ces vingt derni\u00e8res ann\u00e9es, mais qu\u2019un changement de mentalit\u00e9 est n\u00e9cessaire pour que cette modification de comportement perdure (B\u00e4thge, 2016).<\/p>\n<p>&nbsp;<\/p>\n<p>Les \u00e9tudes men\u00e9es jusqu\u2019\u00e0 maintenant permettent de conclure que le commerce \u00e9quitable am\u00e9liore de mani\u00e8re durable les conditions de vie des producteurs\u00b7trices du Sud, comme le montre l\u2019illustration de la Th\u00e9orie du changement. Le commerce \u00e9quitable a toutefois ses limites\u2009: il bute par exemple souvent sur des lacunes structurelles dans les pays de production, qui sont autant d\u2019obstacles quand il s\u2019agit d\u2019am\u00e9liorer les conditions de vie des producteurs\u00b7trices.<\/p>\n<p>&nbsp;<\/p>\n<p><strong>Sources<\/strong><\/p>\n<p>B\u00e4thge, S. (2016). Trend \u2013 und Wirkungsstudie: Ver\u00e4ndert der Faire Handel die Gesellschaft?. Centrum f\u00fcr Evaluation (CEval).<\/p>\n<p>Dragusanu, R. et Nunn, N. (2014). The Economics of Fair Trade. Journal of Economic Perspectives\u00a028 (3), pp.\u00a0217 \u00e0 236<\/p>\n<p>Fairtrade International (2022). Assessing the Impact of Fairtrade on Poverty Reduction and Economic Resilience through Rural Development.<\/p>\n<p>Fairtrade International (2021). Fairtrade Climate Change Projects &#8211; Learning from Experience.<\/p>\n<p>Fairtrade International (2020). Women&rsquo;s access, equity and empowerment: Progress and uptake of the Fairtrade gender strategy.<\/p>\n<p>Loconto, A., Silva-Casta\u00f1eda, L. et Jimenez, A. (2019). Participatory analysis of the use and impact of the Fairtrade premium. Laboratoire Interdisciplinaire Sciences Innovations Soci\u00e9t\u00e9s (LISIS).<\/p>\n<p>Oya, C., Schaefer, F. et Skalidou, D. (2018). The effectiveness of agricultural certification in developing countries: A systematic review. World Development, pp.\u00a0282 \u00e0 312. Disponible \u00e0 l\u2019adresse <a href=\"https:\/\/www.sciencedirect.com\/science\/article\/pii\/S0305750X18303012\" target=\"_blank\" rel=\"noopener\">https:\/\/www.sciencedirect.com\/science\/article\/pii\/S0305750X18303012<\/a>[\/vc_column_text][vc_btn title=\u00a0\u00bbT\u00e9l\u00e9charger le rapport\u00a0\u00bb style=\u00a0\u00bbclassic\u00a0\u00bb link=\u00a0\u00bburl:https%3A%2F%2Fwww.swissfairtrade.ch%2Fwp-content%2Fuploads%2FHintergrundbericht_Wirkung_SFT_2023_fr-1.pdf|target:_blank\u00a0\u00bb][\/vc_column][\/vc_row][vc_row][vc_column][vc_empty_space height=\u00a0\u00bb50px\u00a0\u00bb][vc_separator][vc_column_text]<\/p>\n<h3>Autres sujets<\/h3>\n<p>[\/vc_column_text][vc_basic_grid post_type=\u00a0\u00bbpage\u00a0\u00bb max_items=\u00a0\u00bb-1&Prime; gap=\u00a0\u00bb10&Prime; item=\u00a0\u00bb1885&Prime; css=\u00a0\u00bb\u00a0\u00bb grid_id=\u00a0\u00bbvc_gid:1758696662489-e1e55b26-37ca-9&Prime; taxonomies=\u00a0\u00bb230&Prime; el_id=\u00a0\u00bbhoverColor\u00a0\u00bb][\/vc_column][\/vc_row]<\/p>\n<\/div>","protected":false},"excerpt":{"rendered":"<p>Diverses \u00e9tudes montrent l&rsquo;influence positive du commerce \u00e9quitable sur les producteurs\u00b7trices, leurs familles et la communaut\u00e9 enti\u00e8re.<\/p>\n","protected":false},"author":2,"featured_media":3100,"parent":2973,"menu_order":3,"comment_status":"closed","ping_status":"closed","template":"","meta":{"generate_page_header":"","footnotes":"","_links_to":"","_links_to_target":""},"hauptseiten-kategorie":[230,365],"class_list":{"0":"post-3254","1":"page","2":"type-page","3":"status-publish","4":"has-post-thumbnail","6":"hauptseiten-kategorie-fairer-handel","7":"hauptseiten-kategorie-wirkung"},"yoast_head":"<!-- This site is optimized with the Yoast SEO plugin v26.2 - https:\/\/yoast.com\/wordpress\/plugins\/seo\/ -->\n<title>\u00c9tudes internationales - Swiss Fair Trade<\/title>\n<meta name=\"robots\" content=\"index, follow, max-snippet:-1, max-image-preview:large, max-video-preview:-1\" \/>\n<link rel=\"canonical\" href=\"https:\/\/www.swissfairtrade.ch\/fr\/fair-trade\/internationale-studien\/\" \/>\n<meta property=\"og:locale\" content=\"fr_FR\" \/>\n<meta property=\"og:type\" content=\"article\" \/>\n<meta property=\"og:title\" content=\"\u00c9tudes internationales - Swiss Fair Trade\" \/>\n<meta property=\"og:description\" content=\"Diverses \u00e9tudes montrent l&#039;influence positive du commerce \u00e9quitable sur les producteurs\u00b7trices, leurs familles et la communaut\u00e9 enti\u00e8re.\" \/>\n<meta property=\"og:url\" content=\"https:\/\/www.swissfairtrade.ch\/fr\/fair-trade\/internationale-studien\/\" \/>\n<meta property=\"og:site_name\" content=\"Swiss Fair Trade\" \/>\n<meta property=\"article:modified_time\" content=\"2025-09-24T06:52:43+00:00\" \/>\n<meta property=\"og:image\" content=\"https:\/\/www.swissfairtrade.ch\/wp-content\/uploads\/book-bindings-composition-desk-891059.jpg\" \/>\n\t<meta property=\"og:image:width\" content=\"3888\" \/>\n\t<meta property=\"og:image:height\" content=\"2592\" \/>\n\t<meta property=\"og:image:type\" content=\"image\/jpeg\" \/>\n<meta name=\"twitter:card\" content=\"summary_large_image\" \/>\n<meta name=\"twitter:label1\" content=\"Dur\u00e9e de lecture estim\u00e9e\" \/>\n\t<meta name=\"twitter:data1\" content=\"9 minutes\" \/>\n<script type=\"application\/ld+json\" class=\"yoast-schema-graph\">{\"@context\":\"https:\/\/schema.org\",\"@graph\":[{\"@type\":\"WebPage\",\"@id\":\"https:\/\/www.swissfairtrade.ch\/fr\/fair-trade\/internationale-studien\/\",\"url\":\"https:\/\/www.swissfairtrade.ch\/fr\/fair-trade\/internationale-studien\/\",\"name\":\"\u00c9tudes internationales - Swiss Fair Trade\",\"isPartOf\":{\"@id\":\"https:\/\/www.swissfairtrade.ch\/it\/#website\"},\"primaryImageOfPage\":{\"@id\":\"https:\/\/www.swissfairtrade.ch\/fr\/fair-trade\/internationale-studien\/#primaryimage\"},\"image\":{\"@id\":\"https:\/\/www.swissfairtrade.ch\/fr\/fair-trade\/internationale-studien\/#primaryimage\"},\"thumbnailUrl\":\"https:\/\/www.swissfairtrade.ch\/wp-content\/uploads\/book-bindings-composition-desk-891059.jpg\",\"datePublished\":\"2018-08-27T14:01:29+00:00\",\"dateModified\":\"2025-09-24T06:52:43+00:00\",\"breadcrumb\":{\"@id\":\"https:\/\/www.swissfairtrade.ch\/fr\/fair-trade\/internationale-studien\/#breadcrumb\"},\"inLanguage\":\"fr-FR\",\"potentialAction\":[{\"@type\":\"ReadAction\",\"target\":[\"https:\/\/www.swissfairtrade.ch\/fr\/fair-trade\/internationale-studien\/\"]}]},{\"@type\":\"ImageObject\",\"inLanguage\":\"fr-FR\",\"@id\":\"https:\/\/www.swissfairtrade.ch\/fr\/fair-trade\/internationale-studien\/#primaryimage\",\"url\":\"https:\/\/www.swissfairtrade.ch\/wp-content\/uploads\/book-bindings-composition-desk-891059.jpg\",\"contentUrl\":\"https:\/\/www.swissfairtrade.ch\/wp-content\/uploads\/book-bindings-composition-desk-891059.jpg\",\"width\":3888,\"height\":2592},{\"@type\":\"BreadcrumbList\",\"@id\":\"https:\/\/www.swissfairtrade.ch\/fr\/fair-trade\/internationale-studien\/#breadcrumb\",\"itemListElement\":[{\"@type\":\"ListItem\",\"position\":1,\"name\":\"Home\",\"item\":\"https:\/\/www.swissfairtrade.ch\/fr\/\"},{\"@type\":\"ListItem\",\"position\":2,\"name\":\"Fair Trade\",\"item\":\"https:\/\/www.swissfairtrade.ch\/fr\/fair-trade\/\"},{\"@type\":\"ListItem\",\"position\":3,\"name\":\"\u00c9tudes internationales\"}]},{\"@type\":\"WebSite\",\"@id\":\"https:\/\/www.swissfairtrade.ch\/it\/#website\",\"url\":\"https:\/\/www.swissfairtrade.ch\/it\/\",\"name\":\"Swiss Fair Trade\",\"description\":\"\",\"publisher\":{\"@id\":\"https:\/\/www.swissfairtrade.ch\/it\/#organization\"},\"potentialAction\":[{\"@type\":\"SearchAction\",\"target\":{\"@type\":\"EntryPoint\",\"urlTemplate\":\"https:\/\/www.swissfairtrade.ch\/it\/?s={search_term_string}\"},\"query-input\":{\"@type\":\"PropertyValueSpecification\",\"valueRequired\":true,\"valueName\":\"search_term_string\"}}],\"inLanguage\":\"fr-FR\"},{\"@type\":\"Organization\",\"@id\":\"https:\/\/www.swissfairtrade.ch\/it\/#organization\",\"name\":\"Swiss Fair Trade\",\"url\":\"https:\/\/www.swissfairtrade.ch\/it\/\",\"logo\":{\"@type\":\"ImageObject\",\"inLanguage\":\"fr-FR\",\"@id\":\"https:\/\/www.swissfairtrade.ch\/it\/#\/schema\/logo\/image\/\",\"url\":\"https:\/\/www.swissfairtrade.ch\/wp-content\/uploads\/SwissFairTrade-Logo-rgb-203.51.59-web.png\",\"contentUrl\":\"https:\/\/www.swissfairtrade.ch\/wp-content\/uploads\/SwissFairTrade-Logo-rgb-203.51.59-web.png\",\"width\":130,\"height\":115,\"caption\":\"Swiss Fair Trade\"},\"image\":{\"@id\":\"https:\/\/www.swissfairtrade.ch\/it\/#\/schema\/logo\/image\/\"}}]}<\/script>\n<!-- \/ Yoast SEO plugin. -->","yoast_head_json":{"title":"\u00c9tudes internationales - Swiss Fair Trade","robots":{"index":"index","follow":"follow","max-snippet":"max-snippet:-1","max-image-preview":"max-image-preview:large","max-video-preview":"max-video-preview:-1"},"canonical":"https:\/\/www.swissfairtrade.ch\/fr\/fair-trade\/internationale-studien\/","og_locale":"fr_FR","og_type":"article","og_title":"\u00c9tudes internationales - Swiss Fair Trade","og_description":"Diverses \u00e9tudes montrent l'influence positive du commerce \u00e9quitable sur les producteurs\u00b7trices, leurs familles et la communaut\u00e9 enti\u00e8re.","og_url":"https:\/\/www.swissfairtrade.ch\/fr\/fair-trade\/internationale-studien\/","og_site_name":"Swiss Fair Trade","article_modified_time":"2025-09-24T06:52:43+00:00","og_image":[{"width":3888,"height":2592,"url":"https:\/\/www.swissfairtrade.ch\/wp-content\/uploads\/book-bindings-composition-desk-891059.jpg","type":"image\/jpeg"}],"twitter_card":"summary_large_image","twitter_misc":{"Dur\u00e9e de lecture estim\u00e9e":"9 minutes"},"schema":{"@context":"https:\/\/schema.org","@graph":[{"@type":"WebPage","@id":"https:\/\/www.swissfairtrade.ch\/fr\/fair-trade\/internationale-studien\/","url":"https:\/\/www.swissfairtrade.ch\/fr\/fair-trade\/internationale-studien\/","name":"\u00c9tudes internationales - Swiss Fair Trade","isPartOf":{"@id":"https:\/\/www.swissfairtrade.ch\/it\/#website"},"primaryImageOfPage":{"@id":"https:\/\/www.swissfairtrade.ch\/fr\/fair-trade\/internationale-studien\/#primaryimage"},"image":{"@id":"https:\/\/www.swissfairtrade.ch\/fr\/fair-trade\/internationale-studien\/#primaryimage"},"thumbnailUrl":"https:\/\/www.swissfairtrade.ch\/wp-content\/uploads\/book-bindings-composition-desk-891059.jpg","datePublished":"2018-08-27T14:01:29+00:00","dateModified":"2025-09-24T06:52:43+00:00","breadcrumb":{"@id":"https:\/\/www.swissfairtrade.ch\/fr\/fair-trade\/internationale-studien\/#breadcrumb"},"inLanguage":"fr-FR","potentialAction":[{"@type":"ReadAction","target":["https:\/\/www.swissfairtrade.ch\/fr\/fair-trade\/internationale-studien\/"]}]},{"@type":"ImageObject","inLanguage":"fr-FR","@id":"https:\/\/www.swissfairtrade.ch\/fr\/fair-trade\/internationale-studien\/#primaryimage","url":"https:\/\/www.swissfairtrade.ch\/wp-content\/uploads\/book-bindings-composition-desk-891059.jpg","contentUrl":"https:\/\/www.swissfairtrade.ch\/wp-content\/uploads\/book-bindings-composition-desk-891059.jpg","width":3888,"height":2592},{"@type":"BreadcrumbList","@id":"https:\/\/www.swissfairtrade.ch\/fr\/fair-trade\/internationale-studien\/#breadcrumb","itemListElement":[{"@type":"ListItem","position":1,"name":"Home","item":"https:\/\/www.swissfairtrade.ch\/fr\/"},{"@type":"ListItem","position":2,"name":"Fair Trade","item":"https:\/\/www.swissfairtrade.ch\/fr\/fair-trade\/"},{"@type":"ListItem","position":3,"name":"\u00c9tudes internationales"}]},{"@type":"WebSite","@id":"https:\/\/www.swissfairtrade.ch\/it\/#website","url":"https:\/\/www.swissfairtrade.ch\/it\/","name":"Swiss Fair Trade","description":"","publisher":{"@id":"https:\/\/www.swissfairtrade.ch\/it\/#organization"},"potentialAction":[{"@type":"SearchAction","target":{"@type":"EntryPoint","urlTemplate":"https:\/\/www.swissfairtrade.ch\/it\/?s={search_term_string}"},"query-input":{"@type":"PropertyValueSpecification","valueRequired":true,"valueName":"search_term_string"}}],"inLanguage":"fr-FR"},{"@type":"Organization","@id":"https:\/\/www.swissfairtrade.ch\/it\/#organization","name":"Swiss Fair Trade","url":"https:\/\/www.swissfairtrade.ch\/it\/","logo":{"@type":"ImageObject","inLanguage":"fr-FR","@id":"https:\/\/www.swissfairtrade.ch\/it\/#\/schema\/logo\/image\/","url":"https:\/\/www.swissfairtrade.ch\/wp-content\/uploads\/SwissFairTrade-Logo-rgb-203.51.59-web.png","contentUrl":"https:\/\/www.swissfairtrade.ch\/wp-content\/uploads\/SwissFairTrade-Logo-rgb-203.51.59-web.png","width":130,"height":115,"caption":"Swiss Fair Trade"},"image":{"@id":"https:\/\/www.swissfairtrade.ch\/it\/#\/schema\/logo\/image\/"}}]}},"_links":{"self":[{"href":"https:\/\/www.swissfairtrade.ch\/fr\/wp-json\/wp\/v2\/pages\/3254","targetHints":{"allow":["GET"]}}],"collection":[{"href":"https:\/\/www.swissfairtrade.ch\/fr\/wp-json\/wp\/v2\/pages"}],"about":[{"href":"https:\/\/www.swissfairtrade.ch\/fr\/wp-json\/wp\/v2\/types\/page"}],"author":[{"embeddable":true,"href":"https:\/\/www.swissfairtrade.ch\/fr\/wp-json\/wp\/v2\/users\/2"}],"replies":[{"embeddable":true,"href":"https:\/\/www.swissfairtrade.ch\/fr\/wp-json\/wp\/v2\/comments?post=3254"}],"version-history":[{"count":0,"href":"https:\/\/www.swissfairtrade.ch\/fr\/wp-json\/wp\/v2\/pages\/3254\/revisions"}],"up":[{"embeddable":true,"href":"https:\/\/www.swissfairtrade.ch\/fr\/wp-json\/wp\/v2\/pages\/2973"}],"wp:featuredmedia":[{"embeddable":true,"href":"https:\/\/www.swissfairtrade.ch\/fr\/wp-json\/wp\/v2\/media\/3100"}],"wp:attachment":[{"href":"https:\/\/www.swissfairtrade.ch\/fr\/wp-json\/wp\/v2\/media?parent=3254"}],"wp:term":[{"taxonomy":"hauptseiten-kategorie","embeddable":true,"href":"https:\/\/www.swissfairtrade.ch\/fr\/wp-json\/wp\/v2\/hauptseiten-kategorie?post=3254"}],"curies":[{"name":"wp","href":"https:\/\/api.w.org\/{rel}","templated":true}]}}