{"id":3251,"date":"2018-08-27T15:42:30","date_gmt":"2018-08-27T13:42:30","guid":{"rendered":"https:\/\/imagotest.ch\/swissfairtrade\/?page_id=3251"},"modified":"2025-09-24T08:53:07","modified_gmt":"2025-09-24T06:53:07","slug":"objectifs-de-developpement-durable","status":"publish","type":"page","link":"https:\/\/www.swissfairtrade.ch\/fr\/fair-trade\/objectifs-de-developpement-durable\/","title":{"rendered":"Objectifs de d\u00e9veloppement durable"},"content":{"rendered":"<div class=\"wpb-content-wrapper\"><p>[vc_row full_width=\u00a0\u00bbstretch_row\u00a0\u00bb content_placement=\u00a0\u00bbbottom\u00a0\u00bb parallax=\u00a0\u00bbcontent-moving-fade\u00a0\u00bb parallax_image=\u00a0\u00bb2959&Prime; css=\u00a0\u00bb.vc_custom_1534755332829{background: rgba(196,196,196,0.71) url(https:\/\/www.swissfairtrade.ch\/wp-content\/uploads\/ghana-2422039_1920.jpg?id=2162);background-position: center;background-repeat: no-repeat !important;background-size: cover !important;*background-color: rgb(196,196,196) !important;}\u00a0\u00bb el_class=\u00a0\u00bbheader\u00a0\u00bb][vc_column][vc_column_text el_class=\u00a0\u00bbtxt-white\u00a0\u00bb]<\/p>\n<div class=\"annot\">\n<div class=\"row-main\">\n<div class=\"text\">\n<h1>Les objectifs de d\u00e9veloppement durable<\/h1>\n<h2>Pour un d\u00e9veloppement durable.<\/h2>\n<\/div>\n<\/div>\n<\/div>\n<p>[\/vc_column_text][\/vc_column][\/vc_row][vc_row][vc_column][vc_column_text]<\/p>\n<p class=\"bodytext\"><span lang=\"FR-CH\">En septembre\u00a02015, l&rsquo;Assembl\u00e9e g\u00e9n\u00e9rale des Nations Unies a adopt\u00e9 les objectifs de d\u00e9veloppement durable (ODD). Les ODD doivent \u00eatre atteints d&rsquo;ici 2030 et visent \u00e0 mettre fin \u00e0 la pauvret\u00e9 \u00ab\u00a0partout et sous toutes ses formes\u00a0\u00bb. Pour \u00eatre en mesure d&rsquo;atteindre cette vision, tous les acteurs (gouvernements, organisations internationales, citoyens et ONG) doivent travailler ensemble, main dans la main.<\/span><\/p>\n<p class=\"bodytext\">Le commerce \u00e9quitable s&rsquo;engage dans des relations commerciales justes et \u00e0 long terme avec les producteurs du Sud et leur offre un acc\u00e8s au march\u00e9 mondial (ODD\u00a09). L&rsquo;objectif est de garantir des prix transparents et stables et de promouvoir des conditions de travail sociales (ODD\u00a08) ainsi que l&rsquo;utilisation de m\u00e9thodes de culture durables (ODD\u00a012 &amp; 13). Le commerce \u00e9quitable combat la pauvret\u00e9 et la faim (ODD\u00a01 et 2), pr\u00e9conise l&rsquo;\u00e9galit\u00e9 entre les hommes et les femmes (ODD\u00a05) et r\u00e9duit les in\u00e9galit\u00e9s (ODD\u00a010), contribuant ainsi \u00e0 une soci\u00e9t\u00e9 pacifi\u00e9e dans le cadre du partenariat de coop\u00e9ration (ODD\u00a016 &amp; 17). Le commerce \u00e9quitable soutient la r\u00e9alisation de ces neuf objectifs de d\u00e9veloppement comme suit\u00a0:<\/p>\n<p>[\/vc_column_text][vc_single_image image=\u00a0\u00bb2554&Prime; img_size=\u00a0\u00bbfull\u00a0\u00bb alignment=\u00a0\u00bbcenter\u00a0\u00bb][vc_row_inner][vc_column_inner width=\u00a0\u00bb1\/2&Prime;][vc_column_text]<\/p>\n<p class=\"bodytext\"><strong><span lang=\"FR-CH\">Objectif\u00a01\u00a0: pas de pauvret\u00e9<\/span><\/strong><span lang=\"FR-CH\"><strong>\u00a0<\/strong><br \/>\n<\/span><span lang=\"FR-CH\">Le commerce \u00e9quitable combat la pauvret\u00e9 gr\u00e2ce \u00e0 des relations commerciales \u00e0 long terme qui garantissent des prix justes et stables.<\/span><\/p>\n<p class=\"bodytext\"><span lang=\"FR-CH\"><strong>Objectif 2\u00a0: \u00e9radiquer la faim<\/strong><br \/>\n<\/span><span lang=\"FR-CH\">Des contrats commerciaux fiables et \u00e9quitables pr\u00e9servent les revenus des agriculteurs &#8211; cela contribue \u00e0 la s\u00e9curit\u00e9 alimentaire des producteurs et des travailleurs.<\/span><\/p>\n<p class=\"bodytext\"><span lang=\"FR-CH\"><strong>Objectif 5\u00a0: \u00e9galit\u00e9 des sexes<\/strong><br \/>\n<\/span><span lang=\"FR-CH\">Le commerce \u00e9quitable vise \u00e0 \u00e9tablir une \u00e9galit\u00e9 des droits entre hommes et femmes, \u00e0 savoir un salaire \u00e9gal pour un travail \u00e9gal ainsi que des droits d&rsquo;implication et de participation \u00e9gaux au sein de la coop\u00e9rative.<\/span><\/p>\n<p class=\"bodytext\"><span lang=\"FR-CH\"><strong>Objectif 8\u00a0: travail d\u00e9cent et croissance \u00e9conomique<\/strong><br \/>\n<\/span><span lang=\"FR-CH\">Le commerce \u00e9quitable promeut le respect du droit du travail et des droits de l&rsquo;homme, am\u00e9liorant ainsi la qualit\u00e9 de l&#8217;emploi.<\/span><\/p>\n<p class=\"bodytext\"><span lang=\"FR-CH\"><strong>Objectif 9\u00a0: industrie, innovation et infrastructure<\/strong><br \/>\n<\/span><span lang=\"FR-CH\">Le commerce \u00e9quitable permet aux producteurs des pays en d\u00e9veloppement et des pays \u00e9mergents d&rsquo;acc\u00e9der au march\u00e9 et leur facilite l&rsquo;acc\u00e8s aux services financiers.<\/span><\/p>\n<p class=\"bodytext\"><span lang=\"FR-CH\"><strong>Objectif 10\u00a0: r\u00e9duction des in\u00e9galit\u00e9s<\/strong><br \/>\n<\/span><span lang=\"FR-CH\">Le commerce \u00e9quitable relie les consommateurs de l&rsquo;h\u00e9misph\u00e8re nord aux producteurs de l&rsquo;h\u00e9misph\u00e8re sud, contribuant ainsi \u00e0 r\u00e9duire les in\u00e9galit\u00e9s.<\/span><\/p>\n<p>[\/vc_column_text][\/vc_column_inner][vc_column_inner width=\u00a0\u00bb1\/2&Prime;][vc_column_text]<\/p>\n<p class=\"bodytext\"><span lang=\"FR-CH\"><strong>Objectif 12\u00a0: assurer des modes de consommation et de production durables<\/strong><br \/>\n<\/span><span lang=\"FR-CH\">\u00c0 chaque achat, les consommateurs influencent les conditions de travail et de production des populations de l&rsquo;h\u00e9misph\u00e8re sud. Le commerce \u00e9quitable sensibilise \u00e0 la consommation durable et sociale. Gr\u00e2ce au commerce \u00e9quitable, les consommateurs peuvent faire des choix durables qui garantissent aux producteurs un revenu \u00e9quitable et une extension de leur mod\u00e8le de production.<\/span><\/p>\n<p class=\"bodytext\"><span lang=\"FR-CH\"><strong>Objectif 13\u00a0: prendre des mesures imm\u00e9diates pour lutter contre le r\u00e9chauffement climatique et ses impacts<\/strong><br \/>\n<\/span><span lang=\"FR-CH\">Les normes du commerce \u00e9quitable relatives au d\u00e9veloppement durable visent \u00e0 r\u00e9duire les gaz \u00e0 effet de serre lors de la production. Les agriculteurs b\u00e9n\u00e9ficient d&rsquo;un accompagnement pour s&rsquo;adapter aux effets du r\u00e9chauffement climatique lors de formations et d&rsquo;ateliers, ce qui contribue \u00e0 lutter directement contre le r\u00e9chauffement climatique.<\/span><\/p>\n<p class=\"bodytext\"><span lang=\"FR-CH\"><strong>Objectif 16\u00a0: promouvoir des soci\u00e9t\u00e9s pacifiques et inclusives pour un d\u00e9veloppement durable<\/strong><br \/>\n<\/span><span lang=\"FR-CH\">En permettant une existence d\u00e9cente et gr\u00e2ce \u00e0 son organisation d\u00e9mocratique, le commerce \u00e9quitable peut contribuer \u00e0 une soci\u00e9t\u00e9 plus pacifique.<\/span><\/p>\n<p class=\"bodytext\"><strong><span lang=\"FR-CH\">Objectif 17\u00a0: renforcer les actions de mise en \u0153uvre et donner une nouvelle vie au partenariat mondial pour le d\u00e9veloppement durable<br \/>\n<\/span><\/strong><span lang=\"FR-CH\">Le commerce \u00e9quitable est un partenariat entre citoyens, consommateurs, producteurs, entreprises et \u00c9tats qui s&rsquo;efforcent ensemble d&rsquo;atteindre les ODD.<\/span><\/p>\n<p>[\/vc_column_text][\/vc_column_inner][\/vc_row_inner][\/vc_column][\/vc_row][vc_row][vc_column][vc_empty_space height=\u00a0\u00bb50px\u00a0\u00bb][vc_separator][vc_column_text]<\/p>\n<h3>Autres sujets<\/h3>\n<p>[\/vc_column_text][vc_basic_grid post_type=\u00a0\u00bbpage\u00a0\u00bb max_items=\u00a0\u00bb-1&Prime; gap=\u00a0\u00bb10&Prime; item=\u00a0\u00bb1885&Prime; css=\u00a0\u00bb\u00a0\u00bb grid_id=\u00a0\u00bbvc_gid:1758696670485-b27f5c71-ec78-3&Prime; taxonomies=\u00a0\u00bb230&Prime; el_id=\u00a0\u00bbhoverColor\u00a0\u00bb][\/vc_column][\/vc_row]<\/p>\n<\/div>","protected":false},"excerpt":{"rendered":"<p>L\u2019Assembl\u00e9e g\u00e9n\u00e9rale des Nations Unies a adopt\u00e9 les objectifs de d\u00e9veloppement durable. <\/p>\n","protected":false},"author":2,"featured_media":2162,"parent":2973,"menu_order":4,"comment_status":"closed","ping_status":"closed","template":"","meta":{"generate_page_header":"","footnotes":"","_links_to":"","_links_to_target":""},"hauptseiten-kategorie":[230,365],"class_list":{"0":"post-3251","1":"page","2":"type-page","3":"status-publish","4":"has-post-thumbnail","6":"hauptseiten-kategorie-fairer-handel","7":"hauptseiten-kategorie-wirkung"},"yoast_head":"<!-- This site is optimized with the Yoast SEO plugin v26.2 - https:\/\/yoast.com\/wordpress\/plugins\/seo\/ -->\n<title>Objectifs de d\u00e9veloppement durable - Swiss Fair Trade<\/title>\n<meta name=\"robots\" content=\"index, follow, max-snippet:-1, max-image-preview:large, max-video-preview:-1\" \/>\n<link rel=\"canonical\" href=\"https:\/\/www.swissfairtrade.ch\/fr\/fair-trade\/objectifs-de-developpement-durable\/\" \/>\n<meta property=\"og:locale\" content=\"fr_FR\" \/>\n<meta property=\"og:type\" content=\"article\" \/>\n<meta property=\"og:title\" content=\"Objectifs de d\u00e9veloppement durable - Swiss Fair Trade\" \/>\n<meta property=\"og:description\" content=\"L\u2019Assembl\u00e9e g\u00e9n\u00e9rale des Nations Unies a adopt\u00e9 les objectifs de d\u00e9veloppement durable.\" \/>\n<meta property=\"og:url\" content=\"https:\/\/www.swissfairtrade.ch\/fr\/fair-trade\/objectifs-de-developpement-durable\/\" \/>\n<meta property=\"og:site_name\" content=\"Swiss Fair Trade\" \/>\n<meta property=\"article:modified_time\" content=\"2025-09-24T06:53:07+00:00\" \/>\n<meta property=\"og:image\" content=\"https:\/\/www.swissfairtrade.ch\/wp-content\/uploads\/ghana-2422039_1920.jpg\" \/>\n\t<meta property=\"og:image:width\" content=\"1920\" \/>\n\t<meta property=\"og:image:height\" content=\"1285\" \/>\n\t<meta property=\"og:image:type\" content=\"image\/jpeg\" \/>\n<meta name=\"twitter:card\" content=\"summary_large_image\" \/>\n<meta name=\"twitter:label1\" content=\"Dur\u00e9e de lecture estim\u00e9e\" \/>\n\t<meta name=\"twitter:data1\" content=\"4 minutes\" \/>\n<script type=\"application\/ld+json\" class=\"yoast-schema-graph\">{\"@context\":\"https:\/\/schema.org\",\"@graph\":[{\"@type\":\"WebPage\",\"@id\":\"https:\/\/www.swissfairtrade.ch\/fr\/fair-trade\/objectifs-de-developpement-durable\/\",\"url\":\"https:\/\/www.swissfairtrade.ch\/fr\/fair-trade\/objectifs-de-developpement-durable\/\",\"name\":\"Objectifs de d\u00e9veloppement durable - Swiss Fair Trade\",\"isPartOf\":{\"@id\":\"https:\/\/www.swissfairtrade.ch\/it\/#website\"},\"primaryImageOfPage\":{\"@id\":\"https:\/\/www.swissfairtrade.ch\/fr\/fair-trade\/objectifs-de-developpement-durable\/#primaryimage\"},\"image\":{\"@id\":\"https:\/\/www.swissfairtrade.ch\/fr\/fair-trade\/objectifs-de-developpement-durable\/#primaryimage\"},\"thumbnailUrl\":\"https:\/\/www.swissfairtrade.ch\/wp-content\/uploads\/ghana-2422039_1920.jpg\",\"datePublished\":\"2018-08-27T13:42:30+00:00\",\"dateModified\":\"2025-09-24T06:53:07+00:00\",\"breadcrumb\":{\"@id\":\"https:\/\/www.swissfairtrade.ch\/fr\/fair-trade\/objectifs-de-developpement-durable\/#breadcrumb\"},\"inLanguage\":\"fr-FR\",\"potentialAction\":[{\"@type\":\"ReadAction\",\"target\":[\"https:\/\/www.swissfairtrade.ch\/fr\/fair-trade\/objectifs-de-developpement-durable\/\"]}]},{\"@type\":\"ImageObject\",\"inLanguage\":\"fr-FR\",\"@id\":\"https:\/\/www.swissfairtrade.ch\/fr\/fair-trade\/objectifs-de-developpement-durable\/#primaryimage\",\"url\":\"https:\/\/www.swissfairtrade.ch\/wp-content\/uploads\/ghana-2422039_1920.jpg\",\"contentUrl\":\"https:\/\/www.swissfairtrade.ch\/wp-content\/uploads\/ghana-2422039_1920.jpg\",\"width\":1920,\"height\":1285},{\"@type\":\"BreadcrumbList\",\"@id\":\"https:\/\/www.swissfairtrade.ch\/fr\/fair-trade\/objectifs-de-developpement-durable\/#breadcrumb\",\"itemListElement\":[{\"@type\":\"ListItem\",\"position\":1,\"name\":\"Home\",\"item\":\"https:\/\/www.swissfairtrade.ch\/fr\/\"},{\"@type\":\"ListItem\",\"position\":2,\"name\":\"Fair Trade\",\"item\":\"https:\/\/www.swissfairtrade.ch\/fr\/fair-trade\/\"},{\"@type\":\"ListItem\",\"position\":3,\"name\":\"Objectifs de d\u00e9veloppement durable\"}]},{\"@type\":\"WebSite\",\"@id\":\"https:\/\/www.swissfairtrade.ch\/it\/#website\",\"url\":\"https:\/\/www.swissfairtrade.ch\/it\/\",\"name\":\"Swiss Fair Trade\",\"description\":\"\",\"publisher\":{\"@id\":\"https:\/\/www.swissfairtrade.ch\/it\/#organization\"},\"potentialAction\":[{\"@type\":\"SearchAction\",\"target\":{\"@type\":\"EntryPoint\",\"urlTemplate\":\"https:\/\/www.swissfairtrade.ch\/it\/?s={search_term_string}\"},\"query-input\":{\"@type\":\"PropertyValueSpecification\",\"valueRequired\":true,\"valueName\":\"search_term_string\"}}],\"inLanguage\":\"fr-FR\"},{\"@type\":\"Organization\",\"@id\":\"https:\/\/www.swissfairtrade.ch\/it\/#organization\",\"name\":\"Swiss Fair Trade\",\"url\":\"https:\/\/www.swissfairtrade.ch\/it\/\",\"logo\":{\"@type\":\"ImageObject\",\"inLanguage\":\"fr-FR\",\"@id\":\"https:\/\/www.swissfairtrade.ch\/it\/#\/schema\/logo\/image\/\",\"url\":\"https:\/\/www.swissfairtrade.ch\/wp-content\/uploads\/SwissFairTrade-Logo-rgb-203.51.59-web.png\",\"contentUrl\":\"https:\/\/www.swissfairtrade.ch\/wp-content\/uploads\/SwissFairTrade-Logo-rgb-203.51.59-web.png\",\"width\":130,\"height\":115,\"caption\":\"Swiss Fair Trade\"},\"image\":{\"@id\":\"https:\/\/www.swissfairtrade.ch\/it\/#\/schema\/logo\/image\/\"}}]}<\/script>\n<!-- \/ Yoast SEO plugin. -->","yoast_head_json":{"title":"Objectifs de d\u00e9veloppement durable - Swiss Fair Trade","robots":{"index":"index","follow":"follow","max-snippet":"max-snippet:-1","max-image-preview":"max-image-preview:large","max-video-preview":"max-video-preview:-1"},"canonical":"https:\/\/www.swissfairtrade.ch\/fr\/fair-trade\/objectifs-de-developpement-durable\/","og_locale":"fr_FR","og_type":"article","og_title":"Objectifs de d\u00e9veloppement durable - Swiss Fair Trade","og_description":"L\u2019Assembl\u00e9e g\u00e9n\u00e9rale des Nations Unies a adopt\u00e9 les objectifs de d\u00e9veloppement durable.","og_url":"https:\/\/www.swissfairtrade.ch\/fr\/fair-trade\/objectifs-de-developpement-durable\/","og_site_name":"Swiss Fair Trade","article_modified_time":"2025-09-24T06:53:07+00:00","og_image":[{"width":1920,"height":1285,"url":"https:\/\/www.swissfairtrade.ch\/wp-content\/uploads\/ghana-2422039_1920.jpg","type":"image\/jpeg"}],"twitter_card":"summary_large_image","twitter_misc":{"Dur\u00e9e de lecture estim\u00e9e":"4 minutes"},"schema":{"@context":"https:\/\/schema.org","@graph":[{"@type":"WebPage","@id":"https:\/\/www.swissfairtrade.ch\/fr\/fair-trade\/objectifs-de-developpement-durable\/","url":"https:\/\/www.swissfairtrade.ch\/fr\/fair-trade\/objectifs-de-developpement-durable\/","name":"Objectifs de d\u00e9veloppement durable - Swiss Fair Trade","isPartOf":{"@id":"https:\/\/www.swissfairtrade.ch\/it\/#website"},"primaryImageOfPage":{"@id":"https:\/\/www.swissfairtrade.ch\/fr\/fair-trade\/objectifs-de-developpement-durable\/#primaryimage"},"image":{"@id":"https:\/\/www.swissfairtrade.ch\/fr\/fair-trade\/objectifs-de-developpement-durable\/#primaryimage"},"thumbnailUrl":"https:\/\/www.swissfairtrade.ch\/wp-content\/uploads\/ghana-2422039_1920.jpg","datePublished":"2018-08-27T13:42:30+00:00","dateModified":"2025-09-24T06:53:07+00:00","breadcrumb":{"@id":"https:\/\/www.swissfairtrade.ch\/fr\/fair-trade\/objectifs-de-developpement-durable\/#breadcrumb"},"inLanguage":"fr-FR","potentialAction":[{"@type":"ReadAction","target":["https:\/\/www.swissfairtrade.ch\/fr\/fair-trade\/objectifs-de-developpement-durable\/"]}]},{"@type":"ImageObject","inLanguage":"fr-FR","@id":"https:\/\/www.swissfairtrade.ch\/fr\/fair-trade\/objectifs-de-developpement-durable\/#primaryimage","url":"https:\/\/www.swissfairtrade.ch\/wp-content\/uploads\/ghana-2422039_1920.jpg","contentUrl":"https:\/\/www.swissfairtrade.ch\/wp-content\/uploads\/ghana-2422039_1920.jpg","width":1920,"height":1285},{"@type":"BreadcrumbList","@id":"https:\/\/www.swissfairtrade.ch\/fr\/fair-trade\/objectifs-de-developpement-durable\/#breadcrumb","itemListElement":[{"@type":"ListItem","position":1,"name":"Home","item":"https:\/\/www.swissfairtrade.ch\/fr\/"},{"@type":"ListItem","position":2,"name":"Fair Trade","item":"https:\/\/www.swissfairtrade.ch\/fr\/fair-trade\/"},{"@type":"ListItem","position":3,"name":"Objectifs de d\u00e9veloppement durable"}]},{"@type":"WebSite","@id":"https:\/\/www.swissfairtrade.ch\/it\/#website","url":"https:\/\/www.swissfairtrade.ch\/it\/","name":"Swiss Fair Trade","description":"","publisher":{"@id":"https:\/\/www.swissfairtrade.ch\/it\/#organization"},"potentialAction":[{"@type":"SearchAction","target":{"@type":"EntryPoint","urlTemplate":"https:\/\/www.swissfairtrade.ch\/it\/?s={search_term_string}"},"query-input":{"@type":"PropertyValueSpecification","valueRequired":true,"valueName":"search_term_string"}}],"inLanguage":"fr-FR"},{"@type":"Organization","@id":"https:\/\/www.swissfairtrade.ch\/it\/#organization","name":"Swiss Fair Trade","url":"https:\/\/www.swissfairtrade.ch\/it\/","logo":{"@type":"ImageObject","inLanguage":"fr-FR","@id":"https:\/\/www.swissfairtrade.ch\/it\/#\/schema\/logo\/image\/","url":"https:\/\/www.swissfairtrade.ch\/wp-content\/uploads\/SwissFairTrade-Logo-rgb-203.51.59-web.png","contentUrl":"https:\/\/www.swissfairtrade.ch\/wp-content\/uploads\/SwissFairTrade-Logo-rgb-203.51.59-web.png","width":130,"height":115,"caption":"Swiss Fair Trade"},"image":{"@id":"https:\/\/www.swissfairtrade.ch\/it\/#\/schema\/logo\/image\/"}}]}},"_links":{"self":[{"href":"https:\/\/www.swissfairtrade.ch\/fr\/wp-json\/wp\/v2\/pages\/3251","targetHints":{"allow":["GET"]}}],"collection":[{"href":"https:\/\/www.swissfairtrade.ch\/fr\/wp-json\/wp\/v2\/pages"}],"about":[{"href":"https:\/\/www.swissfairtrade.ch\/fr\/wp-json\/wp\/v2\/types\/page"}],"author":[{"embeddable":true,"href":"https:\/\/www.swissfairtrade.ch\/fr\/wp-json\/wp\/v2\/users\/2"}],"replies":[{"embeddable":true,"href":"https:\/\/www.swissfairtrade.ch\/fr\/wp-json\/wp\/v2\/comments?post=3251"}],"version-history":[{"count":0,"href":"https:\/\/www.swissfairtrade.ch\/fr\/wp-json\/wp\/v2\/pages\/3251\/revisions"}],"up":[{"embeddable":true,"href":"https:\/\/www.swissfairtrade.ch\/fr\/wp-json\/wp\/v2\/pages\/2973"}],"wp:featuredmedia":[{"embeddable":true,"href":"https:\/\/www.swissfairtrade.ch\/fr\/wp-json\/wp\/v2\/media\/2162"}],"wp:attachment":[{"href":"https:\/\/www.swissfairtrade.ch\/fr\/wp-json\/wp\/v2\/media?parent=3251"}],"wp:term":[{"taxonomy":"hauptseiten-kategorie","embeddable":true,"href":"https:\/\/www.swissfairtrade.ch\/fr\/wp-json\/wp\/v2\/hauptseiten-kategorie?post=3251"}],"curies":[{"name":"wp","href":"https:\/\/api.w.org\/{rel}","templated":true}]}}