{"id":3223,"date":"2018-08-27T14:39:52","date_gmt":"2018-08-27T12:39:52","guid":{"rendered":"https:\/\/imagotest.ch\/swissfairtrade\/?page_id=3223"},"modified":"2025-09-24T08:55:31","modified_gmt":"2025-09-24T06:55:31","slug":"fair-trade-town-2","status":"publish","type":"page","link":"https:\/\/www.swissfairtrade.ch\/fr\/champs-d-actions\/fair-trade-town-2\/","title":{"rendered":"Fair Trade Town"},"content":{"rendered":"<div class=\"wpb-content-wrapper\"><p>[vc_row full_width=\u00a0\u00bbstretch_row\u00a0\u00bb content_placement=\u00a0\u00bbbottom\u00a0\u00bb parallax=\u00a0\u00bbcontent-moving-fade\u00a0\u00bb parallax_image=\u00a0\u00bb2959&Prime; css=\u00a0\u00bb.vc_custom_1534757461891{background: rgba(196,196,196,0.71) url(https:\/\/www.swissfairtrade.ch\/wp-content\/uploads\/3_zugeschnitten.jpg?id=2656);background-position: center;background-repeat: no-repeat !important;background-size: cover !important;*background-color: rgb(196,196,196) !important;}\u00a0\u00bb el_class=\u00a0\u00bbheader\u00a0\u00bb][vc_column][vc_column_text css=\u00a0\u00bb\u00a0\u00bb el_class=\u00a0\u00bbtxt-white\u00a0\u00bb]<\/p>\n<div class=\"annot\">\n<div class=\"row-main\">\n<div class=\"text\">\n<h1>Fair Trade Town<\/h1>\n<h2 class=\"big\">Pour une durabilit\u00e9 globale<\/h2>\n<\/div>\n<\/div>\n<\/div>\n<p>[\/vc_column_text][\/vc_column][\/vc_row][vc_row][vc_column][vc_column_text css=\u00a0\u00bb\u00a0\u00bb]<\/p>\n<p class=\"bodytext\"><span data-contrast=\"auto\"><a href=\"http:\/\/www.fairtradetowns.org\/\" target=\"_blank\" rel=\"noopener\">Le programme<\/a><\/span>\u00a0vise \u00e0 promouvoir une consommation responsable et une durabilit\u00e9 globale dans les villes et communes suisses. En remplissant cinq crit\u00e8res cl\u00e9s, les collectivit\u00e9s locales renforcent la sensibilisation de leur population au commerce \u00e9quitable et aux enjeux environnementaux et sociaux li\u00e9s \u00e0 la durablit\u00e9. En mobilisant les habitant\u00b7e\u00b7s et les acteurs locaux, elles jouent un r\u00f4le moteur dans la construction d\u2019un avenir plus juste et durable.<\/p>\n<div>\n<p>Obtenir la distinction Fair Trade Town permet de rendre visible l\u2019engagement d\u2019une commune ou d\u2019une ville en faveur de conditions de vie dignes pour les producteur\u00b7trice\u00b7s du Sud global. \u00c0 travers cette d\u00e9marche, elle contribue activement \u00e0 la r\u00e9alisation des Objectifs de d\u00e9veloppement durable (ODD) des Nations Unies.<\/p>\n<\/div>\n<div>\n<p>Fair Trade Town est un programme international d\u00e9j\u00e0 adopt\u00e9 par plus de 2000 villes dans plus de 30 pays. D\u00e9couvrez les villes et communes suisses engag\u00e9es via notre carte interactive.<\/p>\n<\/div>\n<figure id=\"attachment_13525\" aria-describedby=\"caption-attachment-13525\" style=\"width: 1014px\" class=\"wp-caption aligncenter\"><a href=\"https:\/\/www.fairtradetown.ch\/fr\/\" target=\"_blank\" rel=\"noopener\"><img loading=\"lazy\" decoding=\"async\" class=\"wp-image-13525 size-large\" src=\"https:\/\/www.swissfairtrade.ch\/wp-content\/uploads\/Bildschirmfoto-2025-05-08-um-11.08.19-1024x595.jpg\" alt=\"Le programme Fair Trade Town\" width=\"1024\" height=\"595\" srcset=\"https:\/\/www.swissfairtrade.ch\/wp-content\/uploads\/Bildschirmfoto-2025-05-08-um-11.08.19-1024x595.jpg 1024w, https:\/\/www.swissfairtrade.ch\/wp-content\/uploads\/Bildschirmfoto-2025-05-08-um-11.08.19-482x280.jpg 482w, https:\/\/www.swissfairtrade.ch\/wp-content\/uploads\/Bildschirmfoto-2025-05-08-um-11.08.19-768x446.jpg 768w, https:\/\/www.swissfairtrade.ch\/wp-content\/uploads\/Bildschirmfoto-2025-05-08-um-11.08.19-1536x892.jpg 1536w, https:\/\/www.swissfairtrade.ch\/wp-content\/uploads\/Bildschirmfoto-2025-05-08-um-11.08.19-2048x1189.jpg 2048w, https:\/\/www.swissfairtrade.ch\/wp-content\/uploads\/Bildschirmfoto-2025-05-08-um-11.08.19-500x290.jpg 500w\" sizes=\"auto, (max-width: 1024px) 100vw, 1024px\" \/><\/a><figcaption id=\"caption-attachment-13525\" class=\"wp-caption-text\">D\u00e9couvrez les villes et communes suisses engag\u00e9es<\/figcaption><\/figure>\n<p class=\"bodytext\">Swiss Fair Trade a lanc\u00e9 la campagne\u00a0Fair Trade Town\u00a0en 2014. Fair Trade Town est une distinction attribu\u00e9e aux villes et aux communes qui s\u2019engagent en faveur du commerce \u00e9quitable. Chacun peut contribuer \u00e0 rendre sa ville ou sa commune plus \u00e9quitable.<\/p>\n<p class=\"bodytext\"><span data-olk-copy-source=\"MessageBody\">Tout au long du processus, notre \u00e9quipe accompagne les collectivit\u00e9s avec des conseils personnalis\u00e9s, du mat\u00e9riel pratique, ainsi qu\u2019un acc\u00e8s \u00e0 un r\u00e9seau mondial d\u2019acteurs engag\u00e9s. Ensemble, nous construisons des territoires plus responsables, solidaires\u00a0et durables.\u00a0<\/span><\/p>\n<p>[\/vc_column_text][vc_btn title=\u00a0\u00bbInformez-vous\u00a0\u00bb color=\u00a0\u00bbpink\u00a0\u00bb align=\u00a0\u00bbcenter\u00a0\u00bb link=\u00a0\u00bburl:http%3A%2F%2Fwww.fairtradetown.ch%2Ffr||target:%20_blank|\u00a0\u00bb][\/vc_column][\/vc_row][vc_row disable_element=\u00a0\u00bbyes\u00a0\u00bb][vc_column][vc_empty_space height=\u00a0\u00bb50px\u00a0\u00bb][vc_separator][vc_column_text]<\/p>\n<h3>Autres sujets<\/h3>\n<p>[\/vc_column_text][vc_basic_grid post_type=\u00a0\u00bbpage\u00a0\u00bb max_items=\u00a0\u00bb-1&Prime; gap=\u00a0\u00bb10&Prime; item=\u00a0\u00bb1885&Prime; css=\u00a0\u00bb\u00a0\u00bb grid_id=\u00a0\u00bbvc_gid:1758696921310-d9c2cce4-dc78-5&Prime; taxonomies=\u00a0\u00bb240&Prime; el_id=\u00a0\u00bbhoverColor\u00a0\u00bb][\/vc_column][\/vc_row]<\/p>\n<\/div>","protected":false},"excerpt":{"rendered":"<p>Fair Trade Town est une distinction attribu\u00e9e aux villes et aux communes qui s\u2019engagent en faveur du commerce \u00e9quitable.<\/p>\n","protected":false},"author":2,"featured_media":2656,"parent":3385,"menu_order":7,"comment_status":"closed","ping_status":"closed","template":"","meta":{"generate_page_header":"","footnotes":"","_links_to":"","_links_to_target":""},"hauptseiten-kategorie":[242],"class_list":{"0":"post-3223","1":"page","2":"type-page","3":"status-publish","4":"has-post-thumbnail","6":"hauptseiten-kategorie-schwerpunkte"},"yoast_head":"<!-- This site is optimized with the Yoast SEO plugin v26.2 - https:\/\/yoast.com\/wordpress\/plugins\/seo\/ -->\n<title>Fair Trade Town - Swiss Fair Trade<\/title>\n<meta name=\"robots\" content=\"index, follow, max-snippet:-1, max-image-preview:large, max-video-preview:-1\" \/>\n<link rel=\"canonical\" href=\"https:\/\/www.swissfairtrade.ch\/fr\/champs-d-actions\/fair-trade-town-2\/\" \/>\n<meta property=\"og:locale\" content=\"fr_FR\" \/>\n<meta property=\"og:type\" content=\"article\" \/>\n<meta property=\"og:title\" content=\"Fair Trade Town - Swiss Fair Trade\" \/>\n<meta property=\"og:description\" content=\"Fair Trade Town est une distinction attribu\u00e9e aux villes et aux communes qui s\u2019engagent en faveur du commerce \u00e9quitable.\" \/>\n<meta property=\"og:url\" content=\"https:\/\/www.swissfairtrade.ch\/fr\/champs-d-actions\/fair-trade-town-2\/\" \/>\n<meta property=\"og:site_name\" content=\"Swiss Fair Trade\" \/>\n<meta property=\"article:modified_time\" content=\"2025-09-24T06:55:31+00:00\" \/>\n<meta property=\"og:image\" content=\"https:\/\/www.swissfairtrade.ch\/wp-content\/uploads\/3_zugeschnitten.jpg\" \/>\n\t<meta property=\"og:image:width\" content=\"2628\" \/>\n\t<meta property=\"og:image:height\" content=\"1768\" \/>\n\t<meta property=\"og:image:type\" content=\"image\/jpeg\" \/>\n<meta name=\"twitter:card\" content=\"summary_large_image\" \/>\n<meta name=\"twitter:label1\" content=\"Dur\u00e9e de lecture estim\u00e9e\" \/>\n\t<meta name=\"twitter:data1\" content=\"3 minutes\" \/>\n<script type=\"application\/ld+json\" class=\"yoast-schema-graph\">{\"@context\":\"https:\/\/schema.org\",\"@graph\":[{\"@type\":\"WebPage\",\"@id\":\"https:\/\/www.swissfairtrade.ch\/fr\/champs-d-actions\/fair-trade-town-2\/\",\"url\":\"https:\/\/www.swissfairtrade.ch\/fr\/champs-d-actions\/fair-trade-town-2\/\",\"name\":\"Fair Trade Town - Swiss Fair Trade\",\"isPartOf\":{\"@id\":\"https:\/\/www.swissfairtrade.ch\/it\/#website\"},\"primaryImageOfPage\":{\"@id\":\"https:\/\/www.swissfairtrade.ch\/fr\/champs-d-actions\/fair-trade-town-2\/#primaryimage\"},\"image\":{\"@id\":\"https:\/\/www.swissfairtrade.ch\/fr\/champs-d-actions\/fair-trade-town-2\/#primaryimage\"},\"thumbnailUrl\":\"https:\/\/www.swissfairtrade.ch\/wp-content\/uploads\/3_zugeschnitten.jpg\",\"datePublished\":\"2018-08-27T12:39:52+00:00\",\"dateModified\":\"2025-09-24T06:55:31+00:00\",\"breadcrumb\":{\"@id\":\"https:\/\/www.swissfairtrade.ch\/fr\/champs-d-actions\/fair-trade-town-2\/#breadcrumb\"},\"inLanguage\":\"fr-FR\",\"potentialAction\":[{\"@type\":\"ReadAction\",\"target\":[\"https:\/\/www.swissfairtrade.ch\/fr\/champs-d-actions\/fair-trade-town-2\/\"]}]},{\"@type\":\"ImageObject\",\"inLanguage\":\"fr-FR\",\"@id\":\"https:\/\/www.swissfairtrade.ch\/fr\/champs-d-actions\/fair-trade-town-2\/#primaryimage\",\"url\":\"https:\/\/www.swissfairtrade.ch\/wp-content\/uploads\/3_zugeschnitten.jpg\",\"contentUrl\":\"https:\/\/www.swissfairtrade.ch\/wp-content\/uploads\/3_zugeschnitten.jpg\",\"width\":2628,\"height\":1768},{\"@type\":\"BreadcrumbList\",\"@id\":\"https:\/\/www.swissfairtrade.ch\/fr\/champs-d-actions\/fair-trade-town-2\/#breadcrumb\",\"itemListElement\":[{\"@type\":\"ListItem\",\"position\":1,\"name\":\"Home\",\"item\":\"https:\/\/www.swissfairtrade.ch\/fr\/\"},{\"@type\":\"ListItem\",\"position\":2,\"name\":\"Champs d\u2019actions\",\"item\":\"https:\/\/www.swissfairtrade.ch\/fr\/champs-d-actions\/\"},{\"@type\":\"ListItem\",\"position\":3,\"name\":\"Fair Trade Town\"}]},{\"@type\":\"WebSite\",\"@id\":\"https:\/\/www.swissfairtrade.ch\/it\/#website\",\"url\":\"https:\/\/www.swissfairtrade.ch\/it\/\",\"name\":\"Swiss Fair Trade\",\"description\":\"\",\"publisher\":{\"@id\":\"https:\/\/www.swissfairtrade.ch\/it\/#organization\"},\"potentialAction\":[{\"@type\":\"SearchAction\",\"target\":{\"@type\":\"EntryPoint\",\"urlTemplate\":\"https:\/\/www.swissfairtrade.ch\/it\/?s={search_term_string}\"},\"query-input\":{\"@type\":\"PropertyValueSpecification\",\"valueRequired\":true,\"valueName\":\"search_term_string\"}}],\"inLanguage\":\"fr-FR\"},{\"@type\":\"Organization\",\"@id\":\"https:\/\/www.swissfairtrade.ch\/it\/#organization\",\"name\":\"Swiss Fair Trade\",\"url\":\"https:\/\/www.swissfairtrade.ch\/it\/\",\"logo\":{\"@type\":\"ImageObject\",\"inLanguage\":\"fr-FR\",\"@id\":\"https:\/\/www.swissfairtrade.ch\/it\/#\/schema\/logo\/image\/\",\"url\":\"https:\/\/www.swissfairtrade.ch\/wp-content\/uploads\/SwissFairTrade-Logo-rgb-203.51.59-web.png\",\"contentUrl\":\"https:\/\/www.swissfairtrade.ch\/wp-content\/uploads\/SwissFairTrade-Logo-rgb-203.51.59-web.png\",\"width\":130,\"height\":115,\"caption\":\"Swiss Fair Trade\"},\"image\":{\"@id\":\"https:\/\/www.swissfairtrade.ch\/it\/#\/schema\/logo\/image\/\"}}]}<\/script>\n<!-- \/ Yoast SEO plugin. -->","yoast_head_json":{"title":"Fair Trade Town - Swiss Fair Trade","robots":{"index":"index","follow":"follow","max-snippet":"max-snippet:-1","max-image-preview":"max-image-preview:large","max-video-preview":"max-video-preview:-1"},"canonical":"https:\/\/www.swissfairtrade.ch\/fr\/champs-d-actions\/fair-trade-town-2\/","og_locale":"fr_FR","og_type":"article","og_title":"Fair Trade Town - Swiss Fair Trade","og_description":"Fair Trade Town est une distinction attribu\u00e9e aux villes et aux communes qui s\u2019engagent en faveur du commerce \u00e9quitable.","og_url":"https:\/\/www.swissfairtrade.ch\/fr\/champs-d-actions\/fair-trade-town-2\/","og_site_name":"Swiss Fair Trade","article_modified_time":"2025-09-24T06:55:31+00:00","og_image":[{"width":2628,"height":1768,"url":"https:\/\/www.swissfairtrade.ch\/wp-content\/uploads\/3_zugeschnitten.jpg","type":"image\/jpeg"}],"twitter_card":"summary_large_image","twitter_misc":{"Dur\u00e9e de lecture estim\u00e9e":"3 minutes"},"schema":{"@context":"https:\/\/schema.org","@graph":[{"@type":"WebPage","@id":"https:\/\/www.swissfairtrade.ch\/fr\/champs-d-actions\/fair-trade-town-2\/","url":"https:\/\/www.swissfairtrade.ch\/fr\/champs-d-actions\/fair-trade-town-2\/","name":"Fair Trade Town - Swiss Fair Trade","isPartOf":{"@id":"https:\/\/www.swissfairtrade.ch\/it\/#website"},"primaryImageOfPage":{"@id":"https:\/\/www.swissfairtrade.ch\/fr\/champs-d-actions\/fair-trade-town-2\/#primaryimage"},"image":{"@id":"https:\/\/www.swissfairtrade.ch\/fr\/champs-d-actions\/fair-trade-town-2\/#primaryimage"},"thumbnailUrl":"https:\/\/www.swissfairtrade.ch\/wp-content\/uploads\/3_zugeschnitten.jpg","datePublished":"2018-08-27T12:39:52+00:00","dateModified":"2025-09-24T06:55:31+00:00","breadcrumb":{"@id":"https:\/\/www.swissfairtrade.ch\/fr\/champs-d-actions\/fair-trade-town-2\/#breadcrumb"},"inLanguage":"fr-FR","potentialAction":[{"@type":"ReadAction","target":["https:\/\/www.swissfairtrade.ch\/fr\/champs-d-actions\/fair-trade-town-2\/"]}]},{"@type":"ImageObject","inLanguage":"fr-FR","@id":"https:\/\/www.swissfairtrade.ch\/fr\/champs-d-actions\/fair-trade-town-2\/#primaryimage","url":"https:\/\/www.swissfairtrade.ch\/wp-content\/uploads\/3_zugeschnitten.jpg","contentUrl":"https:\/\/www.swissfairtrade.ch\/wp-content\/uploads\/3_zugeschnitten.jpg","width":2628,"height":1768},{"@type":"BreadcrumbList","@id":"https:\/\/www.swissfairtrade.ch\/fr\/champs-d-actions\/fair-trade-town-2\/#breadcrumb","itemListElement":[{"@type":"ListItem","position":1,"name":"Home","item":"https:\/\/www.swissfairtrade.ch\/fr\/"},{"@type":"ListItem","position":2,"name":"Champs d\u2019actions","item":"https:\/\/www.swissfairtrade.ch\/fr\/champs-d-actions\/"},{"@type":"ListItem","position":3,"name":"Fair Trade Town"}]},{"@type":"WebSite","@id":"https:\/\/www.swissfairtrade.ch\/it\/#website","url":"https:\/\/www.swissfairtrade.ch\/it\/","name":"Swiss Fair Trade","description":"","publisher":{"@id":"https:\/\/www.swissfairtrade.ch\/it\/#organization"},"potentialAction":[{"@type":"SearchAction","target":{"@type":"EntryPoint","urlTemplate":"https:\/\/www.swissfairtrade.ch\/it\/?s={search_term_string}"},"query-input":{"@type":"PropertyValueSpecification","valueRequired":true,"valueName":"search_term_string"}}],"inLanguage":"fr-FR"},{"@type":"Organization","@id":"https:\/\/www.swissfairtrade.ch\/it\/#organization","name":"Swiss Fair Trade","url":"https:\/\/www.swissfairtrade.ch\/it\/","logo":{"@type":"ImageObject","inLanguage":"fr-FR","@id":"https:\/\/www.swissfairtrade.ch\/it\/#\/schema\/logo\/image\/","url":"https:\/\/www.swissfairtrade.ch\/wp-content\/uploads\/SwissFairTrade-Logo-rgb-203.51.59-web.png","contentUrl":"https:\/\/www.swissfairtrade.ch\/wp-content\/uploads\/SwissFairTrade-Logo-rgb-203.51.59-web.png","width":130,"height":115,"caption":"Swiss Fair Trade"},"image":{"@id":"https:\/\/www.swissfairtrade.ch\/it\/#\/schema\/logo\/image\/"}}]}},"_links":{"self":[{"href":"https:\/\/www.swissfairtrade.ch\/fr\/wp-json\/wp\/v2\/pages\/3223","targetHints":{"allow":["GET"]}}],"collection":[{"href":"https:\/\/www.swissfairtrade.ch\/fr\/wp-json\/wp\/v2\/pages"}],"about":[{"href":"https:\/\/www.swissfairtrade.ch\/fr\/wp-json\/wp\/v2\/types\/page"}],"author":[{"embeddable":true,"href":"https:\/\/www.swissfairtrade.ch\/fr\/wp-json\/wp\/v2\/users\/2"}],"replies":[{"embeddable":true,"href":"https:\/\/www.swissfairtrade.ch\/fr\/wp-json\/wp\/v2\/comments?post=3223"}],"version-history":[{"count":0,"href":"https:\/\/www.swissfairtrade.ch\/fr\/wp-json\/wp\/v2\/pages\/3223\/revisions"}],"up":[{"embeddable":true,"href":"https:\/\/www.swissfairtrade.ch\/fr\/wp-json\/wp\/v2\/pages\/3385"}],"wp:featuredmedia":[{"embeddable":true,"href":"https:\/\/www.swissfairtrade.ch\/fr\/wp-json\/wp\/v2\/media\/2656"}],"wp:attachment":[{"href":"https:\/\/www.swissfairtrade.ch\/fr\/wp-json\/wp\/v2\/media?parent=3223"}],"wp:term":[{"taxonomy":"hauptseiten-kategorie","embeddable":true,"href":"https:\/\/www.swissfairtrade.ch\/fr\/wp-json\/wp\/v2\/hauptseiten-kategorie?post=3223"}],"curies":[{"name":"wp","href":"https:\/\/api.w.org\/{rel}","templated":true}]}}