{"id":3218,"date":"2018-08-27T14:19:05","date_gmt":"2018-08-27T12:19:05","guid":{"rendered":"https:\/\/imagotest.ch\/swissfairtrade\/?page_id=3218"},"modified":"2025-09-24T09:03:21","modified_gmt":"2025-09-24T07:03:21","slug":"equipe","status":"publish","type":"page","link":"https:\/\/www.swissfairtrade.ch\/fr\/portrait\/equipe\/","title":{"rendered":"Equipe"},"content":{"rendered":"<div class=\"wpb-content-wrapper\"><p>[vc_row full_width=\u00a0\u00bbstretch_row\u00a0\u00bb content_placement=\u00a0\u00bbbottom\u00a0\u00bb parallax=\u00a0\u00bbcontent-moving-fade\u00a0\u00bb parallax_image=\u00a0\u00bb2959&Prime; css=\u00a0\u00bb.vc_custom_1758697275080{background: rgba(196,196,196,0.71) url(https:\/\/www.swissfairtrade.ch\/wp-content\/uploads\/cotton-ge67e063e6_1920.jpg?id=11197);background-position: center;background-repeat: no-repeat !important;background-size: cover !important;*background-color: rgb(196,196,196) !important;}\u00a0\u00bb el_class=\u00a0\u00bbheader\u00a0\u00bb][vc_column][vc_column_text el_class=\u00a0\u00bbtxt-white\u00a0\u00bb]<\/p>\n<div class=\"annot\">\n<div class=\"row-main\">\n<div class=\"text\">\n<h1>Equipe<\/h1>\n<h2 class=\"big\">Nous nous pr\u00e9sentons.<\/h2>\n<\/div>\n<\/div>\n<\/div>\n<p>[\/vc_column_text][\/vc_column][\/vc_row][vc_row][vc_column width=\u00a0\u00bb1\/3&Prime;][vc_hoverbox image=\u00a0\u00bb13464&Prime; primary_title=\u00a0\u00bb\u00a0\u00bb hover_title=\u00a0\u00bbPhilipp Scheidiger\u00a0\u00bb shape=\u00a0\u00bbsquare\u00a0\u00bb hover_background_color=\u00a0\u00bbcustom\u00a0\u00bb hover_custom_background=\u00a0\u00bb#D6F0FF\u00a0\u00bb]Secr\u00e9taire g\u00e9n\u00e9ral<br \/>\nTel. 061 260 21 60[\/vc_hoverbox][\/vc_column][vc_column width=\u00a0\u00bb1\/3&Prime;][vc_hoverbox image=\u00a0\u00bb13467&Prime; primary_title=\u00a0\u00bb\u00a0\u00bb hover_title=\u00a0\u00bbCatherine W\u00e4lti\u00a0\u00bb shape=\u00a0\u00bbsquare\u00a0\u00bb hover_background_color=\u00a0\u00bbcustom\u00a0\u00bb hover_custom_background=\u00a0\u00bb#D6F0FF\u00a0\u00bb]Responsable campagne Fair Trade Town Suisse al\u00e9manique<br \/>\nTel. 061 260 21 62[\/vc_hoverbox][\/vc_column][vc_column width=\u00a0\u00bb1\/3&Prime;][vc_hoverbox image=\u00a0\u00bb13489&Prime; primary_title=\u00a0\u00bb\u00a0\u00bb hover_title=\u00a0\u00bbAnja Seiler\u00a0\u00bb shape=\u00a0\u00bbsquare\u00a0\u00bb hover_background_color=\u00a0\u00bbcustom\u00a0\u00bb hover_custom_background=\u00a0\u00bb#D6F0FF\u00a0\u00bb]Experte en droits humains<br \/>\nTel. 061 260 21 60[\/vc_hoverbox][\/vc_column][\/vc_row][vc_row][vc_column][vc_empty_space height=\u00a0\u00bb45px\u00a0\u00bb][\/vc_column][\/vc_row][vc_row][vc_column width=\u00a0\u00bb1\/3&Prime;][vc_hoverbox image=\u00a0\u00bb13473&Prime; primary_title=\u00a0\u00bb\u00a0\u00bb hover_title=\u00a0\u00bbLisa Kneub\u00fchler\u00a0\u00bb shape=\u00a0\u00bbsquare\u00a0\u00bb hover_background_color=\u00a0\u00bbcustom\u00a0\u00bb hover_custom_background=\u00a0\u00bb#D6F0FF\u00a0\u00bb]Stagiaire<br \/>\nTel. 061 260 21 60[\/vc_hoverbox][\/vc_column][vc_column width=\u00a0\u00bb1\/3&Prime;][vc_hoverbox image=\u00a0\u00bb13476&Prime; primary_title=\u00a0\u00bb\u00a0\u00bb hover_title=\u00a0\u00bbAnja Imobersteg\u00a0\u00bb shape=\u00a0\u00bbsquare\u00a0\u00bb hover_background_color=\u00a0\u00bbcustom\u00a0\u00bb hover_custom_background=\u00a0\u00bb#D6F0FF\u00a0\u00bb]Charg\u00e9e de projets Fair Trade Town Suisse romande et textiles<br \/>\nTel. 061 260 21 60<br \/>\nMob. 076 380 33 47[\/vc_hoverbox][\/vc_column][vc_column width=\u00a0\u00bb1\/3&Prime;][vc_hoverbox image=\u00a0\u00bb13479&Prime; primary_title=\u00a0\u00bb\u00a0\u00bb primary_align=\u00a0\u00bbjustify\u00a0\u00bb hover_title=\u00a0\u00bbJulia D\u00fcmpelmann\u00a0\u00bb shape=\u00a0\u00bbsquare\u00a0\u00bb hover_background_color=\u00a0\u00bbcustom\u00a0\u00bb hover_custom_background=\u00a0\u00bb#D6F0FF\u00a0\u00bb]Responsable communication<br \/>\nTel. 061 260 21 60[\/vc_hoverbox][\/vc_column][\/vc_row][vc_row][vc_column][vc_empty_space height=\u00a0\u00bb45px\u00a0\u00bb][\/vc_column][\/vc_row][vc_row][vc_column width=\u00a0\u00bb1\/3&Prime;][vc_hoverbox image=\u00a0\u00bb13470&Prime; primary_title=\u00a0\u00bb\u00a0\u00bb hover_title=\u00a0\u00bbClaire Fischer\u00a0\u00bb shape=\u00a0\u00bbsquare\u00a0\u00bb hover_background_color=\u00a0\u00bbcustom\u00a0\u00bb hover_custom_background=\u00a0\u00bb#D6F0FF\u00a0\u00bb]<span lang=\"FR-CH\">Responsable campagne Fair Trade Town <\/span>Svizzera italiana<br \/>\nTel. 079 690 42 73[\/vc_hoverbox][\/vc_column][vc_column width=\u00a0\u00bb1\/3&Prime;][vc_hoverbox image=\u00a0\u00bb11396&Prime; primary_title=\u00a0\u00bb\u00a0\u00bb hover_title=\u00a0\u00bbBettina Seiferle\u00a0\u00bb shape=\u00a0\u00bbsquare\u00a0\u00bb hover_background_color=\u00a0\u00bbcustom\u00a0\u00bb hover_custom_background=\u00a0\u00bb#D6F0FF\u00a0\u00bb]Business Development Consultant STS2030<br \/>\nTel. 061 260 21 60[\/vc_hoverbox][\/vc_column][vc_column width=\u00a0\u00bb1\/3&Prime;][\/vc_column][\/vc_row][vc_row][vc_column][vc_empty_space height=\u00a0\u00bb45px\u00a0\u00bb][\/vc_column][\/vc_row][vc_row][vc_column][vc_empty_space height=\u00a0\u00bb50px\u00a0\u00bb][vc_separator][vc_basic_grid post_type=\u00a0\u00bbpage\u00a0\u00bb max_items=\u00a0\u00bb-1&Prime; gap=\u00a0\u00bb10&Prime; item=\u00a0\u00bb3318&Prime; grid_id=\u00a0\u00bbvc_gid:1758697267169-4ff9107c-bc0e-8&Prime; taxonomies=\u00a0\u00bb241&Prime;][\/vc_column][\/vc_row]<\/p>\n<\/div>","protected":false},"excerpt":{"rendered":"<p>Nous nous pr\u00e9sentons.<\/p>\n","protected":false},"author":2,"featured_media":3299,"parent":3422,"menu_order":1,"comment_status":"closed","ping_status":"closed","template":"","meta":{"generate_page_header":"","footnotes":"","_links_to":"","_links_to_target":""},"hauptseiten-kategorie":[241],"class_list":{"0":"post-3218","1":"page","2":"type-page","3":"status-publish","4":"has-post-thumbnail","6":"hauptseiten-kategorie-ueber-uns"},"yoast_head":"<!-- This site is optimized with the Yoast SEO plugin v26.2 - https:\/\/yoast.com\/wordpress\/plugins\/seo\/ -->\n<title>Equipe - Swiss Fair Trade<\/title>\n<meta name=\"robots\" content=\"index, follow, max-snippet:-1, max-image-preview:large, max-video-preview:-1\" \/>\n<link rel=\"canonical\" href=\"https:\/\/www.swissfairtrade.ch\/fr\/portrait\/equipe\/\" \/>\n<meta property=\"og:locale\" content=\"fr_FR\" \/>\n<meta property=\"og:type\" content=\"article\" \/>\n<meta property=\"og:title\" content=\"Equipe - Swiss Fair Trade\" \/>\n<meta property=\"og:description\" content=\"Nous nous pr\u00e9sentons.\" \/>\n<meta property=\"og:url\" content=\"https:\/\/www.swissfairtrade.ch\/fr\/portrait\/equipe\/\" \/>\n<meta property=\"og:site_name\" content=\"Swiss Fair Trade\" \/>\n<meta property=\"article:modified_time\" content=\"2025-09-24T07:03:21+00:00\" \/>\n<meta property=\"og:image\" content=\"https:\/\/www.swissfairtrade.ch\/wp-content\/uploads\/ueber-uns_thumb.jpg\" \/>\n\t<meta property=\"og:image:width\" content=\"600\" \/>\n\t<meta property=\"og:image:height\" content=\"350\" \/>\n\t<meta property=\"og:image:type\" content=\"image\/jpeg\" \/>\n<meta name=\"twitter:card\" content=\"summary_large_image\" \/>\n<meta name=\"twitter:label1\" content=\"Dur\u00e9e de lecture estim\u00e9e\" \/>\n\t<meta name=\"twitter:data1\" content=\"3 minutes\" \/>\n<script type=\"application\/ld+json\" class=\"yoast-schema-graph\">{\"@context\":\"https:\/\/schema.org\",\"@graph\":[{\"@type\":\"WebPage\",\"@id\":\"https:\/\/www.swissfairtrade.ch\/fr\/portrait\/equipe\/\",\"url\":\"https:\/\/www.swissfairtrade.ch\/fr\/portrait\/equipe\/\",\"name\":\"Equipe - Swiss Fair Trade\",\"isPartOf\":{\"@id\":\"https:\/\/www.swissfairtrade.ch\/it\/#website\"},\"primaryImageOfPage\":{\"@id\":\"https:\/\/www.swissfairtrade.ch\/fr\/portrait\/equipe\/#primaryimage\"},\"image\":{\"@id\":\"https:\/\/www.swissfairtrade.ch\/fr\/portrait\/equipe\/#primaryimage\"},\"thumbnailUrl\":\"https:\/\/www.swissfairtrade.ch\/wp-content\/uploads\/ueber-uns_thumb.jpg\",\"datePublished\":\"2018-08-27T12:19:05+00:00\",\"dateModified\":\"2025-09-24T07:03:21+00:00\",\"breadcrumb\":{\"@id\":\"https:\/\/www.swissfairtrade.ch\/fr\/portrait\/equipe\/#breadcrumb\"},\"inLanguage\":\"fr-FR\",\"potentialAction\":[{\"@type\":\"ReadAction\",\"target\":[\"https:\/\/www.swissfairtrade.ch\/fr\/portrait\/equipe\/\"]}]},{\"@type\":\"ImageObject\",\"inLanguage\":\"fr-FR\",\"@id\":\"https:\/\/www.swissfairtrade.ch\/fr\/portrait\/equipe\/#primaryimage\",\"url\":\"https:\/\/www.swissfairtrade.ch\/wp-content\/uploads\/ueber-uns_thumb.jpg\",\"contentUrl\":\"https:\/\/www.swissfairtrade.ch\/wp-content\/uploads\/ueber-uns_thumb.jpg\",\"width\":600,\"height\":350},{\"@type\":\"BreadcrumbList\",\"@id\":\"https:\/\/www.swissfairtrade.ch\/fr\/portrait\/equipe\/#breadcrumb\",\"itemListElement\":[{\"@type\":\"ListItem\",\"position\":1,\"name\":\"Home\",\"item\":\"https:\/\/www.swissfairtrade.ch\/fr\/\"},{\"@type\":\"ListItem\",\"position\":2,\"name\":\"Portrait\",\"item\":\"https:\/\/www.swissfairtrade.ch\/fr\/portrait\/\"},{\"@type\":\"ListItem\",\"position\":3,\"name\":\"Equipe\"}]},{\"@type\":\"WebSite\",\"@id\":\"https:\/\/www.swissfairtrade.ch\/it\/#website\",\"url\":\"https:\/\/www.swissfairtrade.ch\/it\/\",\"name\":\"Swiss Fair Trade\",\"description\":\"\",\"publisher\":{\"@id\":\"https:\/\/www.swissfairtrade.ch\/it\/#organization\"},\"potentialAction\":[{\"@type\":\"SearchAction\",\"target\":{\"@type\":\"EntryPoint\",\"urlTemplate\":\"https:\/\/www.swissfairtrade.ch\/it\/?s={search_term_string}\"},\"query-input\":{\"@type\":\"PropertyValueSpecification\",\"valueRequired\":true,\"valueName\":\"search_term_string\"}}],\"inLanguage\":\"fr-FR\"},{\"@type\":\"Organization\",\"@id\":\"https:\/\/www.swissfairtrade.ch\/it\/#organization\",\"name\":\"Swiss Fair Trade\",\"url\":\"https:\/\/www.swissfairtrade.ch\/it\/\",\"logo\":{\"@type\":\"ImageObject\",\"inLanguage\":\"fr-FR\",\"@id\":\"https:\/\/www.swissfairtrade.ch\/it\/#\/schema\/logo\/image\/\",\"url\":\"https:\/\/www.swissfairtrade.ch\/wp-content\/uploads\/SwissFairTrade-Logo-rgb-203.51.59-web.png\",\"contentUrl\":\"https:\/\/www.swissfairtrade.ch\/wp-content\/uploads\/SwissFairTrade-Logo-rgb-203.51.59-web.png\",\"width\":130,\"height\":115,\"caption\":\"Swiss Fair Trade\"},\"image\":{\"@id\":\"https:\/\/www.swissfairtrade.ch\/it\/#\/schema\/logo\/image\/\"}}]}<\/script>\n<!-- \/ Yoast SEO plugin. -->","yoast_head_json":{"title":"Equipe - Swiss Fair Trade","robots":{"index":"index","follow":"follow","max-snippet":"max-snippet:-1","max-image-preview":"max-image-preview:large","max-video-preview":"max-video-preview:-1"},"canonical":"https:\/\/www.swissfairtrade.ch\/fr\/portrait\/equipe\/","og_locale":"fr_FR","og_type":"article","og_title":"Equipe - Swiss Fair Trade","og_description":"Nous nous pr\u00e9sentons.","og_url":"https:\/\/www.swissfairtrade.ch\/fr\/portrait\/equipe\/","og_site_name":"Swiss Fair Trade","article_modified_time":"2025-09-24T07:03:21+00:00","og_image":[{"width":600,"height":350,"url":"https:\/\/www.swissfairtrade.ch\/wp-content\/uploads\/ueber-uns_thumb.jpg","type":"image\/jpeg"}],"twitter_card":"summary_large_image","twitter_misc":{"Dur\u00e9e de lecture estim\u00e9e":"3 minutes"},"schema":{"@context":"https:\/\/schema.org","@graph":[{"@type":"WebPage","@id":"https:\/\/www.swissfairtrade.ch\/fr\/portrait\/equipe\/","url":"https:\/\/www.swissfairtrade.ch\/fr\/portrait\/equipe\/","name":"Equipe - Swiss Fair Trade","isPartOf":{"@id":"https:\/\/www.swissfairtrade.ch\/it\/#website"},"primaryImageOfPage":{"@id":"https:\/\/www.swissfairtrade.ch\/fr\/portrait\/equipe\/#primaryimage"},"image":{"@id":"https:\/\/www.swissfairtrade.ch\/fr\/portrait\/equipe\/#primaryimage"},"thumbnailUrl":"https:\/\/www.swissfairtrade.ch\/wp-content\/uploads\/ueber-uns_thumb.jpg","datePublished":"2018-08-27T12:19:05+00:00","dateModified":"2025-09-24T07:03:21+00:00","breadcrumb":{"@id":"https:\/\/www.swissfairtrade.ch\/fr\/portrait\/equipe\/#breadcrumb"},"inLanguage":"fr-FR","potentialAction":[{"@type":"ReadAction","target":["https:\/\/www.swissfairtrade.ch\/fr\/portrait\/equipe\/"]}]},{"@type":"ImageObject","inLanguage":"fr-FR","@id":"https:\/\/www.swissfairtrade.ch\/fr\/portrait\/equipe\/#primaryimage","url":"https:\/\/www.swissfairtrade.ch\/wp-content\/uploads\/ueber-uns_thumb.jpg","contentUrl":"https:\/\/www.swissfairtrade.ch\/wp-content\/uploads\/ueber-uns_thumb.jpg","width":600,"height":350},{"@type":"BreadcrumbList","@id":"https:\/\/www.swissfairtrade.ch\/fr\/portrait\/equipe\/#breadcrumb","itemListElement":[{"@type":"ListItem","position":1,"name":"Home","item":"https:\/\/www.swissfairtrade.ch\/fr\/"},{"@type":"ListItem","position":2,"name":"Portrait","item":"https:\/\/www.swissfairtrade.ch\/fr\/portrait\/"},{"@type":"ListItem","position":3,"name":"Equipe"}]},{"@type":"WebSite","@id":"https:\/\/www.swissfairtrade.ch\/it\/#website","url":"https:\/\/www.swissfairtrade.ch\/it\/","name":"Swiss Fair Trade","description":"","publisher":{"@id":"https:\/\/www.swissfairtrade.ch\/it\/#organization"},"potentialAction":[{"@type":"SearchAction","target":{"@type":"EntryPoint","urlTemplate":"https:\/\/www.swissfairtrade.ch\/it\/?s={search_term_string}"},"query-input":{"@type":"PropertyValueSpecification","valueRequired":true,"valueName":"search_term_string"}}],"inLanguage":"fr-FR"},{"@type":"Organization","@id":"https:\/\/www.swissfairtrade.ch\/it\/#organization","name":"Swiss Fair Trade","url":"https:\/\/www.swissfairtrade.ch\/it\/","logo":{"@type":"ImageObject","inLanguage":"fr-FR","@id":"https:\/\/www.swissfairtrade.ch\/it\/#\/schema\/logo\/image\/","url":"https:\/\/www.swissfairtrade.ch\/wp-content\/uploads\/SwissFairTrade-Logo-rgb-203.51.59-web.png","contentUrl":"https:\/\/www.swissfairtrade.ch\/wp-content\/uploads\/SwissFairTrade-Logo-rgb-203.51.59-web.png","width":130,"height":115,"caption":"Swiss Fair Trade"},"image":{"@id":"https:\/\/www.swissfairtrade.ch\/it\/#\/schema\/logo\/image\/"}}]}},"_links":{"self":[{"href":"https:\/\/www.swissfairtrade.ch\/fr\/wp-json\/wp\/v2\/pages\/3218","targetHints":{"allow":["GET"]}}],"collection":[{"href":"https:\/\/www.swissfairtrade.ch\/fr\/wp-json\/wp\/v2\/pages"}],"about":[{"href":"https:\/\/www.swissfairtrade.ch\/fr\/wp-json\/wp\/v2\/types\/page"}],"author":[{"embeddable":true,"href":"https:\/\/www.swissfairtrade.ch\/fr\/wp-json\/wp\/v2\/users\/2"}],"replies":[{"embeddable":true,"href":"https:\/\/www.swissfairtrade.ch\/fr\/wp-json\/wp\/v2\/comments?post=3218"}],"version-history":[{"count":0,"href":"https:\/\/www.swissfairtrade.ch\/fr\/wp-json\/wp\/v2\/pages\/3218\/revisions"}],"up":[{"embeddable":true,"href":"https:\/\/www.swissfairtrade.ch\/fr\/wp-json\/wp\/v2\/pages\/3422"}],"wp:featuredmedia":[{"embeddable":true,"href":"https:\/\/www.swissfairtrade.ch\/fr\/wp-json\/wp\/v2\/media\/3299"}],"wp:attachment":[{"href":"https:\/\/www.swissfairtrade.ch\/fr\/wp-json\/wp\/v2\/media?parent=3218"}],"wp:term":[{"taxonomy":"hauptseiten-kategorie","embeddable":true,"href":"https:\/\/www.swissfairtrade.ch\/fr\/wp-json\/wp\/v2\/hauptseiten-kategorie?post=3218"}],"curies":[{"name":"wp","href":"https:\/\/api.w.org\/{rel}","templated":true}]}}