{"id":2974,"date":"2018-08-20T10:53:09","date_gmt":"2018-08-20T08:53:09","guid":{"rendered":"https:\/\/imagotest.ch\/swissfairtrade\/?page_id=2974"},"modified":"2025-09-24T08:51:53","modified_gmt":"2025-09-24T06:51:53","slug":"effets-du-commerce-equitable","status":"publish","type":"page","link":"https:\/\/www.swissfairtrade.ch\/fr\/fair-trade\/effets-du-commerce-equitable\/","title":{"rendered":"Effets du commerce \u00e9quitable"},"content":{"rendered":"<div class=\"wpb-content-wrapper\"><p>[vc_row full_width=\u00a0\u00bbstretch_row\u00a0\u00bb content_placement=\u00a0\u00bbbottom\u00a0\u00bb parallax=\u00a0\u00bbcontent-moving-fade\u00a0\u00bb parallax_image=\u00a0\u00bb2959&Prime; css=\u00a0\u00bb.vc_custom_1680535485015{background: rgba(196,196,196,0.71) url(https:\/\/www.swissfairtrade.ch\/wp-content\/uploads\/2pexels-thor-garlan-2516037-scaled.jpg?id=9328);*background-color:gb(196,196,196);}\u00a0\u00bb el_class=\u00a0\u00bbheader\u00a0\u00bb][vc_column][vc_column_text el_class=\u00a0\u00bbtxt-white\u00a0\u00bb]<\/p>\n<div class=\"annot\">\n<div class=\"row-main\">\n<div class=\"text\">\n<h1>Effets du commerce \u00e9quitable<\/h1>\n<h2 class=\"big\">Am\u00e9lioration et d\u00e9veloppement.<\/h2>\n<\/div>\n<\/div>\n<\/div>\n<p>[\/vc_column_text][\/vc_column][\/vc_row][vc_row][vc_column][vc_column_text]<\/p>\n<div class=\"wpb_text_column wpb_content_element \">\n<div class=\"wpb_wrapper\">\n<p>Le commerce \u00e9quitable est un instrument de politique de d\u00e9veloppement qui permet aux producteurs\u00b7trices du Sud d&rsquo;am\u00e9liorer leur niveau de vie.<\/p>\n<p>Les impacts du commerce \u00e9quitable ont \u00e9t\u00e9 analys\u00e9s \u00e0 plusieurs reprises par le pass\u00e9. Diverses \u00e9tudes mettent en \u00e9vidence l\u2019influence positive du commerce \u00e9quitable sur les producteurs\u00b7trices, leurs familles et la communaut\u00e9 dans son ensemble. Ces analyses d\u2019impact, montrent que les effets du commerce \u00e9quitable sont multi-dimensionnels :<\/p><\/div>\n<\/div>\n<p>[\/vc_column_text][\/vc_column][\/vc_row][vc_row equal_height=\u00a0\u00bbyes\u00a0\u00bb content_placement=\u00a0\u00bbmiddle\u00a0\u00bb][vc_column width=\u00a0\u00bb1\/6&Prime;][vc_single_image image=\u00a0\u00bb11639&Prime; img_size=\u00a0\u00bb150&#215;150&Prime;][\/vc_column][vc_column width=\u00a0\u00bb5\/6&Prime;][vc_column_text]<strong>Revenu<br \/>\n<\/strong>Gr\u00e2ce \u00e0 des prix plancher et \u00e0 la prime du commerce \u00e9quitable, les producteurs\u00b7trices vendent leur marchandise \u00e0 meilleur prix, ce qui leur garantit des revenus plus \u00e9lev\u00e9s.[\/vc_column_text][\/vc_column][\/vc_row][vc_row equal_height=\u00a0\u00bbyes\u00a0\u00bb content_placement=\u00a0\u00bbmiddle\u00a0\u00bb][vc_column width=\u00a0\u00bb1\/6&Prime;][vc_single_image image=\u00a0\u00bb11636&Prime; img_size=\u00a0\u00bb150&#215;150&Prime;][\/vc_column][vc_column width=\u00a0\u00bb5\/6&Prime;][vc_column_text]<strong>R\u00e9silience<br \/>\n<\/strong>Contrats d\u2019achats sur le long terme, revenus plus \u00e9lev\u00e9s, diversification des cultures et r\u00e9coltes plus abondantes\u00a0: la fili\u00e8re \u00e9quitable augmente la r\u00e9silience \u00e9conomique des paysan\u00b7nes. Ainsi, les agriculteurs\u00b7trices du commerce \u00e9quitable sont par exemple plus r\u00e9silient.e.s face aux mauvaises r\u00e9coltes ou \u00e0 une chute des prix.[\/vc_column_text][\/vc_column][\/vc_row][vc_row equal_height=\u00a0\u00bbyes\u00a0\u00bb content_placement=\u00a0\u00bbmiddle\u00a0\u00bb][vc_column width=\u00a0\u00bb1\/6&Prime;][vc_single_image image=\u00a0\u00bb11633&Prime; img_size=\u00a0\u00bb150&#215;150&Prime;][\/vc_column][vc_column width=\u00a0\u00bb5\/6&Prime;][vc_column_text]<strong>\u00c9cologie et climat<br \/>\n<\/strong>La fili\u00e8re \u00e9quitable, en d\u00e9veloppant des syst\u00e8mes agricoles durables et en formant les paysan\u00b7nes, r\u00e9duit les \u00e9missions de gaz \u00e0 effet de serre, rend les cultures climato-compatibles et am\u00e9liore la qualit\u00e9 des sols.[\/vc_column_text][\/vc_column][\/vc_row][vc_row equal_height=\u00a0\u00bbyes\u00a0\u00bb content_placement=\u00a0\u00bbmiddle\u00a0\u00bb][vc_column width=\u00a0\u00bb1\/6&Prime;][vc_single_image image=\u00a0\u00bb11642&Prime; img_size=\u00a0\u00bb150&#215;150&Prime;][\/vc_column][vc_column width=\u00a0\u00bb5\/6&Prime;][vc_column_text]<strong>Soci\u00e9t\u00e9<br \/>\n<\/strong>En investissant dans la sant\u00e9 et dans l\u2019\u00e9ducation, le commerce \u00e9quitable aide les communaut\u00e9s \u00e0 am\u00e9liorer durablement leurs conditions de vie.[\/vc_column_text][\/vc_column][\/vc_row][vc_row equal_height=\u00a0\u00bbyes\u00a0\u00bb content_placement=\u00a0\u00bbmiddle\u00a0\u00bb][vc_column width=\u00a0\u00bb1\/6&Prime;][vc_single_image image=\u00a0\u00bb11630&Prime; img_size=\u00a0\u00bb150&#215;150&Prime;][\/vc_column][vc_column width=\u00a0\u00bb5\/6&Prime;][vc_column_text]<strong>Autonomisation<br \/>\n<\/strong>Les coop\u00e9ratives \u00e9quitables promeuvent et forment les femmes. R\u00e9sultat : ces derni\u00e8res y sont proportionnellement plus nombreuses et y occupent davantage de postes de direction.[\/vc_column_text][\/vc_column][\/vc_row][vc_row][vc_column][vc_column_text]Les conclusions indiquent que le commerce \u00e9quitable rev\u00eat une grande importance pour le d\u00e9veloppement durable et autod\u00e9termin\u00e9 des producteurs\u00b7trices et de leurs communaut\u00e9s dans le Sud global. D\u00e9couvrez les <a href=\"https:\/\/www.swissfairtrade.ch\/fr\/fair-trade\/internationale-studien\/\" target=\"_blank\" rel=\"noopener\">\u00e9tudes d\u00e9taill\u00e9es<\/a> ici.[\/vc_column_text][\/vc_column][\/vc_row][vc_row][vc_column][vc_column_text]<strong>Autres sujets<\/strong>[\/vc_column_text][vc_basic_grid post_type=\u00a0\u00bbpage\u00a0\u00bb max_items=\u00a0\u00bb-1&Prime; gap=\u00a0\u00bb10&Prime; orderby=\u00a0\u00bbparent\u00a0\u00bb order=\u00a0\u00bbASC\u00a0\u00bb item=\u00a0\u00bb1885&Prime; css=\u00a0\u00bb\u00a0\u00bb grid_id=\u00a0\u00bbvc_gid:1758696647250-175770ff-fb8b-5&Prime; taxonomies=\u00a0\u00bb365&Prime; el_id=\u00a0\u00bbhoverColor\u00a0\u00bb][\/vc_column][\/vc_row]<\/p>\n<\/div>","protected":false},"excerpt":{"rendered":"<p>Le commerce \u00e9quitable rev\u00eat une grande importance pour le d\u00e9veloppement durable et autod\u00e9termin\u00e9 des producteurs\u00b7trices dans le Sud global.<\/p>\n","protected":false},"author":2,"featured_media":9315,"parent":2973,"menu_order":1,"comment_status":"closed","ping_status":"closed","template":"","meta":{"generate_page_header":"","footnotes":"","_links_to":"","_links_to_target":""},"hauptseiten-kategorie":[230,365],"class_list":{"0":"post-2974","1":"page","2":"type-page","3":"status-publish","4":"has-post-thumbnail","6":"hauptseiten-kategorie-fairer-handel","7":"hauptseiten-kategorie-wirkung"},"yoast_head":"<!-- This site is optimized with the Yoast SEO plugin v26.2 - https:\/\/yoast.com\/wordpress\/plugins\/seo\/ -->\n<title>Effets du commerce \u00e9quitable - Swiss Fair Trade<\/title>\n<meta name=\"robots\" content=\"index, follow, max-snippet:-1, max-image-preview:large, max-video-preview:-1\" \/>\n<link rel=\"canonical\" href=\"https:\/\/www.swissfairtrade.ch\/fr\/fair-trade\/effets-du-commerce-equitable\/\" \/>\n<meta property=\"og:locale\" content=\"fr_FR\" \/>\n<meta property=\"og:type\" content=\"article\" \/>\n<meta property=\"og:title\" content=\"Effets du commerce \u00e9quitable - Swiss Fair Trade\" \/>\n<meta property=\"og:description\" content=\"Le commerce \u00e9quitable rev\u00eat une grande importance pour le d\u00e9veloppement durable et autod\u00e9termin\u00e9 des producteurs\u00b7trices dans le Sud global.\" \/>\n<meta property=\"og:url\" content=\"https:\/\/www.swissfairtrade.ch\/fr\/fair-trade\/effets-du-commerce-equitable\/\" \/>\n<meta property=\"og:site_name\" content=\"Swiss Fair Trade\" \/>\n<meta property=\"article:modified_time\" content=\"2025-09-24T06:51:53+00:00\" \/>\n<meta property=\"og:image\" content=\"https:\/\/www.swissfairtrade.ch\/wp-content\/uploads\/pexels-thor-garlan-2516037-scaled.jpg\" \/>\n\t<meta property=\"og:image:width\" content=\"2560\" \/>\n\t<meta property=\"og:image:height\" content=\"1709\" \/>\n\t<meta property=\"og:image:type\" content=\"image\/jpeg\" \/>\n<meta name=\"twitter:card\" content=\"summary_large_image\" \/>\n<meta name=\"twitter:label1\" content=\"Dur\u00e9e de lecture estim\u00e9e\" \/>\n\t<meta name=\"twitter:data1\" content=\"2 minutes\" \/>\n<script type=\"application\/ld+json\" class=\"yoast-schema-graph\">{\"@context\":\"https:\/\/schema.org\",\"@graph\":[{\"@type\":\"WebPage\",\"@id\":\"https:\/\/www.swissfairtrade.ch\/fr\/fair-trade\/effets-du-commerce-equitable\/\",\"url\":\"https:\/\/www.swissfairtrade.ch\/fr\/fair-trade\/effets-du-commerce-equitable\/\",\"name\":\"Effets du commerce \u00e9quitable - Swiss Fair Trade\",\"isPartOf\":{\"@id\":\"https:\/\/www.swissfairtrade.ch\/it\/#website\"},\"primaryImageOfPage\":{\"@id\":\"https:\/\/www.swissfairtrade.ch\/fr\/fair-trade\/effets-du-commerce-equitable\/#primaryimage\"},\"image\":{\"@id\":\"https:\/\/www.swissfairtrade.ch\/fr\/fair-trade\/effets-du-commerce-equitable\/#primaryimage\"},\"thumbnailUrl\":\"https:\/\/www.swissfairtrade.ch\/wp-content\/uploads\/pexels-thor-garlan-2516037-scaled.jpg\",\"datePublished\":\"2018-08-20T08:53:09+00:00\",\"dateModified\":\"2025-09-24T06:51:53+00:00\",\"breadcrumb\":{\"@id\":\"https:\/\/www.swissfairtrade.ch\/fr\/fair-trade\/effets-du-commerce-equitable\/#breadcrumb\"},\"inLanguage\":\"fr-FR\",\"potentialAction\":[{\"@type\":\"ReadAction\",\"target\":[\"https:\/\/www.swissfairtrade.ch\/fr\/fair-trade\/effets-du-commerce-equitable\/\"]}]},{\"@type\":\"ImageObject\",\"inLanguage\":\"fr-FR\",\"@id\":\"https:\/\/www.swissfairtrade.ch\/fr\/fair-trade\/effets-du-commerce-equitable\/#primaryimage\",\"url\":\"https:\/\/www.swissfairtrade.ch\/wp-content\/uploads\/pexels-thor-garlan-2516037-scaled.jpg\",\"contentUrl\":\"https:\/\/www.swissfairtrade.ch\/wp-content\/uploads\/pexels-thor-garlan-2516037-scaled.jpg\",\"width\":2560,\"height\":1709},{\"@type\":\"BreadcrumbList\",\"@id\":\"https:\/\/www.swissfairtrade.ch\/fr\/fair-trade\/effets-du-commerce-equitable\/#breadcrumb\",\"itemListElement\":[{\"@type\":\"ListItem\",\"position\":1,\"name\":\"Home\",\"item\":\"https:\/\/www.swissfairtrade.ch\/fr\/\"},{\"@type\":\"ListItem\",\"position\":2,\"name\":\"Fair Trade\",\"item\":\"https:\/\/www.swissfairtrade.ch\/fr\/fair-trade\/\"},{\"@type\":\"ListItem\",\"position\":3,\"name\":\"Effets du commerce \u00e9quitable\"}]},{\"@type\":\"WebSite\",\"@id\":\"https:\/\/www.swissfairtrade.ch\/it\/#website\",\"url\":\"https:\/\/www.swissfairtrade.ch\/it\/\",\"name\":\"Swiss Fair Trade\",\"description\":\"\",\"publisher\":{\"@id\":\"https:\/\/www.swissfairtrade.ch\/it\/#organization\"},\"potentialAction\":[{\"@type\":\"SearchAction\",\"target\":{\"@type\":\"EntryPoint\",\"urlTemplate\":\"https:\/\/www.swissfairtrade.ch\/it\/?s={search_term_string}\"},\"query-input\":{\"@type\":\"PropertyValueSpecification\",\"valueRequired\":true,\"valueName\":\"search_term_string\"}}],\"inLanguage\":\"fr-FR\"},{\"@type\":\"Organization\",\"@id\":\"https:\/\/www.swissfairtrade.ch\/it\/#organization\",\"name\":\"Swiss Fair Trade\",\"url\":\"https:\/\/www.swissfairtrade.ch\/it\/\",\"logo\":{\"@type\":\"ImageObject\",\"inLanguage\":\"fr-FR\",\"@id\":\"https:\/\/www.swissfairtrade.ch\/it\/#\/schema\/logo\/image\/\",\"url\":\"https:\/\/www.swissfairtrade.ch\/wp-content\/uploads\/SwissFairTrade-Logo-rgb-203.51.59-web.png\",\"contentUrl\":\"https:\/\/www.swissfairtrade.ch\/wp-content\/uploads\/SwissFairTrade-Logo-rgb-203.51.59-web.png\",\"width\":130,\"height\":115,\"caption\":\"Swiss Fair Trade\"},\"image\":{\"@id\":\"https:\/\/www.swissfairtrade.ch\/it\/#\/schema\/logo\/image\/\"}}]}<\/script>\n<!-- \/ Yoast SEO plugin. -->","yoast_head_json":{"title":"Effets du commerce \u00e9quitable - Swiss Fair Trade","robots":{"index":"index","follow":"follow","max-snippet":"max-snippet:-1","max-image-preview":"max-image-preview:large","max-video-preview":"max-video-preview:-1"},"canonical":"https:\/\/www.swissfairtrade.ch\/fr\/fair-trade\/effets-du-commerce-equitable\/","og_locale":"fr_FR","og_type":"article","og_title":"Effets du commerce \u00e9quitable - Swiss Fair Trade","og_description":"Le commerce \u00e9quitable rev\u00eat une grande importance pour le d\u00e9veloppement durable et autod\u00e9termin\u00e9 des producteurs\u00b7trices dans le Sud global.","og_url":"https:\/\/www.swissfairtrade.ch\/fr\/fair-trade\/effets-du-commerce-equitable\/","og_site_name":"Swiss Fair Trade","article_modified_time":"2025-09-24T06:51:53+00:00","og_image":[{"width":2560,"height":1709,"url":"https:\/\/www.swissfairtrade.ch\/wp-content\/uploads\/pexels-thor-garlan-2516037-scaled.jpg","type":"image\/jpeg"}],"twitter_card":"summary_large_image","twitter_misc":{"Dur\u00e9e de lecture estim\u00e9e":"2 minutes"},"schema":{"@context":"https:\/\/schema.org","@graph":[{"@type":"WebPage","@id":"https:\/\/www.swissfairtrade.ch\/fr\/fair-trade\/effets-du-commerce-equitable\/","url":"https:\/\/www.swissfairtrade.ch\/fr\/fair-trade\/effets-du-commerce-equitable\/","name":"Effets du commerce \u00e9quitable - Swiss Fair Trade","isPartOf":{"@id":"https:\/\/www.swissfairtrade.ch\/it\/#website"},"primaryImageOfPage":{"@id":"https:\/\/www.swissfairtrade.ch\/fr\/fair-trade\/effets-du-commerce-equitable\/#primaryimage"},"image":{"@id":"https:\/\/www.swissfairtrade.ch\/fr\/fair-trade\/effets-du-commerce-equitable\/#primaryimage"},"thumbnailUrl":"https:\/\/www.swissfairtrade.ch\/wp-content\/uploads\/pexels-thor-garlan-2516037-scaled.jpg","datePublished":"2018-08-20T08:53:09+00:00","dateModified":"2025-09-24T06:51:53+00:00","breadcrumb":{"@id":"https:\/\/www.swissfairtrade.ch\/fr\/fair-trade\/effets-du-commerce-equitable\/#breadcrumb"},"inLanguage":"fr-FR","potentialAction":[{"@type":"ReadAction","target":["https:\/\/www.swissfairtrade.ch\/fr\/fair-trade\/effets-du-commerce-equitable\/"]}]},{"@type":"ImageObject","inLanguage":"fr-FR","@id":"https:\/\/www.swissfairtrade.ch\/fr\/fair-trade\/effets-du-commerce-equitable\/#primaryimage","url":"https:\/\/www.swissfairtrade.ch\/wp-content\/uploads\/pexels-thor-garlan-2516037-scaled.jpg","contentUrl":"https:\/\/www.swissfairtrade.ch\/wp-content\/uploads\/pexels-thor-garlan-2516037-scaled.jpg","width":2560,"height":1709},{"@type":"BreadcrumbList","@id":"https:\/\/www.swissfairtrade.ch\/fr\/fair-trade\/effets-du-commerce-equitable\/#breadcrumb","itemListElement":[{"@type":"ListItem","position":1,"name":"Home","item":"https:\/\/www.swissfairtrade.ch\/fr\/"},{"@type":"ListItem","position":2,"name":"Fair Trade","item":"https:\/\/www.swissfairtrade.ch\/fr\/fair-trade\/"},{"@type":"ListItem","position":3,"name":"Effets du commerce \u00e9quitable"}]},{"@type":"WebSite","@id":"https:\/\/www.swissfairtrade.ch\/it\/#website","url":"https:\/\/www.swissfairtrade.ch\/it\/","name":"Swiss Fair Trade","description":"","publisher":{"@id":"https:\/\/www.swissfairtrade.ch\/it\/#organization"},"potentialAction":[{"@type":"SearchAction","target":{"@type":"EntryPoint","urlTemplate":"https:\/\/www.swissfairtrade.ch\/it\/?s={search_term_string}"},"query-input":{"@type":"PropertyValueSpecification","valueRequired":true,"valueName":"search_term_string"}}],"inLanguage":"fr-FR"},{"@type":"Organization","@id":"https:\/\/www.swissfairtrade.ch\/it\/#organization","name":"Swiss Fair Trade","url":"https:\/\/www.swissfairtrade.ch\/it\/","logo":{"@type":"ImageObject","inLanguage":"fr-FR","@id":"https:\/\/www.swissfairtrade.ch\/it\/#\/schema\/logo\/image\/","url":"https:\/\/www.swissfairtrade.ch\/wp-content\/uploads\/SwissFairTrade-Logo-rgb-203.51.59-web.png","contentUrl":"https:\/\/www.swissfairtrade.ch\/wp-content\/uploads\/SwissFairTrade-Logo-rgb-203.51.59-web.png","width":130,"height":115,"caption":"Swiss Fair Trade"},"image":{"@id":"https:\/\/www.swissfairtrade.ch\/it\/#\/schema\/logo\/image\/"}}]}},"_links":{"self":[{"href":"https:\/\/www.swissfairtrade.ch\/fr\/wp-json\/wp\/v2\/pages\/2974","targetHints":{"allow":["GET"]}}],"collection":[{"href":"https:\/\/www.swissfairtrade.ch\/fr\/wp-json\/wp\/v2\/pages"}],"about":[{"href":"https:\/\/www.swissfairtrade.ch\/fr\/wp-json\/wp\/v2\/types\/page"}],"author":[{"embeddable":true,"href":"https:\/\/www.swissfairtrade.ch\/fr\/wp-json\/wp\/v2\/users\/2"}],"replies":[{"embeddable":true,"href":"https:\/\/www.swissfairtrade.ch\/fr\/wp-json\/wp\/v2\/comments?post=2974"}],"version-history":[{"count":0,"href":"https:\/\/www.swissfairtrade.ch\/fr\/wp-json\/wp\/v2\/pages\/2974\/revisions"}],"up":[{"embeddable":true,"href":"https:\/\/www.swissfairtrade.ch\/fr\/wp-json\/wp\/v2\/pages\/2973"}],"wp:featuredmedia":[{"embeddable":true,"href":"https:\/\/www.swissfairtrade.ch\/fr\/wp-json\/wp\/v2\/media\/9315"}],"wp:attachment":[{"href":"https:\/\/www.swissfairtrade.ch\/fr\/wp-json\/wp\/v2\/media?parent=2974"}],"wp:term":[{"taxonomy":"hauptseiten-kategorie","embeddable":true,"href":"https:\/\/www.swissfairtrade.ch\/fr\/wp-json\/wp\/v2\/hauptseiten-kategorie?post=2974"}],"curies":[{"name":"wp","href":"https:\/\/api.w.org\/{rel}","templated":true}]}}