{"id":13367,"date":"2025-03-05T11:07:19","date_gmt":"2025-03-05T10:07:19","guid":{"rendered":"https:\/\/www.swissfairtrade.ch\/?page_id=13367"},"modified":"2025-03-05T11:16:24","modified_gmt":"2025-03-05T10:16:24","slug":"une-loi-pour-la-durabilite-et-la-qualite-des-achats-publics-2","status":"publish","type":"page","link":"https:\/\/www.swissfairtrade.ch\/fr\/champs-d-actions\/defense-dinterets\/une-loi-pour-la-durabilite-et-la-qualite-des-achats-publics-2\/","title":{"rendered":"Initiative multinationales responsables 2.0"},"content":{"rendered":"<div class=\"wpb-content-wrapper\"><p>[vc_row full_width=\u00a0\u00bbstretch_row\u00a0\u00bb content_placement=\u00a0\u00bbbottom\u00a0\u00bb parallax=\u00a0\u00bbcontent-moving-fade\u00a0\u00bb parallax_image=\u00a0\u00bb2959&Prime; css=\u00a0\u00bb.vc_custom_1741006023938{background: rgba(196,196,196,0.71) url(https:\/\/www.swissfairtrade.ch\/wp-content\/uploads\/230504_KVI_Fahne_Kirchenfeld_E1_137_3-2_LINKS_WEB.jpg?id=13391);background-position: center;background-repeat: no-repeat !important;background-size: cover !important;*background-color: rgb(196,196,196) !important;}\u00a0\u00bb el_class=\u00a0\u00bbheader\u00a0\u00bb][vc_column][vc_column_text css=\u00a0\u00bb.vc_custom_1741169326945{background-image: url(https:\/\/www.swissfairtrade.ch\/wp-content\/uploads\/230504_KVI_Fahne_Kirchenfeld_E1_137_3-2_LINKS_WEB.jpg?id=13392) !important;}\u00a0\u00bb el_class=\u00a0\u00bbtxt-white\u00a0\u00bb]<\/p>\n<div class=\"annot\">\n<div class=\"row-main\">\n<div class=\"text\">\n<h1>Succ\u00e8s de la collecte de signatures pour l&rsquo;initiative sur la responsabilit\u00e9 des multinationales 2.0.<\/h1>\n<\/div>\n<\/div>\n<\/div>\n<p>[\/vc_column_text][\/vc_column][\/vc_row][vc_row][vc_column][vc_column_text css=\u00a0\u00bb\u00a0\u00bb]<strong> La nouvelle loi f\u00e9d\u00e9rale sur les march\u00e9s publics (LMP), adopt\u00e9e le 21. juin 2019 au Parlement, offre une plus grande marge de man\u0153uvre pour des achats publics socialement et \u00e9cologiquement responsables. Les principes de durabilit\u00e9 et de qualit\u00e9 se sont finalement impos\u00e9s, au terme d\u2019un processus de r\u00e9vision qui a dur\u00e9 dix ans. Le travail de longue haleine de la \u00ab coalition d\u2019ONG pour les achats publics \u00bb avec Swiss Fair Trade a contribu\u00e9 \u00e0 ce changement de paradigme. <\/strong><\/p>\n<p>L&rsquo;initiative pour la responsabilit\u00e9 des multinationales 2.0 (IRC) a atteint un record historique avec 183&rsquo;000 signatures en l&rsquo;espace de 14 jours. Avec ce lancement r\u00e9ussi, un pas d\u00e9cisif a \u00e9t\u00e9 franchi en direction d&rsquo;un ordre \u00e9conomique plus juste et plus durable. Swiss Fair Trade est membre de l&rsquo;association Responsabilit\u00e9 des entreprises depuis 2016 et commence \u00e0 s&rsquo;engager pour la promotion des droits humains dans les cha\u00eenes d&rsquo;approvisionnement.<\/p>\n<p>Contexte de l&rsquo;initiative de responsabilit\u00e9 des entreprises 2.0<\/p>\n<p>En \u00e9t\u00e9 2024, l&rsquo;UE a adopt\u00e9 une loi paneurop\u00e9enne sur la responsabilit\u00e9 des entreprises, la Corporate Sustainability Due Diligence Directive (CSDDD). En raison de la r\u00e9glementation des pays tiers, cette directive europ\u00e9enne s&rsquo;applique \u00e9galement aux entreprises suisses. Cependant, il manque actuellement des m\u00e9canismes d&rsquo;application nationaux propres pour la responsabilit\u00e9 et le contr\u00f4le de ces directives.<\/p>\n<p><img loading=\"lazy\" decoding=\"async\" class=\"aligncenter\" src=\"https:\/\/www.swissfairtrade.ch\/wp-content\/uploads\/Vergleichstabelle-1-1024x383.png\" width=\"639\" height=\"239\" \/><\/p>\n<p>Source : <a class=\"_ps2id\" href=\"https:\/\/responsabilite-multinationales.ch\/?_gl=1*1d29mtx*_gcl_au*ODQ1MDAzNzgyLjE3NDExNjM4MTQ.\" data-ps2id-offset=\"\">Notre initiative &#8211; Coalition pour la responsabilit\u00e9 des entreprises<\/a><\/p>\n<p>Urgence de l&rsquo;initiative : outre l&rsquo;absence de bases l\u00e9gales et le r\u00f4le de pr\u00e9curseur de l&rsquo;UE, de nombreux cas document\u00e9s et \u00e9tudi\u00e9s de violations des droits de l&rsquo;homme et de destruction de l&rsquo;environnement par des entreprises suisses prouvent la n\u00e9cessit\u00e9 d&rsquo;une responsabilit\u00e9 des entreprises pouvant \u00eatre impos\u00e9e par la loi.<\/p>\n<p>Objectifs et points essentiels de l&rsquo;initiative sur la responsabilit\u00e9 des multinationales<\/p>\n<p>L&rsquo;initiative sur la responsabilit\u00e9 des multinationales exige que les entreprises suisses dont le chiffre d&rsquo;affaires annuel d\u00e9passe 450 millions de francs et qui emploient plus de 1000 personnes, ainsi que celles qui ont leur si\u00e8ge ou une succursale en Suisse, assument la responsabilit\u00e9 du respect des droits humains et des normes environnementales.<\/p>\n<p>L&rsquo;initiative comprend les points cl\u00e9s suivants :<\/p>\n<p>Respect des droits de l&rsquo;homme et de l&rsquo;environnement : les pratiques commerciales mondiales doivent \u00eatre conformes aux normes internationales.<br \/>\nRespect des objectifs climatiques : Les activit\u00e9s commerciales doivent \u00eatre en accord avec les objectifs climatiques mondiaux.<br \/>\nResponsabilit\u00e9 en cas de manquement au devoir de diligence : Des m\u00e9canismes juridiques clairs doivent \u00eatre mis en place en cas de violation.<br \/>\nDes m\u00e9canismes d&rsquo;application efficaces<\/p>\n<p>L&rsquo;initiative pr\u00e9voit qu&rsquo;en cas de violation du devoir de diligence, une surveillance ind\u00e9pendante intervienne et demande des comptes aux entreprises. En outre, les personnes concern\u00e9es \u00e0 l&rsquo;\u00e9tranger doivent pouvoir porter plainte devant les tribunaux suisses pour obtenir des dommages et int\u00e9r\u00eats.<\/p>\n<p>Swiss Fair Trade soutient l&rsquo;initiative sur la responsabilit\u00e9 des entreprises :<\/p>\n<p>Le respect de normes minimales par toutes les entreprises aurait globalement un impact important dans les pays d&rsquo;origine et permettrait de construire un avenir durable et \u00e9quitable. C&rsquo;est pourquoi Swiss Fair Trade soutient l&rsquo;initiative avec plus de 90 autres organisations de d\u00e9fense des droits de l&rsquo;homme et de l&rsquo;environnement ainsi que des repr\u00e9sentants de l&rsquo;\u00e9conomie.[\/vc_column_text][\/vc_column][\/vc_row]<\/p>\n<\/div>","protected":false},"excerpt":{"rendered":"<p>Succ\u00e8s de la collecte de signatures et contexte de l&rsquo;initiative sur la responsabilit\u00e9 des multinationales 2.0<\/p>\n","protected":false},"author":3,"featured_media":13385,"parent":3434,"menu_order":0,"comment_status":"closed","ping_status":"closed","template":"","meta":{"generate_page_header":"","footnotes":"","_links_to":"","_links_to_target":""},"hauptseiten-kategorie":[238,239,245],"class_list":{"0":"post-13367","1":"page","2":"type-page","3":"status-publish","4":"has-post-thumbnail","6":"hauptseiten-kategorie-kompetenzzentrum","7":"hauptseiten-kategorie-politik","8":"hauptseiten-kategorie-politik-und-bildung"},"yoast_head":"<!-- This site is optimized with the Yoast SEO plugin v26.2 - https:\/\/yoast.com\/wordpress\/plugins\/seo\/ -->\n<title>Initiative multinationales responsables 2.0 - Swiss Fair Trade<\/title>\n<meta name=\"description\" content=\"Succ\u00e8s de la collecte de signatures pour le lancement de KVI 2.0. Les grandes entreprises doivent assumer la responsabilit\u00e9 du respect des droits humains et des normes environnementales.\" \/>\n<meta name=\"robots\" content=\"index, follow, max-snippet:-1, max-image-preview:large, max-video-preview:-1\" \/>\n<link rel=\"canonical\" href=\"https:\/\/www.swissfairtrade.ch\/fr\/champs-d-actions\/defense-dinterets\/une-loi-pour-la-durabilite-et-la-qualite-des-achats-publics-2\/\" \/>\n<meta property=\"og:locale\" content=\"fr_FR\" \/>\n<meta property=\"og:type\" content=\"article\" \/>\n<meta property=\"og:title\" content=\"Initiative multinationales responsables 2.0 - Swiss Fair Trade\" \/>\n<meta property=\"og:description\" content=\"Succ\u00e8s de la collecte de signatures pour le lancement de KVI 2.0. Les grandes entreprises doivent assumer la responsabilit\u00e9 du respect des droits humains et des normes environnementales.\" \/>\n<meta property=\"og:url\" content=\"https:\/\/www.swissfairtrade.ch\/fr\/champs-d-actions\/defense-dinterets\/une-loi-pour-la-durabilite-et-la-qualite-des-achats-publics-2\/\" \/>\n<meta property=\"og:site_name\" content=\"Swiss Fair Trade\" \/>\n<meta property=\"article:modified_time\" content=\"2025-03-05T10:16:24+00:00\" \/>\n<meta property=\"og:image\" content=\"https:\/\/www.swissfairtrade.ch\/wp-content\/uploads\/230504_KVI_Fahne_Kirchenfeld_D1_095_3-2_LINKS_WEB-1.jpg\" \/>\n\t<meta property=\"og:image:width\" content=\"1500\" \/>\n\t<meta property=\"og:image:height\" content=\"1000\" \/>\n\t<meta property=\"og:image:type\" content=\"image\/jpeg\" \/>\n<meta name=\"twitter:card\" content=\"summary_large_image\" \/>\n<meta name=\"twitter:label1\" content=\"Dur\u00e9e de lecture estim\u00e9e\" \/>\n\t<meta name=\"twitter:data1\" content=\"4 minutes\" \/>\n<script type=\"application\/ld+json\" class=\"yoast-schema-graph\">{\"@context\":\"https:\/\/schema.org\",\"@graph\":[{\"@type\":\"WebPage\",\"@id\":\"https:\/\/www.swissfairtrade.ch\/fr\/champs-d-actions\/defense-dinterets\/une-loi-pour-la-durabilite-et-la-qualite-des-achats-publics-2\/\",\"url\":\"https:\/\/www.swissfairtrade.ch\/fr\/champs-d-actions\/defense-dinterets\/une-loi-pour-la-durabilite-et-la-qualite-des-achats-publics-2\/\",\"name\":\"Initiative multinationales responsables 2.0 - Swiss Fair Trade\",\"isPartOf\":{\"@id\":\"https:\/\/www.swissfairtrade.ch\/it\/#website\"},\"primaryImageOfPage\":{\"@id\":\"https:\/\/www.swissfairtrade.ch\/fr\/champs-d-actions\/defense-dinterets\/une-loi-pour-la-durabilite-et-la-qualite-des-achats-publics-2\/#primaryimage\"},\"image\":{\"@id\":\"https:\/\/www.swissfairtrade.ch\/fr\/champs-d-actions\/defense-dinterets\/une-loi-pour-la-durabilite-et-la-qualite-des-achats-publics-2\/#primaryimage\"},\"thumbnailUrl\":\"https:\/\/www.swissfairtrade.ch\/wp-content\/uploads\/230504_KVI_Fahne_Kirchenfeld_D1_095_3-2_LINKS_WEB-1.jpg\",\"datePublished\":\"2025-03-05T10:07:19+00:00\",\"dateModified\":\"2025-03-05T10:16:24+00:00\",\"description\":\"Succ\u00e8s de la collecte de signatures pour le lancement de KVI 2.0. Les grandes entreprises doivent assumer la responsabilit\u00e9 du respect des droits humains et des normes environnementales.\",\"breadcrumb\":{\"@id\":\"https:\/\/www.swissfairtrade.ch\/fr\/champs-d-actions\/defense-dinterets\/une-loi-pour-la-durabilite-et-la-qualite-des-achats-publics-2\/#breadcrumb\"},\"inLanguage\":\"fr-FR\",\"potentialAction\":[{\"@type\":\"ReadAction\",\"target\":[\"https:\/\/www.swissfairtrade.ch\/fr\/champs-d-actions\/defense-dinterets\/une-loi-pour-la-durabilite-et-la-qualite-des-achats-publics-2\/\"]}]},{\"@type\":\"ImageObject\",\"inLanguage\":\"fr-FR\",\"@id\":\"https:\/\/www.swissfairtrade.ch\/fr\/champs-d-actions\/defense-dinterets\/une-loi-pour-la-durabilite-et-la-qualite-des-achats-publics-2\/#primaryimage\",\"url\":\"https:\/\/www.swissfairtrade.ch\/wp-content\/uploads\/230504_KVI_Fahne_Kirchenfeld_D1_095_3-2_LINKS_WEB-1.jpg\",\"contentUrl\":\"https:\/\/www.swissfairtrade.ch\/wp-content\/uploads\/230504_KVI_Fahne_Kirchenfeld_D1_095_3-2_LINKS_WEB-1.jpg\",\"width\":1500,\"height\":1000},{\"@type\":\"BreadcrumbList\",\"@id\":\"https:\/\/www.swissfairtrade.ch\/fr\/champs-d-actions\/defense-dinterets\/une-loi-pour-la-durabilite-et-la-qualite-des-achats-publics-2\/#breadcrumb\",\"itemListElement\":[{\"@type\":\"ListItem\",\"position\":1,\"name\":\"Home\",\"item\":\"https:\/\/www.swissfairtrade.ch\/fr\/\"},{\"@type\":\"ListItem\",\"position\":2,\"name\":\"Champs d\u2019actions\",\"item\":\"https:\/\/www.swissfairtrade.ch\/fr\/champs-d-actions\/\"},{\"@type\":\"ListItem\",\"position\":3,\"name\":\"D\u00e9fense d\u2019int\u00e9r\u00eats et formation\",\"item\":\"https:\/\/www.swissfairtrade.ch\/fr\/champs-d-actions\/defense-dinterets\/\"},{\"@type\":\"ListItem\",\"position\":4,\"name\":\"Initiative multinationales responsables 2.0\"}]},{\"@type\":\"WebSite\",\"@id\":\"https:\/\/www.swissfairtrade.ch\/it\/#website\",\"url\":\"https:\/\/www.swissfairtrade.ch\/it\/\",\"name\":\"Swiss Fair Trade\",\"description\":\"\",\"publisher\":{\"@id\":\"https:\/\/www.swissfairtrade.ch\/it\/#organization\"},\"potentialAction\":[{\"@type\":\"SearchAction\",\"target\":{\"@type\":\"EntryPoint\",\"urlTemplate\":\"https:\/\/www.swissfairtrade.ch\/it\/?s={search_term_string}\"},\"query-input\":{\"@type\":\"PropertyValueSpecification\",\"valueRequired\":true,\"valueName\":\"search_term_string\"}}],\"inLanguage\":\"fr-FR\"},{\"@type\":\"Organization\",\"@id\":\"https:\/\/www.swissfairtrade.ch\/it\/#organization\",\"name\":\"Swiss Fair Trade\",\"url\":\"https:\/\/www.swissfairtrade.ch\/it\/\",\"logo\":{\"@type\":\"ImageObject\",\"inLanguage\":\"fr-FR\",\"@id\":\"https:\/\/www.swissfairtrade.ch\/it\/#\/schema\/logo\/image\/\",\"url\":\"https:\/\/www.swissfairtrade.ch\/wp-content\/uploads\/SwissFairTrade-Logo-rgb-203.51.59-web.png\",\"contentUrl\":\"https:\/\/www.swissfairtrade.ch\/wp-content\/uploads\/SwissFairTrade-Logo-rgb-203.51.59-web.png\",\"width\":130,\"height\":115,\"caption\":\"Swiss Fair Trade\"},\"image\":{\"@id\":\"https:\/\/www.swissfairtrade.ch\/it\/#\/schema\/logo\/image\/\"}}]}<\/script>\n<!-- \/ Yoast SEO plugin. -->","yoast_head_json":{"title":"Initiative multinationales responsables 2.0 - Swiss Fair Trade","description":"Succ\u00e8s de la collecte de signatures pour le lancement de KVI 2.0. Les grandes entreprises doivent assumer la responsabilit\u00e9 du respect des droits humains et des normes environnementales.","robots":{"index":"index","follow":"follow","max-snippet":"max-snippet:-1","max-image-preview":"max-image-preview:large","max-video-preview":"max-video-preview:-1"},"canonical":"https:\/\/www.swissfairtrade.ch\/fr\/champs-d-actions\/defense-dinterets\/une-loi-pour-la-durabilite-et-la-qualite-des-achats-publics-2\/","og_locale":"fr_FR","og_type":"article","og_title":"Initiative multinationales responsables 2.0 - Swiss Fair Trade","og_description":"Succ\u00e8s de la collecte de signatures pour le lancement de KVI 2.0. Les grandes entreprises doivent assumer la responsabilit\u00e9 du respect des droits humains et des normes environnementales.","og_url":"https:\/\/www.swissfairtrade.ch\/fr\/champs-d-actions\/defense-dinterets\/une-loi-pour-la-durabilite-et-la-qualite-des-achats-publics-2\/","og_site_name":"Swiss Fair Trade","article_modified_time":"2025-03-05T10:16:24+00:00","og_image":[{"width":1500,"height":1000,"url":"https:\/\/www.swissfairtrade.ch\/wp-content\/uploads\/230504_KVI_Fahne_Kirchenfeld_D1_095_3-2_LINKS_WEB-1.jpg","type":"image\/jpeg"}],"twitter_card":"summary_large_image","twitter_misc":{"Dur\u00e9e de lecture estim\u00e9e":"4 minutes"},"schema":{"@context":"https:\/\/schema.org","@graph":[{"@type":"WebPage","@id":"https:\/\/www.swissfairtrade.ch\/fr\/champs-d-actions\/defense-dinterets\/une-loi-pour-la-durabilite-et-la-qualite-des-achats-publics-2\/","url":"https:\/\/www.swissfairtrade.ch\/fr\/champs-d-actions\/defense-dinterets\/une-loi-pour-la-durabilite-et-la-qualite-des-achats-publics-2\/","name":"Initiative multinationales responsables 2.0 - Swiss Fair Trade","isPartOf":{"@id":"https:\/\/www.swissfairtrade.ch\/it\/#website"},"primaryImageOfPage":{"@id":"https:\/\/www.swissfairtrade.ch\/fr\/champs-d-actions\/defense-dinterets\/une-loi-pour-la-durabilite-et-la-qualite-des-achats-publics-2\/#primaryimage"},"image":{"@id":"https:\/\/www.swissfairtrade.ch\/fr\/champs-d-actions\/defense-dinterets\/une-loi-pour-la-durabilite-et-la-qualite-des-achats-publics-2\/#primaryimage"},"thumbnailUrl":"https:\/\/www.swissfairtrade.ch\/wp-content\/uploads\/230504_KVI_Fahne_Kirchenfeld_D1_095_3-2_LINKS_WEB-1.jpg","datePublished":"2025-03-05T10:07:19+00:00","dateModified":"2025-03-05T10:16:24+00:00","description":"Succ\u00e8s de la collecte de signatures pour le lancement de KVI 2.0. Les grandes entreprises doivent assumer la responsabilit\u00e9 du respect des droits humains et des normes environnementales.","breadcrumb":{"@id":"https:\/\/www.swissfairtrade.ch\/fr\/champs-d-actions\/defense-dinterets\/une-loi-pour-la-durabilite-et-la-qualite-des-achats-publics-2\/#breadcrumb"},"inLanguage":"fr-FR","potentialAction":[{"@type":"ReadAction","target":["https:\/\/www.swissfairtrade.ch\/fr\/champs-d-actions\/defense-dinterets\/une-loi-pour-la-durabilite-et-la-qualite-des-achats-publics-2\/"]}]},{"@type":"ImageObject","inLanguage":"fr-FR","@id":"https:\/\/www.swissfairtrade.ch\/fr\/champs-d-actions\/defense-dinterets\/une-loi-pour-la-durabilite-et-la-qualite-des-achats-publics-2\/#primaryimage","url":"https:\/\/www.swissfairtrade.ch\/wp-content\/uploads\/230504_KVI_Fahne_Kirchenfeld_D1_095_3-2_LINKS_WEB-1.jpg","contentUrl":"https:\/\/www.swissfairtrade.ch\/wp-content\/uploads\/230504_KVI_Fahne_Kirchenfeld_D1_095_3-2_LINKS_WEB-1.jpg","width":1500,"height":1000},{"@type":"BreadcrumbList","@id":"https:\/\/www.swissfairtrade.ch\/fr\/champs-d-actions\/defense-dinterets\/une-loi-pour-la-durabilite-et-la-qualite-des-achats-publics-2\/#breadcrumb","itemListElement":[{"@type":"ListItem","position":1,"name":"Home","item":"https:\/\/www.swissfairtrade.ch\/fr\/"},{"@type":"ListItem","position":2,"name":"Champs d\u2019actions","item":"https:\/\/www.swissfairtrade.ch\/fr\/champs-d-actions\/"},{"@type":"ListItem","position":3,"name":"D\u00e9fense d\u2019int\u00e9r\u00eats et formation","item":"https:\/\/www.swissfairtrade.ch\/fr\/champs-d-actions\/defense-dinterets\/"},{"@type":"ListItem","position":4,"name":"Initiative multinationales responsables 2.0"}]},{"@type":"WebSite","@id":"https:\/\/www.swissfairtrade.ch\/it\/#website","url":"https:\/\/www.swissfairtrade.ch\/it\/","name":"Swiss Fair Trade","description":"","publisher":{"@id":"https:\/\/www.swissfairtrade.ch\/it\/#organization"},"potentialAction":[{"@type":"SearchAction","target":{"@type":"EntryPoint","urlTemplate":"https:\/\/www.swissfairtrade.ch\/it\/?s={search_term_string}"},"query-input":{"@type":"PropertyValueSpecification","valueRequired":true,"valueName":"search_term_string"}}],"inLanguage":"fr-FR"},{"@type":"Organization","@id":"https:\/\/www.swissfairtrade.ch\/it\/#organization","name":"Swiss Fair Trade","url":"https:\/\/www.swissfairtrade.ch\/it\/","logo":{"@type":"ImageObject","inLanguage":"fr-FR","@id":"https:\/\/www.swissfairtrade.ch\/it\/#\/schema\/logo\/image\/","url":"https:\/\/www.swissfairtrade.ch\/wp-content\/uploads\/SwissFairTrade-Logo-rgb-203.51.59-web.png","contentUrl":"https:\/\/www.swissfairtrade.ch\/wp-content\/uploads\/SwissFairTrade-Logo-rgb-203.51.59-web.png","width":130,"height":115,"caption":"Swiss Fair Trade"},"image":{"@id":"https:\/\/www.swissfairtrade.ch\/it\/#\/schema\/logo\/image\/"}}]}},"_links":{"self":[{"href":"https:\/\/www.swissfairtrade.ch\/fr\/wp-json\/wp\/v2\/pages\/13367","targetHints":{"allow":["GET"]}}],"collection":[{"href":"https:\/\/www.swissfairtrade.ch\/fr\/wp-json\/wp\/v2\/pages"}],"about":[{"href":"https:\/\/www.swissfairtrade.ch\/fr\/wp-json\/wp\/v2\/types\/page"}],"author":[{"embeddable":true,"href":"https:\/\/www.swissfairtrade.ch\/fr\/wp-json\/wp\/v2\/users\/3"}],"replies":[{"embeddable":true,"href":"https:\/\/www.swissfairtrade.ch\/fr\/wp-json\/wp\/v2\/comments?post=13367"}],"version-history":[{"count":0,"href":"https:\/\/www.swissfairtrade.ch\/fr\/wp-json\/wp\/v2\/pages\/13367\/revisions"}],"up":[{"embeddable":true,"href":"https:\/\/www.swissfairtrade.ch\/fr\/wp-json\/wp\/v2\/pages\/3434"}],"wp:featuredmedia":[{"embeddable":true,"href":"https:\/\/www.swissfairtrade.ch\/fr\/wp-json\/wp\/v2\/media\/13385"}],"wp:attachment":[{"href":"https:\/\/www.swissfairtrade.ch\/fr\/wp-json\/wp\/v2\/media?parent=13367"}],"wp:term":[{"taxonomy":"hauptseiten-kategorie","embeddable":true,"href":"https:\/\/www.swissfairtrade.ch\/fr\/wp-json\/wp\/v2\/hauptseiten-kategorie?post=13367"}],"curies":[{"name":"wp","href":"https:\/\/api.w.org\/{rel}","templated":true}]}}