{"id":12477,"date":"2024-01-29T13:43:44","date_gmt":"2024-01-29T12:43:44","guid":{"rendered":"https:\/\/www.swissfairtrade.ch\/fair-trade\/effets-du-commerce-equitable\/projekte-unserer-mitglieder-2\/"},"modified":"2024-02-13T18:19:29","modified_gmt":"2024-02-13T17:19:29","slug":"projets-de-nos-membres","status":"publish","type":"page","link":"https:\/\/www.swissfairtrade.ch\/fr\/fair-trade\/effets-du-commerce-equitable\/projets-de-nos-membres\/","title":{"rendered":"Projets de nos membres"},"content":{"rendered":"<div class=\"wpb-content-wrapper\"><p>[vc_row full_width=\u00a0\u00bbstretch_row\u00a0\u00bb content_placement=\u00a0\u00bbbottom\u00a0\u00bb parallax=\u00a0\u00bbcontent-moving-fade\u00a0\u00bb parallax_image=\u00a0\u00bb2959&Prime; css=\u00a0\u00bb.vc_custom_1618573570799{background: rgba(196,196,196,0.71) url(https:\/\/www.swissfairtrade.ch\/wp-content\/uploads\/pexels-pixabay-50707-1.jpg?id=9772);background-position:center;background-repeat: no-repeat !important;background-size: cover !important;*background-color: rgb(196,196,196) !important;}\u00a0\u00bb el_class=\u00a0\u00bbheader\u00a0\u00bb][vc_column][vc_column_text el_class=\u00a0\u00bbtxt-white\u00a0\u00bb]<\/p>\n<div class=\"annot\">\n<div class=\"row-main\">\n<div class=\"text\">\n<h1>Soutien<\/h1>\n<h2 class=\"big\">Projets de nos membres<\/h2>\n<\/div>\n<\/div>\n<\/div>\n<p>[\/vc_column_text][\/vc_column][\/vc_row][vc_row][vc_column][vc_column_text]<strong>Il est av\u00e9r\u00e9 que le commerce \u00e9quitable permet d&rsquo;am\u00e9liorer les conditions de vie des populations du Sud et qu&rsquo;il contribue ce faisant \u00e0 plusieurs dimensions d&rsquo;impact. En effet, le commerce \u00e9quitable a un impact positif et direct sur les prix, les revenus et la r\u00e9silience \u00e9conomique des productrices et des producteurs. En investissant dans des m\u00e9thodes de production innovantes et respectueuses de l&rsquo;environnement ainsi que dans des projets au sein de la communaut\u00e9, le commerce \u00e9quitable a \u00e9galement un impact positif sur l&rsquo;environnement et le climat, ainsi que sur le d\u00e9veloppement social et l&rsquo;autonomisation des femmes.<\/strong><\/p>\n<p>D\u00e9couvrez ci-dessous des projets de nos membres.[\/vc_column_text][vc_row_inner][vc_column_inner width=\u00a0\u00bb1\/6&Prime;][vc_single_image image=\u00a0\u00bb11639&Prime; img_size=\u00a0\u00bb150&#215;150&Prime;][\/vc_column_inner][vc_column_inner width=\u00a0\u00bb5\/6&Prime;][vc_column_text]<strong>Revenu<\/strong><\/p>\n<p><strong>Au Ghana, <a href=\"https:\/\/www.fairtrademaxhavelaar.ch\/fr\" target=\"_blank\" rel=\"noopener\">Fairtrade MaxHavelaar<\/a> met en \u0153uvre un projet pilote visant \u00e0 assurer un revenu de subsistance aux productrices et producteurs de cacao.<\/strong> En plus de la prime, les producteur.trice.s per\u00e7oivent une r\u00e9mun\u00e9ration additionnelle qui leur permet de couvrir les d\u00e9penses suppl\u00e9mentaires du m\u00e9nage, comme les frais m\u00e9dicaux, et de mener une vie d\u00e9cente. <a href=\"https:\/\/www.youtube.com\/watch?v=b5ZqLzlOVO0\" target=\"_blank\" rel=\"noopener\">Dans cette vid\u00e9o, Lucy, une productrice de cacao, explique comment ce paiement suppl\u00e9mentaire per\u00e7u dans le cadre du projet pilote a chang\u00e9 sa vie<\/a>.<\/p>\n<p>Vous pouvez en apprendre davantage sur le <a href=\"https:\/\/fairtrademaxhavelaar.exposure.co\/pilotprojekt-existenzsicherndes-einkommen-sankofa\" target=\"_blank\" rel=\"noopener\">projet pilote pour un revenu de subsistance<\/a> ici.[\/vc_column_text][vc_empty_space][\/vc_column_inner][\/vc_row_inner][vc_row_inner][vc_column_inner width=\u00a0\u00bb1\/6&Prime;][vc_single_image image=\u00a0\u00bb11636&Prime; img_size=\u00a0\u00bb150&#215;150&Prime;][\/vc_column_inner][vc_column_inner width=\u00a0\u00bb5\/6&Prime;][vc_column_text]<strong>R\u00e9silience<\/strong><\/p>\n<p><strong>En collaboration avec la coop\u00e9rative Green Net en Tha\u00eflande, <a href=\"https:\/\/www.claro.ch\/fr\/\" target=\"_blank\" rel=\"noopener\">claro fair trade<\/a> met en \u0153uvre des mesures visant \u00e0 renforcer la r\u00e9silience des paysan.e.s face aux pertes de r\u00e9coltes dues, par exemple, \u00e0 la modification des p\u00e9riodes pluvieuses.<\/strong> Gr\u00e2ce \u00e0 des pratiques agricoles r\u00e9sistantes aux al\u00e9as climatiques et \u00e0 la diversification des cultures, les producteur.trice.s sont plus r\u00e9sistant.e.s au changement climatique. Le commerce \u00e9quitable permet \u00e0 la coop\u00e9rative de d\u00e9velopper et de diversifier ses cultures biologiques.<\/p>\n<p>Pour en savoir plus sur les <a href=\"https:\/\/www.claro.ch\/fr\/producer\/315\" target=\"_blank\" rel=\"noopener\">projets de r\u00e9silience climatique avec cette coop\u00e9rative en Tha\u00eflande<\/a>, cliquez ici.[\/vc_column_text][vc_empty_space][\/vc_column_inner][\/vc_row_inner][vc_row_inner][vc_column_inner width=\u00a0\u00bb1\/6&Prime;][vc_single_image image=\u00a0\u00bb11633&Prime; img_size=\u00a0\u00bb150&#215;150&Prime;][\/vc_column_inner][vc_column_inner width=\u00a0\u00bb5\/6&Prime;][vc_column_text]<strong>\u00c9cologie et climat<\/strong><\/p>\n<p><strong>Pour ses collections, la marque de streetwear <a href=\"https:\/\/www.wearezrcl.com\/\" target=\"_blank\" rel=\"noopener\">ZRCL<\/a> utilise exclusivement du coton bio \u00e9quitable de <a href=\"https:\/\/www.biore.ch\/\" target=\"_blank\" rel=\"noopener\">BioRe\u00ae<\/a>. Ce coton est produit en collaboration directe et participative avec des petit.e.s paysan.ne.s en Inde et en Tanzanie.<\/strong> Les semences g\u00e9n\u00e9tiquement modifi\u00e9es sont tr\u00e8s r\u00e9pandues en Inde et posent de s\u00e9rieux probl\u00e8mes aux cultivateur.rice.s de coton, car ces plantes sont devenues r\u00e9sistantes. BioRe\u00ae mise exclusivement sur le coton sans OGM et m\u00e8ne des recherches intensives sur les semences afin de promouvoir les semences sans OGM.<\/p>\n<p>Pour en savoir plus sur le coton bio \u00e9quitable de ZRCL, consultez l&rsquo;article consacr\u00e9 \u00e0 ce sujet <a href=\"https:\/\/www.wearezrcl.com\/nachhaltig\/unsere-bio-baumwolle-von-remei\" target=\"_blank\" rel=\"noopener\">sur leur blog<\/a>.<\/p>\n<p>&nbsp;<\/p>\n<p><strong>La crise climatique est un d\u00e9fi majeur pour les petit.e.s paysan.ne.s du Guatemala. C&rsquo;est pourquoi <a href=\"https:\/\/actiondecareme.ch\/\" target=\"_blank\" rel=\"noopener\">Action de Car\u00eame<\/a> et <a href=\"https:\/\/www.eper.ch\/\" target=\"_blank\" rel=\"noopener\">l&rsquo;EPER<\/a> mettent en \u0153uvre des projets d&rsquo;agro\u00e9cologie au Guatemala, en collaboration avec les familles paysannes. <\/strong>La mise en \u0153uvre de pratiques agricoles \u00e9cologiques permet de prot\u00e9ger les sols, de pr\u00e9server la biodiversit\u00e9 et d&rsquo;augmenter les rendements. Gr\u00e2ce \u00e0 des r\u00e9coltes plus abondantes, les paysan.e.s peuvent vivre pleinement de leur propre r\u00e9colte et vendre les exc\u00e9dents sur le march\u00e9.<\/p>\n<p>Pour en savoir plus sur les projets de promotion d&rsquo;une agriculture durable, consultez le site <a href=\"https:\/\/justiceclimatique.ch\/\" target=\"_blank\" rel=\"noopener\">justiceclimatique.ch<\/a><\/p>\n<p>&nbsp;<\/p>\n<p><strong>Au Burkina Faso, <a href=\"https:\/\/www.gebana.com\/ch-fr\/\" target=\"_blank\" rel=\"noopener\">gebana<\/a> collabore avec des expert.e.s pour le d\u00e9veloppement de syst\u00e8mes agroforestiers pour la culture de la noix de cajou et de la mangue.<\/strong> Ce syst\u00e8me vise \u00e0 diversifier les cultures pour augmenter les revenus et la biodiversit\u00e9. Ce mode de production \u00e9cologique utilisant des cultures mixtes constitue \u00e9galement une mesure pour lutter contre la d\u00e9sertification croissante de la zone sah\u00e9lienne. <a href=\"https:\/\/www.youtube.com\/watch?v=QQL5t_X_OKk\" target=\"_blank\" rel=\"noopener\">Dans cette vid\u00e9o, le producteur burkinab\u00e9 Traore Sye Siem explique comment la culture biologique et le renoncement aux herbicides ont am\u00e9lior\u00e9 la qualit\u00e9 des sols dans son pays<\/a>.<\/p>\n<p>Apprenez-en plus sur le <a href=\"https:\/\/blog.gebana.com\/fr\/blog-fr\/2022\/02\/23\/entre-les-arbres\/\" target=\"_blank\" rel=\"noopener\">projet d&rsquo;agroforesterie<\/a> de gebana ici.[\/vc_column_text][vc_empty_space][\/vc_column_inner][\/vc_row_inner][vc_row_inner][vc_column_inner width=\u00a0\u00bb1\/6&Prime;][vc_single_image image=\u00a0\u00bb11642&Prime; img_size=\u00a0\u00bb150&#215;150&Prime;][\/vc_column_inner][vc_column_inner width=\u00a0\u00bb5\/6&Prime;][vc_column_text]<strong>Soci\u00e9t\u00e9<\/strong><\/p>\n<p><strong>Les cartes de v\u0153ux en papier ensemmens\u00e9 produites par <a href=\"https:\/\/hervorragend.ch\/fr\/\" target=\"_blank\" rel=\"noopener\">Hervorragend<\/a> permettent \u00e0 des personnes autrefois au ch\u00f4mage en Afrique du Sud de retrouver un emploi s\u00fbr. <\/strong>Les productrices et producteurs sont notamment gagnants dans le domaine de la sant\u00e9. En effet, l&#8217;employeur organise et prend en charge un suivi psychologique r\u00e9gulier pour les collaborateur.rice.s ayant v\u00e9cu des situations difficiles et des \u00e9v\u00e9nements traumatisants. Un emploi s\u00fbr contribue \u00e9galement \u00e0 la bonne sant\u00e9 psychique non seulement des producteur.rice.s, mais aussi de toute la famille.<\/p>\n<p>Pour en savoir plus sur la mani\u00e8re dont <a href=\"https:\/\/hervorragend.ch\/fr\/information-du-produit\/growing-paper.html\" target=\"_blank\" rel=\"noopener\">ce projet cr\u00e9e des perspectives d&rsquo;avenir au sein des communaut\u00e9s<\/a>, cliquez ici.<\/p>\n<p>&nbsp;<\/p>\n<p><strong>Avec son chocolat Rio Napo, <a href=\"https:\/\/originalfood.ch\/fr\/\" target=\"_blank\" rel=\"noopener\">Original Food<\/a> soutient en \u00c9quateur des agriculteur.rice.s dans la culture biologique du cacao sur des surfaces agroforesti\u00e8res dans la for\u00eat tropicale.<\/strong> Gr\u00e2ce \u00e0 ce projet, la culture traditionnelle du cacao des familles indig\u00e8nes Kichwa est maintenue et la for\u00eat tropicale est prot\u00e9g\u00e9e. Les familles Kichwa b\u00e9n\u00e9ficient ainsi de nouvelles perspectives et voient leurs conditions de vie s&rsquo;am\u00e9liorer durablement.<\/p>\n<p>Vous pouvez en apprendre davantage sur la mani\u00e8re dont <a href=\"https:\/\/originalfood.ch\/fr\/moyens-de-subsistance-des-familles-kichwa\/\" target=\"_blank\" rel=\"noopener\">ce projet contribue \u00e0 pr\u00e9server les moyens de subsistance des familles indig\u00e8nes<\/a> ici.[\/vc_column_text][vc_empty_space][\/vc_column_inner][\/vc_row_inner][vc_row_inner][vc_column_inner width=\u00a0\u00bb1\/6&Prime;][vc_single_image image=\u00a0\u00bb11630&Prime; img_size=\u00a0\u00bb150&#215;150&Prime;][\/vc_column_inner][vc_column_inner width=\u00a0\u00bb5\/6&Prime;][vc_column_text]<strong>Autonomisation<\/strong><\/p>\n<p><strong>Avec son projet \u00ab Ananas \u00e9quitables \u00bb au B\u00e9nin, <a href=\"https:\/\/www.bruecke-lepont.ch\/fr\/\" target=\"_blank\" rel=\"noopener\">Br\u00fccke Le Pont<\/a> entend am\u00e9liorer les conditions de travail des travailleuses et des travailleurs du secteur de l&rsquo;ananas.<\/strong> Bon nombre d&rsquo;entre eux.elles sont en effet employ\u00e9.e.s de mani\u00e8re informelle dans les champs d&rsquo;ananas et travaillent dans des conditions pr\u00e9caires. Le projet informe les ouvri\u00e8res et ouvriers agricoles de leurs droits fondamentaux au travail et sensibilise tous les acteurs de la cha\u00eene de cr\u00e9ation de valeur afin qu&rsquo;ils soient respect\u00e9s. En outre, le projet encourage les travailleuses et les travailleurs \u00e0 s&rsquo;organiser en coop\u00e9ratives afin qu&rsquo;ils puissent d\u00e9fendre ensemble leurs droits avec plus de succ\u00e8s.<\/p>\n<p>Pour en savoir plus sur <a href=\"https:\/\/www.bruecke-lepont.ch\/fr\/notre-travail\/projets\/ananas-equitables\" target=\"_blank\" rel=\"noopener\">les autres moyens utilis\u00e9s par le projet pour promouvoir l&rsquo;autonomisation des ouvrier.\u00e8re.s agricoles<\/a>, cliquez ici.<\/p>\n<p>&nbsp;<\/p>\n<p><strong>Gr\u00e2ce \u00e0 sa collaboration avec la coop\u00e9rative dirig\u00e9e par des femmes \u00abBukonzo Joint\u00bb en Ouganda, <a href=\"https:\/\/www.claro.ch\/fr\/\" target=\"_blank\" rel=\"noopener\">claro fair trade<\/a> s&rsquo;engage activement pour l&rsquo;autonomisation des femmes. <\/strong>La caf\u00e9icultrice Anna Biira, membre de la coop\u00e9rative, a acquis une qualification professionnelle suppl\u00e9mentaire en suivant une formation continue de \u00abcupping\u00bb. Elle est ainsi d\u00e9gustatrice professionnelle de caf\u00e9 et analyse son niveau de qualit\u00e9. Gr\u00e2ce \u00e0 une gestion de la qualit\u00e9 autonome, la coop\u00e9rative peut obtenir un bon prix pour son caf\u00e9. Une qualification professionnelle plus \u00e9lev\u00e9e est synonyme d&rsquo;une plus grande autonomie des femmes dans le commerce \u00e9quitable, ce qui profite \u00e0 toutes les parties.<\/p>\n<p>Apprenez-en plus sur la mani\u00e8re dont le commerce \u00e9quitable s&rsquo;engage pour les droits des femmes dans le nouveau court-m\u00e9trage de claro \u00ab<a href=\"https:\/\/www.youtube.com\/watch?v=nGqLtCnhqlU\" target=\"_blank\" rel=\"noopener\">Abakali, le caf\u00e9 de femmes visionnaires<\/a>\u00bb.[\/vc_column_text][\/vc_column_inner][\/vc_row_inner][\/vc_column][\/vc_row][vc_row][vc_column][vc_empty_space height=\u00a0\u00bb50px\u00a0\u00bb][vc_separator][vc_column_text]<\/p>\n<h3>Weitere Themen<\/h3>\n<p>[\/vc_column_text][vc_basic_grid post_type=\u00a0\u00bbpage\u00a0\u00bb max_items=\u00a0\u00bb6&Prime; gap=\u00a0\u00bb10&Prime; orderby=\u00a0\u00bbmenu_order\u00a0\u00bb item=\u00a0\u00bb1885&Prime; grid_id=\u00a0\u00bbvc_gid:1707844749333-0f1dea1e-b0cf-3&Prime; taxonomies=\u00a0\u00bb365&Prime;][\/vc_column][\/vc_row]<\/p>\n<\/div>","protected":false},"excerpt":{"rendered":"<p>D\u00e9couvrez ci-dessous des projets de nos membres.<\/p>\n","protected":false},"author":3,"featured_media":9773,"parent":2974,"menu_order":0,"comment_status":"closed","ping_status":"closed","template":"","meta":{"generate_page_header":"","footnotes":"","_links_to":"","_links_to_target":""},"hauptseiten-kategorie":[365],"class_list":{"0":"post-12477","1":"page","2":"type-page","3":"status-publish","4":"has-post-thumbnail","6":"hauptseiten-kategorie-wirkung"},"yoast_head":"<!-- This site is optimized with the Yoast SEO plugin v26.2 - https:\/\/yoast.com\/wordpress\/plugins\/seo\/ -->\n<title>Projets de nos membres - Swiss Fair Trade<\/title>\n<meta name=\"robots\" content=\"index, follow, max-snippet:-1, max-image-preview:large, max-video-preview:-1\" \/>\n<link rel=\"canonical\" href=\"https:\/\/www.swissfairtrade.ch\/fr\/fair-trade\/effets-du-commerce-equitable\/projets-de-nos-membres\/\" \/>\n<meta property=\"og:locale\" content=\"fr_FR\" \/>\n<meta property=\"og:type\" content=\"article\" \/>\n<meta property=\"og:title\" content=\"Projets de nos membres - Swiss Fair Trade\" \/>\n<meta property=\"og:description\" content=\"D\u00e9couvrez ci-dessous des projets de nos membres.\" \/>\n<meta property=\"og:url\" content=\"https:\/\/www.swissfairtrade.ch\/fr\/fair-trade\/effets-du-commerce-equitable\/projets-de-nos-membres\/\" \/>\n<meta property=\"og:site_name\" content=\"Swiss Fair Trade\" \/>\n<meta property=\"article:modified_time\" content=\"2024-02-13T17:19:29+00:00\" \/>\n<meta property=\"og:image\" content=\"https:\/\/www.swissfairtrade.ch\/wp-content\/uploads\/pexels-pixabay-50707-1.jpg\" \/>\n\t<meta property=\"og:image:width\" content=\"2000\" \/>\n\t<meta property=\"og:image:height\" content=\"1330\" \/>\n\t<meta property=\"og:image:type\" content=\"image\/jpeg\" \/>\n<meta name=\"twitter:card\" content=\"summary_large_image\" \/>\n<meta name=\"twitter:label1\" content=\"Dur\u00e9e de lecture estim\u00e9e\" \/>\n\t<meta name=\"twitter:data1\" content=\"7 minutes\" \/>\n<script type=\"application\/ld+json\" class=\"yoast-schema-graph\">{\"@context\":\"https:\/\/schema.org\",\"@graph\":[{\"@type\":\"WebPage\",\"@id\":\"https:\/\/www.swissfairtrade.ch\/fr\/fair-trade\/effets-du-commerce-equitable\/projets-de-nos-membres\/\",\"url\":\"https:\/\/www.swissfairtrade.ch\/fr\/fair-trade\/effets-du-commerce-equitable\/projets-de-nos-membres\/\",\"name\":\"Projets de nos membres - Swiss Fair Trade\",\"isPartOf\":{\"@id\":\"https:\/\/www.swissfairtrade.ch\/it\/#website\"},\"primaryImageOfPage\":{\"@id\":\"https:\/\/www.swissfairtrade.ch\/fr\/fair-trade\/effets-du-commerce-equitable\/projets-de-nos-membres\/#primaryimage\"},\"image\":{\"@id\":\"https:\/\/www.swissfairtrade.ch\/fr\/fair-trade\/effets-du-commerce-equitable\/projets-de-nos-membres\/#primaryimage\"},\"thumbnailUrl\":\"https:\/\/www.swissfairtrade.ch\/wp-content\/uploads\/pexels-pixabay-50707-1.jpg\",\"datePublished\":\"2024-01-29T12:43:44+00:00\",\"dateModified\":\"2024-02-13T17:19:29+00:00\",\"breadcrumb\":{\"@id\":\"https:\/\/www.swissfairtrade.ch\/fr\/fair-trade\/effets-du-commerce-equitable\/projets-de-nos-membres\/#breadcrumb\"},\"inLanguage\":\"fr-FR\",\"potentialAction\":[{\"@type\":\"ReadAction\",\"target\":[\"https:\/\/www.swissfairtrade.ch\/fr\/fair-trade\/effets-du-commerce-equitable\/projets-de-nos-membres\/\"]}]},{\"@type\":\"ImageObject\",\"inLanguage\":\"fr-FR\",\"@id\":\"https:\/\/www.swissfairtrade.ch\/fr\/fair-trade\/effets-du-commerce-equitable\/projets-de-nos-membres\/#primaryimage\",\"url\":\"https:\/\/www.swissfairtrade.ch\/wp-content\/uploads\/pexels-pixabay-50707-1.jpg\",\"contentUrl\":\"https:\/\/www.swissfairtrade.ch\/wp-content\/uploads\/pexels-pixabay-50707-1.jpg\",\"width\":2000,\"height\":1330},{\"@type\":\"BreadcrumbList\",\"@id\":\"https:\/\/www.swissfairtrade.ch\/fr\/fair-trade\/effets-du-commerce-equitable\/projets-de-nos-membres\/#breadcrumb\",\"itemListElement\":[{\"@type\":\"ListItem\",\"position\":1,\"name\":\"Home\",\"item\":\"https:\/\/www.swissfairtrade.ch\/fr\/\"},{\"@type\":\"ListItem\",\"position\":2,\"name\":\"Fair Trade\",\"item\":\"https:\/\/www.swissfairtrade.ch\/fr\/fair-trade\/\"},{\"@type\":\"ListItem\",\"position\":3,\"name\":\"Effets du commerce \u00e9quitable\",\"item\":\"https:\/\/www.swissfairtrade.ch\/fr\/fair-trade\/effets-du-commerce-equitable\/\"},{\"@type\":\"ListItem\",\"position\":4,\"name\":\"Projets de nos membres\"}]},{\"@type\":\"WebSite\",\"@id\":\"https:\/\/www.swissfairtrade.ch\/it\/#website\",\"url\":\"https:\/\/www.swissfairtrade.ch\/it\/\",\"name\":\"Swiss Fair Trade\",\"description\":\"\",\"publisher\":{\"@id\":\"https:\/\/www.swissfairtrade.ch\/it\/#organization\"},\"potentialAction\":[{\"@type\":\"SearchAction\",\"target\":{\"@type\":\"EntryPoint\",\"urlTemplate\":\"https:\/\/www.swissfairtrade.ch\/it\/?s={search_term_string}\"},\"query-input\":{\"@type\":\"PropertyValueSpecification\",\"valueRequired\":true,\"valueName\":\"search_term_string\"}}],\"inLanguage\":\"fr-FR\"},{\"@type\":\"Organization\",\"@id\":\"https:\/\/www.swissfairtrade.ch\/it\/#organization\",\"name\":\"Swiss Fair Trade\",\"url\":\"https:\/\/www.swissfairtrade.ch\/it\/\",\"logo\":{\"@type\":\"ImageObject\",\"inLanguage\":\"fr-FR\",\"@id\":\"https:\/\/www.swissfairtrade.ch\/it\/#\/schema\/logo\/image\/\",\"url\":\"https:\/\/www.swissfairtrade.ch\/wp-content\/uploads\/SwissFairTrade-Logo-rgb-203.51.59-web.png\",\"contentUrl\":\"https:\/\/www.swissfairtrade.ch\/wp-content\/uploads\/SwissFairTrade-Logo-rgb-203.51.59-web.png\",\"width\":130,\"height\":115,\"caption\":\"Swiss Fair Trade\"},\"image\":{\"@id\":\"https:\/\/www.swissfairtrade.ch\/it\/#\/schema\/logo\/image\/\"}}]}<\/script>\n<!-- \/ Yoast SEO plugin. -->","yoast_head_json":{"title":"Projets de nos membres - Swiss Fair Trade","robots":{"index":"index","follow":"follow","max-snippet":"max-snippet:-1","max-image-preview":"max-image-preview:large","max-video-preview":"max-video-preview:-1"},"canonical":"https:\/\/www.swissfairtrade.ch\/fr\/fair-trade\/effets-du-commerce-equitable\/projets-de-nos-membres\/","og_locale":"fr_FR","og_type":"article","og_title":"Projets de nos membres - Swiss Fair Trade","og_description":"D\u00e9couvrez ci-dessous des projets de nos membres.","og_url":"https:\/\/www.swissfairtrade.ch\/fr\/fair-trade\/effets-du-commerce-equitable\/projets-de-nos-membres\/","og_site_name":"Swiss Fair Trade","article_modified_time":"2024-02-13T17:19:29+00:00","og_image":[{"width":2000,"height":1330,"url":"https:\/\/www.swissfairtrade.ch\/wp-content\/uploads\/pexels-pixabay-50707-1.jpg","type":"image\/jpeg"}],"twitter_card":"summary_large_image","twitter_misc":{"Dur\u00e9e de lecture estim\u00e9e":"7 minutes"},"schema":{"@context":"https:\/\/schema.org","@graph":[{"@type":"WebPage","@id":"https:\/\/www.swissfairtrade.ch\/fr\/fair-trade\/effets-du-commerce-equitable\/projets-de-nos-membres\/","url":"https:\/\/www.swissfairtrade.ch\/fr\/fair-trade\/effets-du-commerce-equitable\/projets-de-nos-membres\/","name":"Projets de nos membres - Swiss Fair Trade","isPartOf":{"@id":"https:\/\/www.swissfairtrade.ch\/it\/#website"},"primaryImageOfPage":{"@id":"https:\/\/www.swissfairtrade.ch\/fr\/fair-trade\/effets-du-commerce-equitable\/projets-de-nos-membres\/#primaryimage"},"image":{"@id":"https:\/\/www.swissfairtrade.ch\/fr\/fair-trade\/effets-du-commerce-equitable\/projets-de-nos-membres\/#primaryimage"},"thumbnailUrl":"https:\/\/www.swissfairtrade.ch\/wp-content\/uploads\/pexels-pixabay-50707-1.jpg","datePublished":"2024-01-29T12:43:44+00:00","dateModified":"2024-02-13T17:19:29+00:00","breadcrumb":{"@id":"https:\/\/www.swissfairtrade.ch\/fr\/fair-trade\/effets-du-commerce-equitable\/projets-de-nos-membres\/#breadcrumb"},"inLanguage":"fr-FR","potentialAction":[{"@type":"ReadAction","target":["https:\/\/www.swissfairtrade.ch\/fr\/fair-trade\/effets-du-commerce-equitable\/projets-de-nos-membres\/"]}]},{"@type":"ImageObject","inLanguage":"fr-FR","@id":"https:\/\/www.swissfairtrade.ch\/fr\/fair-trade\/effets-du-commerce-equitable\/projets-de-nos-membres\/#primaryimage","url":"https:\/\/www.swissfairtrade.ch\/wp-content\/uploads\/pexels-pixabay-50707-1.jpg","contentUrl":"https:\/\/www.swissfairtrade.ch\/wp-content\/uploads\/pexels-pixabay-50707-1.jpg","width":2000,"height":1330},{"@type":"BreadcrumbList","@id":"https:\/\/www.swissfairtrade.ch\/fr\/fair-trade\/effets-du-commerce-equitable\/projets-de-nos-membres\/#breadcrumb","itemListElement":[{"@type":"ListItem","position":1,"name":"Home","item":"https:\/\/www.swissfairtrade.ch\/fr\/"},{"@type":"ListItem","position":2,"name":"Fair Trade","item":"https:\/\/www.swissfairtrade.ch\/fr\/fair-trade\/"},{"@type":"ListItem","position":3,"name":"Effets du commerce \u00e9quitable","item":"https:\/\/www.swissfairtrade.ch\/fr\/fair-trade\/effets-du-commerce-equitable\/"},{"@type":"ListItem","position":4,"name":"Projets de nos membres"}]},{"@type":"WebSite","@id":"https:\/\/www.swissfairtrade.ch\/it\/#website","url":"https:\/\/www.swissfairtrade.ch\/it\/","name":"Swiss Fair Trade","description":"","publisher":{"@id":"https:\/\/www.swissfairtrade.ch\/it\/#organization"},"potentialAction":[{"@type":"SearchAction","target":{"@type":"EntryPoint","urlTemplate":"https:\/\/www.swissfairtrade.ch\/it\/?s={search_term_string}"},"query-input":{"@type":"PropertyValueSpecification","valueRequired":true,"valueName":"search_term_string"}}],"inLanguage":"fr-FR"},{"@type":"Organization","@id":"https:\/\/www.swissfairtrade.ch\/it\/#organization","name":"Swiss Fair Trade","url":"https:\/\/www.swissfairtrade.ch\/it\/","logo":{"@type":"ImageObject","inLanguage":"fr-FR","@id":"https:\/\/www.swissfairtrade.ch\/it\/#\/schema\/logo\/image\/","url":"https:\/\/www.swissfairtrade.ch\/wp-content\/uploads\/SwissFairTrade-Logo-rgb-203.51.59-web.png","contentUrl":"https:\/\/www.swissfairtrade.ch\/wp-content\/uploads\/SwissFairTrade-Logo-rgb-203.51.59-web.png","width":130,"height":115,"caption":"Swiss Fair Trade"},"image":{"@id":"https:\/\/www.swissfairtrade.ch\/it\/#\/schema\/logo\/image\/"}}]}},"_links":{"self":[{"href":"https:\/\/www.swissfairtrade.ch\/fr\/wp-json\/wp\/v2\/pages\/12477","targetHints":{"allow":["GET"]}}],"collection":[{"href":"https:\/\/www.swissfairtrade.ch\/fr\/wp-json\/wp\/v2\/pages"}],"about":[{"href":"https:\/\/www.swissfairtrade.ch\/fr\/wp-json\/wp\/v2\/types\/page"}],"author":[{"embeddable":true,"href":"https:\/\/www.swissfairtrade.ch\/fr\/wp-json\/wp\/v2\/users\/3"}],"replies":[{"embeddable":true,"href":"https:\/\/www.swissfairtrade.ch\/fr\/wp-json\/wp\/v2\/comments?post=12477"}],"version-history":[{"count":0,"href":"https:\/\/www.swissfairtrade.ch\/fr\/wp-json\/wp\/v2\/pages\/12477\/revisions"}],"up":[{"embeddable":true,"href":"https:\/\/www.swissfairtrade.ch\/fr\/wp-json\/wp\/v2\/pages\/2974"}],"wp:featuredmedia":[{"embeddable":true,"href":"https:\/\/www.swissfairtrade.ch\/fr\/wp-json\/wp\/v2\/media\/9773"}],"wp:attachment":[{"href":"https:\/\/www.swissfairtrade.ch\/fr\/wp-json\/wp\/v2\/media?parent=12477"}],"wp:term":[{"taxonomy":"hauptseiten-kategorie","embeddable":true,"href":"https:\/\/www.swissfairtrade.ch\/fr\/wp-json\/wp\/v2\/hauptseiten-kategorie?post=12477"}],"curies":[{"name":"wp","href":"https:\/\/api.w.org\/{rel}","templated":true}]}}