{"id":11497,"date":"2023-04-03T17:55:27","date_gmt":"2023-04-03T15:55:27","guid":{"rendered":"https:\/\/www.swissfairtrade.ch\/?page_id=11497"},"modified":"2024-05-15T13:56:20","modified_gmt":"2024-05-15T11:56:20","slug":"materiel-pratique-2","status":"publish","type":"page","link":"https:\/\/www.swissfairtrade.ch\/fr\/fair-trade\/effets-du-commerce-equitable\/materiel-pratique-2\/","title":{"rendered":"Mat\u00e9riel pratique"},"content":{"rendered":"<div class=\"wpb-content-wrapper\"><p>[vc_row full_width=\u00a0\u00bbstretch_row\u00a0\u00bb content_placement=\u00a0\u00bbbottom\u00a0\u00bb parallax=\u00a0\u00bbcontent-moving-fade\u00a0\u00bb parallax_image=\u00a0\u00bb2959&Prime; css=\u00a0\u00bb.vc_custom_1619611497029{background: rgba(196,196,196,0.71) url(https:\/\/www.swissfairtrade.ch\/wp-content\/uploads\/post-it-notes-.jpg?id=7958);background-position: center;background-repeat: no-repeat !important;background-size: cover !important;*background-color: rgb(196,196,196) !important;}\u00a0\u00bb el_class=\u00a0\u00bbheader\u00a0\u00bb][vc_column][vc_column_text el_class=\u00a0\u00bbtxt-white\u00a0\u00bb]<\/p>\n<div class=\"annot\">\n<div class=\"row-main\">\n<div class=\"csc-header csc-header-n1\">\n<h1 class=\"csc-firstHeader\">Mat\u00e9riel pratique<\/h1>\n<\/div>\n<p>&nbsp;<\/p>\n<\/div>\n<\/div>\n<p>[\/vc_column_text][\/vc_column][\/vc_row][vc_row][vc_column][vc_column_text css=\u00a0\u00bb\u00a0\u00bb]<strong>Rapport<\/strong><\/p>\n<p><a href=\"https:\/\/www.swissfairtrade.ch\/wp-content\/uploads\/Hintergrundbericht_Wirkung_SFT_2023_fr-1.pdf\" target=\"_blank\" rel=\"noopener\">Rapport de fond sur l&rsquo;impact du commerce \u00e9quitable<\/a><\/p>\n<p><strong>D\u00e9pliant<\/strong><\/p>\n<p><a href=\"https:\/\/www.swissfairtrade.ch\/wp-content\/uploads\/Flyer_A5_final_franz_2_ohne-Beschnitt.pdf\" target=\"_blank\" rel=\"noopener\">D\u00e9pliant WFTD 2024 A5<\/a><\/p>\n<p><strong>Affiche<\/strong><\/p>\n<p><a href=\"https:\/\/www.swissfairtrade.ch\/wp-content\/uploads\/NHTPlakat_final_FTT_franz_2.pdf\" target=\"_blank\" rel=\"noopener\">Affiche WFTD 2024 Fair Trade Town A3<\/a><\/p>\n<p><a href=\"https:\/\/www.swissfairtrade.ch\/wp-content\/uploads\/NHTPlakat_final_SFT_franz_2.pdf\" target=\"_blank\" rel=\"noopener\">Affiche WFTD 2024 Swiss Fair Trade A3<\/a><\/p>\n<p><strong>Communiqu\u00e9 de presse Fair Trade Towns sur la Journ\u00e9e mondiale du commerce \u00e9quitable 2024<\/strong><\/p>\n<p><a href=\"https:\/\/www.swissfairtrade.ch\/wp-content\/uploads\/Vorlage-Medienmitteilung_Wirkung_SFT_2024_FR.docx\">Mod\u00e8le de communiqu\u00e9 de presse<\/a><\/p>\n<p><strong>Visuels pour les r\u00e9seaux sociaux<\/strong><\/p>\n<p>Utilisez nos visuels avec le hashtag <strong>#monchoix\u00e9quitable<\/strong> et taguez-nous <strong>@fairtradetown_schweiz<\/strong><\/p>\n<p><a href=\"https:\/\/www.swissfairtrade.ch\/wp-content\/uploads\/Fair-Trade-wirkt_WFTD-2023_fr1.png\" target=\"_blank\" rel=\"noopener\">Visuel \u00ab\u00a0Le commerce \u00e9quitable change la donne\u00a0\u00bb Slide 1<\/a>, <a href=\"https:\/\/www.swissfairtrade.ch\/wp-content\/uploads\/Fair-Trade-wirkt_WFTD-2023_fr2.png\" target=\"_blank\" rel=\"noopener\">Visuel \u00ab\u00a0Le commerce \u00e9quitable change la donne\u00a0\u00bb Slide 2<\/a><\/p>\n<p><a href=\"https:\/\/www.swissfairtrade.ch\/wp-content\/uploads\/Einkommen_WFTD-2023_fr1.png\" target=\"_blank\" rel=\"noopener\">Visuel \u00ab\u00a0Revenu\u00a0\u00bb Slide 1<\/a>, <a href=\"https:\/\/www.swissfairtrade.ch\/wp-content\/uploads\/Einkommen_WFTD-2023_fr2.png\" target=\"_blank\" rel=\"noopener\">Visuel \u00ab\u00a0Revenu\u00a0\u00bb Slide 2<\/a><\/p>\n<p><a href=\"https:\/\/www.swissfairtrade.ch\/wp-content\/uploads\/Resilienz_WFTD-2023_fr1.png\" target=\"_blank\" rel=\"noopener\">Visuel \u00ab\u00a0R\u00e9silience\u00a0\u00bb Slide 1<\/a>, <a href=\"https:\/\/www.swissfairtrade.ch\/wp-content\/uploads\/Resilienz_WFTD-2023_fr2.png\" target=\"_blank\" rel=\"noopener\">Visuel \u00ab\u00a0R\u00e9silience\u00a0\u00bb Slide 2<\/a><\/p>\n<p><a href=\"https:\/\/www.swissfairtrade.ch\/wp-content\/uploads\/Oekologie-und-Klima_WFTD-2023_fr1.png\" target=\"_blank\" rel=\"noopener\">Visuel \u00ab\u00a0\u00c9cologie et climat\u00a0\u00bb Slide 1<\/a>, <a href=\"https:\/\/www.swissfairtrade.ch\/wp-content\/uploads\/Oekologie-und-Klima_WFTD-2023_fr2.png\" target=\"_blank\" rel=\"noopener\">Visuel \u00ab\u00a0\u00c9cologie et climat\u00a0\u00bb Slide 2<\/a><\/p>\n<p><a href=\"https:\/\/www.swissfairtrade.ch\/wp-content\/uploads\/Gesellschaft_WFTD-2023_fr1.png\" target=\"_blank\" rel=\"noopener\">Visuel \u00ab\u00a0Soci\u00e9t\u00e9\u00a0\u00bb Slide 1<\/a>, <a href=\"https:\/\/www.swissfairtrade.ch\/wp-content\/uploads\/Gesellschaft_WFTD-2023_fr2.png\" target=\"_blank\" rel=\"noopener\">Visuel \u00ab\u00a0Soci\u00e9t\u00e9\u00a0\u00bb Slide 2<\/a><\/p>\n<p><a href=\"https:\/\/www.swissfairtrade.ch\/wp-content\/uploads\/Empowerment_WFTD-2023_fr1.png\" target=\"_blank\" rel=\"noopener\">Visuel \u00ab\u00a0Autonomisation\u00a0\u00bb Slide 1<\/a>, <a href=\"https:\/\/www.swissfairtrade.ch\/wp-content\/uploads\/Empowerment_WFTD-2023_fr2.png\" target=\"_blank\" rel=\"noopener\">Visuel \u00ab\u00a0Autonomisation\u00a0\u00bb Slide 2<\/a>[\/vc_column_text][\/vc_column][\/vc_row][vc_row][vc_column][vc_empty_space height=\u00a0\u00bb50px\u00a0\u00bb][vc_separator][vc_column_text]<\/p>\n<div class=\"wpb_text_column wpb_content_element \">\n<div class=\"wpb_wrapper\">\n<h3>Autres sujets<\/h3>\n<\/div>\n<\/div>\n<p>[\/vc_column_text][vc_basic_grid post_type=\u00a0\u00bbpage\u00a0\u00bb max_items=\u00a0\u00bb-1&Prime; gap=\u00a0\u00bb10&Prime; orderby=\u00a0\u00bbparent\u00a0\u00bb item=\u00a0\u00bb1885&Prime; grid_id=\u00a0\u00bbvc_gid:1715774162451-931cb4b8-6ca6-1&Prime; taxonomies=\u00a0\u00bb365&Prime;][\/vc_column][\/vc_row]<\/p>\n<\/div>","protected":false},"excerpt":{"rendered":"<p>Vous trouverez ici du mat\u00e9riel d&rsquo;information, des affiches et des d\u00e9pliants \u00e0 imprimer.<\/p>\n","protected":false},"author":3,"featured_media":7958,"parent":2974,"menu_order":1,"comment_status":"closed","ping_status":"closed","template":"","meta":{"generate_page_header":"","footnotes":"","_links_to":"","_links_to_target":""},"hauptseiten-kategorie":[365],"class_list":{"0":"post-11497","1":"page","2":"type-page","3":"status-publish","4":"has-post-thumbnail","6":"hauptseiten-kategorie-wirkung"},"yoast_head":"<!-- This site is optimized with the Yoast SEO plugin v26.2 - https:\/\/yoast.com\/wordpress\/plugins\/seo\/ -->\n<title>Mat\u00e9riel pratique - Swiss Fair Trade<\/title>\n<meta name=\"robots\" content=\"index, follow, max-snippet:-1, max-image-preview:large, max-video-preview:-1\" \/>\n<link rel=\"canonical\" href=\"https:\/\/www.swissfairtrade.ch\/fr\/fair-trade\/effets-du-commerce-equitable\/materiel-pratique-2\/\" \/>\n<meta property=\"og:locale\" content=\"fr_FR\" \/>\n<meta property=\"og:type\" content=\"article\" \/>\n<meta property=\"og:title\" content=\"Mat\u00e9riel pratique - Swiss Fair Trade\" \/>\n<meta property=\"og:description\" content=\"Vous trouverez ici du mat\u00e9riel d&#039;information, des affiches et des d\u00e9pliants \u00e0 imprimer.\" \/>\n<meta property=\"og:url\" content=\"https:\/\/www.swissfairtrade.ch\/fr\/fair-trade\/effets-du-commerce-equitable\/materiel-pratique-2\/\" \/>\n<meta property=\"og:site_name\" content=\"Swiss Fair Trade\" \/>\n<meta property=\"article:modified_time\" content=\"2024-05-15T11:56:20+00:00\" \/>\n<meta property=\"og:image\" content=\"https:\/\/www.swissfairtrade.ch\/wp-content\/uploads\/post-it-notes-.jpg\" \/>\n\t<meta property=\"og:image:width\" content=\"1920\" \/>\n\t<meta property=\"og:image:height\" content=\"1280\" \/>\n\t<meta property=\"og:image:type\" content=\"image\/jpeg\" \/>\n<meta name=\"twitter:card\" content=\"summary_large_image\" \/>\n<meta name=\"twitter:label1\" content=\"Dur\u00e9e de lecture estim\u00e9e\" \/>\n\t<meta name=\"twitter:data1\" content=\"2 minutes\" \/>\n<script type=\"application\/ld+json\" class=\"yoast-schema-graph\">{\"@context\":\"https:\/\/schema.org\",\"@graph\":[{\"@type\":\"WebPage\",\"@id\":\"https:\/\/www.swissfairtrade.ch\/fr\/fair-trade\/effets-du-commerce-equitable\/materiel-pratique-2\/\",\"url\":\"https:\/\/www.swissfairtrade.ch\/fr\/fair-trade\/effets-du-commerce-equitable\/materiel-pratique-2\/\",\"name\":\"Mat\u00e9riel pratique - Swiss Fair Trade\",\"isPartOf\":{\"@id\":\"https:\/\/www.swissfairtrade.ch\/it\/#website\"},\"primaryImageOfPage\":{\"@id\":\"https:\/\/www.swissfairtrade.ch\/fr\/fair-trade\/effets-du-commerce-equitable\/materiel-pratique-2\/#primaryimage\"},\"image\":{\"@id\":\"https:\/\/www.swissfairtrade.ch\/fr\/fair-trade\/effets-du-commerce-equitable\/materiel-pratique-2\/#primaryimage\"},\"thumbnailUrl\":\"https:\/\/www.swissfairtrade.ch\/wp-content\/uploads\/post-it-notes-.jpg\",\"datePublished\":\"2023-04-03T15:55:27+00:00\",\"dateModified\":\"2024-05-15T11:56:20+00:00\",\"breadcrumb\":{\"@id\":\"https:\/\/www.swissfairtrade.ch\/fr\/fair-trade\/effets-du-commerce-equitable\/materiel-pratique-2\/#breadcrumb\"},\"inLanguage\":\"fr-FR\",\"potentialAction\":[{\"@type\":\"ReadAction\",\"target\":[\"https:\/\/www.swissfairtrade.ch\/fr\/fair-trade\/effets-du-commerce-equitable\/materiel-pratique-2\/\"]}]},{\"@type\":\"ImageObject\",\"inLanguage\":\"fr-FR\",\"@id\":\"https:\/\/www.swissfairtrade.ch\/fr\/fair-trade\/effets-du-commerce-equitable\/materiel-pratique-2\/#primaryimage\",\"url\":\"https:\/\/www.swissfairtrade.ch\/wp-content\/uploads\/post-it-notes-.jpg\",\"contentUrl\":\"https:\/\/www.swissfairtrade.ch\/wp-content\/uploads\/post-it-notes-.jpg\",\"width\":1920,\"height\":1280},{\"@type\":\"BreadcrumbList\",\"@id\":\"https:\/\/www.swissfairtrade.ch\/fr\/fair-trade\/effets-du-commerce-equitable\/materiel-pratique-2\/#breadcrumb\",\"itemListElement\":[{\"@type\":\"ListItem\",\"position\":1,\"name\":\"Home\",\"item\":\"https:\/\/www.swissfairtrade.ch\/fr\/\"},{\"@type\":\"ListItem\",\"position\":2,\"name\":\"Fair Trade\",\"item\":\"https:\/\/www.swissfairtrade.ch\/fr\/fair-trade\/\"},{\"@type\":\"ListItem\",\"position\":3,\"name\":\"Effets du commerce \u00e9quitable\",\"item\":\"https:\/\/www.swissfairtrade.ch\/fr\/fair-trade\/effets-du-commerce-equitable\/\"},{\"@type\":\"ListItem\",\"position\":4,\"name\":\"Mat\u00e9riel pratique\"}]},{\"@type\":\"WebSite\",\"@id\":\"https:\/\/www.swissfairtrade.ch\/it\/#website\",\"url\":\"https:\/\/www.swissfairtrade.ch\/it\/\",\"name\":\"Swiss Fair Trade\",\"description\":\"\",\"publisher\":{\"@id\":\"https:\/\/www.swissfairtrade.ch\/it\/#organization\"},\"potentialAction\":[{\"@type\":\"SearchAction\",\"target\":{\"@type\":\"EntryPoint\",\"urlTemplate\":\"https:\/\/www.swissfairtrade.ch\/it\/?s={search_term_string}\"},\"query-input\":{\"@type\":\"PropertyValueSpecification\",\"valueRequired\":true,\"valueName\":\"search_term_string\"}}],\"inLanguage\":\"fr-FR\"},{\"@type\":\"Organization\",\"@id\":\"https:\/\/www.swissfairtrade.ch\/it\/#organization\",\"name\":\"Swiss Fair Trade\",\"url\":\"https:\/\/www.swissfairtrade.ch\/it\/\",\"logo\":{\"@type\":\"ImageObject\",\"inLanguage\":\"fr-FR\",\"@id\":\"https:\/\/www.swissfairtrade.ch\/it\/#\/schema\/logo\/image\/\",\"url\":\"https:\/\/www.swissfairtrade.ch\/wp-content\/uploads\/SwissFairTrade-Logo-rgb-203.51.59-web.png\",\"contentUrl\":\"https:\/\/www.swissfairtrade.ch\/wp-content\/uploads\/SwissFairTrade-Logo-rgb-203.51.59-web.png\",\"width\":130,\"height\":115,\"caption\":\"Swiss Fair Trade\"},\"image\":{\"@id\":\"https:\/\/www.swissfairtrade.ch\/it\/#\/schema\/logo\/image\/\"}}]}<\/script>\n<!-- \/ Yoast SEO plugin. -->","yoast_head_json":{"title":"Mat\u00e9riel pratique - Swiss Fair Trade","robots":{"index":"index","follow":"follow","max-snippet":"max-snippet:-1","max-image-preview":"max-image-preview:large","max-video-preview":"max-video-preview:-1"},"canonical":"https:\/\/www.swissfairtrade.ch\/fr\/fair-trade\/effets-du-commerce-equitable\/materiel-pratique-2\/","og_locale":"fr_FR","og_type":"article","og_title":"Mat\u00e9riel pratique - Swiss Fair Trade","og_description":"Vous trouverez ici du mat\u00e9riel d'information, des affiches et des d\u00e9pliants \u00e0 imprimer.","og_url":"https:\/\/www.swissfairtrade.ch\/fr\/fair-trade\/effets-du-commerce-equitable\/materiel-pratique-2\/","og_site_name":"Swiss Fair Trade","article_modified_time":"2024-05-15T11:56:20+00:00","og_image":[{"width":1920,"height":1280,"url":"https:\/\/www.swissfairtrade.ch\/wp-content\/uploads\/post-it-notes-.jpg","type":"image\/jpeg"}],"twitter_card":"summary_large_image","twitter_misc":{"Dur\u00e9e de lecture estim\u00e9e":"2 minutes"},"schema":{"@context":"https:\/\/schema.org","@graph":[{"@type":"WebPage","@id":"https:\/\/www.swissfairtrade.ch\/fr\/fair-trade\/effets-du-commerce-equitable\/materiel-pratique-2\/","url":"https:\/\/www.swissfairtrade.ch\/fr\/fair-trade\/effets-du-commerce-equitable\/materiel-pratique-2\/","name":"Mat\u00e9riel pratique - Swiss Fair Trade","isPartOf":{"@id":"https:\/\/www.swissfairtrade.ch\/it\/#website"},"primaryImageOfPage":{"@id":"https:\/\/www.swissfairtrade.ch\/fr\/fair-trade\/effets-du-commerce-equitable\/materiel-pratique-2\/#primaryimage"},"image":{"@id":"https:\/\/www.swissfairtrade.ch\/fr\/fair-trade\/effets-du-commerce-equitable\/materiel-pratique-2\/#primaryimage"},"thumbnailUrl":"https:\/\/www.swissfairtrade.ch\/wp-content\/uploads\/post-it-notes-.jpg","datePublished":"2023-04-03T15:55:27+00:00","dateModified":"2024-05-15T11:56:20+00:00","breadcrumb":{"@id":"https:\/\/www.swissfairtrade.ch\/fr\/fair-trade\/effets-du-commerce-equitable\/materiel-pratique-2\/#breadcrumb"},"inLanguage":"fr-FR","potentialAction":[{"@type":"ReadAction","target":["https:\/\/www.swissfairtrade.ch\/fr\/fair-trade\/effets-du-commerce-equitable\/materiel-pratique-2\/"]}]},{"@type":"ImageObject","inLanguage":"fr-FR","@id":"https:\/\/www.swissfairtrade.ch\/fr\/fair-trade\/effets-du-commerce-equitable\/materiel-pratique-2\/#primaryimage","url":"https:\/\/www.swissfairtrade.ch\/wp-content\/uploads\/post-it-notes-.jpg","contentUrl":"https:\/\/www.swissfairtrade.ch\/wp-content\/uploads\/post-it-notes-.jpg","width":1920,"height":1280},{"@type":"BreadcrumbList","@id":"https:\/\/www.swissfairtrade.ch\/fr\/fair-trade\/effets-du-commerce-equitable\/materiel-pratique-2\/#breadcrumb","itemListElement":[{"@type":"ListItem","position":1,"name":"Home","item":"https:\/\/www.swissfairtrade.ch\/fr\/"},{"@type":"ListItem","position":2,"name":"Fair Trade","item":"https:\/\/www.swissfairtrade.ch\/fr\/fair-trade\/"},{"@type":"ListItem","position":3,"name":"Effets du commerce \u00e9quitable","item":"https:\/\/www.swissfairtrade.ch\/fr\/fair-trade\/effets-du-commerce-equitable\/"},{"@type":"ListItem","position":4,"name":"Mat\u00e9riel pratique"}]},{"@type":"WebSite","@id":"https:\/\/www.swissfairtrade.ch\/it\/#website","url":"https:\/\/www.swissfairtrade.ch\/it\/","name":"Swiss Fair Trade","description":"","publisher":{"@id":"https:\/\/www.swissfairtrade.ch\/it\/#organization"},"potentialAction":[{"@type":"SearchAction","target":{"@type":"EntryPoint","urlTemplate":"https:\/\/www.swissfairtrade.ch\/it\/?s={search_term_string}"},"query-input":{"@type":"PropertyValueSpecification","valueRequired":true,"valueName":"search_term_string"}}],"inLanguage":"fr-FR"},{"@type":"Organization","@id":"https:\/\/www.swissfairtrade.ch\/it\/#organization","name":"Swiss Fair Trade","url":"https:\/\/www.swissfairtrade.ch\/it\/","logo":{"@type":"ImageObject","inLanguage":"fr-FR","@id":"https:\/\/www.swissfairtrade.ch\/it\/#\/schema\/logo\/image\/","url":"https:\/\/www.swissfairtrade.ch\/wp-content\/uploads\/SwissFairTrade-Logo-rgb-203.51.59-web.png","contentUrl":"https:\/\/www.swissfairtrade.ch\/wp-content\/uploads\/SwissFairTrade-Logo-rgb-203.51.59-web.png","width":130,"height":115,"caption":"Swiss Fair Trade"},"image":{"@id":"https:\/\/www.swissfairtrade.ch\/it\/#\/schema\/logo\/image\/"}}]}},"_links":{"self":[{"href":"https:\/\/www.swissfairtrade.ch\/fr\/wp-json\/wp\/v2\/pages\/11497","targetHints":{"allow":["GET"]}}],"collection":[{"href":"https:\/\/www.swissfairtrade.ch\/fr\/wp-json\/wp\/v2\/pages"}],"about":[{"href":"https:\/\/www.swissfairtrade.ch\/fr\/wp-json\/wp\/v2\/types\/page"}],"author":[{"embeddable":true,"href":"https:\/\/www.swissfairtrade.ch\/fr\/wp-json\/wp\/v2\/users\/3"}],"replies":[{"embeddable":true,"href":"https:\/\/www.swissfairtrade.ch\/fr\/wp-json\/wp\/v2\/comments?post=11497"}],"version-history":[{"count":0,"href":"https:\/\/www.swissfairtrade.ch\/fr\/wp-json\/wp\/v2\/pages\/11497\/revisions"}],"up":[{"embeddable":true,"href":"https:\/\/www.swissfairtrade.ch\/fr\/wp-json\/wp\/v2\/pages\/2974"}],"wp:featuredmedia":[{"embeddable":true,"href":"https:\/\/www.swissfairtrade.ch\/fr\/wp-json\/wp\/v2\/media\/7958"}],"wp:attachment":[{"href":"https:\/\/www.swissfairtrade.ch\/fr\/wp-json\/wp\/v2\/media?parent=11497"}],"wp:term":[{"taxonomy":"hauptseiten-kategorie","embeddable":true,"href":"https:\/\/www.swissfairtrade.ch\/fr\/wp-json\/wp\/v2\/hauptseiten-kategorie?post=11497"}],"curies":[{"name":"wp","href":"https:\/\/api.w.org\/{rel}","templated":true}]}}