{"id":10716,"date":"2022-04-21T16:42:29","date_gmt":"2022-04-21T14:42:29","guid":{"rendered":"https:\/\/www.swissfairtrade.ch\/?page_id=10716"},"modified":"2022-04-22T12:25:55","modified_gmt":"2022-04-22T10:25:55","slug":"reduction-des-emissions-de-gaz-a-effet-de-serre","status":"publish","type":"page","link":"https:\/\/www.swissfairtrade.ch\/fr\/champs-d-actions\/centre-de-competences-3\/climat\/reduction-des-emissions-de-gaz-a-effet-de-serre\/","title":{"rendered":"R\u00e9duction des \u00e9missions de gaz \u00e0 effet de serre"},"content":{"rendered":"<div class=\"wpb-content-wrapper\"><p>[vc_row full_width=\u00a0\u00bbstretch_row\u00a0\u00bb content_placement=\u00a0\u00bbbottom\u00a0\u00bb parallax=\u00a0\u00bbcontent-moving-fade\u00a0\u00bb parallax_image=\u00a0\u00bb2959&Prime; css=\u00a0\u00bb.vc_custom_1650551648586{background: rgba(196,196,196,0.71) url(https:\/\/www.swissfairtrade.ch\/wp-content\/uploads\/Reisfeld.jpg?id=10619);*background-color: rgb(196,196,196) !important;}\u00a0\u00bb el_class=\u00a0\u00bbheader\u00a0\u00bb][vc_column][vc_column_text el_class=\u00a0\u00bbtxt-white\u00a0\u00bb]<\/p>\n<div class=\"annot\">\n<div class=\"row-main\">\n<div class=\"csc-header csc-header-n1\">\n<h1 class=\"csc-firstHeader\">Climat<\/h1>\n<\/div>\n<h2><strong>R\u00e9duction des \u00e9missions de gaz \u00e0 effet de serre<\/strong><\/h2>\n<\/div>\n<\/div>\n<p>[\/vc_column_text][\/vc_column][\/vc_row][vc_row][vc_column][vc_column_text]<strong>R\u00e9duction des \u00e9missions de gaz \u00e0 effet de serre<\/strong><\/p>\n<p>Les observations et les pr\u00e9visions les plus r\u00e9centes concernant le climat montrent qu\u2019il est plus que jamais n\u00e9cessaire de passer \u00e0 des m\u00e9thodes de production durables qui permettent de r\u00e9duire les \u00e9missions de gaz \u00e0 effet de serre et de pr\u00e9server les ressources naturelles, toujours plus limit\u00e9es. Il faut donc en priorit\u00e9 apporter un soutien technique et financier aux producteurs et productrices.<\/p>\n<p>\u00c0 cet \u00e9gard, les produits du commerce \u00e9quitable constituent une option des plus int\u00e9ressantes, puisqu\u2019ils respectent non seulement des crit\u00e8res sociaux, mais aussi des crit\u00e8res \u00e9cologiques, et notamment la r\u00e9duction des gaz \u00e0 effet de serre.<\/p>\n<p>On estime que 98\u00a0% de la production \u00e9quitable est transport\u00e9e par bateau\u00a0: ce n\u2019est donc pas le transport, mais bien la culture et la transformation qui sont responsables de la plus grande part des \u00e9missions de CO<sub>2<\/sub> dans le bilan \u00e9cologique de ces produits.<\/p>\n<p>Conscientes de ce fait, les organisations du commerce \u00e9quitable ont d\u00e9j\u00e0 mis en place de nouvelles solutions avec leurs partenaires paysan\u00b7ne\u00b7s. Il s\u2019agit principalement de r\u00e9duire leurs \u00e9missions de gaz \u00e0 effet de serre et de renforcer leur r\u00e9silience climatique. La d\u00e9marche pour lutter contre la crise climatique doit \u00eatre globale et poursuivre plusieurs objectifs simultan\u00e9ment. Les acteurs et actrices du commerce \u00e9quitable l\u2019ont bien compris, puisqu\u2019ils axent leur action notamment sur l\u2019efficience \u00e9nerg\u00e9tique, la pr\u00e9servation des ressources (le bois par exemple), la fertilit\u00e9 des sols, l\u2019agriculture biologique, l\u2019agroforesterie et la biodiversit\u00e9.<\/p>\n<p><strong>Un exemple de projet visant \u00e0 r\u00e9duire les \u00e9missions de gaz \u00e0 effet de serre<\/strong><\/p>\n<p>L\u2019Ethiopie, connue pour ses cultures de caf\u00e9, voit maintenant la d\u00e9forestation et le changement climatique menacer cette source de revenus. Dans ce pays, la for\u00eat est d\u2019autant plus sous pression que 97\u00a0% des m\u00e9nages y cuisinent au feu de bois. Or, il existe des fourneaux \u00e9conomes en \u00e9nergie, qui permettent de r\u00e9duire de 90\u00a0% les \u00e9missions de CO<sub>2<\/sub> par rapport \u00e0 un foyer ouvert. Plusieurs projets du commerce \u00e9quitable visent \u00e0 en doter les habitations (Fairtrade International).[\/vc_column_text][\/vc_column][\/vc_row][vc_row][vc_column][vc_empty_space height=\u00a0\u00bb50px\u00a0\u00bb][vc_separator][vc_column_text]<\/p>\n<div class=\"wpb_text_column wpb_content_element \">\n<div class=\"wpb_wrapper\">\n<h3>Autres sujets<\/h3>\n<\/div>\n<\/div>\n<p>[\/vc_column_text][vc_basic_grid post_type=\u00a0\u00bbpage\u00a0\u00bb max_items=\u00a0\u00bb-1&Prime; gap=\u00a0\u00bb10&Prime; orderby=\u00a0\u00bbmenu_order\u00a0\u00bb order=\u00a0\u00bbASC\u00a0\u00bb item=\u00a0\u00bb1885&Prime; grid_id=\u00a0\u00bbvc_gid:1650622114009-9cd72a42-0341-10&Prime; taxonomies=\u00a0\u00bb358&Prime;][\/vc_column][\/vc_row]<\/p>\n<\/div>","protected":false},"excerpt":{"rendered":"<p>Les organisations du commerce \u00e9quitable s&rsquo;engagent aux c\u00f4t\u00e9s des paysans et paysannes pour trouver des solutions afin de r\u00e9duire leurs \u00e9missions de gaz \u00e0 effet de serre.<\/p>\n","protected":false},"author":3,"featured_media":10619,"parent":4799,"menu_order":2,"comment_status":"closed","ping_status":"closed","template":"","meta":{"generate_page_header":"","footnotes":"","_links_to":"","_links_to_target":""},"hauptseiten-kategorie":[358],"class_list":{"0":"post-10716","1":"page","2":"type-page","3":"status-publish","4":"has-post-thumbnail","6":"hauptseiten-kategorie-climat"},"yoast_head":"<!-- This site is optimized with the Yoast SEO plugin v26.2 - https:\/\/yoast.com\/wordpress\/plugins\/seo\/ -->\n<title>R\u00e9duction des \u00e9missions de gaz \u00e0 effet de serre - Swiss Fair Trade<\/title>\n<meta name=\"robots\" content=\"index, follow, max-snippet:-1, max-image-preview:large, max-video-preview:-1\" \/>\n<link rel=\"canonical\" href=\"https:\/\/www.swissfairtrade.ch\/fr\/champs-d-actions\/centre-de-competences-3\/climat\/reduction-des-emissions-de-gaz-a-effet-de-serre\/\" \/>\n<meta property=\"og:locale\" content=\"fr_FR\" \/>\n<meta property=\"og:type\" content=\"article\" \/>\n<meta property=\"og:title\" content=\"R\u00e9duction des \u00e9missions de gaz \u00e0 effet de serre - Swiss Fair Trade\" \/>\n<meta property=\"og:description\" content=\"Les organisations du commerce \u00e9quitable s&#039;engagent aux c\u00f4t\u00e9s des paysans et paysannes pour trouver des solutions afin de r\u00e9duire leurs \u00e9missions de gaz \u00e0 effet de serre.\" \/>\n<meta property=\"og:url\" content=\"https:\/\/www.swissfairtrade.ch\/fr\/champs-d-actions\/centre-de-competences-3\/climat\/reduction-des-emissions-de-gaz-a-effet-de-serre\/\" \/>\n<meta property=\"og:site_name\" content=\"Swiss Fair Trade\" \/>\n<meta property=\"article:modified_time\" content=\"2022-04-22T10:25:55+00:00\" \/>\n<meta property=\"og:image\" content=\"https:\/\/www.swissfairtrade.ch\/wp-content\/uploads\/Reisfeld-1024x682.jpg\" \/>\n\t<meta property=\"og:image:width\" content=\"1024\" \/>\n\t<meta property=\"og:image:height\" content=\"682\" \/>\n\t<meta property=\"og:image:type\" content=\"image\/jpeg\" \/>\n<meta name=\"twitter:card\" content=\"summary_large_image\" \/>\n<meta name=\"twitter:label1\" content=\"Dur\u00e9e de lecture estim\u00e9e\" \/>\n\t<meta name=\"twitter:data1\" content=\"3 minutes\" \/>\n<script type=\"application\/ld+json\" class=\"yoast-schema-graph\">{\"@context\":\"https:\/\/schema.org\",\"@graph\":[{\"@type\":\"WebPage\",\"@id\":\"https:\/\/www.swissfairtrade.ch\/fr\/champs-d-actions\/centre-de-competences-3\/climat\/reduction-des-emissions-de-gaz-a-effet-de-serre\/\",\"url\":\"https:\/\/www.swissfairtrade.ch\/fr\/champs-d-actions\/centre-de-competences-3\/climat\/reduction-des-emissions-de-gaz-a-effet-de-serre\/\",\"name\":\"R\u00e9duction des \u00e9missions de gaz \u00e0 effet de serre - Swiss Fair Trade\",\"isPartOf\":{\"@id\":\"https:\/\/www.swissfairtrade.ch\/it\/#website\"},\"primaryImageOfPage\":{\"@id\":\"https:\/\/www.swissfairtrade.ch\/fr\/champs-d-actions\/centre-de-competences-3\/climat\/reduction-des-emissions-de-gaz-a-effet-de-serre\/#primaryimage\"},\"image\":{\"@id\":\"https:\/\/www.swissfairtrade.ch\/fr\/champs-d-actions\/centre-de-competences-3\/climat\/reduction-des-emissions-de-gaz-a-effet-de-serre\/#primaryimage\"},\"thumbnailUrl\":\"https:\/\/www.swissfairtrade.ch\/wp-content\/uploads\/Reisfeld.jpg\",\"datePublished\":\"2022-04-21T14:42:29+00:00\",\"dateModified\":\"2022-04-22T10:25:55+00:00\",\"breadcrumb\":{\"@id\":\"https:\/\/www.swissfairtrade.ch\/fr\/champs-d-actions\/centre-de-competences-3\/climat\/reduction-des-emissions-de-gaz-a-effet-de-serre\/#breadcrumb\"},\"inLanguage\":\"fr-FR\",\"potentialAction\":[{\"@type\":\"ReadAction\",\"target\":[\"https:\/\/www.swissfairtrade.ch\/fr\/champs-d-actions\/centre-de-competences-3\/climat\/reduction-des-emissions-de-gaz-a-effet-de-serre\/\"]}]},{\"@type\":\"ImageObject\",\"inLanguage\":\"fr-FR\",\"@id\":\"https:\/\/www.swissfairtrade.ch\/fr\/champs-d-actions\/centre-de-competences-3\/climat\/reduction-des-emissions-de-gaz-a-effet-de-serre\/#primaryimage\",\"url\":\"https:\/\/www.swissfairtrade.ch\/wp-content\/uploads\/Reisfeld.jpg\",\"contentUrl\":\"https:\/\/www.swissfairtrade.ch\/wp-content\/uploads\/Reisfeld.jpg\",\"width\":2000,\"height\":1333},{\"@type\":\"BreadcrumbList\",\"@id\":\"https:\/\/www.swissfairtrade.ch\/fr\/champs-d-actions\/centre-de-competences-3\/climat\/reduction-des-emissions-de-gaz-a-effet-de-serre\/#breadcrumb\",\"itemListElement\":[{\"@type\":\"ListItem\",\"position\":1,\"name\":\"Home\",\"item\":\"https:\/\/www.swissfairtrade.ch\/fr\/\"},{\"@type\":\"ListItem\",\"position\":2,\"name\":\"Champs d\u2019actions\",\"item\":\"https:\/\/www.swissfairtrade.ch\/fr\/champs-d-actions\/\"},{\"@type\":\"ListItem\",\"position\":3,\"name\":\"Centre de comp\u00e9tences\",\"item\":\"https:\/\/www.swissfairtrade.ch\/fr\/champs-d-actions\/centre-de-competences-3\/\"},{\"@type\":\"ListItem\",\"position\":4,\"name\":\"Climat\",\"item\":\"https:\/\/www.swissfairtrade.ch\/fr\/champs-d-actions\/centre-de-competences-3\/climat\/\"},{\"@type\":\"ListItem\",\"position\":5,\"name\":\"R\u00e9duction des \u00e9missions de gaz \u00e0 effet de serre\"}]},{\"@type\":\"WebSite\",\"@id\":\"https:\/\/www.swissfairtrade.ch\/it\/#website\",\"url\":\"https:\/\/www.swissfairtrade.ch\/it\/\",\"name\":\"Swiss Fair Trade\",\"description\":\"\",\"publisher\":{\"@id\":\"https:\/\/www.swissfairtrade.ch\/it\/#organization\"},\"potentialAction\":[{\"@type\":\"SearchAction\",\"target\":{\"@type\":\"EntryPoint\",\"urlTemplate\":\"https:\/\/www.swissfairtrade.ch\/it\/?s={search_term_string}\"},\"query-input\":{\"@type\":\"PropertyValueSpecification\",\"valueRequired\":true,\"valueName\":\"search_term_string\"}}],\"inLanguage\":\"fr-FR\"},{\"@type\":\"Organization\",\"@id\":\"https:\/\/www.swissfairtrade.ch\/it\/#organization\",\"name\":\"Swiss Fair Trade\",\"url\":\"https:\/\/www.swissfairtrade.ch\/it\/\",\"logo\":{\"@type\":\"ImageObject\",\"inLanguage\":\"fr-FR\",\"@id\":\"https:\/\/www.swissfairtrade.ch\/it\/#\/schema\/logo\/image\/\",\"url\":\"https:\/\/www.swissfairtrade.ch\/wp-content\/uploads\/SwissFairTrade-Logo-rgb-203.51.59-web.png\",\"contentUrl\":\"https:\/\/www.swissfairtrade.ch\/wp-content\/uploads\/SwissFairTrade-Logo-rgb-203.51.59-web.png\",\"width\":130,\"height\":115,\"caption\":\"Swiss Fair Trade\"},\"image\":{\"@id\":\"https:\/\/www.swissfairtrade.ch\/it\/#\/schema\/logo\/image\/\"}}]}<\/script>\n<!-- \/ Yoast SEO plugin. -->","yoast_head_json":{"title":"R\u00e9duction des \u00e9missions de gaz \u00e0 effet de serre - Swiss Fair Trade","robots":{"index":"index","follow":"follow","max-snippet":"max-snippet:-1","max-image-preview":"max-image-preview:large","max-video-preview":"max-video-preview:-1"},"canonical":"https:\/\/www.swissfairtrade.ch\/fr\/champs-d-actions\/centre-de-competences-3\/climat\/reduction-des-emissions-de-gaz-a-effet-de-serre\/","og_locale":"fr_FR","og_type":"article","og_title":"R\u00e9duction des \u00e9missions de gaz \u00e0 effet de serre - Swiss Fair Trade","og_description":"Les organisations du commerce \u00e9quitable s'engagent aux c\u00f4t\u00e9s des paysans et paysannes pour trouver des solutions afin de r\u00e9duire leurs \u00e9missions de gaz \u00e0 effet de serre.","og_url":"https:\/\/www.swissfairtrade.ch\/fr\/champs-d-actions\/centre-de-competences-3\/climat\/reduction-des-emissions-de-gaz-a-effet-de-serre\/","og_site_name":"Swiss Fair Trade","article_modified_time":"2022-04-22T10:25:55+00:00","og_image":[{"width":1024,"height":682,"url":"https:\/\/www.swissfairtrade.ch\/wp-content\/uploads\/Reisfeld-1024x682.jpg","type":"image\/jpeg"}],"twitter_card":"summary_large_image","twitter_misc":{"Dur\u00e9e de lecture estim\u00e9e":"3 minutes"},"schema":{"@context":"https:\/\/schema.org","@graph":[{"@type":"WebPage","@id":"https:\/\/www.swissfairtrade.ch\/fr\/champs-d-actions\/centre-de-competences-3\/climat\/reduction-des-emissions-de-gaz-a-effet-de-serre\/","url":"https:\/\/www.swissfairtrade.ch\/fr\/champs-d-actions\/centre-de-competences-3\/climat\/reduction-des-emissions-de-gaz-a-effet-de-serre\/","name":"R\u00e9duction des \u00e9missions de gaz \u00e0 effet de serre - Swiss Fair Trade","isPartOf":{"@id":"https:\/\/www.swissfairtrade.ch\/it\/#website"},"primaryImageOfPage":{"@id":"https:\/\/www.swissfairtrade.ch\/fr\/champs-d-actions\/centre-de-competences-3\/climat\/reduction-des-emissions-de-gaz-a-effet-de-serre\/#primaryimage"},"image":{"@id":"https:\/\/www.swissfairtrade.ch\/fr\/champs-d-actions\/centre-de-competences-3\/climat\/reduction-des-emissions-de-gaz-a-effet-de-serre\/#primaryimage"},"thumbnailUrl":"https:\/\/www.swissfairtrade.ch\/wp-content\/uploads\/Reisfeld.jpg","datePublished":"2022-04-21T14:42:29+00:00","dateModified":"2022-04-22T10:25:55+00:00","breadcrumb":{"@id":"https:\/\/www.swissfairtrade.ch\/fr\/champs-d-actions\/centre-de-competences-3\/climat\/reduction-des-emissions-de-gaz-a-effet-de-serre\/#breadcrumb"},"inLanguage":"fr-FR","potentialAction":[{"@type":"ReadAction","target":["https:\/\/www.swissfairtrade.ch\/fr\/champs-d-actions\/centre-de-competences-3\/climat\/reduction-des-emissions-de-gaz-a-effet-de-serre\/"]}]},{"@type":"ImageObject","inLanguage":"fr-FR","@id":"https:\/\/www.swissfairtrade.ch\/fr\/champs-d-actions\/centre-de-competences-3\/climat\/reduction-des-emissions-de-gaz-a-effet-de-serre\/#primaryimage","url":"https:\/\/www.swissfairtrade.ch\/wp-content\/uploads\/Reisfeld.jpg","contentUrl":"https:\/\/www.swissfairtrade.ch\/wp-content\/uploads\/Reisfeld.jpg","width":2000,"height":1333},{"@type":"BreadcrumbList","@id":"https:\/\/www.swissfairtrade.ch\/fr\/champs-d-actions\/centre-de-competences-3\/climat\/reduction-des-emissions-de-gaz-a-effet-de-serre\/#breadcrumb","itemListElement":[{"@type":"ListItem","position":1,"name":"Home","item":"https:\/\/www.swissfairtrade.ch\/fr\/"},{"@type":"ListItem","position":2,"name":"Champs d\u2019actions","item":"https:\/\/www.swissfairtrade.ch\/fr\/champs-d-actions\/"},{"@type":"ListItem","position":3,"name":"Centre de comp\u00e9tences","item":"https:\/\/www.swissfairtrade.ch\/fr\/champs-d-actions\/centre-de-competences-3\/"},{"@type":"ListItem","position":4,"name":"Climat","item":"https:\/\/www.swissfairtrade.ch\/fr\/champs-d-actions\/centre-de-competences-3\/climat\/"},{"@type":"ListItem","position":5,"name":"R\u00e9duction des \u00e9missions de gaz \u00e0 effet de serre"}]},{"@type":"WebSite","@id":"https:\/\/www.swissfairtrade.ch\/it\/#website","url":"https:\/\/www.swissfairtrade.ch\/it\/","name":"Swiss Fair Trade","description":"","publisher":{"@id":"https:\/\/www.swissfairtrade.ch\/it\/#organization"},"potentialAction":[{"@type":"SearchAction","target":{"@type":"EntryPoint","urlTemplate":"https:\/\/www.swissfairtrade.ch\/it\/?s={search_term_string}"},"query-input":{"@type":"PropertyValueSpecification","valueRequired":true,"valueName":"search_term_string"}}],"inLanguage":"fr-FR"},{"@type":"Organization","@id":"https:\/\/www.swissfairtrade.ch\/it\/#organization","name":"Swiss Fair Trade","url":"https:\/\/www.swissfairtrade.ch\/it\/","logo":{"@type":"ImageObject","inLanguage":"fr-FR","@id":"https:\/\/www.swissfairtrade.ch\/it\/#\/schema\/logo\/image\/","url":"https:\/\/www.swissfairtrade.ch\/wp-content\/uploads\/SwissFairTrade-Logo-rgb-203.51.59-web.png","contentUrl":"https:\/\/www.swissfairtrade.ch\/wp-content\/uploads\/SwissFairTrade-Logo-rgb-203.51.59-web.png","width":130,"height":115,"caption":"Swiss Fair Trade"},"image":{"@id":"https:\/\/www.swissfairtrade.ch\/it\/#\/schema\/logo\/image\/"}}]}},"_links":{"self":[{"href":"https:\/\/www.swissfairtrade.ch\/fr\/wp-json\/wp\/v2\/pages\/10716","targetHints":{"allow":["GET"]}}],"collection":[{"href":"https:\/\/www.swissfairtrade.ch\/fr\/wp-json\/wp\/v2\/pages"}],"about":[{"href":"https:\/\/www.swissfairtrade.ch\/fr\/wp-json\/wp\/v2\/types\/page"}],"author":[{"embeddable":true,"href":"https:\/\/www.swissfairtrade.ch\/fr\/wp-json\/wp\/v2\/users\/3"}],"replies":[{"embeddable":true,"href":"https:\/\/www.swissfairtrade.ch\/fr\/wp-json\/wp\/v2\/comments?post=10716"}],"version-history":[{"count":0,"href":"https:\/\/www.swissfairtrade.ch\/fr\/wp-json\/wp\/v2\/pages\/10716\/revisions"}],"up":[{"embeddable":true,"href":"https:\/\/www.swissfairtrade.ch\/fr\/wp-json\/wp\/v2\/pages\/4799"}],"wp:featuredmedia":[{"embeddable":true,"href":"https:\/\/www.swissfairtrade.ch\/fr\/wp-json\/wp\/v2\/media\/10619"}],"wp:attachment":[{"href":"https:\/\/www.swissfairtrade.ch\/fr\/wp-json\/wp\/v2\/media?parent=10716"}],"wp:term":[{"taxonomy":"hauptseiten-kategorie","embeddable":true,"href":"https:\/\/www.swissfairtrade.ch\/fr\/wp-json\/wp\/v2\/hauptseiten-kategorie?post=10716"}],"curies":[{"name":"wp","href":"https:\/\/api.w.org\/{rel}","templated":true}]}}